{"id":196781,"date":"2024-08-29T14:43:54","date_gmt":"2024-08-29T12:43:54","guid":{"rendered":"https:\/\/miomiorun.com\/?post_type=product&#038;p=196781"},"modified":"2026-05-08T22:09:39","modified_gmt":"2026-05-08T20:09:39","slug":"future-icons-3-stripes-pant-herren","status":"publish","type":"product","link":"https:\/\/www.miomiorun.com\/de\/produkt\/future-icons-3-stripes-pant-herren\/","title":{"rendered":"Future Icons 3-Stripes Pant herren"},"content":{"rendered":"<h3 class=\"subtitle___9ljbp\" style=\"text-align: center;\">Weiche Hose, die teilweise aus recycelten Materialien hergestellt ist.<\/h3>\n<h2 class=\"gl-vspace\" style=\"text-align: center;\">Diese adidas Hose macht jede Bewegung mit und begleitet dich von den t\u00e4glichen Besorgungen bis zum Abend zu Hause.<\/h2>\n<p class=\"gl-vspace\">Die spitz zulaufenden Linien und der verstellbare Bund der <strong>Future Icons 3-Stripes<\/strong> f\u00fcr Herren unterstreichen die Silhouette. Egal, wie du deinen Tag verbringst, du kannst dich auf den kultigen 3-Streifen-Stil und eine gro\u00dfe Portion Weichheit verlassen. Dieses Produkt besteht zu mindestens 70% aus recycelten Materialien.<\/p>\n<p><strong>Eigenschaften:<\/strong><\/p>\n<ul class=\"gl-list\">\n<li class=\"gl-vspace-bpall-small\">Normale Passform<\/li>\n<li class=\"gl-vspace-bpall-small\">Elastischer Bund mit Kordelzug<\/li>\n<li class=\"gl-vspace-bpall-small\">64% Baumwolle \/ 36% Polyester (recycelt)<\/li>\n<li class=\"gl-vspace-bpall-small\">Fronttaschen<\/li>\n<li class=\"gl-vspace-bpall-small\">Gummizug am Saum<\/li>\n<li class=\"gl-vspace-bpall-small\">Konisch zulaufende Beine<\/li>\n<\/ul>\n<div class=\"care-instructions___3scEd\">\n<h4 class=\"care-title___2YJe1 gl-no-margin-bottom\">Hinweise zum Waschen<\/h4>\n<ul class=\"\">\n<li class=\"gl-vspace-bpall-small\"><img loading=\"lazy\" decoding=\"async\" src=\"https:\/\/www.adidas.it\/glass\/react\/050cc48\/assets\/img\/washing-instructions\/B1.svg\" alt=\"\" width=\"24\" height=\"24\" \/> Nicht bleichen<\/li>\n<li class=\"gl-vspace-bpall-small\"><img loading=\"lazy\" decoding=\"async\" src=\"https:\/\/www.adidas.it\/glass\/react\/050cc48\/assets\/img\/washing-instructions\/C2.svg\" alt=\"\" width=\"24\" height=\"24\" \/> W\u00e4schetrockner bei niedriger Temperatur verwenden<\/li>\n<li class=\"gl-vspace-bpall-small\"><img loading=\"lazy\" decoding=\"async\" src=\"https:\/\/www.adidas.it\/glass\/react\/050cc48\/assets\/img\/washing-instructions\/E1.svg\" alt=\"\" width=\"24\" height=\"24\" \/> Nicht chemisch reinigen<\/li>\n<li class=\"gl-vspace-bpall-small\"><img loading=\"lazy\" decoding=\"async\" src=\"https:\/\/www.adidas.it\/glass\/react\/050cc48\/assets\/img\/washing-instructions\/D2.svg\" alt=\"\" width=\"24\" height=\"24\" \/> Schonend kalt b\u00fcgeln<\/li>\n<li class=\"gl-vspace-bpall-small\"><img loading=\"lazy\" decoding=\"async\" src=\"https:\/\/www.adidas.it\/glass\/react\/050cc48\/assets\/img\/washing-instructions\/A5.svg\" alt=\"\" width=\"24\" height=\"24\" \/> Maschinenw\u00e4sche mit lauwarmem Wasser<\/li>\n<\/ul>\n<div class=\"extra-instructions___2TR8b\">\n<h4 class=\"care-title___2YJe1 gl-no-margin-bottom\">Informationen zur Produktpflege<\/h4>\n<ul class=\"gl-list gl-vspace-bpall-small\">\n<li class=\"gl-vspace-bpall-small\">Keinen Weichsp\u00fcler verwenden<\/li>\n<li class=\"gl-vspace-bpall-small\">Mit geschlossenen Rei\u00dfverschl\u00fcssen waschen<\/li>\n<li class=\"gl-vspace-bpall-small\">Auf links waschen und b\u00fcgeln<\/li>\n<li class=\"gl-vspace-bpall-small\">Mit \u00e4hnlichen Farben waschen<\/li>\n<\/ul>\n<\/div>\n<\/div>\n","protected":false},"excerpt":{"rendered":"<ul>\n<li>Weiche und bequeme Hose.<\/li>\n<li>Ein ideales Kleidungsst\u00fcck f\u00fcr Ihre t\u00e4glichen Aktivit\u00e4ten.<\/li>\n<\/ul>\n","protected":false},"featured_media":200459,"template":"","meta":{"_acf_changed":false,"inline_featured_image":false},"product_brand":[],"product_cat":[6515,6540,6509],"product_tag":[3403,6307],"class_list":{"0":"post-196781","1":"product","2":"type-product","3":"status-publish","4":"has-post-thumbnail","6":"product_cat-herren-de","7":"product_cat-herrenbekleidung","8":"product_cat-lange-hosen","9":"product_tag-adidas-de","10":"product_tag-adidas-herren-de","11":"pa_attivita-lifestyle-de","12":"pa_colore-fi-3s-pt-black-m-de","13":"pa_marca-adidas-de","14":"pa_sesso-herren","15":"pa_size-small-de","17":"first","18":"instock","19":"taxable","20":"shipping-taxable","21":"purchasable","22":"product-type-variable","23":"wvs-archive-product-wrapper"},"acf":[],"yoast_head":"<!-- This site is optimized with the Yoast SEO plugin v26.8 - https:\/\/yoast.com\/product\/yoast-seo-wordpress\/ -->\n<title>Adidas Future Icons 3-Stripes Pant herren - Lange Hosen - MioMioRun<\/title>\n<meta name=\"description\" content=\"Die spitz zulaufenden Linien und der verstellbare Bund der Future Icons 3-Stripes f\u00fcr Herren betonen die Silhouette. Weiche Hose aus recycelten Materialien.\" \/>\n<meta name=\"robots\" content=\"index, follow, max-snippet:-1, max-image-preview:large, max-video-preview:-1\" \/>\n<link rel=\"canonical\" href=\"https:\/\/www.miomiorun.com\/de\/produkt\/future-icons-3-stripes-pant-herren\/\" \/>\n<meta property=\"og:locale\" content=\"de_DE\" \/>\n<meta property=\"og:type\" content=\"article\" \/>\n<meta property=\"og:title\" content=\"Adidas Future Icons 3-Stripes Pant herren - Lange Hosen - MioMioRun\" \/>\n<meta property=\"og:description\" content=\"Die spitz zulaufenden Linien und der verstellbare Bund der Future Icons 3-Stripes f\u00fcr Herren betonen die Silhouette. Weiche Hose aus recycelten Materialien.\" \/>\n<meta property=\"og:url\" content=\"https:\/\/www.miomiorun.com\/de\/produkt\/future-icons-3-stripes-pant-herren\/\" \/>\n<meta property=\"og:site_name\" content=\"MioMioRun\" \/>\n<meta property=\"article:publisher\" content=\"https:\/\/www.facebook.com\/miomiorun\/\" \/>\n<meta property=\"article:modified_time\" content=\"2026-05-08T20:09:39+00:00\" \/>\n<meta property=\"og:image\" content=\"https:\/\/www.miomiorun.com\/app\/uploads\/2024\/09\/Adidas-FI-3S-PT-black-M-IN3310.webp\" \/>\n\t<meta property=\"og:image:width\" content=\"600\" \/>\n\t<meta property=\"og:image:height\" content=\"600\" \/>\n\t<meta property=\"og:image:type\" content=\"image\/webp\" \/>\n<meta name=\"twitter:card\" content=\"summary_large_image\" \/>\n<meta name=\"twitter:label1\" content=\"Est. reading time\" \/>\n\t<meta name=\"twitter:data1\" content=\"2 minutes\" \/>\n<script type=\"application\/ld+json\" class=\"yoast-schema-graph\">{\"@context\":\"https:\/\/schema.org\",\"@graph\":[{\"@type\":\"WebPage\",\"@id\":\"https:\/\/www.miomiorun.com\/de\/produkt\/future-icons-3-stripes-pant-herren\/\",\"url\":\"https:\/\/www.miomiorun.com\/de\/produkt\/future-icons-3-stripes-pant-herren\/\",\"name\":\"Adidas Future Icons 3-Stripes Pant herren - Lange Hosen - MioMioRun\",\"isPartOf\":{\"@id\":\"https:\/\/www.miomiorun.com\/de\/#website\"},\"primaryImageOfPage\":{\"@id\":\"https:\/\/www.miomiorun.com\/de\/produkt\/future-icons-3-stripes-pant-herren\/#primaryimage\"},\"image\":{\"@id\":\"https:\/\/www.miomiorun.com\/de\/produkt\/future-icons-3-stripes-pant-herren\/#primaryimage\"},\"thumbnailUrl\":\"https:\/\/www.miomiorun.com\/app\/uploads\/2024\/09\/Adidas-FI-3S-PT-black-M-IN3310.webp\",\"datePublished\":\"2024-08-29T12:43:54+00:00\",\"dateModified\":\"2026-05-08T20:09:39+00:00\",\"description\":\"Die spitz zulaufenden Linien und der verstellbare Bund der Future Icons 3-Stripes f\u00fcr Herren betonen die Silhouette. Weiche Hose aus recycelten Materialien.\",\"breadcrumb\":{\"@id\":\"https:\/\/www.miomiorun.com\/de\/produkt\/future-icons-3-stripes-pant-herren\/#breadcrumb\"},\"inLanguage\":\"de-DE\",\"potentialAction\":[{\"@type\":\"ReadAction\",\"target\":[\"https:\/\/www.miomiorun.com\/de\/produkt\/future-icons-3-stripes-pant-herren\/\"]}]},{\"@type\":\"ImageObject\",\"inLanguage\":\"de-DE\",\"@id\":\"https:\/\/www.miomiorun.com\/de\/produkt\/future-icons-3-stripes-pant-herren\/#primaryimage\",\"url\":\"https:\/\/www.miomiorun.com\/app\/uploads\/2024\/09\/Adidas-FI-3S-PT-black-M-IN3310.webp\",\"contentUrl\":\"https:\/\/www.miomiorun.com\/app\/uploads\/2024\/09\/Adidas-FI-3S-PT-black-M-IN3310.webp\",\"width\":600,\"height\":600,\"caption\":\"Adidas FI 3S PT black M IN3310\"},{\"@type\":\"BreadcrumbList\",\"@id\":\"https:\/\/www.miomiorun.com\/de\/produkt\/future-icons-3-stripes-pant-herren\/#breadcrumb\",\"itemListElement\":[{\"@type\":\"ListItem\",\"position\":1,\"name\":\"Home\",\"item\":\"https:\/\/www.miomiorun.com\/de\/\"},{\"@type\":\"ListItem\",\"position\":2,\"name\":\"Shop\",\"item\":\"https:\/\/www.miomiorun.com\/shop\/\"},{\"@type\":\"ListItem\",\"position\":3,\"name\":\"Future Icons 3-Stripes Pant herren\"}]},{\"@type\":\"WebSite\",\"@id\":\"https:\/\/www.miomiorun.com\/de\/#website\",\"url\":\"https:\/\/www.miomiorun.com\/de\/\",\"name\":\"MioMioRun\",\"description\":\"100% Lauf- und Trailshop\",\"publisher\":{\"@id\":\"https:\/\/www.miomiorun.com\/de\/#organization\"},\"potentialAction\":[{\"@type\":\"SearchAction\",\"target\":{\"@type\":\"EntryPoint\",\"urlTemplate\":\"https:\/\/www.miomiorun.com\/de\/?s={search_term_string}\"},\"query-input\":{\"@type\":\"PropertyValueSpecification\",\"valueRequired\":true,\"valueName\":\"search_term_string\"}}],\"inLanguage\":\"de-DE\"},{\"@type\":\"Organization\",\"@id\":\"https:\/\/www.miomiorun.com\/de\/#organization\",\"name\":\"MioMio Run\",\"url\":\"https:\/\/www.miomiorun.com\/de\/\",\"logo\":{\"@type\":\"ImageObject\",\"inLanguage\":\"de-DE\",\"@id\":\"https:\/\/www.miomiorun.com\/de\/#\/schema\/logo\/image\/\",\"url\":\"https:\/\/www.miomiorun.com\/app\/uploads\/2019\/12\/logomio.png\",\"contentUrl\":\"https:\/\/www.miomiorun.com\/app\/uploads\/2019\/12\/logomio.png\",\"width\":115,\"height\":82,\"caption\":\"MioMio Run\"},\"image\":{\"@id\":\"https:\/\/www.miomiorun.com\/de\/#\/schema\/logo\/image\/\"},\"sameAs\":[\"https:\/\/www.facebook.com\/miomiorun\/\",\"https:\/\/www.instagram.com\/miomiorun\/\"]}]}<\/script>\n<!-- \/ Yoast SEO plugin. -->","yoast_head_json":{"title":"Adidas Future Icons 3-Stripes Pant herren - Lange Hosen - MioMioRun","description":"Die spitz zulaufenden Linien und der verstellbare Bund der Future Icons 3-Stripes f\u00fcr Herren betonen die Silhouette. Weiche Hose aus recycelten Materialien.","robots":{"index":"index","follow":"follow","max-snippet":"max-snippet:-1","max-image-preview":"max-image-preview:large","max-video-preview":"max-video-preview:-1"},"canonical":"https:\/\/www.miomiorun.com\/de\/produkt\/future-icons-3-stripes-pant-herren\/","og_locale":"de_DE","og_type":"article","og_title":"Adidas Future Icons 3-Stripes Pant herren - Lange Hosen - MioMioRun","og_description":"Die spitz zulaufenden Linien und der verstellbare Bund der Future Icons 3-Stripes f\u00fcr Herren betonen die Silhouette. Weiche Hose aus recycelten Materialien.","og_url":"https:\/\/www.miomiorun.com\/de\/produkt\/future-icons-3-stripes-pant-herren\/","og_site_name":"MioMioRun","article_publisher":"https:\/\/www.facebook.com\/miomiorun\/","article_modified_time":"2026-05-08T20:09:39+00:00","og_image":[{"width":600,"height":600,"url":"https:\/\/www.miomiorun.com\/app\/uploads\/2024\/09\/Adidas-FI-3S-PT-black-M-IN3310.webp","type":"image\/webp"}],"twitter_card":"summary_large_image","twitter_misc":{"Est. reading time":"2 minutes"},"schema":{"@context":"https:\/\/schema.org","@graph":[{"@type":"WebPage","@id":"https:\/\/www.miomiorun.com\/de\/produkt\/future-icons-3-stripes-pant-herren\/","url":"https:\/\/www.miomiorun.com\/de\/produkt\/future-icons-3-stripes-pant-herren\/","name":"Adidas Future Icons 3-Stripes Pant herren - Lange Hosen - MioMioRun","isPartOf":{"@id":"https:\/\/www.miomiorun.com\/de\/#website"},"primaryImageOfPage":{"@id":"https:\/\/www.miomiorun.com\/de\/produkt\/future-icons-3-stripes-pant-herren\/#primaryimage"},"image":{"@id":"https:\/\/www.miomiorun.com\/de\/produkt\/future-icons-3-stripes-pant-herren\/#primaryimage"},"thumbnailUrl":"https:\/\/www.miomiorun.com\/app\/uploads\/2024\/09\/Adidas-FI-3S-PT-black-M-IN3310.webp","datePublished":"2024-08-29T12:43:54+00:00","dateModified":"2026-05-08T20:09:39+00:00","description":"Die spitz zulaufenden Linien und der verstellbare Bund der Future Icons 3-Stripes f\u00fcr Herren betonen die Silhouette. Weiche Hose aus recycelten Materialien.","breadcrumb":{"@id":"https:\/\/www.miomiorun.com\/de\/produkt\/future-icons-3-stripes-pant-herren\/#breadcrumb"},"inLanguage":"de-DE","potentialAction":[{"@type":"ReadAction","target":["https:\/\/www.miomiorun.com\/de\/produkt\/future-icons-3-stripes-pant-herren\/"]}]},{"@type":"ImageObject","inLanguage":"de-DE","@id":"https:\/\/www.miomiorun.com\/de\/produkt\/future-icons-3-stripes-pant-herren\/#primaryimage","url":"https:\/\/www.miomiorun.com\/app\/uploads\/2024\/09\/Adidas-FI-3S-PT-black-M-IN3310.webp","contentUrl":"https:\/\/www.miomiorun.com\/app\/uploads\/2024\/09\/Adidas-FI-3S-PT-black-M-IN3310.webp","width":600,"height":600,"caption":"Adidas FI 3S PT black M IN3310"},{"@type":"BreadcrumbList","@id":"https:\/\/www.miomiorun.com\/de\/produkt\/future-icons-3-stripes-pant-herren\/#breadcrumb","itemListElement":[{"@type":"ListItem","position":1,"name":"Home","item":"https:\/\/www.miomiorun.com\/de\/"},{"@type":"ListItem","position":2,"name":"Shop","item":"https:\/\/www.miomiorun.com\/shop\/"},{"@type":"ListItem","position":3,"name":"Future Icons 3-Stripes Pant herren"}]},{"@type":"WebSite","@id":"https:\/\/www.miomiorun.com\/de\/#website","url":"https:\/\/www.miomiorun.com\/de\/","name":"MioMioRun","description":"100% Lauf- und Trailshop","publisher":{"@id":"https:\/\/www.miomiorun.com\/de\/#organization"},"potentialAction":[{"@type":"SearchAction","target":{"@type":"EntryPoint","urlTemplate":"https:\/\/www.miomiorun.com\/de\/?s={search_term_string}"},"query-input":{"@type":"PropertyValueSpecification","valueRequired":true,"valueName":"search_term_string"}}],"inLanguage":"de-DE"},{"@type":"Organization","@id":"https:\/\/www.miomiorun.com\/de\/#organization","name":"MioMio Run","url":"https:\/\/www.miomiorun.com\/de\/","logo":{"@type":"ImageObject","inLanguage":"de-DE","@id":"https:\/\/www.miomiorun.com\/de\/#\/schema\/logo\/image\/","url":"https:\/\/www.miomiorun.com\/app\/uploads\/2019\/12\/logomio.png","contentUrl":"https:\/\/www.miomiorun.com\/app\/uploads\/2019\/12\/logomio.png","width":115,"height":82,"caption":"MioMio Run"},"image":{"@id":"https:\/\/www.miomiorun.com\/de\/#\/schema\/logo\/image\/"},"sameAs":["https:\/\/www.facebook.com\/miomiorun\/","https:\/\/www.instagram.com\/miomiorun\/"]}]}},"_links":{"self":[{"href":"https:\/\/www.miomiorun.com\/de\/wp-json\/wp\/v2\/product\/196781","targetHints":{"allow":["GET"]}}],"collection":[{"href":"https:\/\/www.miomiorun.com\/de\/wp-json\/wp\/v2\/product"}],"about":[{"href":"https:\/\/www.miomiorun.com\/de\/wp-json\/wp\/v2\/types\/product"}],"wp:featuredmedia":[{"embeddable":true,"href":"https:\/\/www.miomiorun.com\/de\/wp-json\/wp\/v2\/media\/200459"}],"wp:attachment":[{"href":"https:\/\/www.miomiorun.com\/de\/wp-json\/wp\/v2\/media?parent=196781"}],"wp:term":[{"taxonomy":"product_brand","embeddable":true,"href":"https:\/\/www.miomiorun.com\/de\/wp-json\/wp\/v2\/product_brand?post=196781"},{"taxonomy":"product_cat","embeddable":true,"href":"https:\/\/www.miomiorun.com\/de\/wp-json\/wp\/v2\/product_cat?post=196781"},{"taxonomy":"product_tag","embeddable":true,"href":"https:\/\/www.miomiorun.com\/de\/wp-json\/wp\/v2\/product_tag?post=196781"}],"curies":[{"name":"wp","href":"https:\/\/api.w.org\/{rel}","templated":true}]}}