{"id":196714,"date":"2024-08-29T14:31:33","date_gmt":"2024-08-29T12:31:33","guid":{"rendered":"https:\/\/miomiorun.com\/?post_type=product&#038;p=196714"},"modified":"2025-03-13T16:26:13","modified_gmt":"2025-03-13T15:26:13","slug":"run-it-tee-damen","status":"publish","type":"product","link":"https:\/\/www.miomiorun.com\/de\/produkt\/run-it-tee-damen\/","title":{"rendered":"Run IT Tee damen"},"content":{"rendered":"<h3 class=\"subtitle___9ljbp\" style=\"text-align: center;\">Atmungsaktives Lauf-T-Shirt aus recycelten Materialien.<\/h3>\n<h2 class=\"gl-vspace\" style=\"text-align: center;\">Befreie deinen K\u00f6rper, deine Bewegungen, deine Originalit\u00e4t.<\/h2>\n<p class=\"gl-vspace\" style=\"text-align: left;\">Die Run It-Kollektion zelebriert die Selbstdarstellung, indem sie dir hilft, im Training dein Bestes zu geben. Gib deinem Lauf noch mehr Glanz, indem du beispiellosen Komfort erlebst und ohne zu z\u00f6gern das Tempo anziehst. Das <strong>Run It T-Shirt<\/strong> f\u00fcr Frauen ist aus leichtem, atmungsaktivem Material gefertigt, das f\u00fcr Frische von Anfang bis Ende deines Trainings sorgt. Die adidas AEROREADY Technologie leitet Feuchtigkeit von der Haut weg, damit du l\u00e4nger trocken bleibst. Reflektierende Details verbessern die Sichtbarkeit bei schlechten Lichtverh\u00e4ltnissen, w\u00e4hrend das auff\u00e4llige Performance Logo jedem deine sportliche Leidenschaft zeigt.<\/p>\n<p><strong>Merkmale:<\/strong><\/p>\n<ul class=\"gl-list\">\n<li class=\"gl-vspace-bpall-small\">Normale Passform<\/li>\n<li class=\"gl-vspace-bpall-small\">Rundhalsausschnitt<\/li>\n<li class=\"gl-vspace-bpall-small\">Verarbeitung mit Perforationseffekt, 100% recyceltes Polyester<\/li>\n<li class=\"gl-vspace-bpall-small\">AEROREADY<\/li>\n<li>Reflektierende Details<\/li>\n<\/ul>\n<div class=\"care-instructions___3scEd\">\n<h4 class=\"care-title___2YJe1 gl-no-margin-bottom\">Waschanleitung<\/h4>\n<ul class=\"\">\n<li class=\"gl-vspace-bpall-small\"><img loading=\"lazy\" decoding=\"async\" src=\"https:\/\/www.adidas.it\/glass\/react\/050cc48\/assets\/img\/washing-instructions\/B1.svg\" alt=\"\" width=\"24\" height=\"24\" \/> Nicht bleichen<\/li>\n<li class=\"gl-vspace-bpall-small\"><img loading=\"lazy\" decoding=\"async\" src=\"https:\/\/www.adidas.it\/glass\/react\/050cc48\/assets\/img\/washing-instructions\/C2.svg\" alt=\"\" width=\"24\" height=\"24\" \/> W\u00e4schetrockner bei niedriger Temperatur verwenden<\/li>\n<li class=\"gl-vspace-bpall-small\"><img loading=\"lazy\" decoding=\"async\" src=\"https:\/\/www.adidas.it\/glass\/react\/050cc48\/assets\/img\/washing-instructions\/E1.svg\" alt=\"\" width=\"24\" height=\"24\" \/> Nicht chemisch reinigen<\/li>\n<li class=\"gl-vspace-bpall-small\"><img loading=\"lazy\" decoding=\"async\" src=\"https:\/\/www.adidas.it\/glass\/react\/050cc48\/assets\/img\/washing-instructions\/D2.svg\" alt=\"\" width=\"24\" height=\"24\" \/> Schonend kalt b\u00fcgeln<\/li>\n<li class=\"gl-vspace-bpall-small\"><img loading=\"lazy\" decoding=\"async\" src=\"https:\/\/www.adidas.it\/glass\/react\/050cc48\/assets\/img\/washing-instructions\/A4.svg\" alt=\"\" width=\"24\" height=\"24\" \/> Maschinenw\u00e4sche mit Schonwaschgang und kaltem Wasser<\/li>\n<\/ul>\n<div class=\"extra-instructions___2TR8b\">\n<h4 class=\"care-title___2YJe1 gl-no-margin-bottom\">Informationen zur Produktpflege<\/h4>\n<ul class=\"gl-list gl-vspace-bpall-small\">\n<li class=\"gl-vspace-bpall-small\">Keinen Weichsp\u00fcler verwenden<\/li>\n<li class=\"gl-vspace-bpall-small\">Nur Feinwaschmittel verwenden<\/li>\n<li class=\"gl-vspace-bpall-small\">Mit \u00e4hnlichen Farben waschen<\/li>\n<\/ul>\n<p>&nbsp;<\/p>\n<\/div>\n<\/div>\n<p>&nbsp;<\/p>\n","protected":false},"excerpt":{"rendered":"<ul>\n<li>Perfektes T-Shirt zum Laufen<\/li>\n<li>Leicht und atmungsaktiv<\/li>\n<\/ul>\n","protected":false},"featured_media":200453,"template":"","meta":{"_acf_changed":false,"inline_featured_image":false},"product_brand":[],"product_cat":[6401,6489],"product_tag":[3403,6309],"class_list":{"0":"post-196714","1":"product","2":"type-product","3":"status-publish","4":"has-post-thumbnail","6":"product_cat-damenbekleidung","7":"product_cat-dament-shirt-de","8":"product_tag-adidas-de","9":"product_tag-adidas-damen-de","10":"pa_attivita-fitness-de","11":"pa_attivita-gehen","12":"pa_attivita-running-de","13":"pa_colore-run-it-tee-white-w-de","14":"pa_marca-adidas-de","15":"pa_sesso-damen","16":"pa_size-medium-de","17":"pa_size-large-de","19":"first","20":"instock","21":"sale","22":"taxable","23":"shipping-taxable","24":"purchasable","25":"product-type-variable","26":"wvs-archive-product-wrapper"},"acf":[],"yoast_head":"<!-- This site is optimized with the Yoast SEO plugin v26.8 - https:\/\/yoast.com\/product\/yoast-seo-wordpress\/ -->\n<title>Adidas Run IT Tee damen - Lauf-T-Shirt - MioMioRun.com<\/title>\n<meta name=\"description\" content=\"Das Run It T-Shirt f\u00fcr Frauen besteht aus leichten, atmungsaktiven Materialien, die von Anfang bis Ende des Trainings f\u00fcr Frische sorgen.\" \/>\n<meta name=\"robots\" content=\"index, follow, max-snippet:-1, max-image-preview:large, max-video-preview:-1\" \/>\n<link rel=\"canonical\" href=\"https:\/\/www.miomiorun.com\/de\/produkt\/run-it-tee-damen\/\" \/>\n<meta property=\"og:locale\" content=\"de_DE\" \/>\n<meta property=\"og:type\" content=\"article\" \/>\n<meta property=\"og:title\" content=\"Adidas Run IT Tee damen - Lauf-T-Shirt - MioMioRun.com\" \/>\n<meta property=\"og:description\" content=\"Das Run It T-Shirt f\u00fcr Frauen besteht aus leichten, atmungsaktiven Materialien, die von Anfang bis Ende des Trainings f\u00fcr Frische sorgen.\" \/>\n<meta property=\"og:url\" content=\"https:\/\/www.miomiorun.com\/de\/produkt\/run-it-tee-damen\/\" \/>\n<meta property=\"og:site_name\" content=\"MioMioRun\" \/>\n<meta property=\"article:publisher\" content=\"https:\/\/www.facebook.com\/miomiorun\/\" \/>\n<meta property=\"article:modified_time\" content=\"2025-03-13T15:26:13+00:00\" \/>\n<meta property=\"og:image\" content=\"https:\/\/www.miomiorun.com\/app\/uploads\/2024\/09\/Adidas-Run-IT-Tee-white-W-IN0111.webp\" \/>\n\t<meta property=\"og:image:width\" content=\"600\" \/>\n\t<meta property=\"og:image:height\" content=\"600\" \/>\n\t<meta property=\"og:image:type\" content=\"image\/webp\" \/>\n<meta name=\"twitter:card\" content=\"summary_large_image\" \/>\n<meta name=\"twitter:label1\" content=\"Est. reading time\" \/>\n\t<meta name=\"twitter:data1\" content=\"1 minute\" \/>\n<script type=\"application\/ld+json\" class=\"yoast-schema-graph\">{\"@context\":\"https:\/\/schema.org\",\"@graph\":[{\"@type\":\"WebPage\",\"@id\":\"https:\/\/www.miomiorun.com\/de\/produkt\/run-it-tee-damen\/\",\"url\":\"https:\/\/www.miomiorun.com\/de\/produkt\/run-it-tee-damen\/\",\"name\":\"Adidas Run IT Tee damen - Lauf-T-Shirt - MioMioRun.com\",\"isPartOf\":{\"@id\":\"https:\/\/www.miomiorun.com\/de\/#website\"},\"primaryImageOfPage\":{\"@id\":\"https:\/\/www.miomiorun.com\/de\/produkt\/run-it-tee-damen\/#primaryimage\"},\"image\":{\"@id\":\"https:\/\/www.miomiorun.com\/de\/produkt\/run-it-tee-damen\/#primaryimage\"},\"thumbnailUrl\":\"https:\/\/www.miomiorun.com\/app\/uploads\/2024\/09\/Adidas-Run-IT-Tee-white-W-IN0111.webp\",\"datePublished\":\"2024-08-29T12:31:33+00:00\",\"dateModified\":\"2025-03-13T15:26:13+00:00\",\"description\":\"Das Run It T-Shirt f\u00fcr Frauen besteht aus leichten, atmungsaktiven Materialien, die von Anfang bis Ende des Trainings f\u00fcr Frische sorgen.\",\"breadcrumb\":{\"@id\":\"https:\/\/www.miomiorun.com\/de\/produkt\/run-it-tee-damen\/#breadcrumb\"},\"inLanguage\":\"de-DE\",\"potentialAction\":[{\"@type\":\"ReadAction\",\"target\":[\"https:\/\/www.miomiorun.com\/de\/produkt\/run-it-tee-damen\/\"]}]},{\"@type\":\"ImageObject\",\"inLanguage\":\"de-DE\",\"@id\":\"https:\/\/www.miomiorun.com\/de\/produkt\/run-it-tee-damen\/#primaryimage\",\"url\":\"https:\/\/www.miomiorun.com\/app\/uploads\/2024\/09\/Adidas-Run-IT-Tee-white-W-IN0111.webp\",\"contentUrl\":\"https:\/\/www.miomiorun.com\/app\/uploads\/2024\/09\/Adidas-Run-IT-Tee-white-W-IN0111.webp\",\"width\":600,\"height\":600,\"caption\":\"Adidas Run IT Tee white W IN0111\"},{\"@type\":\"BreadcrumbList\",\"@id\":\"https:\/\/www.miomiorun.com\/de\/produkt\/run-it-tee-damen\/#breadcrumb\",\"itemListElement\":[{\"@type\":\"ListItem\",\"position\":1,\"name\":\"Home\",\"item\":\"https:\/\/www.miomiorun.com\/de\/\"},{\"@type\":\"ListItem\",\"position\":2,\"name\":\"Shop\",\"item\":\"https:\/\/www.miomiorun.com\/shop\/\"},{\"@type\":\"ListItem\",\"position\":3,\"name\":\"Run IT Tee damen\"}]},{\"@type\":\"WebSite\",\"@id\":\"https:\/\/www.miomiorun.com\/de\/#website\",\"url\":\"https:\/\/www.miomiorun.com\/de\/\",\"name\":\"MioMioRun\",\"description\":\"100% Lauf- und Trailshop\",\"publisher\":{\"@id\":\"https:\/\/www.miomiorun.com\/de\/#organization\"},\"potentialAction\":[{\"@type\":\"SearchAction\",\"target\":{\"@type\":\"EntryPoint\",\"urlTemplate\":\"https:\/\/www.miomiorun.com\/de\/?s={search_term_string}\"},\"query-input\":{\"@type\":\"PropertyValueSpecification\",\"valueRequired\":true,\"valueName\":\"search_term_string\"}}],\"inLanguage\":\"de-DE\"},{\"@type\":\"Organization\",\"@id\":\"https:\/\/www.miomiorun.com\/de\/#organization\",\"name\":\"MioMio Run\",\"url\":\"https:\/\/www.miomiorun.com\/de\/\",\"logo\":{\"@type\":\"ImageObject\",\"inLanguage\":\"de-DE\",\"@id\":\"https:\/\/www.miomiorun.com\/de\/#\/schema\/logo\/image\/\",\"url\":\"https:\/\/www.miomiorun.com\/app\/uploads\/2019\/12\/logomio.png\",\"contentUrl\":\"https:\/\/www.miomiorun.com\/app\/uploads\/2019\/12\/logomio.png\",\"width\":115,\"height\":82,\"caption\":\"MioMio Run\"},\"image\":{\"@id\":\"https:\/\/www.miomiorun.com\/de\/#\/schema\/logo\/image\/\"},\"sameAs\":[\"https:\/\/www.facebook.com\/miomiorun\/\",\"https:\/\/www.instagram.com\/miomiorun\/\"]}]}<\/script>\n<!-- \/ Yoast SEO plugin. -->","yoast_head_json":{"title":"Adidas Run IT Tee damen - Lauf-T-Shirt - MioMioRun.com","description":"Das Run It T-Shirt f\u00fcr Frauen besteht aus leichten, atmungsaktiven Materialien, die von Anfang bis Ende des Trainings f\u00fcr Frische sorgen.","robots":{"index":"index","follow":"follow","max-snippet":"max-snippet:-1","max-image-preview":"max-image-preview:large","max-video-preview":"max-video-preview:-1"},"canonical":"https:\/\/www.miomiorun.com\/de\/produkt\/run-it-tee-damen\/","og_locale":"de_DE","og_type":"article","og_title":"Adidas Run IT Tee damen - Lauf-T-Shirt - MioMioRun.com","og_description":"Das Run It T-Shirt f\u00fcr Frauen besteht aus leichten, atmungsaktiven Materialien, die von Anfang bis Ende des Trainings f\u00fcr Frische sorgen.","og_url":"https:\/\/www.miomiorun.com\/de\/produkt\/run-it-tee-damen\/","og_site_name":"MioMioRun","article_publisher":"https:\/\/www.facebook.com\/miomiorun\/","article_modified_time":"2025-03-13T15:26:13+00:00","og_image":[{"width":600,"height":600,"url":"https:\/\/www.miomiorun.com\/app\/uploads\/2024\/09\/Adidas-Run-IT-Tee-white-W-IN0111.webp","type":"image\/webp"}],"twitter_card":"summary_large_image","twitter_misc":{"Est. reading time":"1 minute"},"schema":{"@context":"https:\/\/schema.org","@graph":[{"@type":"WebPage","@id":"https:\/\/www.miomiorun.com\/de\/produkt\/run-it-tee-damen\/","url":"https:\/\/www.miomiorun.com\/de\/produkt\/run-it-tee-damen\/","name":"Adidas Run IT Tee damen - Lauf-T-Shirt - MioMioRun.com","isPartOf":{"@id":"https:\/\/www.miomiorun.com\/de\/#website"},"primaryImageOfPage":{"@id":"https:\/\/www.miomiorun.com\/de\/produkt\/run-it-tee-damen\/#primaryimage"},"image":{"@id":"https:\/\/www.miomiorun.com\/de\/produkt\/run-it-tee-damen\/#primaryimage"},"thumbnailUrl":"https:\/\/www.miomiorun.com\/app\/uploads\/2024\/09\/Adidas-Run-IT-Tee-white-W-IN0111.webp","datePublished":"2024-08-29T12:31:33+00:00","dateModified":"2025-03-13T15:26:13+00:00","description":"Das Run It T-Shirt f\u00fcr Frauen besteht aus leichten, atmungsaktiven Materialien, die von Anfang bis Ende des Trainings f\u00fcr Frische sorgen.","breadcrumb":{"@id":"https:\/\/www.miomiorun.com\/de\/produkt\/run-it-tee-damen\/#breadcrumb"},"inLanguage":"de-DE","potentialAction":[{"@type":"ReadAction","target":["https:\/\/www.miomiorun.com\/de\/produkt\/run-it-tee-damen\/"]}]},{"@type":"ImageObject","inLanguage":"de-DE","@id":"https:\/\/www.miomiorun.com\/de\/produkt\/run-it-tee-damen\/#primaryimage","url":"https:\/\/www.miomiorun.com\/app\/uploads\/2024\/09\/Adidas-Run-IT-Tee-white-W-IN0111.webp","contentUrl":"https:\/\/www.miomiorun.com\/app\/uploads\/2024\/09\/Adidas-Run-IT-Tee-white-W-IN0111.webp","width":600,"height":600,"caption":"Adidas Run IT Tee white W IN0111"},{"@type":"BreadcrumbList","@id":"https:\/\/www.miomiorun.com\/de\/produkt\/run-it-tee-damen\/#breadcrumb","itemListElement":[{"@type":"ListItem","position":1,"name":"Home","item":"https:\/\/www.miomiorun.com\/de\/"},{"@type":"ListItem","position":2,"name":"Shop","item":"https:\/\/www.miomiorun.com\/shop\/"},{"@type":"ListItem","position":3,"name":"Run IT Tee damen"}]},{"@type":"WebSite","@id":"https:\/\/www.miomiorun.com\/de\/#website","url":"https:\/\/www.miomiorun.com\/de\/","name":"MioMioRun","description":"100% Lauf- und Trailshop","publisher":{"@id":"https:\/\/www.miomiorun.com\/de\/#organization"},"potentialAction":[{"@type":"SearchAction","target":{"@type":"EntryPoint","urlTemplate":"https:\/\/www.miomiorun.com\/de\/?s={search_term_string}"},"query-input":{"@type":"PropertyValueSpecification","valueRequired":true,"valueName":"search_term_string"}}],"inLanguage":"de-DE"},{"@type":"Organization","@id":"https:\/\/www.miomiorun.com\/de\/#organization","name":"MioMio Run","url":"https:\/\/www.miomiorun.com\/de\/","logo":{"@type":"ImageObject","inLanguage":"de-DE","@id":"https:\/\/www.miomiorun.com\/de\/#\/schema\/logo\/image\/","url":"https:\/\/www.miomiorun.com\/app\/uploads\/2019\/12\/logomio.png","contentUrl":"https:\/\/www.miomiorun.com\/app\/uploads\/2019\/12\/logomio.png","width":115,"height":82,"caption":"MioMio Run"},"image":{"@id":"https:\/\/www.miomiorun.com\/de\/#\/schema\/logo\/image\/"},"sameAs":["https:\/\/www.facebook.com\/miomiorun\/","https:\/\/www.instagram.com\/miomiorun\/"]}]}},"_links":{"self":[{"href":"https:\/\/www.miomiorun.com\/de\/wp-json\/wp\/v2\/product\/196714","targetHints":{"allow":["GET"]}}],"collection":[{"href":"https:\/\/www.miomiorun.com\/de\/wp-json\/wp\/v2\/product"}],"about":[{"href":"https:\/\/www.miomiorun.com\/de\/wp-json\/wp\/v2\/types\/product"}],"wp:featuredmedia":[{"embeddable":true,"href":"https:\/\/www.miomiorun.com\/de\/wp-json\/wp\/v2\/media\/200453"}],"wp:attachment":[{"href":"https:\/\/www.miomiorun.com\/de\/wp-json\/wp\/v2\/media?parent=196714"}],"wp:term":[{"taxonomy":"product_brand","embeddable":true,"href":"https:\/\/www.miomiorun.com\/de\/wp-json\/wp\/v2\/product_brand?post=196714"},{"taxonomy":"product_cat","embeddable":true,"href":"https:\/\/www.miomiorun.com\/de\/wp-json\/wp\/v2\/product_cat?post=196714"},{"taxonomy":"product_tag","embeddable":true,"href":"https:\/\/www.miomiorun.com\/de\/wp-json\/wp\/v2\/product_tag?post=196714"}],"curies":[{"name":"wp","href":"https:\/\/api.w.org\/{rel}","templated":true}]}}