{"id":195929,"date":"2024-08-27T15:17:12","date_gmt":"2024-08-27T13:17:12","guid":{"rendered":"https:\/\/miomiorun.com\/?post_type=product&#038;p=195929"},"modified":"2026-05-15T21:16:43","modified_gmt":"2026-05-15T19:16:43","slug":"ride-tr2-damen","status":"publish","type":"product","link":"https:\/\/www.miomiorun.com\/de\/produkt\/ride-tr2-damen\/","title":{"rendered":"Ride TR2 damen"},"content":{"rendered":"<div class=\"vc-row container\"><div class=\"vc-column\"><div class=\"vc-column-text\"><\/p>\n<h4>Technische Daten<\/h4>\n<p>Kategorie: Strukturierte D\u00e4mpfung<br \/>\nOffset: 8mm (35\/27)<br \/>\nGewicht: 254g<br \/>\nIdeal f\u00fcr : Ride ist der ideale Schuh f\u00fcr Athleten mit durchschnittlichem Gewicht und Schrittl\u00e4nge, die eine hervorragende D\u00e4mpfung f\u00fcr Training oder Rennen \u00fcber mittlere bis lange Strecken und im Gel\u00e4nde suchen. Er erweist sich auch als hervorragender Begleiter beim Laufen<br \/>\nAthletengewicht : 60-70 kg<br \/>\nLauftempo : 5 min\/kg<br \/>\n<a href=\"https:\/\/miomiorun.com\/de\/leitfaden-fuer-technische-spezifikationen\/\">Leitfaden f\u00fcr technische Daten<\/a><br \/>\n<\/div><\/div><div class=\"vc-column\"><div class=\"vc-column-text\"><\/p>\n<div class=\"description\">\n<h2>Laufen ohne Grenzen.<\/h2>\n<p>Der neue<strong> Ride TR2<\/strong> f\u00fcr Damen wurde entwickelt, um dir Komfort zu bieten und dir zu erm\u00f6glichen, beim Laufen neue H\u00f6hen zu erreichen. Die extrem komfortable PWRRUN+ D\u00e4mpfung sorgt f\u00fcr eine weiche Landung, egal auf welchem Untergrund du l\u00e4ufst.<\/p>\n<\/div>\n<div class=\"description\">\n<h4>Neu<\/h4>\n<ul>\n<li>Die extrem komfortable PWRRUN+-D\u00e4mpfung garantiert weiche Landungen auf jedem Untergrund.<\/li>\n<li>Leichte 3,5 mm Stollen sind perfekt f\u00fcr Stra\u00dfe, Trail und Return.<\/li>\n<li>PWRTRAC-Au\u00dfensohle f\u00fcr Grip und Traktion auf jedem Untergrund.<\/li>\n<li>Strapazierf\u00e4higes Mesh-Obermaterial f\u00fcr trailtauglichen Schutz.<\/li>\n<\/ul>\n<p><strong>Ideal f\u00fcr:<\/strong><\/p>\n<ul>\n<li>Crossover-Oberfl\u00e4chen: von der Stra\u00dfe bis zum Trail.<\/li>\n<\/ul>\n<p><strong>Eigenschaften:<\/strong><\/p>\n<ul>\n<li>D\u00e4mpfung:PWRRUN+.<\/li>\n<li>Einlegesohle:PWRRUN+.<\/li>\n<\/ul>\n<\/div>\n<p><\/div><\/div><\/div>\n","protected":false},"excerpt":{"rendered":"<ul>\n<li>Idealer Schuh f\u00fcr das Laufen auf der Stra\u00dfe und auf unbefestigten Wegen.<\/li>\n<li>Leicht und bequem, damit Sie sich weiter anstrengen k\u00f6nnen.<\/li>\n<\/ul>\n","protected":false},"featured_media":342807,"template":"","meta":{"_acf_changed":false,"inline_featured_image":false},"product_brand":[],"product_cat":[6474,6491],"product_tag":[3391,33804],"class_list":{"0":"post-195929","1":"product","2":"type-product","3":"status-publish","4":"has-post-thumbnail","6":"product_cat-damenschuhe","7":"product_cat-damentrailschuhe","8":"product_tag-saucony-de","9":"product_tag-saucony-donna-de","10":"pa_attivita-gehen","11":"pa_attivita-running-de","12":"pa_attivita-trail-de","13":"pa_colore-ride-tr2-w-black-terra-de","14":"pa_colore-ride-tr2-w-brick-wine-de","15":"pa_colore-ride-tr2-w-carbon-black","16":"pa_colore-ride-tr2-w-jade-mirage-de","17":"pa_colore-ride-tr2-w-oak-currant-de","18":"pa_colore-ride-tr2-w-white-navy","19":"pa_colore-ride-tr2-w-woodrose-de","20":"pa_marca-saucony-de","21":"pa_sesso-damen","22":"pa_size-37-5-de","23":"pa_size-38-de","24":"pa_size-38-5-de","25":"pa_size-39-de","26":"pa_size-40-de","27":"pa_size-40-5-de","28":"pa_size-41-de","29":"pa_size-42-de","30":"pa_size-42-5-de","32":"first","33":"instock","34":"sale","35":"taxable","36":"shipping-taxable","37":"purchasable","38":"product-type-variable","39":"wvs-archive-product-wrapper"},"acf":[],"yoast_head":"<!-- This site is optimized with the Yoast SEO plugin v26.8 - https:\/\/yoast.com\/product\/yoast-seo-wordpress\/ -->\n<title>Saucony Ride TR2 damen - Trailrunning-Schuhe damen - MioMioRun<\/title>\n<meta name=\"description\" content=\"Der neue Ride TR2 f\u00fcr Frauen wurde entwickelt, um Ihnen Komfort zu bieten und Ihnen zu erm\u00f6glichen, bei Stra\u00dfenrennen neue H\u00f6chstleistungen zu erzielen.\" \/>\n<meta name=\"robots\" content=\"index, follow, max-snippet:-1, max-image-preview:large, max-video-preview:-1\" \/>\n<link rel=\"canonical\" href=\"https:\/\/www.miomiorun.com\/de\/produkt\/ride-tr2-damen\/\" \/>\n<meta property=\"og:locale\" content=\"de_DE\" \/>\n<meta property=\"og:type\" content=\"article\" \/>\n<meta property=\"og:title\" content=\"Saucony Ride TR2 damen - Trailrunning-Schuhe damen - MioMioRun\" \/>\n<meta property=\"og:description\" content=\"Der neue Ride TR2 f\u00fcr Frauen wurde entwickelt, um Ihnen Komfort zu bieten und Ihnen zu erm\u00f6glichen, bei Stra\u00dfenrennen neue H\u00f6chstleistungen zu erzielen.\" \/>\n<meta property=\"og:url\" content=\"https:\/\/www.miomiorun.com\/de\/produkt\/ride-tr2-damen\/\" \/>\n<meta property=\"og:site_name\" content=\"MioMioRun\" \/>\n<meta property=\"article:publisher\" content=\"https:\/\/www.facebook.com\/miomiorun\/\" \/>\n<meta property=\"article:modified_time\" content=\"2026-05-15T19:16:43+00:00\" \/>\n<meta property=\"og:image\" content=\"https:\/\/www.miomiorun.com\/app\/uploads\/2025\/09\/saucony-Ride-TR2-W-brick-wine-S10951-246.webp\" \/>\n\t<meta property=\"og:image:width\" content=\"720\" \/>\n\t<meta property=\"og:image:height\" content=\"720\" \/>\n\t<meta property=\"og:image:type\" content=\"image\/webp\" \/>\n<meta name=\"twitter:card\" content=\"summary_large_image\" \/>\n<meta name=\"twitter:label1\" content=\"Est. reading time\" \/>\n\t<meta name=\"twitter:data1\" content=\"2 minutes\" \/>\n<script type=\"application\/ld+json\" class=\"yoast-schema-graph\">{\"@context\":\"https:\/\/schema.org\",\"@graph\":[{\"@type\":\"WebPage\",\"@id\":\"https:\/\/www.miomiorun.com\/de\/produkt\/ride-tr2-damen\/\",\"url\":\"https:\/\/www.miomiorun.com\/de\/produkt\/ride-tr2-damen\/\",\"name\":\"Saucony Ride TR2 damen - Trailrunning-Schuhe damen - MioMioRun\",\"isPartOf\":{\"@id\":\"https:\/\/www.miomiorun.com\/de\/#website\"},\"primaryImageOfPage\":{\"@id\":\"https:\/\/www.miomiorun.com\/de\/produkt\/ride-tr2-damen\/#primaryimage\"},\"image\":{\"@id\":\"https:\/\/www.miomiorun.com\/de\/produkt\/ride-tr2-damen\/#primaryimage\"},\"thumbnailUrl\":\"https:\/\/www.miomiorun.com\/app\/uploads\/2025\/09\/saucony-Ride-TR2-W-brick-wine-S10951-246.webp\",\"datePublished\":\"2024-08-27T13:17:12+00:00\",\"dateModified\":\"2026-05-15T19:16:43+00:00\",\"description\":\"Der neue Ride TR2 f\u00fcr Frauen wurde entwickelt, um Ihnen Komfort zu bieten und Ihnen zu erm\u00f6glichen, bei Stra\u00dfenrennen neue H\u00f6chstleistungen zu erzielen.\",\"breadcrumb\":{\"@id\":\"https:\/\/www.miomiorun.com\/de\/produkt\/ride-tr2-damen\/#breadcrumb\"},\"inLanguage\":\"de-DE\",\"potentialAction\":[{\"@type\":\"ReadAction\",\"target\":[\"https:\/\/www.miomiorun.com\/de\/produkt\/ride-tr2-damen\/\"]}]},{\"@type\":\"ImageObject\",\"inLanguage\":\"de-DE\",\"@id\":\"https:\/\/www.miomiorun.com\/de\/produkt\/ride-tr2-damen\/#primaryimage\",\"url\":\"https:\/\/www.miomiorun.com\/app\/uploads\/2025\/09\/saucony-Ride-TR2-W-brick-wine-S10951-246.webp\",\"contentUrl\":\"https:\/\/www.miomiorun.com\/app\/uploads\/2025\/09\/saucony-Ride-TR2-W-brick-wine-S10951-246.webp\",\"width\":720,\"height\":720,\"caption\":\"saucony Ride TR2 W brick wine S10951-246\"},{\"@type\":\"BreadcrumbList\",\"@id\":\"https:\/\/www.miomiorun.com\/de\/produkt\/ride-tr2-damen\/#breadcrumb\",\"itemListElement\":[{\"@type\":\"ListItem\",\"position\":1,\"name\":\"Home\",\"item\":\"https:\/\/www.miomiorun.com\/de\/home-page\/\"},{\"@type\":\"ListItem\",\"position\":2,\"name\":\"Shop\",\"item\":\"https:\/\/www.miomiorun.com\/shop\/\"},{\"@type\":\"ListItem\",\"position\":3,\"name\":\"Ride TR2 damen\"}]},{\"@type\":\"WebSite\",\"@id\":\"https:\/\/www.miomiorun.com\/de\/#website\",\"url\":\"https:\/\/www.miomiorun.com\/de\/\",\"name\":\"MioMioRun\",\"description\":\"100% Lauf- und Trailshop\",\"publisher\":{\"@id\":\"https:\/\/www.miomiorun.com\/de\/#organization\"},\"potentialAction\":[{\"@type\":\"SearchAction\",\"target\":{\"@type\":\"EntryPoint\",\"urlTemplate\":\"https:\/\/www.miomiorun.com\/de\/?s={search_term_string}\"},\"query-input\":{\"@type\":\"PropertyValueSpecification\",\"valueRequired\":true,\"valueName\":\"search_term_string\"}}],\"inLanguage\":\"de-DE\"},{\"@type\":\"Organization\",\"@id\":\"https:\/\/www.miomiorun.com\/de\/#organization\",\"name\":\"MioMio Run\",\"url\":\"https:\/\/www.miomiorun.com\/de\/\",\"logo\":{\"@type\":\"ImageObject\",\"inLanguage\":\"de-DE\",\"@id\":\"https:\/\/www.miomiorun.com\/de\/#\/schema\/logo\/image\/\",\"url\":\"https:\/\/www.miomiorun.com\/app\/uploads\/2019\/12\/logomio.png\",\"contentUrl\":\"https:\/\/www.miomiorun.com\/app\/uploads\/2019\/12\/logomio.png\",\"width\":115,\"height\":82,\"caption\":\"MioMio Run\"},\"image\":{\"@id\":\"https:\/\/www.miomiorun.com\/de\/#\/schema\/logo\/image\/\"},\"sameAs\":[\"https:\/\/www.facebook.com\/miomiorun\/\",\"https:\/\/www.instagram.com\/miomiorun\/\"]}]}<\/script>\n<!-- \/ Yoast SEO plugin. -->","yoast_head_json":{"title":"Saucony Ride TR2 damen - Trailrunning-Schuhe damen - MioMioRun","description":"Der neue Ride TR2 f\u00fcr Frauen wurde entwickelt, um Ihnen Komfort zu bieten und Ihnen zu erm\u00f6glichen, bei Stra\u00dfenrennen neue H\u00f6chstleistungen zu erzielen.","robots":{"index":"index","follow":"follow","max-snippet":"max-snippet:-1","max-image-preview":"max-image-preview:large","max-video-preview":"max-video-preview:-1"},"canonical":"https:\/\/www.miomiorun.com\/de\/produkt\/ride-tr2-damen\/","og_locale":"de_DE","og_type":"article","og_title":"Saucony Ride TR2 damen - Trailrunning-Schuhe damen - MioMioRun","og_description":"Der neue Ride TR2 f\u00fcr Frauen wurde entwickelt, um Ihnen Komfort zu bieten und Ihnen zu erm\u00f6glichen, bei Stra\u00dfenrennen neue H\u00f6chstleistungen zu erzielen.","og_url":"https:\/\/www.miomiorun.com\/de\/produkt\/ride-tr2-damen\/","og_site_name":"MioMioRun","article_publisher":"https:\/\/www.facebook.com\/miomiorun\/","article_modified_time":"2026-05-15T19:16:43+00:00","og_image":[{"width":720,"height":720,"url":"https:\/\/www.miomiorun.com\/app\/uploads\/2025\/09\/saucony-Ride-TR2-W-brick-wine-S10951-246.webp","type":"image\/webp"}],"twitter_card":"summary_large_image","twitter_misc":{"Est. reading time":"2 minutes"},"schema":{"@context":"https:\/\/schema.org","@graph":[{"@type":"WebPage","@id":"https:\/\/www.miomiorun.com\/de\/produkt\/ride-tr2-damen\/","url":"https:\/\/www.miomiorun.com\/de\/produkt\/ride-tr2-damen\/","name":"Saucony Ride TR2 damen - Trailrunning-Schuhe damen - MioMioRun","isPartOf":{"@id":"https:\/\/www.miomiorun.com\/de\/#website"},"primaryImageOfPage":{"@id":"https:\/\/www.miomiorun.com\/de\/produkt\/ride-tr2-damen\/#primaryimage"},"image":{"@id":"https:\/\/www.miomiorun.com\/de\/produkt\/ride-tr2-damen\/#primaryimage"},"thumbnailUrl":"https:\/\/www.miomiorun.com\/app\/uploads\/2025\/09\/saucony-Ride-TR2-W-brick-wine-S10951-246.webp","datePublished":"2024-08-27T13:17:12+00:00","dateModified":"2026-05-15T19:16:43+00:00","description":"Der neue Ride TR2 f\u00fcr Frauen wurde entwickelt, um Ihnen Komfort zu bieten und Ihnen zu erm\u00f6glichen, bei Stra\u00dfenrennen neue H\u00f6chstleistungen zu erzielen.","breadcrumb":{"@id":"https:\/\/www.miomiorun.com\/de\/produkt\/ride-tr2-damen\/#breadcrumb"},"inLanguage":"de-DE","potentialAction":[{"@type":"ReadAction","target":["https:\/\/www.miomiorun.com\/de\/produkt\/ride-tr2-damen\/"]}]},{"@type":"ImageObject","inLanguage":"de-DE","@id":"https:\/\/www.miomiorun.com\/de\/produkt\/ride-tr2-damen\/#primaryimage","url":"https:\/\/www.miomiorun.com\/app\/uploads\/2025\/09\/saucony-Ride-TR2-W-brick-wine-S10951-246.webp","contentUrl":"https:\/\/www.miomiorun.com\/app\/uploads\/2025\/09\/saucony-Ride-TR2-W-brick-wine-S10951-246.webp","width":720,"height":720,"caption":"saucony Ride TR2 W brick wine S10951-246"},{"@type":"BreadcrumbList","@id":"https:\/\/www.miomiorun.com\/de\/produkt\/ride-tr2-damen\/#breadcrumb","itemListElement":[{"@type":"ListItem","position":1,"name":"Home","item":"https:\/\/www.miomiorun.com\/de\/home-page\/"},{"@type":"ListItem","position":2,"name":"Shop","item":"https:\/\/www.miomiorun.com\/shop\/"},{"@type":"ListItem","position":3,"name":"Ride TR2 damen"}]},{"@type":"WebSite","@id":"https:\/\/www.miomiorun.com\/de\/#website","url":"https:\/\/www.miomiorun.com\/de\/","name":"MioMioRun","description":"100% Lauf- und Trailshop","publisher":{"@id":"https:\/\/www.miomiorun.com\/de\/#organization"},"potentialAction":[{"@type":"SearchAction","target":{"@type":"EntryPoint","urlTemplate":"https:\/\/www.miomiorun.com\/de\/?s={search_term_string}"},"query-input":{"@type":"PropertyValueSpecification","valueRequired":true,"valueName":"search_term_string"}}],"inLanguage":"de-DE"},{"@type":"Organization","@id":"https:\/\/www.miomiorun.com\/de\/#organization","name":"MioMio Run","url":"https:\/\/www.miomiorun.com\/de\/","logo":{"@type":"ImageObject","inLanguage":"de-DE","@id":"https:\/\/www.miomiorun.com\/de\/#\/schema\/logo\/image\/","url":"https:\/\/www.miomiorun.com\/app\/uploads\/2019\/12\/logomio.png","contentUrl":"https:\/\/www.miomiorun.com\/app\/uploads\/2019\/12\/logomio.png","width":115,"height":82,"caption":"MioMio Run"},"image":{"@id":"https:\/\/www.miomiorun.com\/de\/#\/schema\/logo\/image\/"},"sameAs":["https:\/\/www.facebook.com\/miomiorun\/","https:\/\/www.instagram.com\/miomiorun\/"]}]}},"_links":{"self":[{"href":"https:\/\/www.miomiorun.com\/de\/wp-json\/wp\/v2\/product\/195929","targetHints":{"allow":["GET"]}}],"collection":[{"href":"https:\/\/www.miomiorun.com\/de\/wp-json\/wp\/v2\/product"}],"about":[{"href":"https:\/\/www.miomiorun.com\/de\/wp-json\/wp\/v2\/types\/product"}],"wp:featuredmedia":[{"embeddable":true,"href":"https:\/\/www.miomiorun.com\/de\/wp-json\/wp\/v2\/media\/342807"}],"wp:attachment":[{"href":"https:\/\/www.miomiorun.com\/de\/wp-json\/wp\/v2\/media?parent=195929"}],"wp:term":[{"taxonomy":"product_brand","embeddable":true,"href":"https:\/\/www.miomiorun.com\/de\/wp-json\/wp\/v2\/product_brand?post=195929"},{"taxonomy":"product_cat","embeddable":true,"href":"https:\/\/www.miomiorun.com\/de\/wp-json\/wp\/v2\/product_cat?post=195929"},{"taxonomy":"product_tag","embeddable":true,"href":"https:\/\/www.miomiorun.com\/de\/wp-json\/wp\/v2\/product_tag?post=195929"}],"curies":[{"name":"wp","href":"https:\/\/api.w.org\/{rel}","templated":true}]}}