{"id":195899,"date":"2024-08-27T15:08:04","date_gmt":"2024-08-27T13:08:04","guid":{"rendered":"https:\/\/miomiorun.com\/?post_type=product&#038;p=195899"},"modified":"2025-09-27T19:57:58","modified_gmt":"2025-09-27T17:57:58","slug":"ride-tr2-herren","status":"publish","type":"product","link":"https:\/\/www.miomiorun.com\/de\/produkt\/ride-tr2-herren\/","title":{"rendered":"Ride TR2 herren"},"content":{"rendered":"<div class=\"vc-row container\"><div class=\"vc-column\"><div class=\"vc-column-text\"><\/p>\n<h4>Technische Daten<\/h4>\n<p>Kategorie: Strukturierte D\u00e4mpfung<br \/>\nOffset: 8mm (35\/27)<br \/>\nGewicht: 296 g<br \/>\nIdeal f\u00fcr: Der Ride ist der ideale Schuh f\u00fcr Athleten mit durchschnittlichem Gewicht und Schrittl\u00e4nge, die eine hervorragende D\u00e4mpfung suchen, um mittlere bis lange Trainingsstrecken oder Wettk\u00e4mpfe im Gel\u00e4nde zu bew\u00e4ltigen. Er erweist sich auch als hervorragender Begleiter beim Laufen<br \/>\nAthletengewicht : 60-70 kg<br \/>\nLauftempo : 5 min\/kg<br \/>\n<a href=\"https:\/\/miomiorun.com\/de\/leitfaden-fuer-technische-spezifikationen\/\">Leitfaden f\u00fcr technische Daten<\/a><\/p>\n<p><\/div><\/div><div class=\"vc-column\"><div class=\"vc-column-text\"><\/p>\n<div class=\"description\">\n<h2>Laufen ohne Grenzen.<\/h2>\n<p>Der neue<strong> Ride TR2<\/strong> f\u00fcr Herren wurde entwickelt, um dir Komfort zu bieten und dir zu erm\u00f6glichen, beim Laufen neue H\u00f6hen zu erreichen. Die extrem komfortable PWRRUN+ D\u00e4mpfung sorgt f\u00fcr eine weiche Landung, egal auf welchem Untergrund du l\u00e4ufst.<\/p>\n<\/div>\n<div class=\"description\">\n<h4>Neu<\/h4>\n<ul>\n<li>Die extrem komfortable PWRRUN+-D\u00e4mpfung garantiert weiche Landungen auf jedem Untergrund.<\/li>\n<li>Leichte 3,5 mm Stollen sind perfekt f\u00fcr Stra\u00dfe, Trail und Return.<\/li>\n<li>PWRTRAC-Au\u00dfensohle f\u00fcr Grip und Traktion auf jedem Untergrund.<\/li>\n<li>Strapazierf\u00e4higes Mesh-Obermaterial f\u00fcr trailtauglichen Schutz.<\/li>\n<\/ul>\n<p><strong>Ideal f\u00fcr:<\/strong><\/p>\n<ul>\n<li>Crossover-Oberfl\u00e4chen: von der Stra\u00dfe bis zum Trail.<\/li>\n<\/ul>\n<p><strong>Eigenschaften:<\/strong><\/p>\n<ul>\n<li>D\u00e4mpfung:PWRRUN+.<\/li>\n<li>Einlegesohle:PWRRUN+.<\/li>\n<\/ul>\n<p>&nbsp;<\/p>\n<\/div>\n<p><\/div><\/div><\/div>\n","protected":false},"excerpt":{"rendered":"<ul>\n<li>Idealer Schuh f\u00fcr das Laufen auf der Stra\u00dfe und auf unbefestigten Wegen.<\/li>\n<li>Leicht und bequem, damit Sie sich weiter anstrengen k\u00f6nnen.<\/li>\n<\/ul>\n","protected":false},"featured_media":399834,"template":"","meta":{"_acf_changed":false,"inline_featured_image":false},"product_brand":[],"product_cat":[6515,6507,6504],"product_tag":[3391,6311],"class_list":{"0":"post-195899","1":"product","2":"type-product","3":"status-publish","4":"has-post-thumbnail","6":"product_cat-herren-de","7":"product_cat-herren-schuhe-de","8":"product_cat-trail","9":"product_tag-saucony-de","10":"product_tag-saucony-herren-de","11":"pa_attivita-gehen","12":"pa_attivita-running-de","13":"pa_attivita-trail-de","14":"pa_colore-ride-tr2-black-autumn-de","15":"pa_colore-ride-tr2-carbon-black","16":"pa_colore-ride-tr2-kodiak-wine-de","17":"pa_colore-ride-tr2-skydiver-black-de","18":"pa_colore-ride-tr2-white-fire","19":"pa_marca-saucony-de","20":"pa_sesso-herren","21":"pa_size-41-de","22":"pa_size-42-de","23":"pa_size-42-5-de","24":"pa_size-43-de","25":"pa_size-44-de","26":"pa_size-44-5-de","27":"pa_size-45-de","28":"pa_size-46-de","29":"pa_size-46-5-de","30":"pa_size-47-de","32":"first","33":"instock","34":"sale","35":"taxable","36":"shipping-taxable","37":"purchasable","38":"product-type-variable","39":"wvs-archive-product-wrapper"},"acf":[],"yoast_head":"<!-- This site is optimized with the Yoast SEO plugin v26.8 - https:\/\/yoast.com\/product\/yoast-seo-wordpress\/ -->\n<title>Saucony Ride TR2 herren - Herren-Trailrunning-Schuhe - MioMioRun<\/title>\n<meta name=\"description\" content=\"Der neue Ride TR2 f\u00fcr Herren wurde entwickelt, um Ihnen Komfort zu bieten und Ihnen zu erm\u00f6glichen, bei Stra\u00dfenrennen neue H\u00f6chstleistungen zu erzielen.\" \/>\n<meta name=\"robots\" content=\"index, follow, max-snippet:-1, max-image-preview:large, max-video-preview:-1\" \/>\n<link rel=\"canonical\" href=\"https:\/\/www.miomiorun.com\/de\/produkt\/ride-tr2-herren\/\" \/>\n<meta property=\"og:locale\" content=\"de_DE\" \/>\n<meta property=\"og:type\" content=\"article\" \/>\n<meta property=\"og:title\" content=\"Saucony Ride TR2 herren - Herren-Trailrunning-Schuhe - MioMioRun\" \/>\n<meta property=\"og:description\" content=\"Der neue Ride TR2 f\u00fcr Herren wurde entwickelt, um Ihnen Komfort zu bieten und Ihnen zu erm\u00f6glichen, bei Stra\u00dfenrennen neue H\u00f6chstleistungen zu erzielen.\" \/>\n<meta property=\"og:url\" content=\"https:\/\/www.miomiorun.com\/de\/produkt\/ride-tr2-herren\/\" \/>\n<meta property=\"og:site_name\" content=\"MioMioRun\" \/>\n<meta property=\"article:publisher\" content=\"https:\/\/www.facebook.com\/miomiorun\/\" \/>\n<meta property=\"article:modified_time\" content=\"2025-09-27T17:57:58+00:00\" \/>\n<meta property=\"og:image\" content=\"https:\/\/www.miomiorun.com\/app\/uploads\/2024\/09\/Saucony-Ride-TR2-oak-mirage-S20951-210.webp\" \/>\n\t<meta property=\"og:image:width\" content=\"600\" \/>\n\t<meta property=\"og:image:height\" content=\"600\" \/>\n\t<meta property=\"og:image:type\" content=\"image\/webp\" \/>\n<meta name=\"twitter:card\" content=\"summary_large_image\" \/>\n<meta name=\"twitter:label1\" content=\"Est. reading time\" \/>\n\t<meta name=\"twitter:data1\" content=\"2 minutes\" \/>\n<script type=\"application\/ld+json\" class=\"yoast-schema-graph\">{\"@context\":\"https:\/\/schema.org\",\"@graph\":[{\"@type\":\"WebPage\",\"@id\":\"https:\/\/www.miomiorun.com\/de\/produkt\/ride-tr2-herren\/\",\"url\":\"https:\/\/www.miomiorun.com\/de\/produkt\/ride-tr2-herren\/\",\"name\":\"Saucony Ride TR2 herren - Herren-Trailrunning-Schuhe - MioMioRun\",\"isPartOf\":{\"@id\":\"https:\/\/www.miomiorun.com\/de\/#website\"},\"primaryImageOfPage\":{\"@id\":\"https:\/\/www.miomiorun.com\/de\/produkt\/ride-tr2-herren\/#primaryimage\"},\"image\":{\"@id\":\"https:\/\/www.miomiorun.com\/de\/produkt\/ride-tr2-herren\/#primaryimage\"},\"thumbnailUrl\":\"https:\/\/www.miomiorun.com\/app\/uploads\/2026\/02\/saucony-Ride-TR2-white-fire-S20951-143.webp\",\"datePublished\":\"2024-08-27T13:08:04+00:00\",\"dateModified\":\"2025-09-27T17:57:58+00:00\",\"description\":\"Der neue Ride TR2 f\u00fcr Herren wurde entwickelt, um Ihnen Komfort zu bieten und Ihnen zu erm\u00f6glichen, bei Stra\u00dfenrennen neue H\u00f6chstleistungen zu erzielen.\",\"breadcrumb\":{\"@id\":\"https:\/\/www.miomiorun.com\/de\/produkt\/ride-tr2-herren\/#breadcrumb\"},\"inLanguage\":\"de-DE\",\"potentialAction\":[{\"@type\":\"ReadAction\",\"target\":[\"https:\/\/www.miomiorun.com\/de\/produkt\/ride-tr2-herren\/\"]}]},{\"@type\":\"ImageObject\",\"inLanguage\":\"de-DE\",\"@id\":\"https:\/\/www.miomiorun.com\/de\/produkt\/ride-tr2-herren\/#primaryimage\",\"url\":\"https:\/\/www.miomiorun.com\/app\/uploads\/2026\/02\/saucony-Ride-TR2-white-fire-S20951-143.webp\",\"contentUrl\":\"https:\/\/www.miomiorun.com\/app\/uploads\/2026\/02\/saucony-Ride-TR2-white-fire-S20951-143.webp\",\"width\":720,\"height\":720,\"caption\":\"saucony Ride TR2 white fire S20951-143\"},{\"@type\":\"BreadcrumbList\",\"@id\":\"https:\/\/www.miomiorun.com\/de\/produkt\/ride-tr2-herren\/#breadcrumb\",\"itemListElement\":[{\"@type\":\"ListItem\",\"position\":1,\"name\":\"Home\",\"item\":\"https:\/\/www.miomiorun.com\/de\/\"},{\"@type\":\"ListItem\",\"position\":2,\"name\":\"Shop\",\"item\":\"https:\/\/www.miomiorun.com\/shop\/\"},{\"@type\":\"ListItem\",\"position\":3,\"name\":\"Ride TR2 herren\"}]},{\"@type\":\"WebSite\",\"@id\":\"https:\/\/www.miomiorun.com\/de\/#website\",\"url\":\"https:\/\/www.miomiorun.com\/de\/\",\"name\":\"MioMioRun\",\"description\":\"100% Lauf- und Trailshop\",\"publisher\":{\"@id\":\"https:\/\/www.miomiorun.com\/de\/#organization\"},\"potentialAction\":[{\"@type\":\"SearchAction\",\"target\":{\"@type\":\"EntryPoint\",\"urlTemplate\":\"https:\/\/www.miomiorun.com\/de\/?s={search_term_string}\"},\"query-input\":{\"@type\":\"PropertyValueSpecification\",\"valueRequired\":true,\"valueName\":\"search_term_string\"}}],\"inLanguage\":\"de-DE\"},{\"@type\":\"Organization\",\"@id\":\"https:\/\/www.miomiorun.com\/de\/#organization\",\"name\":\"MioMio Run\",\"url\":\"https:\/\/www.miomiorun.com\/de\/\",\"logo\":{\"@type\":\"ImageObject\",\"inLanguage\":\"de-DE\",\"@id\":\"https:\/\/www.miomiorun.com\/de\/#\/schema\/logo\/image\/\",\"url\":\"https:\/\/www.miomiorun.com\/app\/uploads\/2019\/12\/logomio.png\",\"contentUrl\":\"https:\/\/www.miomiorun.com\/app\/uploads\/2019\/12\/logomio.png\",\"width\":115,\"height\":82,\"caption\":\"MioMio Run\"},\"image\":{\"@id\":\"https:\/\/www.miomiorun.com\/de\/#\/schema\/logo\/image\/\"},\"sameAs\":[\"https:\/\/www.facebook.com\/miomiorun\/\",\"https:\/\/www.instagram.com\/miomiorun\/\"]}]}<\/script>\n<!-- \/ Yoast SEO plugin. -->","yoast_head_json":{"title":"Saucony Ride TR2 herren - Herren-Trailrunning-Schuhe - MioMioRun","description":"Der neue Ride TR2 f\u00fcr Herren wurde entwickelt, um Ihnen Komfort zu bieten und Ihnen zu erm\u00f6glichen, bei Stra\u00dfenrennen neue H\u00f6chstleistungen zu erzielen.","robots":{"index":"index","follow":"follow","max-snippet":"max-snippet:-1","max-image-preview":"max-image-preview:large","max-video-preview":"max-video-preview:-1"},"canonical":"https:\/\/www.miomiorun.com\/de\/produkt\/ride-tr2-herren\/","og_locale":"de_DE","og_type":"article","og_title":"Saucony Ride TR2 herren - Herren-Trailrunning-Schuhe - MioMioRun","og_description":"Der neue Ride TR2 f\u00fcr Herren wurde entwickelt, um Ihnen Komfort zu bieten und Ihnen zu erm\u00f6glichen, bei Stra\u00dfenrennen neue H\u00f6chstleistungen zu erzielen.","og_url":"https:\/\/www.miomiorun.com\/de\/produkt\/ride-tr2-herren\/","og_site_name":"MioMioRun","article_publisher":"https:\/\/www.facebook.com\/miomiorun\/","article_modified_time":"2025-09-27T17:57:58+00:00","og_image":[{"width":600,"height":600,"url":"https:\/\/www.miomiorun.com\/app\/uploads\/2024\/09\/Saucony-Ride-TR2-oak-mirage-S20951-210.webp","type":"image\/webp"}],"twitter_card":"summary_large_image","twitter_misc":{"Est. reading time":"2 minutes"},"schema":{"@context":"https:\/\/schema.org","@graph":[{"@type":"WebPage","@id":"https:\/\/www.miomiorun.com\/de\/produkt\/ride-tr2-herren\/","url":"https:\/\/www.miomiorun.com\/de\/produkt\/ride-tr2-herren\/","name":"Saucony Ride TR2 herren - Herren-Trailrunning-Schuhe - MioMioRun","isPartOf":{"@id":"https:\/\/www.miomiorun.com\/de\/#website"},"primaryImageOfPage":{"@id":"https:\/\/www.miomiorun.com\/de\/produkt\/ride-tr2-herren\/#primaryimage"},"image":{"@id":"https:\/\/www.miomiorun.com\/de\/produkt\/ride-tr2-herren\/#primaryimage"},"thumbnailUrl":"https:\/\/www.miomiorun.com\/app\/uploads\/2026\/02\/saucony-Ride-TR2-white-fire-S20951-143.webp","datePublished":"2024-08-27T13:08:04+00:00","dateModified":"2025-09-27T17:57:58+00:00","description":"Der neue Ride TR2 f\u00fcr Herren wurde entwickelt, um Ihnen Komfort zu bieten und Ihnen zu erm\u00f6glichen, bei Stra\u00dfenrennen neue H\u00f6chstleistungen zu erzielen.","breadcrumb":{"@id":"https:\/\/www.miomiorun.com\/de\/produkt\/ride-tr2-herren\/#breadcrumb"},"inLanguage":"de-DE","potentialAction":[{"@type":"ReadAction","target":["https:\/\/www.miomiorun.com\/de\/produkt\/ride-tr2-herren\/"]}]},{"@type":"ImageObject","inLanguage":"de-DE","@id":"https:\/\/www.miomiorun.com\/de\/produkt\/ride-tr2-herren\/#primaryimage","url":"https:\/\/www.miomiorun.com\/app\/uploads\/2026\/02\/saucony-Ride-TR2-white-fire-S20951-143.webp","contentUrl":"https:\/\/www.miomiorun.com\/app\/uploads\/2026\/02\/saucony-Ride-TR2-white-fire-S20951-143.webp","width":720,"height":720,"caption":"saucony Ride TR2 white fire S20951-143"},{"@type":"BreadcrumbList","@id":"https:\/\/www.miomiorun.com\/de\/produkt\/ride-tr2-herren\/#breadcrumb","itemListElement":[{"@type":"ListItem","position":1,"name":"Home","item":"https:\/\/www.miomiorun.com\/de\/"},{"@type":"ListItem","position":2,"name":"Shop","item":"https:\/\/www.miomiorun.com\/shop\/"},{"@type":"ListItem","position":3,"name":"Ride TR2 herren"}]},{"@type":"WebSite","@id":"https:\/\/www.miomiorun.com\/de\/#website","url":"https:\/\/www.miomiorun.com\/de\/","name":"MioMioRun","description":"100% Lauf- und Trailshop","publisher":{"@id":"https:\/\/www.miomiorun.com\/de\/#organization"},"potentialAction":[{"@type":"SearchAction","target":{"@type":"EntryPoint","urlTemplate":"https:\/\/www.miomiorun.com\/de\/?s={search_term_string}"},"query-input":{"@type":"PropertyValueSpecification","valueRequired":true,"valueName":"search_term_string"}}],"inLanguage":"de-DE"},{"@type":"Organization","@id":"https:\/\/www.miomiorun.com\/de\/#organization","name":"MioMio Run","url":"https:\/\/www.miomiorun.com\/de\/","logo":{"@type":"ImageObject","inLanguage":"de-DE","@id":"https:\/\/www.miomiorun.com\/de\/#\/schema\/logo\/image\/","url":"https:\/\/www.miomiorun.com\/app\/uploads\/2019\/12\/logomio.png","contentUrl":"https:\/\/www.miomiorun.com\/app\/uploads\/2019\/12\/logomio.png","width":115,"height":82,"caption":"MioMio Run"},"image":{"@id":"https:\/\/www.miomiorun.com\/de\/#\/schema\/logo\/image\/"},"sameAs":["https:\/\/www.facebook.com\/miomiorun\/","https:\/\/www.instagram.com\/miomiorun\/"]}]}},"_links":{"self":[{"href":"https:\/\/www.miomiorun.com\/de\/wp-json\/wp\/v2\/product\/195899","targetHints":{"allow":["GET"]}}],"collection":[{"href":"https:\/\/www.miomiorun.com\/de\/wp-json\/wp\/v2\/product"}],"about":[{"href":"https:\/\/www.miomiorun.com\/de\/wp-json\/wp\/v2\/types\/product"}],"wp:featuredmedia":[{"embeddable":true,"href":"https:\/\/www.miomiorun.com\/de\/wp-json\/wp\/v2\/media\/399834"}],"wp:attachment":[{"href":"https:\/\/www.miomiorun.com\/de\/wp-json\/wp\/v2\/media?parent=195899"}],"wp:term":[{"taxonomy":"product_brand","embeddable":true,"href":"https:\/\/www.miomiorun.com\/de\/wp-json\/wp\/v2\/product_brand?post=195899"},{"taxonomy":"product_cat","embeddable":true,"href":"https:\/\/www.miomiorun.com\/de\/wp-json\/wp\/v2\/product_cat?post=195899"},{"taxonomy":"product_tag","embeddable":true,"href":"https:\/\/www.miomiorun.com\/de\/wp-json\/wp\/v2\/product_tag?post=195899"}],"curies":[{"name":"wp","href":"https:\/\/api.w.org\/{rel}","templated":true}]}}