{"id":195553,"date":"2024-08-27T14:25:48","date_gmt":"2024-08-27T12:25:48","guid":{"rendered":"https:\/\/miomiorun.com\/?post_type=product&#038;p=195553"},"modified":"2025-03-20T21:55:02","modified_gmt":"2025-03-20T20:55:02","slug":"supernova-prima-herren","status":"publish","type":"product","link":"https:\/\/www.miomiorun.com\/de\/produkt\/supernova-prima-herren\/","title":{"rendered":"Supernova Prima herren"},"content":{"rendered":"<div class=\"vc-row container\"><div class=\"vc-column\"><div class=\"vc-column-text\"><\/p>\n<p><strong>Technische Daten<\/strong><\/p>\n<p>Kategorie: Mittlere D\u00e4mpfung<br \/>\nOffset: 8 mm<br \/>\nGewicht: 290 g<br \/>\nIdeal f\u00fcr: L\u00e4ufer mit Pronation, die ein Modell suchen, das Stabilit\u00e4t und Schutz sowie eine angemessene D\u00e4mpfung und Haltbarkeit bietet.<br \/>\nGewicht des Athleten: 50-70 kg<br \/>\nLauftempo: mittel (&gt;5.00 min\/km)<br \/>\n<a href=\"https:\/\/miomiorun.com\/de\/leitfaden-fuer-technische-spezifikationen\/\">Spezifikation<\/a><\/p>\n<p><\/div><\/div><div class=\"vc-column\"><div class=\"vc-column-text\"><\/p>\n<h3 class=\"subtitle___9ljbp\">Laufschuhe, die teilweise aus einer Mischung aus recycelten und erneuerbaren Materialien hergestellt werden.<\/h3>\n<p class=\"gl-vspace\">Die adidas <strong>Supernova Prima Laufschuhe<\/strong> f\u00fcr M\u00e4nner wurden speziell entwickelt, um dir zu helfen, deine Ziele zu erreichen.<\/p>\n<p class=\"gl-vspace\">Jedes Detail ist auf Komfort und Unterst\u00fctzung ausgelegt, vom atmungsaktiven Mesh-Obermaterial bis zur sto\u00dfabsorbierenden Dreamstrike+ Zwischensohle mit verbesserter Vorfu\u00dfd\u00e4mpfung. Das Support-Bar-System sorgt f\u00fcr einen reibungslosen \u00dcbergang, w\u00e4hrend die innovative Lighttraxion-Laufsohle optimalen Grip bietet, ohne zus\u00e4tzliches Gewicht. Die Wahl von recycelten Materialien erm\u00f6glicht es uns, das wiederzuverwenden, was bereits geschaffen wurde, und hilft so, M\u00fcll und Abf\u00e4lle zu reduzieren.<\/p>\n<p><strong>Eigenschaften:<\/strong><\/p>\n<ul class=\"gl-list\">\n<li class=\"gl-vspace-bpall-small\">Normale Passform<\/li>\n<li class=\"gl-vspace-bpall-small\">Schn\u00fcrverschluss<\/li>\n<li class=\"gl-vspace-bpall-small\">Obermaterial aus Mesh<\/li>\n<li class=\"gl-vspace-bpall-small\">Futter aus Stoff<\/li>\n<li class=\"gl-vspace-bpall-small\">St\u00fctzstab-System<\/li>\n<li class=\"gl-vspace-bpall-small\">Dreamstrike-Zwischensohle<\/li>\n<\/ul>\n<p><\/div><\/div><\/div>\n","protected":false},"excerpt":{"rendered":"<ul>\n<li>Supergepolsterter und dennoch leichter Schuh.<\/li>\n<li>Er hilft Ihnen, Ihren Lauf fl\u00fcssig zu gestalten.<\/li>\n<li>Ideal f\u00fcr schlanke L\u00e4ufer, die zur Pronation neigen.<\/li>\n<\/ul>\n","protected":false},"featured_media":264720,"template":"","meta":{"_acf_changed":false,"inline_featured_image":false},"product_brand":[],"product_cat":[6519,6518],"product_tag":[3403,6307],"class_list":{"0":"post-195553","1":"product","2":"type-product","3":"status-publish","4":"has-post-thumbnail","6":"product_cat-herrenschuhe-outlet-de","7":"product_cat-sale-neutral-de","8":"product_tag-adidas-de","9":"product_tag-adidas-herren-de","10":"pa_attivita-gehen","11":"pa_attivita-running-de","12":"pa_colore-supernova-prima-m-crywht-silvmt-hireye-de","13":"pa_marca-adidas-de","14":"pa_sesso-herren","15":"pa_size-42-de","16":"pa_size-44-de","17":"pa_size-46-de","20":"first","21":"instock","22":"sale","23":"taxable","24":"shipping-taxable","25":"purchasable","26":"product-type-variable","27":"wvs-archive-product-wrapper"},"acf":[],"yoast_head":"<!-- This site is optimized with the Yoast SEO plugin v26.8 - https:\/\/yoast.com\/product\/yoast-seo-wordpress\/ -->\n<title>Adidas Supernova Prima herren - Herren-Laufschuhe - MioMioRun<\/title>\n<meta name=\"description\" content=\"Die adidas Supernova Prima Laufschuhe f\u00fcr M\u00e4nner wurden speziell entwickelt, um dir zu helfen, deine Ziele zu erreichen, indem sie deinen Fu\u00df unterst\u00fctzen.\" \/>\n<meta name=\"robots\" content=\"index, follow, max-snippet:-1, max-image-preview:large, max-video-preview:-1\" \/>\n<link rel=\"canonical\" href=\"https:\/\/www.miomiorun.com\/de\/produkt\/supernova-prima-herren\/\" \/>\n<meta property=\"og:locale\" content=\"de_DE\" \/>\n<meta property=\"og:type\" content=\"article\" \/>\n<meta property=\"og:title\" content=\"Adidas Supernova Prima herren - Herren-Laufschuhe - MioMioRun\" \/>\n<meta property=\"og:description\" content=\"Die adidas Supernova Prima Laufschuhe f\u00fcr M\u00e4nner wurden speziell entwickelt, um dir zu helfen, deine Ziele zu erreichen, indem sie deinen Fu\u00df unterst\u00fctzen.\" \/>\n<meta property=\"og:url\" content=\"https:\/\/www.miomiorun.com\/de\/produkt\/supernova-prima-herren\/\" \/>\n<meta property=\"og:site_name\" content=\"MioMioRun\" \/>\n<meta property=\"article:publisher\" content=\"https:\/\/www.facebook.com\/miomiorun\/\" \/>\n<meta property=\"article:modified_time\" content=\"2025-03-20T20:55:02+00:00\" \/>\n<meta property=\"og:image\" content=\"https:\/\/www.miomiorun.com\/app\/uploads\/2025\/03\/adidas-Supernova-Prima-M-crywht-silvmt-hireye-IH8637.webp\" \/>\n\t<meta property=\"og:image:width\" content=\"600\" \/>\n\t<meta property=\"og:image:height\" content=\"600\" \/>\n\t<meta property=\"og:image:type\" content=\"image\/webp\" \/>\n<meta name=\"twitter:card\" content=\"summary_large_image\" \/>\n<meta name=\"twitter:label1\" content=\"Est. reading time\" \/>\n\t<meta name=\"twitter:data1\" content=\"2 minutes\" \/>\n<script type=\"application\/ld+json\" class=\"yoast-schema-graph\">{\"@context\":\"https:\/\/schema.org\",\"@graph\":[{\"@type\":\"WebPage\",\"@id\":\"https:\/\/www.miomiorun.com\/de\/produkt\/supernova-prima-herren\/\",\"url\":\"https:\/\/www.miomiorun.com\/de\/produkt\/supernova-prima-herren\/\",\"name\":\"Adidas Supernova Prima herren - Herren-Laufschuhe - MioMioRun\",\"isPartOf\":{\"@id\":\"https:\/\/www.miomiorun.com\/de\/#website\"},\"primaryImageOfPage\":{\"@id\":\"https:\/\/www.miomiorun.com\/de\/produkt\/supernova-prima-herren\/#primaryimage\"},\"image\":{\"@id\":\"https:\/\/www.miomiorun.com\/de\/produkt\/supernova-prima-herren\/#primaryimage\"},\"thumbnailUrl\":\"https:\/\/www.miomiorun.com\/app\/uploads\/2025\/03\/adidas-Supernova-Prima-M-crywht-silvmt-hireye-IH8637.webp\",\"datePublished\":\"2024-08-27T12:25:48+00:00\",\"dateModified\":\"2025-03-20T20:55:02+00:00\",\"description\":\"Die adidas Supernova Prima Laufschuhe f\u00fcr M\u00e4nner wurden speziell entwickelt, um dir zu helfen, deine Ziele zu erreichen, indem sie deinen Fu\u00df unterst\u00fctzen.\",\"breadcrumb\":{\"@id\":\"https:\/\/www.miomiorun.com\/de\/produkt\/supernova-prima-herren\/#breadcrumb\"},\"inLanguage\":\"de-DE\",\"potentialAction\":[{\"@type\":\"ReadAction\",\"target\":[\"https:\/\/www.miomiorun.com\/de\/produkt\/supernova-prima-herren\/\"]}]},{\"@type\":\"ImageObject\",\"inLanguage\":\"de-DE\",\"@id\":\"https:\/\/www.miomiorun.com\/de\/produkt\/supernova-prima-herren\/#primaryimage\",\"url\":\"https:\/\/www.miomiorun.com\/app\/uploads\/2025\/03\/adidas-Supernova-Prima-M-crywht-silvmt-hireye-IH8637.webp\",\"contentUrl\":\"https:\/\/www.miomiorun.com\/app\/uploads\/2025\/03\/adidas-Supernova-Prima-M-crywht-silvmt-hireye-IH8637.webp\",\"width\":600,\"height\":600,\"caption\":\"adidas Supernova Prima M crywht silvmt hireye IH8637\"},{\"@type\":\"BreadcrumbList\",\"@id\":\"https:\/\/www.miomiorun.com\/de\/produkt\/supernova-prima-herren\/#breadcrumb\",\"itemListElement\":[{\"@type\":\"ListItem\",\"position\":1,\"name\":\"Home\",\"item\":\"https:\/\/www.miomiorun.com\/de\/\"},{\"@type\":\"ListItem\",\"position\":2,\"name\":\"Shop\",\"item\":\"https:\/\/www.miomiorun.com\/shop\/\"},{\"@type\":\"ListItem\",\"position\":3,\"name\":\"Supernova Prima herren\"}]},{\"@type\":\"WebSite\",\"@id\":\"https:\/\/www.miomiorun.com\/de\/#website\",\"url\":\"https:\/\/www.miomiorun.com\/de\/\",\"name\":\"MioMioRun\",\"description\":\"100% Lauf- und Trailshop\",\"publisher\":{\"@id\":\"https:\/\/www.miomiorun.com\/de\/#organization\"},\"potentialAction\":[{\"@type\":\"SearchAction\",\"target\":{\"@type\":\"EntryPoint\",\"urlTemplate\":\"https:\/\/www.miomiorun.com\/de\/?s={search_term_string}\"},\"query-input\":{\"@type\":\"PropertyValueSpecification\",\"valueRequired\":true,\"valueName\":\"search_term_string\"}}],\"inLanguage\":\"de-DE\"},{\"@type\":\"Organization\",\"@id\":\"https:\/\/www.miomiorun.com\/de\/#organization\",\"name\":\"MioMio Run\",\"url\":\"https:\/\/www.miomiorun.com\/de\/\",\"logo\":{\"@type\":\"ImageObject\",\"inLanguage\":\"de-DE\",\"@id\":\"https:\/\/www.miomiorun.com\/de\/#\/schema\/logo\/image\/\",\"url\":\"https:\/\/www.miomiorun.com\/app\/uploads\/2019\/12\/logomio.png\",\"contentUrl\":\"https:\/\/www.miomiorun.com\/app\/uploads\/2019\/12\/logomio.png\",\"width\":115,\"height\":82,\"caption\":\"MioMio Run\"},\"image\":{\"@id\":\"https:\/\/www.miomiorun.com\/de\/#\/schema\/logo\/image\/\"},\"sameAs\":[\"https:\/\/www.facebook.com\/miomiorun\/\",\"https:\/\/www.instagram.com\/miomiorun\/\"]}]}<\/script>\n<!-- \/ Yoast SEO plugin. -->","yoast_head_json":{"title":"Adidas Supernova Prima herren - Herren-Laufschuhe - MioMioRun","description":"Die adidas Supernova Prima Laufschuhe f\u00fcr M\u00e4nner wurden speziell entwickelt, um dir zu helfen, deine Ziele zu erreichen, indem sie deinen Fu\u00df unterst\u00fctzen.","robots":{"index":"index","follow":"follow","max-snippet":"max-snippet:-1","max-image-preview":"max-image-preview:large","max-video-preview":"max-video-preview:-1"},"canonical":"https:\/\/www.miomiorun.com\/de\/produkt\/supernova-prima-herren\/","og_locale":"de_DE","og_type":"article","og_title":"Adidas Supernova Prima herren - Herren-Laufschuhe - MioMioRun","og_description":"Die adidas Supernova Prima Laufschuhe f\u00fcr M\u00e4nner wurden speziell entwickelt, um dir zu helfen, deine Ziele zu erreichen, indem sie deinen Fu\u00df unterst\u00fctzen.","og_url":"https:\/\/www.miomiorun.com\/de\/produkt\/supernova-prima-herren\/","og_site_name":"MioMioRun","article_publisher":"https:\/\/www.facebook.com\/miomiorun\/","article_modified_time":"2025-03-20T20:55:02+00:00","og_image":[{"width":600,"height":600,"url":"https:\/\/www.miomiorun.com\/app\/uploads\/2025\/03\/adidas-Supernova-Prima-M-crywht-silvmt-hireye-IH8637.webp","type":"image\/webp"}],"twitter_card":"summary_large_image","twitter_misc":{"Est. reading time":"2 minutes"},"schema":{"@context":"https:\/\/schema.org","@graph":[{"@type":"WebPage","@id":"https:\/\/www.miomiorun.com\/de\/produkt\/supernova-prima-herren\/","url":"https:\/\/www.miomiorun.com\/de\/produkt\/supernova-prima-herren\/","name":"Adidas Supernova Prima herren - Herren-Laufschuhe - MioMioRun","isPartOf":{"@id":"https:\/\/www.miomiorun.com\/de\/#website"},"primaryImageOfPage":{"@id":"https:\/\/www.miomiorun.com\/de\/produkt\/supernova-prima-herren\/#primaryimage"},"image":{"@id":"https:\/\/www.miomiorun.com\/de\/produkt\/supernova-prima-herren\/#primaryimage"},"thumbnailUrl":"https:\/\/www.miomiorun.com\/app\/uploads\/2025\/03\/adidas-Supernova-Prima-M-crywht-silvmt-hireye-IH8637.webp","datePublished":"2024-08-27T12:25:48+00:00","dateModified":"2025-03-20T20:55:02+00:00","description":"Die adidas Supernova Prima Laufschuhe f\u00fcr M\u00e4nner wurden speziell entwickelt, um dir zu helfen, deine Ziele zu erreichen, indem sie deinen Fu\u00df unterst\u00fctzen.","breadcrumb":{"@id":"https:\/\/www.miomiorun.com\/de\/produkt\/supernova-prima-herren\/#breadcrumb"},"inLanguage":"de-DE","potentialAction":[{"@type":"ReadAction","target":["https:\/\/www.miomiorun.com\/de\/produkt\/supernova-prima-herren\/"]}]},{"@type":"ImageObject","inLanguage":"de-DE","@id":"https:\/\/www.miomiorun.com\/de\/produkt\/supernova-prima-herren\/#primaryimage","url":"https:\/\/www.miomiorun.com\/app\/uploads\/2025\/03\/adidas-Supernova-Prima-M-crywht-silvmt-hireye-IH8637.webp","contentUrl":"https:\/\/www.miomiorun.com\/app\/uploads\/2025\/03\/adidas-Supernova-Prima-M-crywht-silvmt-hireye-IH8637.webp","width":600,"height":600,"caption":"adidas Supernova Prima M crywht silvmt hireye IH8637"},{"@type":"BreadcrumbList","@id":"https:\/\/www.miomiorun.com\/de\/produkt\/supernova-prima-herren\/#breadcrumb","itemListElement":[{"@type":"ListItem","position":1,"name":"Home","item":"https:\/\/www.miomiorun.com\/de\/"},{"@type":"ListItem","position":2,"name":"Shop","item":"https:\/\/www.miomiorun.com\/shop\/"},{"@type":"ListItem","position":3,"name":"Supernova Prima herren"}]},{"@type":"WebSite","@id":"https:\/\/www.miomiorun.com\/de\/#website","url":"https:\/\/www.miomiorun.com\/de\/","name":"MioMioRun","description":"100% Lauf- und Trailshop","publisher":{"@id":"https:\/\/www.miomiorun.com\/de\/#organization"},"potentialAction":[{"@type":"SearchAction","target":{"@type":"EntryPoint","urlTemplate":"https:\/\/www.miomiorun.com\/de\/?s={search_term_string}"},"query-input":{"@type":"PropertyValueSpecification","valueRequired":true,"valueName":"search_term_string"}}],"inLanguage":"de-DE"},{"@type":"Organization","@id":"https:\/\/www.miomiorun.com\/de\/#organization","name":"MioMio Run","url":"https:\/\/www.miomiorun.com\/de\/","logo":{"@type":"ImageObject","inLanguage":"de-DE","@id":"https:\/\/www.miomiorun.com\/de\/#\/schema\/logo\/image\/","url":"https:\/\/www.miomiorun.com\/app\/uploads\/2019\/12\/logomio.png","contentUrl":"https:\/\/www.miomiorun.com\/app\/uploads\/2019\/12\/logomio.png","width":115,"height":82,"caption":"MioMio Run"},"image":{"@id":"https:\/\/www.miomiorun.com\/de\/#\/schema\/logo\/image\/"},"sameAs":["https:\/\/www.facebook.com\/miomiorun\/","https:\/\/www.instagram.com\/miomiorun\/"]}]}},"_links":{"self":[{"href":"https:\/\/www.miomiorun.com\/de\/wp-json\/wp\/v2\/product\/195553","targetHints":{"allow":["GET"]}}],"collection":[{"href":"https:\/\/www.miomiorun.com\/de\/wp-json\/wp\/v2\/product"}],"about":[{"href":"https:\/\/www.miomiorun.com\/de\/wp-json\/wp\/v2\/types\/product"}],"wp:featuredmedia":[{"embeddable":true,"href":"https:\/\/www.miomiorun.com\/de\/wp-json\/wp\/v2\/media\/264720"}],"wp:attachment":[{"href":"https:\/\/www.miomiorun.com\/de\/wp-json\/wp\/v2\/media?parent=195553"}],"wp:term":[{"taxonomy":"product_brand","embeddable":true,"href":"https:\/\/www.miomiorun.com\/de\/wp-json\/wp\/v2\/product_brand?post=195553"},{"taxonomy":"product_cat","embeddable":true,"href":"https:\/\/www.miomiorun.com\/de\/wp-json\/wp\/v2\/product_cat?post=195553"},{"taxonomy":"product_tag","embeddable":true,"href":"https:\/\/www.miomiorun.com\/de\/wp-json\/wp\/v2\/product_tag?post=195553"}],"curies":[{"name":"wp","href":"https:\/\/api.w.org\/{rel}","templated":true}]}}