{"id":195281,"date":"2024-08-27T13:51:44","date_gmt":"2024-08-27T11:51:44","guid":{"rendered":"https:\/\/miomiorun.com\/?post_type=product&#038;p=195281"},"modified":"2026-04-28T17:32:44","modified_gmt":"2026-04-28T15:32:44","slug":"adistar-byd-damen","status":"publish","type":"product","link":"https:\/\/www.miomiorun.com\/de\/produkt\/adistar-byd-damen\/","title":{"rendered":"Adistar Byd damen"},"content":{"rendered":"<div class=\"vc-row container\"><div class=\"vc-column\"><div class=\"vc-column-text\"><\/p>\n<h4>Technische Daten<\/h4>\n<p>Kategorie: Strukturierte D\u00e4mpfung<br \/>\nVersatz: 6 mm<br \/>\nGewicht: 250 g<br \/>\nIdeal f\u00fcr: mittelschwere bis schwere L\u00e4ufer und Walker mit neutralem Fu\u00df, die ein Modell mit maximaler D\u00e4mpfung und Struktur suchen, f\u00fcr lange Laufstrecken oder auch Walking.<br \/>\nGewicht des Athleten: &gt;65 kg<br \/>\nLauftempo: langsam (&gt;5 min\/km)<br \/>\n<a href=\"https:\/\/miomiorun.com\/de\/leitfaden-fuer-technische-spezifikationen\/\">Spezifikation<\/a><\/p>\n<p><\/div><\/div><div class=\"vc-column\"><div class=\"vc-column-text\"><\/p>\n<h3 class=\"subtitle___9ljbp\">Laufschuhe f\u00fcr zus\u00e4tzlichen Halt, teilweise aus recycelten Materialien hergestellt.<\/h3>\n<p class=\"gl-vspace\">Wenn Ihr Trainingsplan Langstreckenl\u00e4ufe vorsieht, sind diese <strong>Adistar Byd<\/strong> Laufschuhe f\u00fcr Damen die ideale Wahl. Die REPETITOR 2.0 Zwischensohle sorgt f\u00fcr eine optimale Energier\u00fcckgabe und umschlie\u00dft die Ferse, um zus\u00e4tzlichen Halt zu bieten, Meile f\u00fcr Meile. Die Lightstrike Pro D\u00e4mpfung und die Distance Drive Karbonplatte helfen dir, auch \u00fcber lange Distanzen H\u00f6chstleistungen zu erbringen. Die Continental\u2122 Gummilaufsohle bietet auch bei N\u00e4sse tadellosen Grip, sodass du dich ohne Ablenkung auf das Laufen konzentrieren kannst. Dieses Produkt enth\u00e4lt mindestens 20 % recycelte Materialien.<\/p>\n<p><strong>Eigenschaften:<\/strong><\/p>\n<ul class=\"gl-list\">\n<li class=\"gl-vspace-bpall-small\">Normale Passform<\/li>\n<li class=\"gl-vspace-bpall-small\">Schn\u00fcrverschluss<\/li>\n<li class=\"gl-vspace-bpall-small\">Obermaterial aus Stoff<\/li>\n<li class=\"gl-vspace-bpall-small\">Innenfutter aus Stoff<\/li>\n<li class=\"gl-vspace-bpall-small\">Lightstrike Pro-D\u00e4mpfung<\/li>\n<li class=\"gl-vspace-bpall-small\">REPETITOR 2.0 Zwischensohle<\/li>\n<li class=\"gl-vspace-bpall-small\">Continental\u2122 Gummi-Au\u00dfensohle<\/li>\n<li class=\"gl-vspace-bpall-small\">Dieses Produkt enth\u00e4lt mindestens 20% recycelte Materialien<\/li>\n<\/ul>\n<h2>Technologien<\/h2>\n<div class=\"accordion__content___29x9h\">\n<div class=\"content-padding___2kVWQ\">\n<div class=\"technologies-section___3gZqW technologies-section--no-img___B_YZF\">\n<div class=\"technologies-content-container--no-img___wNKqW\">\n<h3 class=\"technologies-content-name___kkx_0\">LIGHTSTRIKE PRO<\/h3>\n<div class=\"technologies-content-title___moWj6\"><strong>Rekordverd\u00e4chtige Leichtigkeit<\/strong><\/div>\n<p class=\"technologies-content-subtitle___2bGCf\">Die adidas Lightstrike Pro D\u00e4mpfung wurde entwickelt, um dir eine \u00fcberragende Geschwindigkeit und Energier\u00fcckgabe zu bieten.<\/p>\n<\/div>\n<\/div>\n<div class=\"technologies-section___3gZqW technologies-section--no-img___B_YZF\">\n<div class=\"technologies-content-container--no-img___wNKqW\">\n<h3 class=\"technologies-content-name___kkx_0\">REPETITOR<\/h3>\n<div class=\"technologies-content-title___moWj6\"><strong>Energier\u00fcckgabe auch bei l\u00e4ngeren L\u00e4ufen<\/strong><\/div>\n<p class=\"technologies-content-subtitle___2bGCf\">Der Repetitor bietet ein konstantes Niveau an Stabilit\u00e4t und Energier\u00fcckgabe, um die optimale Leistung l\u00e4nger aufrechtzuerhalten.<\/p>\n<\/div>\n<\/div>\n<\/div>\n<\/div>\n<p><\/div><\/div><\/div>\n","protected":false},"excerpt":{"rendered":"<ul>\n<li>Vielseitiger Schuh f\u00fcr die Bew\u00e4ltigung langer Strecken.<\/li>\n<li>Ausgestattet mit einer Carbon-Platte, die Ihnen hilft, Ihr Bestes zu geben.<\/li>\n<\/ul>\n","protected":false},"featured_media":326812,"template":"","meta":{"_acf_changed":false,"inline_featured_image":false},"product_brand":[],"product_cat":[6474,6475],"product_tag":[3403,6309],"class_list":{"0":"post-195281","1":"product","2":"type-product","3":"status-publish","4":"has-post-thumbnail","6":"product_cat-damenschuhe","7":"product_cat-neutral","8":"product_tag-adidas-de","9":"product_tag-adidas-damen-de","10":"pa_attivita-gehen","11":"pa_attivita-running-de","12":"pa_colore-adistar-byd-w-blufus-lucpnk-lu-de","13":"pa_colore-adistar-byd-w-grestr-tauoxi-carbon-de","14":"pa_marca-adidas-de","15":"pa_sesso-damen","16":"pa_size-38-de","17":"pa_size-39-de","18":"pa_size-40-de","19":"pa_size-41-de","21":"first","22":"instock","23":"sale","24":"taxable","25":"shipping-taxable","26":"purchasable","27":"product-type-variable","28":"wvs-archive-product-wrapper"},"acf":[],"yoast_head":"<!-- This site is optimized with the Yoast SEO plugin v26.8 - https:\/\/yoast.com\/product\/yoast-seo-wordpress\/ -->\n<title>Adidas Adistar Byd damen - Damen-Laufschuhe - MioMioRun .com<\/title>\n<meta name=\"description\" content=\"Wenn Ihr Trainingsplan Langstreckenl\u00e4ufe vorsieht, sind diese Adistar Byd Laufschuhe f\u00fcr Damen die ideale Wahl. Mehr Informationen auf unserer Website\" \/>\n<meta name=\"robots\" content=\"index, follow, max-snippet:-1, max-image-preview:large, max-video-preview:-1\" \/>\n<link rel=\"canonical\" href=\"https:\/\/www.miomiorun.com\/de\/produkt\/adistar-byd-damen\/\" \/>\n<meta property=\"og:locale\" content=\"de_DE\" \/>\n<meta property=\"og:type\" content=\"article\" \/>\n<meta property=\"og:title\" content=\"Adidas Adistar Byd damen - Damen-Laufschuhe - MioMioRun .com\" \/>\n<meta property=\"og:description\" content=\"Wenn Ihr Trainingsplan Langstreckenl\u00e4ufe vorsieht, sind diese Adistar Byd Laufschuhe f\u00fcr Damen die ideale Wahl. Mehr Informationen auf unserer Website\" \/>\n<meta property=\"og:url\" content=\"https:\/\/www.miomiorun.com\/de\/produkt\/adistar-byd-damen\/\" \/>\n<meta property=\"og:site_name\" content=\"MioMioRun\" \/>\n<meta property=\"article:publisher\" content=\"https:\/\/www.facebook.com\/miomiorun\/\" \/>\n<meta property=\"article:modified_time\" content=\"2026-04-28T15:32:44+00:00\" \/>\n<meta property=\"og:image\" content=\"https:\/\/www.miomiorun.com\/app\/uploads\/2024\/09\/Adidas-Adistar-BYD-W-prptnt-bluspa-ID6179.webp\" \/>\n\t<meta property=\"og:image:width\" content=\"600\" \/>\n\t<meta property=\"og:image:height\" content=\"600\" \/>\n\t<meta property=\"og:image:type\" content=\"image\/webp\" \/>\n<meta name=\"twitter:card\" content=\"summary_large_image\" \/>\n<meta name=\"twitter:label1\" content=\"Est. reading time\" \/>\n\t<meta name=\"twitter:data1\" content=\"1 minute\" \/>\n<script type=\"application\/ld+json\" class=\"yoast-schema-graph\">{\"@context\":\"https:\/\/schema.org\",\"@graph\":[{\"@type\":\"WebPage\",\"@id\":\"https:\/\/www.miomiorun.com\/de\/produkt\/adistar-byd-damen\/\",\"url\":\"https:\/\/www.miomiorun.com\/de\/produkt\/adistar-byd-damen\/\",\"name\":\"Adidas Adistar Byd damen - Damen-Laufschuhe - MioMioRun .com\",\"isPartOf\":{\"@id\":\"https:\/\/www.miomiorun.com\/de\/#website\"},\"primaryImageOfPage\":{\"@id\":\"https:\/\/www.miomiorun.com\/de\/produkt\/adistar-byd-damen\/#primaryimage\"},\"image\":{\"@id\":\"https:\/\/www.miomiorun.com\/de\/produkt\/adistar-byd-damen\/#primaryimage\"},\"thumbnailUrl\":\"https:\/\/www.miomiorun.com\/app\/uploads\/2025\/07\/adidas-Adistar-BYD-W-blufus-lucpnk-lu-JR0277.webp\",\"datePublished\":\"2024-08-27T11:51:44+00:00\",\"dateModified\":\"2026-04-28T15:32:44+00:00\",\"description\":\"Wenn Ihr Trainingsplan Langstreckenl\u00e4ufe vorsieht, sind diese Adistar Byd Laufschuhe f\u00fcr Damen die ideale Wahl. Mehr Informationen auf unserer Website\",\"breadcrumb\":{\"@id\":\"https:\/\/www.miomiorun.com\/de\/produkt\/adistar-byd-damen\/#breadcrumb\"},\"inLanguage\":\"de-DE\",\"potentialAction\":[{\"@type\":\"ReadAction\",\"target\":[\"https:\/\/www.miomiorun.com\/de\/produkt\/adistar-byd-damen\/\"]}]},{\"@type\":\"ImageObject\",\"inLanguage\":\"de-DE\",\"@id\":\"https:\/\/www.miomiorun.com\/de\/produkt\/adistar-byd-damen\/#primaryimage\",\"url\":\"https:\/\/www.miomiorun.com\/app\/uploads\/2025\/07\/adidas-Adistar-BYD-W-blufus-lucpnk-lu-JR0277.webp\",\"contentUrl\":\"https:\/\/www.miomiorun.com\/app\/uploads\/2025\/07\/adidas-Adistar-BYD-W-blufus-lucpnk-lu-JR0277.webp\",\"width\":600,\"height\":600,\"caption\":\"adidas Adistar BYD W blufus lucpnk lu JR0277\"},{\"@type\":\"BreadcrumbList\",\"@id\":\"https:\/\/www.miomiorun.com\/de\/produkt\/adistar-byd-damen\/#breadcrumb\",\"itemListElement\":[{\"@type\":\"ListItem\",\"position\":1,\"name\":\"Home\",\"item\":\"https:\/\/www.miomiorun.com\/de\/\"},{\"@type\":\"ListItem\",\"position\":2,\"name\":\"Shop\",\"item\":\"https:\/\/www.miomiorun.com\/shop\/\"},{\"@type\":\"ListItem\",\"position\":3,\"name\":\"Adistar Byd damen\"}]},{\"@type\":\"WebSite\",\"@id\":\"https:\/\/www.miomiorun.com\/de\/#website\",\"url\":\"https:\/\/www.miomiorun.com\/de\/\",\"name\":\"MioMioRun\",\"description\":\"100% Lauf- und Trailshop\",\"publisher\":{\"@id\":\"https:\/\/www.miomiorun.com\/de\/#organization\"},\"potentialAction\":[{\"@type\":\"SearchAction\",\"target\":{\"@type\":\"EntryPoint\",\"urlTemplate\":\"https:\/\/www.miomiorun.com\/de\/?s={search_term_string}\"},\"query-input\":{\"@type\":\"PropertyValueSpecification\",\"valueRequired\":true,\"valueName\":\"search_term_string\"}}],\"inLanguage\":\"de-DE\"},{\"@type\":\"Organization\",\"@id\":\"https:\/\/www.miomiorun.com\/de\/#organization\",\"name\":\"MioMio Run\",\"url\":\"https:\/\/www.miomiorun.com\/de\/\",\"logo\":{\"@type\":\"ImageObject\",\"inLanguage\":\"de-DE\",\"@id\":\"https:\/\/www.miomiorun.com\/de\/#\/schema\/logo\/image\/\",\"url\":\"https:\/\/www.miomiorun.com\/app\/uploads\/2019\/12\/logomio.png\",\"contentUrl\":\"https:\/\/www.miomiorun.com\/app\/uploads\/2019\/12\/logomio.png\",\"width\":115,\"height\":82,\"caption\":\"MioMio Run\"},\"image\":{\"@id\":\"https:\/\/www.miomiorun.com\/de\/#\/schema\/logo\/image\/\"},\"sameAs\":[\"https:\/\/www.facebook.com\/miomiorun\/\",\"https:\/\/www.instagram.com\/miomiorun\/\"]}]}<\/script>\n<!-- \/ Yoast SEO plugin. -->","yoast_head_json":{"title":"Adidas Adistar Byd damen - Damen-Laufschuhe - MioMioRun .com","description":"Wenn Ihr Trainingsplan Langstreckenl\u00e4ufe vorsieht, sind diese Adistar Byd Laufschuhe f\u00fcr Damen die ideale Wahl. Mehr Informationen auf unserer Website","robots":{"index":"index","follow":"follow","max-snippet":"max-snippet:-1","max-image-preview":"max-image-preview:large","max-video-preview":"max-video-preview:-1"},"canonical":"https:\/\/www.miomiorun.com\/de\/produkt\/adistar-byd-damen\/","og_locale":"de_DE","og_type":"article","og_title":"Adidas Adistar Byd damen - Damen-Laufschuhe - MioMioRun .com","og_description":"Wenn Ihr Trainingsplan Langstreckenl\u00e4ufe vorsieht, sind diese Adistar Byd Laufschuhe f\u00fcr Damen die ideale Wahl. Mehr Informationen auf unserer Website","og_url":"https:\/\/www.miomiorun.com\/de\/produkt\/adistar-byd-damen\/","og_site_name":"MioMioRun","article_publisher":"https:\/\/www.facebook.com\/miomiorun\/","article_modified_time":"2026-04-28T15:32:44+00:00","og_image":[{"width":600,"height":600,"url":"https:\/\/www.miomiorun.com\/app\/uploads\/2024\/09\/Adidas-Adistar-BYD-W-prptnt-bluspa-ID6179.webp","type":"image\/webp"}],"twitter_card":"summary_large_image","twitter_misc":{"Est. reading time":"1 minute"},"schema":{"@context":"https:\/\/schema.org","@graph":[{"@type":"WebPage","@id":"https:\/\/www.miomiorun.com\/de\/produkt\/adistar-byd-damen\/","url":"https:\/\/www.miomiorun.com\/de\/produkt\/adistar-byd-damen\/","name":"Adidas Adistar Byd damen - Damen-Laufschuhe - MioMioRun .com","isPartOf":{"@id":"https:\/\/www.miomiorun.com\/de\/#website"},"primaryImageOfPage":{"@id":"https:\/\/www.miomiorun.com\/de\/produkt\/adistar-byd-damen\/#primaryimage"},"image":{"@id":"https:\/\/www.miomiorun.com\/de\/produkt\/adistar-byd-damen\/#primaryimage"},"thumbnailUrl":"https:\/\/www.miomiorun.com\/app\/uploads\/2025\/07\/adidas-Adistar-BYD-W-blufus-lucpnk-lu-JR0277.webp","datePublished":"2024-08-27T11:51:44+00:00","dateModified":"2026-04-28T15:32:44+00:00","description":"Wenn Ihr Trainingsplan Langstreckenl\u00e4ufe vorsieht, sind diese Adistar Byd Laufschuhe f\u00fcr Damen die ideale Wahl. Mehr Informationen auf unserer Website","breadcrumb":{"@id":"https:\/\/www.miomiorun.com\/de\/produkt\/adistar-byd-damen\/#breadcrumb"},"inLanguage":"de-DE","potentialAction":[{"@type":"ReadAction","target":["https:\/\/www.miomiorun.com\/de\/produkt\/adistar-byd-damen\/"]}]},{"@type":"ImageObject","inLanguage":"de-DE","@id":"https:\/\/www.miomiorun.com\/de\/produkt\/adistar-byd-damen\/#primaryimage","url":"https:\/\/www.miomiorun.com\/app\/uploads\/2025\/07\/adidas-Adistar-BYD-W-blufus-lucpnk-lu-JR0277.webp","contentUrl":"https:\/\/www.miomiorun.com\/app\/uploads\/2025\/07\/adidas-Adistar-BYD-W-blufus-lucpnk-lu-JR0277.webp","width":600,"height":600,"caption":"adidas Adistar BYD W blufus lucpnk lu JR0277"},{"@type":"BreadcrumbList","@id":"https:\/\/www.miomiorun.com\/de\/produkt\/adistar-byd-damen\/#breadcrumb","itemListElement":[{"@type":"ListItem","position":1,"name":"Home","item":"https:\/\/www.miomiorun.com\/de\/"},{"@type":"ListItem","position":2,"name":"Shop","item":"https:\/\/www.miomiorun.com\/shop\/"},{"@type":"ListItem","position":3,"name":"Adistar Byd damen"}]},{"@type":"WebSite","@id":"https:\/\/www.miomiorun.com\/de\/#website","url":"https:\/\/www.miomiorun.com\/de\/","name":"MioMioRun","description":"100% Lauf- und Trailshop","publisher":{"@id":"https:\/\/www.miomiorun.com\/de\/#organization"},"potentialAction":[{"@type":"SearchAction","target":{"@type":"EntryPoint","urlTemplate":"https:\/\/www.miomiorun.com\/de\/?s={search_term_string}"},"query-input":{"@type":"PropertyValueSpecification","valueRequired":true,"valueName":"search_term_string"}}],"inLanguage":"de-DE"},{"@type":"Organization","@id":"https:\/\/www.miomiorun.com\/de\/#organization","name":"MioMio Run","url":"https:\/\/www.miomiorun.com\/de\/","logo":{"@type":"ImageObject","inLanguage":"de-DE","@id":"https:\/\/www.miomiorun.com\/de\/#\/schema\/logo\/image\/","url":"https:\/\/www.miomiorun.com\/app\/uploads\/2019\/12\/logomio.png","contentUrl":"https:\/\/www.miomiorun.com\/app\/uploads\/2019\/12\/logomio.png","width":115,"height":82,"caption":"MioMio Run"},"image":{"@id":"https:\/\/www.miomiorun.com\/de\/#\/schema\/logo\/image\/"},"sameAs":["https:\/\/www.facebook.com\/miomiorun\/","https:\/\/www.instagram.com\/miomiorun\/"]}]}},"_links":{"self":[{"href":"https:\/\/www.miomiorun.com\/de\/wp-json\/wp\/v2\/product\/195281","targetHints":{"allow":["GET"]}}],"collection":[{"href":"https:\/\/www.miomiorun.com\/de\/wp-json\/wp\/v2\/product"}],"about":[{"href":"https:\/\/www.miomiorun.com\/de\/wp-json\/wp\/v2\/types\/product"}],"wp:featuredmedia":[{"embeddable":true,"href":"https:\/\/www.miomiorun.com\/de\/wp-json\/wp\/v2\/media\/326812"}],"wp:attachment":[{"href":"https:\/\/www.miomiorun.com\/de\/wp-json\/wp\/v2\/media?parent=195281"}],"wp:term":[{"taxonomy":"product_brand","embeddable":true,"href":"https:\/\/www.miomiorun.com\/de\/wp-json\/wp\/v2\/product_brand?post=195281"},{"taxonomy":"product_cat","embeddable":true,"href":"https:\/\/www.miomiorun.com\/de\/wp-json\/wp\/v2\/product_cat?post=195281"},{"taxonomy":"product_tag","embeddable":true,"href":"https:\/\/www.miomiorun.com\/de\/wp-json\/wp\/v2\/product_tag?post=195281"}],"curies":[{"name":"wp","href":"https:\/\/api.w.org\/{rel}","templated":true}]}}