{"id":194232,"date":"2024-08-22T14:47:08","date_gmt":"2024-08-22T12:47:08","guid":{"rendered":"https:\/\/miomiorun.com\/?post_type=product&#038;p=194232"},"modified":"2025-12-04T21:14:30","modified_gmt":"2025-12-04T20:14:30","slug":"torrent-4-herren","status":"publish","type":"product","link":"https:\/\/www.miomiorun.com\/de\/produkt\/torrent-4-herren\/","title":{"rendered":"Torrent 4 herren"},"content":{"rendered":"<div class=\"vc-row container\"><div class=\"vc-column\"><div class=\"vc-column-text\">[port_content_box border_top_colour=&#8221;black&#8221; border_radius=&#8221;20&#8243; border_top_width=&#8221;3&#8243; align=&#8221;centre&#8221;]<\/p>\n<h4>Technische Daten<\/h4>\n<p>Kategorie: Top-D\u00e4mpfung<br \/>\nOffset: 5 mm<br \/>\nGewicht: 279 g<br \/>\nIdeal f\u00fcr: Sportler mit mittlerem\/geringem Gewicht, die ein gleichm\u00e4\u00dfiges Lauftempo \u00fcber mittlere bis lange Strecken anstreben. Wie alle Hoka-Trail-Schuhe eignet er sich auch f\u00fcr Bergwanderungen in jedem Gel\u00e4nde und \u00fcber jede Distanz.<br \/>\nAthletengewicht: 70-80 kg<br \/>\nLauftempo: 4.00-5.00 min\/km<br \/>\n<a href=\"https:\/\/miomiorun.com\/de\/leitfaden-fuer-technische-spezifikationen\/\">Spezifikationsf\u00fchrer<\/a><\/p>\n<p>[\/port_content_box]<\/div><\/div><div class=\"vc-column\"><div class=\"vc-column-text\"><\/p>\n<p style=\"text-align: center;\"><strong>Leichte und weiche Traktion auf Trails.<\/strong><\/p>\n<p>Weicher, reaktionsfreudiger, stabiler und langlebiger: Die neue Version des <strong>Torrent 4<\/strong> f\u00fcr M\u00e4nner konzentriert sich auf die D\u00e4mpfung und wurde f\u00fcr die Trails perfektioniert. Die Zwischensohlenmischung wurde verbessert, um ein leichteres und komfortableres Tragegef\u00fchl zu bieten, wobei die H\u00f6he des Stacks erh\u00f6ht wurde, aber sichergestellt ist, dass der Active Foot Frame\u2122 den Fu\u00df fest umschlie\u00dft. Dar\u00fcber hinaus wurde die 5 mm-Stollensohle \u00fcberarbeitet, um einen noch aggressiveren Grip zu erreichen, die abriebfeste Gummiauflage an einer strategischen Stelle der Sohle zu platzieren und eine superweiche Einlegesohle einzuf\u00fcgen, um langfristigen Komfort zu gew\u00e4hrleisten.<\/p>\n<p><strong>Eigenschaften:<\/strong><\/p>\n<ul class=\"features-container\">\n<li style=\"list-style-type: none;\"><\/li>\n<\/ul>\n<ul class=\"features-container\">\n<li class=\"feature-item\">Geformter, gepolsterter Kragen.<\/li>\n<li class=\"feature-item\">Atmungsaktives Obermaterial aus einlagigem Mesh aus recyceltem Polyester (35 %).<\/li>\n<li class=\"feature-item\">W\u00e4rmegeformter St\u00fctzk\u00e4fig.<\/li>\n<li class=\"feature-item\">Flache Zunge mit Zwickel.<\/li>\n<li class=\"feature-item\">3D-gedruckte Einfassung.<\/li>\n<li class=\"feature-item\">Leichte und reaktionsfreudige Zwischensohlenmischung.<\/li>\n<li class=\"feature-item\">MetaRocker\u2122 im Bereich des Ristes.<\/li>\n<li class=\"feature-item\">Active Foot Frame\u2122 konzentriert auf den R\u00fcckfu\u00df.<\/li>\n<li class=\"feature-item\">Strategisch positioniertes Gummifutter f\u00fcr St\u00e4rke und Stabilit\u00e4t.<\/li>\n<li class=\"feature-item\">Aggressive 5 mm abriebfeste Gummipanzerung.<\/li>\n<\/ul>\n<div class=\"description-whatsnew\">\n<p><strong>NEU<\/strong><\/p>\n<p>Von Grund auf erneuertes Modell mit neuem Zwischensohlenschaumstoff, erh\u00f6hter Stack-H\u00f6he, erweitertem Gummi-Overlay mit ver\u00e4nderter Form und Ausrichtung der Schuhelemente und textilem Fersenzieher.<\/p>\n<h2 class=\"card-title mb-3\"><span title=\"\" data-original-title=\"\" data-title=\"Alcune scarpe hanno un supporto integrato superiore, pensato per gli iperpronatori; altre sono in minima parte ortopediche, progettate per garantire ammortizzazione senza ostacolarti.\" data-placement=\"bottom\" data-toggle=\"tooltip\"><span class=\"techspec-bar-title\">Stabilit\u00e4t<\/span><\/span><\/h2>\n<p class=\"tech-spec-product-msg active\">Torrent 4 verf\u00fcgt \u00fcber ein symmetrisches, gepolstertes Bett ohne zus\u00e4tzliche orthop\u00e4dische Technologie. Es bietet Ihnen die Unterst\u00fctzung, die Sie brauchen, ohne \u00fcberfl\u00fcssige Funktionen.<\/p>\n<h2 class=\"card-title mb-3\"><span title=\"\" data-original-title=\"\" data-title=\"Tutte le nostre calzature presentano un\u2019intersuola ammortizzata, progettata per ridurre l\u2019impatto e garantire supporto. La quantit\u00e0 di ammortizzazione e quanto sia compatta o morbida varia da modello a modello.\" data-placement=\"bottom\" data-toggle=\"tooltip\"><span class=\"techspec-bar-title\">D\u00e4mpfung<\/span><\/span><\/h2>\n<p class=\"tech-spec-product-msg active\">Der Torrent 4 wurde entwickelt, um eine sch\u00fctzende D\u00e4mpfung zu bieten und gleichzeitig einen reaktionsfreudigen Schub zu gew\u00e4hrleisten, wenn Sie die Geschwindigkeit erh\u00f6hen m\u00f6chten.<\/p>\n<\/div>\n<p><\/div><\/div><\/div>\n","protected":false},"excerpt":{"rendered":"<ul class=\"features-container\">\n<li class=\"feature-item\">Ideal f\u00fcr alle, die Trailrunning mit hohem Tempo betreiben.<\/li>\n<li class=\"feature-item\">Hervorragend geeignet f\u00fcr alle Gel\u00e4ndetypen und Distanzen.<\/li>\n<\/ul>\n","protected":false},"featured_media":196243,"template":"","meta":{"_acf_changed":false,"inline_featured_image":false},"product_brand":[],"product_cat":[6507,6504],"product_tag":[3373,6226],"class_list":{"0":"post-194232","1":"product","2":"type-product","3":"status-publish","4":"has-post-thumbnail","6":"product_cat-herren-schuhe-de","7":"product_cat-trail","8":"product_tag-hoka-one-one-de","9":"product_tag-hoka-one-one-herren-de","10":"pa_attivita-outdoor-de","11":"pa_attivita-trail-de","12":"pa_colore-torrent-4-black-asphalt-grey-de","13":"pa_colore-torrent-4-charcoal-grey-foggy-night-de","14":"pa_marca-hoka-de","15":"pa_sesso-herren","16":"pa_size-40-de","17":"pa_size-41-de","18":"pa_size-42-de","20":"pa_size-43-de","21":"pa_size-44-de","22":"pa_size-46-de","25":"first","26":"instock","27":"sale","28":"taxable","29":"shipping-taxable","30":"purchasable","31":"product-type-variable","32":"wvs-archive-product-wrapper"},"acf":[],"yoast_head":"<!-- This site is optimized with the Yoast SEO plugin v26.8 - https:\/\/yoast.com\/product\/yoast-seo-wordpress\/ -->\n<title>Hoka Torrent 4 herren - Herren-Trail-Schuhe - MioMioRun.com<\/title>\n<meta name=\"description\" content=\"Weicher, reaktionsfreudiger, stabiler und langlebiger: Die neue Version des Torrent 4 f\u00fcr M\u00e4nner konzentriert sich auf die D\u00e4mpfung und wurde f\u00fcr das Trailriding optimiert.\" \/>\n<meta name=\"robots\" content=\"index, follow, max-snippet:-1, max-image-preview:large, max-video-preview:-1\" \/>\n<link rel=\"canonical\" href=\"https:\/\/www.miomiorun.com\/de\/produkt\/torrent-4-herren\/\" \/>\n<meta property=\"og:locale\" content=\"de_DE\" \/>\n<meta property=\"og:type\" content=\"article\" \/>\n<meta property=\"og:title\" content=\"Hoka Torrent 4 herren - Herren-Trail-Schuhe - MioMioRun.com\" \/>\n<meta property=\"og:description\" content=\"Weicher, reaktionsfreudiger, stabiler und langlebiger: Die neue Version des Torrent 4 f\u00fcr M\u00e4nner konzentriert sich auf die D\u00e4mpfung und wurde f\u00fcr das Trailriding optimiert.\" \/>\n<meta property=\"og:url\" content=\"https:\/\/www.miomiorun.com\/de\/produkt\/torrent-4-herren\/\" \/>\n<meta property=\"og:site_name\" content=\"MioMioRun\" \/>\n<meta property=\"article:publisher\" content=\"https:\/\/www.facebook.com\/miomiorun\/\" \/>\n<meta property=\"article:modified_time\" content=\"2025-12-04T20:14:30+00:00\" \/>\n<meta property=\"og:image\" content=\"https:\/\/www.miomiorun.com\/app\/uploads\/2024\/08\/Hoka-Torrent-4-farro-ultramarine-1155115-FRRL.webp\" \/>\n\t<meta property=\"og:image:width\" content=\"600\" \/>\n\t<meta property=\"og:image:height\" content=\"600\" \/>\n\t<meta property=\"og:image:type\" content=\"image\/webp\" \/>\n<meta name=\"twitter:card\" content=\"summary_large_image\" \/>\n<meta name=\"twitter:label1\" content=\"Est. reading time\" \/>\n\t<meta name=\"twitter:data1\" content=\"2 minutes\" \/>\n<script type=\"application\/ld+json\" class=\"yoast-schema-graph\">{\"@context\":\"https:\/\/schema.org\",\"@graph\":[{\"@type\":\"WebPage\",\"@id\":\"https:\/\/www.miomiorun.com\/de\/produkt\/torrent-4-herren\/\",\"url\":\"https:\/\/www.miomiorun.com\/de\/produkt\/torrent-4-herren\/\",\"name\":\"Hoka Torrent 4 herren - Herren-Trail-Schuhe - MioMioRun.com\",\"isPartOf\":{\"@id\":\"https:\/\/www.miomiorun.com\/de\/#website\"},\"primaryImageOfPage\":{\"@id\":\"https:\/\/www.miomiorun.com\/de\/produkt\/torrent-4-herren\/#primaryimage\"},\"image\":{\"@id\":\"https:\/\/www.miomiorun.com\/de\/produkt\/torrent-4-herren\/#primaryimage\"},\"thumbnailUrl\":\"https:\/\/www.miomiorun.com\/app\/uploads\/2024\/08\/Hoka-Torrent-4-farro-ultramarine-1155115-FRRL.webp\",\"datePublished\":\"2024-08-22T12:47:08+00:00\",\"dateModified\":\"2025-12-04T20:14:30+00:00\",\"description\":\"Weicher, reaktionsfreudiger, stabiler und langlebiger: Die neue Version des Torrent 4 f\u00fcr M\u00e4nner konzentriert sich auf die D\u00e4mpfung und wurde f\u00fcr das Trailriding optimiert.\",\"breadcrumb\":{\"@id\":\"https:\/\/www.miomiorun.com\/de\/produkt\/torrent-4-herren\/#breadcrumb\"},\"inLanguage\":\"de-DE\",\"potentialAction\":[{\"@type\":\"ReadAction\",\"target\":[\"https:\/\/www.miomiorun.com\/de\/produkt\/torrent-4-herren\/\"]}]},{\"@type\":\"ImageObject\",\"inLanguage\":\"de-DE\",\"@id\":\"https:\/\/www.miomiorun.com\/de\/produkt\/torrent-4-herren\/#primaryimage\",\"url\":\"https:\/\/www.miomiorun.com\/app\/uploads\/2024\/08\/Hoka-Torrent-4-farro-ultramarine-1155115-FRRL.webp\",\"contentUrl\":\"https:\/\/www.miomiorun.com\/app\/uploads\/2024\/08\/Hoka-Torrent-4-farro-ultramarine-1155115-FRRL.webp\",\"width\":600,\"height\":600,\"caption\":\"Hoka Torrent 4 farro ultramarine 1155115 FRRL\"},{\"@type\":\"BreadcrumbList\",\"@id\":\"https:\/\/www.miomiorun.com\/de\/produkt\/torrent-4-herren\/#breadcrumb\",\"itemListElement\":[{\"@type\":\"ListItem\",\"position\":1,\"name\":\"Home\",\"item\":\"https:\/\/www.miomiorun.com\/de\/\"},{\"@type\":\"ListItem\",\"position\":2,\"name\":\"Shop\",\"item\":\"https:\/\/www.miomiorun.com\/shop\/\"},{\"@type\":\"ListItem\",\"position\":3,\"name\":\"Torrent 4 herren\"}]},{\"@type\":\"WebSite\",\"@id\":\"https:\/\/www.miomiorun.com\/de\/#website\",\"url\":\"https:\/\/www.miomiorun.com\/de\/\",\"name\":\"MioMioRun\",\"description\":\"100% Lauf- und Trailshop\",\"publisher\":{\"@id\":\"https:\/\/www.miomiorun.com\/de\/#organization\"},\"potentialAction\":[{\"@type\":\"SearchAction\",\"target\":{\"@type\":\"EntryPoint\",\"urlTemplate\":\"https:\/\/www.miomiorun.com\/de\/?s={search_term_string}\"},\"query-input\":{\"@type\":\"PropertyValueSpecification\",\"valueRequired\":true,\"valueName\":\"search_term_string\"}}],\"inLanguage\":\"de-DE\"},{\"@type\":\"Organization\",\"@id\":\"https:\/\/www.miomiorun.com\/de\/#organization\",\"name\":\"MioMio Run\",\"url\":\"https:\/\/www.miomiorun.com\/de\/\",\"logo\":{\"@type\":\"ImageObject\",\"inLanguage\":\"de-DE\",\"@id\":\"https:\/\/www.miomiorun.com\/de\/#\/schema\/logo\/image\/\",\"url\":\"https:\/\/www.miomiorun.com\/app\/uploads\/2019\/12\/logomio.png\",\"contentUrl\":\"https:\/\/www.miomiorun.com\/app\/uploads\/2019\/12\/logomio.png\",\"width\":115,\"height\":82,\"caption\":\"MioMio Run\"},\"image\":{\"@id\":\"https:\/\/www.miomiorun.com\/de\/#\/schema\/logo\/image\/\"},\"sameAs\":[\"https:\/\/www.facebook.com\/miomiorun\/\",\"https:\/\/www.instagram.com\/miomiorun\/\"]}]}<\/script>\n<!-- \/ Yoast SEO plugin. -->","yoast_head_json":{"title":"Hoka Torrent 4 herren - Herren-Trail-Schuhe - MioMioRun.com","description":"Weicher, reaktionsfreudiger, stabiler und langlebiger: Die neue Version des Torrent 4 f\u00fcr M\u00e4nner konzentriert sich auf die D\u00e4mpfung und wurde f\u00fcr das Trailriding optimiert.","robots":{"index":"index","follow":"follow","max-snippet":"max-snippet:-1","max-image-preview":"max-image-preview:large","max-video-preview":"max-video-preview:-1"},"canonical":"https:\/\/www.miomiorun.com\/de\/produkt\/torrent-4-herren\/","og_locale":"de_DE","og_type":"article","og_title":"Hoka Torrent 4 herren - Herren-Trail-Schuhe - MioMioRun.com","og_description":"Weicher, reaktionsfreudiger, stabiler und langlebiger: Die neue Version des Torrent 4 f\u00fcr M\u00e4nner konzentriert sich auf die D\u00e4mpfung und wurde f\u00fcr das Trailriding optimiert.","og_url":"https:\/\/www.miomiorun.com\/de\/produkt\/torrent-4-herren\/","og_site_name":"MioMioRun","article_publisher":"https:\/\/www.facebook.com\/miomiorun\/","article_modified_time":"2025-12-04T20:14:30+00:00","og_image":[{"width":600,"height":600,"url":"https:\/\/www.miomiorun.com\/app\/uploads\/2024\/08\/Hoka-Torrent-4-farro-ultramarine-1155115-FRRL.webp","type":"image\/webp"}],"twitter_card":"summary_large_image","twitter_misc":{"Est. reading time":"2 minutes"},"schema":{"@context":"https:\/\/schema.org","@graph":[{"@type":"WebPage","@id":"https:\/\/www.miomiorun.com\/de\/produkt\/torrent-4-herren\/","url":"https:\/\/www.miomiorun.com\/de\/produkt\/torrent-4-herren\/","name":"Hoka Torrent 4 herren - Herren-Trail-Schuhe - MioMioRun.com","isPartOf":{"@id":"https:\/\/www.miomiorun.com\/de\/#website"},"primaryImageOfPage":{"@id":"https:\/\/www.miomiorun.com\/de\/produkt\/torrent-4-herren\/#primaryimage"},"image":{"@id":"https:\/\/www.miomiorun.com\/de\/produkt\/torrent-4-herren\/#primaryimage"},"thumbnailUrl":"https:\/\/www.miomiorun.com\/app\/uploads\/2024\/08\/Hoka-Torrent-4-farro-ultramarine-1155115-FRRL.webp","datePublished":"2024-08-22T12:47:08+00:00","dateModified":"2025-12-04T20:14:30+00:00","description":"Weicher, reaktionsfreudiger, stabiler und langlebiger: Die neue Version des Torrent 4 f\u00fcr M\u00e4nner konzentriert sich auf die D\u00e4mpfung und wurde f\u00fcr das Trailriding optimiert.","breadcrumb":{"@id":"https:\/\/www.miomiorun.com\/de\/produkt\/torrent-4-herren\/#breadcrumb"},"inLanguage":"de-DE","potentialAction":[{"@type":"ReadAction","target":["https:\/\/www.miomiorun.com\/de\/produkt\/torrent-4-herren\/"]}]},{"@type":"ImageObject","inLanguage":"de-DE","@id":"https:\/\/www.miomiorun.com\/de\/produkt\/torrent-4-herren\/#primaryimage","url":"https:\/\/www.miomiorun.com\/app\/uploads\/2024\/08\/Hoka-Torrent-4-farro-ultramarine-1155115-FRRL.webp","contentUrl":"https:\/\/www.miomiorun.com\/app\/uploads\/2024\/08\/Hoka-Torrent-4-farro-ultramarine-1155115-FRRL.webp","width":600,"height":600,"caption":"Hoka Torrent 4 farro ultramarine 1155115 FRRL"},{"@type":"BreadcrumbList","@id":"https:\/\/www.miomiorun.com\/de\/produkt\/torrent-4-herren\/#breadcrumb","itemListElement":[{"@type":"ListItem","position":1,"name":"Home","item":"https:\/\/www.miomiorun.com\/de\/"},{"@type":"ListItem","position":2,"name":"Shop","item":"https:\/\/www.miomiorun.com\/shop\/"},{"@type":"ListItem","position":3,"name":"Torrent 4 herren"}]},{"@type":"WebSite","@id":"https:\/\/www.miomiorun.com\/de\/#website","url":"https:\/\/www.miomiorun.com\/de\/","name":"MioMioRun","description":"100% Lauf- und Trailshop","publisher":{"@id":"https:\/\/www.miomiorun.com\/de\/#organization"},"potentialAction":[{"@type":"SearchAction","target":{"@type":"EntryPoint","urlTemplate":"https:\/\/www.miomiorun.com\/de\/?s={search_term_string}"},"query-input":{"@type":"PropertyValueSpecification","valueRequired":true,"valueName":"search_term_string"}}],"inLanguage":"de-DE"},{"@type":"Organization","@id":"https:\/\/www.miomiorun.com\/de\/#organization","name":"MioMio Run","url":"https:\/\/www.miomiorun.com\/de\/","logo":{"@type":"ImageObject","inLanguage":"de-DE","@id":"https:\/\/www.miomiorun.com\/de\/#\/schema\/logo\/image\/","url":"https:\/\/www.miomiorun.com\/app\/uploads\/2019\/12\/logomio.png","contentUrl":"https:\/\/www.miomiorun.com\/app\/uploads\/2019\/12\/logomio.png","width":115,"height":82,"caption":"MioMio Run"},"image":{"@id":"https:\/\/www.miomiorun.com\/de\/#\/schema\/logo\/image\/"},"sameAs":["https:\/\/www.facebook.com\/miomiorun\/","https:\/\/www.instagram.com\/miomiorun\/"]}]}},"_links":{"self":[{"href":"https:\/\/www.miomiorun.com\/de\/wp-json\/wp\/v2\/product\/194232","targetHints":{"allow":["GET"]}}],"collection":[{"href":"https:\/\/www.miomiorun.com\/de\/wp-json\/wp\/v2\/product"}],"about":[{"href":"https:\/\/www.miomiorun.com\/de\/wp-json\/wp\/v2\/types\/product"}],"wp:featuredmedia":[{"embeddable":true,"href":"https:\/\/www.miomiorun.com\/de\/wp-json\/wp\/v2\/media\/196243"}],"wp:attachment":[{"href":"https:\/\/www.miomiorun.com\/de\/wp-json\/wp\/v2\/media?parent=194232"}],"wp:term":[{"taxonomy":"product_brand","embeddable":true,"href":"https:\/\/www.miomiorun.com\/de\/wp-json\/wp\/v2\/product_brand?post=194232"},{"taxonomy":"product_cat","embeddable":true,"href":"https:\/\/www.miomiorun.com\/de\/wp-json\/wp\/v2\/product_cat?post=194232"},{"taxonomy":"product_tag","embeddable":true,"href":"https:\/\/www.miomiorun.com\/de\/wp-json\/wp\/v2\/product_tag?post=194232"}],"curies":[{"name":"wp","href":"https:\/\/api.w.org\/{rel}","templated":true}]}}