{"id":193918,"date":"2024-08-20T14:52:12","date_gmt":"2024-08-20T12:52:12","guid":{"rendered":"https:\/\/miomiorun.com\/?post_type=product&#038;p=193918"},"modified":"2026-03-14T15:24:48","modified_gmt":"2026-03-14T14:24:48","slug":"speedgoat-6-youth","status":"publish","type":"product","link":"https:\/\/www.miomiorun.com\/de\/produkt\/speedgoat-6-youth\/","title":{"rendered":"Speedgoat 6 youth"},"content":{"rendered":"<div class=\"vc-row container\"><div class=\"vc-column\"><div class=\"vc-column-text\">[port_content_box border_top_colour=&#8221;black&#8221; border_radius=&#8221;20&#8243; border_top_width=&#8221;3&#8243; align=&#8221;centre&#8221;]<\/p>\n<h4>Technische Daten<\/h4>\n<p>Kategorie: Strukturierte D\u00e4mpfung<br \/>\nGewicht: 231 g<br \/>\nVersatz: 6mm<br \/>\nIdeal f\u00fcr: Jungen, die einen Schuh mit guter D\u00e4mpfung und Struktur brauchen, um Bergpfade zu bew\u00e4ltigen. Ideal f\u00fcr den Einstieg ins Trailrunning oder f\u00fcr Jungen, die bereits mittlere bis lange Distanzen in Angriff nehmen wollen.<br \/>\n<a href=\"https:\/\/miomiorun.com\/de\/leitfaden-fuer-technische-spezifikationen\/\">Specifications guide<\/a><\/p>\n<p>[\/port_content_box]<\/div><\/div><div class=\"vc-column\"><div class=\"vc-column-text\"><\/p>\n<p style=\"text-align: center;\"><strong>Ein Vorreiter f\u00fcr die kommende Generation.<\/strong><\/p>\n<p>Der <strong>Speedgoat 6<\/strong> f\u00fcr Kinder basiert auf der urspr\u00fcnglichen HOKA-Trail-Ikone und bietet die gleiche Leistung und Robustheit wie das Modell, das ihn inspiriert hat. Jetzt ist er sogar noch leichter, dank einer 30 %igen EVA-Zwischensohle aus Zuckerrohr, einer st\u00e4rkeren und tieferen 4,5 mm-Stollensohle, die Traktion auf dem Trail bietet, und mehr recycelten Materialien.<\/p>\n<p style=\"text-align: center;\"><strong>Achtung: Es besteht die Gefahr, dass Sie nicht mit den Kindern mithalten k\u00f6nnen.<\/strong><\/p>\n<p>&nbsp;<\/p>\n<p data-qa=\"productName\"><strong>Eigenschaften:<\/strong><\/p>\n<div class=\"description-techspecs__items\">\n<ul class=\"features-container\">\n<li class=\"feature-item\">Obermaterial aus recyceltem Polyester-Mesh (31%)<\/li>\n<li class=\"feature-item\">Schnelle Schn\u00fcrung<\/li>\n<li class=\"feature-item\">Herausnehmbare geformte Einlegesohle<\/li>\n<li class=\"feature-item\">Zwischensohle aus Zuckerrohr (30%)<\/li>\n<li class=\"feature-item\">Langlebige 3D-gedruckte Zehenverst\u00e4rkung<\/li>\n<li class=\"feature-item\">Abriebfeste Gummi-Au\u00dfensohle<\/li>\n<li class=\"feature-item\">4,5 mm Carrarmato<\/li>\n<li class=\"feature-item\">Fersenzieher, Schn\u00fcrsenkel und Zunge aus recyceltem Polyester (100%)<\/li>\n<li class=\"feature-item\">Mesh des unteren Teils der Ferse und des oberen Teils der Zunge aus recyceltem Polyester (90%)<\/li>\n<li class=\"feature-item\">Mesh des Hauptteils des Obermaterials aus Nylon und recyceltem Polyester (30%)<\/li>\n<\/ul>\n<div class=\"description-whatsnew\">\n<p style=\"text-align: center;\"><strong>NEU<\/strong><\/p>\n<p style=\"text-align: center;\">Die Sohle wurde durch die Einf\u00fchrung einer neuen EVA-Zwischensohle aus Zuckerrohr (30 %) leichter, und wir sind zu einer trailfreundlicheren 4,5 mm-Zwischensohle sowie einer robusten Durabrasion-Au\u00dfensohle \u00fcbergegangen &#8211; alles unter Verwendung von mehr recycelten Materialien.<\/p>\n<p>&nbsp;<\/p>\n<\/div>\n<\/div>\n<p><\/div><\/div><\/div>\n","protected":false},"excerpt":{"rendered":"<ul>\n<li>Schuh f\u00fcr Kinder, die die Berge lieben.<\/li>\n<li>Super gepolstert und mit ausgezeichnetem Grip.<\/li>\n<\/ul>\n","protected":false},"featured_media":194967,"template":"","meta":{"_acf_changed":false,"inline_featured_image":false},"product_brand":[],"product_cat":[19446,19445,6399],"product_tag":[3373,19353,19351],"class_list":{"0":"post-193918","1":"product","2":"type-product","3":"status-publish","4":"has-post-thumbnail","6":"product_cat-kinderschuhe","7":"product_cat-schuhe-fur-madchen","8":"product_cat-kind-de","9":"product_tag-hoka-one-one-de","10":"product_tag-hoka-kind","11":"product_tag-hoka-madchen","12":"pa_attivita-gehen","13":"pa_attivita-lifestyle-de","14":"pa_attivita-outdoor-de","15":"pa_attivita-trail-de","16":"pa_colore-speedgoat-6-y-electric-lemon-black-de","17":"pa_colore-speedgoat-6-y-flower-nectar-neon-tangeri-de","18":"pa_colore-speedgoat-6-y-night-sky-neon-lime-de","19":"pa_colore-speedgoat-6-y-terra-cotta-mountain-fog-de","20":"pa_colore-speedgoat-6-youth-ultramarine-electric-l-de","21":"pa_marca-hoka-de","22":"pa_sesso-damen","23":"pa_sesso-herren","24":"pa_size-36-de","26":"pa_size-37-de","27":"pa_size-38-de","28":"pa_size-39-de","29":"pa_size-40-de","32":"first","33":"instock","34":"sale","35":"taxable","36":"shipping-taxable","37":"purchasable","38":"product-type-variable","39":"wvs-archive-product-wrapper"},"acf":[],"yoast_head":"<!-- This site is optimized with the Yoast SEO plugin v26.8 - https:\/\/yoast.com\/product\/yoast-seo-wordpress\/ -->\n<title>hokaSpeedgoat 6 youth - Kinderlaufschuhe - MioMioRun<\/title>\n<meta name=\"description\" content=\"Der Speedgoat 6 f\u00fcr Kinder basiert auf der Trail-Ikone von HOKA und verf\u00fcgt \u00fcber die gleichen Eigenschaften in Bezug auf Leistung und Robustheit wie das Erwachsenenmodell.\" \/>\n<meta name=\"robots\" content=\"index, follow, max-snippet:-1, max-image-preview:large, max-video-preview:-1\" \/>\n<link rel=\"canonical\" href=\"https:\/\/www.miomiorun.com\/de\/produkt\/speedgoat-6-youth\/\" \/>\n<meta property=\"og:locale\" content=\"de_DE\" \/>\n<meta property=\"og:type\" content=\"article\" \/>\n<meta property=\"og:title\" content=\"hokaSpeedgoat 6 youth - Kinderlaufschuhe - MioMioRun\" \/>\n<meta property=\"og:description\" content=\"Der Speedgoat 6 f\u00fcr Kinder basiert auf der Trail-Ikone von HOKA und verf\u00fcgt \u00fcber die gleichen Eigenschaften in Bezug auf Leistung und Robustheit wie das Erwachsenenmodell.\" \/>\n<meta property=\"og:url\" content=\"https:\/\/www.miomiorun.com\/de\/produkt\/speedgoat-6-youth\/\" \/>\n<meta property=\"og:site_name\" content=\"MioMioRun\" \/>\n<meta property=\"article:publisher\" content=\"https:\/\/www.facebook.com\/miomiorun\/\" \/>\n<meta property=\"article:modified_time\" content=\"2026-03-14T14:24:48+00:00\" \/>\n<meta property=\"og:image\" content=\"https:\/\/www.miomiorun.com\/app\/uploads\/2024\/08\/Hoka-Speedgoat-6-youth-ultramarine-electric-l-1156933-UNL.webp\" \/>\n\t<meta property=\"og:image:width\" content=\"600\" \/>\n\t<meta property=\"og:image:height\" content=\"600\" \/>\n\t<meta property=\"og:image:type\" content=\"image\/webp\" \/>\n<meta name=\"twitter:card\" content=\"summary_large_image\" \/>\n<meta name=\"twitter:label1\" content=\"Est. reading time\" \/>\n\t<meta name=\"twitter:data1\" content=\"1 minute\" \/>\n<script type=\"application\/ld+json\" class=\"yoast-schema-graph\">{\"@context\":\"https:\/\/schema.org\",\"@graph\":[{\"@type\":\"WebPage\",\"@id\":\"https:\/\/www.miomiorun.com\/de\/produkt\/speedgoat-6-youth\/\",\"url\":\"https:\/\/www.miomiorun.com\/de\/produkt\/speedgoat-6-youth\/\",\"name\":\"hokaSpeedgoat 6 youth - Kinderlaufschuhe - MioMioRun\",\"isPartOf\":{\"@id\":\"https:\/\/www.miomiorun.com\/de\/#website\"},\"primaryImageOfPage\":{\"@id\":\"https:\/\/www.miomiorun.com\/de\/produkt\/speedgoat-6-youth\/#primaryimage\"},\"image\":{\"@id\":\"https:\/\/www.miomiorun.com\/de\/produkt\/speedgoat-6-youth\/#primaryimage\"},\"thumbnailUrl\":\"https:\/\/www.miomiorun.com\/app\/uploads\/2024\/08\/Hoka-Speedgoat-6-youth-ultramarine-electric-l-1156933-UNL.webp\",\"datePublished\":\"2024-08-20T12:52:12+00:00\",\"dateModified\":\"2026-03-14T14:24:48+00:00\",\"description\":\"Der Speedgoat 6 f\u00fcr Kinder basiert auf der Trail-Ikone von HOKA und verf\u00fcgt \u00fcber die gleichen Eigenschaften in Bezug auf Leistung und Robustheit wie das Erwachsenenmodell.\",\"breadcrumb\":{\"@id\":\"https:\/\/www.miomiorun.com\/de\/produkt\/speedgoat-6-youth\/#breadcrumb\"},\"inLanguage\":\"de-DE\",\"potentialAction\":[{\"@type\":\"ReadAction\",\"target\":[\"https:\/\/www.miomiorun.com\/de\/produkt\/speedgoat-6-youth\/\"]}]},{\"@type\":\"ImageObject\",\"inLanguage\":\"de-DE\",\"@id\":\"https:\/\/www.miomiorun.com\/de\/produkt\/speedgoat-6-youth\/#primaryimage\",\"url\":\"https:\/\/www.miomiorun.com\/app\/uploads\/2024\/08\/Hoka-Speedgoat-6-youth-ultramarine-electric-l-1156933-UNL.webp\",\"contentUrl\":\"https:\/\/www.miomiorun.com\/app\/uploads\/2024\/08\/Hoka-Speedgoat-6-youth-ultramarine-electric-l-1156933-UNL.webp\",\"width\":600,\"height\":600,\"caption\":\"Hoka Speedgoat 6 youth ultramarine electric l 1156933 UNL\"},{\"@type\":\"BreadcrumbList\",\"@id\":\"https:\/\/www.miomiorun.com\/de\/produkt\/speedgoat-6-youth\/#breadcrumb\",\"itemListElement\":[{\"@type\":\"ListItem\",\"position\":1,\"name\":\"Home\",\"item\":\"https:\/\/www.miomiorun.com\/de\/\"},{\"@type\":\"ListItem\",\"position\":2,\"name\":\"Shop\",\"item\":\"https:\/\/www.miomiorun.com\/shop\/\"},{\"@type\":\"ListItem\",\"position\":3,\"name\":\"Speedgoat 6 youth\"}]},{\"@type\":\"WebSite\",\"@id\":\"https:\/\/www.miomiorun.com\/de\/#website\",\"url\":\"https:\/\/www.miomiorun.com\/de\/\",\"name\":\"MioMioRun\",\"description\":\"100% Lauf- und Trailshop\",\"publisher\":{\"@id\":\"https:\/\/www.miomiorun.com\/de\/#organization\"},\"potentialAction\":[{\"@type\":\"SearchAction\",\"target\":{\"@type\":\"EntryPoint\",\"urlTemplate\":\"https:\/\/www.miomiorun.com\/de\/?s={search_term_string}\"},\"query-input\":{\"@type\":\"PropertyValueSpecification\",\"valueRequired\":true,\"valueName\":\"search_term_string\"}}],\"inLanguage\":\"de-DE\"},{\"@type\":\"Organization\",\"@id\":\"https:\/\/www.miomiorun.com\/de\/#organization\",\"name\":\"MioMio Run\",\"url\":\"https:\/\/www.miomiorun.com\/de\/\",\"logo\":{\"@type\":\"ImageObject\",\"inLanguage\":\"de-DE\",\"@id\":\"https:\/\/www.miomiorun.com\/de\/#\/schema\/logo\/image\/\",\"url\":\"https:\/\/www.miomiorun.com\/app\/uploads\/2019\/12\/logomio.png\",\"contentUrl\":\"https:\/\/www.miomiorun.com\/app\/uploads\/2019\/12\/logomio.png\",\"width\":115,\"height\":82,\"caption\":\"MioMio Run\"},\"image\":{\"@id\":\"https:\/\/www.miomiorun.com\/de\/#\/schema\/logo\/image\/\"},\"sameAs\":[\"https:\/\/www.facebook.com\/miomiorun\/\",\"https:\/\/www.instagram.com\/miomiorun\/\"]}]}<\/script>\n<!-- \/ Yoast SEO plugin. -->","yoast_head_json":{"title":"hokaSpeedgoat 6 youth - Kinderlaufschuhe - MioMioRun","description":"Der Speedgoat 6 f\u00fcr Kinder basiert auf der Trail-Ikone von HOKA und verf\u00fcgt \u00fcber die gleichen Eigenschaften in Bezug auf Leistung und Robustheit wie das Erwachsenenmodell.","robots":{"index":"index","follow":"follow","max-snippet":"max-snippet:-1","max-image-preview":"max-image-preview:large","max-video-preview":"max-video-preview:-1"},"canonical":"https:\/\/www.miomiorun.com\/de\/produkt\/speedgoat-6-youth\/","og_locale":"de_DE","og_type":"article","og_title":"hokaSpeedgoat 6 youth - Kinderlaufschuhe - MioMioRun","og_description":"Der Speedgoat 6 f\u00fcr Kinder basiert auf der Trail-Ikone von HOKA und verf\u00fcgt \u00fcber die gleichen Eigenschaften in Bezug auf Leistung und Robustheit wie das Erwachsenenmodell.","og_url":"https:\/\/www.miomiorun.com\/de\/produkt\/speedgoat-6-youth\/","og_site_name":"MioMioRun","article_publisher":"https:\/\/www.facebook.com\/miomiorun\/","article_modified_time":"2026-03-14T14:24:48+00:00","og_image":[{"width":600,"height":600,"url":"https:\/\/www.miomiorun.com\/app\/uploads\/2024\/08\/Hoka-Speedgoat-6-youth-ultramarine-electric-l-1156933-UNL.webp","type":"image\/webp"}],"twitter_card":"summary_large_image","twitter_misc":{"Est. reading time":"1 minute"},"schema":{"@context":"https:\/\/schema.org","@graph":[{"@type":"WebPage","@id":"https:\/\/www.miomiorun.com\/de\/produkt\/speedgoat-6-youth\/","url":"https:\/\/www.miomiorun.com\/de\/produkt\/speedgoat-6-youth\/","name":"hokaSpeedgoat 6 youth - Kinderlaufschuhe - MioMioRun","isPartOf":{"@id":"https:\/\/www.miomiorun.com\/de\/#website"},"primaryImageOfPage":{"@id":"https:\/\/www.miomiorun.com\/de\/produkt\/speedgoat-6-youth\/#primaryimage"},"image":{"@id":"https:\/\/www.miomiorun.com\/de\/produkt\/speedgoat-6-youth\/#primaryimage"},"thumbnailUrl":"https:\/\/www.miomiorun.com\/app\/uploads\/2024\/08\/Hoka-Speedgoat-6-youth-ultramarine-electric-l-1156933-UNL.webp","datePublished":"2024-08-20T12:52:12+00:00","dateModified":"2026-03-14T14:24:48+00:00","description":"Der Speedgoat 6 f\u00fcr Kinder basiert auf der Trail-Ikone von HOKA und verf\u00fcgt \u00fcber die gleichen Eigenschaften in Bezug auf Leistung und Robustheit wie das Erwachsenenmodell.","breadcrumb":{"@id":"https:\/\/www.miomiorun.com\/de\/produkt\/speedgoat-6-youth\/#breadcrumb"},"inLanguage":"de-DE","potentialAction":[{"@type":"ReadAction","target":["https:\/\/www.miomiorun.com\/de\/produkt\/speedgoat-6-youth\/"]}]},{"@type":"ImageObject","inLanguage":"de-DE","@id":"https:\/\/www.miomiorun.com\/de\/produkt\/speedgoat-6-youth\/#primaryimage","url":"https:\/\/www.miomiorun.com\/app\/uploads\/2024\/08\/Hoka-Speedgoat-6-youth-ultramarine-electric-l-1156933-UNL.webp","contentUrl":"https:\/\/www.miomiorun.com\/app\/uploads\/2024\/08\/Hoka-Speedgoat-6-youth-ultramarine-electric-l-1156933-UNL.webp","width":600,"height":600,"caption":"Hoka Speedgoat 6 youth ultramarine electric l 1156933 UNL"},{"@type":"BreadcrumbList","@id":"https:\/\/www.miomiorun.com\/de\/produkt\/speedgoat-6-youth\/#breadcrumb","itemListElement":[{"@type":"ListItem","position":1,"name":"Home","item":"https:\/\/www.miomiorun.com\/de\/"},{"@type":"ListItem","position":2,"name":"Shop","item":"https:\/\/www.miomiorun.com\/shop\/"},{"@type":"ListItem","position":3,"name":"Speedgoat 6 youth"}]},{"@type":"WebSite","@id":"https:\/\/www.miomiorun.com\/de\/#website","url":"https:\/\/www.miomiorun.com\/de\/","name":"MioMioRun","description":"100% Lauf- und Trailshop","publisher":{"@id":"https:\/\/www.miomiorun.com\/de\/#organization"},"potentialAction":[{"@type":"SearchAction","target":{"@type":"EntryPoint","urlTemplate":"https:\/\/www.miomiorun.com\/de\/?s={search_term_string}"},"query-input":{"@type":"PropertyValueSpecification","valueRequired":true,"valueName":"search_term_string"}}],"inLanguage":"de-DE"},{"@type":"Organization","@id":"https:\/\/www.miomiorun.com\/de\/#organization","name":"MioMio Run","url":"https:\/\/www.miomiorun.com\/de\/","logo":{"@type":"ImageObject","inLanguage":"de-DE","@id":"https:\/\/www.miomiorun.com\/de\/#\/schema\/logo\/image\/","url":"https:\/\/www.miomiorun.com\/app\/uploads\/2019\/12\/logomio.png","contentUrl":"https:\/\/www.miomiorun.com\/app\/uploads\/2019\/12\/logomio.png","width":115,"height":82,"caption":"MioMio Run"},"image":{"@id":"https:\/\/www.miomiorun.com\/de\/#\/schema\/logo\/image\/"},"sameAs":["https:\/\/www.facebook.com\/miomiorun\/","https:\/\/www.instagram.com\/miomiorun\/"]}]}},"_links":{"self":[{"href":"https:\/\/www.miomiorun.com\/de\/wp-json\/wp\/v2\/product\/193918","targetHints":{"allow":["GET"]}}],"collection":[{"href":"https:\/\/www.miomiorun.com\/de\/wp-json\/wp\/v2\/product"}],"about":[{"href":"https:\/\/www.miomiorun.com\/de\/wp-json\/wp\/v2\/types\/product"}],"wp:featuredmedia":[{"embeddable":true,"href":"https:\/\/www.miomiorun.com\/de\/wp-json\/wp\/v2\/media\/194967"}],"wp:attachment":[{"href":"https:\/\/www.miomiorun.com\/de\/wp-json\/wp\/v2\/media?parent=193918"}],"wp:term":[{"taxonomy":"product_brand","embeddable":true,"href":"https:\/\/www.miomiorun.com\/de\/wp-json\/wp\/v2\/product_brand?post=193918"},{"taxonomy":"product_cat","embeddable":true,"href":"https:\/\/www.miomiorun.com\/de\/wp-json\/wp\/v2\/product_cat?post=193918"},{"taxonomy":"product_tag","embeddable":true,"href":"https:\/\/www.miomiorun.com\/de\/wp-json\/wp\/v2\/product_tag?post=193918"}],"curies":[{"name":"wp","href":"https:\/\/api.w.org\/{rel}","templated":true}]}}