{"id":193412,"date":"2024-08-06T15:02:17","date_gmt":"2024-08-06T13:02:17","guid":{"rendered":"https:\/\/miomiorun.com\/?post_type=product&#038;p=193412"},"modified":"2025-03-11T16:43:37","modified_gmt":"2025-03-11T15:43:37","slug":"velociti-4-damen","status":"publish","type":"product","link":"https:\/\/www.miomiorun.com\/de\/produkt\/velociti-4-damen\/","title":{"rendered":"Velociti 4 damen"},"content":{"rendered":"<div class=\"vc-row container\"><div class=\"vc-column\"><div class=\"vc-column-text\">[port_content_box border_top_colour=&#8221;black&#8221; border_radius=&#8221;20&#8243; border_top_width=&#8221;3&#8243; align=&#8221;centre&#8221;]<\/p>\n<p><strong>Technische Daten<\/strong><\/p>\n<p>Kategorie: reaktive D\u00e4mpfung<br \/>\nOffset: 8 mm<br \/>\nGewicht: 187 g<br \/>\nIdeal f\u00fcr: L\u00e4ufer mit neutralem Fu\u00df und mittlerer Sohle, die einen vielseitigen, leichten und ultraschnellen Schuh suchen, mit dem sie m\u00fchelos mittlere Distanzen und sogar Qualit\u00e4tstraining bew\u00e4ltigen k\u00f6nnen.<br \/>\nGewicht des Athleten: 50-65 kg<br \/>\nLauftempo: mittelschnell (4.00-5.30 min\/km)<br \/>\n<a href=\"https:\/\/miomiorun.com\/de\/leitfaden-fuer-technische-spezifikationen\/\">Leitfaden f\u00fcr technische Daten<\/a><\/p>\n<p>[\/port_content_box]<\/div><\/div><div class=\"vc-column\"><div class=\"vc-column-text\">Der brandneue <strong>Velociti 4<\/strong> f\u00fcr Frauen ist mit einer revolution\u00e4ren, leichten, gummifreien und langlebigen D\u00e4mpfung ausgestattet, die ein schnelles Laufgef\u00fchl und eine au\u00dfergew\u00f6hnliche Bodenhaftung bietet, w\u00e4hrend Sie trainieren, um Ihre beste Leistung zu erbringen.<\/p>\n<p><strong>Eigenschaften:<\/strong><\/p>\n<div id=\"acc-1\" class=\"g-accordion-content collapse show\">\n<ul class=\"t-tabs_data\">\n<li class=\"t-tabs_list\">Flachgestricktes Obermaterial bietet dynamischen Stretch, eine gute Passform und Atmungsaktivit\u00e4t in den Bereichen, in denen sie am meisten ben\u00f6tigt wird<\/li>\n<li class=\"t-tabs_list\">Schaumstoffkragen mit verbesserter Struktur und Dicke f\u00fcr \u00fcberragenden Komfort und Stabilit\u00e4t beim Fersenauftritt<\/li>\n<li class=\"t-tabs_list\">Das EVA-Fu\u00dfbett sorgt f\u00fcr Elastizit\u00e4t und Sprungkraft bei jedem Schritt<\/li>\n<li class=\"t-tabs_list\">Die einteilige Flow-Zwischensohle ist weicher und leichter und bietet reaktionsfreudige, lang anhaltende D\u00e4mpfung<\/li>\n<li class=\"t-tabs_list\">Die Flow-Technologie macht die Gummi-Au\u00dfensohle \u00fcberfl\u00fcssig und sorgt f\u00fcr ein leichteres, fl\u00fcssigeres Laufgef\u00fchl auf jedem Untergrund<\/li>\n<li class=\"t-tabs_list\">Das Sohlenprofil ist sehr haltbar und griffig f\u00fcr einen fl\u00fcssigen und nat\u00fcrlichen Gang<\/li>\n<\/ul>\n<p>&nbsp;<\/p>\n<\/div>\n<p><\/div><\/div><\/div>\n","protected":false},"excerpt":{"rendered":"<ul>\n<li>Leichter Schuh.<\/li>\n<li>Perfekt f\u00fcr Ihre schnellen Trainingseinheiten.<\/li>\n<\/ul>\n","protected":false},"featured_media":194530,"template":"","meta":{"_acf_changed":false,"inline_featured_image":false},"product_brand":[],"product_cat":[6474,6475],"product_tag":[20482,20495],"class_list":{"0":"post-193412","1":"product","2":"type-product","3":"status-publish","4":"has-post-thumbnail","6":"product_cat-damenschuhe","7":"product_cat-neutral","8":"product_tag-under-armour-de","9":"product_tag-under-armour-damen","10":"pa_attivita-fitness-de","11":"pa_attivita-gehen","12":"pa_attivita-running-de","13":"pa_colore-velociti-4-se-w-white-de","14":"pa_colore-velociti-4-w-black-anthracite-white-de","15":"pa_colore-velociti-4-w-white-hyper-green-halo-gray-de","16":"pa_marca-under-armour-de","17":"pa_sesso-damen","18":"pa_size-37-5-de","19":"pa_size-38-de","20":"pa_size-38-5-de","21":"pa_size-39-de","22":"pa_size-40-de","23":"pa_size-40-5-de","25":"first","26":"instock","27":"sale","28":"taxable","29":"shipping-taxable","30":"purchasable","31":"product-type-variable","32":"wvs-archive-product-wrapper"},"acf":[],"yoast_head":"<!-- This site is optimized with the Yoast SEO plugin v26.8 - https:\/\/yoast.com\/product\/yoast-seo-wordpress\/ -->\n<title>Under Armour Velociti 4 damen - Damen-Laufschuhe - MioMioRun<\/title>\n<meta name=\"description\" content=\"Der brandneue Velociti 4 f\u00fcr Damen ist mit einer revolution\u00e4ren, leichten, gummifreien und langlebigen D\u00e4mpfung ausgestattet und bietet ein schnelles Laufgef\u00fchl.\" \/>\n<meta name=\"robots\" content=\"index, follow, max-snippet:-1, max-image-preview:large, max-video-preview:-1\" \/>\n<link rel=\"canonical\" href=\"https:\/\/www.miomiorun.com\/de\/produkt\/velociti-4-damen\/\" \/>\n<meta property=\"og:locale\" content=\"de_DE\" \/>\n<meta property=\"og:type\" content=\"article\" \/>\n<meta property=\"og:title\" content=\"Under Armour Velociti 4 damen - Damen-Laufschuhe - MioMioRun\" \/>\n<meta property=\"og:description\" content=\"Der brandneue Velociti 4 f\u00fcr Damen ist mit einer revolution\u00e4ren, leichten, gummifreien und langlebigen D\u00e4mpfung ausgestattet und bietet ein schnelles Laufgef\u00fchl.\" \/>\n<meta property=\"og:url\" content=\"https:\/\/www.miomiorun.com\/de\/produkt\/velociti-4-damen\/\" \/>\n<meta property=\"og:site_name\" content=\"MioMioRun\" \/>\n<meta property=\"article:publisher\" content=\"https:\/\/www.facebook.com\/miomiorun\/\" \/>\n<meta property=\"article:modified_time\" content=\"2025-03-11T15:43:37+00:00\" \/>\n<meta property=\"og:image\" content=\"https:\/\/www.miomiorun.com\/app\/uploads\/2024\/08\/Under-Armour-Velociti-4-SE-W-white-3027586-0102.webp\" \/>\n\t<meta property=\"og:image:width\" content=\"600\" \/>\n\t<meta property=\"og:image:height\" content=\"600\" \/>\n\t<meta property=\"og:image:type\" content=\"image\/webp\" \/>\n<meta name=\"twitter:card\" content=\"summary_large_image\" \/>\n<meta name=\"twitter:label1\" content=\"Est. reading time\" \/>\n\t<meta name=\"twitter:data1\" content=\"2 minutes\" \/>\n<script type=\"application\/ld+json\" class=\"yoast-schema-graph\">{\"@context\":\"https:\/\/schema.org\",\"@graph\":[{\"@type\":\"WebPage\",\"@id\":\"https:\/\/www.miomiorun.com\/de\/produkt\/velociti-4-damen\/\",\"url\":\"https:\/\/www.miomiorun.com\/de\/produkt\/velociti-4-damen\/\",\"name\":\"Under Armour Velociti 4 damen - Damen-Laufschuhe - MioMioRun\",\"isPartOf\":{\"@id\":\"https:\/\/www.miomiorun.com\/de\/#website\"},\"primaryImageOfPage\":{\"@id\":\"https:\/\/www.miomiorun.com\/de\/produkt\/velociti-4-damen\/#primaryimage\"},\"image\":{\"@id\":\"https:\/\/www.miomiorun.com\/de\/produkt\/velociti-4-damen\/#primaryimage\"},\"thumbnailUrl\":\"https:\/\/www.miomiorun.com\/app\/uploads\/2024\/08\/Under-Armour-Velociti-4-SE-W-white-3027586-0102.webp\",\"datePublished\":\"2024-08-06T13:02:17+00:00\",\"dateModified\":\"2025-03-11T15:43:37+00:00\",\"description\":\"Der brandneue Velociti 4 f\u00fcr Damen ist mit einer revolution\u00e4ren, leichten, gummifreien und langlebigen D\u00e4mpfung ausgestattet und bietet ein schnelles Laufgef\u00fchl.\",\"breadcrumb\":{\"@id\":\"https:\/\/www.miomiorun.com\/de\/produkt\/velociti-4-damen\/#breadcrumb\"},\"inLanguage\":\"de-DE\",\"potentialAction\":[{\"@type\":\"ReadAction\",\"target\":[\"https:\/\/www.miomiorun.com\/de\/produkt\/velociti-4-damen\/\"]}]},{\"@type\":\"ImageObject\",\"inLanguage\":\"de-DE\",\"@id\":\"https:\/\/www.miomiorun.com\/de\/produkt\/velociti-4-damen\/#primaryimage\",\"url\":\"https:\/\/www.miomiorun.com\/app\/uploads\/2024\/08\/Under-Armour-Velociti-4-SE-W-white-3027586-0102.webp\",\"contentUrl\":\"https:\/\/www.miomiorun.com\/app\/uploads\/2024\/08\/Under-Armour-Velociti-4-SE-W-white-3027586-0102.webp\",\"width\":600,\"height\":600,\"caption\":\"Under Armour Velociti 4 SE W white 3027586 0102\"},{\"@type\":\"BreadcrumbList\",\"@id\":\"https:\/\/www.miomiorun.com\/de\/produkt\/velociti-4-damen\/#breadcrumb\",\"itemListElement\":[{\"@type\":\"ListItem\",\"position\":1,\"name\":\"Home\",\"item\":\"https:\/\/www.miomiorun.com\/de\/\"},{\"@type\":\"ListItem\",\"position\":2,\"name\":\"Shop\",\"item\":\"https:\/\/www.miomiorun.com\/shop\/\"},{\"@type\":\"ListItem\",\"position\":3,\"name\":\"Velociti 4 damen\"}]},{\"@type\":\"WebSite\",\"@id\":\"https:\/\/www.miomiorun.com\/de\/#website\",\"url\":\"https:\/\/www.miomiorun.com\/de\/\",\"name\":\"MioMioRun\",\"description\":\"100% Lauf- und Trailshop\",\"publisher\":{\"@id\":\"https:\/\/www.miomiorun.com\/de\/#organization\"},\"potentialAction\":[{\"@type\":\"SearchAction\",\"target\":{\"@type\":\"EntryPoint\",\"urlTemplate\":\"https:\/\/www.miomiorun.com\/de\/?s={search_term_string}\"},\"query-input\":{\"@type\":\"PropertyValueSpecification\",\"valueRequired\":true,\"valueName\":\"search_term_string\"}}],\"inLanguage\":\"de-DE\"},{\"@type\":\"Organization\",\"@id\":\"https:\/\/www.miomiorun.com\/de\/#organization\",\"name\":\"MioMio Run\",\"url\":\"https:\/\/www.miomiorun.com\/de\/\",\"logo\":{\"@type\":\"ImageObject\",\"inLanguage\":\"de-DE\",\"@id\":\"https:\/\/www.miomiorun.com\/de\/#\/schema\/logo\/image\/\",\"url\":\"https:\/\/www.miomiorun.com\/app\/uploads\/2019\/12\/logomio.png\",\"contentUrl\":\"https:\/\/www.miomiorun.com\/app\/uploads\/2019\/12\/logomio.png\",\"width\":115,\"height\":82,\"caption\":\"MioMio Run\"},\"image\":{\"@id\":\"https:\/\/www.miomiorun.com\/de\/#\/schema\/logo\/image\/\"},\"sameAs\":[\"https:\/\/www.facebook.com\/miomiorun\/\",\"https:\/\/www.instagram.com\/miomiorun\/\"]}]}<\/script>\n<!-- \/ Yoast SEO plugin. -->","yoast_head_json":{"title":"Under Armour Velociti 4 damen - Damen-Laufschuhe - MioMioRun","description":"Der brandneue Velociti 4 f\u00fcr Damen ist mit einer revolution\u00e4ren, leichten, gummifreien und langlebigen D\u00e4mpfung ausgestattet und bietet ein schnelles Laufgef\u00fchl.","robots":{"index":"index","follow":"follow","max-snippet":"max-snippet:-1","max-image-preview":"max-image-preview:large","max-video-preview":"max-video-preview:-1"},"canonical":"https:\/\/www.miomiorun.com\/de\/produkt\/velociti-4-damen\/","og_locale":"de_DE","og_type":"article","og_title":"Under Armour Velociti 4 damen - Damen-Laufschuhe - MioMioRun","og_description":"Der brandneue Velociti 4 f\u00fcr Damen ist mit einer revolution\u00e4ren, leichten, gummifreien und langlebigen D\u00e4mpfung ausgestattet und bietet ein schnelles Laufgef\u00fchl.","og_url":"https:\/\/www.miomiorun.com\/de\/produkt\/velociti-4-damen\/","og_site_name":"MioMioRun","article_publisher":"https:\/\/www.facebook.com\/miomiorun\/","article_modified_time":"2025-03-11T15:43:37+00:00","og_image":[{"width":600,"height":600,"url":"https:\/\/www.miomiorun.com\/app\/uploads\/2024\/08\/Under-Armour-Velociti-4-SE-W-white-3027586-0102.webp","type":"image\/webp"}],"twitter_card":"summary_large_image","twitter_misc":{"Est. reading time":"2 minutes"},"schema":{"@context":"https:\/\/schema.org","@graph":[{"@type":"WebPage","@id":"https:\/\/www.miomiorun.com\/de\/produkt\/velociti-4-damen\/","url":"https:\/\/www.miomiorun.com\/de\/produkt\/velociti-4-damen\/","name":"Under Armour Velociti 4 damen - Damen-Laufschuhe - MioMioRun","isPartOf":{"@id":"https:\/\/www.miomiorun.com\/de\/#website"},"primaryImageOfPage":{"@id":"https:\/\/www.miomiorun.com\/de\/produkt\/velociti-4-damen\/#primaryimage"},"image":{"@id":"https:\/\/www.miomiorun.com\/de\/produkt\/velociti-4-damen\/#primaryimage"},"thumbnailUrl":"https:\/\/www.miomiorun.com\/app\/uploads\/2024\/08\/Under-Armour-Velociti-4-SE-W-white-3027586-0102.webp","datePublished":"2024-08-06T13:02:17+00:00","dateModified":"2025-03-11T15:43:37+00:00","description":"Der brandneue Velociti 4 f\u00fcr Damen ist mit einer revolution\u00e4ren, leichten, gummifreien und langlebigen D\u00e4mpfung ausgestattet und bietet ein schnelles Laufgef\u00fchl.","breadcrumb":{"@id":"https:\/\/www.miomiorun.com\/de\/produkt\/velociti-4-damen\/#breadcrumb"},"inLanguage":"de-DE","potentialAction":[{"@type":"ReadAction","target":["https:\/\/www.miomiorun.com\/de\/produkt\/velociti-4-damen\/"]}]},{"@type":"ImageObject","inLanguage":"de-DE","@id":"https:\/\/www.miomiorun.com\/de\/produkt\/velociti-4-damen\/#primaryimage","url":"https:\/\/www.miomiorun.com\/app\/uploads\/2024\/08\/Under-Armour-Velociti-4-SE-W-white-3027586-0102.webp","contentUrl":"https:\/\/www.miomiorun.com\/app\/uploads\/2024\/08\/Under-Armour-Velociti-4-SE-W-white-3027586-0102.webp","width":600,"height":600,"caption":"Under Armour Velociti 4 SE W white 3027586 0102"},{"@type":"BreadcrumbList","@id":"https:\/\/www.miomiorun.com\/de\/produkt\/velociti-4-damen\/#breadcrumb","itemListElement":[{"@type":"ListItem","position":1,"name":"Home","item":"https:\/\/www.miomiorun.com\/de\/"},{"@type":"ListItem","position":2,"name":"Shop","item":"https:\/\/www.miomiorun.com\/shop\/"},{"@type":"ListItem","position":3,"name":"Velociti 4 damen"}]},{"@type":"WebSite","@id":"https:\/\/www.miomiorun.com\/de\/#website","url":"https:\/\/www.miomiorun.com\/de\/","name":"MioMioRun","description":"100% Lauf- und Trailshop","publisher":{"@id":"https:\/\/www.miomiorun.com\/de\/#organization"},"potentialAction":[{"@type":"SearchAction","target":{"@type":"EntryPoint","urlTemplate":"https:\/\/www.miomiorun.com\/de\/?s={search_term_string}"},"query-input":{"@type":"PropertyValueSpecification","valueRequired":true,"valueName":"search_term_string"}}],"inLanguage":"de-DE"},{"@type":"Organization","@id":"https:\/\/www.miomiorun.com\/de\/#organization","name":"MioMio Run","url":"https:\/\/www.miomiorun.com\/de\/","logo":{"@type":"ImageObject","inLanguage":"de-DE","@id":"https:\/\/www.miomiorun.com\/de\/#\/schema\/logo\/image\/","url":"https:\/\/www.miomiorun.com\/app\/uploads\/2019\/12\/logomio.png","contentUrl":"https:\/\/www.miomiorun.com\/app\/uploads\/2019\/12\/logomio.png","width":115,"height":82,"caption":"MioMio Run"},"image":{"@id":"https:\/\/www.miomiorun.com\/de\/#\/schema\/logo\/image\/"},"sameAs":["https:\/\/www.facebook.com\/miomiorun\/","https:\/\/www.instagram.com\/miomiorun\/"]}]}},"_links":{"self":[{"href":"https:\/\/www.miomiorun.com\/de\/wp-json\/wp\/v2\/product\/193412","targetHints":{"allow":["GET"]}}],"collection":[{"href":"https:\/\/www.miomiorun.com\/de\/wp-json\/wp\/v2\/product"}],"about":[{"href":"https:\/\/www.miomiorun.com\/de\/wp-json\/wp\/v2\/types\/product"}],"wp:featuredmedia":[{"embeddable":true,"href":"https:\/\/www.miomiorun.com\/de\/wp-json\/wp\/v2\/media\/194530"}],"wp:attachment":[{"href":"https:\/\/www.miomiorun.com\/de\/wp-json\/wp\/v2\/media?parent=193412"}],"wp:term":[{"taxonomy":"product_brand","embeddable":true,"href":"https:\/\/www.miomiorun.com\/de\/wp-json\/wp\/v2\/product_brand?post=193412"},{"taxonomy":"product_cat","embeddable":true,"href":"https:\/\/www.miomiorun.com\/de\/wp-json\/wp\/v2\/product_cat?post=193412"},{"taxonomy":"product_tag","embeddable":true,"href":"https:\/\/www.miomiorun.com\/de\/wp-json\/wp\/v2\/product_tag?post=193412"}],"curies":[{"name":"wp","href":"https:\/\/api.w.org\/{rel}","templated":true}]}}