{"id":192349,"date":"2024-07-30T15:02:30","date_gmt":"2024-07-30T13:02:30","guid":{"rendered":"https:\/\/miomiorun.com\/?post_type=product&#038;p=192349"},"modified":"2025-06-30T15:52:57","modified_gmt":"2025-06-30T13:52:57","slug":"infinite-elite-damen","status":"publish","type":"product","link":"https:\/\/www.miomiorun.com\/de\/produkt\/infinite-elite-damen\/","title":{"rendered":"Infinite Elite damen"},"content":{"rendered":"<div class=\"vc-row container\"><div class=\"vc-column\"><div class=\"vc-column-text\"><\/p>\n<h4>Technische Daten<\/h4>\n<p>Kategorie: supergepolstert<br \/>\nVersatz: 8 mm<br \/>\nGewicht: 264 g<br \/>\nIdeal f\u00fcr :Der supergepolsterte Schuh von Under Armour ist immer ideal f\u00fcr diejenigen, die einen sch\u00fctzenden und weichen Schuh suchen. Wer ein h\u00f6heres Gewicht hat, einen etwas langsameren Schritt hat oder auf der Suche nach exzellentem Komfort f\u00fcr mittlere bis lange Strecken ist, ist mit dem Infinite Elite gut beraten.<br \/>\nAthletengewicht: &gt; 70 kg<br \/>\nLauftempo: &gt; 5.30 min\/km<br \/>\n<a href=\"https:\/\/miomiorun.com\/de\/leitfaden-fuer-technische-spezifikationen\/\">Leitfaden zu den Spezifikationen<\/a><\/p>\n<p><\/div><\/div><div class=\"vc-column\"><div class=\"vc-column-text\"><\/p>\n<h2>Trainieren Sie, um Ihre Ausdauer zu verbessern?<\/h2>\n<p>Der <strong>Under Armour<\/strong> Women&#8217;s <strong>Infinite Elite<\/strong> ist der ultimative Schuh f\u00fcr Laufbegeisterte, die das Beste aus ihren Schuhen herausholen wollen. Mit der reaktionsfreudigen <strong>UA HOVR+<\/strong> D\u00e4mpfung bieten diese Schuhe unvergleichliche Unterst\u00fctzung, reduzieren die Erm\u00fcdung und erm\u00f6glichen es Ihnen, ein hohes Tempo f\u00fcr l\u00e4nger zu halten.<\/p>\n<p>Dieser Laufschuh h\u00e4lt Ihre Beine frisch f\u00fcr endlose Konditionierung Macht. Wenn es an der Zeit ist zu spielen, bist du schneller als alle anderen.<\/p>\n<h3>Eigenschaften:<\/h3>\n<ul>\n<li>Ideal f\u00fcr L\u00e4ufer, die maximale Vielseitigkeit sowohl f\u00fcr schnelle Workouts als auch f\u00fcr langsamere lange L\u00e4ufe suchen.<\/li>\n<li>UA Intelliknit Mesh-Obermaterial, langlebig und atmungsaktiv, mit einer Textur, die sich der Form des Fu\u00dfes beim Laufen anpasst.<\/li>\n<li>Zwischensohle aus HOVR+-Mischung, die 20% leichter, weicher und reaktionsfreudiger ist als die herk\u00f6mmliche HOVR-Mischung, d\u00e4mpft jeden Aufprall und spart wertvolle Energie.<\/li>\n<li>Strapazierf\u00e4hige Thinweb-Gummiau\u00dfensohle f\u00fcr maximalen Grip und Traktion. Die abgeschr\u00e4gte Form unter der Ferse erm\u00f6glicht eine weiche Landung und einen sanfteren \u00dcbergang von der Ferse zu den Zehen.<\/li>\n<li>Flache Schn\u00fcrsenkel mit direkt in das Obermaterial integrierten \u00d6sen erm\u00f6glichen es der Struktur, sich um den Fu\u00df zu wickeln, ohne Druck auf den Fu\u00dfr\u00fccken zu erzeugen.<\/li>\n<li>Leicht gepolsterte Zunge, die teilweise in die Struktur integriert ist.<\/li>\n<li>Gepolsterter, verl\u00e4ngerter Kragen auf der R\u00fcckseite, der mehr Komfort f\u00fcr die Achillessehne bietet.<\/li>\n<li>Clip an der Basis der Schale aus st\u00e4rkerem Material, das die Ferse w\u00e4hrend des Schritts blockiert.<\/li>\n<li>Akzent auf der R\u00fcckseite, die die Passform erleichtert.<\/li>\n<li>Reflektierende Details.<\/li>\n<li>Herausnehmbare, konturierte Einlegesohle<\/li>\n<\/ul>\n<div class=\"module__primary-text module__text-headline2 cm-richtext\">\n<div>\n<h2><\/h2>\n<h2>ENDLOSES LAUFEN. UNSCHLAGBARE AUSDAUER.<\/h2>\n<\/div>\n<\/div>\n<div class=\"module__columns\">\n<div class=\"module__secondary-text cm-richtext\">\n<div>\n<p>Dank des explosiven Schuhwerks bist du vom ersten Schritt an nicht zu stoppen: Die weiche und geschmeidige UA HOVR+ D\u00e4mpfung hilft dir, deine Beine leicht zu halten und jede Strecke zu bew\u00e4ltigen.<\/p>\n<div class=\"module__list-item-text cm-richtext\">\n<div>\n<h3>UNENDLICHER SCHWUNG<\/h3>\n<\/div>\n<\/div>\n<div class=\"module__list-item-subtitle cm-richtext\">\n<div>\n<p>Die ultra-elastische und weiche UA HOVR+ D\u00e4mpfung gibt dir vom Start bis zum Ziel einen treibenden Schwung.<\/p>\n<div class=\"module__list-item-text cm-richtext\">\n<div>\n<h3>MAXIMALE STABILIT\u00c4T<\/h3>\n<\/div>\n<\/div>\n<div class=\"module__list-item-subtitle cm-richtext\">\n<div>\n<p>Das adaptive UA IntelliKnit-Obermaterial folgt Ihrem Schritt und sorgt f\u00fcr perfekten Halt, egal wie weit Sie gehen wollen.<\/p>\n<div class=\"module__list-item-text cm-richtext\">\n<div>\n<h3>WEICHE LANDUNGEN<\/h3>\n<\/div>\n<\/div>\n<div class=\"module__list-item-subtitle cm-richtext\">\n<div>\n<p>Das schr\u00e4ge Fersendesign und die leichte, strapazierf\u00e4hige Gummisohle absorbieren St\u00f6\u00dfe und geben Ihnen ein weiches und stabiles Gef\u00fchl.<\/p>\n<div class=\"module__primary-text module__text-headline2 cm-richtext\">\n<div>\n<h2>WAS IST UA HOVR+?<\/h2>\n<\/div>\n<\/div>\n<div class=\"module__columns\">\n<div class=\"module__secondary-text cm-richtext\">\n<div>\n<p>Die UA HOVR\u2122+ D\u00e4mpfung gibt die verbrauchte Energie in einem federnden Schub zur\u00fcck, der dich bei Langstreckenl\u00e4ufen begleitet, indem kleine Schaumstoffkugeln zusammengef\u00fcgt werden, um jeden Aufprall abzufedern und so wertvolle Energie zu sparen.<\/p>\n<\/div>\n<\/div>\n<\/div>\n<\/div>\n<\/div>\n<\/div>\n<\/div>\n<\/div>\n<\/div>\n<\/div>\n<\/div>\n<\/div>\n<p><\/div><\/div><\/div>\n","protected":false},"excerpt":{"rendered":"<ul>\n<li>Ideal f\u00fcr L\u00e4ufer, die einen Schuh f\u00fcr schnelles Training und langsamere lange L\u00e4ufe suchen.<\/li>\n<li>Ausgestattet mit hervorragender D\u00e4mpfung.<\/li>\n<li>Ideal f\u00fcr die Verbesserung der Ausdauer.<\/li>\n<\/ul>\n","protected":false},"featured_media":194470,"template":"","meta":{"_acf_changed":false,"inline_featured_image":false},"product_brand":[],"product_cat":[6501,6538],"product_tag":[20482,20495],"class_list":{"0":"post-192349","1":"product","2":"type-product","3":"status-publish","4":"has-post-thumbnail","6":"product_cat-sale-damen-schuhe-de","7":"product_cat-neutral-damen-sale-de","8":"product_tag-under-armour-de","9":"product_tag-under-armour-damen","10":"pa_attivita-gehen","11":"pa_attivita-lifestyle-de","12":"pa_attivita-running-de","13":"pa_colore-infinite-elite-w-white-de","14":"pa_marca-under-armour-de","15":"pa_sesso-damen","16":"pa_size-38-5-de","17":"pa_size-40-de","19":"first","20":"instock","21":"sale","22":"taxable","23":"shipping-taxable","24":"purchasable","25":"product-type-variable","26":"wvs-archive-product-wrapper"},"acf":[],"yoast_head":"<!-- This site is optimized with the Yoast SEO plugin v26.8 - https:\/\/yoast.com\/product\/yoast-seo-wordpress\/ -->\n<title>Under ArmourInfinite Elite damen - Damen-Laufschuhe- MioMioRun .com<\/title>\n<meta name=\"description\" content=\"Der Under Armour Infinite Elite Damenschuh ist die letzte Grenze f\u00fcr Laufbegeisterte, die das Beste aus ihren Schuhen herausholen wollen.\" \/>\n<meta name=\"robots\" content=\"index, follow, max-snippet:-1, max-image-preview:large, max-video-preview:-1\" \/>\n<link rel=\"canonical\" href=\"https:\/\/www.miomiorun.com\/de\/produkt\/infinite-elite-damen\/\" \/>\n<meta property=\"og:locale\" content=\"de_DE\" \/>\n<meta property=\"og:type\" content=\"article\" \/>\n<meta property=\"og:title\" content=\"Under ArmourInfinite Elite damen - Damen-Laufschuhe- MioMioRun .com\" \/>\n<meta property=\"og:description\" content=\"Der Under Armour Infinite Elite Damenschuh ist die letzte Grenze f\u00fcr Laufbegeisterte, die das Beste aus ihren Schuhen herausholen wollen.\" \/>\n<meta property=\"og:url\" content=\"https:\/\/www.miomiorun.com\/de\/produkt\/infinite-elite-damen\/\" \/>\n<meta property=\"og:site_name\" content=\"MioMioRun\" \/>\n<meta property=\"article:publisher\" content=\"https:\/\/www.facebook.com\/miomiorun\/\" \/>\n<meta property=\"article:modified_time\" content=\"2025-06-30T13:52:57+00:00\" \/>\n<meta property=\"og:image\" content=\"https:\/\/www.miomiorun.com\/app\/uploads\/2024\/08\/Under-Armour-Infinite-Elite-W-white-3027199-0102.webp\" \/>\n\t<meta property=\"og:image:width\" content=\"600\" \/>\n\t<meta property=\"og:image:height\" content=\"600\" \/>\n\t<meta property=\"og:image:type\" content=\"image\/webp\" \/>\n<meta name=\"twitter:card\" content=\"summary_large_image\" \/>\n<meta name=\"twitter:label1\" content=\"Est. reading time\" \/>\n\t<meta name=\"twitter:data1\" content=\"3 minutes\" \/>\n<script type=\"application\/ld+json\" class=\"yoast-schema-graph\">{\"@context\":\"https:\/\/schema.org\",\"@graph\":[{\"@type\":\"WebPage\",\"@id\":\"https:\/\/www.miomiorun.com\/de\/produkt\/infinite-elite-damen\/\",\"url\":\"https:\/\/www.miomiorun.com\/de\/produkt\/infinite-elite-damen\/\",\"name\":\"Under ArmourInfinite Elite damen - Damen-Laufschuhe- MioMioRun .com\",\"isPartOf\":{\"@id\":\"https:\/\/www.miomiorun.com\/de\/#website\"},\"primaryImageOfPage\":{\"@id\":\"https:\/\/www.miomiorun.com\/de\/produkt\/infinite-elite-damen\/#primaryimage\"},\"image\":{\"@id\":\"https:\/\/www.miomiorun.com\/de\/produkt\/infinite-elite-damen\/#primaryimage\"},\"thumbnailUrl\":\"https:\/\/www.miomiorun.com\/app\/uploads\/2024\/08\/Under-Armour-Infinite-Elite-W-white-3027199-0102.webp\",\"datePublished\":\"2024-07-30T13:02:30+00:00\",\"dateModified\":\"2025-06-30T13:52:57+00:00\",\"description\":\"Der Under Armour Infinite Elite Damenschuh ist die letzte Grenze f\u00fcr Laufbegeisterte, die das Beste aus ihren Schuhen herausholen wollen.\",\"breadcrumb\":{\"@id\":\"https:\/\/www.miomiorun.com\/de\/produkt\/infinite-elite-damen\/#breadcrumb\"},\"inLanguage\":\"de-DE\",\"potentialAction\":[{\"@type\":\"ReadAction\",\"target\":[\"https:\/\/www.miomiorun.com\/de\/produkt\/infinite-elite-damen\/\"]}]},{\"@type\":\"ImageObject\",\"inLanguage\":\"de-DE\",\"@id\":\"https:\/\/www.miomiorun.com\/de\/produkt\/infinite-elite-damen\/#primaryimage\",\"url\":\"https:\/\/www.miomiorun.com\/app\/uploads\/2024\/08\/Under-Armour-Infinite-Elite-W-white-3027199-0102.webp\",\"contentUrl\":\"https:\/\/www.miomiorun.com\/app\/uploads\/2024\/08\/Under-Armour-Infinite-Elite-W-white-3027199-0102.webp\",\"width\":600,\"height\":600,\"caption\":\"Under Armour Infinite Elite W white 3027199 0102\"},{\"@type\":\"BreadcrumbList\",\"@id\":\"https:\/\/www.miomiorun.com\/de\/produkt\/infinite-elite-damen\/#breadcrumb\",\"itemListElement\":[{\"@type\":\"ListItem\",\"position\":1,\"name\":\"Home\",\"item\":\"https:\/\/www.miomiorun.com\/de\/\"},{\"@type\":\"ListItem\",\"position\":2,\"name\":\"Shop\",\"item\":\"https:\/\/www.miomiorun.com\/shop\/\"},{\"@type\":\"ListItem\",\"position\":3,\"name\":\"Infinite Elite damen\"}]},{\"@type\":\"WebSite\",\"@id\":\"https:\/\/www.miomiorun.com\/de\/#website\",\"url\":\"https:\/\/www.miomiorun.com\/de\/\",\"name\":\"MioMioRun\",\"description\":\"100% Lauf- und Trailshop\",\"publisher\":{\"@id\":\"https:\/\/www.miomiorun.com\/de\/#organization\"},\"potentialAction\":[{\"@type\":\"SearchAction\",\"target\":{\"@type\":\"EntryPoint\",\"urlTemplate\":\"https:\/\/www.miomiorun.com\/de\/?s={search_term_string}\"},\"query-input\":{\"@type\":\"PropertyValueSpecification\",\"valueRequired\":true,\"valueName\":\"search_term_string\"}}],\"inLanguage\":\"de-DE\"},{\"@type\":\"Organization\",\"@id\":\"https:\/\/www.miomiorun.com\/de\/#organization\",\"name\":\"MioMio Run\",\"url\":\"https:\/\/www.miomiorun.com\/de\/\",\"logo\":{\"@type\":\"ImageObject\",\"inLanguage\":\"de-DE\",\"@id\":\"https:\/\/www.miomiorun.com\/de\/#\/schema\/logo\/image\/\",\"url\":\"https:\/\/www.miomiorun.com\/app\/uploads\/2019\/12\/logomio.png\",\"contentUrl\":\"https:\/\/www.miomiorun.com\/app\/uploads\/2019\/12\/logomio.png\",\"width\":115,\"height\":82,\"caption\":\"MioMio Run\"},\"image\":{\"@id\":\"https:\/\/www.miomiorun.com\/de\/#\/schema\/logo\/image\/\"},\"sameAs\":[\"https:\/\/www.facebook.com\/miomiorun\/\",\"https:\/\/www.instagram.com\/miomiorun\/\"]}]}<\/script>\n<!-- \/ Yoast SEO plugin. -->","yoast_head_json":{"title":"Under ArmourInfinite Elite damen - Damen-Laufschuhe- MioMioRun .com","description":"Der Under Armour Infinite Elite Damenschuh ist die letzte Grenze f\u00fcr Laufbegeisterte, die das Beste aus ihren Schuhen herausholen wollen.","robots":{"index":"index","follow":"follow","max-snippet":"max-snippet:-1","max-image-preview":"max-image-preview:large","max-video-preview":"max-video-preview:-1"},"canonical":"https:\/\/www.miomiorun.com\/de\/produkt\/infinite-elite-damen\/","og_locale":"de_DE","og_type":"article","og_title":"Under ArmourInfinite Elite damen - Damen-Laufschuhe- MioMioRun .com","og_description":"Der Under Armour Infinite Elite Damenschuh ist die letzte Grenze f\u00fcr Laufbegeisterte, die das Beste aus ihren Schuhen herausholen wollen.","og_url":"https:\/\/www.miomiorun.com\/de\/produkt\/infinite-elite-damen\/","og_site_name":"MioMioRun","article_publisher":"https:\/\/www.facebook.com\/miomiorun\/","article_modified_time":"2025-06-30T13:52:57+00:00","og_image":[{"width":600,"height":600,"url":"https:\/\/www.miomiorun.com\/app\/uploads\/2024\/08\/Under-Armour-Infinite-Elite-W-white-3027199-0102.webp","type":"image\/webp"}],"twitter_card":"summary_large_image","twitter_misc":{"Est. reading time":"3 minutes"},"schema":{"@context":"https:\/\/schema.org","@graph":[{"@type":"WebPage","@id":"https:\/\/www.miomiorun.com\/de\/produkt\/infinite-elite-damen\/","url":"https:\/\/www.miomiorun.com\/de\/produkt\/infinite-elite-damen\/","name":"Under ArmourInfinite Elite damen - Damen-Laufschuhe- MioMioRun .com","isPartOf":{"@id":"https:\/\/www.miomiorun.com\/de\/#website"},"primaryImageOfPage":{"@id":"https:\/\/www.miomiorun.com\/de\/produkt\/infinite-elite-damen\/#primaryimage"},"image":{"@id":"https:\/\/www.miomiorun.com\/de\/produkt\/infinite-elite-damen\/#primaryimage"},"thumbnailUrl":"https:\/\/www.miomiorun.com\/app\/uploads\/2024\/08\/Under-Armour-Infinite-Elite-W-white-3027199-0102.webp","datePublished":"2024-07-30T13:02:30+00:00","dateModified":"2025-06-30T13:52:57+00:00","description":"Der Under Armour Infinite Elite Damenschuh ist die letzte Grenze f\u00fcr Laufbegeisterte, die das Beste aus ihren Schuhen herausholen wollen.","breadcrumb":{"@id":"https:\/\/www.miomiorun.com\/de\/produkt\/infinite-elite-damen\/#breadcrumb"},"inLanguage":"de-DE","potentialAction":[{"@type":"ReadAction","target":["https:\/\/www.miomiorun.com\/de\/produkt\/infinite-elite-damen\/"]}]},{"@type":"ImageObject","inLanguage":"de-DE","@id":"https:\/\/www.miomiorun.com\/de\/produkt\/infinite-elite-damen\/#primaryimage","url":"https:\/\/www.miomiorun.com\/app\/uploads\/2024\/08\/Under-Armour-Infinite-Elite-W-white-3027199-0102.webp","contentUrl":"https:\/\/www.miomiorun.com\/app\/uploads\/2024\/08\/Under-Armour-Infinite-Elite-W-white-3027199-0102.webp","width":600,"height":600,"caption":"Under Armour Infinite Elite W white 3027199 0102"},{"@type":"BreadcrumbList","@id":"https:\/\/www.miomiorun.com\/de\/produkt\/infinite-elite-damen\/#breadcrumb","itemListElement":[{"@type":"ListItem","position":1,"name":"Home","item":"https:\/\/www.miomiorun.com\/de\/"},{"@type":"ListItem","position":2,"name":"Shop","item":"https:\/\/www.miomiorun.com\/shop\/"},{"@type":"ListItem","position":3,"name":"Infinite Elite damen"}]},{"@type":"WebSite","@id":"https:\/\/www.miomiorun.com\/de\/#website","url":"https:\/\/www.miomiorun.com\/de\/","name":"MioMioRun","description":"100% Lauf- und Trailshop","publisher":{"@id":"https:\/\/www.miomiorun.com\/de\/#organization"},"potentialAction":[{"@type":"SearchAction","target":{"@type":"EntryPoint","urlTemplate":"https:\/\/www.miomiorun.com\/de\/?s={search_term_string}"},"query-input":{"@type":"PropertyValueSpecification","valueRequired":true,"valueName":"search_term_string"}}],"inLanguage":"de-DE"},{"@type":"Organization","@id":"https:\/\/www.miomiorun.com\/de\/#organization","name":"MioMio Run","url":"https:\/\/www.miomiorun.com\/de\/","logo":{"@type":"ImageObject","inLanguage":"de-DE","@id":"https:\/\/www.miomiorun.com\/de\/#\/schema\/logo\/image\/","url":"https:\/\/www.miomiorun.com\/app\/uploads\/2019\/12\/logomio.png","contentUrl":"https:\/\/www.miomiorun.com\/app\/uploads\/2019\/12\/logomio.png","width":115,"height":82,"caption":"MioMio Run"},"image":{"@id":"https:\/\/www.miomiorun.com\/de\/#\/schema\/logo\/image\/"},"sameAs":["https:\/\/www.facebook.com\/miomiorun\/","https:\/\/www.instagram.com\/miomiorun\/"]}]}},"_links":{"self":[{"href":"https:\/\/www.miomiorun.com\/de\/wp-json\/wp\/v2\/product\/192349","targetHints":{"allow":["GET"]}}],"collection":[{"href":"https:\/\/www.miomiorun.com\/de\/wp-json\/wp\/v2\/product"}],"about":[{"href":"https:\/\/www.miomiorun.com\/de\/wp-json\/wp\/v2\/types\/product"}],"wp:featuredmedia":[{"embeddable":true,"href":"https:\/\/www.miomiorun.com\/de\/wp-json\/wp\/v2\/media\/194470"}],"wp:attachment":[{"href":"https:\/\/www.miomiorun.com\/de\/wp-json\/wp\/v2\/media?parent=192349"}],"wp:term":[{"taxonomy":"product_brand","embeddable":true,"href":"https:\/\/www.miomiorun.com\/de\/wp-json\/wp\/v2\/product_brand?post=192349"},{"taxonomy":"product_cat","embeddable":true,"href":"https:\/\/www.miomiorun.com\/de\/wp-json\/wp\/v2\/product_cat?post=192349"},{"taxonomy":"product_tag","embeddable":true,"href":"https:\/\/www.miomiorun.com\/de\/wp-json\/wp\/v2\/product_tag?post=192349"}],"curies":[{"name":"wp","href":"https:\/\/api.w.org\/{rel}","templated":true}]}}