{"id":191525,"date":"2024-07-26T16:08:17","date_gmt":"2024-07-26T14:08:17","guid":{"rendered":"https:\/\/miomiorun.com\/?post_type=product&#038;p=191525"},"modified":"2025-05-23T15:45:58","modified_gmt":"2025-05-23T13:45:58","slug":"infinite-pro-herren","status":"publish","type":"product","link":"https:\/\/www.miomiorun.com\/de\/produkt\/infinite-pro-herren\/","title":{"rendered":"Infinite Pro herren"},"content":{"rendered":"<div class=\"vc-row container\"><div class=\"vc-column\"><div class=\"vc-column-text\"><\/p>\n<h4>Technische Daten<\/h4>\n<p>Kategorie: Strukturierte D\u00e4mpfung.<br \/>\nVersatz: 8 mm<br \/>\nGewicht: 326 g<br \/>\nIdeal f\u00fcr: L\u00e4ufer mit neutralem Fu\u00df, die ein Modell suchen, das gute D\u00e4mpfung und ausgezeichnete Vielseitigkeit f\u00fcr lange oder mittlere Strecken und Spazierg\u00e4nge bietet.<br \/>\nGewicht des Athleten: 70 kg<br \/>\nLauftempo: mittel (5 min\/km)<br \/>\n<a href=\"https:\/\/miomiorun.com\/de\/leitfaden-fuer-technische-spezifikationen\/\">Spezifikation<\/a><\/p>\n<p><\/div><\/div><div class=\"vc-column\"><div class=\"vc-column-text\"><\/p>\n<h2 style=\"text-align: center;\"><strong>Trainieren Sie, um Ihre Ausdauer zu verbessern?<\/strong><\/h2>\n<p>Der <strong>UA Infinite Pro<\/strong> f\u00fcr M\u00e4nner bietet die richtige Unterst\u00fctzung und die neue <strong>UA HOVR+<\/strong> reaktionsfreudige D\u00e4mpfung, um die Erm\u00fcdung der Beine zu reduzieren. Wenn der Trainer also sagt: &#8220;Lauf weiter&#8221;, dann bist du derjenige, der das Tempo vorgibt.<\/p>\n<h3>Eigenschaften:<\/h3>\n<div id=\"acc-1\" class=\"g-accordion-content collapse show\">\n<ul class=\"t-tabs_data\">\n<li class=\"t-tabs_list\">Atmungsaktives Obermaterial aus technischem Warp-Strick und Zonenkonstruktion f\u00fcr optimalen Halt mit 3D-Druckdetails<\/li>\n<li class=\"t-tabs_list\">Weiches Kragenfutter und Zunge f\u00fcr verbesserte Passform und Komfort<\/li>\n<li class=\"t-tabs_list\">Die Fersenkonstruktion erm\u00f6glicht eine weiche Landung, reduziert den Bodenaufprall und erh\u00f6ht die Gesamtstabilit\u00e4t<\/li>\n<li class=\"t-tabs_list\">Die 3D-geformte Einlegesohle umschlie\u00dft den Fu\u00df und sorgt f\u00fcr eine komfortable Passform<\/li>\n<li class=\"t-tabs_list\">UA HOVR\u2122+ ultra-responsive D\u00e4mpfung reduziert den Aufprall und gibt bei jedem Schritt Energie zur\u00fcck, um Sie weiter voranzutreiben<\/li>\n<li class=\"t-tabs_list\">Gummiau\u00dfensohle f\u00fcr Strapazierf\u00e4higkeit, geringes Gewicht und Energier\u00fcckgabe, wo Sie sie brauchen<\/li>\n<\/ul>\n<h2 style=\"text-align: center;\">ENDLOSES LAUFEN .<\/h2>\n<h2 style=\"text-align: center;\">UNSCHLAGBARE HALTBARKEIT.<\/h2>\n<p style=\"text-align: center;\">Trainiere dein Bestes mit der richtigen Balance aus Unterst\u00fctzung und weicher, geschmeidiger D\u00e4mpfung des UA HOVR+.<\/p>\n<p>&nbsp;<\/p>\n<div class=\"module__list-item-text cm-richtext\">\n<div>\n<h3 style=\"text-align: center;\">UNENDLICHER SCHWUNG<\/h3>\n<\/div>\n<\/div>\n<div class=\"module__list-item-subtitle cm-richtext\">\n<div>\n<p style=\"text-align: center;\">Die ultra-elastische, weiche UA HOVR+ D\u00e4mpfung gibt dir vom Start bis zum Ziel einen treibenden Schwung. Einer unserer Designer sagte, es sei &#8220;wie das Laufen auf Trampolinen&#8221;.<\/p>\n<div class=\"module__list-item-text cm-richtext\">\n<div>\n<h3 style=\"text-align: center;\">MAXIMALE STABILIT\u00c4T<\/h3>\n<\/div>\n<\/div>\n<div class=\"module__list-item-subtitle cm-richtext\">\n<div>\n<p style=\"text-align: center;\">Das adaptive UA IntelliKnit-Obermaterial folgt Ihrem Schritt und sorgt f\u00fcr perfekten Halt, egal wie weit Sie gehen wollen.<\/p>\n<div class=\"module__list-item-text cm-richtext\">\n<div>\n<h3 style=\"text-align: center;\">WEICHE LANDUNGEN<\/h3>\n<\/div>\n<\/div>\n<div class=\"module__list-item-subtitle cm-richtext\">\n<div>\n<p style=\"text-align: center;\">Das schr\u00e4ge Fersendesign und die leichte, strapazierf\u00e4hige Gummisohle absorbieren St\u00f6\u00dfe und geben Ihnen ein weiches und stabiles Gef\u00fchl.<\/p>\n<\/div>\n<\/div>\n<\/div>\n<\/div>\n<\/div>\n<\/div>\n<\/div>\n<p>&nbsp;<\/p>\n<p>&nbsp;<\/p>\n<div class=\"module__primary-text module__text-headline3 cm-richtext\">\n<div>\n<h2>WAS IST UA HOVR+?<\/h2>\n<\/div>\n<\/div>\n<div class=\"module__columns\">\n<div class=\"module__secondary-text cm-richtext\">\n<div>\n<p>Die Essenz der UA HOVR\u2122-D\u00e4mpfung ist die Energier\u00fcckgabe, das federnde Gef\u00fchl, das dich selbst bei den l\u00e4ngsten L\u00e4ufen antreibt. Mit kleinen Schaumstoffkugeln, die miteinander verschmolzen sind, haben wir die Elastizit\u00e4t erh\u00f6ht und UA HOVR\u2122+ geschaffen.<\/p>\n<p>Wie l\u00e4sst sich das Erlebnis am besten beschreiben? Es ist, als w\u00fcrde man auf Mini-Trampolinen laufen.<\/p>\n<\/div>\n<\/div>\n<\/div>\n<p><\/div><\/div><\/div>\n","protected":false},"excerpt":{"rendered":"<ul>\n<li>D\u00e4mpfung in UA HOVR+, weich und elastisch<\/li>\n<li>Ideal zur Verbesserung der Ausdauer<\/li>\n<li>Verbessertes Obermaterial<\/li>\n<\/ul>\n","protected":false},"featured_media":194493,"template":"","meta":{"_acf_changed":false,"inline_featured_image":false},"product_brand":[],"product_cat":[6507,6506],"product_tag":[20482,20497],"class_list":{"0":"post-191525","1":"product","2":"type-product","3":"status-publish","4":"has-post-thumbnail","6":"product_cat-herren-schuhe-de","7":"product_cat-neutrale-herren-schuhe-de","8":"product_tag-under-armour-de","9":"product_tag-under-armour-herren","10":"pa_attivita-fitness-de","11":"pa_attivita-gehen","12":"pa_attivita-running-de","13":"pa_colore-infinite-pro-black-de","14":"pa_marca-under-armour-de","15":"pa_sesso-herren","16":"pa_size-41-de","17":"pa_size-46-de","19":"first","20":"instock","21":"sale","22":"taxable","23":"shipping-taxable","24":"purchasable","25":"product-type-variable","26":"wvs-archive-product-wrapper"},"acf":[],"yoast_head":"<!-- This site is optimized with the Yoast SEO plugin v26.8 - https:\/\/yoast.com\/product\/yoast-seo-wordpress\/ -->\n<title>Under ArmourInfinite Pro herren - Laufschuhe - MioMioRun .com<\/title>\n<meta name=\"description\" content=\"Der UA Infinite Pro f\u00fcr M\u00e4nner bietet die richtige Unterst\u00fctzung und die neue UA HOVR+ reaktionsfreudige D\u00e4mpfung, um die Erm\u00fcdung der Beine zu verringern.\" \/>\n<meta name=\"robots\" content=\"index, follow, max-snippet:-1, max-image-preview:large, max-video-preview:-1\" \/>\n<link rel=\"canonical\" href=\"https:\/\/www.miomiorun.com\/de\/produkt\/infinite-pro-herren\/\" \/>\n<meta property=\"og:locale\" content=\"de_DE\" \/>\n<meta property=\"og:type\" content=\"article\" \/>\n<meta property=\"og:title\" content=\"Under ArmourInfinite Pro herren - Laufschuhe - MioMioRun .com\" \/>\n<meta property=\"og:description\" content=\"Der UA Infinite Pro f\u00fcr M\u00e4nner bietet die richtige Unterst\u00fctzung und die neue UA HOVR+ reaktionsfreudige D\u00e4mpfung, um die Erm\u00fcdung der Beine zu verringern.\" \/>\n<meta property=\"og:url\" content=\"https:\/\/www.miomiorun.com\/de\/produkt\/infinite-pro-herren\/\" \/>\n<meta property=\"og:site_name\" content=\"MioMioRun\" \/>\n<meta property=\"article:publisher\" content=\"https:\/\/www.facebook.com\/miomiorun\/\" \/>\n<meta property=\"article:modified_time\" content=\"2025-05-23T13:45:58+00:00\" \/>\n<meta property=\"og:image\" content=\"https:\/\/www.miomiorun.com\/app\/uploads\/2024\/08\/Under-Armour-Infinite-Pro-tech-blue-3027190-0401.webp\" \/>\n\t<meta property=\"og:image:width\" content=\"600\" \/>\n\t<meta property=\"og:image:height\" content=\"600\" \/>\n\t<meta property=\"og:image:type\" content=\"image\/webp\" \/>\n<meta name=\"twitter:card\" content=\"summary_large_image\" \/>\n<meta name=\"twitter:label1\" content=\"Est. reading time\" \/>\n\t<meta name=\"twitter:data1\" content=\"2 minutes\" \/>\n<script type=\"application\/ld+json\" class=\"yoast-schema-graph\">{\"@context\":\"https:\/\/schema.org\",\"@graph\":[{\"@type\":\"WebPage\",\"@id\":\"https:\/\/www.miomiorun.com\/de\/produkt\/infinite-pro-herren\/\",\"url\":\"https:\/\/www.miomiorun.com\/de\/produkt\/infinite-pro-herren\/\",\"name\":\"Under ArmourInfinite Pro herren - Laufschuhe - MioMioRun .com\",\"isPartOf\":{\"@id\":\"https:\/\/www.miomiorun.com\/de\/#website\"},\"primaryImageOfPage\":{\"@id\":\"https:\/\/www.miomiorun.com\/de\/produkt\/infinite-pro-herren\/#primaryimage\"},\"image\":{\"@id\":\"https:\/\/www.miomiorun.com\/de\/produkt\/infinite-pro-herren\/#primaryimage\"},\"thumbnailUrl\":\"https:\/\/www.miomiorun.com\/app\/uploads\/2024\/08\/Under-Armour-Infinite-Pro-black-3027190-0001.webp\",\"datePublished\":\"2024-07-26T14:08:17+00:00\",\"dateModified\":\"2025-05-23T13:45:58+00:00\",\"description\":\"Der UA Infinite Pro f\u00fcr M\u00e4nner bietet die richtige Unterst\u00fctzung und die neue UA HOVR+ reaktionsfreudige D\u00e4mpfung, um die Erm\u00fcdung der Beine zu verringern.\",\"breadcrumb\":{\"@id\":\"https:\/\/www.miomiorun.com\/de\/produkt\/infinite-pro-herren\/#breadcrumb\"},\"inLanguage\":\"de-DE\",\"potentialAction\":[{\"@type\":\"ReadAction\",\"target\":[\"https:\/\/www.miomiorun.com\/de\/produkt\/infinite-pro-herren\/\"]}]},{\"@type\":\"ImageObject\",\"inLanguage\":\"de-DE\",\"@id\":\"https:\/\/www.miomiorun.com\/de\/produkt\/infinite-pro-herren\/#primaryimage\",\"url\":\"https:\/\/www.miomiorun.com\/app\/uploads\/2024\/08\/Under-Armour-Infinite-Pro-black-3027190-0001.webp\",\"contentUrl\":\"https:\/\/www.miomiorun.com\/app\/uploads\/2024\/08\/Under-Armour-Infinite-Pro-black-3027190-0001.webp\",\"width\":600,\"height\":600,\"caption\":\"Under Armour Infinite Pro black 3027190 0001\"},{\"@type\":\"BreadcrumbList\",\"@id\":\"https:\/\/www.miomiorun.com\/de\/produkt\/infinite-pro-herren\/#breadcrumb\",\"itemListElement\":[{\"@type\":\"ListItem\",\"position\":1,\"name\":\"Home\",\"item\":\"https:\/\/www.miomiorun.com\/de\/\"},{\"@type\":\"ListItem\",\"position\":2,\"name\":\"Shop\",\"item\":\"https:\/\/www.miomiorun.com\/shop\/\"},{\"@type\":\"ListItem\",\"position\":3,\"name\":\"Infinite Pro herren\"}]},{\"@type\":\"WebSite\",\"@id\":\"https:\/\/www.miomiorun.com\/de\/#website\",\"url\":\"https:\/\/www.miomiorun.com\/de\/\",\"name\":\"MioMioRun\",\"description\":\"100% Lauf- und Trailshop\",\"publisher\":{\"@id\":\"https:\/\/www.miomiorun.com\/de\/#organization\"},\"potentialAction\":[{\"@type\":\"SearchAction\",\"target\":{\"@type\":\"EntryPoint\",\"urlTemplate\":\"https:\/\/www.miomiorun.com\/de\/?s={search_term_string}\"},\"query-input\":{\"@type\":\"PropertyValueSpecification\",\"valueRequired\":true,\"valueName\":\"search_term_string\"}}],\"inLanguage\":\"de-DE\"},{\"@type\":\"Organization\",\"@id\":\"https:\/\/www.miomiorun.com\/de\/#organization\",\"name\":\"MioMio Run\",\"url\":\"https:\/\/www.miomiorun.com\/de\/\",\"logo\":{\"@type\":\"ImageObject\",\"inLanguage\":\"de-DE\",\"@id\":\"https:\/\/www.miomiorun.com\/de\/#\/schema\/logo\/image\/\",\"url\":\"https:\/\/www.miomiorun.com\/app\/uploads\/2019\/12\/logomio.png\",\"contentUrl\":\"https:\/\/www.miomiorun.com\/app\/uploads\/2019\/12\/logomio.png\",\"width\":115,\"height\":82,\"caption\":\"MioMio Run\"},\"image\":{\"@id\":\"https:\/\/www.miomiorun.com\/de\/#\/schema\/logo\/image\/\"},\"sameAs\":[\"https:\/\/www.facebook.com\/miomiorun\/\",\"https:\/\/www.instagram.com\/miomiorun\/\"]}]}<\/script>\n<!-- \/ Yoast SEO plugin. -->","yoast_head_json":{"title":"Under ArmourInfinite Pro herren - Laufschuhe - MioMioRun .com","description":"Der UA Infinite Pro f\u00fcr M\u00e4nner bietet die richtige Unterst\u00fctzung und die neue UA HOVR+ reaktionsfreudige D\u00e4mpfung, um die Erm\u00fcdung der Beine zu verringern.","robots":{"index":"index","follow":"follow","max-snippet":"max-snippet:-1","max-image-preview":"max-image-preview:large","max-video-preview":"max-video-preview:-1"},"canonical":"https:\/\/www.miomiorun.com\/de\/produkt\/infinite-pro-herren\/","og_locale":"de_DE","og_type":"article","og_title":"Under ArmourInfinite Pro herren - Laufschuhe - MioMioRun .com","og_description":"Der UA Infinite Pro f\u00fcr M\u00e4nner bietet die richtige Unterst\u00fctzung und die neue UA HOVR+ reaktionsfreudige D\u00e4mpfung, um die Erm\u00fcdung der Beine zu verringern.","og_url":"https:\/\/www.miomiorun.com\/de\/produkt\/infinite-pro-herren\/","og_site_name":"MioMioRun","article_publisher":"https:\/\/www.facebook.com\/miomiorun\/","article_modified_time":"2025-05-23T13:45:58+00:00","og_image":[{"width":600,"height":600,"url":"https:\/\/www.miomiorun.com\/app\/uploads\/2024\/08\/Under-Armour-Infinite-Pro-tech-blue-3027190-0401.webp","type":"image\/webp"}],"twitter_card":"summary_large_image","twitter_misc":{"Est. reading time":"2 minutes"},"schema":{"@context":"https:\/\/schema.org","@graph":[{"@type":"WebPage","@id":"https:\/\/www.miomiorun.com\/de\/produkt\/infinite-pro-herren\/","url":"https:\/\/www.miomiorun.com\/de\/produkt\/infinite-pro-herren\/","name":"Under ArmourInfinite Pro herren - Laufschuhe - MioMioRun .com","isPartOf":{"@id":"https:\/\/www.miomiorun.com\/de\/#website"},"primaryImageOfPage":{"@id":"https:\/\/www.miomiorun.com\/de\/produkt\/infinite-pro-herren\/#primaryimage"},"image":{"@id":"https:\/\/www.miomiorun.com\/de\/produkt\/infinite-pro-herren\/#primaryimage"},"thumbnailUrl":"https:\/\/www.miomiorun.com\/app\/uploads\/2024\/08\/Under-Armour-Infinite-Pro-black-3027190-0001.webp","datePublished":"2024-07-26T14:08:17+00:00","dateModified":"2025-05-23T13:45:58+00:00","description":"Der UA Infinite Pro f\u00fcr M\u00e4nner bietet die richtige Unterst\u00fctzung und die neue UA HOVR+ reaktionsfreudige D\u00e4mpfung, um die Erm\u00fcdung der Beine zu verringern.","breadcrumb":{"@id":"https:\/\/www.miomiorun.com\/de\/produkt\/infinite-pro-herren\/#breadcrumb"},"inLanguage":"de-DE","potentialAction":[{"@type":"ReadAction","target":["https:\/\/www.miomiorun.com\/de\/produkt\/infinite-pro-herren\/"]}]},{"@type":"ImageObject","inLanguage":"de-DE","@id":"https:\/\/www.miomiorun.com\/de\/produkt\/infinite-pro-herren\/#primaryimage","url":"https:\/\/www.miomiorun.com\/app\/uploads\/2024\/08\/Under-Armour-Infinite-Pro-black-3027190-0001.webp","contentUrl":"https:\/\/www.miomiorun.com\/app\/uploads\/2024\/08\/Under-Armour-Infinite-Pro-black-3027190-0001.webp","width":600,"height":600,"caption":"Under Armour Infinite Pro black 3027190 0001"},{"@type":"BreadcrumbList","@id":"https:\/\/www.miomiorun.com\/de\/produkt\/infinite-pro-herren\/#breadcrumb","itemListElement":[{"@type":"ListItem","position":1,"name":"Home","item":"https:\/\/www.miomiorun.com\/de\/"},{"@type":"ListItem","position":2,"name":"Shop","item":"https:\/\/www.miomiorun.com\/shop\/"},{"@type":"ListItem","position":3,"name":"Infinite Pro herren"}]},{"@type":"WebSite","@id":"https:\/\/www.miomiorun.com\/de\/#website","url":"https:\/\/www.miomiorun.com\/de\/","name":"MioMioRun","description":"100% Lauf- und Trailshop","publisher":{"@id":"https:\/\/www.miomiorun.com\/de\/#organization"},"potentialAction":[{"@type":"SearchAction","target":{"@type":"EntryPoint","urlTemplate":"https:\/\/www.miomiorun.com\/de\/?s={search_term_string}"},"query-input":{"@type":"PropertyValueSpecification","valueRequired":true,"valueName":"search_term_string"}}],"inLanguage":"de-DE"},{"@type":"Organization","@id":"https:\/\/www.miomiorun.com\/de\/#organization","name":"MioMio Run","url":"https:\/\/www.miomiorun.com\/de\/","logo":{"@type":"ImageObject","inLanguage":"de-DE","@id":"https:\/\/www.miomiorun.com\/de\/#\/schema\/logo\/image\/","url":"https:\/\/www.miomiorun.com\/app\/uploads\/2019\/12\/logomio.png","contentUrl":"https:\/\/www.miomiorun.com\/app\/uploads\/2019\/12\/logomio.png","width":115,"height":82,"caption":"MioMio Run"},"image":{"@id":"https:\/\/www.miomiorun.com\/de\/#\/schema\/logo\/image\/"},"sameAs":["https:\/\/www.facebook.com\/miomiorun\/","https:\/\/www.instagram.com\/miomiorun\/"]}]}},"_links":{"self":[{"href":"https:\/\/www.miomiorun.com\/de\/wp-json\/wp\/v2\/product\/191525","targetHints":{"allow":["GET"]}}],"collection":[{"href":"https:\/\/www.miomiorun.com\/de\/wp-json\/wp\/v2\/product"}],"about":[{"href":"https:\/\/www.miomiorun.com\/de\/wp-json\/wp\/v2\/types\/product"}],"wp:featuredmedia":[{"embeddable":true,"href":"https:\/\/www.miomiorun.com\/de\/wp-json\/wp\/v2\/media\/194493"}],"wp:attachment":[{"href":"https:\/\/www.miomiorun.com\/de\/wp-json\/wp\/v2\/media?parent=191525"}],"wp:term":[{"taxonomy":"product_brand","embeddable":true,"href":"https:\/\/www.miomiorun.com\/de\/wp-json\/wp\/v2\/product_brand?post=191525"},{"taxonomy":"product_cat","embeddable":true,"href":"https:\/\/www.miomiorun.com\/de\/wp-json\/wp\/v2\/product_cat?post=191525"},{"taxonomy":"product_tag","embeddable":true,"href":"https:\/\/www.miomiorun.com\/de\/wp-json\/wp\/v2\/product_tag?post=191525"}],"curies":[{"name":"wp","href":"https:\/\/api.w.org\/{rel}","templated":true}]}}