{"id":191234,"date":"2024-07-25T14:17:23","date_gmt":"2024-07-25T12:17:23","guid":{"rendered":"https:\/\/miomiorun.com\/?post_type=product&#038;p=191234"},"modified":"2025-07-01T14:56:16","modified_gmt":"2025-07-01T12:56:16","slug":"olympus-6-herren","status":"publish","type":"product","link":"https:\/\/www.miomiorun.com\/de\/produkt\/olympus-6-herren\/","title":{"rendered":"Olympus 6 herren"},"content":{"rendered":"<div class=\"vc-row container\"><div class=\"vc-column\"><div class=\"vc-column-text\">[port_content_box border_top_colour=&#8221;black&#8221; border_radius=&#8221;20&#8243; border_top_width=&#8221;3&#8243; align=&#8221;centre&#8221;]<\/p>\n<p><strong>Technische Daten<\/strong><\/p>\n<p>Kategorie: Top-D\u00e4mpfung<br \/>\nOffset: o mm<br \/>\nStapelh\u00f6he: 33 mm<br \/>\nGewicht: 345 g<br \/>\nIdeal f\u00fcr : Gel\u00e4ndel\u00e4ufer, die ein gut ged\u00e4mpftes Modell suchen, das f\u00fcr lange bis mittlere Strecken in den Bergen sowie auf unbefestigten Wegen und gelegentlich auf Asphalt geeignet ist.<br \/>\nGewicht des Athleten: 70-90 kg<br \/>\nLauftempo: mittel (5.00 min\/km)<br \/>\n<a href=\"https:\/\/miomiorun.com\/de\/leitfaden-fuer-technische-spezifikationen\/\">Spezifikation<\/a><\/p>\n<p>[\/port_content_box]<\/div><\/div><div class=\"vc-column\"><div class=\"vc-column-text\"><\/p>\n<div class=\"product attribute description\">\n<h2 class=\"value\" style=\"text-align: left;\">Erobern Sie die Trails mit dem weichsten Trailrunning-Schuh mit verbesserter Strapazierf\u00e4higkeit f\u00fcr ganzt\u00e4gige L\u00e4ufe.<\/h2>\n<h3 class=\"value\">Mit D\u00e4mpfung, Grip und einem ger\u00e4umigeren Zehenraum f\u00fcr maximalen Komfort und Sicherheit.<\/h3>\n<div>Der neue <strong>Olympus 6<\/strong> f\u00fcr Herren hat die weiche, reaktionsfreudige Schaumstoff-Zwischensohle beibehalten und das Mesh-Obermaterial aktualisiert, um eine h\u00f6here Atmungsaktivit\u00e4t an langen Tagen auf den Trails zu bieten.<\/div>\n<div><\/div>\n<h2>Die Vibram\u00ae Megagrip-Au\u00dfensohle mit verbesserten Rillen bietet zuverl\u00e4ssigen Halt, Stabilit\u00e4t und die n\u00f6tige Traktion, um ein Ausrutschen auf technischem Terrain zu vermeiden.<\/h2>\n<div><\/div>\n<div>Der neue Olympus 6 wurde mit einer hochwertigen Achillessehnenst\u00fctze ausgestattet, die f\u00fcr ein noch komfortableres Tragegef\u00fchl sorgt. Ihre Zehen k\u00f6nnen sich mit Original FootShape Fit, der ger\u00e4umigsten Zehenbox, wohlf\u00fchlen, mit der ganzen Oberfl\u00e4che, die Sie brauchen, um sich frei zu bewegen, und Platz f\u00fcr den Mittelfu\u00df.<\/div>\n<div><\/div>\n<h3>Erreichen Sie den Gipfel und genie\u00dfen Sie die beste Aussicht mit einem bequemen, strapazierf\u00e4higen Schuh, der Ihnen hilft, den Trail zu erobern.<\/h3>\n<\/div>\n<p>&nbsp;<\/p>\n<h3>Eigenschaften:<\/h3>\n<ul>\n<li>Zwischensohle: Weicher, kompressionsgeformter EVA-Schaum<\/li>\n<li>Laufsohle: Vibram<\/li>\n<li>Stapelh\u00f6he: 33mm\/33mm<\/li>\n<li>Obermaterial: Technisches Mesh<\/li>\n<li>Fu\u00dfform: Original<\/li>\n<li>Familie: Olympus<\/li>\n<li>D\u00e4mpfung: Maximum<\/li>\n<li>Linie: Trails<\/li>\n<\/ul>\n<p><\/div><\/div><\/div>\n","protected":false},"excerpt":{"rendered":"","protected":false},"featured_media":404350,"template":"","meta":{"_acf_changed":false,"inline_featured_image":false},"product_brand":[],"product_cat":[6507,6504],"product_tag":[13805,17997],"class_list":{"0":"post-191234","1":"product","2":"type-product","3":"status-publish","4":"has-post-thumbnail","6":"product_cat-herren-schuhe-de","7":"product_cat-trail","8":"product_tag-altra-de","9":"product_tag-altra-herren-de","10":"pa_attivita-outdoor-de","11":"pa_attivita-trail-de","12":"pa_colore-olympus-6-gray-blue","13":"pa_colore-olympus-6-gray-lime","14":"pa_colore-olympus-6-gray-red-de","15":"pa_marca-altra-de","16":"pa_sesso-herren","17":"pa_size-41-de","18":"pa_size-42-5-de","19":"pa_size-43-de","20":"pa_size-44-de","21":"pa_size-44-5-de","22":"pa_size-45-de","23":"pa_size-46-de","24":"pa_size-46-5-de","26":"first","27":"instock","28":"sale","29":"taxable","30":"shipping-taxable","31":"purchasable","32":"product-type-variable","33":"wvs-archive-product-wrapper"},"acf":[],"yoast_head":"<!-- This site is optimized with the Yoast SEO plugin v26.8 - https:\/\/yoast.com\/product\/yoast-seo-wordpress\/ -->\n<title>Altra Olympus 6 herren - Herren-Trail-Schuhe - MioMioRun.com<\/title>\n<meta name=\"description\" content=\"Der neue Olympus 6 f\u00fcr M\u00e4nner hat die weiche, reaktionsfreudige Schaumstoff-Zwischensohle beibehalten und das Mesh-Obermaterial aktualisiert.\" \/>\n<meta name=\"robots\" content=\"index, follow, max-snippet:-1, max-image-preview:large, max-video-preview:-1\" \/>\n<link rel=\"canonical\" href=\"https:\/\/www.miomiorun.com\/de\/produkt\/olympus-6-herren\/\" \/>\n<meta property=\"og:locale\" content=\"de_DE\" \/>\n<meta property=\"og:type\" content=\"article\" \/>\n<meta property=\"og:title\" content=\"Altra Olympus 6 herren - Herren-Trail-Schuhe - MioMioRun.com\" \/>\n<meta property=\"og:description\" content=\"Der neue Olympus 6 f\u00fcr M\u00e4nner hat die weiche, reaktionsfreudige Schaumstoff-Zwischensohle beibehalten und das Mesh-Obermaterial aktualisiert.\" \/>\n<meta property=\"og:url\" content=\"https:\/\/www.miomiorun.com\/de\/produkt\/olympus-6-herren\/\" \/>\n<meta property=\"og:site_name\" content=\"MioMioRun\" \/>\n<meta property=\"article:publisher\" content=\"https:\/\/www.facebook.com\/miomiorun\/\" \/>\n<meta property=\"article:modified_time\" content=\"2025-07-01T12:56:16+00:00\" \/>\n<meta property=\"og:image\" content=\"https:\/\/www.miomiorun.com\/app\/uploads\/2026\/02\/Altra-Olympus-6-gray-blue-AL0A85NJ2421.webp\" \/>\n\t<meta property=\"og:image:width\" content=\"720\" \/>\n\t<meta property=\"og:image:height\" content=\"720\" \/>\n\t<meta property=\"og:image:type\" content=\"image\/webp\" \/>\n<meta name=\"twitter:card\" content=\"summary_large_image\" \/>\n<meta name=\"twitter:label1\" content=\"Est. reading time\" \/>\n\t<meta name=\"twitter:data1\" content=\"3 minutes\" \/>\n<script type=\"application\/ld+json\" class=\"yoast-schema-graph\">{\"@context\":\"https:\/\/schema.org\",\"@graph\":[{\"@type\":\"WebPage\",\"@id\":\"https:\/\/www.miomiorun.com\/de\/produkt\/olympus-6-herren\/\",\"url\":\"https:\/\/www.miomiorun.com\/de\/produkt\/olympus-6-herren\/\",\"name\":\"Altra Olympus 6 herren - Herren-Trail-Schuhe - MioMioRun.com\",\"isPartOf\":{\"@id\":\"https:\/\/www.miomiorun.com\/de\/#website\"},\"primaryImageOfPage\":{\"@id\":\"https:\/\/www.miomiorun.com\/de\/produkt\/olympus-6-herren\/#primaryimage\"},\"image\":{\"@id\":\"https:\/\/www.miomiorun.com\/de\/produkt\/olympus-6-herren\/#primaryimage\"},\"thumbnailUrl\":\"https:\/\/www.miomiorun.com\/app\/uploads\/2026\/02\/Altra-Olympus-6-gray-blue-AL0A85NJ2421.webp\",\"datePublished\":\"2024-07-25T12:17:23+00:00\",\"dateModified\":\"2025-07-01T12:56:16+00:00\",\"description\":\"Der neue Olympus 6 f\u00fcr M\u00e4nner hat die weiche, reaktionsfreudige Schaumstoff-Zwischensohle beibehalten und das Mesh-Obermaterial aktualisiert.\",\"breadcrumb\":{\"@id\":\"https:\/\/www.miomiorun.com\/de\/produkt\/olympus-6-herren\/#breadcrumb\"},\"inLanguage\":\"de-DE\",\"potentialAction\":[{\"@type\":\"ReadAction\",\"target\":[\"https:\/\/www.miomiorun.com\/de\/produkt\/olympus-6-herren\/\"]}]},{\"@type\":\"ImageObject\",\"inLanguage\":\"de-DE\",\"@id\":\"https:\/\/www.miomiorun.com\/de\/produkt\/olympus-6-herren\/#primaryimage\",\"url\":\"https:\/\/www.miomiorun.com\/app\/uploads\/2026\/02\/Altra-Olympus-6-gray-blue-AL0A85NJ2421.webp\",\"contentUrl\":\"https:\/\/www.miomiorun.com\/app\/uploads\/2026\/02\/Altra-Olympus-6-gray-blue-AL0A85NJ2421.webp\",\"width\":720,\"height\":720,\"caption\":\"Altra Olympus 6 gray blue AL0A85NJ2421\"},{\"@type\":\"BreadcrumbList\",\"@id\":\"https:\/\/www.miomiorun.com\/de\/produkt\/olympus-6-herren\/#breadcrumb\",\"itemListElement\":[{\"@type\":\"ListItem\",\"position\":1,\"name\":\"Home\",\"item\":\"https:\/\/www.miomiorun.com\/de\/\"},{\"@type\":\"ListItem\",\"position\":2,\"name\":\"Shop\",\"item\":\"https:\/\/www.miomiorun.com\/shop\/\"},{\"@type\":\"ListItem\",\"position\":3,\"name\":\"Olympus 6 herren\"}]},{\"@type\":\"WebSite\",\"@id\":\"https:\/\/www.miomiorun.com\/de\/#website\",\"url\":\"https:\/\/www.miomiorun.com\/de\/\",\"name\":\"MioMioRun\",\"description\":\"100% Lauf- und Trailshop\",\"publisher\":{\"@id\":\"https:\/\/www.miomiorun.com\/de\/#organization\"},\"potentialAction\":[{\"@type\":\"SearchAction\",\"target\":{\"@type\":\"EntryPoint\",\"urlTemplate\":\"https:\/\/www.miomiorun.com\/de\/?s={search_term_string}\"},\"query-input\":{\"@type\":\"PropertyValueSpecification\",\"valueRequired\":true,\"valueName\":\"search_term_string\"}}],\"inLanguage\":\"de-DE\"},{\"@type\":\"Organization\",\"@id\":\"https:\/\/www.miomiorun.com\/de\/#organization\",\"name\":\"MioMio Run\",\"url\":\"https:\/\/www.miomiorun.com\/de\/\",\"logo\":{\"@type\":\"ImageObject\",\"inLanguage\":\"de-DE\",\"@id\":\"https:\/\/www.miomiorun.com\/de\/#\/schema\/logo\/image\/\",\"url\":\"https:\/\/www.miomiorun.com\/app\/uploads\/2019\/12\/logomio.png\",\"contentUrl\":\"https:\/\/www.miomiorun.com\/app\/uploads\/2019\/12\/logomio.png\",\"width\":115,\"height\":82,\"caption\":\"MioMio Run\"},\"image\":{\"@id\":\"https:\/\/www.miomiorun.com\/de\/#\/schema\/logo\/image\/\"},\"sameAs\":[\"https:\/\/www.facebook.com\/miomiorun\/\",\"https:\/\/www.instagram.com\/miomiorun\/\"]}]}<\/script>\n<!-- \/ Yoast SEO plugin. -->","yoast_head_json":{"title":"Altra Olympus 6 herren - Herren-Trail-Schuhe - MioMioRun.com","description":"Der neue Olympus 6 f\u00fcr M\u00e4nner hat die weiche, reaktionsfreudige Schaumstoff-Zwischensohle beibehalten und das Mesh-Obermaterial aktualisiert.","robots":{"index":"index","follow":"follow","max-snippet":"max-snippet:-1","max-image-preview":"max-image-preview:large","max-video-preview":"max-video-preview:-1"},"canonical":"https:\/\/www.miomiorun.com\/de\/produkt\/olympus-6-herren\/","og_locale":"de_DE","og_type":"article","og_title":"Altra Olympus 6 herren - Herren-Trail-Schuhe - MioMioRun.com","og_description":"Der neue Olympus 6 f\u00fcr M\u00e4nner hat die weiche, reaktionsfreudige Schaumstoff-Zwischensohle beibehalten und das Mesh-Obermaterial aktualisiert.","og_url":"https:\/\/www.miomiorun.com\/de\/produkt\/olympus-6-herren\/","og_site_name":"MioMioRun","article_publisher":"https:\/\/www.facebook.com\/miomiorun\/","article_modified_time":"2025-07-01T12:56:16+00:00","og_image":[{"width":720,"height":720,"url":"https:\/\/www.miomiorun.com\/app\/uploads\/2026\/02\/Altra-Olympus-6-gray-blue-AL0A85NJ2421.webp","type":"image\/webp"}],"twitter_card":"summary_large_image","twitter_misc":{"Est. reading time":"3 minutes"},"schema":{"@context":"https:\/\/schema.org","@graph":[{"@type":"WebPage","@id":"https:\/\/www.miomiorun.com\/de\/produkt\/olympus-6-herren\/","url":"https:\/\/www.miomiorun.com\/de\/produkt\/olympus-6-herren\/","name":"Altra Olympus 6 herren - Herren-Trail-Schuhe - MioMioRun.com","isPartOf":{"@id":"https:\/\/www.miomiorun.com\/de\/#website"},"primaryImageOfPage":{"@id":"https:\/\/www.miomiorun.com\/de\/produkt\/olympus-6-herren\/#primaryimage"},"image":{"@id":"https:\/\/www.miomiorun.com\/de\/produkt\/olympus-6-herren\/#primaryimage"},"thumbnailUrl":"https:\/\/www.miomiorun.com\/app\/uploads\/2026\/02\/Altra-Olympus-6-gray-blue-AL0A85NJ2421.webp","datePublished":"2024-07-25T12:17:23+00:00","dateModified":"2025-07-01T12:56:16+00:00","description":"Der neue Olympus 6 f\u00fcr M\u00e4nner hat die weiche, reaktionsfreudige Schaumstoff-Zwischensohle beibehalten und das Mesh-Obermaterial aktualisiert.","breadcrumb":{"@id":"https:\/\/www.miomiorun.com\/de\/produkt\/olympus-6-herren\/#breadcrumb"},"inLanguage":"de-DE","potentialAction":[{"@type":"ReadAction","target":["https:\/\/www.miomiorun.com\/de\/produkt\/olympus-6-herren\/"]}]},{"@type":"ImageObject","inLanguage":"de-DE","@id":"https:\/\/www.miomiorun.com\/de\/produkt\/olympus-6-herren\/#primaryimage","url":"https:\/\/www.miomiorun.com\/app\/uploads\/2026\/02\/Altra-Olympus-6-gray-blue-AL0A85NJ2421.webp","contentUrl":"https:\/\/www.miomiorun.com\/app\/uploads\/2026\/02\/Altra-Olympus-6-gray-blue-AL0A85NJ2421.webp","width":720,"height":720,"caption":"Altra Olympus 6 gray blue AL0A85NJ2421"},{"@type":"BreadcrumbList","@id":"https:\/\/www.miomiorun.com\/de\/produkt\/olympus-6-herren\/#breadcrumb","itemListElement":[{"@type":"ListItem","position":1,"name":"Home","item":"https:\/\/www.miomiorun.com\/de\/"},{"@type":"ListItem","position":2,"name":"Shop","item":"https:\/\/www.miomiorun.com\/shop\/"},{"@type":"ListItem","position":3,"name":"Olympus 6 herren"}]},{"@type":"WebSite","@id":"https:\/\/www.miomiorun.com\/de\/#website","url":"https:\/\/www.miomiorun.com\/de\/","name":"MioMioRun","description":"100% Lauf- und Trailshop","publisher":{"@id":"https:\/\/www.miomiorun.com\/de\/#organization"},"potentialAction":[{"@type":"SearchAction","target":{"@type":"EntryPoint","urlTemplate":"https:\/\/www.miomiorun.com\/de\/?s={search_term_string}"},"query-input":{"@type":"PropertyValueSpecification","valueRequired":true,"valueName":"search_term_string"}}],"inLanguage":"de-DE"},{"@type":"Organization","@id":"https:\/\/www.miomiorun.com\/de\/#organization","name":"MioMio Run","url":"https:\/\/www.miomiorun.com\/de\/","logo":{"@type":"ImageObject","inLanguage":"de-DE","@id":"https:\/\/www.miomiorun.com\/de\/#\/schema\/logo\/image\/","url":"https:\/\/www.miomiorun.com\/app\/uploads\/2019\/12\/logomio.png","contentUrl":"https:\/\/www.miomiorun.com\/app\/uploads\/2019\/12\/logomio.png","width":115,"height":82,"caption":"MioMio Run"},"image":{"@id":"https:\/\/www.miomiorun.com\/de\/#\/schema\/logo\/image\/"},"sameAs":["https:\/\/www.facebook.com\/miomiorun\/","https:\/\/www.instagram.com\/miomiorun\/"]}]}},"_links":{"self":[{"href":"https:\/\/www.miomiorun.com\/de\/wp-json\/wp\/v2\/product\/191234","targetHints":{"allow":["GET"]}}],"collection":[{"href":"https:\/\/www.miomiorun.com\/de\/wp-json\/wp\/v2\/product"}],"about":[{"href":"https:\/\/www.miomiorun.com\/de\/wp-json\/wp\/v2\/types\/product"}],"wp:featuredmedia":[{"embeddable":true,"href":"https:\/\/www.miomiorun.com\/de\/wp-json\/wp\/v2\/media\/404350"}],"wp:attachment":[{"href":"https:\/\/www.miomiorun.com\/de\/wp-json\/wp\/v2\/media?parent=191234"}],"wp:term":[{"taxonomy":"product_brand","embeddable":true,"href":"https:\/\/www.miomiorun.com\/de\/wp-json\/wp\/v2\/product_brand?post=191234"},{"taxonomy":"product_cat","embeddable":true,"href":"https:\/\/www.miomiorun.com\/de\/wp-json\/wp\/v2\/product_cat?post=191234"},{"taxonomy":"product_tag","embeddable":true,"href":"https:\/\/www.miomiorun.com\/de\/wp-json\/wp\/v2\/product_tag?post=191234"}],"curies":[{"name":"wp","href":"https:\/\/api.w.org\/{rel}","templated":true}]}}