{"id":190969,"date":"2024-07-24T19:13:51","date_gmt":"2024-07-24T17:13:51","guid":{"rendered":"https:\/\/miomiorun.com\/?post_type=product&#038;p=190969"},"modified":"2026-05-08T22:11:54","modified_gmt":"2026-05-08T20:11:54","slug":"ora-athletic-slide","status":"publish","type":"product","link":"https:\/\/www.miomiorun.com\/de\/produkt\/ora-athletic-slide\/","title":{"rendered":"Ora Athletic Slide"},"content":{"rendered":"<div class=\"vc-row container\"><div class=\"vc-column\"><div class=\"vc-column-text\"><\/p>\n<p><strong>Technische Daten<\/strong><\/p>\n<p>Kategorie: Reaktive D\u00e4mpfung<br \/>\nEinpresstiefe: 6 mm<br \/>\nGewicht: 195 g<br \/>\nIdeal f\u00fcr: L\u00e4ufer, die ein Modell f\u00fcr die Erholung nach dem Lauf suchen. Dieser gepolsterte Slipper wurde entwickelt, um den Fu\u00df nach einem Rennen oder einer intensiven Aktivit\u00e4t auszuruhen und zu beruhigen.<br \/>\n<a href=\"https:\/\/miomiorun.com\/de\/leitfaden-fuer-technische-spezifikationen\/\">Leitfaden f\u00fcr technische Spezifikationen<\/a><\/p>\n<p><\/div><\/div><div class=\"vc-column\"><div class=\"vc-column-text\"><\/p>\n<h2>Ekstase nach dem Laufen.<\/h2>\n<p>Der <strong>Unisex Athletic Slide<\/strong> von Hoka ist jetzt der neue, erfrischende Slipper f\u00fcr die Zeit nach dem Laufen!<\/p>\n<p>Dieses auf Komfort ausgerichtete und f\u00fcr die Erholung konzipierte Modell hat eine Einlegesohle aus Zuckerrohr. Jetzt bietet der Athletic Slide, der auf derselben spritzgegossenen Sohle mit doppelter Leistendichte wie das ikonische Originalmodell ruht, Komfort, der den Fu\u00df in eine zukunftsorientierte Silhouette einh\u00fcllt.<\/p>\n<h3 data-qa=\"productName\">ANGEPASST F\u00dcR :<\/h3>\n<ul>\n<li>Erholung nach dem Rennen.<\/li>\n<\/ul>\n<p><strong>Merkmale:<\/strong><\/p>\n<ul>\n<li>Glatte Streifen mit HOKA-Grafik<\/li>\n<li>Dual-Density-Leisten<\/li>\n<li>Spritzgegossene EVA-Zwischensohle aus Zuckerrohr (35%)<\/li>\n<li>MetaRocker\u2122 Fl\u00fcssigkeit<\/li>\n<li>Spritzgegossene EVA-Au\u00dfensohle<\/li>\n<\/ul>\n<p>&nbsp;<\/p>\n<h2>Stabilit\u00e4t<\/h2>\n<p>Now Athletic Slide verf\u00fcgt \u00fcber Eigenschaften, die den Schuh von Natur aus stabil machen, z. B. die breite Basis und der Active Foot Frame, der f\u00fcr eine moderate Stabilit\u00e4t sorgt, die auch f\u00fcr neutrale Gangarten geeignet ist.<\/p>\n<p>&nbsp;<\/p>\n<h2>D\u00e4mpfung<\/h2>\n<p>Ora Athletic Slide verf\u00fcgt \u00fcber ein h\u00f6heres Bett aus weicher D\u00e4mpfung, das f\u00fcr ein sanfteres Aufprall- und Tragegef\u00fchl sorgt.<\/p>\n<p><\/div><\/div><\/div>\n","protected":false},"excerpt":{"rendered":"<p>Ideale Pantoffel f\u00fcr den Einsatz nach dem Laufen<br \/>\nRegenerierend und entlastend, ideal zum Ausruhen des Fu\u00dfes nach anstrengender k\u00f6rperlicher Bet\u00e4tigung<\/p>\n","protected":false},"featured_media":192587,"template":"","meta":{"_acf_changed":false,"inline_featured_image":false},"product_brand":[],"product_cat":[6507,6506,6400,6474,6475],"product_tag":[3373,6228,6226],"class_list":{"0":"post-190969","1":"product","2":"type-product","3":"status-publish","4":"has-post-thumbnail","6":"product_cat-herren-schuhe-de","7":"product_cat-neutrale-herren-schuhe-de","8":"product_cat-damen","9":"product_cat-damenschuhe","10":"product_cat-neutral","11":"product_tag-hoka-one-one-de","12":"product_tag-hoka-one-one-damen-de","13":"product_tag-hoka-one-one-herren-de","14":"pa_attivita-lifestyle-de","15":"pa_colore-ora-athletic-slide-black-white-de","16":"pa_marca-hoka-de","17":"pa_sesso-damen","18":"pa_sesso-herren","19":"pa_size-38-de","20":"pa_size-40-de","22":"first","23":"instock","24":"sale","25":"taxable","26":"shipping-taxable","27":"purchasable","28":"product-type-variable","29":"wvs-archive-product-wrapper"},"acf":[],"yoast_head":"<!-- This site is optimized with the Yoast SEO plugin v26.8 - https:\/\/yoast.com\/product\/yoast-seo-wordpress\/ -->\n<title>HokaOra Athletic Slide - Lauflatschen MioMioRun .com<\/title>\n<meta name=\"description\" content=\"Der Athletic Slide Unisex von Hoka ist der neue, entkr\u00e4ftende Slipper f\u00fcr das Leben nach dem Rennen! Der Fokus liegt auf Komfort und wurde f\u00fcr die Erholung.\" \/>\n<meta name=\"robots\" content=\"index, follow, max-snippet:-1, max-image-preview:large, max-video-preview:-1\" \/>\n<link rel=\"canonical\" href=\"https:\/\/www.miomiorun.com\/de\/produkt\/ora-athletic-slide\/\" \/>\n<meta property=\"og:locale\" content=\"de_DE\" \/>\n<meta property=\"og:type\" content=\"article\" \/>\n<meta property=\"og:title\" content=\"HokaOra Athletic Slide - Lauflatschen MioMioRun .com\" \/>\n<meta property=\"og:description\" content=\"Der Athletic Slide Unisex von Hoka ist der neue, entkr\u00e4ftende Slipper f\u00fcr das Leben nach dem Rennen! Der Fokus liegt auf Komfort und wurde f\u00fcr die Erholung.\" \/>\n<meta property=\"og:url\" content=\"https:\/\/www.miomiorun.com\/de\/produkt\/ora-athletic-slide\/\" \/>\n<meta property=\"og:site_name\" content=\"MioMioRun\" \/>\n<meta property=\"article:publisher\" content=\"https:\/\/www.facebook.com\/miomiorun\/\" \/>\n<meta property=\"article:modified_time\" content=\"2026-05-08T20:11:54+00:00\" \/>\n<meta property=\"og:image\" content=\"https:\/\/www.miomiorun.com\/app\/uploads\/2024\/08\/Hoka-Ora-Athletic-Slide-black-white-1155154-BWHT.webp\" \/>\n\t<meta property=\"og:image:width\" content=\"600\" \/>\n\t<meta property=\"og:image:height\" content=\"600\" \/>\n\t<meta property=\"og:image:type\" content=\"image\/webp\" \/>\n<meta name=\"twitter:card\" content=\"summary_large_image\" \/>\n<meta name=\"twitter:label1\" content=\"Est. reading time\" \/>\n\t<meta name=\"twitter:data1\" content=\"1 minute\" \/>\n<script type=\"application\/ld+json\" class=\"yoast-schema-graph\">{\"@context\":\"https:\/\/schema.org\",\"@graph\":[{\"@type\":\"WebPage\",\"@id\":\"https:\/\/www.miomiorun.com\/de\/produkt\/ora-athletic-slide\/\",\"url\":\"https:\/\/www.miomiorun.com\/de\/produkt\/ora-athletic-slide\/\",\"name\":\"HokaOra Athletic Slide - Lauflatschen MioMioRun .com\",\"isPartOf\":{\"@id\":\"https:\/\/www.miomiorun.com\/de\/#website\"},\"primaryImageOfPage\":{\"@id\":\"https:\/\/www.miomiorun.com\/de\/produkt\/ora-athletic-slide\/#primaryimage\"},\"image\":{\"@id\":\"https:\/\/www.miomiorun.com\/de\/produkt\/ora-athletic-slide\/#primaryimage\"},\"thumbnailUrl\":\"https:\/\/www.miomiorun.com\/app\/uploads\/2024\/08\/Hoka-Ora-Athletic-Slide-black-white-1155154-BWHT.webp\",\"datePublished\":\"2024-07-24T17:13:51+00:00\",\"dateModified\":\"2026-05-08T20:11:54+00:00\",\"description\":\"Der Athletic Slide Unisex von Hoka ist der neue, entkr\u00e4ftende Slipper f\u00fcr das Leben nach dem Rennen! Der Fokus liegt auf Komfort und wurde f\u00fcr die Erholung.\",\"breadcrumb\":{\"@id\":\"https:\/\/www.miomiorun.com\/de\/produkt\/ora-athletic-slide\/#breadcrumb\"},\"inLanguage\":\"de-DE\",\"potentialAction\":[{\"@type\":\"ReadAction\",\"target\":[\"https:\/\/www.miomiorun.com\/de\/produkt\/ora-athletic-slide\/\"]}]},{\"@type\":\"ImageObject\",\"inLanguage\":\"de-DE\",\"@id\":\"https:\/\/www.miomiorun.com\/de\/produkt\/ora-athletic-slide\/#primaryimage\",\"url\":\"https:\/\/www.miomiorun.com\/app\/uploads\/2024\/08\/Hoka-Ora-Athletic-Slide-black-white-1155154-BWHT.webp\",\"contentUrl\":\"https:\/\/www.miomiorun.com\/app\/uploads\/2024\/08\/Hoka-Ora-Athletic-Slide-black-white-1155154-BWHT.webp\",\"width\":600,\"height\":600,\"caption\":\"Hoka Ora Athletic Slide black white 1155154 BWHT\"},{\"@type\":\"BreadcrumbList\",\"@id\":\"https:\/\/www.miomiorun.com\/de\/produkt\/ora-athletic-slide\/#breadcrumb\",\"itemListElement\":[{\"@type\":\"ListItem\",\"position\":1,\"name\":\"Home\",\"item\":\"https:\/\/www.miomiorun.com\/de\/\"},{\"@type\":\"ListItem\",\"position\":2,\"name\":\"Shop\",\"item\":\"https:\/\/www.miomiorun.com\/shop\/\"},{\"@type\":\"ListItem\",\"position\":3,\"name\":\"Ora Athletic Slide\"}]},{\"@type\":\"WebSite\",\"@id\":\"https:\/\/www.miomiorun.com\/de\/#website\",\"url\":\"https:\/\/www.miomiorun.com\/de\/\",\"name\":\"MioMioRun\",\"description\":\"100% Lauf- und Trailshop\",\"publisher\":{\"@id\":\"https:\/\/www.miomiorun.com\/de\/#organization\"},\"potentialAction\":[{\"@type\":\"SearchAction\",\"target\":{\"@type\":\"EntryPoint\",\"urlTemplate\":\"https:\/\/www.miomiorun.com\/de\/?s={search_term_string}\"},\"query-input\":{\"@type\":\"PropertyValueSpecification\",\"valueRequired\":true,\"valueName\":\"search_term_string\"}}],\"inLanguage\":\"de-DE\"},{\"@type\":\"Organization\",\"@id\":\"https:\/\/www.miomiorun.com\/de\/#organization\",\"name\":\"MioMio Run\",\"url\":\"https:\/\/www.miomiorun.com\/de\/\",\"logo\":{\"@type\":\"ImageObject\",\"inLanguage\":\"de-DE\",\"@id\":\"https:\/\/www.miomiorun.com\/de\/#\/schema\/logo\/image\/\",\"url\":\"https:\/\/www.miomiorun.com\/app\/uploads\/2019\/12\/logomio.png\",\"contentUrl\":\"https:\/\/www.miomiorun.com\/app\/uploads\/2019\/12\/logomio.png\",\"width\":115,\"height\":82,\"caption\":\"MioMio Run\"},\"image\":{\"@id\":\"https:\/\/www.miomiorun.com\/de\/#\/schema\/logo\/image\/\"},\"sameAs\":[\"https:\/\/www.facebook.com\/miomiorun\/\",\"https:\/\/www.instagram.com\/miomiorun\/\"]}]}<\/script>\n<!-- \/ Yoast SEO plugin. -->","yoast_head_json":{"title":"HokaOra Athletic Slide - Lauflatschen MioMioRun .com","description":"Der Athletic Slide Unisex von Hoka ist der neue, entkr\u00e4ftende Slipper f\u00fcr das Leben nach dem Rennen! Der Fokus liegt auf Komfort und wurde f\u00fcr die Erholung.","robots":{"index":"index","follow":"follow","max-snippet":"max-snippet:-1","max-image-preview":"max-image-preview:large","max-video-preview":"max-video-preview:-1"},"canonical":"https:\/\/www.miomiorun.com\/de\/produkt\/ora-athletic-slide\/","og_locale":"de_DE","og_type":"article","og_title":"HokaOra Athletic Slide - Lauflatschen MioMioRun .com","og_description":"Der Athletic Slide Unisex von Hoka ist der neue, entkr\u00e4ftende Slipper f\u00fcr das Leben nach dem Rennen! Der Fokus liegt auf Komfort und wurde f\u00fcr die Erholung.","og_url":"https:\/\/www.miomiorun.com\/de\/produkt\/ora-athletic-slide\/","og_site_name":"MioMioRun","article_publisher":"https:\/\/www.facebook.com\/miomiorun\/","article_modified_time":"2026-05-08T20:11:54+00:00","og_image":[{"width":600,"height":600,"url":"https:\/\/www.miomiorun.com\/app\/uploads\/2024\/08\/Hoka-Ora-Athletic-Slide-black-white-1155154-BWHT.webp","type":"image\/webp"}],"twitter_card":"summary_large_image","twitter_misc":{"Est. reading time":"1 minute"},"schema":{"@context":"https:\/\/schema.org","@graph":[{"@type":"WebPage","@id":"https:\/\/www.miomiorun.com\/de\/produkt\/ora-athletic-slide\/","url":"https:\/\/www.miomiorun.com\/de\/produkt\/ora-athletic-slide\/","name":"HokaOra Athletic Slide - Lauflatschen MioMioRun .com","isPartOf":{"@id":"https:\/\/www.miomiorun.com\/de\/#website"},"primaryImageOfPage":{"@id":"https:\/\/www.miomiorun.com\/de\/produkt\/ora-athletic-slide\/#primaryimage"},"image":{"@id":"https:\/\/www.miomiorun.com\/de\/produkt\/ora-athletic-slide\/#primaryimage"},"thumbnailUrl":"https:\/\/www.miomiorun.com\/app\/uploads\/2024\/08\/Hoka-Ora-Athletic-Slide-black-white-1155154-BWHT.webp","datePublished":"2024-07-24T17:13:51+00:00","dateModified":"2026-05-08T20:11:54+00:00","description":"Der Athletic Slide Unisex von Hoka ist der neue, entkr\u00e4ftende Slipper f\u00fcr das Leben nach dem Rennen! Der Fokus liegt auf Komfort und wurde f\u00fcr die Erholung.","breadcrumb":{"@id":"https:\/\/www.miomiorun.com\/de\/produkt\/ora-athletic-slide\/#breadcrumb"},"inLanguage":"de-DE","potentialAction":[{"@type":"ReadAction","target":["https:\/\/www.miomiorun.com\/de\/produkt\/ora-athletic-slide\/"]}]},{"@type":"ImageObject","inLanguage":"de-DE","@id":"https:\/\/www.miomiorun.com\/de\/produkt\/ora-athletic-slide\/#primaryimage","url":"https:\/\/www.miomiorun.com\/app\/uploads\/2024\/08\/Hoka-Ora-Athletic-Slide-black-white-1155154-BWHT.webp","contentUrl":"https:\/\/www.miomiorun.com\/app\/uploads\/2024\/08\/Hoka-Ora-Athletic-Slide-black-white-1155154-BWHT.webp","width":600,"height":600,"caption":"Hoka Ora Athletic Slide black white 1155154 BWHT"},{"@type":"BreadcrumbList","@id":"https:\/\/www.miomiorun.com\/de\/produkt\/ora-athletic-slide\/#breadcrumb","itemListElement":[{"@type":"ListItem","position":1,"name":"Home","item":"https:\/\/www.miomiorun.com\/de\/"},{"@type":"ListItem","position":2,"name":"Shop","item":"https:\/\/www.miomiorun.com\/shop\/"},{"@type":"ListItem","position":3,"name":"Ora Athletic Slide"}]},{"@type":"WebSite","@id":"https:\/\/www.miomiorun.com\/de\/#website","url":"https:\/\/www.miomiorun.com\/de\/","name":"MioMioRun","description":"100% Lauf- und Trailshop","publisher":{"@id":"https:\/\/www.miomiorun.com\/de\/#organization"},"potentialAction":[{"@type":"SearchAction","target":{"@type":"EntryPoint","urlTemplate":"https:\/\/www.miomiorun.com\/de\/?s={search_term_string}"},"query-input":{"@type":"PropertyValueSpecification","valueRequired":true,"valueName":"search_term_string"}}],"inLanguage":"de-DE"},{"@type":"Organization","@id":"https:\/\/www.miomiorun.com\/de\/#organization","name":"MioMio Run","url":"https:\/\/www.miomiorun.com\/de\/","logo":{"@type":"ImageObject","inLanguage":"de-DE","@id":"https:\/\/www.miomiorun.com\/de\/#\/schema\/logo\/image\/","url":"https:\/\/www.miomiorun.com\/app\/uploads\/2019\/12\/logomio.png","contentUrl":"https:\/\/www.miomiorun.com\/app\/uploads\/2019\/12\/logomio.png","width":115,"height":82,"caption":"MioMio Run"},"image":{"@id":"https:\/\/www.miomiorun.com\/de\/#\/schema\/logo\/image\/"},"sameAs":["https:\/\/www.facebook.com\/miomiorun\/","https:\/\/www.instagram.com\/miomiorun\/"]}]}},"_links":{"self":[{"href":"https:\/\/www.miomiorun.com\/de\/wp-json\/wp\/v2\/product\/190969","targetHints":{"allow":["GET"]}}],"collection":[{"href":"https:\/\/www.miomiorun.com\/de\/wp-json\/wp\/v2\/product"}],"about":[{"href":"https:\/\/www.miomiorun.com\/de\/wp-json\/wp\/v2\/types\/product"}],"wp:featuredmedia":[{"embeddable":true,"href":"https:\/\/www.miomiorun.com\/de\/wp-json\/wp\/v2\/media\/192587"}],"wp:attachment":[{"href":"https:\/\/www.miomiorun.com\/de\/wp-json\/wp\/v2\/media?parent=190969"}],"wp:term":[{"taxonomy":"product_brand","embeddable":true,"href":"https:\/\/www.miomiorun.com\/de\/wp-json\/wp\/v2\/product_brand?post=190969"},{"taxonomy":"product_cat","embeddable":true,"href":"https:\/\/www.miomiorun.com\/de\/wp-json\/wp\/v2\/product_cat?post=190969"},{"taxonomy":"product_tag","embeddable":true,"href":"https:\/\/www.miomiorun.com\/de\/wp-json\/wp\/v2\/product_tag?post=190969"}],"curies":[{"name":"wp","href":"https:\/\/api.w.org\/{rel}","templated":true}]}}