{"id":190783,"date":"2024-07-24T17:37:27","date_gmt":"2024-07-24T15:37:27","guid":{"rendered":"https:\/\/miomiorun.com\/?post_type=product&#038;p=190783"},"modified":"2026-05-08T22:06:24","modified_gmt":"2026-05-08T20:06:24","slug":"hurricane-24-damen","status":"publish","type":"product","link":"https:\/\/www.miomiorun.com\/de\/produkt\/hurricane-24-damen\/","title":{"rendered":"Hurricane 24 damen"},"content":{"rendered":"<div class=\"vc-row container\"><div class=\"vc-column\"><div class=\"vc-column-text\"><br \/>\n&lt;<strong>Technische Daten<\/strong><\/p>\n<p>Kategorie: Strukturierte D\u00e4mpfung<br \/>\nVersatz: 6 mm<br \/>\nGewicht: 279 g<br \/>\nIdeal f\u00fcr: L\u00e4ufer mit Pronation, die einen leichten, strukturierten und dennoch super ged\u00e4mpften Schuh f\u00fcr Langstreckenl\u00e4ufe suchen.<br \/>\nGewicht des Athleten : &lt;80 kg<br \/>\nLauftempo: mittel (6 min\/km)<br \/>\n<a href=\"https:\/\/miomiorun.com\/de\/leitfaden-fuer-technische-spezifikationen\/\">Leitfaden f\u00fcr technische Spezifikationen<\/a><\/p>\n<p><\/div><\/div><div class=\"vc-column\"><div class=\"vc-column-text\"><\/p>\n<h2 style=\"text-align: center;\">Maximale D\u00e4mpfung<\/h2>\n<p>Eine doppelte Dosis Komfort mit dem neuen Hurricane 24 f\u00fcr Frauen. Das brandneue duale D\u00e4mpfungssystem mit PWRRUN PB-Schaumstoff f\u00fcr die Energier\u00fcckgabe und PWWRUN-Schaumstoff f\u00fcr die Unterst\u00fctzung.<\/p>\n<p><strong>CenterPath-Technologie:<\/strong> Mit breiterer Basis und h\u00f6herem Seitenprofil f\u00fcr mehr Schutz und Unterst\u00fctzung.<\/p>\n<p><strong>Hochwertiges Design:<\/strong> Ein technisches, atmungsaktives Mesh mit einer sicheren Fersenstruktur umh\u00fcllt den Fu\u00df mit ganzt\u00e4gigem Komfort.<\/p>\n<p>&nbsp;<\/p>\n<p><strong>Merkmale:<\/strong><\/p>\n<ul>\n<li>UNTERST\u00dcTZUNGSNIVEAU: Stabil<\/li>\n<li>SUPPORT: PWRRUNPB f\u00fcr die Energier\u00fcckgabe und PWRRUN f\u00fcr die Unterst\u00fctzung.<\/li>\n<li>Weicher Komfort.<\/li>\n<li>Vegan.<\/li>\n<li>Recycelte Materialien.<\/li>\n<\/ul>\n<p>&nbsp;<\/p>\n<p><\/div><\/div><\/div>\n","protected":false},"excerpt":{"rendered":"<ul>\n<li>Atmungsaktives technisches Mesh<\/li>\n<li>Idealer Schuh f\u00fcr Pronatoren<\/li>\n<li>Vegan.<\/li>\n<\/ul>\n","protected":false},"featured_media":191914,"template":"","meta":{"_acf_changed":false,"inline_featured_image":false},"product_brand":[],"product_cat":[6501,6537],"product_tag":[3391,33804],"class_list":{"0":"post-190783","1":"product","2":"type-product","3":"status-publish","4":"has-post-thumbnail","6":"product_cat-sale-damen-schuhe-de","7":"product_cat-sale-stabilitaet-damen-de","8":"product_tag-saucony-de","9":"product_tag-saucony-donna-de","10":"pa_attivita-gehen","11":"pa_attivita-lifestyle-de","12":"pa_attivita-running-de","13":"pa_colore-hurricane-24-w-black-carbon-de","14":"pa_marca-saucony-de","15":"pa_sesso-damen","16":"pa_size-38-de","17":"pa_size-41-de","19":"first","20":"instock","21":"sale","22":"taxable","23":"shipping-taxable","24":"purchasable","25":"product-type-variable","26":"wvs-archive-product-wrapper"},"acf":[],"yoast_head":"<!-- This site is optimized with the Yoast SEO plugin v26.8 - https:\/\/yoast.com\/product\/yoast-seo-wordpress\/ -->\n<title>Saucony Hurricane 24 damen - Laufschuhe - MioMioRun .com<\/title>\n<meta name=\"description\" content=\"Eine doppelte Dosis Komfort mit dem neuen Hurricane 24 f\u00fcr Frauen. Das brandneue Dual-Cushioning-System und der PWRRUN PB-Schaumstoff\" \/>\n<meta name=\"robots\" content=\"index, follow, max-snippet:-1, max-image-preview:large, max-video-preview:-1\" \/>\n<link rel=\"canonical\" href=\"https:\/\/www.miomiorun.com\/de\/produkt\/hurricane-24-damen\/\" \/>\n<meta property=\"og:locale\" content=\"de_DE\" \/>\n<meta property=\"og:type\" content=\"article\" \/>\n<meta property=\"og:title\" content=\"Saucony Hurricane 24 damen - Laufschuhe - MioMioRun .com\" \/>\n<meta property=\"og:description\" content=\"Eine doppelte Dosis Komfort mit dem neuen Hurricane 24 f\u00fcr Frauen. Das brandneue Dual-Cushioning-System und der PWRRUN PB-Schaumstoff\" \/>\n<meta property=\"og:url\" content=\"https:\/\/www.miomiorun.com\/de\/produkt\/hurricane-24-damen\/\" \/>\n<meta property=\"og:site_name\" content=\"MioMioRun\" \/>\n<meta property=\"article:publisher\" content=\"https:\/\/www.facebook.com\/miomiorun\/\" \/>\n<meta property=\"article:modified_time\" content=\"2026-05-08T20:06:24+00:00\" \/>\n<meta property=\"og:image\" content=\"https:\/\/www.miomiorun.com\/app\/uploads\/2024\/07\/Saucony-Hurricane-24-W-white-foam-S10933-246.webp\" \/>\n\t<meta property=\"og:image:width\" content=\"600\" \/>\n\t<meta property=\"og:image:height\" content=\"600\" \/>\n\t<meta property=\"og:image:type\" content=\"image\/webp\" \/>\n<meta name=\"twitter:card\" content=\"summary_large_image\" \/>\n<meta name=\"twitter:label1\" content=\"Est. reading time\" \/>\n\t<meta name=\"twitter:data1\" content=\"1 minute\" \/>\n<script type=\"application\/ld+json\" class=\"yoast-schema-graph\">{\"@context\":\"https:\/\/schema.org\",\"@graph\":[{\"@type\":\"WebPage\",\"@id\":\"https:\/\/www.miomiorun.com\/de\/produkt\/hurricane-24-damen\/\",\"url\":\"https:\/\/www.miomiorun.com\/de\/produkt\/hurricane-24-damen\/\",\"name\":\"Saucony Hurricane 24 damen - Laufschuhe - MioMioRun .com\",\"isPartOf\":{\"@id\":\"https:\/\/www.miomiorun.com\/de\/#website\"},\"primaryImageOfPage\":{\"@id\":\"https:\/\/www.miomiorun.com\/de\/produkt\/hurricane-24-damen\/#primaryimage\"},\"image\":{\"@id\":\"https:\/\/www.miomiorun.com\/de\/produkt\/hurricane-24-damen\/#primaryimage\"},\"thumbnailUrl\":\"https:\/\/www.miomiorun.com\/app\/uploads\/2024\/07\/Saucony-Hurricane-24-W-white-foam-S10933-246.webp\",\"datePublished\":\"2024-07-24T15:37:27+00:00\",\"dateModified\":\"2026-05-08T20:06:24+00:00\",\"description\":\"Eine doppelte Dosis Komfort mit dem neuen Hurricane 24 f\u00fcr Frauen. Das brandneue Dual-Cushioning-System und der PWRRUN PB-Schaumstoff\",\"breadcrumb\":{\"@id\":\"https:\/\/www.miomiorun.com\/de\/produkt\/hurricane-24-damen\/#breadcrumb\"},\"inLanguage\":\"de-DE\",\"potentialAction\":[{\"@type\":\"ReadAction\",\"target\":[\"https:\/\/www.miomiorun.com\/de\/produkt\/hurricane-24-damen\/\"]}]},{\"@type\":\"ImageObject\",\"inLanguage\":\"de-DE\",\"@id\":\"https:\/\/www.miomiorun.com\/de\/produkt\/hurricane-24-damen\/#primaryimage\",\"url\":\"https:\/\/www.miomiorun.com\/app\/uploads\/2024\/07\/Saucony-Hurricane-24-W-white-foam-S10933-246.webp\",\"contentUrl\":\"https:\/\/www.miomiorun.com\/app\/uploads\/2024\/07\/Saucony-Hurricane-24-W-white-foam-S10933-246.webp\",\"width\":600,\"height\":600,\"caption\":\"Saucony Hurricane 24 W white foam S10933-246\"},{\"@type\":\"BreadcrumbList\",\"@id\":\"https:\/\/www.miomiorun.com\/de\/produkt\/hurricane-24-damen\/#breadcrumb\",\"itemListElement\":[{\"@type\":\"ListItem\",\"position\":1,\"name\":\"Home\",\"item\":\"https:\/\/www.miomiorun.com\/de\/\"},{\"@type\":\"ListItem\",\"position\":2,\"name\":\"Shop\",\"item\":\"https:\/\/www.miomiorun.com\/shop\/\"},{\"@type\":\"ListItem\",\"position\":3,\"name\":\"Hurricane 24 damen\"}]},{\"@type\":\"WebSite\",\"@id\":\"https:\/\/www.miomiorun.com\/de\/#website\",\"url\":\"https:\/\/www.miomiorun.com\/de\/\",\"name\":\"MioMioRun\",\"description\":\"100% Lauf- und Trailshop\",\"publisher\":{\"@id\":\"https:\/\/www.miomiorun.com\/de\/#organization\"},\"potentialAction\":[{\"@type\":\"SearchAction\",\"target\":{\"@type\":\"EntryPoint\",\"urlTemplate\":\"https:\/\/www.miomiorun.com\/de\/?s={search_term_string}\"},\"query-input\":{\"@type\":\"PropertyValueSpecification\",\"valueRequired\":true,\"valueName\":\"search_term_string\"}}],\"inLanguage\":\"de-DE\"},{\"@type\":\"Organization\",\"@id\":\"https:\/\/www.miomiorun.com\/de\/#organization\",\"name\":\"MioMio Run\",\"url\":\"https:\/\/www.miomiorun.com\/de\/\",\"logo\":{\"@type\":\"ImageObject\",\"inLanguage\":\"de-DE\",\"@id\":\"https:\/\/www.miomiorun.com\/de\/#\/schema\/logo\/image\/\",\"url\":\"https:\/\/www.miomiorun.com\/app\/uploads\/2019\/12\/logomio.png\",\"contentUrl\":\"https:\/\/www.miomiorun.com\/app\/uploads\/2019\/12\/logomio.png\",\"width\":115,\"height\":82,\"caption\":\"MioMio Run\"},\"image\":{\"@id\":\"https:\/\/www.miomiorun.com\/de\/#\/schema\/logo\/image\/\"},\"sameAs\":[\"https:\/\/www.facebook.com\/miomiorun\/\",\"https:\/\/www.instagram.com\/miomiorun\/\"]}]}<\/script>\n<!-- \/ Yoast SEO plugin. -->","yoast_head_json":{"title":"Saucony Hurricane 24 damen - Laufschuhe - MioMioRun .com","description":"Eine doppelte Dosis Komfort mit dem neuen Hurricane 24 f\u00fcr Frauen. Das brandneue Dual-Cushioning-System und der PWRRUN PB-Schaumstoff","robots":{"index":"index","follow":"follow","max-snippet":"max-snippet:-1","max-image-preview":"max-image-preview:large","max-video-preview":"max-video-preview:-1"},"canonical":"https:\/\/www.miomiorun.com\/de\/produkt\/hurricane-24-damen\/","og_locale":"de_DE","og_type":"article","og_title":"Saucony Hurricane 24 damen - Laufschuhe - MioMioRun .com","og_description":"Eine doppelte Dosis Komfort mit dem neuen Hurricane 24 f\u00fcr Frauen. Das brandneue Dual-Cushioning-System und der PWRRUN PB-Schaumstoff","og_url":"https:\/\/www.miomiorun.com\/de\/produkt\/hurricane-24-damen\/","og_site_name":"MioMioRun","article_publisher":"https:\/\/www.facebook.com\/miomiorun\/","article_modified_time":"2026-05-08T20:06:24+00:00","og_image":[{"width":600,"height":600,"url":"https:\/\/www.miomiorun.com\/app\/uploads\/2024\/07\/Saucony-Hurricane-24-W-white-foam-S10933-246.webp","type":"image\/webp"}],"twitter_card":"summary_large_image","twitter_misc":{"Est. reading time":"1 minute"},"schema":{"@context":"https:\/\/schema.org","@graph":[{"@type":"WebPage","@id":"https:\/\/www.miomiorun.com\/de\/produkt\/hurricane-24-damen\/","url":"https:\/\/www.miomiorun.com\/de\/produkt\/hurricane-24-damen\/","name":"Saucony Hurricane 24 damen - Laufschuhe - MioMioRun .com","isPartOf":{"@id":"https:\/\/www.miomiorun.com\/de\/#website"},"primaryImageOfPage":{"@id":"https:\/\/www.miomiorun.com\/de\/produkt\/hurricane-24-damen\/#primaryimage"},"image":{"@id":"https:\/\/www.miomiorun.com\/de\/produkt\/hurricane-24-damen\/#primaryimage"},"thumbnailUrl":"https:\/\/www.miomiorun.com\/app\/uploads\/2024\/07\/Saucony-Hurricane-24-W-white-foam-S10933-246.webp","datePublished":"2024-07-24T15:37:27+00:00","dateModified":"2026-05-08T20:06:24+00:00","description":"Eine doppelte Dosis Komfort mit dem neuen Hurricane 24 f\u00fcr Frauen. Das brandneue Dual-Cushioning-System und der PWRRUN PB-Schaumstoff","breadcrumb":{"@id":"https:\/\/www.miomiorun.com\/de\/produkt\/hurricane-24-damen\/#breadcrumb"},"inLanguage":"de-DE","potentialAction":[{"@type":"ReadAction","target":["https:\/\/www.miomiorun.com\/de\/produkt\/hurricane-24-damen\/"]}]},{"@type":"ImageObject","inLanguage":"de-DE","@id":"https:\/\/www.miomiorun.com\/de\/produkt\/hurricane-24-damen\/#primaryimage","url":"https:\/\/www.miomiorun.com\/app\/uploads\/2024\/07\/Saucony-Hurricane-24-W-white-foam-S10933-246.webp","contentUrl":"https:\/\/www.miomiorun.com\/app\/uploads\/2024\/07\/Saucony-Hurricane-24-W-white-foam-S10933-246.webp","width":600,"height":600,"caption":"Saucony Hurricane 24 W white foam S10933-246"},{"@type":"BreadcrumbList","@id":"https:\/\/www.miomiorun.com\/de\/produkt\/hurricane-24-damen\/#breadcrumb","itemListElement":[{"@type":"ListItem","position":1,"name":"Home","item":"https:\/\/www.miomiorun.com\/de\/"},{"@type":"ListItem","position":2,"name":"Shop","item":"https:\/\/www.miomiorun.com\/shop\/"},{"@type":"ListItem","position":3,"name":"Hurricane 24 damen"}]},{"@type":"WebSite","@id":"https:\/\/www.miomiorun.com\/de\/#website","url":"https:\/\/www.miomiorun.com\/de\/","name":"MioMioRun","description":"100% Lauf- und Trailshop","publisher":{"@id":"https:\/\/www.miomiorun.com\/de\/#organization"},"potentialAction":[{"@type":"SearchAction","target":{"@type":"EntryPoint","urlTemplate":"https:\/\/www.miomiorun.com\/de\/?s={search_term_string}"},"query-input":{"@type":"PropertyValueSpecification","valueRequired":true,"valueName":"search_term_string"}}],"inLanguage":"de-DE"},{"@type":"Organization","@id":"https:\/\/www.miomiorun.com\/de\/#organization","name":"MioMio Run","url":"https:\/\/www.miomiorun.com\/de\/","logo":{"@type":"ImageObject","inLanguage":"de-DE","@id":"https:\/\/www.miomiorun.com\/de\/#\/schema\/logo\/image\/","url":"https:\/\/www.miomiorun.com\/app\/uploads\/2019\/12\/logomio.png","contentUrl":"https:\/\/www.miomiorun.com\/app\/uploads\/2019\/12\/logomio.png","width":115,"height":82,"caption":"MioMio Run"},"image":{"@id":"https:\/\/www.miomiorun.com\/de\/#\/schema\/logo\/image\/"},"sameAs":["https:\/\/www.facebook.com\/miomiorun\/","https:\/\/www.instagram.com\/miomiorun\/"]}]}},"_links":{"self":[{"href":"https:\/\/www.miomiorun.com\/de\/wp-json\/wp\/v2\/product\/190783","targetHints":{"allow":["GET"]}}],"collection":[{"href":"https:\/\/www.miomiorun.com\/de\/wp-json\/wp\/v2\/product"}],"about":[{"href":"https:\/\/www.miomiorun.com\/de\/wp-json\/wp\/v2\/types\/product"}],"wp:featuredmedia":[{"embeddable":true,"href":"https:\/\/www.miomiorun.com\/de\/wp-json\/wp\/v2\/media\/191914"}],"wp:attachment":[{"href":"https:\/\/www.miomiorun.com\/de\/wp-json\/wp\/v2\/media?parent=190783"}],"wp:term":[{"taxonomy":"product_brand","embeddable":true,"href":"https:\/\/www.miomiorun.com\/de\/wp-json\/wp\/v2\/product_brand?post=190783"},{"taxonomy":"product_cat","embeddable":true,"href":"https:\/\/www.miomiorun.com\/de\/wp-json\/wp\/v2\/product_cat?post=190783"},{"taxonomy":"product_tag","embeddable":true,"href":"https:\/\/www.miomiorun.com\/de\/wp-json\/wp\/v2\/product_tag?post=190783"}],"curies":[{"name":"wp","href":"https:\/\/api.w.org\/{rel}","templated":true}]}}