{"id":190679,"date":"2024-07-24T17:09:20","date_gmt":"2024-07-24T15:09:20","guid":{"rendered":"https:\/\/miomiorun.com\/?post_type=product&#038;p=190679"},"modified":"2025-01-14T20:10:19","modified_gmt":"2025-01-14T19:10:19","slug":"noosa-tri-16-herren","status":"publish","type":"product","link":"https:\/\/www.miomiorun.com\/de\/produkt\/noosa-tri-16-herren\/","title":{"rendered":"Noosa Tri 16 herren"},"content":{"rendered":"<div class=\"vc-row container\"><div class=\"vc-column\"><div class=\"vc-column-text\"><\/p>\n<h4>Technische Daten<\/h4>\n<p>Kategorie : Reaktive D\u00e4mpfung<br \/>\nVersatz: 5mm<br \/>\nGewicht: 217 g<br \/>\nIdeal f\u00fcr: Dieser Schuh, der ideal f\u00fcr schnelle Athleten und Renntraining ist, eignet sich dank seiner weichen und reaktionsfreudigen D\u00e4mpfung auch gut f\u00fcr Athleten mit weniger Leistungsmerkmalen, die einen reaktionsfreudigen Schuh f\u00fcr kurze bis mittlere Trainingseinheiten suchen.<br \/>\nGewicht des Athleten: &lt; 70 kg<br \/>\nLauftempo : &lt; 4.30 min\/km<br \/>\n<a href=\"https:\/\/miomiorun.com\/de\/leitfaden-fuer-technische-spezifikationen\/\">Leitfaden f\u00fcr technische Spezifikationen<\/a><\/p>\n<p><\/div><\/div><div class=\"vc-column\"><div class=\"vc-column-text\">Der <strong>NOOSA TRI 16<\/strong> f\u00fcr Herren wurde f\u00fcr ein reaktionsschnelles Abbremsen und fortschrittliche Energieeinsparung entwickelt.<\/p>\n<p>Das farbenfrohe und einzigartig gemusterte Obermaterial besteht aus atmungsaktivem Mesh, um die F\u00fc\u00dfe k\u00fchl zu halten und maximalen Komfort zu gew\u00e4hrleisten.<\/p>\n<p>Die<strong> FF BLAST PLUS<\/strong> D\u00e4mpfung in der Zwischensohle sorgt f\u00fcr eine weiche, leichte Sto\u00dfd\u00e4mpfung unter dem Fu\u00df.<\/p>\n<p>&nbsp;<\/p>\n<h3>Merkmale:<\/h3>\n<p>&nbsp;<\/p>\n<div class=\"small-bold\">\n<p><strong>FF BLAST PLUS-D\u00e4mpfung.<\/strong><\/p>\n<p>Unser weichstes und leichtestes D\u00e4mpfungsmaterial<\/p>\n<p><strong>3D-LEITSYSTEM.<\/strong><\/p>\n<p>Bietet adaptive Stabilit\u00e4t f\u00fcr jedes Bed\u00fcrfnis<\/p>\n<p><strong>Verst\u00e4rktes Mesh-Obermaterial.<\/strong><\/p>\n<p>Verbessert die Atmungsaktivit\u00e4t<\/p>\n<p><strong>ASICSGRIP-Au\u00dfensohle.<\/strong><\/p>\n<p>Verbessert die Haltbarkeit<\/p>\n<p><strong>Die Einlegesohle wird in einem L\u00f6sungsf\u00e4rbeverfahren hergestellt, das den Wasserverbrauch um ca. 33 % und die Kohlenstoffemissionen um ca. 45 % im Vergleich zu herk\u00f6mmlichen F\u00e4rbetechnologien reduziert.<\/strong><\/p>\n<p>Design, das vollen Bodenkontakt gew\u00e4hrleistet<\/p>\n<p><strong>F\u00fcr ein sanfteres und effizienteres Laufgef\u00fchl.<\/strong><\/p>\n<\/div>\n<h2>Entwickelt f\u00fcr&#8230;<\/h2>\n<h3 class=\"pdp-pronation__flexParent__child-header small-bold\">Neutral<\/h3>\n<ul class=\"pdp-pronation__flexParent__child-details\">\n<li class=\"pdp-pronation__flexParent__child-details-list\">\n<p class=\"pdp-pronation__flexParent__child-details-header small-bold\"><strong>Fu\u00dftyp<\/strong><br \/>\nNormales Fu\u00dfgew\u00f6lbe<\/p>\n<\/li>\n<li class=\"pdp-pronation__flexParent__child-details-list\">\n<p class=\"pdp-pronation__flexParent__child-details-header small-bold\"><strong>Schubkraft<\/strong><br \/>\nEs besteht eine ausgewogene Verteilung an der Vorderseite des Fu\u00dfes.<\/p>\n<\/li>\n<li class=\"pdp-pronation__flexParent__child-details-list\">\n<p class=\"pdp-pronation__flexParent__child-details-header small-bold\"><strong>Wie der Fu\u00df auf dem Boden ruht<\/strong><br \/>\nDer Fu\u00df ruht auf der Au\u00dfenseite in Bezug auf die Fersenlinie und dreht sich dann nach innen (Bauchlage), um St\u00f6\u00dfe zu absorbieren und das K\u00f6rpergewicht zu tragen.<\/p>\n<\/li>\n<\/ul>\n<p><\/div><\/div><\/div>\n","protected":false},"excerpt":{"rendered":"<ul>\n<li>Ultraleicht und reaktionsschnell<\/li>\n<li>Schnelle \u00dcberg\u00e4nge<\/li>\n<\/ul>\n","protected":false},"featured_media":328688,"template":"","meta":{"_acf_changed":false,"inline_featured_image":false},"product_brand":[],"product_cat":[6507,6506],"product_tag":[3404,6202],"class_list":{"0":"post-190679","1":"product","2":"type-product","3":"status-publish","4":"has-post-thumbnail","6":"product_cat-herren-schuhe-de","7":"product_cat-neutrale-herren-schuhe-de","8":"product_tag-asics-de","9":"product_tag-asics-herren-de","10":"pa_attivita-lifestyle-de","11":"pa_attivita-running-de","12":"pa_colore-noosa-tri-16-orange-glow-flash-red-de","13":"pa_marca-asics-de","14":"pa_sesso-herren","15":"pa_size-42-de","17":"first","18":"instock","19":"sale","20":"taxable","21":"shipping-taxable","22":"purchasable","23":"product-type-variable","24":"wvs-archive-product-wrapper"},"acf":[],"yoast_head":"<!-- This site is optimized with the Yoast SEO plugin v26.8 - https:\/\/yoast.com\/product\/yoast-seo-wordpress\/ -->\n<title>AsicsNoosa Tri 16 herren - Laufschuhe- MioMioRun.com<\/title>\n<meta name=\"description\" content=\"Der NOOSA TRI 16 f\u00fcr Herren ist f\u00fcr einen reaktionsschnellen Start und fortschrittliche Energieeinsparung konzipiert. Das Obermaterial hat leuchtende\" \/>\n<meta name=\"robots\" content=\"index, follow, max-snippet:-1, max-image-preview:large, max-video-preview:-1\" \/>\n<link rel=\"canonical\" href=\"https:\/\/www.miomiorun.com\/de\/produkt\/noosa-tri-16-herren\/\" \/>\n<meta property=\"og:locale\" content=\"de_DE\" \/>\n<meta property=\"og:type\" content=\"article\" \/>\n<meta property=\"og:title\" content=\"AsicsNoosa Tri 16 herren - Laufschuhe- MioMioRun.com\" \/>\n<meta property=\"og:description\" content=\"Der NOOSA TRI 16 f\u00fcr Herren ist f\u00fcr einen reaktionsschnellen Start und fortschrittliche Energieeinsparung konzipiert. Das Obermaterial hat leuchtende\" \/>\n<meta property=\"og:url\" content=\"https:\/\/www.miomiorun.com\/de\/produkt\/noosa-tri-16-herren\/\" \/>\n<meta property=\"og:site_name\" content=\"MioMioRun\" \/>\n<meta property=\"article:publisher\" content=\"https:\/\/www.facebook.com\/miomiorun\/\" \/>\n<meta property=\"article:modified_time\" content=\"2025-01-14T19:10:19+00:00\" \/>\n<meta property=\"og:image\" content=\"https:\/\/www.miomiorun.com\/app\/uploads\/2025\/07\/asics-Noosa-Tri-16-orange-glow-flash-red-1011B872-800.webp\" \/>\n\t<meta property=\"og:image:width\" content=\"600\" \/>\n\t<meta property=\"og:image:height\" content=\"600\" \/>\n\t<meta property=\"og:image:type\" content=\"image\/webp\" \/>\n<meta name=\"twitter:card\" content=\"summary_large_image\" \/>\n<meta name=\"twitter:label1\" content=\"Est. reading time\" \/>\n\t<meta name=\"twitter:data1\" content=\"2 minutes\" \/>\n<script type=\"application\/ld+json\" class=\"yoast-schema-graph\">{\"@context\":\"https:\/\/schema.org\",\"@graph\":[{\"@type\":\"WebPage\",\"@id\":\"https:\/\/www.miomiorun.com\/de\/produkt\/noosa-tri-16-herren\/\",\"url\":\"https:\/\/www.miomiorun.com\/de\/produkt\/noosa-tri-16-herren\/\",\"name\":\"AsicsNoosa Tri 16 herren - Laufschuhe- MioMioRun.com\",\"isPartOf\":{\"@id\":\"https:\/\/www.miomiorun.com\/de\/#website\"},\"primaryImageOfPage\":{\"@id\":\"https:\/\/www.miomiorun.com\/de\/produkt\/noosa-tri-16-herren\/#primaryimage\"},\"image\":{\"@id\":\"https:\/\/www.miomiorun.com\/de\/produkt\/noosa-tri-16-herren\/#primaryimage\"},\"thumbnailUrl\":\"https:\/\/www.miomiorun.com\/app\/uploads\/2025\/07\/asics-Noosa-Tri-16-orange-glow-flash-red-1011B872-800.webp\",\"datePublished\":\"2024-07-24T15:09:20+00:00\",\"dateModified\":\"2025-01-14T19:10:19+00:00\",\"description\":\"Der NOOSA TRI 16 f\u00fcr Herren ist f\u00fcr einen reaktionsschnellen Start und fortschrittliche Energieeinsparung konzipiert. Das Obermaterial hat leuchtende\",\"breadcrumb\":{\"@id\":\"https:\/\/www.miomiorun.com\/de\/produkt\/noosa-tri-16-herren\/#breadcrumb\"},\"inLanguage\":\"de-DE\",\"potentialAction\":[{\"@type\":\"ReadAction\",\"target\":[\"https:\/\/www.miomiorun.com\/de\/produkt\/noosa-tri-16-herren\/\"]}]},{\"@type\":\"ImageObject\",\"inLanguage\":\"de-DE\",\"@id\":\"https:\/\/www.miomiorun.com\/de\/produkt\/noosa-tri-16-herren\/#primaryimage\",\"url\":\"https:\/\/www.miomiorun.com\/app\/uploads\/2025\/07\/asics-Noosa-Tri-16-orange-glow-flash-red-1011B872-800.webp\",\"contentUrl\":\"https:\/\/www.miomiorun.com\/app\/uploads\/2025\/07\/asics-Noosa-Tri-16-orange-glow-flash-red-1011B872-800.webp\",\"width\":600,\"height\":600,\"caption\":\"asics Noosa Tri 16 orange glow flash red 1011B872 800\"},{\"@type\":\"BreadcrumbList\",\"@id\":\"https:\/\/www.miomiorun.com\/de\/produkt\/noosa-tri-16-herren\/#breadcrumb\",\"itemListElement\":[{\"@type\":\"ListItem\",\"position\":1,\"name\":\"Home\",\"item\":\"https:\/\/www.miomiorun.com\/de\/\"},{\"@type\":\"ListItem\",\"position\":2,\"name\":\"Shop\",\"item\":\"https:\/\/www.miomiorun.com\/shop\/\"},{\"@type\":\"ListItem\",\"position\":3,\"name\":\"Noosa Tri 16 herren\"}]},{\"@type\":\"WebSite\",\"@id\":\"https:\/\/www.miomiorun.com\/de\/#website\",\"url\":\"https:\/\/www.miomiorun.com\/de\/\",\"name\":\"MioMioRun\",\"description\":\"100% Lauf- und Trailshop\",\"publisher\":{\"@id\":\"https:\/\/www.miomiorun.com\/de\/#organization\"},\"potentialAction\":[{\"@type\":\"SearchAction\",\"target\":{\"@type\":\"EntryPoint\",\"urlTemplate\":\"https:\/\/www.miomiorun.com\/de\/?s={search_term_string}\"},\"query-input\":{\"@type\":\"PropertyValueSpecification\",\"valueRequired\":true,\"valueName\":\"search_term_string\"}}],\"inLanguage\":\"de-DE\"},{\"@type\":\"Organization\",\"@id\":\"https:\/\/www.miomiorun.com\/de\/#organization\",\"name\":\"MioMio Run\",\"url\":\"https:\/\/www.miomiorun.com\/de\/\",\"logo\":{\"@type\":\"ImageObject\",\"inLanguage\":\"de-DE\",\"@id\":\"https:\/\/www.miomiorun.com\/de\/#\/schema\/logo\/image\/\",\"url\":\"https:\/\/www.miomiorun.com\/app\/uploads\/2019\/12\/logomio.png\",\"contentUrl\":\"https:\/\/www.miomiorun.com\/app\/uploads\/2019\/12\/logomio.png\",\"width\":115,\"height\":82,\"caption\":\"MioMio Run\"},\"image\":{\"@id\":\"https:\/\/www.miomiorun.com\/de\/#\/schema\/logo\/image\/\"},\"sameAs\":[\"https:\/\/www.facebook.com\/miomiorun\/\",\"https:\/\/www.instagram.com\/miomiorun\/\"]}]}<\/script>\n<!-- \/ Yoast SEO plugin. -->","yoast_head_json":{"title":"AsicsNoosa Tri 16 herren - Laufschuhe- MioMioRun.com","description":"Der NOOSA TRI 16 f\u00fcr Herren ist f\u00fcr einen reaktionsschnellen Start und fortschrittliche Energieeinsparung konzipiert. Das Obermaterial hat leuchtende","robots":{"index":"index","follow":"follow","max-snippet":"max-snippet:-1","max-image-preview":"max-image-preview:large","max-video-preview":"max-video-preview:-1"},"canonical":"https:\/\/www.miomiorun.com\/de\/produkt\/noosa-tri-16-herren\/","og_locale":"de_DE","og_type":"article","og_title":"AsicsNoosa Tri 16 herren - Laufschuhe- MioMioRun.com","og_description":"Der NOOSA TRI 16 f\u00fcr Herren ist f\u00fcr einen reaktionsschnellen Start und fortschrittliche Energieeinsparung konzipiert. Das Obermaterial hat leuchtende","og_url":"https:\/\/www.miomiorun.com\/de\/produkt\/noosa-tri-16-herren\/","og_site_name":"MioMioRun","article_publisher":"https:\/\/www.facebook.com\/miomiorun\/","article_modified_time":"2025-01-14T19:10:19+00:00","og_image":[{"width":600,"height":600,"url":"https:\/\/www.miomiorun.com\/app\/uploads\/2025\/07\/asics-Noosa-Tri-16-orange-glow-flash-red-1011B872-800.webp","type":"image\/webp"}],"twitter_card":"summary_large_image","twitter_misc":{"Est. reading time":"2 minutes"},"schema":{"@context":"https:\/\/schema.org","@graph":[{"@type":"WebPage","@id":"https:\/\/www.miomiorun.com\/de\/produkt\/noosa-tri-16-herren\/","url":"https:\/\/www.miomiorun.com\/de\/produkt\/noosa-tri-16-herren\/","name":"AsicsNoosa Tri 16 herren - Laufschuhe- MioMioRun.com","isPartOf":{"@id":"https:\/\/www.miomiorun.com\/de\/#website"},"primaryImageOfPage":{"@id":"https:\/\/www.miomiorun.com\/de\/produkt\/noosa-tri-16-herren\/#primaryimage"},"image":{"@id":"https:\/\/www.miomiorun.com\/de\/produkt\/noosa-tri-16-herren\/#primaryimage"},"thumbnailUrl":"https:\/\/www.miomiorun.com\/app\/uploads\/2025\/07\/asics-Noosa-Tri-16-orange-glow-flash-red-1011B872-800.webp","datePublished":"2024-07-24T15:09:20+00:00","dateModified":"2025-01-14T19:10:19+00:00","description":"Der NOOSA TRI 16 f\u00fcr Herren ist f\u00fcr einen reaktionsschnellen Start und fortschrittliche Energieeinsparung konzipiert. Das Obermaterial hat leuchtende","breadcrumb":{"@id":"https:\/\/www.miomiorun.com\/de\/produkt\/noosa-tri-16-herren\/#breadcrumb"},"inLanguage":"de-DE","potentialAction":[{"@type":"ReadAction","target":["https:\/\/www.miomiorun.com\/de\/produkt\/noosa-tri-16-herren\/"]}]},{"@type":"ImageObject","inLanguage":"de-DE","@id":"https:\/\/www.miomiorun.com\/de\/produkt\/noosa-tri-16-herren\/#primaryimage","url":"https:\/\/www.miomiorun.com\/app\/uploads\/2025\/07\/asics-Noosa-Tri-16-orange-glow-flash-red-1011B872-800.webp","contentUrl":"https:\/\/www.miomiorun.com\/app\/uploads\/2025\/07\/asics-Noosa-Tri-16-orange-glow-flash-red-1011B872-800.webp","width":600,"height":600,"caption":"asics Noosa Tri 16 orange glow flash red 1011B872 800"},{"@type":"BreadcrumbList","@id":"https:\/\/www.miomiorun.com\/de\/produkt\/noosa-tri-16-herren\/#breadcrumb","itemListElement":[{"@type":"ListItem","position":1,"name":"Home","item":"https:\/\/www.miomiorun.com\/de\/"},{"@type":"ListItem","position":2,"name":"Shop","item":"https:\/\/www.miomiorun.com\/shop\/"},{"@type":"ListItem","position":3,"name":"Noosa Tri 16 herren"}]},{"@type":"WebSite","@id":"https:\/\/www.miomiorun.com\/de\/#website","url":"https:\/\/www.miomiorun.com\/de\/","name":"MioMioRun","description":"100% Lauf- und Trailshop","publisher":{"@id":"https:\/\/www.miomiorun.com\/de\/#organization"},"potentialAction":[{"@type":"SearchAction","target":{"@type":"EntryPoint","urlTemplate":"https:\/\/www.miomiorun.com\/de\/?s={search_term_string}"},"query-input":{"@type":"PropertyValueSpecification","valueRequired":true,"valueName":"search_term_string"}}],"inLanguage":"de-DE"},{"@type":"Organization","@id":"https:\/\/www.miomiorun.com\/de\/#organization","name":"MioMio Run","url":"https:\/\/www.miomiorun.com\/de\/","logo":{"@type":"ImageObject","inLanguage":"de-DE","@id":"https:\/\/www.miomiorun.com\/de\/#\/schema\/logo\/image\/","url":"https:\/\/www.miomiorun.com\/app\/uploads\/2019\/12\/logomio.png","contentUrl":"https:\/\/www.miomiorun.com\/app\/uploads\/2019\/12\/logomio.png","width":115,"height":82,"caption":"MioMio Run"},"image":{"@id":"https:\/\/www.miomiorun.com\/de\/#\/schema\/logo\/image\/"},"sameAs":["https:\/\/www.facebook.com\/miomiorun\/","https:\/\/www.instagram.com\/miomiorun\/"]}]}},"_links":{"self":[{"href":"https:\/\/www.miomiorun.com\/de\/wp-json\/wp\/v2\/product\/190679","targetHints":{"allow":["GET"]}}],"collection":[{"href":"https:\/\/www.miomiorun.com\/de\/wp-json\/wp\/v2\/product"}],"about":[{"href":"https:\/\/www.miomiorun.com\/de\/wp-json\/wp\/v2\/types\/product"}],"wp:featuredmedia":[{"embeddable":true,"href":"https:\/\/www.miomiorun.com\/de\/wp-json\/wp\/v2\/media\/328688"}],"wp:attachment":[{"href":"https:\/\/www.miomiorun.com\/de\/wp-json\/wp\/v2\/media?parent=190679"}],"wp:term":[{"taxonomy":"product_brand","embeddable":true,"href":"https:\/\/www.miomiorun.com\/de\/wp-json\/wp\/v2\/product_brand?post=190679"},{"taxonomy":"product_cat","embeddable":true,"href":"https:\/\/www.miomiorun.com\/de\/wp-json\/wp\/v2\/product_cat?post=190679"},{"taxonomy":"product_tag","embeddable":true,"href":"https:\/\/www.miomiorun.com\/de\/wp-json\/wp\/v2\/product_tag?post=190679"}],"curies":[{"name":"wp","href":"https:\/\/api.w.org\/{rel}","templated":true}]}}