{"id":188721,"date":"2024-07-11T14:42:44","date_gmt":"2024-07-11T12:42:44","guid":{"rendered":"https:\/\/miomiorun.com\/?post_type=product&#038;p=188721"},"modified":"2025-07-01T09:41:31","modified_gmt":"2025-07-01T07:41:31","slug":"experience-flow-damen","status":"publish","type":"product","link":"https:\/\/www.miomiorun.com\/de\/produkt\/experience-flow-damen\/","title":{"rendered":"Experience Flow damen"},"content":{"rendered":"<div class=\"vc-row container\"><div class=\"vc-column\"><div class=\"vc-column-text\"><\/p>\n<p><strong>Technische Daten<\/strong><\/p>\n<p>Kategorie: moderate D\u00e4mpfung<br \/>\nStapelh\u00f6he: 28 mm\/32 mm<br \/>\nVersatz: 4 mm<br \/>\nGewicht: 204 g<br \/>\nIdeal f\u00fcr : Stra\u00dfenl\u00e4ufer, die einen Schuh mit moderater D\u00e4mpfung f\u00fcr einen noch agileren und effizienteren Lauf suchen, ideal f\u00fcr lange und mittlere Strecken.<br \/>\nGewicht des Athleten: 50-70 kg<br \/>\nLauftempo: mittel (4.50 min\/km)<br \/>\n<a href=\"https:\/\/miomiorun.com\/de\/leitfaden-fuer-technische-spezifikationen\/\">Spezifikation<\/a><\/p>\n<p><\/div><\/div><div class=\"vc-column\"><div class=\"vc-column-text\"><\/p>\n<div class=\"swiper-wrapper\">\n<div class=\"product-benefits swiper-slide swiper-slide-visible\">\n<div class=\"text-container\">\n<p>Der Women&#8217;s <strong>Experience Flow<\/strong> (fr\u00fcher bekannt als AltraFWD Experience) erm\u00f6glicht agiles, schnelles und effizientes Laufen.<\/p>\n<h3>Bew\u00e4ltigen Sie t\u00e4gliche \u00dcbungen und lange Trainingsl\u00e4ufe mit Leichtigkeit und einem L\u00e4cheln f\u00fcr viele Kilometer.<\/h3>\n<p>Er verf\u00fcgt \u00fcber ein \u00fcberarbeitetes zweifarbiges technisches Mesh f\u00fcr erh\u00f6hte Atmungsaktivit\u00e4t. In Kombination mit dem Rocker-Profil des Schuhs sorgt die geringe Sprengung von 4 mm f\u00fcr einen effizienten Absprung und ein sanftes Abrollen bei jedem Schritt. Er verf\u00fcgt \u00fcber eine leichte und reaktionsfreudige, kompressionsgeformte Schaumstoff-Zwischensohle f\u00fcr maximale Leistung. Die FootShape-Passform von Altra bietet einen ger\u00e4umigen Zehenraum und unterst\u00fctzt den Mittelfu\u00df f\u00fcr eine nat\u00fcrliche Bewegung.<\/p>\n<h2>Tauchen Sie ein in dieses Erlebnis und genie\u00dfen Sie einen stressfreien Lauf!<\/h2>\n<h3>Eigenschaften:<\/h3>\n<ul>\n<li>Zwischensohle: leichter, kompressionsgeformter EVA-Schaum<\/li>\n<li>Laufsohle: Gummi<\/li>\n<li>Stapelh\u00f6he: 28mm\/32mm<\/li>\n<li>Fallh\u00f6he: 4 mm<\/li>\n<li>Obermaterial: Zweifarbiges technisches Mesh<\/li>\n<li>Fu\u00dfform: Standard<\/li>\n<li>Familie: Erfahrung<\/li>\n<li>D\u00e4mpfung: M\u00e4\u00dfig<\/li>\n<li>Linie: Stra\u00dfe<\/li>\n<\/ul>\n<h2>Technologien<\/h2>\n<div class=\"swiper-wrapper\">\n<div class=\"product-benefits swiper-slide swiper-slide-visible swiper-slide-active\">\n<div class=\"text-container\">\n<h3 class=\"title\">Rocker-Form<\/h3>\n<div id=\"ct-field-64\" class=\"ct-field ct-field-area\">\n<p>Der Rocker Shape wurde entwickelt, um das Gef\u00fchl zu vermitteln, bei jedem Schritt nach vorne zu kommen, und garantiert einen effektiven Absprung vom Boden, ohne Ihren nat\u00fcrlichen Schritt zu beeintr\u00e4chtigen.<\/p>\n<\/div>\n<h3>Nat\u00fcrliche Passform<\/h3>\n<\/div>\n<\/div>\n<div class=\"product-benefits swiper-slide swiper-slide-visible swiper-slide-next\">\n<div class=\"text-container\">\n<div id=\"ct-field-64\" class=\"ct-field ct-field-area\">\n<p><span data-sheets-userformat=\"{&quot;2&quot;:7043,&quot;3&quot;:{&quot;1&quot;:0},&quot;4&quot;:&#091;null,2,16777215&#093;,&quot;10&quot;:2,&quot;11&quot;:4,&quot;12&quot;:0,&quot;14&quot;:&#091;null,2,0&#093;,&quot;15&quot;:&quot;Arial, sans-serif&quot;}\" data-sheets-value=\"{&quot;1&quot;:2,&quot;2&quot;:&quot;Con un puntale spazioso e un drop da zero a basso, le nostre scarpe sono realizzate per correre nel massimo comfort. Muoviti naturalmente.&quot;}\">Der ger\u00e4umige Zehenraum und die geringe Sprengung sorgen daf\u00fcr, dass Sie bequem laufen und sich nat\u00fcrlich bewegen k\u00f6nnen.<\/span><\/p>\n<\/div>\n<h3>EVA-Schaumstoff-Zwischensohle<\/h3>\n<\/div>\n<\/div>\n<div class=\"product-benefits swiper-slide swiper-slide-visible\">\n<div class=\"text-container\">\n<div id=\"ct-field-64\" class=\"ct-field ct-field-area\">\n<p><span data-sheets-userformat=\"{&quot;2&quot;:7041,&quot;3&quot;:{&quot;1&quot;:0},&quot;10&quot;:2,&quot;11&quot;:4,&quot;12&quot;:0,&quot;14&quot;:&#091;null,2,0&#093;,&quot;15&quot;:&quot;Arial, sans-serif&quot;}\" data-sheets-value=\"{&quot;1&quot;:2,&quot;2&quot;:&quot;Allows your toes to relax and spread out naturally for more comfort and stability in uphill climbs and downhill descents.&quot;}\">Eine komprimierte, leichte und reaktionsfreudige Schaumstoff-Mittelsohle f\u00fcr einen nat\u00fcrlicheren Schritt und eine effizientere Leistung.<\/span><\/p>\n<\/div>\n<\/div>\n<\/div>\n<\/div>\n<\/div>\n<\/div>\n<\/div>\n<div class=\"swiper-button-container\">\n<div class=\"swiper-button-prev icon-left swiper-button-disabled\"><\/div>\n<div class=\"pagination-container swiper-pagination-clickable swiper-pagination-bullets\">\n<\/div>\n<\/div>\n<p><\/div><\/div><\/div>\n","protected":false},"excerpt":{"rendered":"<ul>\n<li>Idealer Schuh f\u00fcr den Stra\u00dfenlauf<\/li>\n<li>Ideal f\u00fcr mittlere und lange Strecken<\/li>\n<\/ul>\n","protected":false},"featured_media":261269,"template":"","meta":{"_acf_changed":false,"inline_featured_image":false},"product_brand":[],"product_cat":[6501,6538],"product_tag":[13805,13807],"class_list":{"0":"post-188721","1":"product","2":"type-product","3":"status-publish","4":"has-post-thumbnail","6":"product_cat-sale-damen-schuhe-de","7":"product_cat-neutral-damen-sale-de","8":"product_tag-altra-de","9":"product_tag-altra-damen","10":"pa_attivita-gehen","11":"pa_attivita-running-de","12":"pa_colore-experience-flow-w-mint-de","13":"pa_colore-experience-flow-w-white-gray-de","14":"pa_marca-altra-de","15":"pa_sesso-damen","16":"pa_size-38-de","18":"first","19":"instock","20":"sale","21":"taxable","22":"shipping-taxable","23":"purchasable","24":"product-type-variable","25":"wvs-archive-product-wrapper"},"acf":[],"yoast_head":"<!-- This site is optimized with the Yoast SEO plugin v26.8 - https:\/\/yoast.com\/product\/yoast-seo-wordpress\/ -->\n<title>Altra Experience Flow damen - Laufschuhe f\u00fcr Damen - MioMioRun<\/title>\n<meta name=\"description\" content=\"Der Women&#039;s Experience Flow (fr\u00fcher bekannt als AltraFWD Experience) bietet ein agiles, schnelles und effizientes Laufgef\u00fchl sowie einen 4 mm hohen Drop.\" \/>\n<meta name=\"robots\" content=\"index, follow, max-snippet:-1, max-image-preview:large, max-video-preview:-1\" \/>\n<link rel=\"canonical\" href=\"https:\/\/www.miomiorun.com\/de\/produkt\/experience-flow-damen\/\" \/>\n<meta property=\"og:locale\" content=\"de_DE\" \/>\n<meta property=\"og:type\" content=\"article\" \/>\n<meta property=\"og:title\" content=\"Altra Experience Flow damen - Laufschuhe f\u00fcr Damen - MioMioRun\" \/>\n<meta property=\"og:description\" content=\"Der Women&#039;s Experience Flow (fr\u00fcher bekannt als AltraFWD Experience) bietet ein agiles, schnelles und effizientes Laufgef\u00fchl sowie einen 4 mm hohen Drop.\" \/>\n<meta property=\"og:url\" content=\"https:\/\/www.miomiorun.com\/de\/produkt\/experience-flow-damen\/\" \/>\n<meta property=\"og:site_name\" content=\"MioMioRun\" \/>\n<meta property=\"article:publisher\" content=\"https:\/\/www.facebook.com\/miomiorun\/\" \/>\n<meta property=\"article:modified_time\" content=\"2025-07-01T07:41:31+00:00\" \/>\n<meta property=\"og:image\" content=\"https:\/\/www.miomiorun.com\/app\/uploads\/2025\/03\/altra-Experience-Flow-W-white-coral-AL0A85NW1611.webp\" \/>\n\t<meta property=\"og:image:width\" content=\"600\" \/>\n\t<meta property=\"og:image:height\" content=\"600\" \/>\n\t<meta property=\"og:image:type\" content=\"image\/webp\" \/>\n<meta name=\"twitter:card\" content=\"summary_large_image\" \/>\n<meta name=\"twitter:label1\" content=\"Est. reading time\" \/>\n\t<meta name=\"twitter:data1\" content=\"2 minutes\" \/>\n<script type=\"application\/ld+json\" class=\"yoast-schema-graph\">{\"@context\":\"https:\/\/schema.org\",\"@graph\":[{\"@type\":\"WebPage\",\"@id\":\"https:\/\/www.miomiorun.com\/de\/produkt\/experience-flow-damen\/\",\"url\":\"https:\/\/www.miomiorun.com\/de\/produkt\/experience-flow-damen\/\",\"name\":\"Altra Experience Flow damen - Laufschuhe f\u00fcr Damen - MioMioRun\",\"isPartOf\":{\"@id\":\"https:\/\/www.miomiorun.com\/de\/#website\"},\"primaryImageOfPage\":{\"@id\":\"https:\/\/www.miomiorun.com\/de\/produkt\/experience-flow-damen\/#primaryimage\"},\"image\":{\"@id\":\"https:\/\/www.miomiorun.com\/de\/produkt\/experience-flow-damen\/#primaryimage\"},\"thumbnailUrl\":\"https:\/\/www.miomiorun.com\/app\/uploads\/2025\/03\/altra-Experience-Flow-W-white-coral-AL0A85NW1611.webp\",\"datePublished\":\"2024-07-11T12:42:44+00:00\",\"dateModified\":\"2025-07-01T07:41:31+00:00\",\"description\":\"Der Women's Experience Flow (fr\u00fcher bekannt als AltraFWD Experience) bietet ein agiles, schnelles und effizientes Laufgef\u00fchl sowie einen 4 mm hohen Drop.\",\"breadcrumb\":{\"@id\":\"https:\/\/www.miomiorun.com\/de\/produkt\/experience-flow-damen\/#breadcrumb\"},\"inLanguage\":\"de-DE\",\"potentialAction\":[{\"@type\":\"ReadAction\",\"target\":[\"https:\/\/www.miomiorun.com\/de\/produkt\/experience-flow-damen\/\"]}]},{\"@type\":\"ImageObject\",\"inLanguage\":\"de-DE\",\"@id\":\"https:\/\/www.miomiorun.com\/de\/produkt\/experience-flow-damen\/#primaryimage\",\"url\":\"https:\/\/www.miomiorun.com\/app\/uploads\/2025\/03\/altra-Experience-Flow-W-white-coral-AL0A85NW1611.webp\",\"contentUrl\":\"https:\/\/www.miomiorun.com\/app\/uploads\/2025\/03\/altra-Experience-Flow-W-white-coral-AL0A85NW1611.webp\",\"width\":600,\"height\":600,\"caption\":\"altra Experience Flow W white coral AL0A85NW1611\"},{\"@type\":\"BreadcrumbList\",\"@id\":\"https:\/\/www.miomiorun.com\/de\/produkt\/experience-flow-damen\/#breadcrumb\",\"itemListElement\":[{\"@type\":\"ListItem\",\"position\":1,\"name\":\"Home\",\"item\":\"https:\/\/www.miomiorun.com\/de\/\"},{\"@type\":\"ListItem\",\"position\":2,\"name\":\"Shop\",\"item\":\"https:\/\/www.miomiorun.com\/shop\/\"},{\"@type\":\"ListItem\",\"position\":3,\"name\":\"Experience Flow damen\"}]},{\"@type\":\"WebSite\",\"@id\":\"https:\/\/www.miomiorun.com\/de\/#website\",\"url\":\"https:\/\/www.miomiorun.com\/de\/\",\"name\":\"MioMioRun\",\"description\":\"100% Lauf- und Trailshop\",\"publisher\":{\"@id\":\"https:\/\/www.miomiorun.com\/de\/#organization\"},\"potentialAction\":[{\"@type\":\"SearchAction\",\"target\":{\"@type\":\"EntryPoint\",\"urlTemplate\":\"https:\/\/www.miomiorun.com\/de\/?s={search_term_string}\"},\"query-input\":{\"@type\":\"PropertyValueSpecification\",\"valueRequired\":true,\"valueName\":\"search_term_string\"}}],\"inLanguage\":\"de-DE\"},{\"@type\":\"Organization\",\"@id\":\"https:\/\/www.miomiorun.com\/de\/#organization\",\"name\":\"MioMio Run\",\"url\":\"https:\/\/www.miomiorun.com\/de\/\",\"logo\":{\"@type\":\"ImageObject\",\"inLanguage\":\"de-DE\",\"@id\":\"https:\/\/www.miomiorun.com\/de\/#\/schema\/logo\/image\/\",\"url\":\"https:\/\/www.miomiorun.com\/app\/uploads\/2019\/12\/logomio.png\",\"contentUrl\":\"https:\/\/www.miomiorun.com\/app\/uploads\/2019\/12\/logomio.png\",\"width\":115,\"height\":82,\"caption\":\"MioMio Run\"},\"image\":{\"@id\":\"https:\/\/www.miomiorun.com\/de\/#\/schema\/logo\/image\/\"},\"sameAs\":[\"https:\/\/www.facebook.com\/miomiorun\/\",\"https:\/\/www.instagram.com\/miomiorun\/\"]}]}<\/script>\n<!-- \/ Yoast SEO plugin. -->","yoast_head_json":{"title":"Altra Experience Flow damen - Laufschuhe f\u00fcr Damen - MioMioRun","description":"Der Women's Experience Flow (fr\u00fcher bekannt als AltraFWD Experience) bietet ein agiles, schnelles und effizientes Laufgef\u00fchl sowie einen 4 mm hohen Drop.","robots":{"index":"index","follow":"follow","max-snippet":"max-snippet:-1","max-image-preview":"max-image-preview:large","max-video-preview":"max-video-preview:-1"},"canonical":"https:\/\/www.miomiorun.com\/de\/produkt\/experience-flow-damen\/","og_locale":"de_DE","og_type":"article","og_title":"Altra Experience Flow damen - Laufschuhe f\u00fcr Damen - MioMioRun","og_description":"Der Women's Experience Flow (fr\u00fcher bekannt als AltraFWD Experience) bietet ein agiles, schnelles und effizientes Laufgef\u00fchl sowie einen 4 mm hohen Drop.","og_url":"https:\/\/www.miomiorun.com\/de\/produkt\/experience-flow-damen\/","og_site_name":"MioMioRun","article_publisher":"https:\/\/www.facebook.com\/miomiorun\/","article_modified_time":"2025-07-01T07:41:31+00:00","og_image":[{"width":600,"height":600,"url":"https:\/\/www.miomiorun.com\/app\/uploads\/2025\/03\/altra-Experience-Flow-W-white-coral-AL0A85NW1611.webp","type":"image\/webp"}],"twitter_card":"summary_large_image","twitter_misc":{"Est. reading time":"2 minutes"},"schema":{"@context":"https:\/\/schema.org","@graph":[{"@type":"WebPage","@id":"https:\/\/www.miomiorun.com\/de\/produkt\/experience-flow-damen\/","url":"https:\/\/www.miomiorun.com\/de\/produkt\/experience-flow-damen\/","name":"Altra Experience Flow damen - Laufschuhe f\u00fcr Damen - MioMioRun","isPartOf":{"@id":"https:\/\/www.miomiorun.com\/de\/#website"},"primaryImageOfPage":{"@id":"https:\/\/www.miomiorun.com\/de\/produkt\/experience-flow-damen\/#primaryimage"},"image":{"@id":"https:\/\/www.miomiorun.com\/de\/produkt\/experience-flow-damen\/#primaryimage"},"thumbnailUrl":"https:\/\/www.miomiorun.com\/app\/uploads\/2025\/03\/altra-Experience-Flow-W-white-coral-AL0A85NW1611.webp","datePublished":"2024-07-11T12:42:44+00:00","dateModified":"2025-07-01T07:41:31+00:00","description":"Der Women's Experience Flow (fr\u00fcher bekannt als AltraFWD Experience) bietet ein agiles, schnelles und effizientes Laufgef\u00fchl sowie einen 4 mm hohen Drop.","breadcrumb":{"@id":"https:\/\/www.miomiorun.com\/de\/produkt\/experience-flow-damen\/#breadcrumb"},"inLanguage":"de-DE","potentialAction":[{"@type":"ReadAction","target":["https:\/\/www.miomiorun.com\/de\/produkt\/experience-flow-damen\/"]}]},{"@type":"ImageObject","inLanguage":"de-DE","@id":"https:\/\/www.miomiorun.com\/de\/produkt\/experience-flow-damen\/#primaryimage","url":"https:\/\/www.miomiorun.com\/app\/uploads\/2025\/03\/altra-Experience-Flow-W-white-coral-AL0A85NW1611.webp","contentUrl":"https:\/\/www.miomiorun.com\/app\/uploads\/2025\/03\/altra-Experience-Flow-W-white-coral-AL0A85NW1611.webp","width":600,"height":600,"caption":"altra Experience Flow W white coral AL0A85NW1611"},{"@type":"BreadcrumbList","@id":"https:\/\/www.miomiorun.com\/de\/produkt\/experience-flow-damen\/#breadcrumb","itemListElement":[{"@type":"ListItem","position":1,"name":"Home","item":"https:\/\/www.miomiorun.com\/de\/"},{"@type":"ListItem","position":2,"name":"Shop","item":"https:\/\/www.miomiorun.com\/shop\/"},{"@type":"ListItem","position":3,"name":"Experience Flow damen"}]},{"@type":"WebSite","@id":"https:\/\/www.miomiorun.com\/de\/#website","url":"https:\/\/www.miomiorun.com\/de\/","name":"MioMioRun","description":"100% Lauf- und Trailshop","publisher":{"@id":"https:\/\/www.miomiorun.com\/de\/#organization"},"potentialAction":[{"@type":"SearchAction","target":{"@type":"EntryPoint","urlTemplate":"https:\/\/www.miomiorun.com\/de\/?s={search_term_string}"},"query-input":{"@type":"PropertyValueSpecification","valueRequired":true,"valueName":"search_term_string"}}],"inLanguage":"de-DE"},{"@type":"Organization","@id":"https:\/\/www.miomiorun.com\/de\/#organization","name":"MioMio Run","url":"https:\/\/www.miomiorun.com\/de\/","logo":{"@type":"ImageObject","inLanguage":"de-DE","@id":"https:\/\/www.miomiorun.com\/de\/#\/schema\/logo\/image\/","url":"https:\/\/www.miomiorun.com\/app\/uploads\/2019\/12\/logomio.png","contentUrl":"https:\/\/www.miomiorun.com\/app\/uploads\/2019\/12\/logomio.png","width":115,"height":82,"caption":"MioMio Run"},"image":{"@id":"https:\/\/www.miomiorun.com\/de\/#\/schema\/logo\/image\/"},"sameAs":["https:\/\/www.facebook.com\/miomiorun\/","https:\/\/www.instagram.com\/miomiorun\/"]}]}},"_links":{"self":[{"href":"https:\/\/www.miomiorun.com\/de\/wp-json\/wp\/v2\/product\/188721","targetHints":{"allow":["GET"]}}],"collection":[{"href":"https:\/\/www.miomiorun.com\/de\/wp-json\/wp\/v2\/product"}],"about":[{"href":"https:\/\/www.miomiorun.com\/de\/wp-json\/wp\/v2\/types\/product"}],"wp:featuredmedia":[{"embeddable":true,"href":"https:\/\/www.miomiorun.com\/de\/wp-json\/wp\/v2\/media\/261269"}],"wp:attachment":[{"href":"https:\/\/www.miomiorun.com\/de\/wp-json\/wp\/v2\/media?parent=188721"}],"wp:term":[{"taxonomy":"product_brand","embeddable":true,"href":"https:\/\/www.miomiorun.com\/de\/wp-json\/wp\/v2\/product_brand?post=188721"},{"taxonomy":"product_cat","embeddable":true,"href":"https:\/\/www.miomiorun.com\/de\/wp-json\/wp\/v2\/product_cat?post=188721"},{"taxonomy":"product_tag","embeddable":true,"href":"https:\/\/www.miomiorun.com\/de\/wp-json\/wp\/v2\/product_tag?post=188721"}],"curies":[{"name":"wp","href":"https:\/\/api.w.org\/{rel}","templated":true}]}}