{"id":188600,"date":"2024-07-11T14:37:33","date_gmt":"2024-07-11T12:37:33","guid":{"rendered":"https:\/\/miomiorun.com\/?post_type=product&#038;p=188600"},"modified":"2026-05-08T22:06:43","modified_gmt":"2026-05-08T20:06:43","slug":"experience-form-damen","status":"publish","type":"product","link":"https:\/\/www.miomiorun.com\/de\/produkt\/experience-form-damen\/","title":{"rendered":"Experience Form damen"},"content":{"rendered":"<div class=\"vc-row container\"><div class=\"vc-column\"><div class=\"vc-column-text\">[port_content_box border_top_colour=&#8221;black&#8221; border_radius=&#8221;20&#8243; border_top_width=&#8221;3&#8243; align=&#8221;centre&#8221;]<\/p>\n<p><strong>Technische Daten<\/strong><\/p>\n<p>Kategorie: moderate D\u00e4mpfung<br \/>\nStapelh\u00f6he: 28mm\/32mm<br \/>\nVersatz: 4 mm<br \/>\nGewicht: 221 g<br \/>\nIdeal f\u00fcr : L\u00e4ufer, die einen schnellen, leichten und ged\u00e4mpften Schuh suchen, der bei langen L\u00e4ufen die richtige Unterst\u00fctzung bietet.<br \/>\nGewicht des Athleten: 60-75 kg<br \/>\nLauftempo: mittelschnell (4.00-5.30 min\/km)<br \/>\n<a href=\"https:\/\/miomiorun.com\/de\/leitfaden-fuer-technische-spezifikationen\/\">Technische Daten<\/a><\/p>\n<p>[\/port_content_box]<\/div><\/div><div class=\"vc-column\"><div class=\"vc-column-text\"><\/p>\n<h2>Der Experience Form bietet Unterst\u00fctzung f\u00fcr leichte Laufkilometer mit einer 4 mm hohen Sprengung, st\u00fctzende Technologie und eine leichte Zwischensohle.<\/h2>\n<p>Der <strong>Experience Form<\/strong> f\u00fcr Damen bietet Unterst\u00fctzung f\u00fcr leichte Laufkilometer mit einer leichten Zwischensohle, st\u00fctzender Technologie und einer 4 mm Sprengung.<\/p>\n<h2>Nehmen Sie t\u00e4gliche Workouts und lange Trainingsl\u00e4ufe mit Leichtigkeit in Angriff, und l\u00e4cheln Sie kilometerlang mit einem unterst\u00fctzenden Schuh, der jede Bewegung mitmacht.<\/h2>\n<p>Die leichte und reaktionsfreudige Zwischensohle aus kompressionsgeformtem Schaumstoff sorgt f\u00fcr mehr Effizienz. Sie ist mit der GuideRail\u2122-Technologie ausgestattet, die eine nat\u00fcrliche Fu\u00dfposition mit sanfter Unterst\u00fctzung f\u00fcr ein stabileres Laufgef\u00fchl f\u00f6rdert. In Kombination mit dem Rocker-Profil des Schuhs sorgt die geringe Sprengung von 4 mm f\u00fcr einen effektiven Absprung und ein sanftes Abrollen bei jedem Schritt. Mit der FootShape-Passform von Altra erhalten Sie einen ger\u00e4umigen Zehenraum und Mittelfu\u00dfunterst\u00fctzung f\u00fcr eine nat\u00fcrliche Bewegung.<\/p>\n<h3>Sp\u00fcren Sie die Fl\u00fcssigkeit Ihrer Schritte mit der Unterst\u00fctzung und Leistung, die Sie brauchen.<\/h3>\n<h3>Eigenschaften:<\/h3>\n<ul>\n<li>Zwischensohle: leichter, kompressionsgeformter EVA-Schaum<\/li>\n<li>Laufsohle: Gummi<\/li>\n<li>Stapelh\u00f6he: 28mm\/32mm<\/li>\n<li>Fallh\u00f6he: 4 mm<\/li>\n<li>Obermaterial: Zweifarbiges technisches Mesh<\/li>\n<li>Fu\u00dfform: Standard<\/li>\n<li>Familie: Erfahrung<\/li>\n<li>D\u00e4mpfung: M\u00e4\u00dfig<\/li>\n<li>Linie: Stra\u00dfe<\/li>\n<\/ul>\n<h2>Technologien<\/h2>\n<h3>GUIDERAIL<\/h3>\n<p>Eine dynamische St\u00fctze, die wie eine Leitplanke auf der Autobahn wirkt und Sie nur dann f\u00fchrt, wenn Sie sie brauchen.<\/p>\n<h3>ROCKER-SHAPE<\/h3>\n<p>Die Rocker-Form wurde entwickelt, um das Gef\u00fchl zu vermitteln, bei jedem Schritt vorw\u00e4rts zu kommen, und bietet eine effektive Bodenfreiheit, ohne den nat\u00fcrlichen Schritt zu beeintr\u00e4chtigen.<\/p>\n<h3>NAT\u00dcRLICHE PASSFORM<\/h3>\n<p>Mit einem ger\u00e4umigen Zehenraum sind diese Schuhe f\u00fcr ein komfortables Laufgef\u00fchl und eine nat\u00fcrliche Bewegungsfreiheit konzipiert.<\/p>\n<h3>EVA-SCHAUMZWISCHENSOHLE<\/h3>\n<p>Leichte und reaktionsfreudige Zwischensohle aus komprimiertem Schaumstoff f\u00fcr einen nat\u00fcrlicheren Schritt und eine effizientere Leistung.<\/div><\/div><\/div>\n","protected":false},"excerpt":{"rendered":"<ul>\n<li>Der ideale Schuh f\u00fcr Training und schnelle L\u00e4ufe.<\/li>\n<li>Stabiler Schuh, der beim Stra\u00dfenlauf Unterst\u00fctzung bietet.<\/li>\n<\/ul>\n","protected":false},"featured_media":192950,"template":"","meta":{"_acf_changed":false,"inline_featured_image":false},"product_brand":[],"product_cat":[6501,6537],"product_tag":[13805,13807],"class_list":{"0":"post-188600","1":"product","2":"type-product","3":"status-publish","4":"has-post-thumbnail","6":"product_cat-sale-damen-schuhe-de","7":"product_cat-sale-stabilitaet-damen-de","8":"product_tag-altra-de","9":"product_tag-altra-damen","10":"pa_attivita-gehen","11":"pa_attivita-running-de","12":"pa_colore-experience-form-w-blue-gray-de","13":"pa_marca-altra-de","14":"pa_sesso-damen","15":"pa_size-38-de","17":"first","18":"instock","19":"taxable","20":"shipping-taxable","21":"purchasable","22":"product-type-variable","23":"wvs-archive-product-wrapper"},"acf":[],"yoast_head":"<!-- This site is optimized with the Yoast SEO plugin v26.8 - https:\/\/yoast.com\/product\/yoast-seo-wordpress\/ -->\n<title>Altra Experience Form damen - Damen-Laufschuhe - MioMioRun .com<\/title>\n<meta name=\"description\" content=\"Experience Form bietet Unterst\u00fctzung f\u00fcr leichte Laufkilometer, mit einer Sprengung von 4 mm, unterst\u00fctzender Technologie und einer leichten Zwischensohle.\" \/>\n<meta name=\"robots\" content=\"index, follow, max-snippet:-1, max-image-preview:large, max-video-preview:-1\" \/>\n<link rel=\"canonical\" href=\"https:\/\/www.miomiorun.com\/de\/produkt\/experience-form-damen\/\" \/>\n<meta property=\"og:locale\" content=\"de_DE\" \/>\n<meta property=\"og:type\" content=\"article\" \/>\n<meta property=\"og:title\" content=\"Altra Experience Form damen - Damen-Laufschuhe - MioMioRun .com\" \/>\n<meta property=\"og:description\" content=\"Experience Form bietet Unterst\u00fctzung f\u00fcr leichte Laufkilometer, mit einer Sprengung von 4 mm, unterst\u00fctzender Technologie und einer leichten Zwischensohle.\" \/>\n<meta property=\"og:url\" content=\"https:\/\/www.miomiorun.com\/de\/produkt\/experience-form-damen\/\" \/>\n<meta property=\"og:site_name\" content=\"MioMioRun\" \/>\n<meta property=\"article:publisher\" content=\"https:\/\/www.facebook.com\/miomiorun\/\" \/>\n<meta property=\"article:modified_time\" content=\"2026-05-08T20:06:43+00:00\" \/>\n<meta property=\"og:image\" content=\"https:\/\/www.miomiorun.com\/app\/uploads\/2024\/08\/Altra-Experience-form-W-blue-gray-AL0A85NU4201.webp\" \/>\n\t<meta property=\"og:image:width\" content=\"600\" \/>\n\t<meta property=\"og:image:height\" content=\"600\" \/>\n\t<meta property=\"og:image:type\" content=\"image\/webp\" \/>\n<meta name=\"twitter:card\" content=\"summary_large_image\" \/>\n<meta name=\"twitter:label1\" content=\"Est. reading time\" \/>\n\t<meta name=\"twitter:data1\" content=\"2 minutes\" \/>\n<script type=\"application\/ld+json\" class=\"yoast-schema-graph\">{\"@context\":\"https:\/\/schema.org\",\"@graph\":[{\"@type\":\"WebPage\",\"@id\":\"https:\/\/www.miomiorun.com\/de\/produkt\/experience-form-damen\/\",\"url\":\"https:\/\/www.miomiorun.com\/de\/produkt\/experience-form-damen\/\",\"name\":\"Altra Experience Form damen - Damen-Laufschuhe - MioMioRun .com\",\"isPartOf\":{\"@id\":\"https:\/\/www.miomiorun.com\/de\/#website\"},\"primaryImageOfPage\":{\"@id\":\"https:\/\/www.miomiorun.com\/de\/produkt\/experience-form-damen\/#primaryimage\"},\"image\":{\"@id\":\"https:\/\/www.miomiorun.com\/de\/produkt\/experience-form-damen\/#primaryimage\"},\"thumbnailUrl\":\"https:\/\/www.miomiorun.com\/app\/uploads\/2024\/08\/Altra-Experience-form-W-blue-gray-AL0A85NU4201.webp\",\"datePublished\":\"2024-07-11T12:37:33+00:00\",\"dateModified\":\"2026-05-08T20:06:43+00:00\",\"description\":\"Experience Form bietet Unterst\u00fctzung f\u00fcr leichte Laufkilometer, mit einer Sprengung von 4 mm, unterst\u00fctzender Technologie und einer leichten Zwischensohle.\",\"breadcrumb\":{\"@id\":\"https:\/\/www.miomiorun.com\/de\/produkt\/experience-form-damen\/#breadcrumb\"},\"inLanguage\":\"de-DE\",\"potentialAction\":[{\"@type\":\"ReadAction\",\"target\":[\"https:\/\/www.miomiorun.com\/de\/produkt\/experience-form-damen\/\"]}]},{\"@type\":\"ImageObject\",\"inLanguage\":\"de-DE\",\"@id\":\"https:\/\/www.miomiorun.com\/de\/produkt\/experience-form-damen\/#primaryimage\",\"url\":\"https:\/\/www.miomiorun.com\/app\/uploads\/2024\/08\/Altra-Experience-form-W-blue-gray-AL0A85NU4201.webp\",\"contentUrl\":\"https:\/\/www.miomiorun.com\/app\/uploads\/2024\/08\/Altra-Experience-form-W-blue-gray-AL0A85NU4201.webp\",\"width\":600,\"height\":600,\"caption\":\"Altra Experience form W blue gray AL0A85NU4201\"},{\"@type\":\"BreadcrumbList\",\"@id\":\"https:\/\/www.miomiorun.com\/de\/produkt\/experience-form-damen\/#breadcrumb\",\"itemListElement\":[{\"@type\":\"ListItem\",\"position\":1,\"name\":\"Home\",\"item\":\"https:\/\/www.miomiorun.com\/de\/\"},{\"@type\":\"ListItem\",\"position\":2,\"name\":\"Shop\",\"item\":\"https:\/\/www.miomiorun.com\/shop\/\"},{\"@type\":\"ListItem\",\"position\":3,\"name\":\"Experience Form damen\"}]},{\"@type\":\"WebSite\",\"@id\":\"https:\/\/www.miomiorun.com\/de\/#website\",\"url\":\"https:\/\/www.miomiorun.com\/de\/\",\"name\":\"MioMioRun\",\"description\":\"100% Lauf- und Trailshop\",\"publisher\":{\"@id\":\"https:\/\/www.miomiorun.com\/de\/#organization\"},\"potentialAction\":[{\"@type\":\"SearchAction\",\"target\":{\"@type\":\"EntryPoint\",\"urlTemplate\":\"https:\/\/www.miomiorun.com\/de\/?s={search_term_string}\"},\"query-input\":{\"@type\":\"PropertyValueSpecification\",\"valueRequired\":true,\"valueName\":\"search_term_string\"}}],\"inLanguage\":\"de-DE\"},{\"@type\":\"Organization\",\"@id\":\"https:\/\/www.miomiorun.com\/de\/#organization\",\"name\":\"MioMio Run\",\"url\":\"https:\/\/www.miomiorun.com\/de\/\",\"logo\":{\"@type\":\"ImageObject\",\"inLanguage\":\"de-DE\",\"@id\":\"https:\/\/www.miomiorun.com\/de\/#\/schema\/logo\/image\/\",\"url\":\"https:\/\/www.miomiorun.com\/app\/uploads\/2019\/12\/logomio.png\",\"contentUrl\":\"https:\/\/www.miomiorun.com\/app\/uploads\/2019\/12\/logomio.png\",\"width\":115,\"height\":82,\"caption\":\"MioMio Run\"},\"image\":{\"@id\":\"https:\/\/www.miomiorun.com\/de\/#\/schema\/logo\/image\/\"},\"sameAs\":[\"https:\/\/www.facebook.com\/miomiorun\/\",\"https:\/\/www.instagram.com\/miomiorun\/\"]}]}<\/script>\n<!-- \/ Yoast SEO plugin. -->","yoast_head_json":{"title":"Altra Experience Form damen - Damen-Laufschuhe - MioMioRun .com","description":"Experience Form bietet Unterst\u00fctzung f\u00fcr leichte Laufkilometer, mit einer Sprengung von 4 mm, unterst\u00fctzender Technologie und einer leichten Zwischensohle.","robots":{"index":"index","follow":"follow","max-snippet":"max-snippet:-1","max-image-preview":"max-image-preview:large","max-video-preview":"max-video-preview:-1"},"canonical":"https:\/\/www.miomiorun.com\/de\/produkt\/experience-form-damen\/","og_locale":"de_DE","og_type":"article","og_title":"Altra Experience Form damen - Damen-Laufschuhe - MioMioRun .com","og_description":"Experience Form bietet Unterst\u00fctzung f\u00fcr leichte Laufkilometer, mit einer Sprengung von 4 mm, unterst\u00fctzender Technologie und einer leichten Zwischensohle.","og_url":"https:\/\/www.miomiorun.com\/de\/produkt\/experience-form-damen\/","og_site_name":"MioMioRun","article_publisher":"https:\/\/www.facebook.com\/miomiorun\/","article_modified_time":"2026-05-08T20:06:43+00:00","og_image":[{"width":600,"height":600,"url":"https:\/\/www.miomiorun.com\/app\/uploads\/2024\/08\/Altra-Experience-form-W-blue-gray-AL0A85NU4201.webp","type":"image\/webp"}],"twitter_card":"summary_large_image","twitter_misc":{"Est. reading time":"2 minutes"},"schema":{"@context":"https:\/\/schema.org","@graph":[{"@type":"WebPage","@id":"https:\/\/www.miomiorun.com\/de\/produkt\/experience-form-damen\/","url":"https:\/\/www.miomiorun.com\/de\/produkt\/experience-form-damen\/","name":"Altra Experience Form damen - Damen-Laufschuhe - MioMioRun .com","isPartOf":{"@id":"https:\/\/www.miomiorun.com\/de\/#website"},"primaryImageOfPage":{"@id":"https:\/\/www.miomiorun.com\/de\/produkt\/experience-form-damen\/#primaryimage"},"image":{"@id":"https:\/\/www.miomiorun.com\/de\/produkt\/experience-form-damen\/#primaryimage"},"thumbnailUrl":"https:\/\/www.miomiorun.com\/app\/uploads\/2024\/08\/Altra-Experience-form-W-blue-gray-AL0A85NU4201.webp","datePublished":"2024-07-11T12:37:33+00:00","dateModified":"2026-05-08T20:06:43+00:00","description":"Experience Form bietet Unterst\u00fctzung f\u00fcr leichte Laufkilometer, mit einer Sprengung von 4 mm, unterst\u00fctzender Technologie und einer leichten Zwischensohle.","breadcrumb":{"@id":"https:\/\/www.miomiorun.com\/de\/produkt\/experience-form-damen\/#breadcrumb"},"inLanguage":"de-DE","potentialAction":[{"@type":"ReadAction","target":["https:\/\/www.miomiorun.com\/de\/produkt\/experience-form-damen\/"]}]},{"@type":"ImageObject","inLanguage":"de-DE","@id":"https:\/\/www.miomiorun.com\/de\/produkt\/experience-form-damen\/#primaryimage","url":"https:\/\/www.miomiorun.com\/app\/uploads\/2024\/08\/Altra-Experience-form-W-blue-gray-AL0A85NU4201.webp","contentUrl":"https:\/\/www.miomiorun.com\/app\/uploads\/2024\/08\/Altra-Experience-form-W-blue-gray-AL0A85NU4201.webp","width":600,"height":600,"caption":"Altra Experience form W blue gray AL0A85NU4201"},{"@type":"BreadcrumbList","@id":"https:\/\/www.miomiorun.com\/de\/produkt\/experience-form-damen\/#breadcrumb","itemListElement":[{"@type":"ListItem","position":1,"name":"Home","item":"https:\/\/www.miomiorun.com\/de\/"},{"@type":"ListItem","position":2,"name":"Shop","item":"https:\/\/www.miomiorun.com\/shop\/"},{"@type":"ListItem","position":3,"name":"Experience Form damen"}]},{"@type":"WebSite","@id":"https:\/\/www.miomiorun.com\/de\/#website","url":"https:\/\/www.miomiorun.com\/de\/","name":"MioMioRun","description":"100% Lauf- und Trailshop","publisher":{"@id":"https:\/\/www.miomiorun.com\/de\/#organization"},"potentialAction":[{"@type":"SearchAction","target":{"@type":"EntryPoint","urlTemplate":"https:\/\/www.miomiorun.com\/de\/?s={search_term_string}"},"query-input":{"@type":"PropertyValueSpecification","valueRequired":true,"valueName":"search_term_string"}}],"inLanguage":"de-DE"},{"@type":"Organization","@id":"https:\/\/www.miomiorun.com\/de\/#organization","name":"MioMio Run","url":"https:\/\/www.miomiorun.com\/de\/","logo":{"@type":"ImageObject","inLanguage":"de-DE","@id":"https:\/\/www.miomiorun.com\/de\/#\/schema\/logo\/image\/","url":"https:\/\/www.miomiorun.com\/app\/uploads\/2019\/12\/logomio.png","contentUrl":"https:\/\/www.miomiorun.com\/app\/uploads\/2019\/12\/logomio.png","width":115,"height":82,"caption":"MioMio Run"},"image":{"@id":"https:\/\/www.miomiorun.com\/de\/#\/schema\/logo\/image\/"},"sameAs":["https:\/\/www.facebook.com\/miomiorun\/","https:\/\/www.instagram.com\/miomiorun\/"]}]}},"_links":{"self":[{"href":"https:\/\/www.miomiorun.com\/de\/wp-json\/wp\/v2\/product\/188600","targetHints":{"allow":["GET"]}}],"collection":[{"href":"https:\/\/www.miomiorun.com\/de\/wp-json\/wp\/v2\/product"}],"about":[{"href":"https:\/\/www.miomiorun.com\/de\/wp-json\/wp\/v2\/types\/product"}],"wp:featuredmedia":[{"embeddable":true,"href":"https:\/\/www.miomiorun.com\/de\/wp-json\/wp\/v2\/media\/192950"}],"wp:attachment":[{"href":"https:\/\/www.miomiorun.com\/de\/wp-json\/wp\/v2\/media?parent=188600"}],"wp:term":[{"taxonomy":"product_brand","embeddable":true,"href":"https:\/\/www.miomiorun.com\/de\/wp-json\/wp\/v2\/product_brand?post=188600"},{"taxonomy":"product_cat","embeddable":true,"href":"https:\/\/www.miomiorun.com\/de\/wp-json\/wp\/v2\/product_cat?post=188600"},{"taxonomy":"product_tag","embeddable":true,"href":"https:\/\/www.miomiorun.com\/de\/wp-json\/wp\/v2\/product_tag?post=188600"}],"curies":[{"name":"wp","href":"https:\/\/api.w.org\/{rel}","templated":true}]}}