{"id":185997,"date":"2024-07-04T13:11:30","date_gmt":"2024-07-04T11:11:30","guid":{"rendered":"https:\/\/miomiorun.com\/?post_type=product&#038;p=185997"},"modified":"2026-05-08T22:07:22","modified_gmt":"2026-05-08T20:07:22","slug":"ikoni-3-0-damen","status":"publish","type":"product","link":"https:\/\/www.miomiorun.com\/de\/produkt\/ikoni-3-0-damen\/","title":{"rendered":"Ikoni 3.0 damen"},"content":{"rendered":"<div class=\"vc-row container\"><div class=\"vc-column\"><div class=\"vc-column-text\">[port_content_box border_top_colour=&#8221;black&#8221; border_radius=&#8221;20&#8243; border_top_width=&#8221;3&#8243; align=&#8221;centre&#8221;]<\/p>\n<h4>Technische Daten<\/h4>\n<p>Kategorie: Mittlere D\u00e4mpfung<br \/>\nVersatz: 8 mm<br \/>\nGewicht: 244 g<br \/>\nIdeal f\u00fcr : L\u00e4ufer, die einen Schuh mit guter D\u00e4mpfung und weichem \u00dcbergang f\u00fcr mittellange L\u00e4ufe suchen.<br \/>\nGewicht des Athleten: 65-75 kg<br \/>\nLauftempo: mittelschnell (4.30-5.30 min\/km)<br \/>\n<a href=\"https:\/\/miomiorun.com\/de\/leitfaden-fuer-technische-spezifikationen\/\">Spezifikation<\/a><\/p>\n<p>[\/port_content_box]<\/div><\/div><div class=\"vc-column\"><div class=\"vc-column-text\"><\/p>\n<h2>Erh\u00f6hen Sie Ihr Lauferlebnis mit diesem au\u00dfergew\u00f6hnlichen Modell von KARHU.<\/h2>\n<p>&nbsp;<\/p>\n<h3>Lernen Sie den neuen <strong>KARHU<\/strong> Women&#8217;s <strong>Ikoni 3.0<\/strong> kennen, den ultimativen Laufschuh, der unvergleichlichen Komfort, Laufgef\u00fchl und D\u00e4mpfung bietet.<\/h3>\n<p>Der <strong>Ikoni 3.0<\/strong> f\u00fcr Damen wurde sowohl f\u00fcr neutrale als auch f\u00fcr leichte \u00dcberpronierer entwickelt und ist der perfekte Schuh f\u00fcr das t\u00e4gliche Laufen. Die moderne, ausgestellte Fersenkappe und das <strong>IdealKnit-Mesh-Obermaterial<\/strong> mit gestreiftem Muster verbessern den Komfort und die Atmungsaktivit\u00e4t.<\/p>\n<p>Die erh\u00f6hte H\u00f6he der weicheren <strong>AeroFoam-Zwischensohle<\/strong> sorgt f\u00fcr ein ged\u00e4mpftes Laufgef\u00fchl, w\u00e4hrend das breitere Unterfu\u00dfdesign eine bessere Balance und Passform gew\u00e4hrleistet. Die Au\u00dfensohle verf\u00fcgt \u00fcber zus\u00e4tzliche Gummi-Overlays f\u00fcr hervorragende Traktion und Stabilit\u00e4t, w\u00e4hrend der neue Deflection Channel den Aufprall f\u00fcr ein hervorragendes Lauferlebnis absorbiert.<\/p>\n<h3>Eigenschaften:<\/h3>\n<ul>\n<li>Ausgestellter Fersenbereich f\u00fcr ma\u00dfgeschneiderten Komfort<\/li>\n<li>Ein stabiles Fulcrum umschlie\u00dft den Fu\u00df und sorgt f\u00fcr einen reibungslosen Lauf und \u00dcbergang<\/li>\n<li>Zus\u00e4tzliche Zwischensohlenh\u00f6he und Antriebseinheit sorgen f\u00fcr eine sanfte, gef\u00fchrte Fahrt.<\/li>\n<li>Weicherer AeroFoam f\u00fcr ein besser ged\u00e4mpftes Lauferlebnis<\/li>\n<li>IdealKnit-Mesh-Konstruktion mit Spindelmuster f\u00fcr Atmungsaktivit\u00e4t und Halt<\/li>\n<li>M-Lock-Schn\u00fcrung zur Sicherung des Mittelfu\u00dfes<\/li>\n<\/ul>\n<p>&nbsp;<\/p>\n<p>Verwendet die <strong>Fulcrum-Technologie<\/strong>:<\/p>\n<p><img loading=\"lazy\" decoding=\"async\" class=\"\" src=\"https:\/\/cdn.shopify.com\/s\/files\/1\/0519\/4570\/1549\/files\/fulcrum_800x.png?v=1612961012\" width=\"122\" height=\"54\" \/><\/p>\n<p>Die KARHU Fulcrum-Technologie wurde entwickelt, um alle Kr\u00e4fte nach vorne zu leiten, die Bremskr\u00e4fte zu reduzieren und die nat\u00fcrliche Energie Ihres K\u00f6rpers zu nutzen, um eine sanftere Fahrt zu erm\u00f6glichen. Das nennen wir den Rolling Effect. Die Fulcrum-Technologie bietet: ausgewogene D\u00e4mpfung, mehr Unterst\u00fctzung, mehr Energie. Der Ikoni hat ein halblanges Fulcrum f\u00fcr einen flexiblen Vorfu\u00df.<\/div><\/div><\/div>\n","protected":false},"excerpt":{"rendered":"<ul>\n<li>superleicht<\/li>\n<li>super-gepolstert<\/li>\n<li>ideal f\u00fcr L\u00e4ufer mit neutraler Fu\u00dfstellung und \u00dcberpronierer<\/li>\n<\/ul>\n","protected":false},"featured_media":361252,"template":"","meta":{"_acf_changed":false,"inline_featured_image":false},"product_brand":[],"product_cat":[6400,6474,6475,6490],"product_tag":[3377,6224],"class_list":{"0":"post-185997","1":"product","2":"type-product","3":"status-publish","4":"has-post-thumbnail","6":"product_cat-damen","7":"product_cat-damenschuhe","8":"product_cat-neutral","9":"product_cat-stabilitaet","10":"product_tag-karhu-de","11":"product_tag-karhu-damen-de","12":"pa_attivita-fitness-de","13":"pa_attivita-gehen","14":"pa_attivita-running-de","15":"pa_colore-ikoni-3-0-w-black-stone-blue-de","16":"pa_colore-ikoni-3-0-w-quarry-pink-sand-de","17":"pa_colore-ikoni-3-0-w-stormy-weather-turtledove-de","18":"pa_colore-ikoni-3-0-w-vanilla-ice-ashes-of-roses-de","19":"pa_colore-ikoni-3-0-w-white-super-sonic-de","20":"pa_colore-ikoni-3-0-w-white-tarmac-de","21":"pa_marca-karhu-de","22":"pa_sesso-damen","23":"pa_size-37-5-de","24":"pa_size-38-de","25":"pa_size-39-de","26":"pa_size-39-5-de","27":"pa_size-40-de","29":"first","30":"instock","31":"sale","32":"taxable","33":"shipping-taxable","34":"purchasable","35":"product-type-variable","36":"wvs-archive-product-wrapper"},"acf":[],"yoast_head":"<!-- This site is optimized with the Yoast SEO plugin v26.8 - https:\/\/yoast.com\/product\/yoast-seo-wordpress\/ -->\n<title>Karhu Ikoni 3.0 damen - Damen-Laufschuh - MioMioRun<\/title>\n<meta name=\"description\" content=\"Der Ikoni 3.0 f\u00fcr Herren wurde sowohl f\u00fcr Neutral- als auch f\u00fcr leichte \u00dcberpronierer entwickelt und ist der perfekte Schuh f\u00fcr das t\u00e4gliche Laufen.\" \/>\n<meta name=\"robots\" content=\"index, follow, max-snippet:-1, max-image-preview:large, max-video-preview:-1\" \/>\n<link rel=\"canonical\" href=\"https:\/\/www.miomiorun.com\/de\/produkt\/ikoni-3-0-damen\/\" \/>\n<meta property=\"og:locale\" content=\"de_DE\" \/>\n<meta property=\"og:type\" content=\"article\" \/>\n<meta property=\"og:title\" content=\"Karhu Ikoni 3.0 damen - Damen-Laufschuh - MioMioRun\" \/>\n<meta property=\"og:description\" content=\"Der Ikoni 3.0 f\u00fcr Herren wurde sowohl f\u00fcr Neutral- als auch f\u00fcr leichte \u00dcberpronierer entwickelt und ist der perfekte Schuh f\u00fcr das t\u00e4gliche Laufen.\" \/>\n<meta property=\"og:url\" content=\"https:\/\/www.miomiorun.com\/de\/produkt\/ikoni-3-0-damen\/\" \/>\n<meta property=\"og:site_name\" content=\"MioMioRun\" \/>\n<meta property=\"article:publisher\" content=\"https:\/\/www.facebook.com\/miomiorun\/\" \/>\n<meta property=\"article:modified_time\" content=\"2026-05-08T20:07:22+00:00\" \/>\n<meta property=\"og:image\" content=\"https:\/\/www.miomiorun.com\/app\/uploads\/2025\/10\/karhu-Ikoni-3.0-W-white-tarmac-F202017.webp\" \/>\n\t<meta property=\"og:image:width\" content=\"720\" \/>\n\t<meta property=\"og:image:height\" content=\"720\" \/>\n\t<meta property=\"og:image:type\" content=\"image\/webp\" \/>\n<meta name=\"twitter:card\" content=\"summary_large_image\" \/>\n<meta name=\"twitter:label1\" content=\"Est. reading time\" \/>\n\t<meta name=\"twitter:data1\" content=\"2 minutes\" \/>\n<script type=\"application\/ld+json\" class=\"yoast-schema-graph\">{\"@context\":\"https:\/\/schema.org\",\"@graph\":[{\"@type\":\"WebPage\",\"@id\":\"https:\/\/www.miomiorun.com\/de\/produkt\/ikoni-3-0-damen\/\",\"url\":\"https:\/\/www.miomiorun.com\/de\/produkt\/ikoni-3-0-damen\/\",\"name\":\"Karhu Ikoni 3.0 damen - Damen-Laufschuh - MioMioRun\",\"isPartOf\":{\"@id\":\"https:\/\/www.miomiorun.com\/de\/#website\"},\"primaryImageOfPage\":{\"@id\":\"https:\/\/www.miomiorun.com\/de\/produkt\/ikoni-3-0-damen\/#primaryimage\"},\"image\":{\"@id\":\"https:\/\/www.miomiorun.com\/de\/produkt\/ikoni-3-0-damen\/#primaryimage\"},\"thumbnailUrl\":\"https:\/\/www.miomiorun.com\/app\/uploads\/2025\/10\/karhu-Ikoni-3.0-W-white-tarmac-F202017.webp\",\"datePublished\":\"2024-07-04T11:11:30+00:00\",\"dateModified\":\"2026-05-08T20:07:22+00:00\",\"description\":\"Der Ikoni 3.0 f\u00fcr Herren wurde sowohl f\u00fcr Neutral- als auch f\u00fcr leichte \u00dcberpronierer entwickelt und ist der perfekte Schuh f\u00fcr das t\u00e4gliche Laufen.\",\"breadcrumb\":{\"@id\":\"https:\/\/www.miomiorun.com\/de\/produkt\/ikoni-3-0-damen\/#breadcrumb\"},\"inLanguage\":\"de-DE\",\"potentialAction\":[{\"@type\":\"ReadAction\",\"target\":[\"https:\/\/www.miomiorun.com\/de\/produkt\/ikoni-3-0-damen\/\"]}]},{\"@type\":\"ImageObject\",\"inLanguage\":\"de-DE\",\"@id\":\"https:\/\/www.miomiorun.com\/de\/produkt\/ikoni-3-0-damen\/#primaryimage\",\"url\":\"https:\/\/www.miomiorun.com\/app\/uploads\/2025\/10\/karhu-Ikoni-3.0-W-white-tarmac-F202017.webp\",\"contentUrl\":\"https:\/\/www.miomiorun.com\/app\/uploads\/2025\/10\/karhu-Ikoni-3.0-W-white-tarmac-F202017.webp\",\"width\":720,\"height\":720,\"caption\":\"karhu Ikoni 3.0 W white tarmac F202017\"},{\"@type\":\"BreadcrumbList\",\"@id\":\"https:\/\/www.miomiorun.com\/de\/produkt\/ikoni-3-0-damen\/#breadcrumb\",\"itemListElement\":[{\"@type\":\"ListItem\",\"position\":1,\"name\":\"Home\",\"item\":\"https:\/\/www.miomiorun.com\/de\/\"},{\"@type\":\"ListItem\",\"position\":2,\"name\":\"Shop\",\"item\":\"https:\/\/www.miomiorun.com\/shop\/\"},{\"@type\":\"ListItem\",\"position\":3,\"name\":\"Ikoni 3.0 damen\"}]},{\"@type\":\"WebSite\",\"@id\":\"https:\/\/www.miomiorun.com\/de\/#website\",\"url\":\"https:\/\/www.miomiorun.com\/de\/\",\"name\":\"MioMioRun\",\"description\":\"100% Lauf- und Trailshop\",\"publisher\":{\"@id\":\"https:\/\/www.miomiorun.com\/de\/#organization\"},\"potentialAction\":[{\"@type\":\"SearchAction\",\"target\":{\"@type\":\"EntryPoint\",\"urlTemplate\":\"https:\/\/www.miomiorun.com\/de\/?s={search_term_string}\"},\"query-input\":{\"@type\":\"PropertyValueSpecification\",\"valueRequired\":true,\"valueName\":\"search_term_string\"}}],\"inLanguage\":\"de-DE\"},{\"@type\":\"Organization\",\"@id\":\"https:\/\/www.miomiorun.com\/de\/#organization\",\"name\":\"MioMio Run\",\"url\":\"https:\/\/www.miomiorun.com\/de\/\",\"logo\":{\"@type\":\"ImageObject\",\"inLanguage\":\"de-DE\",\"@id\":\"https:\/\/www.miomiorun.com\/de\/#\/schema\/logo\/image\/\",\"url\":\"https:\/\/www.miomiorun.com\/app\/uploads\/2019\/12\/logomio.png\",\"contentUrl\":\"https:\/\/www.miomiorun.com\/app\/uploads\/2019\/12\/logomio.png\",\"width\":115,\"height\":82,\"caption\":\"MioMio Run\"},\"image\":{\"@id\":\"https:\/\/www.miomiorun.com\/de\/#\/schema\/logo\/image\/\"},\"sameAs\":[\"https:\/\/www.facebook.com\/miomiorun\/\",\"https:\/\/www.instagram.com\/miomiorun\/\"]}]}<\/script>\n<!-- \/ Yoast SEO plugin. -->","yoast_head_json":{"title":"Karhu Ikoni 3.0 damen - Damen-Laufschuh - MioMioRun","description":"Der Ikoni 3.0 f\u00fcr Herren wurde sowohl f\u00fcr Neutral- als auch f\u00fcr leichte \u00dcberpronierer entwickelt und ist der perfekte Schuh f\u00fcr das t\u00e4gliche Laufen.","robots":{"index":"index","follow":"follow","max-snippet":"max-snippet:-1","max-image-preview":"max-image-preview:large","max-video-preview":"max-video-preview:-1"},"canonical":"https:\/\/www.miomiorun.com\/de\/produkt\/ikoni-3-0-damen\/","og_locale":"de_DE","og_type":"article","og_title":"Karhu Ikoni 3.0 damen - Damen-Laufschuh - MioMioRun","og_description":"Der Ikoni 3.0 f\u00fcr Herren wurde sowohl f\u00fcr Neutral- als auch f\u00fcr leichte \u00dcberpronierer entwickelt und ist der perfekte Schuh f\u00fcr das t\u00e4gliche Laufen.","og_url":"https:\/\/www.miomiorun.com\/de\/produkt\/ikoni-3-0-damen\/","og_site_name":"MioMioRun","article_publisher":"https:\/\/www.facebook.com\/miomiorun\/","article_modified_time":"2026-05-08T20:07:22+00:00","og_image":[{"width":720,"height":720,"url":"https:\/\/www.miomiorun.com\/app\/uploads\/2025\/10\/karhu-Ikoni-3.0-W-white-tarmac-F202017.webp","type":"image\/webp"}],"twitter_card":"summary_large_image","twitter_misc":{"Est. reading time":"2 minutes"},"schema":{"@context":"https:\/\/schema.org","@graph":[{"@type":"WebPage","@id":"https:\/\/www.miomiorun.com\/de\/produkt\/ikoni-3-0-damen\/","url":"https:\/\/www.miomiorun.com\/de\/produkt\/ikoni-3-0-damen\/","name":"Karhu Ikoni 3.0 damen - Damen-Laufschuh - MioMioRun","isPartOf":{"@id":"https:\/\/www.miomiorun.com\/de\/#website"},"primaryImageOfPage":{"@id":"https:\/\/www.miomiorun.com\/de\/produkt\/ikoni-3-0-damen\/#primaryimage"},"image":{"@id":"https:\/\/www.miomiorun.com\/de\/produkt\/ikoni-3-0-damen\/#primaryimage"},"thumbnailUrl":"https:\/\/www.miomiorun.com\/app\/uploads\/2025\/10\/karhu-Ikoni-3.0-W-white-tarmac-F202017.webp","datePublished":"2024-07-04T11:11:30+00:00","dateModified":"2026-05-08T20:07:22+00:00","description":"Der Ikoni 3.0 f\u00fcr Herren wurde sowohl f\u00fcr Neutral- als auch f\u00fcr leichte \u00dcberpronierer entwickelt und ist der perfekte Schuh f\u00fcr das t\u00e4gliche Laufen.","breadcrumb":{"@id":"https:\/\/www.miomiorun.com\/de\/produkt\/ikoni-3-0-damen\/#breadcrumb"},"inLanguage":"de-DE","potentialAction":[{"@type":"ReadAction","target":["https:\/\/www.miomiorun.com\/de\/produkt\/ikoni-3-0-damen\/"]}]},{"@type":"ImageObject","inLanguage":"de-DE","@id":"https:\/\/www.miomiorun.com\/de\/produkt\/ikoni-3-0-damen\/#primaryimage","url":"https:\/\/www.miomiorun.com\/app\/uploads\/2025\/10\/karhu-Ikoni-3.0-W-white-tarmac-F202017.webp","contentUrl":"https:\/\/www.miomiorun.com\/app\/uploads\/2025\/10\/karhu-Ikoni-3.0-W-white-tarmac-F202017.webp","width":720,"height":720,"caption":"karhu Ikoni 3.0 W white tarmac F202017"},{"@type":"BreadcrumbList","@id":"https:\/\/www.miomiorun.com\/de\/produkt\/ikoni-3-0-damen\/#breadcrumb","itemListElement":[{"@type":"ListItem","position":1,"name":"Home","item":"https:\/\/www.miomiorun.com\/de\/"},{"@type":"ListItem","position":2,"name":"Shop","item":"https:\/\/www.miomiorun.com\/shop\/"},{"@type":"ListItem","position":3,"name":"Ikoni 3.0 damen"}]},{"@type":"WebSite","@id":"https:\/\/www.miomiorun.com\/de\/#website","url":"https:\/\/www.miomiorun.com\/de\/","name":"MioMioRun","description":"100% Lauf- und Trailshop","publisher":{"@id":"https:\/\/www.miomiorun.com\/de\/#organization"},"potentialAction":[{"@type":"SearchAction","target":{"@type":"EntryPoint","urlTemplate":"https:\/\/www.miomiorun.com\/de\/?s={search_term_string}"},"query-input":{"@type":"PropertyValueSpecification","valueRequired":true,"valueName":"search_term_string"}}],"inLanguage":"de-DE"},{"@type":"Organization","@id":"https:\/\/www.miomiorun.com\/de\/#organization","name":"MioMio Run","url":"https:\/\/www.miomiorun.com\/de\/","logo":{"@type":"ImageObject","inLanguage":"de-DE","@id":"https:\/\/www.miomiorun.com\/de\/#\/schema\/logo\/image\/","url":"https:\/\/www.miomiorun.com\/app\/uploads\/2019\/12\/logomio.png","contentUrl":"https:\/\/www.miomiorun.com\/app\/uploads\/2019\/12\/logomio.png","width":115,"height":82,"caption":"MioMio Run"},"image":{"@id":"https:\/\/www.miomiorun.com\/de\/#\/schema\/logo\/image\/"},"sameAs":["https:\/\/www.facebook.com\/miomiorun\/","https:\/\/www.instagram.com\/miomiorun\/"]}]}},"_links":{"self":[{"href":"https:\/\/www.miomiorun.com\/de\/wp-json\/wp\/v2\/product\/185997","targetHints":{"allow":["GET"]}}],"collection":[{"href":"https:\/\/www.miomiorun.com\/de\/wp-json\/wp\/v2\/product"}],"about":[{"href":"https:\/\/www.miomiorun.com\/de\/wp-json\/wp\/v2\/types\/product"}],"wp:featuredmedia":[{"embeddable":true,"href":"https:\/\/www.miomiorun.com\/de\/wp-json\/wp\/v2\/media\/361252"}],"wp:attachment":[{"href":"https:\/\/www.miomiorun.com\/de\/wp-json\/wp\/v2\/media?parent=185997"}],"wp:term":[{"taxonomy":"product_brand","embeddable":true,"href":"https:\/\/www.miomiorun.com\/de\/wp-json\/wp\/v2\/product_brand?post=185997"},{"taxonomy":"product_cat","embeddable":true,"href":"https:\/\/www.miomiorun.com\/de\/wp-json\/wp\/v2\/product_cat?post=185997"},{"taxonomy":"product_tag","embeddable":true,"href":"https:\/\/www.miomiorun.com\/de\/wp-json\/wp\/v2\/product_tag?post=185997"}],"curies":[{"name":"wp","href":"https:\/\/api.w.org\/{rel}","templated":true}]}}