{"id":185594,"date":"2024-07-03T17:38:12","date_gmt":"2024-07-03T15:38:12","guid":{"rendered":"https:\/\/miomiorun.com\/?post_type=product&#038;p=185594"},"modified":"2026-03-28T10:33:26","modified_gmt":"2026-03-28T09:33:26","slug":"skyflow-damen","status":"publish","type":"product","link":"https:\/\/www.miomiorun.com\/de\/produkt\/skyflow-damen\/","title":{"rendered":"Skyflow damen"},"content":{"rendered":"<div class=\"vc-row container\"><div class=\"vc-column\"><div class=\"vc-column-text\">[port_content_box border_top_colour=&#8221;black&#8221; border_radius=&#8221;20&#8243; border_top_width=&#8221;3&#8243; align=&#8221;centre&#8221;]<\/p>\n<h4>Technische Daten<\/h4>\n<p>Kategorie: Strukturierte D\u00e4mpfung<br \/>\nOffset: 5 mm<br \/>\nGewicht: 244 g<br \/>\nIdeal f\u00fcr: L\u00e4ufer und Walker mit neutralem Fu\u00df, die ein optimal ged\u00e4mpftes und komfortables Modell suchen, das den Aufprall auf den Boden neutralisiert, f\u00fcr mittlere bis lange Strecken.<br \/>\nGewicht des Athleten: 60-70 kg<br \/>\nLauftempo: mittel (5-6 min\/km)<br \/>\n<a href=\"https:\/\/miomiorun.com\/de\/leitfaden-fuer-technische-spezifikationen\/\">Technische Daten<\/a><\/p>\n<p>[\/port_content_box]<\/div><\/div><div class=\"vc-column\"><div class=\"vc-column-text\"><\/p>\n<div class=\"content\">\n<p><strong>Corsa quotidiana di livello superiore<\/strong><\/p>\n<p>Progettata per elevare il livello della corsa quotidiana, <strong>Skyflow<\/strong> nella versione donna coniuga l\u2019eccezionale forma ispirata a Skyward X e composti di schiuma evoluti, garantendo un approccio avanzato ai chilometri che si macinano ogni giorno. L\u2019EVA applicato tramite un processo innovativo offre un\u2019esperienza d\u2019uso estremamente morbida e reattiva, mentre il supporto concentrato sul tallone di Active Foot Frame\u2122 avvolge il piede e la fluidit\u00e0 del MetaRocker\u2122 al livello dell\u2019avampiede agevola la falcata. Questa scarpa, caratterizzata da tomaia snella e suola estremamente resistente, ridefinisce il concetto della corsa quotidiana.<\/p>\n<p><strong>Caratteristiche:<\/strong><\/p>\n<ul class=\"features-container\">\n<li class=\"feature-item\">Collarino snello<\/li>\n<li class=\"feature-item\">Tomaia in creel jacquard<\/li>\n<li class=\"feature-item\">Linguetta con doppio soffietto<\/li>\n<li class=\"feature-item\">Dettagli riflettenti<\/li>\n<li class=\"feature-item\">Intersuola in EVA applicata tramite un processo innovativo<\/li>\n<li class=\"feature-item\">Active Foot Frame\u2122 concentrato sul tallone<\/li>\n<li class=\"feature-item\">MetaRocker\u2122 vicino al collo del piede<\/li>\n<li class=\"feature-item\">Elementi dell\u2019intersuola asimmetrici<\/li>\n<li class=\"feature-item\">Suola con disposizione modulare degli elementi altamente antiabrasione<\/li>\n<\/ul>\n<p>&nbsp;<\/p>\n<h2 class=\"card-title mb-3\"><span title=\"\" data-toggle=\"tooltip\" data-placement=\"bottom\" data-title=\"Alcune scarpe hanno un supporto integrato superiore, pensato per gli iperpronatori; altre sono in minima parte ortopediche, progettate per garantire ammortizzazione senza ostacolarti.\" data-original-title=\"\"> <span class=\"techspec-bar-title\">Stabilit\u00e1<\/span><\/span><\/h2>\n<p class=\"card-title mb-3\"><span title=\"\" data-toggle=\"tooltip\" data-placement=\"bottom\" data-title=\"Alcune scarpe hanno un supporto integrato superiore, pensato per gli iperpronatori; altre sono in minima parte ortopediche, progettate per garantire ammortizzazione senza ostacolarti.\" data-original-title=\"\"><span class=\"techspec-bar-title\"><br \/>\nSkyflow dotata di un letto ammortizzato simmetrico, senza ulteriori tecnologie ortopediche. Progettata per offrirti il supporto di cui hai bisogno, senza caratteristiche superflue. <\/span><\/span><\/p>\n<p>&nbsp;<\/p>\n<h2 class=\"card-title mb-3\"><span title=\"\" data-toggle=\"tooltip\" data-placement=\"bottom\" data-title=\"Tutte le nostre calzature presentano un\u2019intersuola ammortizzata, progettata per ridurre l\u2019impatto e garantire supporto. La quantit\u00e0 di ammortizzazione e quanto sia compatta o morbida varia da modello a modello.\" data-original-title=\"\"> <span class=\"techspec-bar-title\">Ammortizzazione<\/span><\/span><\/h2>\n<p class=\"tech-spec-product-msg active\">Skyflow progettata per offrire un\u2019ammortizzazione protettiva, pur mantenendo una spinta reattiva quando desideri aumentare la velocit\u00e0.<\/p>\n<\/div>\n<p><\/div><\/div><\/div>\n","protected":false},"excerpt":{"rendered":"<ul class=\"features-container\">\n<li class=\"feature-item\">Faltenbalg-Zunge.<\/li>\n<li class=\"feature-item\">Zwischensohle aus EVA-Schaumstoff, der in einem innovativen Verfahren eingesetzt wird.<\/li>\n<li class=\"feature-item\">Ideal f\u00fcr das t\u00e4gliche Laufen und Gehen.<\/li>\n<\/ul>\n","protected":false},"featured_media":396759,"template":"","meta":{"_acf_changed":false,"inline_featured_image":false},"product_brand":[],"product_cat":[6474,6475],"product_tag":[3373,6228],"class_list":{"0":"post-185594","1":"product","2":"type-product","3":"status-publish","4":"has-post-thumbnail","6":"product_cat-damenschuhe","7":"product_cat-neutral","8":"product_tag-hoka-one-one-de","9":"product_tag-hoka-one-one-damen-de","10":"pa_attivita-gehen","11":"pa_attivita-running-de","12":"pa_colore-skyflow-w-alabaster-vintage-green","13":"pa_colore-skyflow-w-black-white-de","14":"pa_colore-skyflow-w-frost-cosmic-grey-de","15":"pa_colore-skyflow-w-sunlight-neon-yuzu","16":"pa_colore-skyflow-w-ultramarine-night-sky-de","17":"pa_marca-hoka-de","18":"pa_sesso-damen","19":"pa_size-37-de","20":"pa_size-38-de","22":"pa_size-40-de","24":"pa_size-41-de","26":"first","27":"instock","28":"sale","29":"taxable","30":"shipping-taxable","31":"purchasable","32":"product-type-variable","33":"wvs-archive-product-wrapper"},"acf":[],"yoast_head":"<!-- This site is optimized with the Yoast SEO plugin v26.8 - https:\/\/yoast.com\/product\/yoast-seo-wordpress\/ -->\n<title>Hoka Skyflow damen - Damen-Laufschuhe - MioMioRun .com<\/title>\n<meta name=\"description\" content=\"Skyflow wurde entwickelt, um sch\u00fctzende D\u00e4mpfung zu bieten und gleichzeitig einen reaktionsfreudigen Schub zu erhalten, wenn Sie die Geschwindigkeit erh\u00f6hen wollen.\" \/>\n<meta name=\"robots\" content=\"index, follow, max-snippet:-1, max-image-preview:large, max-video-preview:-1\" \/>\n<link rel=\"canonical\" href=\"https:\/\/www.miomiorun.com\/de\/produkt\/skyflow-damen\/\" \/>\n<meta property=\"og:locale\" content=\"de_DE\" \/>\n<meta property=\"og:type\" content=\"article\" \/>\n<meta property=\"og:title\" content=\"Hoka Skyflow damen - Damen-Laufschuhe - MioMioRun .com\" \/>\n<meta property=\"og:description\" content=\"Skyflow wurde entwickelt, um sch\u00fctzende D\u00e4mpfung zu bieten und gleichzeitig einen reaktionsfreudigen Schub zu erhalten, wenn Sie die Geschwindigkeit erh\u00f6hen wollen.\" \/>\n<meta property=\"og:url\" content=\"https:\/\/www.miomiorun.com\/de\/produkt\/skyflow-damen\/\" \/>\n<meta property=\"og:site_name\" content=\"MioMioRun\" \/>\n<meta property=\"article:publisher\" content=\"https:\/\/www.facebook.com\/miomiorun\/\" \/>\n<meta property=\"article:modified_time\" content=\"2026-03-28T09:33:26+00:00\" \/>\n<meta property=\"og:image\" content=\"https:\/\/www.miomiorun.com\/app\/uploads\/2026\/02\/hoka-Skyflow-W-sunlight-neon-yuzu-1155113-SYZ.webp\" \/>\n\t<meta property=\"og:image:width\" content=\"720\" \/>\n\t<meta property=\"og:image:height\" content=\"720\" \/>\n\t<meta property=\"og:image:type\" content=\"image\/webp\" \/>\n<meta name=\"twitter:card\" content=\"summary_large_image\" \/>\n<meta name=\"twitter:label1\" content=\"Est. reading time\" \/>\n\t<meta name=\"twitter:data1\" content=\"1 minute\" \/>\n<script type=\"application\/ld+json\" class=\"yoast-schema-graph\">{\"@context\":\"https:\/\/schema.org\",\"@graph\":[{\"@type\":\"WebPage\",\"@id\":\"https:\/\/www.miomiorun.com\/de\/produkt\/skyflow-damen\/\",\"url\":\"https:\/\/www.miomiorun.com\/de\/produkt\/skyflow-damen\/\",\"name\":\"Hoka Skyflow damen - Damen-Laufschuhe - MioMioRun .com\",\"isPartOf\":{\"@id\":\"https:\/\/www.miomiorun.com\/de\/#website\"},\"primaryImageOfPage\":{\"@id\":\"https:\/\/www.miomiorun.com\/de\/produkt\/skyflow-damen\/#primaryimage\"},\"image\":{\"@id\":\"https:\/\/www.miomiorun.com\/de\/produkt\/skyflow-damen\/#primaryimage\"},\"thumbnailUrl\":\"https:\/\/www.miomiorun.com\/app\/uploads\/2026\/02\/hoka-Skyflow-W-sunlight-neon-yuzu-1155113-SYZ.webp\",\"datePublished\":\"2024-07-03T15:38:12+00:00\",\"dateModified\":\"2026-03-28T09:33:26+00:00\",\"description\":\"Skyflow wurde entwickelt, um sch\u00fctzende D\u00e4mpfung zu bieten und gleichzeitig einen reaktionsfreudigen Schub zu erhalten, wenn Sie die Geschwindigkeit erh\u00f6hen wollen.\",\"breadcrumb\":{\"@id\":\"https:\/\/www.miomiorun.com\/de\/produkt\/skyflow-damen\/#breadcrumb\"},\"inLanguage\":\"de-DE\",\"potentialAction\":[{\"@type\":\"ReadAction\",\"target\":[\"https:\/\/www.miomiorun.com\/de\/produkt\/skyflow-damen\/\"]}]},{\"@type\":\"ImageObject\",\"inLanguage\":\"de-DE\",\"@id\":\"https:\/\/www.miomiorun.com\/de\/produkt\/skyflow-damen\/#primaryimage\",\"url\":\"https:\/\/www.miomiorun.com\/app\/uploads\/2026\/02\/hoka-Skyflow-W-sunlight-neon-yuzu-1155113-SYZ.webp\",\"contentUrl\":\"https:\/\/www.miomiorun.com\/app\/uploads\/2026\/02\/hoka-Skyflow-W-sunlight-neon-yuzu-1155113-SYZ.webp\",\"width\":720,\"height\":720,\"caption\":\"hoka Skyflow W sunlight neon yuzu 1155113 SYZ\"},{\"@type\":\"BreadcrumbList\",\"@id\":\"https:\/\/www.miomiorun.com\/de\/produkt\/skyflow-damen\/#breadcrumb\",\"itemListElement\":[{\"@type\":\"ListItem\",\"position\":1,\"name\":\"Home\",\"item\":\"https:\/\/www.miomiorun.com\/de\/\"},{\"@type\":\"ListItem\",\"position\":2,\"name\":\"Shop\",\"item\":\"https:\/\/www.miomiorun.com\/shop\/\"},{\"@type\":\"ListItem\",\"position\":3,\"name\":\"Skyflow damen\"}]},{\"@type\":\"WebSite\",\"@id\":\"https:\/\/www.miomiorun.com\/de\/#website\",\"url\":\"https:\/\/www.miomiorun.com\/de\/\",\"name\":\"MioMioRun\",\"description\":\"100% Lauf- und Trailshop\",\"publisher\":{\"@id\":\"https:\/\/www.miomiorun.com\/de\/#organization\"},\"potentialAction\":[{\"@type\":\"SearchAction\",\"target\":{\"@type\":\"EntryPoint\",\"urlTemplate\":\"https:\/\/www.miomiorun.com\/de\/?s={search_term_string}\"},\"query-input\":{\"@type\":\"PropertyValueSpecification\",\"valueRequired\":true,\"valueName\":\"search_term_string\"}}],\"inLanguage\":\"de-DE\"},{\"@type\":\"Organization\",\"@id\":\"https:\/\/www.miomiorun.com\/de\/#organization\",\"name\":\"MioMio Run\",\"url\":\"https:\/\/www.miomiorun.com\/de\/\",\"logo\":{\"@type\":\"ImageObject\",\"inLanguage\":\"de-DE\",\"@id\":\"https:\/\/www.miomiorun.com\/de\/#\/schema\/logo\/image\/\",\"url\":\"https:\/\/www.miomiorun.com\/app\/uploads\/2019\/12\/logomio.png\",\"contentUrl\":\"https:\/\/www.miomiorun.com\/app\/uploads\/2019\/12\/logomio.png\",\"width\":115,\"height\":82,\"caption\":\"MioMio Run\"},\"image\":{\"@id\":\"https:\/\/www.miomiorun.com\/de\/#\/schema\/logo\/image\/\"},\"sameAs\":[\"https:\/\/www.facebook.com\/miomiorun\/\",\"https:\/\/www.instagram.com\/miomiorun\/\"]}]}<\/script>\n<!-- \/ Yoast SEO plugin. -->","yoast_head_json":{"title":"Hoka Skyflow damen - Damen-Laufschuhe - MioMioRun .com","description":"Skyflow wurde entwickelt, um sch\u00fctzende D\u00e4mpfung zu bieten und gleichzeitig einen reaktionsfreudigen Schub zu erhalten, wenn Sie die Geschwindigkeit erh\u00f6hen wollen.","robots":{"index":"index","follow":"follow","max-snippet":"max-snippet:-1","max-image-preview":"max-image-preview:large","max-video-preview":"max-video-preview:-1"},"canonical":"https:\/\/www.miomiorun.com\/de\/produkt\/skyflow-damen\/","og_locale":"de_DE","og_type":"article","og_title":"Hoka Skyflow damen - Damen-Laufschuhe - MioMioRun .com","og_description":"Skyflow wurde entwickelt, um sch\u00fctzende D\u00e4mpfung zu bieten und gleichzeitig einen reaktionsfreudigen Schub zu erhalten, wenn Sie die Geschwindigkeit erh\u00f6hen wollen.","og_url":"https:\/\/www.miomiorun.com\/de\/produkt\/skyflow-damen\/","og_site_name":"MioMioRun","article_publisher":"https:\/\/www.facebook.com\/miomiorun\/","article_modified_time":"2026-03-28T09:33:26+00:00","og_image":[{"width":720,"height":720,"url":"https:\/\/www.miomiorun.com\/app\/uploads\/2026\/02\/hoka-Skyflow-W-sunlight-neon-yuzu-1155113-SYZ.webp","type":"image\/webp"}],"twitter_card":"summary_large_image","twitter_misc":{"Est. reading time":"1 minute"},"schema":{"@context":"https:\/\/schema.org","@graph":[{"@type":"WebPage","@id":"https:\/\/www.miomiorun.com\/de\/produkt\/skyflow-damen\/","url":"https:\/\/www.miomiorun.com\/de\/produkt\/skyflow-damen\/","name":"Hoka Skyflow damen - Damen-Laufschuhe - MioMioRun .com","isPartOf":{"@id":"https:\/\/www.miomiorun.com\/de\/#website"},"primaryImageOfPage":{"@id":"https:\/\/www.miomiorun.com\/de\/produkt\/skyflow-damen\/#primaryimage"},"image":{"@id":"https:\/\/www.miomiorun.com\/de\/produkt\/skyflow-damen\/#primaryimage"},"thumbnailUrl":"https:\/\/www.miomiorun.com\/app\/uploads\/2026\/02\/hoka-Skyflow-W-sunlight-neon-yuzu-1155113-SYZ.webp","datePublished":"2024-07-03T15:38:12+00:00","dateModified":"2026-03-28T09:33:26+00:00","description":"Skyflow wurde entwickelt, um sch\u00fctzende D\u00e4mpfung zu bieten und gleichzeitig einen reaktionsfreudigen Schub zu erhalten, wenn Sie die Geschwindigkeit erh\u00f6hen wollen.","breadcrumb":{"@id":"https:\/\/www.miomiorun.com\/de\/produkt\/skyflow-damen\/#breadcrumb"},"inLanguage":"de-DE","potentialAction":[{"@type":"ReadAction","target":["https:\/\/www.miomiorun.com\/de\/produkt\/skyflow-damen\/"]}]},{"@type":"ImageObject","inLanguage":"de-DE","@id":"https:\/\/www.miomiorun.com\/de\/produkt\/skyflow-damen\/#primaryimage","url":"https:\/\/www.miomiorun.com\/app\/uploads\/2026\/02\/hoka-Skyflow-W-sunlight-neon-yuzu-1155113-SYZ.webp","contentUrl":"https:\/\/www.miomiorun.com\/app\/uploads\/2026\/02\/hoka-Skyflow-W-sunlight-neon-yuzu-1155113-SYZ.webp","width":720,"height":720,"caption":"hoka Skyflow W sunlight neon yuzu 1155113 SYZ"},{"@type":"BreadcrumbList","@id":"https:\/\/www.miomiorun.com\/de\/produkt\/skyflow-damen\/#breadcrumb","itemListElement":[{"@type":"ListItem","position":1,"name":"Home","item":"https:\/\/www.miomiorun.com\/de\/"},{"@type":"ListItem","position":2,"name":"Shop","item":"https:\/\/www.miomiorun.com\/shop\/"},{"@type":"ListItem","position":3,"name":"Skyflow damen"}]},{"@type":"WebSite","@id":"https:\/\/www.miomiorun.com\/de\/#website","url":"https:\/\/www.miomiorun.com\/de\/","name":"MioMioRun","description":"100% Lauf- und Trailshop","publisher":{"@id":"https:\/\/www.miomiorun.com\/de\/#organization"},"potentialAction":[{"@type":"SearchAction","target":{"@type":"EntryPoint","urlTemplate":"https:\/\/www.miomiorun.com\/de\/?s={search_term_string}"},"query-input":{"@type":"PropertyValueSpecification","valueRequired":true,"valueName":"search_term_string"}}],"inLanguage":"de-DE"},{"@type":"Organization","@id":"https:\/\/www.miomiorun.com\/de\/#organization","name":"MioMio Run","url":"https:\/\/www.miomiorun.com\/de\/","logo":{"@type":"ImageObject","inLanguage":"de-DE","@id":"https:\/\/www.miomiorun.com\/de\/#\/schema\/logo\/image\/","url":"https:\/\/www.miomiorun.com\/app\/uploads\/2019\/12\/logomio.png","contentUrl":"https:\/\/www.miomiorun.com\/app\/uploads\/2019\/12\/logomio.png","width":115,"height":82,"caption":"MioMio Run"},"image":{"@id":"https:\/\/www.miomiorun.com\/de\/#\/schema\/logo\/image\/"},"sameAs":["https:\/\/www.facebook.com\/miomiorun\/","https:\/\/www.instagram.com\/miomiorun\/"]}]}},"_links":{"self":[{"href":"https:\/\/www.miomiorun.com\/de\/wp-json\/wp\/v2\/product\/185594","targetHints":{"allow":["GET"]}}],"collection":[{"href":"https:\/\/www.miomiorun.com\/de\/wp-json\/wp\/v2\/product"}],"about":[{"href":"https:\/\/www.miomiorun.com\/de\/wp-json\/wp\/v2\/types\/product"}],"wp:featuredmedia":[{"embeddable":true,"href":"https:\/\/www.miomiorun.com\/de\/wp-json\/wp\/v2\/media\/396759"}],"wp:attachment":[{"href":"https:\/\/www.miomiorun.com\/de\/wp-json\/wp\/v2\/media?parent=185594"}],"wp:term":[{"taxonomy":"product_brand","embeddable":true,"href":"https:\/\/www.miomiorun.com\/de\/wp-json\/wp\/v2\/product_brand?post=185594"},{"taxonomy":"product_cat","embeddable":true,"href":"https:\/\/www.miomiorun.com\/de\/wp-json\/wp\/v2\/product_cat?post=185594"},{"taxonomy":"product_tag","embeddable":true,"href":"https:\/\/www.miomiorun.com\/de\/wp-json\/wp\/v2\/product_tag?post=185594"}],"curies":[{"name":"wp","href":"https:\/\/api.w.org\/{rel}","templated":true}]}}