{"id":185581,"date":"2024-07-03T17:27:04","date_gmt":"2024-07-03T15:27:04","guid":{"rendered":"https:\/\/miomiorun.com\/?post_type=product&#038;p=185581"},"modified":"2026-03-26T13:41:54","modified_gmt":"2026-03-26T12:41:54","slug":"skyflow-herren","status":"publish","type":"product","link":"https:\/\/www.miomiorun.com\/de\/produkt\/skyflow-herren\/","title":{"rendered":"Skyflow herren"},"content":{"rendered":"<div class=\"vc-row container\"><div class=\"vc-column\"><div class=\"vc-column-text\"><\/p>\n<h4>Technische Daten<\/h4>\n<p>Kategorie: Strukturierte D\u00e4mpfung<br \/>\nOffset: 5 mm<br \/>\nGewicht: 280 g<br \/>\nIdeal f\u00fcr: L\u00e4ufer und Walker mit neutralem Fu\u00df, die ein optimal ged\u00e4mpftes und komfortables Modell suchen, das den Aufprall auf den Boden neutralisiert, f\u00fcr mittlere bis lange Strecken.<br \/>\nGewicht des Athleten: 70-80 kg<br \/>\nLauftempo: mittel (5-6 min\/km)<br \/>\n<a href=\"https:\/\/miomiorun.com\/de\/leitfaden-fuer-technische-spezifikationen\/\">Technische Daten<\/a><\/p>\n<p><\/div><\/div><div class=\"vc-column\"><div class=\"vc-column-text\"><strong>\u00dcberlegener Alltagslauf<\/strong><\/p>\n<p>Der <strong>Skyflow<\/strong> f\u00fcr Herren wurde entwickelt, um das Niveau des t\u00e4glichen Laufens zu erh\u00f6hen. Er kombiniert den au\u00dfergew\u00f6hnlichen, vom Skyward X inspirierten Leisten mit fortschrittlichen Schaumstoffmischungen und bietet einen fortschrittlichen Ansatz f\u00fcr die Kilometer, die Sie jeden Tag zur\u00fccklegen. Das in einem innovativen Verfahren eingesetzte EVA bietet ein extrem weiches und reaktionsfreudiges Tragegef\u00fchl, w\u00e4hrend die konzentrierte Fersenst\u00fctze von Active Foot Frame\u2122 den Fu\u00df umschlie\u00dft und die Fluidit\u00e4t von MetaRocker\u2122 im Vorfu\u00dfbereich den Schritt erleichtert. Mit seinem stromlinienf\u00f6rmigen Obermaterial und der extrem strapazierf\u00e4higen Au\u00dfensohle definiert dieser Schuh den Laufalltag neu.<\/p>\n<p><strong>Merkmale:<\/strong><\/p>\n<ul class=\"features-container\">\n<li class=\"feature-item\">Schlanker Kragen<\/li>\n<li class=\"feature-item\">Obermaterial aus Jacquard-Gewebe<\/li>\n<li class=\"feature-item\">Doppelte Zunge mit Zwickel<\/li>\n<li class=\"feature-item\">Reflektierende Details<\/li>\n<li class=\"feature-item\">EVA-Zwischensohle durch ein innovatives Verfahren eingesetzt<\/li>\n<li class=\"feature-item\">Active Foot Frame\u2122 konzentriert auf die Ferse<\/li>\n<li class=\"feature-item\">MetaRocker\u2122 im Bereich des Ristes<\/li>\n<li class=\"feature-item\">Asymmetrische Zwischensohlenelemente<\/li>\n<li class=\"feature-item\">Laufsohle mit modularer Anordnung von hochabriebfesten Elementen<\/li>\n<\/ul>\n<p>&nbsp;<\/p>\n<h2 class=\"card-title mb-3\"><span title=\"\" data-original-title=\"\" data-title=\"Alcune scarpe hanno un supporto integrato superiore, pensato per gli iperpronatori; altre sono in minima parte ortopediche, progettate per garantire ammortizzazione senza ostacolarti.\" data-placement=\"bottom\" data-toggle=\"tooltip\"><span class=\"techspec-bar-title\">Stabilit\u00e4t<\/span><\/span><\/h2>\n<p class=\"card-title mb-3\"><span title=\"\" data-original-title=\"\" data-title=\"Alcune scarpe hanno un supporto integrato superiore, pensato per gli iperpronatori; altre sono in minima parte ortopediche, progettate per garantire ammortizzazione senza ostacolarti.\" data-placement=\"bottom\" data-toggle=\"tooltip\"><span class=\"techspec-bar-title\"><br \/>\nSkyflow verf\u00fcgt \u00fcber ein symmetrisches, gepolstertes Bett ohne zus\u00e4tzliche orthop\u00e4dische Technologie. Es wurde entwickelt, um Ihnen die Unterst\u00fctzung zu geben, die Sie brauchen, ohne \u00fcberfl\u00fcssige Funktionen. <\/span><\/span><\/p>\n<p>&nbsp;<\/p>\n<h2 class=\"card-title mb-3\"><span title=\"\" data-original-title=\"\" data-title=\"Tutte le nostre calzature presentano un\u2019intersuola ammortizzata, progettata per ridurre l\u2019impatto e garantire supporto. La quantit\u00e0 di ammortizzazione e quanto sia compatta o morbida varia da modello a modello.\" data-placement=\"bottom\" data-toggle=\"tooltip\"><span class=\"techspec-bar-title\">D\u00e4mpfung<\/span><\/span><\/h2>\n<p class=\"tech-spec-product-msg active\">Skyflow wurde entwickelt, um eine sch\u00fctzende D\u00e4mpfung zu bieten und gleichzeitig einen reaktionsfreudigen Schub zu erhalten, wenn Sie die Geschwindigkeit erh\u00f6hen m\u00f6chten.<\/p>\n<p><\/div><\/div><\/div>\n","protected":false},"excerpt":{"rendered":"<ul class=\"features-container\">\n<li class=\"feature-item\">Faltenbalg-Zunge.<\/li>\n<li class=\"feature-item\">Zwischensohle aus EVA-Schaumstoff, der in einem innovativen Verfahren eingesetzt wird.<\/li>\n<li class=\"feature-item\">Ideal f\u00fcr das t\u00e4gliche Laufen und Gehen.<\/li>\n<\/ul>\n","protected":false},"featured_media":394910,"template":"","meta":{"_acf_changed":false,"inline_featured_image":false},"product_brand":[],"product_cat":[6507,6506],"product_tag":[3373,6226],"class_list":{"0":"post-185581","1":"product","2":"type-product","3":"status-publish","4":"has-post-thumbnail","6":"product_cat-herren-schuhe-de","7":"product_cat-neutrale-herren-schuhe-de","8":"product_tag-hoka-one-one-de","9":"product_tag-hoka-one-one-herren-de","10":"pa_attivita-gehen","11":"pa_attivita-running-de","12":"pa_colore-skyflow-black-white-de","13":"pa_colore-skyflow-frost-cosmic-grey-de","14":"pa_colore-skyflow-midnight-blue-night-sky-de","15":"pa_colore-skyflow-midnight-blue-varsity-navy","16":"pa_colore-skyflow-sunlight-neon-yuzu","17":"pa_marca-hoka-de","18":"pa_sesso-herren","19":"pa_size-41-de","20":"pa_size-42-de","21":"pa_size-43-de","22":"pa_size-44-de","24":"pa_size-45-de","25":"pa_size-46-de","28":"first","29":"instock","30":"sale","31":"taxable","32":"shipping-taxable","33":"purchasable","34":"product-type-variable","35":"wvs-archive-product-wrapper"},"acf":[],"yoast_head":"<!-- This site is optimized with the Yoast SEO plugin v26.8 - https:\/\/yoast.com\/product\/yoast-seo-wordpress\/ -->\n<title>Hoka Skyflow herren - Herren-Laufschuhe - MioMioRun .com<\/title>\n<meta name=\"description\" content=\"Skyflow wurde entwickelt, um sch\u00fctzende D\u00e4mpfung zu bieten und gleichzeitig einen reaktionsfreudigen Schub zu erhalten, wenn Sie die Geschwindigkeit erh\u00f6hen wollen.\" \/>\n<meta name=\"robots\" content=\"index, follow, max-snippet:-1, max-image-preview:large, max-video-preview:-1\" \/>\n<link rel=\"canonical\" href=\"https:\/\/www.miomiorun.com\/de\/produkt\/skyflow-herren\/\" \/>\n<meta property=\"og:locale\" content=\"de_DE\" \/>\n<meta property=\"og:type\" content=\"article\" \/>\n<meta property=\"og:title\" content=\"Hoka Skyflow herren - Herren-Laufschuhe - MioMioRun .com\" \/>\n<meta property=\"og:description\" content=\"Skyflow wurde entwickelt, um sch\u00fctzende D\u00e4mpfung zu bieten und gleichzeitig einen reaktionsfreudigen Schub zu erhalten, wenn Sie die Geschwindigkeit erh\u00f6hen wollen.\" \/>\n<meta property=\"og:url\" content=\"https:\/\/www.miomiorun.com\/de\/produkt\/skyflow-herren\/\" \/>\n<meta property=\"og:site_name\" content=\"MioMioRun\" \/>\n<meta property=\"article:publisher\" content=\"https:\/\/www.facebook.com\/miomiorun\/\" \/>\n<meta property=\"article:modified_time\" content=\"2026-03-26T12:41:54+00:00\" \/>\n<meta property=\"og:image\" content=\"https:\/\/www.miomiorun.com\/app\/uploads\/2026\/02\/hoka-Skyflow-sunlight-neon-yuzu-1155111-SYZ.webp\" \/>\n\t<meta property=\"og:image:width\" content=\"720\" \/>\n\t<meta property=\"og:image:height\" content=\"720\" \/>\n\t<meta property=\"og:image:type\" content=\"image\/webp\" \/>\n<meta name=\"twitter:card\" content=\"summary_large_image\" \/>\n<meta name=\"twitter:label1\" content=\"Est. reading time\" \/>\n\t<meta name=\"twitter:data1\" content=\"1 minute\" \/>\n<script type=\"application\/ld+json\" class=\"yoast-schema-graph\">{\"@context\":\"https:\/\/schema.org\",\"@graph\":[{\"@type\":\"WebPage\",\"@id\":\"https:\/\/www.miomiorun.com\/de\/produkt\/skyflow-herren\/\",\"url\":\"https:\/\/www.miomiorun.com\/de\/produkt\/skyflow-herren\/\",\"name\":\"Hoka Skyflow herren - Herren-Laufschuhe - MioMioRun .com\",\"isPartOf\":{\"@id\":\"https:\/\/www.miomiorun.com\/de\/#website\"},\"primaryImageOfPage\":{\"@id\":\"https:\/\/www.miomiorun.com\/de\/produkt\/skyflow-herren\/#primaryimage\"},\"image\":{\"@id\":\"https:\/\/www.miomiorun.com\/de\/produkt\/skyflow-herren\/#primaryimage\"},\"thumbnailUrl\":\"https:\/\/www.miomiorun.com\/app\/uploads\/2026\/02\/hoka-Skyflow-sunlight-neon-yuzu-1155111-SYZ.webp\",\"datePublished\":\"2024-07-03T15:27:04+00:00\",\"dateModified\":\"2026-03-26T12:41:54+00:00\",\"description\":\"Skyflow wurde entwickelt, um sch\u00fctzende D\u00e4mpfung zu bieten und gleichzeitig einen reaktionsfreudigen Schub zu erhalten, wenn Sie die Geschwindigkeit erh\u00f6hen wollen.\",\"breadcrumb\":{\"@id\":\"https:\/\/www.miomiorun.com\/de\/produkt\/skyflow-herren\/#breadcrumb\"},\"inLanguage\":\"de-DE\",\"potentialAction\":[{\"@type\":\"ReadAction\",\"target\":[\"https:\/\/www.miomiorun.com\/de\/produkt\/skyflow-herren\/\"]}]},{\"@type\":\"ImageObject\",\"inLanguage\":\"de-DE\",\"@id\":\"https:\/\/www.miomiorun.com\/de\/produkt\/skyflow-herren\/#primaryimage\",\"url\":\"https:\/\/www.miomiorun.com\/app\/uploads\/2026\/02\/hoka-Skyflow-sunlight-neon-yuzu-1155111-SYZ.webp\",\"contentUrl\":\"https:\/\/www.miomiorun.com\/app\/uploads\/2026\/02\/hoka-Skyflow-sunlight-neon-yuzu-1155111-SYZ.webp\",\"width\":720,\"height\":720,\"caption\":\"hoka Skyflow sunlight neon yuzu 1155111 SYZ\"},{\"@type\":\"BreadcrumbList\",\"@id\":\"https:\/\/www.miomiorun.com\/de\/produkt\/skyflow-herren\/#breadcrumb\",\"itemListElement\":[{\"@type\":\"ListItem\",\"position\":1,\"name\":\"Home\",\"item\":\"https:\/\/www.miomiorun.com\/de\/\"},{\"@type\":\"ListItem\",\"position\":2,\"name\":\"Shop\",\"item\":\"https:\/\/www.miomiorun.com\/shop\/\"},{\"@type\":\"ListItem\",\"position\":3,\"name\":\"Skyflow herren\"}]},{\"@type\":\"WebSite\",\"@id\":\"https:\/\/www.miomiorun.com\/de\/#website\",\"url\":\"https:\/\/www.miomiorun.com\/de\/\",\"name\":\"MioMioRun\",\"description\":\"100% Lauf- und Trailshop\",\"publisher\":{\"@id\":\"https:\/\/www.miomiorun.com\/de\/#organization\"},\"potentialAction\":[{\"@type\":\"SearchAction\",\"target\":{\"@type\":\"EntryPoint\",\"urlTemplate\":\"https:\/\/www.miomiorun.com\/de\/?s={search_term_string}\"},\"query-input\":{\"@type\":\"PropertyValueSpecification\",\"valueRequired\":true,\"valueName\":\"search_term_string\"}}],\"inLanguage\":\"de-DE\"},{\"@type\":\"Organization\",\"@id\":\"https:\/\/www.miomiorun.com\/de\/#organization\",\"name\":\"MioMio Run\",\"url\":\"https:\/\/www.miomiorun.com\/de\/\",\"logo\":{\"@type\":\"ImageObject\",\"inLanguage\":\"de-DE\",\"@id\":\"https:\/\/www.miomiorun.com\/de\/#\/schema\/logo\/image\/\",\"url\":\"https:\/\/www.miomiorun.com\/app\/uploads\/2019\/12\/logomio.png\",\"contentUrl\":\"https:\/\/www.miomiorun.com\/app\/uploads\/2019\/12\/logomio.png\",\"width\":115,\"height\":82,\"caption\":\"MioMio Run\"},\"image\":{\"@id\":\"https:\/\/www.miomiorun.com\/de\/#\/schema\/logo\/image\/\"},\"sameAs\":[\"https:\/\/www.facebook.com\/miomiorun\/\",\"https:\/\/www.instagram.com\/miomiorun\/\"]}]}<\/script>\n<!-- \/ Yoast SEO plugin. -->","yoast_head_json":{"title":"Hoka Skyflow herren - Herren-Laufschuhe - MioMioRun .com","description":"Skyflow wurde entwickelt, um sch\u00fctzende D\u00e4mpfung zu bieten und gleichzeitig einen reaktionsfreudigen Schub zu erhalten, wenn Sie die Geschwindigkeit erh\u00f6hen wollen.","robots":{"index":"index","follow":"follow","max-snippet":"max-snippet:-1","max-image-preview":"max-image-preview:large","max-video-preview":"max-video-preview:-1"},"canonical":"https:\/\/www.miomiorun.com\/de\/produkt\/skyflow-herren\/","og_locale":"de_DE","og_type":"article","og_title":"Hoka Skyflow herren - Herren-Laufschuhe - MioMioRun .com","og_description":"Skyflow wurde entwickelt, um sch\u00fctzende D\u00e4mpfung zu bieten und gleichzeitig einen reaktionsfreudigen Schub zu erhalten, wenn Sie die Geschwindigkeit erh\u00f6hen wollen.","og_url":"https:\/\/www.miomiorun.com\/de\/produkt\/skyflow-herren\/","og_site_name":"MioMioRun","article_publisher":"https:\/\/www.facebook.com\/miomiorun\/","article_modified_time":"2026-03-26T12:41:54+00:00","og_image":[{"width":720,"height":720,"url":"https:\/\/www.miomiorun.com\/app\/uploads\/2026\/02\/hoka-Skyflow-sunlight-neon-yuzu-1155111-SYZ.webp","type":"image\/webp"}],"twitter_card":"summary_large_image","twitter_misc":{"Est. reading time":"1 minute"},"schema":{"@context":"https:\/\/schema.org","@graph":[{"@type":"WebPage","@id":"https:\/\/www.miomiorun.com\/de\/produkt\/skyflow-herren\/","url":"https:\/\/www.miomiorun.com\/de\/produkt\/skyflow-herren\/","name":"Hoka Skyflow herren - Herren-Laufschuhe - MioMioRun .com","isPartOf":{"@id":"https:\/\/www.miomiorun.com\/de\/#website"},"primaryImageOfPage":{"@id":"https:\/\/www.miomiorun.com\/de\/produkt\/skyflow-herren\/#primaryimage"},"image":{"@id":"https:\/\/www.miomiorun.com\/de\/produkt\/skyflow-herren\/#primaryimage"},"thumbnailUrl":"https:\/\/www.miomiorun.com\/app\/uploads\/2026\/02\/hoka-Skyflow-sunlight-neon-yuzu-1155111-SYZ.webp","datePublished":"2024-07-03T15:27:04+00:00","dateModified":"2026-03-26T12:41:54+00:00","description":"Skyflow wurde entwickelt, um sch\u00fctzende D\u00e4mpfung zu bieten und gleichzeitig einen reaktionsfreudigen Schub zu erhalten, wenn Sie die Geschwindigkeit erh\u00f6hen wollen.","breadcrumb":{"@id":"https:\/\/www.miomiorun.com\/de\/produkt\/skyflow-herren\/#breadcrumb"},"inLanguage":"de-DE","potentialAction":[{"@type":"ReadAction","target":["https:\/\/www.miomiorun.com\/de\/produkt\/skyflow-herren\/"]}]},{"@type":"ImageObject","inLanguage":"de-DE","@id":"https:\/\/www.miomiorun.com\/de\/produkt\/skyflow-herren\/#primaryimage","url":"https:\/\/www.miomiorun.com\/app\/uploads\/2026\/02\/hoka-Skyflow-sunlight-neon-yuzu-1155111-SYZ.webp","contentUrl":"https:\/\/www.miomiorun.com\/app\/uploads\/2026\/02\/hoka-Skyflow-sunlight-neon-yuzu-1155111-SYZ.webp","width":720,"height":720,"caption":"hoka Skyflow sunlight neon yuzu 1155111 SYZ"},{"@type":"BreadcrumbList","@id":"https:\/\/www.miomiorun.com\/de\/produkt\/skyflow-herren\/#breadcrumb","itemListElement":[{"@type":"ListItem","position":1,"name":"Home","item":"https:\/\/www.miomiorun.com\/de\/"},{"@type":"ListItem","position":2,"name":"Shop","item":"https:\/\/www.miomiorun.com\/shop\/"},{"@type":"ListItem","position":3,"name":"Skyflow herren"}]},{"@type":"WebSite","@id":"https:\/\/www.miomiorun.com\/de\/#website","url":"https:\/\/www.miomiorun.com\/de\/","name":"MioMioRun","description":"100% Lauf- und Trailshop","publisher":{"@id":"https:\/\/www.miomiorun.com\/de\/#organization"},"potentialAction":[{"@type":"SearchAction","target":{"@type":"EntryPoint","urlTemplate":"https:\/\/www.miomiorun.com\/de\/?s={search_term_string}"},"query-input":{"@type":"PropertyValueSpecification","valueRequired":true,"valueName":"search_term_string"}}],"inLanguage":"de-DE"},{"@type":"Organization","@id":"https:\/\/www.miomiorun.com\/de\/#organization","name":"MioMio Run","url":"https:\/\/www.miomiorun.com\/de\/","logo":{"@type":"ImageObject","inLanguage":"de-DE","@id":"https:\/\/www.miomiorun.com\/de\/#\/schema\/logo\/image\/","url":"https:\/\/www.miomiorun.com\/app\/uploads\/2019\/12\/logomio.png","contentUrl":"https:\/\/www.miomiorun.com\/app\/uploads\/2019\/12\/logomio.png","width":115,"height":82,"caption":"MioMio Run"},"image":{"@id":"https:\/\/www.miomiorun.com\/de\/#\/schema\/logo\/image\/"},"sameAs":["https:\/\/www.facebook.com\/miomiorun\/","https:\/\/www.instagram.com\/miomiorun\/"]}]}},"_links":{"self":[{"href":"https:\/\/www.miomiorun.com\/de\/wp-json\/wp\/v2\/product\/185581","targetHints":{"allow":["GET"]}}],"collection":[{"href":"https:\/\/www.miomiorun.com\/de\/wp-json\/wp\/v2\/product"}],"about":[{"href":"https:\/\/www.miomiorun.com\/de\/wp-json\/wp\/v2\/types\/product"}],"wp:featuredmedia":[{"embeddable":true,"href":"https:\/\/www.miomiorun.com\/de\/wp-json\/wp\/v2\/media\/394910"}],"wp:attachment":[{"href":"https:\/\/www.miomiorun.com\/de\/wp-json\/wp\/v2\/media?parent=185581"}],"wp:term":[{"taxonomy":"product_brand","embeddable":true,"href":"https:\/\/www.miomiorun.com\/de\/wp-json\/wp\/v2\/product_brand?post=185581"},{"taxonomy":"product_cat","embeddable":true,"href":"https:\/\/www.miomiorun.com\/de\/wp-json\/wp\/v2\/product_cat?post=185581"},{"taxonomy":"product_tag","embeddable":true,"href":"https:\/\/www.miomiorun.com\/de\/wp-json\/wp\/v2\/product_tag?post=185581"}],"curies":[{"name":"wp","href":"https:\/\/api.w.org\/{rel}","templated":true}]}}