{"id":185359,"date":"2024-07-03T17:05:02","date_gmt":"2024-07-03T15:05:02","guid":{"rendered":"https:\/\/miomiorun.com\/?post_type=product&#038;p=185359"},"modified":"2025-11-20T22:26:41","modified_gmt":"2025-11-20T21:26:41","slug":"rincon-4-herren","status":"publish","type":"product","link":"https:\/\/www.miomiorun.com\/de\/produkt\/rincon-4-herren\/","title":{"rendered":"Rincon 4 herren"},"content":{"rendered":"<div class=\"vc-row container\"><div class=\"vc-column\"><div class=\"vc-column-text\"><\/p>\n<p><strong>Technische Daten<\/strong><\/p>\n<p>Kategorie: Reaktive D\u00e4mpfung<br \/>\nOffset: 5 mm<br \/>\nGewicht: 228 g<br \/>\nIdeal f\u00fcr: L\u00e4ufer, die ein leichtes und vielseitiges Modell suchen, das Reaktivit\u00e4t mit Leichtigkeit und weichem Halt verbindet, f\u00fcr mittlere Distanzen und sogar zum Gehen.<br \/>\nGewicht des Athleten: 60-75 kg<br \/>\nLauftempo: mittelschnell (4.00-5.30 min\/km)<br \/>\n<a href=\"https:\/\/miomiorun.com\/de\/leitfaden-fuer-technische-spezifikationen\/\">Spezifikationen<\/a><\/p>\n<p><\/div><\/div><div class=\"vc-column\"><div class=\"vc-column-text\"><strong>Leichte D\u00e4mpfung f\u00fcr den Langzeiteinsatz.<\/strong><\/p>\n<p>Der f\u00fcr sein unglaubliches D\u00e4mpfungs-Gewichts-Verh\u00e4ltnis bekannte <strong>Rincon 4<\/strong> in der Herrenversion wurde von oben bis unten \u00fcberarbeitet, um seine extreme Leichtigkeit und Weichheit f\u00fcr noch mehr Kilometer zu erhalten. Der weiterentwickelte Schaumstoff hat mehr Elastizit\u00e4t, erh\u00f6ht seine Langlebigkeit und sorgt zusammen mit dem gummierten EVA daf\u00fcr, dass sich jeder Schritt weicher anf\u00fchlt als der letzte. Die strapazierf\u00e4hige Laufsohle mit modularem Aufbau und die Passform, die den Fu\u00df perfekt umschlie\u00dft, machen diesen Alltagsschuh langlebig, ohne zu schwer zu sein.<\/p>\n<p><strong>Eigenschaften:<\/strong><\/p>\n<ul class=\"features-container\">\n<li class=\"feature-item\">Technischer Doppeljacquard<\/li>\n<li class=\"feature-item\">Gepolsterte Zunge<\/li>\n<li class=\"feature-item\">Zweischichtige Zwischensohle<\/li>\n<li class=\"feature-item\">Active Foot Frame\u2122 konzentriert auf den R\u00fcckfu\u00df<\/li>\n<li class=\"feature-item\">MetaRocker\u2122 Fl\u00fcssigkeit<\/li>\n<li class=\"feature-item\">Gummierte EVA-Laufsohle<\/li>\n<li class=\"feature-item\">Modulare Anordnung der Sohlenelemente<\/li>\n<\/ul>\n<div class=\"description-whatsnew\">\n<p><strong>NEU<\/strong><\/p>\n<p>Superleichter Laufschuh mit mehr D\u00e4mpfung und elastischem Schaumstoff. Der Stack wurde um 3 mm erh\u00f6ht, die Passform angepasst und in einen dreifarbigen technischen Doppeljacquard mit raffiniertem Look geh\u00fcllt.<\/p>\n<h2 class=\"card-title mb-3\"><span title=\"\" data-original-title=\"\" data-title=\"Alcune scarpe hanno un supporto integrato superiore, pensato per gli iperpronatori; altre sono in minima parte ortopediche, progettate per garantire ammortizzazione senza ostacolarti.\" data-placement=\"bottom\" data-toggle=\"tooltip\"><span class=\"techspec-bar-title\">Stabilit\u00e4t<\/span><\/span><\/h2>\n<p class=\"tech-spec-product-msg active\">Rincon 4 verf\u00fcgt \u00fcber ein symmetrisches, gepolstertes Bett ohne zus\u00e4tzliche orthop\u00e4dische Technik. Es wurde entwickelt, um Ihnen die n\u00f6tige Unterst\u00fctzung zu geben, ohne \u00fcberfl\u00fcssige Funktionen.<\/p>\n<h2 class=\"card-title mb-3\"><span title=\"\" data-original-title=\"\" data-title=\"Tutte le nostre calzature presentano un\u2019intersuola ammortizzata, progettata per ridurre l\u2019impatto e garantire supporto. La quantit\u00e0 di ammortizzazione e quanto sia compatta o morbida varia da modello a modello.\" data-placement=\"bottom\" data-toggle=\"tooltip\"><span class=\"techspec-bar-title\">D\u00e4mpfung<\/span><\/span><\/h2>\n<p class=\"tech-spec-product-msg active\">Der Rincon 4 wurde entwickelt, um eine sch\u00fctzende D\u00e4mpfung zu bieten und gleichzeitig einen reaktionsschnellen Schub zu gew\u00e4hrleisten, wenn Sie die Geschwindigkeit erh\u00f6hen m\u00f6chten.<\/p>\n<p>&nbsp;<\/p>\n<\/div>\n<p><\/div><\/div><\/div>\n","protected":false},"excerpt":{"rendered":"<ul>\n<li>Gepolsterter, leichter Laufschuh.<\/li>\n<li>\u00dcberarbeitet f\u00fcr mehr Haltbarkeit.<\/li>\n<li>Ideal f\u00fcr den Stra\u00dfenlauf.<\/li>\n<\/ul>\n","protected":false},"featured_media":411441,"template":"","meta":{"_acf_changed":false,"inline_featured_image":false},"product_brand":[],"product_cat":[6507,6506],"product_tag":[3373,6226],"class_list":{"0":"post-185359","1":"product","2":"type-product","3":"status-publish","4":"has-post-thumbnail","6":"product_cat-herren-schuhe-de","7":"product_cat-neutrale-herren-schuhe-de","8":"product_tag-hoka-one-one-de","9":"product_tag-hoka-one-one-herren-de","10":"pa_attivita-fitness-de","11":"pa_attivita-gehen","12":"pa_attivita-running-de","13":"pa_colore-rincon-4-frost-neon-yuzu","14":"pa_marca-hoka-de","15":"pa_sesso-herren","16":"pa_size-42-de","18":"pa_size-43-de","19":"pa_size-44-de","21":"pa_size-45-de","22":"pa_size-46-de","25":"first","26":"instock","27":"sale","28":"taxable","29":"shipping-taxable","30":"purchasable","31":"product-type-variable","32":"wvs-archive-product-wrapper"},"acf":[],"yoast_head":"<!-- This site is optimized with the Yoast SEO plugin v26.8 - https:\/\/yoast.com\/product\/yoast-seo-wordpress\/ -->\n<title>Hoka Rincon 4 herren - Herren-Laufschuhe - MioMioRun.com<\/title>\n<meta name=\"description\" content=\"Der Rincon 4 ist f\u00fcr sein unglaubliches Verh\u00e4ltnis von D\u00e4mpfung zu Gewicht bekannt und wurde von Grund auf erneuert, wobei die Sohle extrem leicht und weich ist.\" \/>\n<meta name=\"robots\" content=\"index, follow, max-snippet:-1, max-image-preview:large, max-video-preview:-1\" \/>\n<link rel=\"canonical\" href=\"https:\/\/www.miomiorun.com\/de\/produkt\/rincon-4-herren\/\" \/>\n<meta property=\"og:locale\" content=\"de_DE\" \/>\n<meta property=\"og:type\" content=\"article\" \/>\n<meta property=\"og:title\" content=\"Hoka Rincon 4 herren - Herren-Laufschuhe - MioMioRun.com\" \/>\n<meta property=\"og:description\" content=\"Der Rincon 4 ist f\u00fcr sein unglaubliches Verh\u00e4ltnis von D\u00e4mpfung zu Gewicht bekannt und wurde von Grund auf erneuert, wobei die Sohle extrem leicht und weich ist.\" \/>\n<meta property=\"og:url\" content=\"https:\/\/www.miomiorun.com\/de\/produkt\/rincon-4-herren\/\" \/>\n<meta property=\"og:site_name\" content=\"MioMioRun\" \/>\n<meta property=\"article:publisher\" content=\"https:\/\/www.facebook.com\/miomiorun\/\" \/>\n<meta property=\"article:modified_time\" content=\"2025-11-20T21:26:41+00:00\" \/>\n<meta property=\"og:image\" content=\"https:\/\/www.miomiorun.com\/app\/uploads\/2026\/02\/hoka-Rincon-4-frost-neon-yuzu-1155130-FYZ.webp\" \/>\n\t<meta property=\"og:image:width\" content=\"720\" \/>\n\t<meta property=\"og:image:height\" content=\"720\" \/>\n\t<meta property=\"og:image:type\" content=\"image\/webp\" \/>\n<meta name=\"twitter:card\" content=\"summary_large_image\" \/>\n<meta name=\"twitter:label1\" content=\"Est. reading time\" \/>\n\t<meta name=\"twitter:data1\" content=\"1 minute\" \/>\n<script type=\"application\/ld+json\" class=\"yoast-schema-graph\">{\"@context\":\"https:\/\/schema.org\",\"@graph\":[{\"@type\":\"WebPage\",\"@id\":\"https:\/\/www.miomiorun.com\/de\/produkt\/rincon-4-herren\/\",\"url\":\"https:\/\/www.miomiorun.com\/de\/produkt\/rincon-4-herren\/\",\"name\":\"Hoka Rincon 4 herren - Herren-Laufschuhe - MioMioRun.com\",\"isPartOf\":{\"@id\":\"https:\/\/www.miomiorun.com\/de\/#website\"},\"primaryImageOfPage\":{\"@id\":\"https:\/\/www.miomiorun.com\/de\/produkt\/rincon-4-herren\/#primaryimage\"},\"image\":{\"@id\":\"https:\/\/www.miomiorun.com\/de\/produkt\/rincon-4-herren\/#primaryimage\"},\"thumbnailUrl\":\"https:\/\/www.miomiorun.com\/app\/uploads\/2026\/02\/hoka-Rincon-4-frost-neon-yuzu-1155130-FYZ.webp\",\"datePublished\":\"2024-07-03T15:05:02+00:00\",\"dateModified\":\"2025-11-20T21:26:41+00:00\",\"description\":\"Der Rincon 4 ist f\u00fcr sein unglaubliches Verh\u00e4ltnis von D\u00e4mpfung zu Gewicht bekannt und wurde von Grund auf erneuert, wobei die Sohle extrem leicht und weich ist.\",\"breadcrumb\":{\"@id\":\"https:\/\/www.miomiorun.com\/de\/produkt\/rincon-4-herren\/#breadcrumb\"},\"inLanguage\":\"de-DE\",\"potentialAction\":[{\"@type\":\"ReadAction\",\"target\":[\"https:\/\/www.miomiorun.com\/de\/produkt\/rincon-4-herren\/\"]}]},{\"@type\":\"ImageObject\",\"inLanguage\":\"de-DE\",\"@id\":\"https:\/\/www.miomiorun.com\/de\/produkt\/rincon-4-herren\/#primaryimage\",\"url\":\"https:\/\/www.miomiorun.com\/app\/uploads\/2026\/02\/hoka-Rincon-4-frost-neon-yuzu-1155130-FYZ.webp\",\"contentUrl\":\"https:\/\/www.miomiorun.com\/app\/uploads\/2026\/02\/hoka-Rincon-4-frost-neon-yuzu-1155130-FYZ.webp\",\"width\":720,\"height\":720,\"caption\":\"hoka Rincon 4 frost neon yuzu 1155130 FYZ\"},{\"@type\":\"BreadcrumbList\",\"@id\":\"https:\/\/www.miomiorun.com\/de\/produkt\/rincon-4-herren\/#breadcrumb\",\"itemListElement\":[{\"@type\":\"ListItem\",\"position\":1,\"name\":\"Home\",\"item\":\"https:\/\/www.miomiorun.com\/de\/\"},{\"@type\":\"ListItem\",\"position\":2,\"name\":\"Shop\",\"item\":\"https:\/\/www.miomiorun.com\/shop\/\"},{\"@type\":\"ListItem\",\"position\":3,\"name\":\"Rincon 4 herren\"}]},{\"@type\":\"WebSite\",\"@id\":\"https:\/\/www.miomiorun.com\/de\/#website\",\"url\":\"https:\/\/www.miomiorun.com\/de\/\",\"name\":\"MioMioRun\",\"description\":\"100% Lauf- und Trailshop\",\"publisher\":{\"@id\":\"https:\/\/www.miomiorun.com\/de\/#organization\"},\"potentialAction\":[{\"@type\":\"SearchAction\",\"target\":{\"@type\":\"EntryPoint\",\"urlTemplate\":\"https:\/\/www.miomiorun.com\/de\/?s={search_term_string}\"},\"query-input\":{\"@type\":\"PropertyValueSpecification\",\"valueRequired\":true,\"valueName\":\"search_term_string\"}}],\"inLanguage\":\"de-DE\"},{\"@type\":\"Organization\",\"@id\":\"https:\/\/www.miomiorun.com\/de\/#organization\",\"name\":\"MioMio Run\",\"url\":\"https:\/\/www.miomiorun.com\/de\/\",\"logo\":{\"@type\":\"ImageObject\",\"inLanguage\":\"de-DE\",\"@id\":\"https:\/\/www.miomiorun.com\/de\/#\/schema\/logo\/image\/\",\"url\":\"https:\/\/www.miomiorun.com\/app\/uploads\/2019\/12\/logomio.png\",\"contentUrl\":\"https:\/\/www.miomiorun.com\/app\/uploads\/2019\/12\/logomio.png\",\"width\":115,\"height\":82,\"caption\":\"MioMio Run\"},\"image\":{\"@id\":\"https:\/\/www.miomiorun.com\/de\/#\/schema\/logo\/image\/\"},\"sameAs\":[\"https:\/\/www.facebook.com\/miomiorun\/\",\"https:\/\/www.instagram.com\/miomiorun\/\"]}]}<\/script>\n<!-- \/ Yoast SEO plugin. -->","yoast_head_json":{"title":"Hoka Rincon 4 herren - Herren-Laufschuhe - MioMioRun.com","description":"Der Rincon 4 ist f\u00fcr sein unglaubliches Verh\u00e4ltnis von D\u00e4mpfung zu Gewicht bekannt und wurde von Grund auf erneuert, wobei die Sohle extrem leicht und weich ist.","robots":{"index":"index","follow":"follow","max-snippet":"max-snippet:-1","max-image-preview":"max-image-preview:large","max-video-preview":"max-video-preview:-1"},"canonical":"https:\/\/www.miomiorun.com\/de\/produkt\/rincon-4-herren\/","og_locale":"de_DE","og_type":"article","og_title":"Hoka Rincon 4 herren - Herren-Laufschuhe - MioMioRun.com","og_description":"Der Rincon 4 ist f\u00fcr sein unglaubliches Verh\u00e4ltnis von D\u00e4mpfung zu Gewicht bekannt und wurde von Grund auf erneuert, wobei die Sohle extrem leicht und weich ist.","og_url":"https:\/\/www.miomiorun.com\/de\/produkt\/rincon-4-herren\/","og_site_name":"MioMioRun","article_publisher":"https:\/\/www.facebook.com\/miomiorun\/","article_modified_time":"2025-11-20T21:26:41+00:00","og_image":[{"width":720,"height":720,"url":"https:\/\/www.miomiorun.com\/app\/uploads\/2026\/02\/hoka-Rincon-4-frost-neon-yuzu-1155130-FYZ.webp","type":"image\/webp"}],"twitter_card":"summary_large_image","twitter_misc":{"Est. reading time":"1 minute"},"schema":{"@context":"https:\/\/schema.org","@graph":[{"@type":"WebPage","@id":"https:\/\/www.miomiorun.com\/de\/produkt\/rincon-4-herren\/","url":"https:\/\/www.miomiorun.com\/de\/produkt\/rincon-4-herren\/","name":"Hoka Rincon 4 herren - Herren-Laufschuhe - MioMioRun.com","isPartOf":{"@id":"https:\/\/www.miomiorun.com\/de\/#website"},"primaryImageOfPage":{"@id":"https:\/\/www.miomiorun.com\/de\/produkt\/rincon-4-herren\/#primaryimage"},"image":{"@id":"https:\/\/www.miomiorun.com\/de\/produkt\/rincon-4-herren\/#primaryimage"},"thumbnailUrl":"https:\/\/www.miomiorun.com\/app\/uploads\/2026\/02\/hoka-Rincon-4-frost-neon-yuzu-1155130-FYZ.webp","datePublished":"2024-07-03T15:05:02+00:00","dateModified":"2025-11-20T21:26:41+00:00","description":"Der Rincon 4 ist f\u00fcr sein unglaubliches Verh\u00e4ltnis von D\u00e4mpfung zu Gewicht bekannt und wurde von Grund auf erneuert, wobei die Sohle extrem leicht und weich ist.","breadcrumb":{"@id":"https:\/\/www.miomiorun.com\/de\/produkt\/rincon-4-herren\/#breadcrumb"},"inLanguage":"de-DE","potentialAction":[{"@type":"ReadAction","target":["https:\/\/www.miomiorun.com\/de\/produkt\/rincon-4-herren\/"]}]},{"@type":"ImageObject","inLanguage":"de-DE","@id":"https:\/\/www.miomiorun.com\/de\/produkt\/rincon-4-herren\/#primaryimage","url":"https:\/\/www.miomiorun.com\/app\/uploads\/2026\/02\/hoka-Rincon-4-frost-neon-yuzu-1155130-FYZ.webp","contentUrl":"https:\/\/www.miomiorun.com\/app\/uploads\/2026\/02\/hoka-Rincon-4-frost-neon-yuzu-1155130-FYZ.webp","width":720,"height":720,"caption":"hoka Rincon 4 frost neon yuzu 1155130 FYZ"},{"@type":"BreadcrumbList","@id":"https:\/\/www.miomiorun.com\/de\/produkt\/rincon-4-herren\/#breadcrumb","itemListElement":[{"@type":"ListItem","position":1,"name":"Home","item":"https:\/\/www.miomiorun.com\/de\/"},{"@type":"ListItem","position":2,"name":"Shop","item":"https:\/\/www.miomiorun.com\/shop\/"},{"@type":"ListItem","position":3,"name":"Rincon 4 herren"}]},{"@type":"WebSite","@id":"https:\/\/www.miomiorun.com\/de\/#website","url":"https:\/\/www.miomiorun.com\/de\/","name":"MioMioRun","description":"100% Lauf- und Trailshop","publisher":{"@id":"https:\/\/www.miomiorun.com\/de\/#organization"},"potentialAction":[{"@type":"SearchAction","target":{"@type":"EntryPoint","urlTemplate":"https:\/\/www.miomiorun.com\/de\/?s={search_term_string}"},"query-input":{"@type":"PropertyValueSpecification","valueRequired":true,"valueName":"search_term_string"}}],"inLanguage":"de-DE"},{"@type":"Organization","@id":"https:\/\/www.miomiorun.com\/de\/#organization","name":"MioMio Run","url":"https:\/\/www.miomiorun.com\/de\/","logo":{"@type":"ImageObject","inLanguage":"de-DE","@id":"https:\/\/www.miomiorun.com\/de\/#\/schema\/logo\/image\/","url":"https:\/\/www.miomiorun.com\/app\/uploads\/2019\/12\/logomio.png","contentUrl":"https:\/\/www.miomiorun.com\/app\/uploads\/2019\/12\/logomio.png","width":115,"height":82,"caption":"MioMio Run"},"image":{"@id":"https:\/\/www.miomiorun.com\/de\/#\/schema\/logo\/image\/"},"sameAs":["https:\/\/www.facebook.com\/miomiorun\/","https:\/\/www.instagram.com\/miomiorun\/"]}]}},"_links":{"self":[{"href":"https:\/\/www.miomiorun.com\/de\/wp-json\/wp\/v2\/product\/185359","targetHints":{"allow":["GET"]}}],"collection":[{"href":"https:\/\/www.miomiorun.com\/de\/wp-json\/wp\/v2\/product"}],"about":[{"href":"https:\/\/www.miomiorun.com\/de\/wp-json\/wp\/v2\/types\/product"}],"wp:featuredmedia":[{"embeddable":true,"href":"https:\/\/www.miomiorun.com\/de\/wp-json\/wp\/v2\/media\/411441"}],"wp:attachment":[{"href":"https:\/\/www.miomiorun.com\/de\/wp-json\/wp\/v2\/media?parent=185359"}],"wp:term":[{"taxonomy":"product_brand","embeddable":true,"href":"https:\/\/www.miomiorun.com\/de\/wp-json\/wp\/v2\/product_brand?post=185359"},{"taxonomy":"product_cat","embeddable":true,"href":"https:\/\/www.miomiorun.com\/de\/wp-json\/wp\/v2\/product_cat?post=185359"},{"taxonomy":"product_tag","embeddable":true,"href":"https:\/\/www.miomiorun.com\/de\/wp-json\/wp\/v2\/product_tag?post=185359"}],"curies":[{"name":"wp","href":"https:\/\/api.w.org\/{rel}","templated":true}]}}