{"id":185164,"date":"2024-06-28T15:55:14","date_gmt":"2024-06-28T13:55:14","guid":{"rendered":"https:\/\/miomiorun.com\/?post_type=product&#038;p=185164"},"modified":"2025-03-13T18:51:18","modified_gmt":"2025-03-13T17:51:18","slug":"himalaya-damen-t-shirt","status":"publish","type":"product","link":"https:\/\/www.miomiorun.com\/de\/produkt\/himalaya-damen-t-shirt\/","title":{"rendered":"Himalaya Damen-T-Shirt"},"content":{"rendered":"<h3 class=\"single-product-description\">Der neueste Teil unserer Serie \u00fcber die sch\u00f6nsten Berge der Welt. Diese riesige Gebirgskette beherbergt die h\u00f6chsten Gipfel der Welt. In dieser Damenversion ist das Himalaya-Design in einem violetten Farbton gehalten. Wie immer mit kontrastierendem Wild Tee-Logo auf der Brust.<\/h3>\n<h3 class=\"title-description\">Eigenschaften<\/h3>\n<div>\n<ul>\n<li dir=\"ltr\">Technisches, leichtes und atmungsaktives Trikot.<\/li>\n<li dir=\"ltr\">Hergestellt aus seidig-weichem Micromesh-Gewebe.<\/li>\n<li dir=\"ltr\">Sein Gewicht macht ihn ideal f\u00fcr Trail- und Ultra-Trail-Rennen: atmungsaktiv f\u00fcr die hei\u00dfesten Zeiten, ausreichend abdeckend bei k\u00fchlem Wetter, sch\u00fctzt er die Schulter vor m\u00f6glichen Reibungen durch den Rucksack.<\/li>\n<li dir=\"ltr\">Auch perfekt f\u00fcr das Training in der Stadt und au\u00dferhalb der Saison*.<\/li>\n<li dir=\"ltr\">Femininer Schnitt, europ\u00e4ische Passform.<\/li>\n<li dir=\"ltr\">Die Grafiken werden im Sublimationsverfahren gedruckt: sie verblassen nicht und verschlechtern sich nicht.<\/li>\n<\/ul>\n<div class=\"istruzioni\">\n<h3>Waschanleitung<\/h3>\n<div>\n<p>Die Produkte von Wild Tee sind langlebig, die Pflege ist sehr einfach: auf links waschen, in der Waschmaschine, im Programm f\u00fcr Sportbekleidung, ohne Weichsp\u00fcler, maximal 40\u00b0C, lufttrocknen.<\/p>\n<div class=\"tab-composizione\">\n<h3>Zusammensetzung<\/h3>\n<div>100% farbstoffsublimationsbedrucktes PES. 100% recycelbar.<\/div>\n<\/div>\n<\/div>\n<\/div>\n<\/div>\n","protected":false},"excerpt":{"rendered":"<ul>\n<li>Leichtes und atmungsaktives T-Shirt.<\/li>\n<li>Ideal f\u00fcr das Training.<\/li>\n<\/ul>\n","protected":false},"featured_media":185121,"template":"","meta":{"_acf_changed":false,"inline_featured_image":false},"product_brand":[],"product_cat":[6400,6401,6489],"product_tag":[3399,6288],"class_list":{"0":"post-185164","1":"product","2":"type-product","3":"status-publish","4":"has-post-thumbnail","6":"product_cat-damen","7":"product_cat-damenbekleidung","8":"product_cat-dament-shirt-de","9":"product_tag-wild-tee-de","10":"product_tag-wild-tee-damen-de","11":"pa_attivita-fitness-de","12":"pa_attivita-gehen","13":"pa_attivita-running-de","14":"pa_attivita-trail-de","15":"pa_marca-wild-tee-de","16":"pa_sesso-damen","17":"pa_size-small-de","18":"pa_size-medium-de","19":"pa_size-large-de","21":"first","22":"instock","23":"sale","24":"taxable","25":"shipping-taxable","26":"purchasable","27":"product-type-variable","28":"wvs-archive-product-wrapper"},"acf":[],"yoast_head":"<!-- This site is optimized with the Yoast SEO plugin v26.8 - https:\/\/yoast.com\/product\/yoast-seo-wordpress\/ -->\n<title>Wild Tee Himalaya Damen-T-Shirt - Damen Lauf-T-Shirt - MioMioRun<\/title>\n<meta name=\"description\" content=\"Technisches, leichtes und atmungsaktives Trikot aus seidenweichem Micromesh-Gewebe, das aufgrund seines Gewichts ideal f\u00fcr Trail- und Ultra-Trail-Rennen ist.\" \/>\n<meta name=\"robots\" content=\"index, follow, max-snippet:-1, max-image-preview:large, max-video-preview:-1\" \/>\n<link rel=\"canonical\" href=\"https:\/\/www.miomiorun.com\/de\/produkt\/himalaya-damen-t-shirt\/\" \/>\n<meta property=\"og:locale\" content=\"de_DE\" \/>\n<meta property=\"og:type\" content=\"article\" \/>\n<meta property=\"og:title\" content=\"Wild Tee Himalaya Damen-T-Shirt - Damen Lauf-T-Shirt - MioMioRun\" \/>\n<meta property=\"og:description\" content=\"Technisches, leichtes und atmungsaktives Trikot aus seidenweichem Micromesh-Gewebe, das aufgrund seines Gewichts ideal f\u00fcr Trail- und Ultra-Trail-Rennen ist.\" \/>\n<meta property=\"og:url\" content=\"https:\/\/www.miomiorun.com\/de\/produkt\/himalaya-damen-t-shirt\/\" \/>\n<meta property=\"og:site_name\" content=\"MioMioRun\" \/>\n<meta property=\"article:publisher\" content=\"https:\/\/www.facebook.com\/miomiorun\/\" \/>\n<meta property=\"article:modified_time\" content=\"2025-03-13T17:51:18+00:00\" \/>\n<meta property=\"og:image\" content=\"https:\/\/www.miomiorun.com\/app\/uploads\/2024\/06\/wild-tee-Himalaya-maglietta-W-WT020WT180.webp\" \/>\n\t<meta property=\"og:image:width\" content=\"600\" \/>\n\t<meta property=\"og:image:height\" content=\"600\" \/>\n\t<meta property=\"og:image:type\" content=\"image\/webp\" \/>\n<meta name=\"twitter:card\" content=\"summary_large_image\" \/>\n<meta name=\"twitter:label1\" content=\"Est. reading time\" \/>\n\t<meta name=\"twitter:data1\" content=\"1 minute\" \/>\n<script type=\"application\/ld+json\" class=\"yoast-schema-graph\">{\"@context\":\"https:\/\/schema.org\",\"@graph\":[{\"@type\":\"WebPage\",\"@id\":\"https:\/\/www.miomiorun.com\/de\/produkt\/himalaya-damen-t-shirt\/\",\"url\":\"https:\/\/www.miomiorun.com\/de\/produkt\/himalaya-damen-t-shirt\/\",\"name\":\"Wild Tee Himalaya Damen-T-Shirt - Damen Lauf-T-Shirt - MioMioRun\",\"isPartOf\":{\"@id\":\"https:\/\/www.miomiorun.com\/de\/#website\"},\"primaryImageOfPage\":{\"@id\":\"https:\/\/www.miomiorun.com\/de\/produkt\/himalaya-damen-t-shirt\/#primaryimage\"},\"image\":{\"@id\":\"https:\/\/www.miomiorun.com\/de\/produkt\/himalaya-damen-t-shirt\/#primaryimage\"},\"thumbnailUrl\":\"https:\/\/www.miomiorun.com\/app\/uploads\/2024\/06\/wild-tee-Himalaya-maglietta-W-WT020WT180.webp\",\"datePublished\":\"2024-06-28T13:55:14+00:00\",\"dateModified\":\"2025-03-13T17:51:18+00:00\",\"description\":\"Technisches, leichtes und atmungsaktives Trikot aus seidenweichem Micromesh-Gewebe, das aufgrund seines Gewichts ideal f\u00fcr Trail- und Ultra-Trail-Rennen ist.\",\"breadcrumb\":{\"@id\":\"https:\/\/www.miomiorun.com\/de\/produkt\/himalaya-damen-t-shirt\/#breadcrumb\"},\"inLanguage\":\"de-DE\",\"potentialAction\":[{\"@type\":\"ReadAction\",\"target\":[\"https:\/\/www.miomiorun.com\/de\/produkt\/himalaya-damen-t-shirt\/\"]}]},{\"@type\":\"ImageObject\",\"inLanguage\":\"de-DE\",\"@id\":\"https:\/\/www.miomiorun.com\/de\/produkt\/himalaya-damen-t-shirt\/#primaryimage\",\"url\":\"https:\/\/www.miomiorun.com\/app\/uploads\/2024\/06\/wild-tee-Himalaya-maglietta-W-WT020WT180.webp\",\"contentUrl\":\"https:\/\/www.miomiorun.com\/app\/uploads\/2024\/06\/wild-tee-Himalaya-maglietta-W-WT020WT180.webp\",\"width\":600,\"height\":600,\"caption\":\"wild tee Himalaya maglietta W WT020WT180\"},{\"@type\":\"BreadcrumbList\",\"@id\":\"https:\/\/www.miomiorun.com\/de\/produkt\/himalaya-damen-t-shirt\/#breadcrumb\",\"itemListElement\":[{\"@type\":\"ListItem\",\"position\":1,\"name\":\"Home\",\"item\":\"https:\/\/www.miomiorun.com\/de\/\"},{\"@type\":\"ListItem\",\"position\":2,\"name\":\"Shop\",\"item\":\"https:\/\/www.miomiorun.com\/shop\/\"},{\"@type\":\"ListItem\",\"position\":3,\"name\":\"Himalaya Damen-T-Shirt\"}]},{\"@type\":\"WebSite\",\"@id\":\"https:\/\/www.miomiorun.com\/de\/#website\",\"url\":\"https:\/\/www.miomiorun.com\/de\/\",\"name\":\"MioMioRun\",\"description\":\"100% Lauf- und Trailshop\",\"publisher\":{\"@id\":\"https:\/\/www.miomiorun.com\/de\/#organization\"},\"potentialAction\":[{\"@type\":\"SearchAction\",\"target\":{\"@type\":\"EntryPoint\",\"urlTemplate\":\"https:\/\/www.miomiorun.com\/de\/?s={search_term_string}\"},\"query-input\":{\"@type\":\"PropertyValueSpecification\",\"valueRequired\":true,\"valueName\":\"search_term_string\"}}],\"inLanguage\":\"de-DE\"},{\"@type\":\"Organization\",\"@id\":\"https:\/\/www.miomiorun.com\/de\/#organization\",\"name\":\"MioMio Run\",\"url\":\"https:\/\/www.miomiorun.com\/de\/\",\"logo\":{\"@type\":\"ImageObject\",\"inLanguage\":\"de-DE\",\"@id\":\"https:\/\/www.miomiorun.com\/de\/#\/schema\/logo\/image\/\",\"url\":\"https:\/\/www.miomiorun.com\/app\/uploads\/2019\/12\/logomio.png\",\"contentUrl\":\"https:\/\/www.miomiorun.com\/app\/uploads\/2019\/12\/logomio.png\",\"width\":115,\"height\":82,\"caption\":\"MioMio Run\"},\"image\":{\"@id\":\"https:\/\/www.miomiorun.com\/de\/#\/schema\/logo\/image\/\"},\"sameAs\":[\"https:\/\/www.facebook.com\/miomiorun\/\",\"https:\/\/www.instagram.com\/miomiorun\/\"]}]}<\/script>\n<!-- \/ Yoast SEO plugin. -->","yoast_head_json":{"title":"Wild Tee Himalaya Damen-T-Shirt - Damen Lauf-T-Shirt - MioMioRun","description":"Technisches, leichtes und atmungsaktives Trikot aus seidenweichem Micromesh-Gewebe, das aufgrund seines Gewichts ideal f\u00fcr Trail- und Ultra-Trail-Rennen ist.","robots":{"index":"index","follow":"follow","max-snippet":"max-snippet:-1","max-image-preview":"max-image-preview:large","max-video-preview":"max-video-preview:-1"},"canonical":"https:\/\/www.miomiorun.com\/de\/produkt\/himalaya-damen-t-shirt\/","og_locale":"de_DE","og_type":"article","og_title":"Wild Tee Himalaya Damen-T-Shirt - Damen Lauf-T-Shirt - MioMioRun","og_description":"Technisches, leichtes und atmungsaktives Trikot aus seidenweichem Micromesh-Gewebe, das aufgrund seines Gewichts ideal f\u00fcr Trail- und Ultra-Trail-Rennen ist.","og_url":"https:\/\/www.miomiorun.com\/de\/produkt\/himalaya-damen-t-shirt\/","og_site_name":"MioMioRun","article_publisher":"https:\/\/www.facebook.com\/miomiorun\/","article_modified_time":"2025-03-13T17:51:18+00:00","og_image":[{"width":600,"height":600,"url":"https:\/\/www.miomiorun.com\/app\/uploads\/2024\/06\/wild-tee-Himalaya-maglietta-W-WT020WT180.webp","type":"image\/webp"}],"twitter_card":"summary_large_image","twitter_misc":{"Est. reading time":"1 minute"},"schema":{"@context":"https:\/\/schema.org","@graph":[{"@type":"WebPage","@id":"https:\/\/www.miomiorun.com\/de\/produkt\/himalaya-damen-t-shirt\/","url":"https:\/\/www.miomiorun.com\/de\/produkt\/himalaya-damen-t-shirt\/","name":"Wild Tee Himalaya Damen-T-Shirt - Damen Lauf-T-Shirt - MioMioRun","isPartOf":{"@id":"https:\/\/www.miomiorun.com\/de\/#website"},"primaryImageOfPage":{"@id":"https:\/\/www.miomiorun.com\/de\/produkt\/himalaya-damen-t-shirt\/#primaryimage"},"image":{"@id":"https:\/\/www.miomiorun.com\/de\/produkt\/himalaya-damen-t-shirt\/#primaryimage"},"thumbnailUrl":"https:\/\/www.miomiorun.com\/app\/uploads\/2024\/06\/wild-tee-Himalaya-maglietta-W-WT020WT180.webp","datePublished":"2024-06-28T13:55:14+00:00","dateModified":"2025-03-13T17:51:18+00:00","description":"Technisches, leichtes und atmungsaktives Trikot aus seidenweichem Micromesh-Gewebe, das aufgrund seines Gewichts ideal f\u00fcr Trail- und Ultra-Trail-Rennen ist.","breadcrumb":{"@id":"https:\/\/www.miomiorun.com\/de\/produkt\/himalaya-damen-t-shirt\/#breadcrumb"},"inLanguage":"de-DE","potentialAction":[{"@type":"ReadAction","target":["https:\/\/www.miomiorun.com\/de\/produkt\/himalaya-damen-t-shirt\/"]}]},{"@type":"ImageObject","inLanguage":"de-DE","@id":"https:\/\/www.miomiorun.com\/de\/produkt\/himalaya-damen-t-shirt\/#primaryimage","url":"https:\/\/www.miomiorun.com\/app\/uploads\/2024\/06\/wild-tee-Himalaya-maglietta-W-WT020WT180.webp","contentUrl":"https:\/\/www.miomiorun.com\/app\/uploads\/2024\/06\/wild-tee-Himalaya-maglietta-W-WT020WT180.webp","width":600,"height":600,"caption":"wild tee Himalaya maglietta W WT020WT180"},{"@type":"BreadcrumbList","@id":"https:\/\/www.miomiorun.com\/de\/produkt\/himalaya-damen-t-shirt\/#breadcrumb","itemListElement":[{"@type":"ListItem","position":1,"name":"Home","item":"https:\/\/www.miomiorun.com\/de\/"},{"@type":"ListItem","position":2,"name":"Shop","item":"https:\/\/www.miomiorun.com\/shop\/"},{"@type":"ListItem","position":3,"name":"Himalaya Damen-T-Shirt"}]},{"@type":"WebSite","@id":"https:\/\/www.miomiorun.com\/de\/#website","url":"https:\/\/www.miomiorun.com\/de\/","name":"MioMioRun","description":"100% Lauf- und Trailshop","publisher":{"@id":"https:\/\/www.miomiorun.com\/de\/#organization"},"potentialAction":[{"@type":"SearchAction","target":{"@type":"EntryPoint","urlTemplate":"https:\/\/www.miomiorun.com\/de\/?s={search_term_string}"},"query-input":{"@type":"PropertyValueSpecification","valueRequired":true,"valueName":"search_term_string"}}],"inLanguage":"de-DE"},{"@type":"Organization","@id":"https:\/\/www.miomiorun.com\/de\/#organization","name":"MioMio Run","url":"https:\/\/www.miomiorun.com\/de\/","logo":{"@type":"ImageObject","inLanguage":"de-DE","@id":"https:\/\/www.miomiorun.com\/de\/#\/schema\/logo\/image\/","url":"https:\/\/www.miomiorun.com\/app\/uploads\/2019\/12\/logomio.png","contentUrl":"https:\/\/www.miomiorun.com\/app\/uploads\/2019\/12\/logomio.png","width":115,"height":82,"caption":"MioMio Run"},"image":{"@id":"https:\/\/www.miomiorun.com\/de\/#\/schema\/logo\/image\/"},"sameAs":["https:\/\/www.facebook.com\/miomiorun\/","https:\/\/www.instagram.com\/miomiorun\/"]}]}},"_links":{"self":[{"href":"https:\/\/www.miomiorun.com\/de\/wp-json\/wp\/v2\/product\/185164","targetHints":{"allow":["GET"]}}],"collection":[{"href":"https:\/\/www.miomiorun.com\/de\/wp-json\/wp\/v2\/product"}],"about":[{"href":"https:\/\/www.miomiorun.com\/de\/wp-json\/wp\/v2\/types\/product"}],"wp:featuredmedia":[{"embeddable":true,"href":"https:\/\/www.miomiorun.com\/de\/wp-json\/wp\/v2\/media\/185121"}],"wp:attachment":[{"href":"https:\/\/www.miomiorun.com\/de\/wp-json\/wp\/v2\/media?parent=185164"}],"wp:term":[{"taxonomy":"product_brand","embeddable":true,"href":"https:\/\/www.miomiorun.com\/de\/wp-json\/wp\/v2\/product_brand?post=185164"},{"taxonomy":"product_cat","embeddable":true,"href":"https:\/\/www.miomiorun.com\/de\/wp-json\/wp\/v2\/product_cat?post=185164"},{"taxonomy":"product_tag","embeddable":true,"href":"https:\/\/www.miomiorun.com\/de\/wp-json\/wp\/v2\/product_tag?post=185164"}],"curies":[{"name":"wp","href":"https:\/\/api.w.org\/{rel}","templated":true}]}}