{"id":184581,"date":"2024-06-26T17:39:10","date_gmt":"2024-06-26T15:39:10","guid":{"rendered":"https:\/\/miomiorun.com\/?post_type=product&#038;p=184581"},"modified":"2026-05-08T22:08:11","modified_gmt":"2026-05-08T20:08:11","slug":"trail-vest-5-l","status":"publish","type":"product","link":"https:\/\/www.miomiorun.com\/de\/produkt\/trail-vest-5-l\/","title":{"rendered":"Trail Vest 5 L"},"content":{"rendered":"<p>Minimalistischer Komfort f\u00fcr die neue <strong>Trail 5L-Weste<\/strong>. Hervorragende Speicherkapazit\u00e4t, Leichtigkeit und hohe Atmungsaktivit\u00e4t machen sie zum idealen Accessoire f\u00fcr schnelle Trainingseinheiten oder Marathons auf Ihren Lieblingstrails.<\/p>\n<p>Entwickelt und getestet in Zusammenarbeit mit Spitzensportlern, um Zuverl\u00e4ssigkeit und Funktionalit\u00e4t zu gew\u00e4hrleisten.<\/p>\n<p><b>Eigenschaften:<\/b><\/p>\n<ul>\n<li class=\"feature\">Reflektierende Details auf der gesamten Oberfl\u00e4che f\u00fcr bessere Sichtbarkeit bei schlechten Lichtverh\u00e4ltnissen.<\/li>\n<li class=\"feature\">Pfeife.<\/li>\n<li class=\"feature\">Mesh-R\u00fcckenteil f\u00fcr verbesserte Atmungsaktivit\u00e4t.<\/li>\n<li class=\"feature\">Horizontaler Stauraum auf der R\u00fcckseite f\u00fcr schnellen Zugriff und zur Aufbewahrung von St\u00f6cken.<\/li>\n<li class=\"feature\">Verschlusssystem mit Gummizug und Kordelzug f\u00fcr einen individuellen Verschluss.<\/li>\n<li class=\"feature\">Weiche Inneneins\u00e4tze zur Verbesserung des Komforts und zur Vermeidung von Scheuerstellen an den Rippen.<\/li>\n<li class=\"feature\">QuiverLoops System f\u00fcr schnellen und stabilen Zugang zu St\u00f6cken.<\/li>\n<li class=\"feature\">2 SoftFlask-Fronttaschen mit elastischer Halterung und 2 Soft Flasks (500 ml) inklusive.<\/li>\n<li class=\"feature\">Schnell zug\u00e4ngliche Stretch-Vortaschen + 2 Rei\u00dfverschlusstaschen.<\/li>\n<li class=\"feature\">Weiche, leichte und atmungsaktive Materialien f\u00fcr absoluten Komfort bei Ihren Fahrten.<\/li>\n<\/ul>\n<p><strong>Gewicht: 168g<\/strong><\/p>\n<p><strong>Material: 80% Polyamid 20% Elastan<\/strong><\/p>\n<h3><\/h3>\n<h3><\/h3>\n<p>&nbsp;<\/p>\n","protected":false},"excerpt":{"rendered":"<ul>\n<li>\u00a0Idealer Rucksack f\u00fcr Trail-Training.<\/li>\n<li>Ausgestattet mit zwei 500 ml Soft Fask.<\/li>\n<\/ul>\n","protected":false},"featured_media":185215,"template":"","meta":{"_acf_changed":false,"inline_featured_image":false},"product_brand":[],"product_cat":[6342,6396,6398],"product_tag":[6248,6220,6218],"class_list":{"0":"post-184581","1":"product","2":"type-product","3":"status-publish","4":"has-post-thumbnail","6":"product_cat-zubehoer","7":"product_cat-taschen-und-guertel-de","8":"product_cat-taschen-de","9":"product_tag-la-sportiva-de","10":"product_tag-la-sportiva-damen-de","11":"product_tag-la-sportiva-herren-de","12":"pa_attivita-outdoor-de","13":"pa_attivita-trail-de","14":"pa_colore-trail-vest-5l-white-cherry-tomato-de","15":"pa_colore-trail-vest-5l-yellow-black-de","16":"pa_marca-la-sportiva-de","17":"pa_sesso-damen","18":"pa_sesso-herren","19":"pa_size-small-de","20":"pa_size-medium-de","21":"pa_size-large-de","23":"first","24":"instock","25":"sale","26":"taxable","27":"shipping-taxable","28":"purchasable","29":"product-type-variable","30":"wvs-archive-product-wrapper"},"acf":[],"yoast_head":"<!-- This site is optimized with the Yoast SEO plugin v26.8 - https:\/\/yoast.com\/product\/yoast-seo-wordpress\/ -->\n<title>La Sportiva Trail Vest 5 L - Laufender Rucksack - MioMioRun<\/title>\n<meta name=\"description\" content=\"Minimalistischer Komfort f\u00fcr die neue Trail 5L-Weste. Hervorragende Speicherkapazit\u00e4t, Leichtigkeit und hohe Atmungsaktivit\u00e4t machen sie ideal f\u00fcr schnelle Trainingseinheiten\" \/>\n<meta name=\"robots\" content=\"index, follow, max-snippet:-1, max-image-preview:large, max-video-preview:-1\" \/>\n<link rel=\"canonical\" href=\"https:\/\/www.miomiorun.com\/de\/produkt\/trail-vest-5-l\/\" \/>\n<meta property=\"og:locale\" content=\"de_DE\" \/>\n<meta property=\"og:type\" content=\"article\" \/>\n<meta property=\"og:title\" content=\"La Sportiva Trail Vest 5 L - Laufender Rucksack - MioMioRun\" \/>\n<meta property=\"og:description\" content=\"Minimalistischer Komfort f\u00fcr die neue Trail 5L-Weste. Hervorragende Speicherkapazit\u00e4t, Leichtigkeit und hohe Atmungsaktivit\u00e4t machen sie ideal f\u00fcr schnelle Trainingseinheiten\" \/>\n<meta property=\"og:url\" content=\"https:\/\/www.miomiorun.com\/de\/produkt\/trail-vest-5-l\/\" \/>\n<meta property=\"og:site_name\" content=\"MioMioRun\" \/>\n<meta property=\"article:publisher\" content=\"https:\/\/www.facebook.com\/miomiorun\/\" \/>\n<meta property=\"article:modified_time\" content=\"2026-05-08T20:08:11+00:00\" \/>\n<meta property=\"og:image\" content=\"https:\/\/www.miomiorun.com\/app\/uploads\/2024\/06\/la-sportiva-Trail-vest-5L-yellow-black-79O100999.webp\" \/>\n\t<meta property=\"og:image:width\" content=\"600\" \/>\n\t<meta property=\"og:image:height\" content=\"600\" \/>\n\t<meta property=\"og:image:type\" content=\"image\/webp\" \/>\n<meta name=\"twitter:card\" content=\"summary_large_image\" \/>\n<meta name=\"twitter:label1\" content=\"Est. reading time\" \/>\n\t<meta name=\"twitter:data1\" content=\"1 minute\" \/>\n<script type=\"application\/ld+json\" class=\"yoast-schema-graph\">{\"@context\":\"https:\/\/schema.org\",\"@graph\":[{\"@type\":\"WebPage\",\"@id\":\"https:\/\/www.miomiorun.com\/de\/produkt\/trail-vest-5-l\/\",\"url\":\"https:\/\/www.miomiorun.com\/de\/produkt\/trail-vest-5-l\/\",\"name\":\"La Sportiva Trail Vest 5 L - Laufender Rucksack - MioMioRun\",\"isPartOf\":{\"@id\":\"https:\/\/www.miomiorun.com\/de\/#website\"},\"primaryImageOfPage\":{\"@id\":\"https:\/\/www.miomiorun.com\/de\/produkt\/trail-vest-5-l\/#primaryimage\"},\"image\":{\"@id\":\"https:\/\/www.miomiorun.com\/de\/produkt\/trail-vest-5-l\/#primaryimage\"},\"thumbnailUrl\":\"https:\/\/www.miomiorun.com\/app\/uploads\/2024\/06\/la-sportiva-Trail-vest-5L-yellow-black-79O100999.webp\",\"datePublished\":\"2024-06-26T15:39:10+00:00\",\"dateModified\":\"2026-05-08T20:08:11+00:00\",\"description\":\"Minimalistischer Komfort f\u00fcr die neue Trail 5L-Weste. Hervorragende Speicherkapazit\u00e4t, Leichtigkeit und hohe Atmungsaktivit\u00e4t machen sie ideal f\u00fcr schnelle Trainingseinheiten\",\"breadcrumb\":{\"@id\":\"https:\/\/www.miomiorun.com\/de\/produkt\/trail-vest-5-l\/#breadcrumb\"},\"inLanguage\":\"de-DE\",\"potentialAction\":[{\"@type\":\"ReadAction\",\"target\":[\"https:\/\/www.miomiorun.com\/de\/produkt\/trail-vest-5-l\/\"]}]},{\"@type\":\"ImageObject\",\"inLanguage\":\"de-DE\",\"@id\":\"https:\/\/www.miomiorun.com\/de\/produkt\/trail-vest-5-l\/#primaryimage\",\"url\":\"https:\/\/www.miomiorun.com\/app\/uploads\/2024\/06\/la-sportiva-Trail-vest-5L-yellow-black-79O100999.webp\",\"contentUrl\":\"https:\/\/www.miomiorun.com\/app\/uploads\/2024\/06\/la-sportiva-Trail-vest-5L-yellow-black-79O100999.webp\",\"width\":600,\"height\":600,\"caption\":\"la sportiva Trail vest 5L yellow black 79O100999\"},{\"@type\":\"BreadcrumbList\",\"@id\":\"https:\/\/www.miomiorun.com\/de\/produkt\/trail-vest-5-l\/#breadcrumb\",\"itemListElement\":[{\"@type\":\"ListItem\",\"position\":1,\"name\":\"Home\",\"item\":\"https:\/\/www.miomiorun.com\/de\/\"},{\"@type\":\"ListItem\",\"position\":2,\"name\":\"Shop\",\"item\":\"https:\/\/www.miomiorun.com\/shop\/\"},{\"@type\":\"ListItem\",\"position\":3,\"name\":\"Trail Vest 5 L\"}]},{\"@type\":\"WebSite\",\"@id\":\"https:\/\/www.miomiorun.com\/de\/#website\",\"url\":\"https:\/\/www.miomiorun.com\/de\/\",\"name\":\"MioMioRun\",\"description\":\"100% Lauf- und Trailshop\",\"publisher\":{\"@id\":\"https:\/\/www.miomiorun.com\/de\/#organization\"},\"potentialAction\":[{\"@type\":\"SearchAction\",\"target\":{\"@type\":\"EntryPoint\",\"urlTemplate\":\"https:\/\/www.miomiorun.com\/de\/?s={search_term_string}\"},\"query-input\":{\"@type\":\"PropertyValueSpecification\",\"valueRequired\":true,\"valueName\":\"search_term_string\"}}],\"inLanguage\":\"de-DE\"},{\"@type\":\"Organization\",\"@id\":\"https:\/\/www.miomiorun.com\/de\/#organization\",\"name\":\"MioMio Run\",\"url\":\"https:\/\/www.miomiorun.com\/de\/\",\"logo\":{\"@type\":\"ImageObject\",\"inLanguage\":\"de-DE\",\"@id\":\"https:\/\/www.miomiorun.com\/de\/#\/schema\/logo\/image\/\",\"url\":\"https:\/\/www.miomiorun.com\/app\/uploads\/2019\/12\/logomio.png\",\"contentUrl\":\"https:\/\/www.miomiorun.com\/app\/uploads\/2019\/12\/logomio.png\",\"width\":115,\"height\":82,\"caption\":\"MioMio Run\"},\"image\":{\"@id\":\"https:\/\/www.miomiorun.com\/de\/#\/schema\/logo\/image\/\"},\"sameAs\":[\"https:\/\/www.facebook.com\/miomiorun\/\",\"https:\/\/www.instagram.com\/miomiorun\/\"]}]}<\/script>\n<!-- \/ Yoast SEO plugin. -->","yoast_head_json":{"title":"La Sportiva Trail Vest 5 L - Laufender Rucksack - MioMioRun","description":"Minimalistischer Komfort f\u00fcr die neue Trail 5L-Weste. Hervorragende Speicherkapazit\u00e4t, Leichtigkeit und hohe Atmungsaktivit\u00e4t machen sie ideal f\u00fcr schnelle Trainingseinheiten","robots":{"index":"index","follow":"follow","max-snippet":"max-snippet:-1","max-image-preview":"max-image-preview:large","max-video-preview":"max-video-preview:-1"},"canonical":"https:\/\/www.miomiorun.com\/de\/produkt\/trail-vest-5-l\/","og_locale":"de_DE","og_type":"article","og_title":"La Sportiva Trail Vest 5 L - Laufender Rucksack - MioMioRun","og_description":"Minimalistischer Komfort f\u00fcr die neue Trail 5L-Weste. Hervorragende Speicherkapazit\u00e4t, Leichtigkeit und hohe Atmungsaktivit\u00e4t machen sie ideal f\u00fcr schnelle Trainingseinheiten","og_url":"https:\/\/www.miomiorun.com\/de\/produkt\/trail-vest-5-l\/","og_site_name":"MioMioRun","article_publisher":"https:\/\/www.facebook.com\/miomiorun\/","article_modified_time":"2026-05-08T20:08:11+00:00","og_image":[{"width":600,"height":600,"url":"https:\/\/www.miomiorun.com\/app\/uploads\/2024\/06\/la-sportiva-Trail-vest-5L-yellow-black-79O100999.webp","type":"image\/webp"}],"twitter_card":"summary_large_image","twitter_misc":{"Est. reading time":"1 minute"},"schema":{"@context":"https:\/\/schema.org","@graph":[{"@type":"WebPage","@id":"https:\/\/www.miomiorun.com\/de\/produkt\/trail-vest-5-l\/","url":"https:\/\/www.miomiorun.com\/de\/produkt\/trail-vest-5-l\/","name":"La Sportiva Trail Vest 5 L - Laufender Rucksack - MioMioRun","isPartOf":{"@id":"https:\/\/www.miomiorun.com\/de\/#website"},"primaryImageOfPage":{"@id":"https:\/\/www.miomiorun.com\/de\/produkt\/trail-vest-5-l\/#primaryimage"},"image":{"@id":"https:\/\/www.miomiorun.com\/de\/produkt\/trail-vest-5-l\/#primaryimage"},"thumbnailUrl":"https:\/\/www.miomiorun.com\/app\/uploads\/2024\/06\/la-sportiva-Trail-vest-5L-yellow-black-79O100999.webp","datePublished":"2024-06-26T15:39:10+00:00","dateModified":"2026-05-08T20:08:11+00:00","description":"Minimalistischer Komfort f\u00fcr die neue Trail 5L-Weste. Hervorragende Speicherkapazit\u00e4t, Leichtigkeit und hohe Atmungsaktivit\u00e4t machen sie ideal f\u00fcr schnelle Trainingseinheiten","breadcrumb":{"@id":"https:\/\/www.miomiorun.com\/de\/produkt\/trail-vest-5-l\/#breadcrumb"},"inLanguage":"de-DE","potentialAction":[{"@type":"ReadAction","target":["https:\/\/www.miomiorun.com\/de\/produkt\/trail-vest-5-l\/"]}]},{"@type":"ImageObject","inLanguage":"de-DE","@id":"https:\/\/www.miomiorun.com\/de\/produkt\/trail-vest-5-l\/#primaryimage","url":"https:\/\/www.miomiorun.com\/app\/uploads\/2024\/06\/la-sportiva-Trail-vest-5L-yellow-black-79O100999.webp","contentUrl":"https:\/\/www.miomiorun.com\/app\/uploads\/2024\/06\/la-sportiva-Trail-vest-5L-yellow-black-79O100999.webp","width":600,"height":600,"caption":"la sportiva Trail vest 5L yellow black 79O100999"},{"@type":"BreadcrumbList","@id":"https:\/\/www.miomiorun.com\/de\/produkt\/trail-vest-5-l\/#breadcrumb","itemListElement":[{"@type":"ListItem","position":1,"name":"Home","item":"https:\/\/www.miomiorun.com\/de\/"},{"@type":"ListItem","position":2,"name":"Shop","item":"https:\/\/www.miomiorun.com\/shop\/"},{"@type":"ListItem","position":3,"name":"Trail Vest 5 L"}]},{"@type":"WebSite","@id":"https:\/\/www.miomiorun.com\/de\/#website","url":"https:\/\/www.miomiorun.com\/de\/","name":"MioMioRun","description":"100% Lauf- und Trailshop","publisher":{"@id":"https:\/\/www.miomiorun.com\/de\/#organization"},"potentialAction":[{"@type":"SearchAction","target":{"@type":"EntryPoint","urlTemplate":"https:\/\/www.miomiorun.com\/de\/?s={search_term_string}"},"query-input":{"@type":"PropertyValueSpecification","valueRequired":true,"valueName":"search_term_string"}}],"inLanguage":"de-DE"},{"@type":"Organization","@id":"https:\/\/www.miomiorun.com\/de\/#organization","name":"MioMio Run","url":"https:\/\/www.miomiorun.com\/de\/","logo":{"@type":"ImageObject","inLanguage":"de-DE","@id":"https:\/\/www.miomiorun.com\/de\/#\/schema\/logo\/image\/","url":"https:\/\/www.miomiorun.com\/app\/uploads\/2019\/12\/logomio.png","contentUrl":"https:\/\/www.miomiorun.com\/app\/uploads\/2019\/12\/logomio.png","width":115,"height":82,"caption":"MioMio Run"},"image":{"@id":"https:\/\/www.miomiorun.com\/de\/#\/schema\/logo\/image\/"},"sameAs":["https:\/\/www.facebook.com\/miomiorun\/","https:\/\/www.instagram.com\/miomiorun\/"]}]}},"_links":{"self":[{"href":"https:\/\/www.miomiorun.com\/de\/wp-json\/wp\/v2\/product\/184581","targetHints":{"allow":["GET"]}}],"collection":[{"href":"https:\/\/www.miomiorun.com\/de\/wp-json\/wp\/v2\/product"}],"about":[{"href":"https:\/\/www.miomiorun.com\/de\/wp-json\/wp\/v2\/types\/product"}],"wp:featuredmedia":[{"embeddable":true,"href":"https:\/\/www.miomiorun.com\/de\/wp-json\/wp\/v2\/media\/185215"}],"wp:attachment":[{"href":"https:\/\/www.miomiorun.com\/de\/wp-json\/wp\/v2\/media?parent=184581"}],"wp:term":[{"taxonomy":"product_brand","embeddable":true,"href":"https:\/\/www.miomiorun.com\/de\/wp-json\/wp\/v2\/product_brand?post=184581"},{"taxonomy":"product_cat","embeddable":true,"href":"https:\/\/www.miomiorun.com\/de\/wp-json\/wp\/v2\/product_cat?post=184581"},{"taxonomy":"product_tag","embeddable":true,"href":"https:\/\/www.miomiorun.com\/de\/wp-json\/wp\/v2\/product_tag?post=184581"}],"curies":[{"name":"wp","href":"https:\/\/api.w.org\/{rel}","templated":true}]}}