{"id":177496,"date":"2024-06-08T10:54:09","date_gmt":"2024-06-08T08:54:09","guid":{"rendered":"https:\/\/miomiorun.com\/prodotto\/ludo-mascot-t-shirt\/"},"modified":"2024-06-08T12:06:55","modified_gmt":"2024-06-08T10:06:55","slug":"ludo-mascot-t-shirt","status":"publish","type":"product","link":"https:\/\/www.miomiorun.com\/de\/produkt\/ludo-mascot-t-shirt\/","title":{"rendered":"&#8220;Ludo&#8221; Mascot T\u2013Shirt"},"content":{"rendered":"<p>Treten Sie ein in die Welt der Spitzenleichtathletik mit Karhu, der kultigen finnischen Marke und stolzer Sponsor der Leichtathletik-Europameisterschaften 2024. Karhu ist bekannt f\u00fcr seine Tradition der Pr\u00e4zisionstechnik und des innovativen Designs.<\/p>\n<p>Unterst\u00fctzen Sie mit uns die Athleten und inspirieren Sie sie bei den diesj\u00e4hrigen Europameisterschaften in Rom zu H\u00f6chstleistungen.<\/p>\n<p>Das Unisex-T-Shirt mit Maskottchen &#8216;Ludo&#8217; &#8211; European Championships 2024 ist ein limitiertes und exklusives T-Shirt f\u00fcr die European Championships 2024. Wenn Sie ein eingefleischter Fan sind oder einfach nur den Nervenkitzel des Wettkampfs lieben, ist dieses T-Shirt das unverzichtbare Accessoire, um Ihre Leidenschaft f\u00fcr die diesj\u00e4hrigen Meisterschaften in Rom zu zeigen.<\/p>\n<p>&nbsp;<\/p>\n<h3>Materialien:<\/h3>\n<p>&#8211; 100% Baumwolltrikot<br \/>\n&#8211; Gewicht 210 Gramm<\/p>\n<p>&nbsp;<\/p>\n<p>&nbsp;<\/p>\n","protected":false},"excerpt":{"rendered":"<p>Treten Sie ein in die Welt der Spitzenleichtathletik mit Karhu, der kultigen finnischen Marke und stolzer Sponsor der Leichtathletik-Europameisterschaften 2024. Karhu ist bekannt f\u00fcr seine Tradition der Pr\u00e4zisionstechnik und des innovativen Designs. Unterst\u00fctzen Sie mit uns die Athleten und inspirieren Sie sie bei den diesj\u00e4hrigen Europameisterschaften in Rom zu H\u00f6chstleistungen. Das Unisex-T-Shirt mit Maskottchen &#8216;Ludo&#8217; &hellip; <a href=\"https:\/\/www.miomiorun.com\/de\/produkt\/ludo-mascot-t-shirt\/\">Continued<\/a><\/p>\n","protected":false},"featured_media":177485,"template":"","meta":{"_acf_changed":false,"inline_featured_image":false},"product_brand":[],"product_cat":[6540,6508,6401,6489],"product_tag":[3377,6224,6222,19475],"class_list":{"0":"post-177496","1":"product","2":"type-product","3":"status-publish","4":"has-post-thumbnail","6":"product_cat-herrenbekleidung","7":"product_cat-herrent-shirt","8":"product_cat-damenbekleidung","9":"product_cat-dament-shirt-de","10":"product_tag-karhu-de","11":"product_tag-karhu-damen-de","12":"product_tag-karhu-herren-de","13":"product_tag-roma-24-de","14":"pa_attivita-lifestyle-de","15":"pa_marca-karhu-de","16":"pa_sesso-damen","17":"pa_sesso-herren","18":"pa_size-extra-small-de","19":"pa_size-small-de","20":"pa_size-medium-de","21":"pa_size-large-de","22":"pa_size-extra-large-de","24":"first","25":"instock","26":"sale","27":"taxable","28":"shipping-taxable","29":"purchasable","30":"product-type-variable","31":"wvs-archive-product-wrapper"},"acf":[],"yoast_head":"<!-- This site is optimized with the Yoast SEO plugin v26.8 - https:\/\/yoast.com\/product\/yoast-seo-wordpress\/ -->\n<title>Karhu &quot;Ludo&quot; Mascot T\u2013Shirt - T-Shirt Laufen - MioMioRun<\/title>\n<meta name=\"description\" content=\"Das Unisex-T-Shirt mit dem Maskottchen &#039;Ludo&#039; - European Championships 2024 ist ein limitiertes und exklusives T-Shirt zur Europameisterschaft 2024.\" \/>\n<meta name=\"robots\" content=\"index, follow, max-snippet:-1, max-image-preview:large, max-video-preview:-1\" \/>\n<link rel=\"canonical\" href=\"https:\/\/www.miomiorun.com\/de\/produkt\/ludo-mascot-t-shirt\/\" \/>\n<meta property=\"og:locale\" content=\"de_DE\" \/>\n<meta property=\"og:type\" content=\"article\" \/>\n<meta property=\"og:title\" content=\"Karhu &quot;Ludo&quot; Mascot T\u2013Shirt - T-Shirt Laufen - MioMioRun\" \/>\n<meta property=\"og:description\" content=\"Das Unisex-T-Shirt mit dem Maskottchen &#039;Ludo&#039; - European Championships 2024 ist ein limitiertes und exklusives T-Shirt zur Europameisterschaft 2024.\" \/>\n<meta property=\"og:url\" content=\"https:\/\/www.miomiorun.com\/de\/produkt\/ludo-mascot-t-shirt\/\" \/>\n<meta property=\"og:site_name\" content=\"MioMioRun\" \/>\n<meta property=\"article:publisher\" content=\"https:\/\/www.facebook.com\/miomiorun\/\" \/>\n<meta property=\"article:modified_time\" content=\"2024-06-08T10:06:55+00:00\" \/>\n<meta property=\"og:image\" content=\"https:\/\/www.miomiorun.com\/app\/uploads\/2024\/06\/karhu-T-shirt-Mascotte-Roma-KP00616.webp\" \/>\n\t<meta property=\"og:image:width\" content=\"600\" \/>\n\t<meta property=\"og:image:height\" content=\"600\" \/>\n\t<meta property=\"og:image:type\" content=\"image\/webp\" \/>\n<meta name=\"twitter:card\" content=\"summary_large_image\" \/>\n<meta name=\"twitter:label1\" content=\"Est. reading time\" \/>\n\t<meta name=\"twitter:data1\" content=\"1 minute\" \/>\n<script type=\"application\/ld+json\" class=\"yoast-schema-graph\">{\"@context\":\"https:\/\/schema.org\",\"@graph\":[{\"@type\":\"WebPage\",\"@id\":\"https:\/\/www.miomiorun.com\/de\/produkt\/ludo-mascot-t-shirt\/\",\"url\":\"https:\/\/www.miomiorun.com\/de\/produkt\/ludo-mascot-t-shirt\/\",\"name\":\"Karhu \\\"Ludo\\\" Mascot T\u2013Shirt - T-Shirt Laufen - MioMioRun\",\"isPartOf\":{\"@id\":\"https:\/\/www.miomiorun.com\/de\/#website\"},\"primaryImageOfPage\":{\"@id\":\"https:\/\/www.miomiorun.com\/de\/produkt\/ludo-mascot-t-shirt\/#primaryimage\"},\"image\":{\"@id\":\"https:\/\/www.miomiorun.com\/de\/produkt\/ludo-mascot-t-shirt\/#primaryimage\"},\"thumbnailUrl\":\"https:\/\/www.miomiorun.com\/app\/uploads\/2024\/06\/karhu-T-shirt-Mascotte-Roma-KP00616.webp\",\"datePublished\":\"2024-06-08T08:54:09+00:00\",\"dateModified\":\"2024-06-08T10:06:55+00:00\",\"description\":\"Das Unisex-T-Shirt mit dem Maskottchen 'Ludo' - European Championships 2024 ist ein limitiertes und exklusives T-Shirt zur Europameisterschaft 2024.\",\"breadcrumb\":{\"@id\":\"https:\/\/www.miomiorun.com\/de\/produkt\/ludo-mascot-t-shirt\/#breadcrumb\"},\"inLanguage\":\"de-DE\",\"potentialAction\":[{\"@type\":\"ReadAction\",\"target\":[\"https:\/\/www.miomiorun.com\/de\/produkt\/ludo-mascot-t-shirt\/\"]}]},{\"@type\":\"ImageObject\",\"inLanguage\":\"de-DE\",\"@id\":\"https:\/\/www.miomiorun.com\/de\/produkt\/ludo-mascot-t-shirt\/#primaryimage\",\"url\":\"https:\/\/www.miomiorun.com\/app\/uploads\/2024\/06\/karhu-T-shirt-Mascotte-Roma-KP00616.webp\",\"contentUrl\":\"https:\/\/www.miomiorun.com\/app\/uploads\/2024\/06\/karhu-T-shirt-Mascotte-Roma-KP00616.webp\",\"width\":600,\"height\":600,\"caption\":\"karhu T-shirt Mascotte Roma KP00616\"},{\"@type\":\"BreadcrumbList\",\"@id\":\"https:\/\/www.miomiorun.com\/de\/produkt\/ludo-mascot-t-shirt\/#breadcrumb\",\"itemListElement\":[{\"@type\":\"ListItem\",\"position\":1,\"name\":\"Home\",\"item\":\"https:\/\/www.miomiorun.com\/de\/\"},{\"@type\":\"ListItem\",\"position\":2,\"name\":\"Shop\",\"item\":\"https:\/\/www.miomiorun.com\/shop\/\"},{\"@type\":\"ListItem\",\"position\":3,\"name\":\"&#8220;Ludo&#8221; Mascot T\u2013Shirt\"}]},{\"@type\":\"WebSite\",\"@id\":\"https:\/\/www.miomiorun.com\/de\/#website\",\"url\":\"https:\/\/www.miomiorun.com\/de\/\",\"name\":\"MioMioRun\",\"description\":\"100% Lauf- und Trailshop\",\"publisher\":{\"@id\":\"https:\/\/www.miomiorun.com\/de\/#organization\"},\"potentialAction\":[{\"@type\":\"SearchAction\",\"target\":{\"@type\":\"EntryPoint\",\"urlTemplate\":\"https:\/\/www.miomiorun.com\/de\/?s={search_term_string}\"},\"query-input\":{\"@type\":\"PropertyValueSpecification\",\"valueRequired\":true,\"valueName\":\"search_term_string\"}}],\"inLanguage\":\"de-DE\"},{\"@type\":\"Organization\",\"@id\":\"https:\/\/www.miomiorun.com\/de\/#organization\",\"name\":\"MioMio Run\",\"url\":\"https:\/\/www.miomiorun.com\/de\/\",\"logo\":{\"@type\":\"ImageObject\",\"inLanguage\":\"de-DE\",\"@id\":\"https:\/\/www.miomiorun.com\/de\/#\/schema\/logo\/image\/\",\"url\":\"https:\/\/www.miomiorun.com\/app\/uploads\/2019\/12\/logomio.png\",\"contentUrl\":\"https:\/\/www.miomiorun.com\/app\/uploads\/2019\/12\/logomio.png\",\"width\":115,\"height\":82,\"caption\":\"MioMio Run\"},\"image\":{\"@id\":\"https:\/\/www.miomiorun.com\/de\/#\/schema\/logo\/image\/\"},\"sameAs\":[\"https:\/\/www.facebook.com\/miomiorun\/\",\"https:\/\/www.instagram.com\/miomiorun\/\"]}]}<\/script>\n<!-- \/ Yoast SEO plugin. -->","yoast_head_json":{"title":"Karhu \"Ludo\" Mascot T\u2013Shirt - T-Shirt Laufen - MioMioRun","description":"Das Unisex-T-Shirt mit dem Maskottchen 'Ludo' - European Championships 2024 ist ein limitiertes und exklusives T-Shirt zur Europameisterschaft 2024.","robots":{"index":"index","follow":"follow","max-snippet":"max-snippet:-1","max-image-preview":"max-image-preview:large","max-video-preview":"max-video-preview:-1"},"canonical":"https:\/\/www.miomiorun.com\/de\/produkt\/ludo-mascot-t-shirt\/","og_locale":"de_DE","og_type":"article","og_title":"Karhu \"Ludo\" Mascot T\u2013Shirt - T-Shirt Laufen - MioMioRun","og_description":"Das Unisex-T-Shirt mit dem Maskottchen 'Ludo' - European Championships 2024 ist ein limitiertes und exklusives T-Shirt zur Europameisterschaft 2024.","og_url":"https:\/\/www.miomiorun.com\/de\/produkt\/ludo-mascot-t-shirt\/","og_site_name":"MioMioRun","article_publisher":"https:\/\/www.facebook.com\/miomiorun\/","article_modified_time":"2024-06-08T10:06:55+00:00","og_image":[{"width":600,"height":600,"url":"https:\/\/www.miomiorun.com\/app\/uploads\/2024\/06\/karhu-T-shirt-Mascotte-Roma-KP00616.webp","type":"image\/webp"}],"twitter_card":"summary_large_image","twitter_misc":{"Est. reading time":"1 minute"},"schema":{"@context":"https:\/\/schema.org","@graph":[{"@type":"WebPage","@id":"https:\/\/www.miomiorun.com\/de\/produkt\/ludo-mascot-t-shirt\/","url":"https:\/\/www.miomiorun.com\/de\/produkt\/ludo-mascot-t-shirt\/","name":"Karhu \"Ludo\" Mascot T\u2013Shirt - T-Shirt Laufen - MioMioRun","isPartOf":{"@id":"https:\/\/www.miomiorun.com\/de\/#website"},"primaryImageOfPage":{"@id":"https:\/\/www.miomiorun.com\/de\/produkt\/ludo-mascot-t-shirt\/#primaryimage"},"image":{"@id":"https:\/\/www.miomiorun.com\/de\/produkt\/ludo-mascot-t-shirt\/#primaryimage"},"thumbnailUrl":"https:\/\/www.miomiorun.com\/app\/uploads\/2024\/06\/karhu-T-shirt-Mascotte-Roma-KP00616.webp","datePublished":"2024-06-08T08:54:09+00:00","dateModified":"2024-06-08T10:06:55+00:00","description":"Das Unisex-T-Shirt mit dem Maskottchen 'Ludo' - European Championships 2024 ist ein limitiertes und exklusives T-Shirt zur Europameisterschaft 2024.","breadcrumb":{"@id":"https:\/\/www.miomiorun.com\/de\/produkt\/ludo-mascot-t-shirt\/#breadcrumb"},"inLanguage":"de-DE","potentialAction":[{"@type":"ReadAction","target":["https:\/\/www.miomiorun.com\/de\/produkt\/ludo-mascot-t-shirt\/"]}]},{"@type":"ImageObject","inLanguage":"de-DE","@id":"https:\/\/www.miomiorun.com\/de\/produkt\/ludo-mascot-t-shirt\/#primaryimage","url":"https:\/\/www.miomiorun.com\/app\/uploads\/2024\/06\/karhu-T-shirt-Mascotte-Roma-KP00616.webp","contentUrl":"https:\/\/www.miomiorun.com\/app\/uploads\/2024\/06\/karhu-T-shirt-Mascotte-Roma-KP00616.webp","width":600,"height":600,"caption":"karhu T-shirt Mascotte Roma KP00616"},{"@type":"BreadcrumbList","@id":"https:\/\/www.miomiorun.com\/de\/produkt\/ludo-mascot-t-shirt\/#breadcrumb","itemListElement":[{"@type":"ListItem","position":1,"name":"Home","item":"https:\/\/www.miomiorun.com\/de\/"},{"@type":"ListItem","position":2,"name":"Shop","item":"https:\/\/www.miomiorun.com\/shop\/"},{"@type":"ListItem","position":3,"name":"&#8220;Ludo&#8221; Mascot T\u2013Shirt"}]},{"@type":"WebSite","@id":"https:\/\/www.miomiorun.com\/de\/#website","url":"https:\/\/www.miomiorun.com\/de\/","name":"MioMioRun","description":"100% Lauf- und Trailshop","publisher":{"@id":"https:\/\/www.miomiorun.com\/de\/#organization"},"potentialAction":[{"@type":"SearchAction","target":{"@type":"EntryPoint","urlTemplate":"https:\/\/www.miomiorun.com\/de\/?s={search_term_string}"},"query-input":{"@type":"PropertyValueSpecification","valueRequired":true,"valueName":"search_term_string"}}],"inLanguage":"de-DE"},{"@type":"Organization","@id":"https:\/\/www.miomiorun.com\/de\/#organization","name":"MioMio Run","url":"https:\/\/www.miomiorun.com\/de\/","logo":{"@type":"ImageObject","inLanguage":"de-DE","@id":"https:\/\/www.miomiorun.com\/de\/#\/schema\/logo\/image\/","url":"https:\/\/www.miomiorun.com\/app\/uploads\/2019\/12\/logomio.png","contentUrl":"https:\/\/www.miomiorun.com\/app\/uploads\/2019\/12\/logomio.png","width":115,"height":82,"caption":"MioMio Run"},"image":{"@id":"https:\/\/www.miomiorun.com\/de\/#\/schema\/logo\/image\/"},"sameAs":["https:\/\/www.facebook.com\/miomiorun\/","https:\/\/www.instagram.com\/miomiorun\/"]}]}},"_links":{"self":[{"href":"https:\/\/www.miomiorun.com\/de\/wp-json\/wp\/v2\/product\/177496","targetHints":{"allow":["GET"]}}],"collection":[{"href":"https:\/\/www.miomiorun.com\/de\/wp-json\/wp\/v2\/product"}],"about":[{"href":"https:\/\/www.miomiorun.com\/de\/wp-json\/wp\/v2\/types\/product"}],"wp:featuredmedia":[{"embeddable":true,"href":"https:\/\/www.miomiorun.com\/de\/wp-json\/wp\/v2\/media\/177485"}],"wp:attachment":[{"href":"https:\/\/www.miomiorun.com\/de\/wp-json\/wp\/v2\/media?parent=177496"}],"wp:term":[{"taxonomy":"product_brand","embeddable":true,"href":"https:\/\/www.miomiorun.com\/de\/wp-json\/wp\/v2\/product_brand?post=177496"},{"taxonomy":"product_cat","embeddable":true,"href":"https:\/\/www.miomiorun.com\/de\/wp-json\/wp\/v2\/product_cat?post=177496"},{"taxonomy":"product_tag","embeddable":true,"href":"https:\/\/www.miomiorun.com\/de\/wp-json\/wp\/v2\/product_tag?post=177496"}],"curies":[{"name":"wp","href":"https:\/\/api.w.org\/{rel}","templated":true}]}}