{"id":177494,"date":"2024-06-08T10:36:56","date_gmt":"2024-06-08T08:36:56","guid":{"rendered":"https:\/\/miomiorun.com\/prodotto\/event-logo-performance-t-shirt\/"},"modified":"2025-09-15T14:41:33","modified_gmt":"2025-09-15T12:41:33","slug":"event-logo-performance-t-shirt","status":"publish","type":"product","link":"https:\/\/www.miomiorun.com\/de\/produkt\/event-logo-performance-t-shirt\/","title":{"rendered":"Event Logo Performance T-Shirt"},"content":{"rendered":"<p>Ein limitiertes und exklusives T-Shirt f\u00fcr die Europameisterschaft 2024. Wenn du ein eingefleischter Fan bist oder einfach nur den Nervenkitzel des Wettkampfs liebst, ist dieses T-Shirt das unverzichtbare Accessoire, um deine Leidenschaft f\u00fcr die diesj\u00e4hrigen Meisterschaften in Rom zu zeigen.<\/p>\n<p>Mit seinen leuchtenden Farben und dem dynamischen Design f\u00e4ngt dieses T-Shirt den elektrisierenden Geist der Europameisterschaft 2024 ein.<\/p>\n<p>&nbsp;<\/p>\n<h3>Material<\/h3>\n<p>&#8211; 100% Polyester<br \/>\n&#8211; Logo der Europameisterschaft 2024<\/p>\n<p>&nbsp;<\/p>\n","protected":false},"excerpt":{"rendered":"<p>Ein limitiertes und exklusives T-Shirt f\u00fcr die Europameisterschaft 2024. Wenn du ein eingefleischter Fan bist oder einfach nur den Nervenkitzel des Wettkampfs liebst, ist dieses T-Shirt das unverzichtbare Accessoire, um deine Leidenschaft f\u00fcr die diesj\u00e4hrigen Meisterschaften in Rom zu zeigen. Mit seinen leuchtenden Farben und dem dynamischen Design f\u00e4ngt dieses T-Shirt den elektrisierenden Geist der &hellip; <a href=\"https:\/\/www.miomiorun.com\/de\/produkt\/event-logo-performance-t-shirt\/\">Continued<\/a><\/p>\n","protected":false},"featured_media":177470,"template":"","meta":{"_acf_changed":false,"inline_featured_image":false},"product_brand":[],"product_cat":[6540,6508,6401,6489],"product_tag":[3377,6224,6222,19475],"class_list":{"0":"post-177494","1":"product","2":"type-product","3":"status-publish","4":"has-post-thumbnail","6":"product_cat-herrenbekleidung","7":"product_cat-herrent-shirt","8":"product_cat-damenbekleidung","9":"product_cat-dament-shirt-de","10":"product_tag-karhu-de","11":"product_tag-karhu-damen-de","12":"product_tag-karhu-herren-de","13":"product_tag-roma-24-de","14":"pa_attivita-gehen","15":"pa_attivita-running-de","16":"pa_colore-t-shirt-european-athletics-roma-magenta-de","17":"pa_colore-t-shirt-european-athletics-roma-white-de","18":"pa_marca-karhu-de","19":"pa_sesso-damen","20":"pa_sesso-herren","21":"pa_size-extra-small-de","22":"pa_size-small-de","23":"pa_size-medium-de","24":"pa_size-large-de","25":"pa_size-extra-large-de","27":"first","28":"instock","29":"sale","30":"taxable","31":"shipping-taxable","32":"purchasable","33":"product-type-variable","34":"wvs-archive-product-wrapper"},"acf":[],"yoast_head":"<!-- This site is optimized with the Yoast SEO plugin v26.8 - https:\/\/yoast.com\/product\/yoast-seo-wordpress\/ -->\n<title>Karhu Event Logo Performance T-Shirt - Lauf-T-Shirts - MioMioRun<\/title>\n<meta name=\"description\" content=\"Ein limitiertes und exklusives T-Shirt f\u00fcr die Europameisterschaft 2024. Mit leuchtenden Farben und einem dynamischen Design f\u00e4ngt es den Geist der Europameisterschaft 2024 ein.\" \/>\n<meta name=\"robots\" content=\"index, follow, max-snippet:-1, max-image-preview:large, max-video-preview:-1\" \/>\n<link rel=\"canonical\" href=\"https:\/\/www.miomiorun.com\/de\/produkt\/event-logo-performance-t-shirt\/\" \/>\n<meta property=\"og:locale\" content=\"de_DE\" \/>\n<meta property=\"og:type\" content=\"article\" \/>\n<meta property=\"og:title\" content=\"Karhu Event Logo Performance T-Shirt - Lauf-T-Shirts - MioMioRun\" \/>\n<meta property=\"og:description\" content=\"Ein limitiertes und exklusives T-Shirt f\u00fcr die Europameisterschaft 2024. Mit leuchtenden Farben und einem dynamischen Design f\u00e4ngt es den Geist der Europameisterschaft 2024 ein.\" \/>\n<meta property=\"og:url\" content=\"https:\/\/www.miomiorun.com\/de\/produkt\/event-logo-performance-t-shirt\/\" \/>\n<meta property=\"og:site_name\" content=\"MioMioRun\" \/>\n<meta property=\"article:publisher\" content=\"https:\/\/www.facebook.com\/miomiorun\/\" \/>\n<meta property=\"article:modified_time\" content=\"2025-09-15T12:41:33+00:00\" \/>\n<meta property=\"og:image\" content=\"https:\/\/www.miomiorun.com\/app\/uploads\/2024\/06\/karhu-T-shirt-European-Athletics-Roma-white-KP00600.0024.webp\" \/>\n\t<meta property=\"og:image:width\" content=\"600\" \/>\n\t<meta property=\"og:image:height\" content=\"600\" \/>\n\t<meta property=\"og:image:type\" content=\"image\/webp\" \/>\n<meta name=\"twitter:card\" content=\"summary_large_image\" \/>\n<script type=\"application\/ld+json\" class=\"yoast-schema-graph\">{\"@context\":\"https:\/\/schema.org\",\"@graph\":[{\"@type\":\"WebPage\",\"@id\":\"https:\/\/www.miomiorun.com\/de\/produkt\/event-logo-performance-t-shirt\/\",\"url\":\"https:\/\/www.miomiorun.com\/de\/produkt\/event-logo-performance-t-shirt\/\",\"name\":\"Karhu Event Logo Performance T-Shirt - Lauf-T-Shirts - MioMioRun\",\"isPartOf\":{\"@id\":\"https:\/\/www.miomiorun.com\/de\/#website\"},\"primaryImageOfPage\":{\"@id\":\"https:\/\/www.miomiorun.com\/de\/produkt\/event-logo-performance-t-shirt\/#primaryimage\"},\"image\":{\"@id\":\"https:\/\/www.miomiorun.com\/de\/produkt\/event-logo-performance-t-shirt\/#primaryimage\"},\"thumbnailUrl\":\"https:\/\/www.miomiorun.com\/app\/uploads\/2024\/06\/karhu-T-shirt-European-Athletics-Roma-white-KP00600.0024.webp\",\"datePublished\":\"2024-06-08T08:36:56+00:00\",\"dateModified\":\"2025-09-15T12:41:33+00:00\",\"description\":\"Ein limitiertes und exklusives T-Shirt f\u00fcr die Europameisterschaft 2024. Mit leuchtenden Farben und einem dynamischen Design f\u00e4ngt es den Geist der Europameisterschaft 2024 ein.\",\"breadcrumb\":{\"@id\":\"https:\/\/www.miomiorun.com\/de\/produkt\/event-logo-performance-t-shirt\/#breadcrumb\"},\"inLanguage\":\"de-DE\",\"potentialAction\":[{\"@type\":\"ReadAction\",\"target\":[\"https:\/\/www.miomiorun.com\/de\/produkt\/event-logo-performance-t-shirt\/\"]}]},{\"@type\":\"ImageObject\",\"inLanguage\":\"de-DE\",\"@id\":\"https:\/\/www.miomiorun.com\/de\/produkt\/event-logo-performance-t-shirt\/#primaryimage\",\"url\":\"https:\/\/www.miomiorun.com\/app\/uploads\/2024\/06\/karhu-T-shirt-European-Athletics-Roma-white-KP00600.0024.webp\",\"contentUrl\":\"https:\/\/www.miomiorun.com\/app\/uploads\/2024\/06\/karhu-T-shirt-European-Athletics-Roma-white-KP00600.0024.webp\",\"width\":600,\"height\":600,\"caption\":\"karhu T-shirt European Athletics Roma white KP00600.0024\"},{\"@type\":\"BreadcrumbList\",\"@id\":\"https:\/\/www.miomiorun.com\/de\/produkt\/event-logo-performance-t-shirt\/#breadcrumb\",\"itemListElement\":[{\"@type\":\"ListItem\",\"position\":1,\"name\":\"Home\",\"item\":\"https:\/\/www.miomiorun.com\/de\/\"},{\"@type\":\"ListItem\",\"position\":2,\"name\":\"Shop\",\"item\":\"https:\/\/www.miomiorun.com\/shop\/\"},{\"@type\":\"ListItem\",\"position\":3,\"name\":\"Event Logo Performance T-Shirt\"}]},{\"@type\":\"WebSite\",\"@id\":\"https:\/\/www.miomiorun.com\/de\/#website\",\"url\":\"https:\/\/www.miomiorun.com\/de\/\",\"name\":\"MioMioRun\",\"description\":\"100% Lauf- und Trailshop\",\"publisher\":{\"@id\":\"https:\/\/www.miomiorun.com\/de\/#organization\"},\"potentialAction\":[{\"@type\":\"SearchAction\",\"target\":{\"@type\":\"EntryPoint\",\"urlTemplate\":\"https:\/\/www.miomiorun.com\/de\/?s={search_term_string}\"},\"query-input\":{\"@type\":\"PropertyValueSpecification\",\"valueRequired\":true,\"valueName\":\"search_term_string\"}}],\"inLanguage\":\"de-DE\"},{\"@type\":\"Organization\",\"@id\":\"https:\/\/www.miomiorun.com\/de\/#organization\",\"name\":\"MioMio Run\",\"url\":\"https:\/\/www.miomiorun.com\/de\/\",\"logo\":{\"@type\":\"ImageObject\",\"inLanguage\":\"de-DE\",\"@id\":\"https:\/\/www.miomiorun.com\/de\/#\/schema\/logo\/image\/\",\"url\":\"https:\/\/www.miomiorun.com\/app\/uploads\/2019\/12\/logomio.png\",\"contentUrl\":\"https:\/\/www.miomiorun.com\/app\/uploads\/2019\/12\/logomio.png\",\"width\":115,\"height\":82,\"caption\":\"MioMio Run\"},\"image\":{\"@id\":\"https:\/\/www.miomiorun.com\/de\/#\/schema\/logo\/image\/\"},\"sameAs\":[\"https:\/\/www.facebook.com\/miomiorun\/\",\"https:\/\/www.instagram.com\/miomiorun\/\"]}]}<\/script>\n<!-- \/ Yoast SEO plugin. -->","yoast_head_json":{"title":"Karhu Event Logo Performance T-Shirt - Lauf-T-Shirts - MioMioRun","description":"Ein limitiertes und exklusives T-Shirt f\u00fcr die Europameisterschaft 2024. Mit leuchtenden Farben und einem dynamischen Design f\u00e4ngt es den Geist der Europameisterschaft 2024 ein.","robots":{"index":"index","follow":"follow","max-snippet":"max-snippet:-1","max-image-preview":"max-image-preview:large","max-video-preview":"max-video-preview:-1"},"canonical":"https:\/\/www.miomiorun.com\/de\/produkt\/event-logo-performance-t-shirt\/","og_locale":"de_DE","og_type":"article","og_title":"Karhu Event Logo Performance T-Shirt - Lauf-T-Shirts - MioMioRun","og_description":"Ein limitiertes und exklusives T-Shirt f\u00fcr die Europameisterschaft 2024. Mit leuchtenden Farben und einem dynamischen Design f\u00e4ngt es den Geist der Europameisterschaft 2024 ein.","og_url":"https:\/\/www.miomiorun.com\/de\/produkt\/event-logo-performance-t-shirt\/","og_site_name":"MioMioRun","article_publisher":"https:\/\/www.facebook.com\/miomiorun\/","article_modified_time":"2025-09-15T12:41:33+00:00","og_image":[{"width":600,"height":600,"url":"https:\/\/www.miomiorun.com\/app\/uploads\/2024\/06\/karhu-T-shirt-European-Athletics-Roma-white-KP00600.0024.webp","type":"image\/webp"}],"twitter_card":"summary_large_image","schema":{"@context":"https:\/\/schema.org","@graph":[{"@type":"WebPage","@id":"https:\/\/www.miomiorun.com\/de\/produkt\/event-logo-performance-t-shirt\/","url":"https:\/\/www.miomiorun.com\/de\/produkt\/event-logo-performance-t-shirt\/","name":"Karhu Event Logo Performance T-Shirt - Lauf-T-Shirts - MioMioRun","isPartOf":{"@id":"https:\/\/www.miomiorun.com\/de\/#website"},"primaryImageOfPage":{"@id":"https:\/\/www.miomiorun.com\/de\/produkt\/event-logo-performance-t-shirt\/#primaryimage"},"image":{"@id":"https:\/\/www.miomiorun.com\/de\/produkt\/event-logo-performance-t-shirt\/#primaryimage"},"thumbnailUrl":"https:\/\/www.miomiorun.com\/app\/uploads\/2024\/06\/karhu-T-shirt-European-Athletics-Roma-white-KP00600.0024.webp","datePublished":"2024-06-08T08:36:56+00:00","dateModified":"2025-09-15T12:41:33+00:00","description":"Ein limitiertes und exklusives T-Shirt f\u00fcr die Europameisterschaft 2024. Mit leuchtenden Farben und einem dynamischen Design f\u00e4ngt es den Geist der Europameisterschaft 2024 ein.","breadcrumb":{"@id":"https:\/\/www.miomiorun.com\/de\/produkt\/event-logo-performance-t-shirt\/#breadcrumb"},"inLanguage":"de-DE","potentialAction":[{"@type":"ReadAction","target":["https:\/\/www.miomiorun.com\/de\/produkt\/event-logo-performance-t-shirt\/"]}]},{"@type":"ImageObject","inLanguage":"de-DE","@id":"https:\/\/www.miomiorun.com\/de\/produkt\/event-logo-performance-t-shirt\/#primaryimage","url":"https:\/\/www.miomiorun.com\/app\/uploads\/2024\/06\/karhu-T-shirt-European-Athletics-Roma-white-KP00600.0024.webp","contentUrl":"https:\/\/www.miomiorun.com\/app\/uploads\/2024\/06\/karhu-T-shirt-European-Athletics-Roma-white-KP00600.0024.webp","width":600,"height":600,"caption":"karhu T-shirt European Athletics Roma white KP00600.0024"},{"@type":"BreadcrumbList","@id":"https:\/\/www.miomiorun.com\/de\/produkt\/event-logo-performance-t-shirt\/#breadcrumb","itemListElement":[{"@type":"ListItem","position":1,"name":"Home","item":"https:\/\/www.miomiorun.com\/de\/"},{"@type":"ListItem","position":2,"name":"Shop","item":"https:\/\/www.miomiorun.com\/shop\/"},{"@type":"ListItem","position":3,"name":"Event Logo Performance T-Shirt"}]},{"@type":"WebSite","@id":"https:\/\/www.miomiorun.com\/de\/#website","url":"https:\/\/www.miomiorun.com\/de\/","name":"MioMioRun","description":"100% Lauf- und Trailshop","publisher":{"@id":"https:\/\/www.miomiorun.com\/de\/#organization"},"potentialAction":[{"@type":"SearchAction","target":{"@type":"EntryPoint","urlTemplate":"https:\/\/www.miomiorun.com\/de\/?s={search_term_string}"},"query-input":{"@type":"PropertyValueSpecification","valueRequired":true,"valueName":"search_term_string"}}],"inLanguage":"de-DE"},{"@type":"Organization","@id":"https:\/\/www.miomiorun.com\/de\/#organization","name":"MioMio Run","url":"https:\/\/www.miomiorun.com\/de\/","logo":{"@type":"ImageObject","inLanguage":"de-DE","@id":"https:\/\/www.miomiorun.com\/de\/#\/schema\/logo\/image\/","url":"https:\/\/www.miomiorun.com\/app\/uploads\/2019\/12\/logomio.png","contentUrl":"https:\/\/www.miomiorun.com\/app\/uploads\/2019\/12\/logomio.png","width":115,"height":82,"caption":"MioMio Run"},"image":{"@id":"https:\/\/www.miomiorun.com\/de\/#\/schema\/logo\/image\/"},"sameAs":["https:\/\/www.facebook.com\/miomiorun\/","https:\/\/www.instagram.com\/miomiorun\/"]}]}},"_links":{"self":[{"href":"https:\/\/www.miomiorun.com\/de\/wp-json\/wp\/v2\/product\/177494","targetHints":{"allow":["GET"]}}],"collection":[{"href":"https:\/\/www.miomiorun.com\/de\/wp-json\/wp\/v2\/product"}],"about":[{"href":"https:\/\/www.miomiorun.com\/de\/wp-json\/wp\/v2\/types\/product"}],"wp:featuredmedia":[{"embeddable":true,"href":"https:\/\/www.miomiorun.com\/de\/wp-json\/wp\/v2\/media\/177470"}],"wp:attachment":[{"href":"https:\/\/www.miomiorun.com\/de\/wp-json\/wp\/v2\/media?parent=177494"}],"wp:term":[{"taxonomy":"product_brand","embeddable":true,"href":"https:\/\/www.miomiorun.com\/de\/wp-json\/wp\/v2\/product_brand?post=177494"},{"taxonomy":"product_cat","embeddable":true,"href":"https:\/\/www.miomiorun.com\/de\/wp-json\/wp\/v2\/product_cat?post=177494"},{"taxonomy":"product_tag","embeddable":true,"href":"https:\/\/www.miomiorun.com\/de\/wp-json\/wp\/v2\/product_tag?post=177494"}],"curies":[{"name":"wp","href":"https:\/\/api.w.org\/{rel}","templated":true}]}}