{"id":177317,"date":"2024-06-01T10:27:17","date_gmt":"2024-06-01T08:27:17","guid":{"rendered":"https:\/\/miomiorun.com\/prodotto\/speedgoat-6-uomo\/"},"modified":"2025-11-20T15:14:01","modified_gmt":"2025-11-20T14:14:01","slug":"speedgoat-6-herren","status":"publish","type":"product","link":"https:\/\/www.miomiorun.com\/de\/produkt\/speedgoat-6-herren\/","title":{"rendered":"Speedgoat 6 herren"},"content":{"rendered":"<div class=\"vc-row container\"><div class=\"vc-column\"><div class=\"vc-column-text\"><\/p>\n<h3>Technische Daten<\/h3>\n<p>Kategorie: Top-D\u00e4mpfung<br \/>\nEinpresstiefe: 5 mm<br \/>\nGewicht: 278 g<br \/>\nIdeal f\u00fcr: Trailrunner und Bergwanderer, die ein leichtes, gut gepolstertes und sch\u00fctzendes Modell suchen, das auch auf langen Strecken maximalen Komfort bietet.<br \/>\nGewicht des Athleten: 50-70 kg<br \/>\nLauftempo: mittelschnell (4,30-6,00 min\/km)<\/p>\n<p><a href=\"https:\/\/miomiorun.com\/de\/leitfaden-fuer-technische-spezifikationen\/\">Leitfaden f\u00fcr technische Spezifikationen<\/a><\/p>\n<p><\/div><\/div><div class=\"vc-column\"><div class=\"vc-column-text\"><\/p>\n<h3>Benutzererlebnis mit viel Grip und Reaktionsf\u00e4higkeit f\u00fcr technisches Terrain.<br \/>\nDas Beste vom Besten auf dem Trail.<\/h3>\n<p>Hier ist er. Der <strong>Speedgoat 6<\/strong> f\u00fcr Herren wurde geboren, um mit seiner Kombination aus bew\u00e4hrter HOKA-D\u00e4mpfung, aggressiver Traktion und ultraleichten Materialien den Trail zu dominieren. Diese Neuauflage des f\u00fcr technisches Gel\u00e4nde konzipierten Schuhs verf\u00fcgt \u00fcber ein atmungsaktives Textilobermaterial, einen fu\u00dfgerechten Innenrahmen, eine weichere Zunge mit doppeltem Zwickel und eine neu gestaltete Stollenausrichtung, die vom Huf einer Ziege inspiriert ist (\u201egoat\u201c auf Englisch, in Anlehnung an den Namen des Schuhs).<\/p>\n<p><strong>ANGEPASST AN:<\/strong><\/p>\n<ul>\n<li>Pfade.<\/li>\n<li>Wandern.<\/li>\n<\/ul>\n<p><strong>MERKMALE:<\/strong><\/p>\n<ul>\n<li>Obermaterial aus leichtem Gewebe<\/li>\n<li>Interner Rahmen bietet Unterst\u00fctzung<\/li>\n<li>Zunge mit Zwickel an zwei Seiten<\/li>\n<li>Dynamischer Zwickel<\/li>\n<li>Schutzelement an der Zehenbox<\/li>\n<li>Vibram\u00ae Megagrip mit Traktionsstollen<\/li>\n<li>Neu gestaltete Stollenausrichtung<\/li>\n<li>Leichtere und reaktionsfreudigere Zwischensohlenmischung<\/li>\n<li>Leichterer und reaktionsfreudigerer Schaumstoff<\/li>\n<li>5 mm Karrarmatte<\/li>\n<li>Veganes Modell<\/li>\n<\/ul>\n<div class=\"description-whatsnew\">\n<p><strong>Was ist neu?<\/strong><\/p>\n<p>Definitiv eine verbesserte Erfahrung f\u00fcr die Sohle, mit weniger Gewicht und mehr Reaktionsf\u00e4higkeit. Sie finden neue Merkmale in der Gesamtkonstruktion, einschlie\u00dflich eines atmungsaktiven Textilobermaterials, einer leichteren und reaktionsf\u00e4higeren Zwischensohlenmischung, eines Innenrahmens, eines dynamischen Zwickels und einer weicheren Zunge mit doppeltem Zwickel.<\/p>\n<h2>Stabilit\u00e4t<\/h2>\n<p>Speedgoat 6 verf\u00fcgt \u00fcber ein symmetrisch gepolstertes Bett ohne zus\u00e4tzliche orthop\u00e4dische Technik. Er wurde entwickelt, um Ihnen die Unterst\u00fctzung zu geben, die Sie brauchen, ohne \u00fcberfl\u00fcssige Funktionen.<\/p>\n<h2>D\u00e4mpfung<\/h2>\n<p>Der Speedgoat 6 bietet eine sch\u00fctzende D\u00e4mpfung und gleichzeitig einen reaktionsfreudigen Schub, wenn Sie Ihre Geschwindigkeit erh\u00f6hen wollen.<\/p>\n<\/div>\n<p><\/div><\/div><\/div>\n","protected":false},"excerpt":{"rendered":"<ul>\n<li>Idealer Schuh f\u00fcr Trails und Wanderungen.<\/li>\n<li>Vibram\u00ae Megagrip-Sohle mit Traction Lug.<\/li>\n<li>Ideal f\u00fcr technische Trails.<\/li>\n<\/ul>\n","protected":false},"featured_media":310476,"template":"","meta":{"_acf_changed":false,"inline_featured_image":false},"product_brand":[],"product_cat":[6519,6516],"product_tag":[3373,6226],"class_list":{"0":"post-177317","1":"product","2":"type-product","3":"status-publish","4":"has-post-thumbnail","6":"product_cat-herrenschuhe-outlet-de","7":"product_cat-herren-sale-trail-de","8":"product_tag-hoka-one-one-de","9":"product_tag-hoka-one-one-herren-de","10":"pa_attivita-outdoor-de","11":"pa_attivita-trail-de","12":"pa_colore-speedgoat-6-terra-cotta-mountain-fog","13":"pa_marca-hoka-de","14":"pa_sesso-herren","15":"pa_size-42-de","17":"first","18":"outofstock","19":"sale","20":"taxable","21":"shipping-taxable","22":"purchasable","23":"product-type-variable","24":"wvs-archive-product-wrapper"},"acf":[],"yoast_head":"<!-- This site is optimized with the Yoast SEO plugin v26.8 - https:\/\/yoast.com\/product\/yoast-seo-wordpress\/ -->\n<title>HokaSpeedgoat 6 herren - Trail-Schuhe - MioMioRun.com<\/title>\n<meta name=\"description\" content=\"Der Speedgoat 6 f\u00fcr Herren wurde geboren, um Trails zu dominieren, dank seiner Kombination aus bew\u00e4hrter HOKA-D\u00e4mpfung, aggressiver\" \/>\n<meta name=\"robots\" content=\"index, follow, max-snippet:-1, max-image-preview:large, max-video-preview:-1\" \/>\n<link rel=\"canonical\" href=\"https:\/\/www.miomiorun.com\/de\/produkt\/speedgoat-6-herren\/\" \/>\n<meta property=\"og:locale\" content=\"de_DE\" \/>\n<meta property=\"og:type\" content=\"article\" \/>\n<meta property=\"og:title\" content=\"HokaSpeedgoat 6 herren - Trail-Schuhe - MioMioRun.com\" \/>\n<meta property=\"og:description\" content=\"Der Speedgoat 6 f\u00fcr Herren wurde geboren, um Trails zu dominieren, dank seiner Kombination aus bew\u00e4hrter HOKA-D\u00e4mpfung, aggressiver\" \/>\n<meta property=\"og:url\" content=\"https:\/\/www.miomiorun.com\/de\/produkt\/speedgoat-6-herren\/\" \/>\n<meta property=\"og:site_name\" content=\"MioMioRun\" \/>\n<meta property=\"article:publisher\" content=\"https:\/\/www.facebook.com\/miomiorun\/\" \/>\n<meta property=\"article:modified_time\" content=\"2025-11-20T14:14:01+00:00\" \/>\n<meta property=\"og:image\" content=\"https:\/\/www.miomiorun.com\/app\/uploads\/2025\/05\/hoka-Speedgoat-6-terra-cotta-mountain-fog-1147791-TTT.webp\" \/>\n\t<meta property=\"og:image:width\" content=\"600\" \/>\n\t<meta property=\"og:image:height\" content=\"600\" \/>\n\t<meta property=\"og:image:type\" content=\"image\/webp\" \/>\n<meta name=\"twitter:card\" content=\"summary_large_image\" \/>\n<meta name=\"twitter:label1\" content=\"Est. reading time\" \/>\n\t<meta name=\"twitter:data1\" content=\"2 minutes\" \/>\n<script type=\"application\/ld+json\" class=\"yoast-schema-graph\">{\"@context\":\"https:\/\/schema.org\",\"@graph\":[{\"@type\":\"WebPage\",\"@id\":\"https:\/\/www.miomiorun.com\/de\/produkt\/speedgoat-6-herren\/\",\"url\":\"https:\/\/www.miomiorun.com\/de\/produkt\/speedgoat-6-herren\/\",\"name\":\"HokaSpeedgoat 6 herren - Trail-Schuhe - MioMioRun.com\",\"isPartOf\":{\"@id\":\"https:\/\/www.miomiorun.com\/de\/#website\"},\"primaryImageOfPage\":{\"@id\":\"https:\/\/www.miomiorun.com\/de\/produkt\/speedgoat-6-herren\/#primaryimage\"},\"image\":{\"@id\":\"https:\/\/www.miomiorun.com\/de\/produkt\/speedgoat-6-herren\/#primaryimage\"},\"thumbnailUrl\":\"https:\/\/www.miomiorun.com\/app\/uploads\/2025\/05\/hoka-Speedgoat-6-terra-cotta-mountain-fog-1147791-TTT.webp\",\"datePublished\":\"2024-06-01T08:27:17+00:00\",\"dateModified\":\"2025-11-20T14:14:01+00:00\",\"description\":\"Der Speedgoat 6 f\u00fcr Herren wurde geboren, um Trails zu dominieren, dank seiner Kombination aus bew\u00e4hrter HOKA-D\u00e4mpfung, aggressiver\",\"breadcrumb\":{\"@id\":\"https:\/\/www.miomiorun.com\/de\/produkt\/speedgoat-6-herren\/#breadcrumb\"},\"inLanguage\":\"de-DE\",\"potentialAction\":[{\"@type\":\"ReadAction\",\"target\":[\"https:\/\/www.miomiorun.com\/de\/produkt\/speedgoat-6-herren\/\"]}]},{\"@type\":\"ImageObject\",\"inLanguage\":\"de-DE\",\"@id\":\"https:\/\/www.miomiorun.com\/de\/produkt\/speedgoat-6-herren\/#primaryimage\",\"url\":\"https:\/\/www.miomiorun.com\/app\/uploads\/2025\/05\/hoka-Speedgoat-6-terra-cotta-mountain-fog-1147791-TTT.webp\",\"contentUrl\":\"https:\/\/www.miomiorun.com\/app\/uploads\/2025\/05\/hoka-Speedgoat-6-terra-cotta-mountain-fog-1147791-TTT.webp\",\"width\":600,\"height\":600,\"caption\":\"hoka Speedgoat 6 terra cotta mountain fog 1147791 TTT\"},{\"@type\":\"BreadcrumbList\",\"@id\":\"https:\/\/www.miomiorun.com\/de\/produkt\/speedgoat-6-herren\/#breadcrumb\",\"itemListElement\":[{\"@type\":\"ListItem\",\"position\":1,\"name\":\"Home\",\"item\":\"https:\/\/www.miomiorun.com\/de\/\"},{\"@type\":\"ListItem\",\"position\":2,\"name\":\"Shop\",\"item\":\"https:\/\/www.miomiorun.com\/shop\/\"},{\"@type\":\"ListItem\",\"position\":3,\"name\":\"Speedgoat 6 herren\"}]},{\"@type\":\"WebSite\",\"@id\":\"https:\/\/www.miomiorun.com\/de\/#website\",\"url\":\"https:\/\/www.miomiorun.com\/de\/\",\"name\":\"MioMioRun\",\"description\":\"100% Lauf- und Trailshop\",\"publisher\":{\"@id\":\"https:\/\/www.miomiorun.com\/de\/#organization\"},\"potentialAction\":[{\"@type\":\"SearchAction\",\"target\":{\"@type\":\"EntryPoint\",\"urlTemplate\":\"https:\/\/www.miomiorun.com\/de\/?s={search_term_string}\"},\"query-input\":{\"@type\":\"PropertyValueSpecification\",\"valueRequired\":true,\"valueName\":\"search_term_string\"}}],\"inLanguage\":\"de-DE\"},{\"@type\":\"Organization\",\"@id\":\"https:\/\/www.miomiorun.com\/de\/#organization\",\"name\":\"MioMio Run\",\"url\":\"https:\/\/www.miomiorun.com\/de\/\",\"logo\":{\"@type\":\"ImageObject\",\"inLanguage\":\"de-DE\",\"@id\":\"https:\/\/www.miomiorun.com\/de\/#\/schema\/logo\/image\/\",\"url\":\"https:\/\/www.miomiorun.com\/app\/uploads\/2019\/12\/logomio.png\",\"contentUrl\":\"https:\/\/www.miomiorun.com\/app\/uploads\/2019\/12\/logomio.png\",\"width\":115,\"height\":82,\"caption\":\"MioMio Run\"},\"image\":{\"@id\":\"https:\/\/www.miomiorun.com\/de\/#\/schema\/logo\/image\/\"},\"sameAs\":[\"https:\/\/www.facebook.com\/miomiorun\/\",\"https:\/\/www.instagram.com\/miomiorun\/\"]}]}<\/script>\n<!-- \/ Yoast SEO plugin. -->","yoast_head_json":{"title":"HokaSpeedgoat 6 herren - Trail-Schuhe - MioMioRun.com","description":"Der Speedgoat 6 f\u00fcr Herren wurde geboren, um Trails zu dominieren, dank seiner Kombination aus bew\u00e4hrter HOKA-D\u00e4mpfung, aggressiver","robots":{"index":"index","follow":"follow","max-snippet":"max-snippet:-1","max-image-preview":"max-image-preview:large","max-video-preview":"max-video-preview:-1"},"canonical":"https:\/\/www.miomiorun.com\/de\/produkt\/speedgoat-6-herren\/","og_locale":"de_DE","og_type":"article","og_title":"HokaSpeedgoat 6 herren - Trail-Schuhe - MioMioRun.com","og_description":"Der Speedgoat 6 f\u00fcr Herren wurde geboren, um Trails zu dominieren, dank seiner Kombination aus bew\u00e4hrter HOKA-D\u00e4mpfung, aggressiver","og_url":"https:\/\/www.miomiorun.com\/de\/produkt\/speedgoat-6-herren\/","og_site_name":"MioMioRun","article_publisher":"https:\/\/www.facebook.com\/miomiorun\/","article_modified_time":"2025-11-20T14:14:01+00:00","og_image":[{"width":600,"height":600,"url":"https:\/\/www.miomiorun.com\/app\/uploads\/2025\/05\/hoka-Speedgoat-6-terra-cotta-mountain-fog-1147791-TTT.webp","type":"image\/webp"}],"twitter_card":"summary_large_image","twitter_misc":{"Est. reading time":"2 minutes"},"schema":{"@context":"https:\/\/schema.org","@graph":[{"@type":"WebPage","@id":"https:\/\/www.miomiorun.com\/de\/produkt\/speedgoat-6-herren\/","url":"https:\/\/www.miomiorun.com\/de\/produkt\/speedgoat-6-herren\/","name":"HokaSpeedgoat 6 herren - Trail-Schuhe - MioMioRun.com","isPartOf":{"@id":"https:\/\/www.miomiorun.com\/de\/#website"},"primaryImageOfPage":{"@id":"https:\/\/www.miomiorun.com\/de\/produkt\/speedgoat-6-herren\/#primaryimage"},"image":{"@id":"https:\/\/www.miomiorun.com\/de\/produkt\/speedgoat-6-herren\/#primaryimage"},"thumbnailUrl":"https:\/\/www.miomiorun.com\/app\/uploads\/2025\/05\/hoka-Speedgoat-6-terra-cotta-mountain-fog-1147791-TTT.webp","datePublished":"2024-06-01T08:27:17+00:00","dateModified":"2025-11-20T14:14:01+00:00","description":"Der Speedgoat 6 f\u00fcr Herren wurde geboren, um Trails zu dominieren, dank seiner Kombination aus bew\u00e4hrter HOKA-D\u00e4mpfung, aggressiver","breadcrumb":{"@id":"https:\/\/www.miomiorun.com\/de\/produkt\/speedgoat-6-herren\/#breadcrumb"},"inLanguage":"de-DE","potentialAction":[{"@type":"ReadAction","target":["https:\/\/www.miomiorun.com\/de\/produkt\/speedgoat-6-herren\/"]}]},{"@type":"ImageObject","inLanguage":"de-DE","@id":"https:\/\/www.miomiorun.com\/de\/produkt\/speedgoat-6-herren\/#primaryimage","url":"https:\/\/www.miomiorun.com\/app\/uploads\/2025\/05\/hoka-Speedgoat-6-terra-cotta-mountain-fog-1147791-TTT.webp","contentUrl":"https:\/\/www.miomiorun.com\/app\/uploads\/2025\/05\/hoka-Speedgoat-6-terra-cotta-mountain-fog-1147791-TTT.webp","width":600,"height":600,"caption":"hoka Speedgoat 6 terra cotta mountain fog 1147791 TTT"},{"@type":"BreadcrumbList","@id":"https:\/\/www.miomiorun.com\/de\/produkt\/speedgoat-6-herren\/#breadcrumb","itemListElement":[{"@type":"ListItem","position":1,"name":"Home","item":"https:\/\/www.miomiorun.com\/de\/"},{"@type":"ListItem","position":2,"name":"Shop","item":"https:\/\/www.miomiorun.com\/shop\/"},{"@type":"ListItem","position":3,"name":"Speedgoat 6 herren"}]},{"@type":"WebSite","@id":"https:\/\/www.miomiorun.com\/de\/#website","url":"https:\/\/www.miomiorun.com\/de\/","name":"MioMioRun","description":"100% Lauf- und Trailshop","publisher":{"@id":"https:\/\/www.miomiorun.com\/de\/#organization"},"potentialAction":[{"@type":"SearchAction","target":{"@type":"EntryPoint","urlTemplate":"https:\/\/www.miomiorun.com\/de\/?s={search_term_string}"},"query-input":{"@type":"PropertyValueSpecification","valueRequired":true,"valueName":"search_term_string"}}],"inLanguage":"de-DE"},{"@type":"Organization","@id":"https:\/\/www.miomiorun.com\/de\/#organization","name":"MioMio Run","url":"https:\/\/www.miomiorun.com\/de\/","logo":{"@type":"ImageObject","inLanguage":"de-DE","@id":"https:\/\/www.miomiorun.com\/de\/#\/schema\/logo\/image\/","url":"https:\/\/www.miomiorun.com\/app\/uploads\/2019\/12\/logomio.png","contentUrl":"https:\/\/www.miomiorun.com\/app\/uploads\/2019\/12\/logomio.png","width":115,"height":82,"caption":"MioMio Run"},"image":{"@id":"https:\/\/www.miomiorun.com\/de\/#\/schema\/logo\/image\/"},"sameAs":["https:\/\/www.facebook.com\/miomiorun\/","https:\/\/www.instagram.com\/miomiorun\/"]}]}},"_links":{"self":[{"href":"https:\/\/www.miomiorun.com\/de\/wp-json\/wp\/v2\/product\/177317","targetHints":{"allow":["GET"]}}],"collection":[{"href":"https:\/\/www.miomiorun.com\/de\/wp-json\/wp\/v2\/product"}],"about":[{"href":"https:\/\/www.miomiorun.com\/de\/wp-json\/wp\/v2\/types\/product"}],"wp:featuredmedia":[{"embeddable":true,"href":"https:\/\/www.miomiorun.com\/de\/wp-json\/wp\/v2\/media\/310476"}],"wp:attachment":[{"href":"https:\/\/www.miomiorun.com\/de\/wp-json\/wp\/v2\/media?parent=177317"}],"wp:term":[{"taxonomy":"product_brand","embeddable":true,"href":"https:\/\/www.miomiorun.com\/de\/wp-json\/wp\/v2\/product_brand?post=177317"},{"taxonomy":"product_cat","embeddable":true,"href":"https:\/\/www.miomiorun.com\/de\/wp-json\/wp\/v2\/product_cat?post=177317"},{"taxonomy":"product_tag","embeddable":true,"href":"https:\/\/www.miomiorun.com\/de\/wp-json\/wp\/v2\/product_tag?post=177317"}],"curies":[{"name":"wp","href":"https:\/\/api.w.org\/{rel}","templated":true}]}}