{"id":177297,"date":"2020-03-22T11:30:49","date_gmt":"2020-03-22T10:30:49","guid":{"rendered":"https:\/\/miomiorun.com\/prodotto\/cep-calf-sleeves-3-0-uomo\/"},"modified":"2024-06-06T11:00:11","modified_gmt":"2024-06-06T09:00:11","slug":"calf-sleeves-3-0-herren","status":"publish","type":"product","link":"https:\/\/www.miomiorun.com\/de\/produkt\/calf-sleeves-3-0-herren\/","title":{"rendered":"Calf Sleeves 3.0 herren"},"content":{"rendered":"<p>Die Cep <strong>Compression Calf Sleeves 3.0<\/strong> Boosters f\u00fcr M\u00e4nner bieten ein sportliches Kompressionsprofil vom Kn\u00f6chel bis zur Wade. Erh\u00f6hte Durchblutung mit stabilisierender Kompression an der Wade hilft, Schienbeinschmerzen zu lindern, Kr\u00e4mpfen vorzubeugen und M\u00fcdigkeit zu beseitigen. Erleben Sie die \u201egute Wirkung\u201c von CEP mit einer Beinkompressionsmanschette, die f\u00fcr maximalen Komfort und Leistung entwickelt wurde. Perfekt f\u00fcr Laufen, Crossfit, Fu\u00dfball, Basketball, Sport, Wandern und mehr.<\/p>\n<p><strong>Funktionen :<br \/>\n<\/strong><\/p>\n<ul>\n<li>20-30mmHg abgestufte Kompression<\/li>\n<li>HEIQ-Klimamanagement k\u00fchlt die Haut<\/li>\n<li>Erholt die Waden schneller als je zuvor<\/li>\n<li>Beschleunigter Milchs\u00e4ureabbau, Erholung w\u00e4hrend des Trainings<\/li>\n<li>\u00dcberlegene feuchtigkeitsabsorbierende Fasern halten die Haut k\u00fchl<\/li>\n<li>Lindert Schienbeinschmerzen, Wadenkr\u00e4mpfe und M\u00fcdigkeit<\/li>\n<\/ul>\n<p><strong>Kompressionsst\u00e4rke:<\/strong> 20-30 mmHg<\/p>\n<p><strong>Material:<\/strong> 80% Polyamid, 20% Elasthan<\/p>\n<p>&nbsp;<\/p>\n","protected":false},"excerpt":{"rendered":"<p><span style=\"font-weight: 400;\">Die Cep Compression Calf Sleeves 3.0 boosters f\u00fcr M\u00e4nner bieten ein sportliches Kompressionsprofil vom Kn\u00f6chel bis zur Wade.<\/span><\/p>\n","protected":false},"featured_media":51168,"template":"","meta":{"_acf_changed":false,"inline_featured_image":false},"product_brand":[],"product_cat":[6515,6540,6514],"product_tag":[3408,6212],"class_list":{"0":"post-177297","1":"product","2":"type-product","3":"status-publish","4":"has-post-thumbnail","6":"product_cat-herren-de","7":"product_cat-herrenbekleidung","8":"product_cat-socken","9":"product_tag-cep-de","10":"product_tag-cep-herren-de","11":"pa_attivita-running-de","12":"pa_attivita-trail-de","13":"pa_circonferenza-polpaccio-39-44-de","14":"pa_colore-calf-sleeves-3-0-m-black-dark-de","15":"pa_marca-cep-de","16":"pa_sesso-herren","18":"first","19":"instock","20":"sale","21":"taxable","22":"shipping-taxable","23":"purchasable","24":"product-type-variable","25":"wvs-archive-product-wrapper"},"acf":[],"yoast_head":"<!-- This site is optimized with the Yoast SEO plugin v26.8 - https:\/\/yoast.com\/product\/yoast-seo-wordpress\/ -->\n<title>cepCalf Sleeves 3.0 herren - Booster l\u00e4uft - MioMioRun.com<\/title>\n<meta name=\"robots\" content=\"index, follow, max-snippet:-1, max-image-preview:large, max-video-preview:-1\" \/>\n<link rel=\"canonical\" href=\"https:\/\/www.miomiorun.com\/de\/produkt\/calf-sleeves-3-0-herren\/\" \/>\n<meta property=\"og:locale\" content=\"de_DE\" \/>\n<meta property=\"og:type\" content=\"article\" \/>\n<meta property=\"og:title\" content=\"cepCalf Sleeves 3.0 herren - Booster l\u00e4uft - MioMioRun.com\" \/>\n<meta property=\"og:description\" content=\"Die Cep Compression Calf Sleeves 3.0 boosters f\u00fcr M\u00e4nner bieten ein sportliches Kompressionsprofil vom Kn\u00f6chel bis zur Wade.\" \/>\n<meta property=\"og:url\" content=\"https:\/\/www.miomiorun.com\/de\/produkt\/calf-sleeves-3-0-herren\/\" \/>\n<meta property=\"og:site_name\" content=\"MioMioRun\" \/>\n<meta property=\"article:publisher\" content=\"https:\/\/www.facebook.com\/miomiorun\/\" \/>\n<meta property=\"article:modified_time\" content=\"2024-06-06T09:00:11+00:00\" \/>\n<meta property=\"og:image\" content=\"https:\/\/www.miomiorun.com\/app\/uploads\/2020\/03\/Calf-sleeves-3.0-M-lime-light-grey.jpg\" \/>\n\t<meta property=\"og:image:width\" content=\"600\" \/>\n\t<meta property=\"og:image:height\" content=\"600\" \/>\n\t<meta property=\"og:image:type\" content=\"image\/jpeg\" \/>\n<meta name=\"twitter:card\" content=\"summary_large_image\" \/>\n<meta name=\"twitter:label1\" content=\"Est. reading time\" \/>\n\t<meta name=\"twitter:data1\" content=\"1 minute\" \/>\n<script type=\"application\/ld+json\" class=\"yoast-schema-graph\">{\"@context\":\"https:\/\/schema.org\",\"@graph\":[{\"@type\":\"WebPage\",\"@id\":\"https:\/\/www.miomiorun.com\/de\/produkt\/calf-sleeves-3-0-herren\/\",\"url\":\"https:\/\/www.miomiorun.com\/de\/produkt\/calf-sleeves-3-0-herren\/\",\"name\":\"cepCalf Sleeves 3.0 herren - Booster l\u00e4uft - MioMioRun.com\",\"isPartOf\":{\"@id\":\"https:\/\/www.miomiorun.com\/de\/#website\"},\"primaryImageOfPage\":{\"@id\":\"https:\/\/www.miomiorun.com\/de\/produkt\/calf-sleeves-3-0-herren\/#primaryimage\"},\"image\":{\"@id\":\"https:\/\/www.miomiorun.com\/de\/produkt\/calf-sleeves-3-0-herren\/#primaryimage\"},\"thumbnailUrl\":\"https:\/\/www.miomiorun.com\/app\/uploads\/2020\/03\/Calf-sleeves-3.0-M-lime-light-grey.jpg\",\"datePublished\":\"2020-03-22T10:30:49+00:00\",\"dateModified\":\"2024-06-06T09:00:11+00:00\",\"breadcrumb\":{\"@id\":\"https:\/\/www.miomiorun.com\/de\/produkt\/calf-sleeves-3-0-herren\/#breadcrumb\"},\"inLanguage\":\"de-DE\",\"potentialAction\":[{\"@type\":\"ReadAction\",\"target\":[\"https:\/\/www.miomiorun.com\/de\/produkt\/calf-sleeves-3-0-herren\/\"]}]},{\"@type\":\"ImageObject\",\"inLanguage\":\"de-DE\",\"@id\":\"https:\/\/www.miomiorun.com\/de\/produkt\/calf-sleeves-3-0-herren\/#primaryimage\",\"url\":\"https:\/\/www.miomiorun.com\/app\/uploads\/2020\/03\/Calf-sleeves-3.0-M-lime-light-grey.jpg\",\"contentUrl\":\"https:\/\/www.miomiorun.com\/app\/uploads\/2020\/03\/Calf-sleeves-3.0-M-lime-light-grey.jpg\",\"width\":600,\"height\":600,\"caption\":\"Calf-sleeves-3.0-M-lime-light-grey\"},{\"@type\":\"BreadcrumbList\",\"@id\":\"https:\/\/www.miomiorun.com\/de\/produkt\/calf-sleeves-3-0-herren\/#breadcrumb\",\"itemListElement\":[{\"@type\":\"ListItem\",\"position\":1,\"name\":\"Home\",\"item\":\"https:\/\/www.miomiorun.com\/de\/\"},{\"@type\":\"ListItem\",\"position\":2,\"name\":\"Shop\",\"item\":\"https:\/\/www.miomiorun.com\/shop\/\"},{\"@type\":\"ListItem\",\"position\":3,\"name\":\"Calf Sleeves 3.0 herren\"}]},{\"@type\":\"WebSite\",\"@id\":\"https:\/\/www.miomiorun.com\/de\/#website\",\"url\":\"https:\/\/www.miomiorun.com\/de\/\",\"name\":\"MioMioRun\",\"description\":\"100% Lauf- und Trailshop\",\"publisher\":{\"@id\":\"https:\/\/www.miomiorun.com\/de\/#organization\"},\"potentialAction\":[{\"@type\":\"SearchAction\",\"target\":{\"@type\":\"EntryPoint\",\"urlTemplate\":\"https:\/\/www.miomiorun.com\/de\/?s={search_term_string}\"},\"query-input\":{\"@type\":\"PropertyValueSpecification\",\"valueRequired\":true,\"valueName\":\"search_term_string\"}}],\"inLanguage\":\"de-DE\"},{\"@type\":\"Organization\",\"@id\":\"https:\/\/www.miomiorun.com\/de\/#organization\",\"name\":\"MioMio Run\",\"url\":\"https:\/\/www.miomiorun.com\/de\/\",\"logo\":{\"@type\":\"ImageObject\",\"inLanguage\":\"de-DE\",\"@id\":\"https:\/\/www.miomiorun.com\/de\/#\/schema\/logo\/image\/\",\"url\":\"https:\/\/www.miomiorun.com\/app\/uploads\/2019\/12\/logomio.png\",\"contentUrl\":\"https:\/\/www.miomiorun.com\/app\/uploads\/2019\/12\/logomio.png\",\"width\":115,\"height\":82,\"caption\":\"MioMio Run\"},\"image\":{\"@id\":\"https:\/\/www.miomiorun.com\/de\/#\/schema\/logo\/image\/\"},\"sameAs\":[\"https:\/\/www.facebook.com\/miomiorun\/\",\"https:\/\/www.instagram.com\/miomiorun\/\"]}]}<\/script>\n<!-- \/ Yoast SEO plugin. -->","yoast_head_json":{"title":"cepCalf Sleeves 3.0 herren - Booster l\u00e4uft - MioMioRun.com","robots":{"index":"index","follow":"follow","max-snippet":"max-snippet:-1","max-image-preview":"max-image-preview:large","max-video-preview":"max-video-preview:-1"},"canonical":"https:\/\/www.miomiorun.com\/de\/produkt\/calf-sleeves-3-0-herren\/","og_locale":"de_DE","og_type":"article","og_title":"cepCalf Sleeves 3.0 herren - Booster l\u00e4uft - MioMioRun.com","og_description":"Die Cep Compression Calf Sleeves 3.0 boosters f\u00fcr M\u00e4nner bieten ein sportliches Kompressionsprofil vom Kn\u00f6chel bis zur Wade.","og_url":"https:\/\/www.miomiorun.com\/de\/produkt\/calf-sleeves-3-0-herren\/","og_site_name":"MioMioRun","article_publisher":"https:\/\/www.facebook.com\/miomiorun\/","article_modified_time":"2024-06-06T09:00:11+00:00","og_image":[{"width":600,"height":600,"url":"https:\/\/www.miomiorun.com\/app\/uploads\/2020\/03\/Calf-sleeves-3.0-M-lime-light-grey.jpg","type":"image\/jpeg"}],"twitter_card":"summary_large_image","twitter_misc":{"Est. reading time":"1 minute"},"schema":{"@context":"https:\/\/schema.org","@graph":[{"@type":"WebPage","@id":"https:\/\/www.miomiorun.com\/de\/produkt\/calf-sleeves-3-0-herren\/","url":"https:\/\/www.miomiorun.com\/de\/produkt\/calf-sleeves-3-0-herren\/","name":"cepCalf Sleeves 3.0 herren - Booster l\u00e4uft - MioMioRun.com","isPartOf":{"@id":"https:\/\/www.miomiorun.com\/de\/#website"},"primaryImageOfPage":{"@id":"https:\/\/www.miomiorun.com\/de\/produkt\/calf-sleeves-3-0-herren\/#primaryimage"},"image":{"@id":"https:\/\/www.miomiorun.com\/de\/produkt\/calf-sleeves-3-0-herren\/#primaryimage"},"thumbnailUrl":"https:\/\/www.miomiorun.com\/app\/uploads\/2020\/03\/Calf-sleeves-3.0-M-lime-light-grey.jpg","datePublished":"2020-03-22T10:30:49+00:00","dateModified":"2024-06-06T09:00:11+00:00","breadcrumb":{"@id":"https:\/\/www.miomiorun.com\/de\/produkt\/calf-sleeves-3-0-herren\/#breadcrumb"},"inLanguage":"de-DE","potentialAction":[{"@type":"ReadAction","target":["https:\/\/www.miomiorun.com\/de\/produkt\/calf-sleeves-3-0-herren\/"]}]},{"@type":"ImageObject","inLanguage":"de-DE","@id":"https:\/\/www.miomiorun.com\/de\/produkt\/calf-sleeves-3-0-herren\/#primaryimage","url":"https:\/\/www.miomiorun.com\/app\/uploads\/2020\/03\/Calf-sleeves-3.0-M-lime-light-grey.jpg","contentUrl":"https:\/\/www.miomiorun.com\/app\/uploads\/2020\/03\/Calf-sleeves-3.0-M-lime-light-grey.jpg","width":600,"height":600,"caption":"Calf-sleeves-3.0-M-lime-light-grey"},{"@type":"BreadcrumbList","@id":"https:\/\/www.miomiorun.com\/de\/produkt\/calf-sleeves-3-0-herren\/#breadcrumb","itemListElement":[{"@type":"ListItem","position":1,"name":"Home","item":"https:\/\/www.miomiorun.com\/de\/"},{"@type":"ListItem","position":2,"name":"Shop","item":"https:\/\/www.miomiorun.com\/shop\/"},{"@type":"ListItem","position":3,"name":"Calf Sleeves 3.0 herren"}]},{"@type":"WebSite","@id":"https:\/\/www.miomiorun.com\/de\/#website","url":"https:\/\/www.miomiorun.com\/de\/","name":"MioMioRun","description":"100% Lauf- und Trailshop","publisher":{"@id":"https:\/\/www.miomiorun.com\/de\/#organization"},"potentialAction":[{"@type":"SearchAction","target":{"@type":"EntryPoint","urlTemplate":"https:\/\/www.miomiorun.com\/de\/?s={search_term_string}"},"query-input":{"@type":"PropertyValueSpecification","valueRequired":true,"valueName":"search_term_string"}}],"inLanguage":"de-DE"},{"@type":"Organization","@id":"https:\/\/www.miomiorun.com\/de\/#organization","name":"MioMio Run","url":"https:\/\/www.miomiorun.com\/de\/","logo":{"@type":"ImageObject","inLanguage":"de-DE","@id":"https:\/\/www.miomiorun.com\/de\/#\/schema\/logo\/image\/","url":"https:\/\/www.miomiorun.com\/app\/uploads\/2019\/12\/logomio.png","contentUrl":"https:\/\/www.miomiorun.com\/app\/uploads\/2019\/12\/logomio.png","width":115,"height":82,"caption":"MioMio Run"},"image":{"@id":"https:\/\/www.miomiorun.com\/de\/#\/schema\/logo\/image\/"},"sameAs":["https:\/\/www.facebook.com\/miomiorun\/","https:\/\/www.instagram.com\/miomiorun\/"]}]}},"_links":{"self":[{"href":"https:\/\/www.miomiorun.com\/de\/wp-json\/wp\/v2\/product\/177297","targetHints":{"allow":["GET"]}}],"collection":[{"href":"https:\/\/www.miomiorun.com\/de\/wp-json\/wp\/v2\/product"}],"about":[{"href":"https:\/\/www.miomiorun.com\/de\/wp-json\/wp\/v2\/types\/product"}],"wp:featuredmedia":[{"embeddable":true,"href":"https:\/\/www.miomiorun.com\/de\/wp-json\/wp\/v2\/media\/51168"}],"wp:attachment":[{"href":"https:\/\/www.miomiorun.com\/de\/wp-json\/wp\/v2\/media?parent=177297"}],"wp:term":[{"taxonomy":"product_brand","embeddable":true,"href":"https:\/\/www.miomiorun.com\/de\/wp-json\/wp\/v2\/product_brand?post=177297"},{"taxonomy":"product_cat","embeddable":true,"href":"https:\/\/www.miomiorun.com\/de\/wp-json\/wp\/v2\/product_cat?post=177297"},{"taxonomy":"product_tag","embeddable":true,"href":"https:\/\/www.miomiorun.com\/de\/wp-json\/wp\/v2\/product_tag?post=177297"}],"curies":[{"name":"wp","href":"https:\/\/api.w.org\/{rel}","templated":true}]}}