{"id":177295,"date":"2020-03-23T10:21:17","date_gmt":"2020-03-23T09:21:17","guid":{"rendered":"https:\/\/miomiorun.com\/prodotto\/cep-ultralight-calf-sleeves-uomo\/"},"modified":"2024-06-06T11:14:35","modified_gmt":"2024-06-06T09:14:35","slug":"ultralight-calf-sleeves-herren","status":"publish","type":"product","link":"https:\/\/www.miomiorun.com\/de\/produkt\/ultralight-calf-sleeves-herren\/","title":{"rendered":"Ultralight Calf Sleeves herren"},"content":{"rendered":"<p>Laufen und sich wohlf\u00fchlen: W\u00e4hlen Sie die Ultralight <strong>Calf Sleeves<\/strong> f\u00fcr M\u00e4nner und laufen Sie zu H\u00f6chstleistungen auf! Die Wadenstr\u00fcmpfe sind auch bei sommerlichen Temperaturen ideal, da sie aus ultraleichtem und extrem d\u00fcnnem Material mit hoher Atmungsaktivit\u00e4t gefertigt sind. Die Vorteile der Kompression werden mit einem hervorragenden Tragekomfort an hei\u00dfen Tagen kombiniert.<\/p>\n<p><strong>Verbesserte Blutzirkulation f\u00fcr mehr Muskelleistung<\/strong><\/p>\n<p>Die medi compression der Ultralight Calf Sleeves f\u00fcr M\u00e4nner verbessert die Durchblutung der Muskulatur. N\u00e4hrstoffe gelangen schneller in den Muskel und f\u00f6rdern den Abbau von Milchs\u00e4ure. So k\u00f6nnen Sie Ihre Schnelligkeit und Ausdauer optimal ausnutzen und genie\u00dfen einen deutlichen Vorteil, wenn Sie ihn brauchen.<\/p>\n<p>&nbsp;<\/p>\n<p><strong>Reduzierte Muskelvibrationen f\u00fcr eine effektive Energieentwicklung<\/strong><\/p>\n<p>Effektivit\u00e4t bedeutet den gezielten Einsatz von Energie. Die Ultralight Calf Sleeves f\u00fcr M\u00e4nner d\u00e4mpfen unerw\u00fcnschte Wadenvibrationen und verleihen Ihrer Bewegung mehr Kraft. Neben der Leistungssteigerung sorgen die Calf Sleeves f\u00fcr ein angenehmes Gef\u00fchl und steigern so Ihre Motivation.<\/p>\n<p><strong>Laufen und Wohlf\u00fchlen bei hohen Temperaturen<\/strong><\/p>\n<p>Das Material der Leggings bietet alles, was Sie an hei\u00dfen Sommertagen brauchen. Es ist extrem leicht, d\u00fcnn und atmungsaktiv. Gleichzeitig bietet es die n\u00f6tige Stabilit\u00e4t, dank Smart-Carbon-Technologie mit eingearbeiteten Carbonfasern.<\/p>\n<p>Profitieren Sie von der aktivierenden Wirkung der Ultralight Calf Sleeves f\u00fcr Herren, um bei sommerlichen Temperaturen Ihre H\u00f6chstleistung zu erreichen!<\/p>\n<p>&nbsp;<\/p>\n<p><strong>Produktmerkmale:<\/strong><\/p>\n<ul>\n<li>Die medi compression der Ultralight Calf Sleeves verbessert die Versorgung der Muskulatur mit N\u00e4hrstoffen. Das Ergebnis: Wohlf\u00fchleffekt und h\u00f6here Leistung.<\/li>\n<li>Die Kompressionswirkung reduziert Muskelvibrationen, die Energie entziehen. Sie werden sich st\u00e4rker f\u00fchlen und ein angenehmes Gef\u00fchl beim Laufen haben.<\/li>\n<li>Die Leggings stimulieren die Wadenmuskulatur in der Tiefe und stabilisieren sie, um beim Training oder bei Wettk\u00e4mpfen die beste Leistung zu erbringen.<\/li>\n<li>Umschlie\u00dft Ihre Muskeln mit einer mehr als 300-fachen abgestuften Kompression<\/li>\n<li>25% weniger Volumen als CEP 2.0 Wadenstr\u00fcmpfe<\/li>\n<li>Das hohe Halo-Band h\u00e4lt die Wadenstr\u00fcmpfe unterhalb des Knies in Position<\/li>\n<li>Ultraleichtes Design und hydrophobe Materialien verbessern die Atmungsaktivit\u00e4t<\/li>\n<li>Abgestufte Kompression 20-30 mmHg<\/li>\n<li>Pflegeleichte Eigenschaften: maschinenwaschbar und trocken<\/li>\n<\/ul>\n<p><strong>Materialien:<\/strong> 77 % Polyamid, 23 % Elastan<\/p>\n<p>&nbsp;<\/p>\n<p>&nbsp;<\/p>\n","protected":false},"excerpt":{"rendered":"<p><span style=\"font-weight: 400;\">Diese Kompressionsverst\u00e4rker bieten eine hervorragende Atmungsaktivit\u00e4t und helfen, die Leistung zu verbessern und Verletzungen vorzubeugen.<\/span><\/p>\n","protected":false},"featured_media":51184,"template":"","meta":{"_acf_changed":false,"inline_featured_image":false},"product_brand":[],"product_cat":[6515,6540,6514],"product_tag":[3408,6212],"class_list":{"0":"post-177295","1":"product","2":"type-product","3":"status-publish","4":"has-post-thumbnail","6":"product_cat-herren-de","7":"product_cat-herrenbekleidung","8":"product_cat-socken","9":"product_tag-cep-de","10":"product_tag-cep-herren-de","11":"pa_attivita-running-de","12":"pa_attivita-trail-de","13":"pa_circonferenza-polpaccio-32-38-de","14":"pa_circonferenza-polpaccio-39-44-de","15":"pa_circonferenza-polpaccio-45-51-de-2","16":"pa_colore-sleeves-ultalight-m-grey-de","17":"pa_colore-sleeves-ultralight-lava-grey-de","18":"pa_colore-sleeves-ultralight-m-black-de","19":"pa_colore-sleeves-ultralight-m-blu-de","20":"pa_colore-ultralight-calf-sleeve-m-white-green-de","21":"pa_colore-ultralight-calf-sleeves-m-black-grey-de","22":"pa_colore-ultralight-calf-sleeves-m-blu-green-de","23":"pa_marca-cep-de","24":"pa_sesso-herren","26":"first","27":"instock","28":"sale","29":"taxable","30":"shipping-taxable","31":"purchasable","32":"product-type-variable","33":"wvs-archive-product-wrapper"},"acf":[],"yoast_head":"<!-- This site is optimized with the Yoast SEO plugin v26.8 - https:\/\/yoast.com\/product\/yoast-seo-wordpress\/ -->\n<title>CepUltralight Calf Sleeves herren - Booster l\u00e4uftMioMioRun.com<\/title>\n<meta name=\"description\" content=\"Diese Kompressionsverst\u00e4rker bieten eine hervorragende Atmungsaktivit\u00e4t, verbessern die Leistung und beugen Verletzungen vor.\" \/>\n<meta name=\"robots\" content=\"index, follow, max-snippet:-1, max-image-preview:large, max-video-preview:-1\" \/>\n<link rel=\"canonical\" href=\"https:\/\/www.miomiorun.com\/de\/produkt\/ultralight-calf-sleeves-herren\/\" \/>\n<meta property=\"og:locale\" content=\"de_DE\" \/>\n<meta property=\"og:type\" content=\"article\" \/>\n<meta property=\"og:title\" content=\"CepUltralight Calf Sleeves herren - Booster l\u00e4uftMioMioRun.com\" \/>\n<meta property=\"og:description\" content=\"Diese Kompressionsverst\u00e4rker bieten eine hervorragende Atmungsaktivit\u00e4t, verbessern die Leistung und beugen Verletzungen vor.\" \/>\n<meta property=\"og:url\" content=\"https:\/\/www.miomiorun.com\/de\/produkt\/ultralight-calf-sleeves-herren\/\" \/>\n<meta property=\"og:site_name\" content=\"MioMioRun\" \/>\n<meta property=\"article:publisher\" content=\"https:\/\/www.facebook.com\/miomiorun\/\" \/>\n<meta property=\"article:modified_time\" content=\"2024-06-06T09:14:35+00:00\" \/>\n<meta property=\"og:image\" content=\"https:\/\/www.miomiorun.com\/app\/uploads\/2020\/03\/Ultralight-calf-sleeves-M-black-grey.jpg\" \/>\n\t<meta property=\"og:image:width\" content=\"600\" \/>\n\t<meta property=\"og:image:height\" content=\"600\" \/>\n\t<meta property=\"og:image:type\" content=\"image\/jpeg\" \/>\n<meta name=\"twitter:card\" content=\"summary_large_image\" \/>\n<meta name=\"twitter:label1\" content=\"Est. reading time\" \/>\n\t<meta name=\"twitter:data1\" content=\"2 minutes\" \/>\n<script type=\"application\/ld+json\" class=\"yoast-schema-graph\">{\"@context\":\"https:\/\/schema.org\",\"@graph\":[{\"@type\":\"WebPage\",\"@id\":\"https:\/\/www.miomiorun.com\/de\/produkt\/ultralight-calf-sleeves-herren\/\",\"url\":\"https:\/\/www.miomiorun.com\/de\/produkt\/ultralight-calf-sleeves-herren\/\",\"name\":\"CepUltralight Calf Sleeves herren - Booster l\u00e4uftMioMioRun.com\",\"isPartOf\":{\"@id\":\"https:\/\/www.miomiorun.com\/de\/#website\"},\"primaryImageOfPage\":{\"@id\":\"https:\/\/www.miomiorun.com\/de\/produkt\/ultralight-calf-sleeves-herren\/#primaryimage\"},\"image\":{\"@id\":\"https:\/\/www.miomiorun.com\/de\/produkt\/ultralight-calf-sleeves-herren\/#primaryimage\"},\"thumbnailUrl\":\"https:\/\/www.miomiorun.com\/app\/uploads\/2020\/03\/Ultralight-calf-sleeves-M-black-grey.jpg\",\"datePublished\":\"2020-03-23T09:21:17+00:00\",\"dateModified\":\"2024-06-06T09:14:35+00:00\",\"description\":\"Diese Kompressionsverst\u00e4rker bieten eine hervorragende Atmungsaktivit\u00e4t, verbessern die Leistung und beugen Verletzungen vor.\",\"breadcrumb\":{\"@id\":\"https:\/\/www.miomiorun.com\/de\/produkt\/ultralight-calf-sleeves-herren\/#breadcrumb\"},\"inLanguage\":\"de-DE\",\"potentialAction\":[{\"@type\":\"ReadAction\",\"target\":[\"https:\/\/www.miomiorun.com\/de\/produkt\/ultralight-calf-sleeves-herren\/\"]}]},{\"@type\":\"ImageObject\",\"inLanguage\":\"de-DE\",\"@id\":\"https:\/\/www.miomiorun.com\/de\/produkt\/ultralight-calf-sleeves-herren\/#primaryimage\",\"url\":\"https:\/\/www.miomiorun.com\/app\/uploads\/2020\/03\/Ultralight-calf-sleeves-M-black-grey.jpg\",\"contentUrl\":\"https:\/\/www.miomiorun.com\/app\/uploads\/2020\/03\/Ultralight-calf-sleeves-M-black-grey.jpg\",\"width\":600,\"height\":600,\"caption\":\"Ultralight-calf-sleeves-M-black-grey\"},{\"@type\":\"BreadcrumbList\",\"@id\":\"https:\/\/www.miomiorun.com\/de\/produkt\/ultralight-calf-sleeves-herren\/#breadcrumb\",\"itemListElement\":[{\"@type\":\"ListItem\",\"position\":1,\"name\":\"Home\",\"item\":\"https:\/\/www.miomiorun.com\/de\/\"},{\"@type\":\"ListItem\",\"position\":2,\"name\":\"Shop\",\"item\":\"https:\/\/www.miomiorun.com\/shop\/\"},{\"@type\":\"ListItem\",\"position\":3,\"name\":\"Ultralight Calf Sleeves herren\"}]},{\"@type\":\"WebSite\",\"@id\":\"https:\/\/www.miomiorun.com\/de\/#website\",\"url\":\"https:\/\/www.miomiorun.com\/de\/\",\"name\":\"MioMioRun\",\"description\":\"100% Lauf- und Trailshop\",\"publisher\":{\"@id\":\"https:\/\/www.miomiorun.com\/de\/#organization\"},\"potentialAction\":[{\"@type\":\"SearchAction\",\"target\":{\"@type\":\"EntryPoint\",\"urlTemplate\":\"https:\/\/www.miomiorun.com\/de\/?s={search_term_string}\"},\"query-input\":{\"@type\":\"PropertyValueSpecification\",\"valueRequired\":true,\"valueName\":\"search_term_string\"}}],\"inLanguage\":\"de-DE\"},{\"@type\":\"Organization\",\"@id\":\"https:\/\/www.miomiorun.com\/de\/#organization\",\"name\":\"MioMio Run\",\"url\":\"https:\/\/www.miomiorun.com\/de\/\",\"logo\":{\"@type\":\"ImageObject\",\"inLanguage\":\"de-DE\",\"@id\":\"https:\/\/www.miomiorun.com\/de\/#\/schema\/logo\/image\/\",\"url\":\"https:\/\/www.miomiorun.com\/app\/uploads\/2019\/12\/logomio.png\",\"contentUrl\":\"https:\/\/www.miomiorun.com\/app\/uploads\/2019\/12\/logomio.png\",\"width\":115,\"height\":82,\"caption\":\"MioMio Run\"},\"image\":{\"@id\":\"https:\/\/www.miomiorun.com\/de\/#\/schema\/logo\/image\/\"},\"sameAs\":[\"https:\/\/www.facebook.com\/miomiorun\/\",\"https:\/\/www.instagram.com\/miomiorun\/\"]}]}<\/script>\n<!-- \/ Yoast SEO plugin. -->","yoast_head_json":{"title":"CepUltralight Calf Sleeves herren - Booster l\u00e4uftMioMioRun.com","description":"Diese Kompressionsverst\u00e4rker bieten eine hervorragende Atmungsaktivit\u00e4t, verbessern die Leistung und beugen Verletzungen vor.","robots":{"index":"index","follow":"follow","max-snippet":"max-snippet:-1","max-image-preview":"max-image-preview:large","max-video-preview":"max-video-preview:-1"},"canonical":"https:\/\/www.miomiorun.com\/de\/produkt\/ultralight-calf-sleeves-herren\/","og_locale":"de_DE","og_type":"article","og_title":"CepUltralight Calf Sleeves herren - Booster l\u00e4uftMioMioRun.com","og_description":"Diese Kompressionsverst\u00e4rker bieten eine hervorragende Atmungsaktivit\u00e4t, verbessern die Leistung und beugen Verletzungen vor.","og_url":"https:\/\/www.miomiorun.com\/de\/produkt\/ultralight-calf-sleeves-herren\/","og_site_name":"MioMioRun","article_publisher":"https:\/\/www.facebook.com\/miomiorun\/","article_modified_time":"2024-06-06T09:14:35+00:00","og_image":[{"width":600,"height":600,"url":"https:\/\/www.miomiorun.com\/app\/uploads\/2020\/03\/Ultralight-calf-sleeves-M-black-grey.jpg","type":"image\/jpeg"}],"twitter_card":"summary_large_image","twitter_misc":{"Est. reading time":"2 minutes"},"schema":{"@context":"https:\/\/schema.org","@graph":[{"@type":"WebPage","@id":"https:\/\/www.miomiorun.com\/de\/produkt\/ultralight-calf-sleeves-herren\/","url":"https:\/\/www.miomiorun.com\/de\/produkt\/ultralight-calf-sleeves-herren\/","name":"CepUltralight Calf Sleeves herren - Booster l\u00e4uftMioMioRun.com","isPartOf":{"@id":"https:\/\/www.miomiorun.com\/de\/#website"},"primaryImageOfPage":{"@id":"https:\/\/www.miomiorun.com\/de\/produkt\/ultralight-calf-sleeves-herren\/#primaryimage"},"image":{"@id":"https:\/\/www.miomiorun.com\/de\/produkt\/ultralight-calf-sleeves-herren\/#primaryimage"},"thumbnailUrl":"https:\/\/www.miomiorun.com\/app\/uploads\/2020\/03\/Ultralight-calf-sleeves-M-black-grey.jpg","datePublished":"2020-03-23T09:21:17+00:00","dateModified":"2024-06-06T09:14:35+00:00","description":"Diese Kompressionsverst\u00e4rker bieten eine hervorragende Atmungsaktivit\u00e4t, verbessern die Leistung und beugen Verletzungen vor.","breadcrumb":{"@id":"https:\/\/www.miomiorun.com\/de\/produkt\/ultralight-calf-sleeves-herren\/#breadcrumb"},"inLanguage":"de-DE","potentialAction":[{"@type":"ReadAction","target":["https:\/\/www.miomiorun.com\/de\/produkt\/ultralight-calf-sleeves-herren\/"]}]},{"@type":"ImageObject","inLanguage":"de-DE","@id":"https:\/\/www.miomiorun.com\/de\/produkt\/ultralight-calf-sleeves-herren\/#primaryimage","url":"https:\/\/www.miomiorun.com\/app\/uploads\/2020\/03\/Ultralight-calf-sleeves-M-black-grey.jpg","contentUrl":"https:\/\/www.miomiorun.com\/app\/uploads\/2020\/03\/Ultralight-calf-sleeves-M-black-grey.jpg","width":600,"height":600,"caption":"Ultralight-calf-sleeves-M-black-grey"},{"@type":"BreadcrumbList","@id":"https:\/\/www.miomiorun.com\/de\/produkt\/ultralight-calf-sleeves-herren\/#breadcrumb","itemListElement":[{"@type":"ListItem","position":1,"name":"Home","item":"https:\/\/www.miomiorun.com\/de\/"},{"@type":"ListItem","position":2,"name":"Shop","item":"https:\/\/www.miomiorun.com\/shop\/"},{"@type":"ListItem","position":3,"name":"Ultralight Calf Sleeves herren"}]},{"@type":"WebSite","@id":"https:\/\/www.miomiorun.com\/de\/#website","url":"https:\/\/www.miomiorun.com\/de\/","name":"MioMioRun","description":"100% Lauf- und Trailshop","publisher":{"@id":"https:\/\/www.miomiorun.com\/de\/#organization"},"potentialAction":[{"@type":"SearchAction","target":{"@type":"EntryPoint","urlTemplate":"https:\/\/www.miomiorun.com\/de\/?s={search_term_string}"},"query-input":{"@type":"PropertyValueSpecification","valueRequired":true,"valueName":"search_term_string"}}],"inLanguage":"de-DE"},{"@type":"Organization","@id":"https:\/\/www.miomiorun.com\/de\/#organization","name":"MioMio Run","url":"https:\/\/www.miomiorun.com\/de\/","logo":{"@type":"ImageObject","inLanguage":"de-DE","@id":"https:\/\/www.miomiorun.com\/de\/#\/schema\/logo\/image\/","url":"https:\/\/www.miomiorun.com\/app\/uploads\/2019\/12\/logomio.png","contentUrl":"https:\/\/www.miomiorun.com\/app\/uploads\/2019\/12\/logomio.png","width":115,"height":82,"caption":"MioMio Run"},"image":{"@id":"https:\/\/www.miomiorun.com\/de\/#\/schema\/logo\/image\/"},"sameAs":["https:\/\/www.facebook.com\/miomiorun\/","https:\/\/www.instagram.com\/miomiorun\/"]}]}},"_links":{"self":[{"href":"https:\/\/www.miomiorun.com\/de\/wp-json\/wp\/v2\/product\/177295","targetHints":{"allow":["GET"]}}],"collection":[{"href":"https:\/\/www.miomiorun.com\/de\/wp-json\/wp\/v2\/product"}],"about":[{"href":"https:\/\/www.miomiorun.com\/de\/wp-json\/wp\/v2\/types\/product"}],"wp:featuredmedia":[{"embeddable":true,"href":"https:\/\/www.miomiorun.com\/de\/wp-json\/wp\/v2\/media\/51184"}],"wp:attachment":[{"href":"https:\/\/www.miomiorun.com\/de\/wp-json\/wp\/v2\/media?parent=177295"}],"wp:term":[{"taxonomy":"product_brand","embeddable":true,"href":"https:\/\/www.miomiorun.com\/de\/wp-json\/wp\/v2\/product_brand?post=177295"},{"taxonomy":"product_cat","embeddable":true,"href":"https:\/\/www.miomiorun.com\/de\/wp-json\/wp\/v2\/product_cat?post=177295"},{"taxonomy":"product_tag","embeddable":true,"href":"https:\/\/www.miomiorun.com\/de\/wp-json\/wp\/v2\/product_tag?post=177295"}],"curies":[{"name":"wp","href":"https:\/\/api.w.org\/{rel}","templated":true}]}}