{"id":177285,"date":"2020-10-27T18:57:06","date_gmt":"2020-10-27T17:57:06","guid":{"rendered":"https:\/\/miomiorun.com\/prodotto\/cep-no-show-socks-3-0-uomo\/"},"modified":"2026-05-08T20:47:46","modified_gmt":"2026-05-08T18:47:46","slug":"no-show-socks-3-0-herren","status":"publish","type":"product","link":"https:\/\/www.miomiorun.com\/de\/produkt\/no-show-socks-3-0-herren\/","title":{"rendered":"No Show Socks 3.0 herren"},"content":{"rendered":"<p>Die CEP Compression<strong> No Show Socks 3.0<\/strong> f\u00fcr M\u00e4nner bieten \u00fcberragenden Komfort, den Sie kaum sehen werden. Unsere bew\u00e4hrte Materialmischung hilft, Blasen zu verhindern, indem sie eine perfekte Passform bietet. Unsere No-Show-Kompressionssocken f\u00fcr L\u00e4ufer bieten eine eng anliegende, nahtlose Passform, die konsequent auf Komfort und Leistung ausgelegt ist. Integriert in unsere erstklassigen feuchtigkeitsableitenden Fasern werden Sie keine bessere Kompressionssocke finden.<\/p>\n<p><strong>Eigenschaften:<\/strong><\/p>\n<ul>\n<li>Gezielte Kompression zur Linderung von Schwellungen und Schmerzen<\/li>\n<li>Leistungsstarke Polsterung entlang des Fu\u00dfbetts verhindert Blasenbildung<\/li>\n<li>HEIQ-Klimamanagement k\u00fchlt die Haut w\u00e4hrend der Aktivit\u00e4t<\/li>\n<li>Keine sichtbare H\u00f6he mit Fersenlasche f\u00fcr einen rutschfesten Sitz<\/li>\n<li>Atmungsaktive Garne sind robust und langlebig<\/li>\n<li>Kompression am Fu\u00df zur Linderung von Plantarfasziitis<\/li>\n<\/ul>\n<p><strong>Material:<\/strong> 90% Polyamid, 10% Elastan<\/p>\n","protected":false},"excerpt":{"rendered":"<p>Die CEP Compression No Show Socks 3.0 f\u00fcr M\u00e4nner bieten \u00fcberragenden Komfort, den Sie kaum sehen werden. Unsere bew\u00e4hrte Materialmischung hilft, Blasen zu verhindern, indem sie eine perfekte Passform bietet. Unsere No-Show-Kompressionssocken f\u00fcr L\u00e4ufer bieten eine eng anliegende, nahtlose Passform, die konsequent auf Komfort und Leistung ausgelegt ist. Integriert in unsere erstklassigen feuchtigkeitsableitenden Fasern werden &hellip; <a href=\"https:\/\/www.miomiorun.com\/de\/produkt\/no-show-socks-3-0-herren\/\">Continued<\/a><\/p>\n","protected":false},"featured_media":53552,"template":"","meta":{"_acf_changed":false,"inline_featured_image":false},"product_brand":[],"product_cat":[6515,6540,6514],"product_tag":[3408,6212],"class_list":{"0":"post-177285","1":"product","2":"type-product","3":"status-publish","4":"has-post-thumbnail","6":"product_cat-herren-de","7":"product_cat-herrenbekleidung","8":"product_cat-socken","9":"product_tag-cep-de","10":"product_tag-cep-herren-de","11":"pa_attivita-fitness-de","12":"pa_attivita-gehen","13":"pa_attivita-running-de","14":"pa_colore-no-show-compression-socks-3-0-m-lime-light-grey-de","15":"pa_marca-cep-de","16":"pa_sesso-herren","17":"pa_size-45-48-de","19":"first","20":"instock","21":"sale","22":"taxable","23":"shipping-taxable","24":"purchasable","25":"product-type-variable","26":"wvs-archive-product-wrapper"},"acf":[],"yoast_head":"<!-- This site is optimized with the Yoast SEO plugin v26.8 - https:\/\/yoast.com\/product\/yoast-seo-wordpress\/ -->\n<title>Cep No Show Socks 3.0 herren - Laufende Socken - MioMioRun<\/title>\n<meta name=\"description\" content=\"Die CEP Compression No Show Socks 3.0 f\u00fcr M\u00e4nner bieten h\u00f6chsten Komfort. Die Mischung der Materialien hilft, Blasen zu verhindern\" \/>\n<meta name=\"robots\" content=\"index, follow, max-snippet:-1, max-image-preview:large, max-video-preview:-1\" \/>\n<link rel=\"canonical\" href=\"https:\/\/www.miomiorun.com\/de\/produkt\/no-show-socks-3-0-herren\/\" \/>\n<meta property=\"og:locale\" content=\"de_DE\" \/>\n<meta property=\"og:type\" content=\"article\" \/>\n<meta property=\"og:title\" content=\"Cep No Show Socks 3.0 herren - Laufende Socken - MioMioRun\" \/>\n<meta property=\"og:description\" content=\"Die CEP Compression No Show Socks 3.0 f\u00fcr M\u00e4nner bieten h\u00f6chsten Komfort. Die Mischung der Materialien hilft, Blasen zu verhindern\" \/>\n<meta property=\"og:url\" content=\"https:\/\/www.miomiorun.com\/de\/produkt\/no-show-socks-3-0-herren\/\" \/>\n<meta property=\"og:site_name\" content=\"MioMioRun\" \/>\n<meta property=\"article:publisher\" content=\"https:\/\/www.facebook.com\/miomiorun\/\" \/>\n<meta property=\"article:modified_time\" content=\"2026-05-08T18:47:46+00:00\" \/>\n<meta property=\"og:image\" content=\"https:\/\/www.miomiorun.com\/app\/uploads\/2020\/10\/cep-No-Show-Compression-Socks-3.0-WP56EX.jpg\" \/>\n\t<meta property=\"og:image:width\" content=\"600\" \/>\n\t<meta property=\"og:image:height\" content=\"600\" \/>\n\t<meta property=\"og:image:type\" content=\"image\/jpeg\" \/>\n<meta name=\"twitter:card\" content=\"summary_large_image\" \/>\n<meta name=\"twitter:label1\" content=\"Est. reading time\" \/>\n\t<meta name=\"twitter:data1\" content=\"1 minute\" \/>\n<script type=\"application\/ld+json\" class=\"yoast-schema-graph\">{\"@context\":\"https:\/\/schema.org\",\"@graph\":[{\"@type\":\"WebPage\",\"@id\":\"https:\/\/www.miomiorun.com\/de\/produkt\/no-show-socks-3-0-herren\/\",\"url\":\"https:\/\/www.miomiorun.com\/de\/produkt\/no-show-socks-3-0-herren\/\",\"name\":\"Cep No Show Socks 3.0 herren - Laufende Socken - MioMioRun\",\"isPartOf\":{\"@id\":\"https:\/\/www.miomiorun.com\/de\/#website\"},\"primaryImageOfPage\":{\"@id\":\"https:\/\/www.miomiorun.com\/de\/produkt\/no-show-socks-3-0-herren\/#primaryimage\"},\"image\":{\"@id\":\"https:\/\/www.miomiorun.com\/de\/produkt\/no-show-socks-3-0-herren\/#primaryimage\"},\"thumbnailUrl\":\"https:\/\/www.miomiorun.com\/app\/uploads\/2020\/10\/cep-No-Show-Compression-Socks-3.0-WP56EX.jpg\",\"datePublished\":\"2020-10-27T17:57:06+00:00\",\"dateModified\":\"2026-05-08T18:47:46+00:00\",\"description\":\"Die CEP Compression No Show Socks 3.0 f\u00fcr M\u00e4nner bieten h\u00f6chsten Komfort. Die Mischung der Materialien hilft, Blasen zu verhindern\",\"breadcrumb\":{\"@id\":\"https:\/\/www.miomiorun.com\/de\/produkt\/no-show-socks-3-0-herren\/#breadcrumb\"},\"inLanguage\":\"de-DE\",\"potentialAction\":[{\"@type\":\"ReadAction\",\"target\":[\"https:\/\/www.miomiorun.com\/de\/produkt\/no-show-socks-3-0-herren\/\"]}]},{\"@type\":\"ImageObject\",\"inLanguage\":\"de-DE\",\"@id\":\"https:\/\/www.miomiorun.com\/de\/produkt\/no-show-socks-3-0-herren\/#primaryimage\",\"url\":\"https:\/\/www.miomiorun.com\/app\/uploads\/2020\/10\/cep-No-Show-Compression-Socks-3.0-WP56EX.jpg\",\"contentUrl\":\"https:\/\/www.miomiorun.com\/app\/uploads\/2020\/10\/cep-No-Show-Compression-Socks-3.0-WP56EX.jpg\",\"width\":600,\"height\":600,\"caption\":\"cep no show compression socks\"},{\"@type\":\"BreadcrumbList\",\"@id\":\"https:\/\/www.miomiorun.com\/de\/produkt\/no-show-socks-3-0-herren\/#breadcrumb\",\"itemListElement\":[{\"@type\":\"ListItem\",\"position\":1,\"name\":\"Home\",\"item\":\"https:\/\/www.miomiorun.com\/de\/\"},{\"@type\":\"ListItem\",\"position\":2,\"name\":\"Shop\",\"item\":\"https:\/\/www.miomiorun.com\/shop\/\"},{\"@type\":\"ListItem\",\"position\":3,\"name\":\"No Show Socks 3.0 herren\"}]},{\"@type\":\"WebSite\",\"@id\":\"https:\/\/www.miomiorun.com\/de\/#website\",\"url\":\"https:\/\/www.miomiorun.com\/de\/\",\"name\":\"MioMioRun\",\"description\":\"100% Lauf- und Trailshop\",\"publisher\":{\"@id\":\"https:\/\/www.miomiorun.com\/de\/#organization\"},\"potentialAction\":[{\"@type\":\"SearchAction\",\"target\":{\"@type\":\"EntryPoint\",\"urlTemplate\":\"https:\/\/www.miomiorun.com\/de\/?s={search_term_string}\"},\"query-input\":{\"@type\":\"PropertyValueSpecification\",\"valueRequired\":true,\"valueName\":\"search_term_string\"}}],\"inLanguage\":\"de-DE\"},{\"@type\":\"Organization\",\"@id\":\"https:\/\/www.miomiorun.com\/de\/#organization\",\"name\":\"MioMio Run\",\"url\":\"https:\/\/www.miomiorun.com\/de\/\",\"logo\":{\"@type\":\"ImageObject\",\"inLanguage\":\"de-DE\",\"@id\":\"https:\/\/www.miomiorun.com\/de\/#\/schema\/logo\/image\/\",\"url\":\"https:\/\/www.miomiorun.com\/app\/uploads\/2019\/12\/logomio.png\",\"contentUrl\":\"https:\/\/www.miomiorun.com\/app\/uploads\/2019\/12\/logomio.png\",\"width\":115,\"height\":82,\"caption\":\"MioMio Run\"},\"image\":{\"@id\":\"https:\/\/www.miomiorun.com\/de\/#\/schema\/logo\/image\/\"},\"sameAs\":[\"https:\/\/www.facebook.com\/miomiorun\/\",\"https:\/\/www.instagram.com\/miomiorun\/\"]}]}<\/script>\n<!-- \/ Yoast SEO plugin. -->","yoast_head_json":{"title":"Cep No Show Socks 3.0 herren - Laufende Socken - MioMioRun","description":"Die CEP Compression No Show Socks 3.0 f\u00fcr M\u00e4nner bieten h\u00f6chsten Komfort. Die Mischung der Materialien hilft, Blasen zu verhindern","robots":{"index":"index","follow":"follow","max-snippet":"max-snippet:-1","max-image-preview":"max-image-preview:large","max-video-preview":"max-video-preview:-1"},"canonical":"https:\/\/www.miomiorun.com\/de\/produkt\/no-show-socks-3-0-herren\/","og_locale":"de_DE","og_type":"article","og_title":"Cep No Show Socks 3.0 herren - Laufende Socken - MioMioRun","og_description":"Die CEP Compression No Show Socks 3.0 f\u00fcr M\u00e4nner bieten h\u00f6chsten Komfort. Die Mischung der Materialien hilft, Blasen zu verhindern","og_url":"https:\/\/www.miomiorun.com\/de\/produkt\/no-show-socks-3-0-herren\/","og_site_name":"MioMioRun","article_publisher":"https:\/\/www.facebook.com\/miomiorun\/","article_modified_time":"2026-05-08T18:47:46+00:00","og_image":[{"width":600,"height":600,"url":"https:\/\/www.miomiorun.com\/app\/uploads\/2020\/10\/cep-No-Show-Compression-Socks-3.0-WP56EX.jpg","type":"image\/jpeg"}],"twitter_card":"summary_large_image","twitter_misc":{"Est. reading time":"1 minute"},"schema":{"@context":"https:\/\/schema.org","@graph":[{"@type":"WebPage","@id":"https:\/\/www.miomiorun.com\/de\/produkt\/no-show-socks-3-0-herren\/","url":"https:\/\/www.miomiorun.com\/de\/produkt\/no-show-socks-3-0-herren\/","name":"Cep No Show Socks 3.0 herren - Laufende Socken - MioMioRun","isPartOf":{"@id":"https:\/\/www.miomiorun.com\/de\/#website"},"primaryImageOfPage":{"@id":"https:\/\/www.miomiorun.com\/de\/produkt\/no-show-socks-3-0-herren\/#primaryimage"},"image":{"@id":"https:\/\/www.miomiorun.com\/de\/produkt\/no-show-socks-3-0-herren\/#primaryimage"},"thumbnailUrl":"https:\/\/www.miomiorun.com\/app\/uploads\/2020\/10\/cep-No-Show-Compression-Socks-3.0-WP56EX.jpg","datePublished":"2020-10-27T17:57:06+00:00","dateModified":"2026-05-08T18:47:46+00:00","description":"Die CEP Compression No Show Socks 3.0 f\u00fcr M\u00e4nner bieten h\u00f6chsten Komfort. Die Mischung der Materialien hilft, Blasen zu verhindern","breadcrumb":{"@id":"https:\/\/www.miomiorun.com\/de\/produkt\/no-show-socks-3-0-herren\/#breadcrumb"},"inLanguage":"de-DE","potentialAction":[{"@type":"ReadAction","target":["https:\/\/www.miomiorun.com\/de\/produkt\/no-show-socks-3-0-herren\/"]}]},{"@type":"ImageObject","inLanguage":"de-DE","@id":"https:\/\/www.miomiorun.com\/de\/produkt\/no-show-socks-3-0-herren\/#primaryimage","url":"https:\/\/www.miomiorun.com\/app\/uploads\/2020\/10\/cep-No-Show-Compression-Socks-3.0-WP56EX.jpg","contentUrl":"https:\/\/www.miomiorun.com\/app\/uploads\/2020\/10\/cep-No-Show-Compression-Socks-3.0-WP56EX.jpg","width":600,"height":600,"caption":"cep no show compression socks"},{"@type":"BreadcrumbList","@id":"https:\/\/www.miomiorun.com\/de\/produkt\/no-show-socks-3-0-herren\/#breadcrumb","itemListElement":[{"@type":"ListItem","position":1,"name":"Home","item":"https:\/\/www.miomiorun.com\/de\/"},{"@type":"ListItem","position":2,"name":"Shop","item":"https:\/\/www.miomiorun.com\/shop\/"},{"@type":"ListItem","position":3,"name":"No Show Socks 3.0 herren"}]},{"@type":"WebSite","@id":"https:\/\/www.miomiorun.com\/de\/#website","url":"https:\/\/www.miomiorun.com\/de\/","name":"MioMioRun","description":"100% Lauf- und Trailshop","publisher":{"@id":"https:\/\/www.miomiorun.com\/de\/#organization"},"potentialAction":[{"@type":"SearchAction","target":{"@type":"EntryPoint","urlTemplate":"https:\/\/www.miomiorun.com\/de\/?s={search_term_string}"},"query-input":{"@type":"PropertyValueSpecification","valueRequired":true,"valueName":"search_term_string"}}],"inLanguage":"de-DE"},{"@type":"Organization","@id":"https:\/\/www.miomiorun.com\/de\/#organization","name":"MioMio Run","url":"https:\/\/www.miomiorun.com\/de\/","logo":{"@type":"ImageObject","inLanguage":"de-DE","@id":"https:\/\/www.miomiorun.com\/de\/#\/schema\/logo\/image\/","url":"https:\/\/www.miomiorun.com\/app\/uploads\/2019\/12\/logomio.png","contentUrl":"https:\/\/www.miomiorun.com\/app\/uploads\/2019\/12\/logomio.png","width":115,"height":82,"caption":"MioMio Run"},"image":{"@id":"https:\/\/www.miomiorun.com\/de\/#\/schema\/logo\/image\/"},"sameAs":["https:\/\/www.facebook.com\/miomiorun\/","https:\/\/www.instagram.com\/miomiorun\/"]}]}},"_links":{"self":[{"href":"https:\/\/www.miomiorun.com\/de\/wp-json\/wp\/v2\/product\/177285","targetHints":{"allow":["GET"]}}],"collection":[{"href":"https:\/\/www.miomiorun.com\/de\/wp-json\/wp\/v2\/product"}],"about":[{"href":"https:\/\/www.miomiorun.com\/de\/wp-json\/wp\/v2\/types\/product"}],"wp:featuredmedia":[{"embeddable":true,"href":"https:\/\/www.miomiorun.com\/de\/wp-json\/wp\/v2\/media\/53552"}],"wp:attachment":[{"href":"https:\/\/www.miomiorun.com\/de\/wp-json\/wp\/v2\/media?parent=177285"}],"wp:term":[{"taxonomy":"product_brand","embeddable":true,"href":"https:\/\/www.miomiorun.com\/de\/wp-json\/wp\/v2\/product_brand?post=177285"},{"taxonomy":"product_cat","embeddable":true,"href":"https:\/\/www.miomiorun.com\/de\/wp-json\/wp\/v2\/product_cat?post=177285"},{"taxonomy":"product_tag","embeddable":true,"href":"https:\/\/www.miomiorun.com\/de\/wp-json\/wp\/v2\/product_tag?post=177285"}],"curies":[{"name":"wp","href":"https:\/\/api.w.org\/{rel}","templated":true}]}}