{"id":177283,"date":"2020-10-27T19:18:48","date_gmt":"2020-10-27T18:18:48","guid":{"rendered":"https:\/\/miomiorun.com\/prodotto\/cep-ultralight-low-cut-socks-uomo\/"},"modified":"2024-06-06T12:20:46","modified_gmt":"2024-06-06T10:20:46","slug":"ultralight-low-cut-socks-herren","status":"publish","type":"product","link":"https:\/\/www.miomiorun.com\/de\/produkt\/ultralight-low-cut-socks-herren\/","title":{"rendered":"Ultralight Low Cut Socks herren"},"content":{"rendered":"<p>Leichte Atmungsaktivit\u00e4t und leistungssteigernde Kompressionstechnologie vereinen sich in dieser modischen und praktischen Socke. Diese Herrensocken bieten eine mittelstarke, gezielte Kompression, die Schwellungen am Fu\u00df vorbeugt und Schmerzen lindert, die durch \u00dcberlastungssch\u00e4den wie Plantarfasziitis verursacht werden. W\u00e4hlen Sie eine Leistungssocke, die mithalten kann.<\/p>\n<p><strong>Merkmale:<\/strong><\/p>\n<ul>\n<li>Gezielte, mittlere Kompression auf dem Rist beugt Schwellungen vor<\/li>\n<li>Ultraleichtes Design und hydrophobe Materialien verbessern die Atmungsaktivit\u00e4t<\/li>\n<li>25 % weniger Volumen als CEP Low-Cut-Socken<\/li>\n<li>Anatomisch gepolstert, blasenhemmend, Anti-Hotspot-Polsterung<\/li>\n<li>Nahtloser Zehenverschluss f\u00fcr maximalen Komfort<\/li>\n<li>Pflegeleichte Eigenschaften: in der Maschine waschen und aufh\u00e4ngen<\/li>\n<li>Garantiert f\u00fcr sechs Monate (150-200 Kleidungsst\u00fccke)<\/li>\n<\/ul>\n<p><strong>Material:<\/strong> 74% Polyamid (Nylon), 13% Elastan, 13% Polypropylen<\/p>\n","protected":false},"excerpt":{"rendered":"<p>Leichte Atmungsaktivit\u00e4t und leistungssteigernde Kompressionstechnologie vereinen sich in dieser modischen und praktischen Socke. Diese Herrensocken bieten eine mittelstarke, gezielte Kompression, die Schwellungen am Fu\u00df vorbeugt und Schmerzen lindert, die durch \u00dcberlastungssch\u00e4den wie Plantarfasziitis verursacht werden. W\u00e4hlen Sie eine Leistungssocke, die mithalten kann. Merkmale: Gezielte, mittlere Kompression auf dem Rist beugt Schwellungen vor Ultraleichtes Design und &hellip; <a href=\"https:\/\/www.miomiorun.com\/de\/produkt\/ultralight-low-cut-socks-herren\/\">Continued<\/a><\/p>\n","protected":false},"featured_media":53564,"template":"","meta":{"_acf_changed":false,"inline_featured_image":false},"product_brand":[],"product_cat":[6515,6540,6514],"product_tag":[3408,6212],"class_list":{"0":"post-177283","1":"product","2":"type-product","3":"status-publish","4":"has-post-thumbnail","6":"product_cat-herren-de","7":"product_cat-herrenbekleidung","8":"product_cat-socken","9":"product_tag-cep-de","10":"product_tag-cep-herren-de","11":"pa_attivita-gehen","12":"pa_attivita-running-de","13":"pa_colore-ultralight-compr-socks-low-cut-black-de","14":"pa_colore-ultralight-compr-socks-low-cut-white-de","15":"pa_colore-ultralight-low-cut-compression-m-black-light-grey-de","16":"pa_colore-ultralight-low-cut-compression-m-electric-blue-light-grey-de","17":"pa_colore-ultralight-lowcut-m-eleblu-green-de","18":"pa_marca-cep-de","19":"pa_sesso-herren","20":"pa_size-39-42-de","21":"pa_size-42-45-de","22":"pa_size-45-48-de","24":"first","25":"instock","26":"sale","27":"taxable","28":"shipping-taxable","29":"purchasable","30":"product-type-variable","31":"wvs-archive-product-wrapper"},"acf":[],"yoast_head":"<!-- This site is optimized with the Yoast SEO plugin v26.8 - https:\/\/yoast.com\/product\/yoast-seo-wordpress\/ -->\n<title>Cep Ultralight Low Cut Socks herren - Laufende Socken - MioMioRun<\/title>\n<meta name=\"description\" content=\"Leichte Atmungsaktivit\u00e4t und leistungssteigernde Kompressionstechnologie vereinen sich in dieser modischen und praktischen Socke.\" \/>\n<meta name=\"robots\" content=\"index, follow, max-snippet:-1, max-image-preview:large, max-video-preview:-1\" \/>\n<link rel=\"canonical\" href=\"https:\/\/www.miomiorun.com\/de\/produkt\/ultralight-low-cut-socks-herren\/\" \/>\n<meta property=\"og:locale\" content=\"de_DE\" \/>\n<meta property=\"og:type\" content=\"article\" \/>\n<meta property=\"og:title\" content=\"Cep Ultralight Low Cut Socks herren - Laufende Socken - MioMioRun\" \/>\n<meta property=\"og:description\" content=\"Leichte Atmungsaktivit\u00e4t und leistungssteigernde Kompressionstechnologie vereinen sich in dieser modischen und praktischen Socke.\" \/>\n<meta property=\"og:url\" content=\"https:\/\/www.miomiorun.com\/de\/produkt\/ultralight-low-cut-socks-herren\/\" \/>\n<meta property=\"og:site_name\" content=\"MioMioRun\" \/>\n<meta property=\"article:publisher\" content=\"https:\/\/www.facebook.com\/miomiorun\/\" \/>\n<meta property=\"article:modified_time\" content=\"2024-06-06T10:20:46+00:00\" \/>\n<meta property=\"og:image\" content=\"https:\/\/www.miomiorun.com\/app\/uploads\/2020\/10\/cep-Ultralight-Low-Cut-Compression-WP5AKY.jpg\" \/>\n\t<meta property=\"og:image:width\" content=\"600\" \/>\n\t<meta property=\"og:image:height\" content=\"600\" \/>\n\t<meta property=\"og:image:type\" content=\"image\/jpeg\" \/>\n<meta name=\"twitter:card\" content=\"summary_large_image\" \/>\n<meta name=\"twitter:label1\" content=\"Est. reading time\" \/>\n\t<meta name=\"twitter:data1\" content=\"1 minute\" \/>\n<script type=\"application\/ld+json\" class=\"yoast-schema-graph\">{\"@context\":\"https:\/\/schema.org\",\"@graph\":[{\"@type\":\"WebPage\",\"@id\":\"https:\/\/www.miomiorun.com\/de\/produkt\/ultralight-low-cut-socks-herren\/\",\"url\":\"https:\/\/www.miomiorun.com\/de\/produkt\/ultralight-low-cut-socks-herren\/\",\"name\":\"Cep Ultralight Low Cut Socks herren - Laufende Socken - MioMioRun\",\"isPartOf\":{\"@id\":\"https:\/\/www.miomiorun.com\/de\/#website\"},\"primaryImageOfPage\":{\"@id\":\"https:\/\/www.miomiorun.com\/de\/produkt\/ultralight-low-cut-socks-herren\/#primaryimage\"},\"image\":{\"@id\":\"https:\/\/www.miomiorun.com\/de\/produkt\/ultralight-low-cut-socks-herren\/#primaryimage\"},\"thumbnailUrl\":\"https:\/\/www.miomiorun.com\/app\/uploads\/2020\/10\/cep-Ultralight-Low-Cut-Compression-WP5AKY.jpg\",\"datePublished\":\"2020-10-27T18:18:48+00:00\",\"dateModified\":\"2024-06-06T10:20:46+00:00\",\"description\":\"Leichte Atmungsaktivit\u00e4t und leistungssteigernde Kompressionstechnologie vereinen sich in dieser modischen und praktischen Socke.\",\"breadcrumb\":{\"@id\":\"https:\/\/www.miomiorun.com\/de\/produkt\/ultralight-low-cut-socks-herren\/#breadcrumb\"},\"inLanguage\":\"de-DE\",\"potentialAction\":[{\"@type\":\"ReadAction\",\"target\":[\"https:\/\/www.miomiorun.com\/de\/produkt\/ultralight-low-cut-socks-herren\/\"]}]},{\"@type\":\"ImageObject\",\"inLanguage\":\"de-DE\",\"@id\":\"https:\/\/www.miomiorun.com\/de\/produkt\/ultralight-low-cut-socks-herren\/#primaryimage\",\"url\":\"https:\/\/www.miomiorun.com\/app\/uploads\/2020\/10\/cep-Ultralight-Low-Cut-Compression-WP5AKY.jpg\",\"contentUrl\":\"https:\/\/www.miomiorun.com\/app\/uploads\/2020\/10\/cep-Ultralight-Low-Cut-Compression-WP5AKY.jpg\",\"width\":600,\"height\":600,\"caption\":\"cep ultralight low cut compression\"},{\"@type\":\"BreadcrumbList\",\"@id\":\"https:\/\/www.miomiorun.com\/de\/produkt\/ultralight-low-cut-socks-herren\/#breadcrumb\",\"itemListElement\":[{\"@type\":\"ListItem\",\"position\":1,\"name\":\"Home\",\"item\":\"https:\/\/www.miomiorun.com\/de\/\"},{\"@type\":\"ListItem\",\"position\":2,\"name\":\"Shop\",\"item\":\"https:\/\/www.miomiorun.com\/shop\/\"},{\"@type\":\"ListItem\",\"position\":3,\"name\":\"Ultralight Low Cut Socks herren\"}]},{\"@type\":\"WebSite\",\"@id\":\"https:\/\/www.miomiorun.com\/de\/#website\",\"url\":\"https:\/\/www.miomiorun.com\/de\/\",\"name\":\"MioMioRun\",\"description\":\"100% Lauf- und Trailshop\",\"publisher\":{\"@id\":\"https:\/\/www.miomiorun.com\/de\/#organization\"},\"potentialAction\":[{\"@type\":\"SearchAction\",\"target\":{\"@type\":\"EntryPoint\",\"urlTemplate\":\"https:\/\/www.miomiorun.com\/de\/?s={search_term_string}\"},\"query-input\":{\"@type\":\"PropertyValueSpecification\",\"valueRequired\":true,\"valueName\":\"search_term_string\"}}],\"inLanguage\":\"de-DE\"},{\"@type\":\"Organization\",\"@id\":\"https:\/\/www.miomiorun.com\/de\/#organization\",\"name\":\"MioMio Run\",\"url\":\"https:\/\/www.miomiorun.com\/de\/\",\"logo\":{\"@type\":\"ImageObject\",\"inLanguage\":\"de-DE\",\"@id\":\"https:\/\/www.miomiorun.com\/de\/#\/schema\/logo\/image\/\",\"url\":\"https:\/\/www.miomiorun.com\/app\/uploads\/2019\/12\/logomio.png\",\"contentUrl\":\"https:\/\/www.miomiorun.com\/app\/uploads\/2019\/12\/logomio.png\",\"width\":115,\"height\":82,\"caption\":\"MioMio Run\"},\"image\":{\"@id\":\"https:\/\/www.miomiorun.com\/de\/#\/schema\/logo\/image\/\"},\"sameAs\":[\"https:\/\/www.facebook.com\/miomiorun\/\",\"https:\/\/www.instagram.com\/miomiorun\/\"]}]}<\/script>\n<!-- \/ Yoast SEO plugin. -->","yoast_head_json":{"title":"Cep Ultralight Low Cut Socks herren - Laufende Socken - MioMioRun","description":"Leichte Atmungsaktivit\u00e4t und leistungssteigernde Kompressionstechnologie vereinen sich in dieser modischen und praktischen Socke.","robots":{"index":"index","follow":"follow","max-snippet":"max-snippet:-1","max-image-preview":"max-image-preview:large","max-video-preview":"max-video-preview:-1"},"canonical":"https:\/\/www.miomiorun.com\/de\/produkt\/ultralight-low-cut-socks-herren\/","og_locale":"de_DE","og_type":"article","og_title":"Cep Ultralight Low Cut Socks herren - Laufende Socken - MioMioRun","og_description":"Leichte Atmungsaktivit\u00e4t und leistungssteigernde Kompressionstechnologie vereinen sich in dieser modischen und praktischen Socke.","og_url":"https:\/\/www.miomiorun.com\/de\/produkt\/ultralight-low-cut-socks-herren\/","og_site_name":"MioMioRun","article_publisher":"https:\/\/www.facebook.com\/miomiorun\/","article_modified_time":"2024-06-06T10:20:46+00:00","og_image":[{"width":600,"height":600,"url":"https:\/\/www.miomiorun.com\/app\/uploads\/2020\/10\/cep-Ultralight-Low-Cut-Compression-WP5AKY.jpg","type":"image\/jpeg"}],"twitter_card":"summary_large_image","twitter_misc":{"Est. reading time":"1 minute"},"schema":{"@context":"https:\/\/schema.org","@graph":[{"@type":"WebPage","@id":"https:\/\/www.miomiorun.com\/de\/produkt\/ultralight-low-cut-socks-herren\/","url":"https:\/\/www.miomiorun.com\/de\/produkt\/ultralight-low-cut-socks-herren\/","name":"Cep Ultralight Low Cut Socks herren - Laufende Socken - MioMioRun","isPartOf":{"@id":"https:\/\/www.miomiorun.com\/de\/#website"},"primaryImageOfPage":{"@id":"https:\/\/www.miomiorun.com\/de\/produkt\/ultralight-low-cut-socks-herren\/#primaryimage"},"image":{"@id":"https:\/\/www.miomiorun.com\/de\/produkt\/ultralight-low-cut-socks-herren\/#primaryimage"},"thumbnailUrl":"https:\/\/www.miomiorun.com\/app\/uploads\/2020\/10\/cep-Ultralight-Low-Cut-Compression-WP5AKY.jpg","datePublished":"2020-10-27T18:18:48+00:00","dateModified":"2024-06-06T10:20:46+00:00","description":"Leichte Atmungsaktivit\u00e4t und leistungssteigernde Kompressionstechnologie vereinen sich in dieser modischen und praktischen Socke.","breadcrumb":{"@id":"https:\/\/www.miomiorun.com\/de\/produkt\/ultralight-low-cut-socks-herren\/#breadcrumb"},"inLanguage":"de-DE","potentialAction":[{"@type":"ReadAction","target":["https:\/\/www.miomiorun.com\/de\/produkt\/ultralight-low-cut-socks-herren\/"]}]},{"@type":"ImageObject","inLanguage":"de-DE","@id":"https:\/\/www.miomiorun.com\/de\/produkt\/ultralight-low-cut-socks-herren\/#primaryimage","url":"https:\/\/www.miomiorun.com\/app\/uploads\/2020\/10\/cep-Ultralight-Low-Cut-Compression-WP5AKY.jpg","contentUrl":"https:\/\/www.miomiorun.com\/app\/uploads\/2020\/10\/cep-Ultralight-Low-Cut-Compression-WP5AKY.jpg","width":600,"height":600,"caption":"cep ultralight low cut compression"},{"@type":"BreadcrumbList","@id":"https:\/\/www.miomiorun.com\/de\/produkt\/ultralight-low-cut-socks-herren\/#breadcrumb","itemListElement":[{"@type":"ListItem","position":1,"name":"Home","item":"https:\/\/www.miomiorun.com\/de\/"},{"@type":"ListItem","position":2,"name":"Shop","item":"https:\/\/www.miomiorun.com\/shop\/"},{"@type":"ListItem","position":3,"name":"Ultralight Low Cut Socks herren"}]},{"@type":"WebSite","@id":"https:\/\/www.miomiorun.com\/de\/#website","url":"https:\/\/www.miomiorun.com\/de\/","name":"MioMioRun","description":"100% Lauf- und Trailshop","publisher":{"@id":"https:\/\/www.miomiorun.com\/de\/#organization"},"potentialAction":[{"@type":"SearchAction","target":{"@type":"EntryPoint","urlTemplate":"https:\/\/www.miomiorun.com\/de\/?s={search_term_string}"},"query-input":{"@type":"PropertyValueSpecification","valueRequired":true,"valueName":"search_term_string"}}],"inLanguage":"de-DE"},{"@type":"Organization","@id":"https:\/\/www.miomiorun.com\/de\/#organization","name":"MioMio Run","url":"https:\/\/www.miomiorun.com\/de\/","logo":{"@type":"ImageObject","inLanguage":"de-DE","@id":"https:\/\/www.miomiorun.com\/de\/#\/schema\/logo\/image\/","url":"https:\/\/www.miomiorun.com\/app\/uploads\/2019\/12\/logomio.png","contentUrl":"https:\/\/www.miomiorun.com\/app\/uploads\/2019\/12\/logomio.png","width":115,"height":82,"caption":"MioMio Run"},"image":{"@id":"https:\/\/www.miomiorun.com\/de\/#\/schema\/logo\/image\/"},"sameAs":["https:\/\/www.facebook.com\/miomiorun\/","https:\/\/www.instagram.com\/miomiorun\/"]}]}},"_links":{"self":[{"href":"https:\/\/www.miomiorun.com\/de\/wp-json\/wp\/v2\/product\/177283","targetHints":{"allow":["GET"]}}],"collection":[{"href":"https:\/\/www.miomiorun.com\/de\/wp-json\/wp\/v2\/product"}],"about":[{"href":"https:\/\/www.miomiorun.com\/de\/wp-json\/wp\/v2\/types\/product"}],"wp:featuredmedia":[{"embeddable":true,"href":"https:\/\/www.miomiorun.com\/de\/wp-json\/wp\/v2\/media\/53564"}],"wp:attachment":[{"href":"https:\/\/www.miomiorun.com\/de\/wp-json\/wp\/v2\/media?parent=177283"}],"wp:term":[{"taxonomy":"product_brand","embeddable":true,"href":"https:\/\/www.miomiorun.com\/de\/wp-json\/wp\/v2\/product_brand?post=177283"},{"taxonomy":"product_cat","embeddable":true,"href":"https:\/\/www.miomiorun.com\/de\/wp-json\/wp\/v2\/product_cat?post=177283"},{"taxonomy":"product_tag","embeddable":true,"href":"https:\/\/www.miomiorun.com\/de\/wp-json\/wp\/v2\/product_tag?post=177283"}],"curies":[{"name":"wp","href":"https:\/\/api.w.org\/{rel}","templated":true}]}}