{"id":177281,"date":"2020-10-28T10:59:53","date_gmt":"2020-10-28T09:59:53","guid":{"rendered":"https:\/\/miomiorun.com\/prodotto\/cep-reflective-mid-cut-socks-uomo\/"},"modified":"2024-06-06T12:23:42","modified_gmt":"2024-06-06T10:23:42","slug":"reflective-mid-cut-socks-herren","status":"publish","type":"product","link":"https:\/\/www.miomiorun.com\/de\/produkt\/reflective-mid-cut-socks-herren\/","title":{"rendered":"Reflective Mid Cut Socks herren"},"content":{"rendered":"<p>Die <strong>reflektierenden CEP-Kompressionssocken<\/strong> f\u00fcr M\u00e4nner bieten 360-Grad-Sichtbarkeit mit innovativen Garnen. Die mittelstarke, gezielte Kompression unterst\u00fctzt Fu\u00dfgew\u00f6lbe und Kn\u00f6chel, um Verletzungen vorzubeugen und Beschwerden bei Plantarfasziitis und Fu\u00dfschmerzen zu lindern. Das gepolsterte Fu\u00dfbett, das leichte Design und die nahtlose Passform machen diese Socken zu Ihren neuen Lieblingssocken. Unabh\u00e4ngig von der Tageszeit, laufen Sie sicher mit Schutz und Unterst\u00fctzung in jeder Phase.<\/p>\n<ul>\n<li>SMART Reflective Technologie &#8211; Innovatives 360-Grad-Reflexionsgarn f\u00fcr Sichtbarkeit und Sicherheit bei Nacht<\/li>\n<li>Gezielte Kompression lindert Schwellungen und Schmerzen durch Unterst\u00fctzung von Fu\u00dfgew\u00f6lbe und Kn\u00f6chel<\/li>\n<li>Leistungsstarke Polsterung entlang des Fu\u00dfbetts verhindert Blasenbildung<\/li>\n<li>Crew-L\u00e4nge; perfekt f\u00fcr alle Sportarten und Aktivit\u00e4ten oder f\u00fcr das t\u00e4gliche Tragen<\/li>\n<\/ul>\n<p><strong>Material:<\/strong> 86% Polyamid, 14% Elastan<\/p>\n","protected":false},"excerpt":{"rendered":"<p>Die reflektierenden CEP-Kompressionssocken f\u00fcr M\u00e4nner bieten 360-Grad-Sichtbarkeit mit innovativen Garnen. Die mittelstarke, gezielte Kompression unterst\u00fctzt Fu\u00dfgew\u00f6lbe und Kn\u00f6chel, um Verletzungen vorzubeugen und Beschwerden bei Plantarfasziitis und Fu\u00dfschmerzen zu lindern. Das gepolsterte Fu\u00dfbett, das leichte Design und die nahtlose Passform machen diese Socken zu Ihren neuen Lieblingssocken. Unabh\u00e4ngig von der Tageszeit, laufen Sie sicher mit Schutz &hellip; <a href=\"https:\/\/www.miomiorun.com\/de\/produkt\/reflective-mid-cut-socks-herren\/\">Continued<\/a><\/p>\n","protected":false},"featured_media":53568,"template":"","meta":{"_acf_changed":false,"inline_featured_image":false},"product_brand":[],"product_cat":[6515,6540,6514],"product_tag":[3408,6212],"class_list":{"0":"post-177281","1":"product","2":"type-product","3":"status-publish","4":"has-post-thumbnail","6":"product_cat-herren-de","7":"product_cat-herrenbekleidung","8":"product_cat-socken","9":"product_tag-cep-de","10":"product_tag-cep-herren-de","11":"pa_attivita-gehen","12":"pa_attivita-running-de","13":"pa_colore-reflective-mid-cut-compression-socks-green-de","14":"pa_marca-cep-de","15":"pa_sesso-herren","16":"pa_size-39-42-de","18":"first","19":"instock","20":"sale","21":"taxable","22":"shipping-taxable","23":"purchasable","24":"product-type-variable","25":"wvs-archive-product-wrapper"},"acf":[],"yoast_head":"<!-- This site is optimized with the Yoast SEO plugin v26.8 - https:\/\/yoast.com\/product\/yoast-seo-wordpress\/ -->\n<title>Cep Reflective Mid Cut Socks herren - Laufende Socken - MioMioRun<\/title>\n<meta name=\"description\" content=\"Die reflektierenden CEP-Kompressionssocken f\u00fcr M\u00e4nner bieten eine Rundum-Sichtbarkeit. Gepolstertes Fu\u00dfbett, leichtes Design und enge Passform\" \/>\n<meta name=\"robots\" content=\"index, follow, max-snippet:-1, max-image-preview:large, max-video-preview:-1\" \/>\n<link rel=\"canonical\" href=\"https:\/\/www.miomiorun.com\/de\/produkt\/reflective-mid-cut-socks-herren\/\" \/>\n<meta property=\"og:locale\" content=\"de_DE\" \/>\n<meta property=\"og:type\" content=\"article\" \/>\n<meta property=\"og:title\" content=\"Cep Reflective Mid Cut Socks herren - Laufende Socken - MioMioRun\" \/>\n<meta property=\"og:description\" content=\"Die reflektierenden CEP-Kompressionssocken f\u00fcr M\u00e4nner bieten eine Rundum-Sichtbarkeit. Gepolstertes Fu\u00dfbett, leichtes Design und enge Passform\" \/>\n<meta property=\"og:url\" content=\"https:\/\/www.miomiorun.com\/de\/produkt\/reflective-mid-cut-socks-herren\/\" \/>\n<meta property=\"og:site_name\" content=\"MioMioRun\" \/>\n<meta property=\"article:publisher\" content=\"https:\/\/www.facebook.com\/miomiorun\/\" \/>\n<meta property=\"article:modified_time\" content=\"2024-06-06T10:23:42+00:00\" \/>\n<meta property=\"og:image\" content=\"https:\/\/www.miomiorun.com\/app\/uploads\/2020\/10\/cep-Reflective-Mid-Cut-Compression-socks-WP5CGZ.jpg\" \/>\n\t<meta property=\"og:image:width\" content=\"600\" \/>\n\t<meta property=\"og:image:height\" content=\"600\" \/>\n\t<meta property=\"og:image:type\" content=\"image\/jpeg\" \/>\n<meta name=\"twitter:card\" content=\"summary_large_image\" \/>\n<meta name=\"twitter:label1\" content=\"Est. reading time\" \/>\n\t<meta name=\"twitter:data1\" content=\"1 minute\" \/>\n<script type=\"application\/ld+json\" class=\"yoast-schema-graph\">{\"@context\":\"https:\/\/schema.org\",\"@graph\":[{\"@type\":\"WebPage\",\"@id\":\"https:\/\/www.miomiorun.com\/de\/produkt\/reflective-mid-cut-socks-herren\/\",\"url\":\"https:\/\/www.miomiorun.com\/de\/produkt\/reflective-mid-cut-socks-herren\/\",\"name\":\"Cep Reflective Mid Cut Socks herren - Laufende Socken - MioMioRun\",\"isPartOf\":{\"@id\":\"https:\/\/www.miomiorun.com\/de\/#website\"},\"primaryImageOfPage\":{\"@id\":\"https:\/\/www.miomiorun.com\/de\/produkt\/reflective-mid-cut-socks-herren\/#primaryimage\"},\"image\":{\"@id\":\"https:\/\/www.miomiorun.com\/de\/produkt\/reflective-mid-cut-socks-herren\/#primaryimage\"},\"thumbnailUrl\":\"https:\/\/www.miomiorun.com\/app\/uploads\/2020\/10\/cep-Reflective-Mid-Cut-Compression-socks-WP5CGZ.jpg\",\"datePublished\":\"2020-10-28T09:59:53+00:00\",\"dateModified\":\"2024-06-06T10:23:42+00:00\",\"description\":\"Die reflektierenden CEP-Kompressionssocken f\u00fcr M\u00e4nner bieten eine Rundum-Sichtbarkeit. Gepolstertes Fu\u00dfbett, leichtes Design und enge Passform\",\"breadcrumb\":{\"@id\":\"https:\/\/www.miomiorun.com\/de\/produkt\/reflective-mid-cut-socks-herren\/#breadcrumb\"},\"inLanguage\":\"de-DE\",\"potentialAction\":[{\"@type\":\"ReadAction\",\"target\":[\"https:\/\/www.miomiorun.com\/de\/produkt\/reflective-mid-cut-socks-herren\/\"]}]},{\"@type\":\"ImageObject\",\"inLanguage\":\"de-DE\",\"@id\":\"https:\/\/www.miomiorun.com\/de\/produkt\/reflective-mid-cut-socks-herren\/#primaryimage\",\"url\":\"https:\/\/www.miomiorun.com\/app\/uploads\/2020\/10\/cep-Reflective-Mid-Cut-Compression-socks-WP5CGZ.jpg\",\"contentUrl\":\"https:\/\/www.miomiorun.com\/app\/uploads\/2020\/10\/cep-Reflective-Mid-Cut-Compression-socks-WP5CGZ.jpg\",\"width\":600,\"height\":600,\"caption\":\"cep reflective mid cut compression socks\"},{\"@type\":\"BreadcrumbList\",\"@id\":\"https:\/\/www.miomiorun.com\/de\/produkt\/reflective-mid-cut-socks-herren\/#breadcrumb\",\"itemListElement\":[{\"@type\":\"ListItem\",\"position\":1,\"name\":\"Home\",\"item\":\"https:\/\/www.miomiorun.com\/de\/\"},{\"@type\":\"ListItem\",\"position\":2,\"name\":\"Shop\",\"item\":\"https:\/\/www.miomiorun.com\/shop\/\"},{\"@type\":\"ListItem\",\"position\":3,\"name\":\"Reflective Mid Cut Socks herren\"}]},{\"@type\":\"WebSite\",\"@id\":\"https:\/\/www.miomiorun.com\/de\/#website\",\"url\":\"https:\/\/www.miomiorun.com\/de\/\",\"name\":\"MioMioRun\",\"description\":\"100% Lauf- und Trailshop\",\"publisher\":{\"@id\":\"https:\/\/www.miomiorun.com\/de\/#organization\"},\"potentialAction\":[{\"@type\":\"SearchAction\",\"target\":{\"@type\":\"EntryPoint\",\"urlTemplate\":\"https:\/\/www.miomiorun.com\/de\/?s={search_term_string}\"},\"query-input\":{\"@type\":\"PropertyValueSpecification\",\"valueRequired\":true,\"valueName\":\"search_term_string\"}}],\"inLanguage\":\"de-DE\"},{\"@type\":\"Organization\",\"@id\":\"https:\/\/www.miomiorun.com\/de\/#organization\",\"name\":\"MioMio Run\",\"url\":\"https:\/\/www.miomiorun.com\/de\/\",\"logo\":{\"@type\":\"ImageObject\",\"inLanguage\":\"de-DE\",\"@id\":\"https:\/\/www.miomiorun.com\/de\/#\/schema\/logo\/image\/\",\"url\":\"https:\/\/www.miomiorun.com\/app\/uploads\/2019\/12\/logomio.png\",\"contentUrl\":\"https:\/\/www.miomiorun.com\/app\/uploads\/2019\/12\/logomio.png\",\"width\":115,\"height\":82,\"caption\":\"MioMio Run\"},\"image\":{\"@id\":\"https:\/\/www.miomiorun.com\/de\/#\/schema\/logo\/image\/\"},\"sameAs\":[\"https:\/\/www.facebook.com\/miomiorun\/\",\"https:\/\/www.instagram.com\/miomiorun\/\"]}]}<\/script>\n<!-- \/ Yoast SEO plugin. -->","yoast_head_json":{"title":"Cep Reflective Mid Cut Socks herren - Laufende Socken - MioMioRun","description":"Die reflektierenden CEP-Kompressionssocken f\u00fcr M\u00e4nner bieten eine Rundum-Sichtbarkeit. Gepolstertes Fu\u00dfbett, leichtes Design und enge Passform","robots":{"index":"index","follow":"follow","max-snippet":"max-snippet:-1","max-image-preview":"max-image-preview:large","max-video-preview":"max-video-preview:-1"},"canonical":"https:\/\/www.miomiorun.com\/de\/produkt\/reflective-mid-cut-socks-herren\/","og_locale":"de_DE","og_type":"article","og_title":"Cep Reflective Mid Cut Socks herren - Laufende Socken - MioMioRun","og_description":"Die reflektierenden CEP-Kompressionssocken f\u00fcr M\u00e4nner bieten eine Rundum-Sichtbarkeit. Gepolstertes Fu\u00dfbett, leichtes Design und enge Passform","og_url":"https:\/\/www.miomiorun.com\/de\/produkt\/reflective-mid-cut-socks-herren\/","og_site_name":"MioMioRun","article_publisher":"https:\/\/www.facebook.com\/miomiorun\/","article_modified_time":"2024-06-06T10:23:42+00:00","og_image":[{"width":600,"height":600,"url":"https:\/\/www.miomiorun.com\/app\/uploads\/2020\/10\/cep-Reflective-Mid-Cut-Compression-socks-WP5CGZ.jpg","type":"image\/jpeg"}],"twitter_card":"summary_large_image","twitter_misc":{"Est. reading time":"1 minute"},"schema":{"@context":"https:\/\/schema.org","@graph":[{"@type":"WebPage","@id":"https:\/\/www.miomiorun.com\/de\/produkt\/reflective-mid-cut-socks-herren\/","url":"https:\/\/www.miomiorun.com\/de\/produkt\/reflective-mid-cut-socks-herren\/","name":"Cep Reflective Mid Cut Socks herren - Laufende Socken - MioMioRun","isPartOf":{"@id":"https:\/\/www.miomiorun.com\/de\/#website"},"primaryImageOfPage":{"@id":"https:\/\/www.miomiorun.com\/de\/produkt\/reflective-mid-cut-socks-herren\/#primaryimage"},"image":{"@id":"https:\/\/www.miomiorun.com\/de\/produkt\/reflective-mid-cut-socks-herren\/#primaryimage"},"thumbnailUrl":"https:\/\/www.miomiorun.com\/app\/uploads\/2020\/10\/cep-Reflective-Mid-Cut-Compression-socks-WP5CGZ.jpg","datePublished":"2020-10-28T09:59:53+00:00","dateModified":"2024-06-06T10:23:42+00:00","description":"Die reflektierenden CEP-Kompressionssocken f\u00fcr M\u00e4nner bieten eine Rundum-Sichtbarkeit. Gepolstertes Fu\u00dfbett, leichtes Design und enge Passform","breadcrumb":{"@id":"https:\/\/www.miomiorun.com\/de\/produkt\/reflective-mid-cut-socks-herren\/#breadcrumb"},"inLanguage":"de-DE","potentialAction":[{"@type":"ReadAction","target":["https:\/\/www.miomiorun.com\/de\/produkt\/reflective-mid-cut-socks-herren\/"]}]},{"@type":"ImageObject","inLanguage":"de-DE","@id":"https:\/\/www.miomiorun.com\/de\/produkt\/reflective-mid-cut-socks-herren\/#primaryimage","url":"https:\/\/www.miomiorun.com\/app\/uploads\/2020\/10\/cep-Reflective-Mid-Cut-Compression-socks-WP5CGZ.jpg","contentUrl":"https:\/\/www.miomiorun.com\/app\/uploads\/2020\/10\/cep-Reflective-Mid-Cut-Compression-socks-WP5CGZ.jpg","width":600,"height":600,"caption":"cep reflective mid cut compression socks"},{"@type":"BreadcrumbList","@id":"https:\/\/www.miomiorun.com\/de\/produkt\/reflective-mid-cut-socks-herren\/#breadcrumb","itemListElement":[{"@type":"ListItem","position":1,"name":"Home","item":"https:\/\/www.miomiorun.com\/de\/"},{"@type":"ListItem","position":2,"name":"Shop","item":"https:\/\/www.miomiorun.com\/shop\/"},{"@type":"ListItem","position":3,"name":"Reflective Mid Cut Socks herren"}]},{"@type":"WebSite","@id":"https:\/\/www.miomiorun.com\/de\/#website","url":"https:\/\/www.miomiorun.com\/de\/","name":"MioMioRun","description":"100% Lauf- und Trailshop","publisher":{"@id":"https:\/\/www.miomiorun.com\/de\/#organization"},"potentialAction":[{"@type":"SearchAction","target":{"@type":"EntryPoint","urlTemplate":"https:\/\/www.miomiorun.com\/de\/?s={search_term_string}"},"query-input":{"@type":"PropertyValueSpecification","valueRequired":true,"valueName":"search_term_string"}}],"inLanguage":"de-DE"},{"@type":"Organization","@id":"https:\/\/www.miomiorun.com\/de\/#organization","name":"MioMio Run","url":"https:\/\/www.miomiorun.com\/de\/","logo":{"@type":"ImageObject","inLanguage":"de-DE","@id":"https:\/\/www.miomiorun.com\/de\/#\/schema\/logo\/image\/","url":"https:\/\/www.miomiorun.com\/app\/uploads\/2019\/12\/logomio.png","contentUrl":"https:\/\/www.miomiorun.com\/app\/uploads\/2019\/12\/logomio.png","width":115,"height":82,"caption":"MioMio Run"},"image":{"@id":"https:\/\/www.miomiorun.com\/de\/#\/schema\/logo\/image\/"},"sameAs":["https:\/\/www.facebook.com\/miomiorun\/","https:\/\/www.instagram.com\/miomiorun\/"]}]}},"_links":{"self":[{"href":"https:\/\/www.miomiorun.com\/de\/wp-json\/wp\/v2\/product\/177281","targetHints":{"allow":["GET"]}}],"collection":[{"href":"https:\/\/www.miomiorun.com\/de\/wp-json\/wp\/v2\/product"}],"about":[{"href":"https:\/\/www.miomiorun.com\/de\/wp-json\/wp\/v2\/types\/product"}],"wp:featuredmedia":[{"embeddable":true,"href":"https:\/\/www.miomiorun.com\/de\/wp-json\/wp\/v2\/media\/53568"}],"wp:attachment":[{"href":"https:\/\/www.miomiorun.com\/de\/wp-json\/wp\/v2\/media?parent=177281"}],"wp:term":[{"taxonomy":"product_brand","embeddable":true,"href":"https:\/\/www.miomiorun.com\/de\/wp-json\/wp\/v2\/product_brand?post=177281"},{"taxonomy":"product_cat","embeddable":true,"href":"https:\/\/www.miomiorun.com\/de\/wp-json\/wp\/v2\/product_cat?post=177281"},{"taxonomy":"product_tag","embeddable":true,"href":"https:\/\/www.miomiorun.com\/de\/wp-json\/wp\/v2\/product_tag?post=177281"}],"curies":[{"name":"wp","href":"https:\/\/api.w.org\/{rel}","templated":true}]}}