{"id":177279,"date":"2020-10-28T11:44:07","date_gmt":"2020-10-28T10:44:07","guid":{"rendered":"https:\/\/miomiorun.com\/prodotto\/cep-reflective-calf-sleeves-uomo\/"},"modified":"2024-06-06T12:26:44","modified_gmt":"2024-06-06T10:26:44","slug":"reflective-calf-sleeves-herren","status":"publish","type":"product","link":"https:\/\/www.miomiorun.com\/de\/produkt\/reflective-calf-sleeves-herren\/","title":{"rendered":"Reflective Calf Sleeves herren"},"content":{"rendered":"<p>Stil trifft Funktionalit\u00e4t mit den reflektierenden <strong>Waden-Kompressions\u00e4rmeln<\/strong> von CEP f\u00fcr M\u00e4nner. Das innovative reflektierende Garn sorgt f\u00fcr 360-Grad-Sichtbarkeit, damit du vor Sonnenaufgang und nach Sonnenuntergang sicher bist. Die mittelstarke, abgestufte Kompression stabilisiert die Muskeln, verbessert die Ausdauer und beseitigt Schienbeinschmerzen bei jedem Lauf oder Training. Diese \u00c4rmel lassen sich perfekt mit Ihren Lieblingssocken oder Low Cut kombinieren. Athleten lassen sich nicht von der Tageszeit beeinflussen, sondern bleiben von der D\u00e4mmerung bis zum Morgengrauen stark und sicher in diesen leistungsstarken Wadensch\u00fctzern.<\/p>\n<ul>\n<li>SMART Reflective Technologie &#8211; Innovatives 360-Grad-Reflexionsgarn f\u00fcr Sichtbarkeit und Sicherheit bei Nacht<\/li>\n<li>Abgestufte Kompression 20-30 mmHg<\/li>\n<li>Die Muskelstabilisierung hilft, Waden- und Schienbeinkr\u00e4mpfe zu vermeiden<\/li>\n<li>HEIQ-Klimamanagement k\u00fchlt die Haut<\/li>\n<li>\u00dcberlegene atmungsaktive, feuchtigkeitsableitende Fasern halten die Haut trocken<\/li>\n<\/ul>\n<p><strong>Material:<\/strong> 79% Polyamid, 21% Elastan<\/p>\n","protected":false},"excerpt":{"rendered":"<p>Stil trifft Funktionalit\u00e4t mit den reflektierenden Waden-Kompressions\u00e4rmeln von CEP f\u00fcr M\u00e4nner. Das innovative reflektierende Garn sorgt f\u00fcr 360-Grad-Sichtbarkeit, damit du vor Sonnenaufgang und nach Sonnenuntergang sicher bist. Die mittelstarke, abgestufte Kompression stabilisiert die Muskeln, verbessert die Ausdauer und beseitigt Schienbeinschmerzen bei jedem Lauf oder Training. Diese \u00c4rmel lassen sich perfekt mit Ihren Lieblingssocken oder Low &hellip; <a href=\"https:\/\/www.miomiorun.com\/de\/produkt\/reflective-calf-sleeves-herren\/\">Continued<\/a><\/p>\n","protected":false},"featured_media":53576,"template":"","meta":{"_acf_changed":false,"inline_featured_image":false},"product_brand":[],"product_cat":[6515,6540,6514],"product_tag":[3408,6212],"class_list":{"0":"post-177279","1":"product","2":"type-product","3":"status-publish","4":"has-post-thumbnail","6":"product_cat-herren-de","7":"product_cat-herrenbekleidung","8":"product_cat-socken","9":"product_tag-cep-de","10":"product_tag-cep-herren-de","11":"pa_attivita-outdoor-de","12":"pa_attivita-running-de","13":"pa_attivita-trail-de","14":"pa_circonferenza-polpaccio-32-38-de","15":"pa_circonferenza-polpaccio-39-44-de","16":"pa_circonferenza-polpaccio-45-51-de-2","17":"pa_colore-reflective-compression-calf-sleeves-black-de","18":"pa_colore-reflective-compression-calf-sleeves-grey-de","19":"pa_marca-cep-de","20":"pa_sesso-herren","22":"first","23":"instock","24":"sale","25":"taxable","26":"shipping-taxable","27":"purchasable","28":"product-type-variable","29":"wvs-archive-product-wrapper"},"acf":[],"yoast_head":"<!-- This site is optimized with the Yoast SEO plugin v26.8 - https:\/\/yoast.com\/product\/yoast-seo-wordpress\/ -->\n<title>CepReflective Calf Sleeves herren - Laufende Socken - MioMioRun<\/title>\n<meta name=\"description\" content=\"Reflektierende Kompressionsverst\u00e4rker f\u00fcr M\u00e4nner. Reflektierendes Garn f\u00fcr Rundumsichtbarkeit. Stabilisiert die Muskeln, verbessert die Ausdauer\" \/>\n<meta name=\"robots\" content=\"index, follow, max-snippet:-1, max-image-preview:large, max-video-preview:-1\" \/>\n<link rel=\"canonical\" href=\"https:\/\/www.miomiorun.com\/de\/produkt\/reflective-calf-sleeves-herren\/\" \/>\n<meta property=\"og:locale\" content=\"de_DE\" \/>\n<meta property=\"og:type\" content=\"article\" \/>\n<meta property=\"og:title\" content=\"CepReflective Calf Sleeves herren - Laufende Socken - MioMioRun\" \/>\n<meta property=\"og:description\" content=\"Reflektierende Kompressionsverst\u00e4rker f\u00fcr M\u00e4nner. Reflektierendes Garn f\u00fcr Rundumsichtbarkeit. Stabilisiert die Muskeln, verbessert die Ausdauer\" \/>\n<meta property=\"og:url\" content=\"https:\/\/www.miomiorun.com\/de\/produkt\/reflective-calf-sleeves-herren\/\" \/>\n<meta property=\"og:site_name\" content=\"MioMioRun\" \/>\n<meta property=\"article:publisher\" content=\"https:\/\/www.facebook.com\/miomiorun\/\" \/>\n<meta property=\"article:modified_time\" content=\"2024-06-06T10:26:44+00:00\" \/>\n<meta property=\"og:image\" content=\"https:\/\/www.miomiorun.com\/app\/uploads\/2020\/10\/cep-Reflective-Compression-Calf-Sleeves-WS502Z.jpg\" \/>\n\t<meta property=\"og:image:width\" content=\"600\" \/>\n\t<meta property=\"og:image:height\" content=\"600\" \/>\n\t<meta property=\"og:image:type\" content=\"image\/jpeg\" \/>\n<meta name=\"twitter:card\" content=\"summary_large_image\" \/>\n<meta name=\"twitter:label1\" content=\"Est. reading time\" \/>\n\t<meta name=\"twitter:data1\" content=\"1 minute\" \/>\n<script type=\"application\/ld+json\" class=\"yoast-schema-graph\">{\"@context\":\"https:\/\/schema.org\",\"@graph\":[{\"@type\":\"WebPage\",\"@id\":\"https:\/\/www.miomiorun.com\/de\/produkt\/reflective-calf-sleeves-herren\/\",\"url\":\"https:\/\/www.miomiorun.com\/de\/produkt\/reflective-calf-sleeves-herren\/\",\"name\":\"CepReflective Calf Sleeves herren - Laufende Socken - MioMioRun\",\"isPartOf\":{\"@id\":\"https:\/\/www.miomiorun.com\/de\/#website\"},\"primaryImageOfPage\":{\"@id\":\"https:\/\/www.miomiorun.com\/de\/produkt\/reflective-calf-sleeves-herren\/#primaryimage\"},\"image\":{\"@id\":\"https:\/\/www.miomiorun.com\/de\/produkt\/reflective-calf-sleeves-herren\/#primaryimage\"},\"thumbnailUrl\":\"https:\/\/www.miomiorun.com\/app\/uploads\/2020\/10\/cep-Reflective-Compression-Calf-Sleeves-WS502Z.jpg\",\"datePublished\":\"2020-10-28T10:44:07+00:00\",\"dateModified\":\"2024-06-06T10:26:44+00:00\",\"description\":\"Reflektierende Kompressionsverst\u00e4rker f\u00fcr M\u00e4nner. Reflektierendes Garn f\u00fcr Rundumsichtbarkeit. Stabilisiert die Muskeln, verbessert die Ausdauer\",\"breadcrumb\":{\"@id\":\"https:\/\/www.miomiorun.com\/de\/produkt\/reflective-calf-sleeves-herren\/#breadcrumb\"},\"inLanguage\":\"de-DE\",\"potentialAction\":[{\"@type\":\"ReadAction\",\"target\":[\"https:\/\/www.miomiorun.com\/de\/produkt\/reflective-calf-sleeves-herren\/\"]}]},{\"@type\":\"ImageObject\",\"inLanguage\":\"de-DE\",\"@id\":\"https:\/\/www.miomiorun.com\/de\/produkt\/reflective-calf-sleeves-herren\/#primaryimage\",\"url\":\"https:\/\/www.miomiorun.com\/app\/uploads\/2020\/10\/cep-Reflective-Compression-Calf-Sleeves-WS502Z.jpg\",\"contentUrl\":\"https:\/\/www.miomiorun.com\/app\/uploads\/2020\/10\/cep-Reflective-Compression-Calf-Sleeves-WS502Z.jpg\",\"width\":600,\"height\":600,\"caption\":\"cep reflctive compression calf sleeves\"},{\"@type\":\"BreadcrumbList\",\"@id\":\"https:\/\/www.miomiorun.com\/de\/produkt\/reflective-calf-sleeves-herren\/#breadcrumb\",\"itemListElement\":[{\"@type\":\"ListItem\",\"position\":1,\"name\":\"Home\",\"item\":\"https:\/\/www.miomiorun.com\/de\/\"},{\"@type\":\"ListItem\",\"position\":2,\"name\":\"Shop\",\"item\":\"https:\/\/www.miomiorun.com\/shop\/\"},{\"@type\":\"ListItem\",\"position\":3,\"name\":\"Reflective Calf Sleeves herren\"}]},{\"@type\":\"WebSite\",\"@id\":\"https:\/\/www.miomiorun.com\/de\/#website\",\"url\":\"https:\/\/www.miomiorun.com\/de\/\",\"name\":\"MioMioRun\",\"description\":\"100% Lauf- und Trailshop\",\"publisher\":{\"@id\":\"https:\/\/www.miomiorun.com\/de\/#organization\"},\"potentialAction\":[{\"@type\":\"SearchAction\",\"target\":{\"@type\":\"EntryPoint\",\"urlTemplate\":\"https:\/\/www.miomiorun.com\/de\/?s={search_term_string}\"},\"query-input\":{\"@type\":\"PropertyValueSpecification\",\"valueRequired\":true,\"valueName\":\"search_term_string\"}}],\"inLanguage\":\"de-DE\"},{\"@type\":\"Organization\",\"@id\":\"https:\/\/www.miomiorun.com\/de\/#organization\",\"name\":\"MioMio Run\",\"url\":\"https:\/\/www.miomiorun.com\/de\/\",\"logo\":{\"@type\":\"ImageObject\",\"inLanguage\":\"de-DE\",\"@id\":\"https:\/\/www.miomiorun.com\/de\/#\/schema\/logo\/image\/\",\"url\":\"https:\/\/www.miomiorun.com\/app\/uploads\/2019\/12\/logomio.png\",\"contentUrl\":\"https:\/\/www.miomiorun.com\/app\/uploads\/2019\/12\/logomio.png\",\"width\":115,\"height\":82,\"caption\":\"MioMio Run\"},\"image\":{\"@id\":\"https:\/\/www.miomiorun.com\/de\/#\/schema\/logo\/image\/\"},\"sameAs\":[\"https:\/\/www.facebook.com\/miomiorun\/\",\"https:\/\/www.instagram.com\/miomiorun\/\"]}]}<\/script>\n<!-- \/ Yoast SEO plugin. -->","yoast_head_json":{"title":"CepReflective Calf Sleeves herren - Laufende Socken - MioMioRun","description":"Reflektierende Kompressionsverst\u00e4rker f\u00fcr M\u00e4nner. Reflektierendes Garn f\u00fcr Rundumsichtbarkeit. Stabilisiert die Muskeln, verbessert die Ausdauer","robots":{"index":"index","follow":"follow","max-snippet":"max-snippet:-1","max-image-preview":"max-image-preview:large","max-video-preview":"max-video-preview:-1"},"canonical":"https:\/\/www.miomiorun.com\/de\/produkt\/reflective-calf-sleeves-herren\/","og_locale":"de_DE","og_type":"article","og_title":"CepReflective Calf Sleeves herren - Laufende Socken - MioMioRun","og_description":"Reflektierende Kompressionsverst\u00e4rker f\u00fcr M\u00e4nner. Reflektierendes Garn f\u00fcr Rundumsichtbarkeit. Stabilisiert die Muskeln, verbessert die Ausdauer","og_url":"https:\/\/www.miomiorun.com\/de\/produkt\/reflective-calf-sleeves-herren\/","og_site_name":"MioMioRun","article_publisher":"https:\/\/www.facebook.com\/miomiorun\/","article_modified_time":"2024-06-06T10:26:44+00:00","og_image":[{"width":600,"height":600,"url":"https:\/\/www.miomiorun.com\/app\/uploads\/2020\/10\/cep-Reflective-Compression-Calf-Sleeves-WS502Z.jpg","type":"image\/jpeg"}],"twitter_card":"summary_large_image","twitter_misc":{"Est. reading time":"1 minute"},"schema":{"@context":"https:\/\/schema.org","@graph":[{"@type":"WebPage","@id":"https:\/\/www.miomiorun.com\/de\/produkt\/reflective-calf-sleeves-herren\/","url":"https:\/\/www.miomiorun.com\/de\/produkt\/reflective-calf-sleeves-herren\/","name":"CepReflective Calf Sleeves herren - Laufende Socken - MioMioRun","isPartOf":{"@id":"https:\/\/www.miomiorun.com\/de\/#website"},"primaryImageOfPage":{"@id":"https:\/\/www.miomiorun.com\/de\/produkt\/reflective-calf-sleeves-herren\/#primaryimage"},"image":{"@id":"https:\/\/www.miomiorun.com\/de\/produkt\/reflective-calf-sleeves-herren\/#primaryimage"},"thumbnailUrl":"https:\/\/www.miomiorun.com\/app\/uploads\/2020\/10\/cep-Reflective-Compression-Calf-Sleeves-WS502Z.jpg","datePublished":"2020-10-28T10:44:07+00:00","dateModified":"2024-06-06T10:26:44+00:00","description":"Reflektierende Kompressionsverst\u00e4rker f\u00fcr M\u00e4nner. Reflektierendes Garn f\u00fcr Rundumsichtbarkeit. Stabilisiert die Muskeln, verbessert die Ausdauer","breadcrumb":{"@id":"https:\/\/www.miomiorun.com\/de\/produkt\/reflective-calf-sleeves-herren\/#breadcrumb"},"inLanguage":"de-DE","potentialAction":[{"@type":"ReadAction","target":["https:\/\/www.miomiorun.com\/de\/produkt\/reflective-calf-sleeves-herren\/"]}]},{"@type":"ImageObject","inLanguage":"de-DE","@id":"https:\/\/www.miomiorun.com\/de\/produkt\/reflective-calf-sleeves-herren\/#primaryimage","url":"https:\/\/www.miomiorun.com\/app\/uploads\/2020\/10\/cep-Reflective-Compression-Calf-Sleeves-WS502Z.jpg","contentUrl":"https:\/\/www.miomiorun.com\/app\/uploads\/2020\/10\/cep-Reflective-Compression-Calf-Sleeves-WS502Z.jpg","width":600,"height":600,"caption":"cep reflctive compression calf sleeves"},{"@type":"BreadcrumbList","@id":"https:\/\/www.miomiorun.com\/de\/produkt\/reflective-calf-sleeves-herren\/#breadcrumb","itemListElement":[{"@type":"ListItem","position":1,"name":"Home","item":"https:\/\/www.miomiorun.com\/de\/"},{"@type":"ListItem","position":2,"name":"Shop","item":"https:\/\/www.miomiorun.com\/shop\/"},{"@type":"ListItem","position":3,"name":"Reflective Calf Sleeves herren"}]},{"@type":"WebSite","@id":"https:\/\/www.miomiorun.com\/de\/#website","url":"https:\/\/www.miomiorun.com\/de\/","name":"MioMioRun","description":"100% Lauf- und Trailshop","publisher":{"@id":"https:\/\/www.miomiorun.com\/de\/#organization"},"potentialAction":[{"@type":"SearchAction","target":{"@type":"EntryPoint","urlTemplate":"https:\/\/www.miomiorun.com\/de\/?s={search_term_string}"},"query-input":{"@type":"PropertyValueSpecification","valueRequired":true,"valueName":"search_term_string"}}],"inLanguage":"de-DE"},{"@type":"Organization","@id":"https:\/\/www.miomiorun.com\/de\/#organization","name":"MioMio Run","url":"https:\/\/www.miomiorun.com\/de\/","logo":{"@type":"ImageObject","inLanguage":"de-DE","@id":"https:\/\/www.miomiorun.com\/de\/#\/schema\/logo\/image\/","url":"https:\/\/www.miomiorun.com\/app\/uploads\/2019\/12\/logomio.png","contentUrl":"https:\/\/www.miomiorun.com\/app\/uploads\/2019\/12\/logomio.png","width":115,"height":82,"caption":"MioMio Run"},"image":{"@id":"https:\/\/www.miomiorun.com\/de\/#\/schema\/logo\/image\/"},"sameAs":["https:\/\/www.facebook.com\/miomiorun\/","https:\/\/www.instagram.com\/miomiorun\/"]}]}},"_links":{"self":[{"href":"https:\/\/www.miomiorun.com\/de\/wp-json\/wp\/v2\/product\/177279","targetHints":{"allow":["GET"]}}],"collection":[{"href":"https:\/\/www.miomiorun.com\/de\/wp-json\/wp\/v2\/product"}],"about":[{"href":"https:\/\/www.miomiorun.com\/de\/wp-json\/wp\/v2\/types\/product"}],"wp:featuredmedia":[{"embeddable":true,"href":"https:\/\/www.miomiorun.com\/de\/wp-json\/wp\/v2\/media\/53576"}],"wp:attachment":[{"href":"https:\/\/www.miomiorun.com\/de\/wp-json\/wp\/v2\/media?parent=177279"}],"wp:term":[{"taxonomy":"product_brand","embeddable":true,"href":"https:\/\/www.miomiorun.com\/de\/wp-json\/wp\/v2\/product_brand?post=177279"},{"taxonomy":"product_cat","embeddable":true,"href":"https:\/\/www.miomiorun.com\/de\/wp-json\/wp\/v2\/product_cat?post=177279"},{"taxonomy":"product_tag","embeddable":true,"href":"https:\/\/www.miomiorun.com\/de\/wp-json\/wp\/v2\/product_tag?post=177279"}],"curies":[{"name":"wp","href":"https:\/\/api.w.org\/{rel}","templated":true}]}}