{"id":177277,"date":"2020-10-29T10:00:08","date_gmt":"2020-10-29T09:00:08","guid":{"rendered":"https:\/\/miomiorun.com\/prodotto\/cep-recovery-pro-socks-uomo\/"},"modified":"2024-06-06T12:31:12","modified_gmt":"2024-06-06T10:31:12","slug":"recovery-pro-socks-herren","status":"publish","type":"product","link":"https:\/\/www.miomiorun.com\/de\/produkt\/recovery-pro-socks-herren\/","title":{"rendered":"Recovery Pro Socks herren"},"content":{"rendered":"<p>H\u00f6her, schneller, weiter: Mit einer mittelstarken, gezielten Kompression k\u00f6nnen Sie Ihre L\u00e4ufe optimieren und nach einem harten Training schneller wieder in Form kommen. Die Recovery Pro Socken f\u00fcr M\u00e4nner sind mit ihrer perfekten Passform, der Kompressionswirkung und dem funktionellen Materialmix die idealen Laufsocken. Mehr noch: Die Sportsocken holen auch im Alltag zwischen den Trainingseinheiten das Beste aus Ihnen heraus.<\/p>\n<p>Kompression f\u00fcr bessere Durchblutung und N\u00e4hrstoffversorgung der Muskulatur<br \/>\nDer gezielte Druck auf F\u00fc\u00dfe, Kn\u00f6chel und Unterschenkel verbessert den Sauerstofftransport und die Durchblutung und optimiert die N\u00e4hrstoffversorgung. So halten Sie bei Trainingseinheiten l\u00e4nger durch und erholen sich schneller. Die Kompression macht die Recovery Pro Herrensocken zu idealen Reisebegleitern, z.B. auf Langstreckenfl\u00fcgen. Auch in der Freizeit machen sie die Beine sp\u00fcrbar leichter.<\/p>\n<p>&nbsp;<\/p>\n<p><strong>Funktioneller Materialmix<\/strong><br \/>\nDie Socken bestehen aus Polyamid und einem sehr hohen Anteil an Elastan. So transportieren sie zuverl\u00e4ssig Feuchtigkeit und sorgen f\u00fcr ein angenehmes, trockenes Laufgef\u00fchl. Dank ihrer Elastizit\u00e4t schmiegen sich die Laufsocken an F\u00fc\u00dfe und Beine an. Das verhindert Druckstellen und wirkt der Blasenbildung entgegen.<\/p>\n<p><strong>L\u00e4nger durchhalten und schneller erholen<\/strong><br \/>\nGehen Sie beim Training immer wieder an Ihre Grenzen. Ihre Laufsocken unterst\u00fctzen Sie dabei. Sie profitieren von einem konstanten Frischegef\u00fchl an den Beinen und sind von dort weg. Die Kompression f\u00f6rdert eine schnellere Erholung der Beine, so dass Sie im Handumdrehen f\u00fcr Ihren n\u00e4chsten Lauf bereit sind!<\/p>\n<p>Kaufen Sie jetzt Recovery Pro Kompressionssocken f\u00fcr M\u00e4nner und genie\u00dfen Sie Ihr Training bei einem leichten Lauf.<\/p>\n<p>&nbsp;<\/p>\n<p><strong>H\u00f6hepunkte:<\/strong><\/p>\n<ul>\n<li>Mit den Recovery Pro Kompressionssocken regenerieren Sie nach der Anstrengung schneller, dank des erh\u00f6hten Abtransports von Abfallstoffen.<\/li>\n<li>Anatomische Passform und ein Mix aus hochwertigen Materialien sorgen f\u00fcr maximalen Komfort.<\/li>\n<li>Der aktivierende Druck regt die Blutzirkulation an &#8211; f\u00fcr ein konstantes Frischegef\u00fchl am Bein.<\/li>\n<\/ul>\n<p><strong>Qualit\u00e4tsmerkmale:<\/strong><\/p>\n<ul>\n<li>Ausgezeichnete anatomische Passform<\/li>\n<li>Hochwertige Materialien und beste Verarbeitung f\u00fcr maximale Haltbarkeit<\/li>\n<li>Mikrofaser f\u00fcr angenehmen Tragekomfort<\/li>\n<li>Extra flache Zehennaht<\/li>\n<\/ul>\n<p><strong>Funktionelle Eigenschaften:<\/strong><\/p>\n<ul>\n<li>Permanentes Klimamanagement<\/li>\n<li>Antibakterielle und geruchshemmende Wirkung<\/li>\n<li>Anatomische Fu\u00dfpolsterung<\/li>\n<\/ul>\n<p><strong>Material:<\/strong><\/p>\n<p>63% Polyamid, 37% Elasthan<\/p>\n<p>&nbsp;<\/p>\n","protected":false},"excerpt":{"rendered":"<p>H\u00f6her, schneller, weiter: Mit einer mittelstarken, gezielten Kompression k\u00f6nnen Sie Ihre L\u00e4ufe optimieren und nach einem harten Training schneller wieder in Form kommen. Die Recovery Pro Socken f\u00fcr M\u00e4nner sind mit ihrer perfekten Passform, der Kompressionswirkung und dem funktionellen Materialmix die idealen Laufsocken. Mehr noch: Die Sportsocken holen auch im Alltag zwischen den Trainingseinheiten das &hellip; <a href=\"https:\/\/www.miomiorun.com\/de\/produkt\/recovery-pro-socks-herren\/\">Continued<\/a><\/p>\n","protected":false},"featured_media":53586,"template":"","meta":{"_acf_changed":false,"inline_featured_image":false},"product_brand":[],"product_cat":[6515,6540,6514],"product_tag":[3408,6212],"class_list":{"0":"post-177277","1":"product","2":"type-product","3":"status-publish","4":"has-post-thumbnail","6":"product_cat-herren-de","7":"product_cat-herrenbekleidung","8":"product_cat-socken","9":"product_tag-cep-de","10":"product_tag-cep-herren-de","11":"pa_attivita-lifestyle-de","12":"pa_circonferenza-polpaccio-32-38-de","13":"pa_circonferenza-polpaccio-39-44-de","14":"pa_colore-recovery-pro-compression-socks-black-de","15":"pa_marca-cep-de","16":"pa_sesso-herren","18":"first","19":"instock","20":"sale","21":"taxable","22":"shipping-taxable","23":"purchasable","24":"product-type-variable","25":"wvs-archive-product-wrapper"},"acf":[],"yoast_head":"<!-- This site is optimized with the Yoast SEO plugin v26.8 - https:\/\/yoast.com\/product\/yoast-seo-wordpress\/ -->\n<title>CepRecovery Pro Socks herren - Laufende Socken - MioMioRun<\/title>\n<meta name=\"description\" content=\"H\u00f6her, schneller, weiter: Mit gezielter mittlerer Kompression k\u00f6nnen Sie Ihre L\u00e4ufe optimieren und nach einem harten Training schneller in Form kommen.\" \/>\n<meta name=\"robots\" content=\"index, follow, max-snippet:-1, max-image-preview:large, max-video-preview:-1\" \/>\n<link rel=\"canonical\" href=\"https:\/\/www.miomiorun.com\/de\/produkt\/recovery-pro-socks-herren\/\" \/>\n<meta property=\"og:locale\" content=\"de_DE\" \/>\n<meta property=\"og:type\" content=\"article\" \/>\n<meta property=\"og:title\" content=\"CepRecovery Pro Socks herren - Laufende Socken - MioMioRun\" \/>\n<meta property=\"og:description\" content=\"H\u00f6her, schneller, weiter: Mit gezielter mittlerer Kompression k\u00f6nnen Sie Ihre L\u00e4ufe optimieren und nach einem harten Training schneller in Form kommen.\" \/>\n<meta property=\"og:url\" content=\"https:\/\/www.miomiorun.com\/de\/produkt\/recovery-pro-socks-herren\/\" \/>\n<meta property=\"og:site_name\" content=\"MioMioRun\" \/>\n<meta property=\"article:publisher\" content=\"https:\/\/www.facebook.com\/miomiorun\/\" \/>\n<meta property=\"article:modified_time\" content=\"2024-06-06T10:31:12+00:00\" \/>\n<meta property=\"og:image\" content=\"https:\/\/www.miomiorun.com\/app\/uploads\/2020\/10\/cep-recovery-pro-compression-socks-WP505T.jpg\" \/>\n\t<meta property=\"og:image:width\" content=\"600\" \/>\n\t<meta property=\"og:image:height\" content=\"600\" \/>\n\t<meta property=\"og:image:type\" content=\"image\/jpeg\" \/>\n<meta name=\"twitter:card\" content=\"summary_large_image\" \/>\n<meta name=\"twitter:label1\" content=\"Est. reading time\" \/>\n\t<meta name=\"twitter:data1\" content=\"2 minutes\" \/>\n<script type=\"application\/ld+json\" class=\"yoast-schema-graph\">{\"@context\":\"https:\/\/schema.org\",\"@graph\":[{\"@type\":\"WebPage\",\"@id\":\"https:\/\/www.miomiorun.com\/de\/produkt\/recovery-pro-socks-herren\/\",\"url\":\"https:\/\/www.miomiorun.com\/de\/produkt\/recovery-pro-socks-herren\/\",\"name\":\"CepRecovery Pro Socks herren - Laufende Socken - MioMioRun\",\"isPartOf\":{\"@id\":\"https:\/\/www.miomiorun.com\/de\/#website\"},\"primaryImageOfPage\":{\"@id\":\"https:\/\/www.miomiorun.com\/de\/produkt\/recovery-pro-socks-herren\/#primaryimage\"},\"image\":{\"@id\":\"https:\/\/www.miomiorun.com\/de\/produkt\/recovery-pro-socks-herren\/#primaryimage\"},\"thumbnailUrl\":\"https:\/\/www.miomiorun.com\/app\/uploads\/2020\/10\/cep-recovery-pro-compression-socks-WP505T.jpg\",\"datePublished\":\"2020-10-29T09:00:08+00:00\",\"dateModified\":\"2024-06-06T10:31:12+00:00\",\"description\":\"H\u00f6her, schneller, weiter: Mit gezielter mittlerer Kompression k\u00f6nnen Sie Ihre L\u00e4ufe optimieren und nach einem harten Training schneller in Form kommen.\",\"breadcrumb\":{\"@id\":\"https:\/\/www.miomiorun.com\/de\/produkt\/recovery-pro-socks-herren\/#breadcrumb\"},\"inLanguage\":\"de-DE\",\"potentialAction\":[{\"@type\":\"ReadAction\",\"target\":[\"https:\/\/www.miomiorun.com\/de\/produkt\/recovery-pro-socks-herren\/\"]}]},{\"@type\":\"ImageObject\",\"inLanguage\":\"de-DE\",\"@id\":\"https:\/\/www.miomiorun.com\/de\/produkt\/recovery-pro-socks-herren\/#primaryimage\",\"url\":\"https:\/\/www.miomiorun.com\/app\/uploads\/2020\/10\/cep-recovery-pro-compression-socks-WP505T.jpg\",\"contentUrl\":\"https:\/\/www.miomiorun.com\/app\/uploads\/2020\/10\/cep-recovery-pro-compression-socks-WP505T.jpg\",\"width\":600,\"height\":600,\"caption\":\"cep recovery pro compression\"},{\"@type\":\"BreadcrumbList\",\"@id\":\"https:\/\/www.miomiorun.com\/de\/produkt\/recovery-pro-socks-herren\/#breadcrumb\",\"itemListElement\":[{\"@type\":\"ListItem\",\"position\":1,\"name\":\"Home\",\"item\":\"https:\/\/www.miomiorun.com\/de\/\"},{\"@type\":\"ListItem\",\"position\":2,\"name\":\"Shop\",\"item\":\"https:\/\/www.miomiorun.com\/shop\/\"},{\"@type\":\"ListItem\",\"position\":3,\"name\":\"Recovery Pro Socks herren\"}]},{\"@type\":\"WebSite\",\"@id\":\"https:\/\/www.miomiorun.com\/de\/#website\",\"url\":\"https:\/\/www.miomiorun.com\/de\/\",\"name\":\"MioMioRun\",\"description\":\"100% Lauf- und Trailshop\",\"publisher\":{\"@id\":\"https:\/\/www.miomiorun.com\/de\/#organization\"},\"potentialAction\":[{\"@type\":\"SearchAction\",\"target\":{\"@type\":\"EntryPoint\",\"urlTemplate\":\"https:\/\/www.miomiorun.com\/de\/?s={search_term_string}\"},\"query-input\":{\"@type\":\"PropertyValueSpecification\",\"valueRequired\":true,\"valueName\":\"search_term_string\"}}],\"inLanguage\":\"de-DE\"},{\"@type\":\"Organization\",\"@id\":\"https:\/\/www.miomiorun.com\/de\/#organization\",\"name\":\"MioMio Run\",\"url\":\"https:\/\/www.miomiorun.com\/de\/\",\"logo\":{\"@type\":\"ImageObject\",\"inLanguage\":\"de-DE\",\"@id\":\"https:\/\/www.miomiorun.com\/de\/#\/schema\/logo\/image\/\",\"url\":\"https:\/\/www.miomiorun.com\/app\/uploads\/2019\/12\/logomio.png\",\"contentUrl\":\"https:\/\/www.miomiorun.com\/app\/uploads\/2019\/12\/logomio.png\",\"width\":115,\"height\":82,\"caption\":\"MioMio Run\"},\"image\":{\"@id\":\"https:\/\/www.miomiorun.com\/de\/#\/schema\/logo\/image\/\"},\"sameAs\":[\"https:\/\/www.facebook.com\/miomiorun\/\",\"https:\/\/www.instagram.com\/miomiorun\/\"]}]}<\/script>\n<!-- \/ Yoast SEO plugin. -->","yoast_head_json":{"title":"CepRecovery Pro Socks herren - Laufende Socken - MioMioRun","description":"H\u00f6her, schneller, weiter: Mit gezielter mittlerer Kompression k\u00f6nnen Sie Ihre L\u00e4ufe optimieren und nach einem harten Training schneller in Form kommen.","robots":{"index":"index","follow":"follow","max-snippet":"max-snippet:-1","max-image-preview":"max-image-preview:large","max-video-preview":"max-video-preview:-1"},"canonical":"https:\/\/www.miomiorun.com\/de\/produkt\/recovery-pro-socks-herren\/","og_locale":"de_DE","og_type":"article","og_title":"CepRecovery Pro Socks herren - Laufende Socken - MioMioRun","og_description":"H\u00f6her, schneller, weiter: Mit gezielter mittlerer Kompression k\u00f6nnen Sie Ihre L\u00e4ufe optimieren und nach einem harten Training schneller in Form kommen.","og_url":"https:\/\/www.miomiorun.com\/de\/produkt\/recovery-pro-socks-herren\/","og_site_name":"MioMioRun","article_publisher":"https:\/\/www.facebook.com\/miomiorun\/","article_modified_time":"2024-06-06T10:31:12+00:00","og_image":[{"width":600,"height":600,"url":"https:\/\/www.miomiorun.com\/app\/uploads\/2020\/10\/cep-recovery-pro-compression-socks-WP505T.jpg","type":"image\/jpeg"}],"twitter_card":"summary_large_image","twitter_misc":{"Est. reading time":"2 minutes"},"schema":{"@context":"https:\/\/schema.org","@graph":[{"@type":"WebPage","@id":"https:\/\/www.miomiorun.com\/de\/produkt\/recovery-pro-socks-herren\/","url":"https:\/\/www.miomiorun.com\/de\/produkt\/recovery-pro-socks-herren\/","name":"CepRecovery Pro Socks herren - Laufende Socken - MioMioRun","isPartOf":{"@id":"https:\/\/www.miomiorun.com\/de\/#website"},"primaryImageOfPage":{"@id":"https:\/\/www.miomiorun.com\/de\/produkt\/recovery-pro-socks-herren\/#primaryimage"},"image":{"@id":"https:\/\/www.miomiorun.com\/de\/produkt\/recovery-pro-socks-herren\/#primaryimage"},"thumbnailUrl":"https:\/\/www.miomiorun.com\/app\/uploads\/2020\/10\/cep-recovery-pro-compression-socks-WP505T.jpg","datePublished":"2020-10-29T09:00:08+00:00","dateModified":"2024-06-06T10:31:12+00:00","description":"H\u00f6her, schneller, weiter: Mit gezielter mittlerer Kompression k\u00f6nnen Sie Ihre L\u00e4ufe optimieren und nach einem harten Training schneller in Form kommen.","breadcrumb":{"@id":"https:\/\/www.miomiorun.com\/de\/produkt\/recovery-pro-socks-herren\/#breadcrumb"},"inLanguage":"de-DE","potentialAction":[{"@type":"ReadAction","target":["https:\/\/www.miomiorun.com\/de\/produkt\/recovery-pro-socks-herren\/"]}]},{"@type":"ImageObject","inLanguage":"de-DE","@id":"https:\/\/www.miomiorun.com\/de\/produkt\/recovery-pro-socks-herren\/#primaryimage","url":"https:\/\/www.miomiorun.com\/app\/uploads\/2020\/10\/cep-recovery-pro-compression-socks-WP505T.jpg","contentUrl":"https:\/\/www.miomiorun.com\/app\/uploads\/2020\/10\/cep-recovery-pro-compression-socks-WP505T.jpg","width":600,"height":600,"caption":"cep recovery pro compression"},{"@type":"BreadcrumbList","@id":"https:\/\/www.miomiorun.com\/de\/produkt\/recovery-pro-socks-herren\/#breadcrumb","itemListElement":[{"@type":"ListItem","position":1,"name":"Home","item":"https:\/\/www.miomiorun.com\/de\/"},{"@type":"ListItem","position":2,"name":"Shop","item":"https:\/\/www.miomiorun.com\/shop\/"},{"@type":"ListItem","position":3,"name":"Recovery Pro Socks herren"}]},{"@type":"WebSite","@id":"https:\/\/www.miomiorun.com\/de\/#website","url":"https:\/\/www.miomiorun.com\/de\/","name":"MioMioRun","description":"100% Lauf- und Trailshop","publisher":{"@id":"https:\/\/www.miomiorun.com\/de\/#organization"},"potentialAction":[{"@type":"SearchAction","target":{"@type":"EntryPoint","urlTemplate":"https:\/\/www.miomiorun.com\/de\/?s={search_term_string}"},"query-input":{"@type":"PropertyValueSpecification","valueRequired":true,"valueName":"search_term_string"}}],"inLanguage":"de-DE"},{"@type":"Organization","@id":"https:\/\/www.miomiorun.com\/de\/#organization","name":"MioMio Run","url":"https:\/\/www.miomiorun.com\/de\/","logo":{"@type":"ImageObject","inLanguage":"de-DE","@id":"https:\/\/www.miomiorun.com\/de\/#\/schema\/logo\/image\/","url":"https:\/\/www.miomiorun.com\/app\/uploads\/2019\/12\/logomio.png","contentUrl":"https:\/\/www.miomiorun.com\/app\/uploads\/2019\/12\/logomio.png","width":115,"height":82,"caption":"MioMio Run"},"image":{"@id":"https:\/\/www.miomiorun.com\/de\/#\/schema\/logo\/image\/"},"sameAs":["https:\/\/www.facebook.com\/miomiorun\/","https:\/\/www.instagram.com\/miomiorun\/"]}]}},"_links":{"self":[{"href":"https:\/\/www.miomiorun.com\/de\/wp-json\/wp\/v2\/product\/177277","targetHints":{"allow":["GET"]}}],"collection":[{"href":"https:\/\/www.miomiorun.com\/de\/wp-json\/wp\/v2\/product"}],"about":[{"href":"https:\/\/www.miomiorun.com\/de\/wp-json\/wp\/v2\/types\/product"}],"wp:featuredmedia":[{"embeddable":true,"href":"https:\/\/www.miomiorun.com\/de\/wp-json\/wp\/v2\/media\/53586"}],"wp:attachment":[{"href":"https:\/\/www.miomiorun.com\/de\/wp-json\/wp\/v2\/media?parent=177277"}],"wp:term":[{"taxonomy":"product_brand","embeddable":true,"href":"https:\/\/www.miomiorun.com\/de\/wp-json\/wp\/v2\/product_brand?post=177277"},{"taxonomy":"product_cat","embeddable":true,"href":"https:\/\/www.miomiorun.com\/de\/wp-json\/wp\/v2\/product_cat?post=177277"},{"taxonomy":"product_tag","embeddable":true,"href":"https:\/\/www.miomiorun.com\/de\/wp-json\/wp\/v2\/product_tag?post=177277"}],"curies":[{"name":"wp","href":"https:\/\/api.w.org\/{rel}","templated":true}]}}