{"id":177267,"date":"2021-05-27T09:58:31","date_gmt":"2021-05-27T07:58:31","guid":{"rendered":"https:\/\/miomiorun.com\/prodotto\/cep-sleeves-ultralight-pro-uomo\/"},"modified":"2026-02-13T19:24:07","modified_gmt":"2026-02-13T18:24:07","slug":"cep-sleeves-ultralight-pro-herren","status":"publish","type":"product","link":"https:\/\/www.miomiorun.com\/de\/produkt\/cep-sleeves-ultralight-pro-herren\/","title":{"rendered":"Sleeves Ultralight Pro herren"},"content":{"rendered":"<p>Die perfekten Beinlinge f\u00fcr Trailrunning: Die Ultralight Pro Compression Sleeves f\u00fcr Herren verf\u00fcgen \u00fcber einen <strong>hochwertigen Carbon Print<\/strong>, der deine Schienbeine vor St\u00f6\u00dfen durch Str\u00e4ucher sch\u00fctzt. In Kombination mit zus\u00e4tzlichen Carbonfasern erh\u00f6ht sich die Haltbarkeit des extrem d\u00fcnnen und leichten Materials. Tragen Sie die Beinlinge bei hohen Temperaturen und <strong>aktivieren Sie Ihre volle Leistungsf\u00e4higkeit.<\/strong> Die Sleeves vervollst\u00e4ndigen Ihren <strong>Trailrunning-Look<\/strong> auf funktionale und stilvolle Weise.<\/p>\n<h3>Pro Sleeves f\u00fcr Herren mit Carbon Print f\u00fcr Trailrunning<\/h3>\n<p>L\u00e4ufe auf schmalen Pfaden und in dichtem Gel\u00e4nde beanspruchen das Material, aber die Carbon-Schicht sch\u00fctzt deine Schienbeine und Beinlinge vor dem Kontakt mit Str\u00e4uchern. Das d\u00fcnne, leichte und atmungsaktive Material bietet dir wunderbaren Halt bei deinen L\u00e4ufen im Sommer.<\/p>\n<h3>Sommer-Beinlinge f\u00fcr Leichtigkeit, Wohlbefinden und Kraft<\/h3>\n<p>Die Sleeves verrutschen dank der<strong>&nbsp;ultraleichten Materialmischung<\/strong> nicht und f\u00fchlen sich angenehm auf der Haut an. Die Sleeves <strong>reduzieren Muskelvibrationen<\/strong>, aktivieren deine Wadenmuskulatur und verbessern deine Leistung.<\/p>\n<h3>Bessere N\u00e4hrstoffversorgung f\u00fcr mehr Kraft mit Feel-Good-Effekt<\/h3>\n<p>Durch den Einsatz von noch <strong>mehr medi compression<\/strong> profitieren deine Beine im Sommer von einer <strong>optimierten N\u00e4hrstoffversorgung<\/strong>. Sauerstoff gelangt schneller zu den Zellen, deine Beine genie\u00dfen mehr Frische und Energie. Der sanfte Druck auf die Muskulatur sorgt f\u00fcr eine tiefgehende Stabilisierung. Die Ultralight Pro Sleeves f\u00fcr Herren sind ideal f\u00fcr ambitionierte Trailrunner, Leichtathleten und Ausdauersportler beim Training oder bei Wettk\u00e4mpfen im Sommer.<\/p>\n<h3>Produkteigenschaften:<\/h3>\n<ul class=\"selling-points\">\n<li>Die Ultralight Pro Compression Sleeves f\u00fcr Herren reduzieren energiezehrende Muskelvibrationen. Dein Lauf profitiert von kraftvollen Beinen!<\/li>\n<li>Die medi compression stimuliert deine Wadenmuskulatur tiefenwirksam mit gezieltem Druck und sorgt so f\u00fcr die n\u00f6tige Stabilit\u00e4t.<\/li>\n<li>Die optimierte N\u00e4hrstoffversorgung sorgt f\u00fcr angenehm leichte Beine mit Feel-Good-Effekt<\/li>\n<\/ul>\n<p><strong>Materialien:<\/strong> 77 % Polyamid, 23 % Elasthan<\/p>\n","protected":false},"excerpt":{"rendered":"<p>Die perfekten Beinlinge f\u00fcr Trailrunning: Die Ultralight Pro Compression Sleeves f\u00fcr Herren verf\u00fcgen \u00fcber einen hochwertigen Carbon Print, der deine Schienbeine vor St\u00f6\u00dfen durch Str\u00e4ucher sch\u00fctzt. In Kombination mit zus\u00e4tzlichen Carbonfasern erh\u00f6ht sich die Haltbarkeit des extrem d\u00fcnnen und leichten Materials. Tragen Sie die Beinlinge bei hohen Temperaturen und aktivieren Sie Ihre volle Leistungsf\u00e4higkeit. Die &hellip; <a href=\"https:\/\/www.miomiorun.com\/de\/produkt\/cep-sleeves-ultralight-pro-herren\/\">Continued<\/a><\/p>\n","protected":false},"featured_media":55839,"template":"","meta":{"_acf_changed":false,"inline_featured_image":false},"product_brand":[],"product_cat":[6515,6540,6514],"product_tag":[3408,6212],"class_list":{"0":"post-177267","1":"product","2":"type-product","3":"status-publish","4":"has-post-thumbnail","6":"product_cat-herren-de","7":"product_cat-herrenbekleidung","8":"product_cat-socken","9":"product_tag-cep-de","10":"product_tag-cep-herren-de","11":"pa_attivita-running-de","12":"pa_attivita-trail-de","13":"pa_circonferenza-polpaccio-39-44-de","14":"pa_circonferenza-polpaccio-45-51-de-2","15":"pa_colore-sleeves-ultalight-pro-m-black-de","16":"pa_colore-sleeves-ultralight-pro-m-blue-de","17":"pa_marca-cep-de","18":"pa_sesso-herren","20":"first","21":"instock","22":"sale","23":"taxable","24":"shipping-taxable","25":"purchasable","26":"product-type-variable","27":"wvs-archive-product-wrapper"},"acf":[],"yoast_head":"<!-- This site is optimized with the Yoast SEO plugin v26.8 - https:\/\/yoast.com\/product\/yoast-seo-wordpress\/ -->\n<title>Cep Sleeves Ultralight Pro herren -Laufsocken f\u00fcr Herren - MioMioRun .com<\/title>\n<meta name=\"description\" content=\"Die perfekten Beinlinge f\u00fcr Trailrunning: Die Ultralight Pro Compression Sleeves f\u00fcr Herren verf\u00fcgen \u00fcber einen hochwertigen Carbon-Print.\" \/>\n<meta name=\"robots\" content=\"index, follow, max-snippet:-1, max-image-preview:large, max-video-preview:-1\" \/>\n<link rel=\"canonical\" href=\"https:\/\/www.miomiorun.com\/de\/produkt\/cep-sleeves-ultralight-pro-herren\/\" \/>\n<meta property=\"og:locale\" content=\"de_DE\" \/>\n<meta property=\"og:type\" content=\"article\" \/>\n<meta property=\"og:title\" content=\"Cep Sleeves Ultralight Pro herren -Laufsocken f\u00fcr Herren - MioMioRun .com\" \/>\n<meta property=\"og:description\" content=\"Die perfekten Beinlinge f\u00fcr Trailrunning: Die Ultralight Pro Compression Sleeves f\u00fcr Herren verf\u00fcgen \u00fcber einen hochwertigen Carbon-Print.\" \/>\n<meta property=\"og:url\" content=\"https:\/\/www.miomiorun.com\/de\/produkt\/cep-sleeves-ultralight-pro-herren\/\" \/>\n<meta property=\"og:site_name\" content=\"MioMioRun\" \/>\n<meta property=\"article:publisher\" content=\"https:\/\/www.facebook.com\/miomiorun\/\" \/>\n<meta property=\"article:modified_time\" content=\"2026-02-13T18:24:07+00:00\" \/>\n<meta property=\"og:image\" content=\"https:\/\/www.miomiorun.com\/app\/uploads\/2021\/05\/cep-Sleeves-ultalight-Pro-WS50IQ.jpg\" \/>\n\t<meta property=\"og:image:width\" content=\"600\" \/>\n\t<meta property=\"og:image:height\" content=\"600\" \/>\n\t<meta property=\"og:image:type\" content=\"image\/jpeg\" \/>\n<meta name=\"twitter:card\" content=\"summary_large_image\" \/>\n<meta name=\"twitter:label1\" content=\"Est. reading time\" \/>\n\t<meta name=\"twitter:data1\" content=\"1 minute\" \/>\n<script type=\"application\/ld+json\" class=\"yoast-schema-graph\">{\"@context\":\"https:\/\/schema.org\",\"@graph\":[{\"@type\":\"WebPage\",\"@id\":\"https:\/\/www.miomiorun.com\/de\/produkt\/cep-sleeves-ultralight-pro-herren\/\",\"url\":\"https:\/\/www.miomiorun.com\/de\/produkt\/cep-sleeves-ultralight-pro-herren\/\",\"name\":\"Cep Sleeves Ultralight Pro herren -Laufsocken f\u00fcr Herren - MioMioRun .com\",\"isPartOf\":{\"@id\":\"https:\/\/www.miomiorun.com\/de\/#website\"},\"primaryImageOfPage\":{\"@id\":\"https:\/\/www.miomiorun.com\/de\/produkt\/cep-sleeves-ultralight-pro-herren\/#primaryimage\"},\"image\":{\"@id\":\"https:\/\/www.miomiorun.com\/de\/produkt\/cep-sleeves-ultralight-pro-herren\/#primaryimage\"},\"thumbnailUrl\":\"https:\/\/www.miomiorun.com\/app\/uploads\/2021\/05\/cep-Sleeves-ultalight-Pro-WS50IQ.jpg\",\"datePublished\":\"2021-05-27T07:58:31+00:00\",\"dateModified\":\"2026-02-13T18:24:07+00:00\",\"description\":\"Die perfekten Beinlinge f\u00fcr Trailrunning: Die Ultralight Pro Compression Sleeves f\u00fcr Herren verf\u00fcgen \u00fcber einen hochwertigen Carbon-Print.\",\"breadcrumb\":{\"@id\":\"https:\/\/www.miomiorun.com\/de\/produkt\/cep-sleeves-ultralight-pro-herren\/#breadcrumb\"},\"inLanguage\":\"de-DE\",\"potentialAction\":[{\"@type\":\"ReadAction\",\"target\":[\"https:\/\/www.miomiorun.com\/de\/produkt\/cep-sleeves-ultralight-pro-herren\/\"]}]},{\"@type\":\"ImageObject\",\"inLanguage\":\"de-DE\",\"@id\":\"https:\/\/www.miomiorun.com\/de\/produkt\/cep-sleeves-ultralight-pro-herren\/#primaryimage\",\"url\":\"https:\/\/www.miomiorun.com\/app\/uploads\/2021\/05\/cep-Sleeves-ultalight-Pro-WS50IQ.jpg\",\"contentUrl\":\"https:\/\/www.miomiorun.com\/app\/uploads\/2021\/05\/cep-Sleeves-ultalight-Pro-WS50IQ.jpg\",\"width\":600,\"height\":600,\"caption\":\"cep-Sleeves-ultalight-Pro-WS50IQ\"},{\"@type\":\"BreadcrumbList\",\"@id\":\"https:\/\/www.miomiorun.com\/de\/produkt\/cep-sleeves-ultralight-pro-herren\/#breadcrumb\",\"itemListElement\":[{\"@type\":\"ListItem\",\"position\":1,\"name\":\"Home\",\"item\":\"https:\/\/www.miomiorun.com\/de\/\"},{\"@type\":\"ListItem\",\"position\":2,\"name\":\"Shop\",\"item\":\"https:\/\/www.miomiorun.com\/shop\/\"},{\"@type\":\"ListItem\",\"position\":3,\"name\":\"Sleeves Ultralight Pro herren\"}]},{\"@type\":\"WebSite\",\"@id\":\"https:\/\/www.miomiorun.com\/de\/#website\",\"url\":\"https:\/\/www.miomiorun.com\/de\/\",\"name\":\"MioMioRun\",\"description\":\"100% Lauf- und Trailshop\",\"publisher\":{\"@id\":\"https:\/\/www.miomiorun.com\/de\/#organization\"},\"potentialAction\":[{\"@type\":\"SearchAction\",\"target\":{\"@type\":\"EntryPoint\",\"urlTemplate\":\"https:\/\/www.miomiorun.com\/de\/?s={search_term_string}\"},\"query-input\":{\"@type\":\"PropertyValueSpecification\",\"valueRequired\":true,\"valueName\":\"search_term_string\"}}],\"inLanguage\":\"de-DE\"},{\"@type\":\"Organization\",\"@id\":\"https:\/\/www.miomiorun.com\/de\/#organization\",\"name\":\"MioMio Run\",\"url\":\"https:\/\/www.miomiorun.com\/de\/\",\"logo\":{\"@type\":\"ImageObject\",\"inLanguage\":\"de-DE\",\"@id\":\"https:\/\/www.miomiorun.com\/de\/#\/schema\/logo\/image\/\",\"url\":\"https:\/\/www.miomiorun.com\/app\/uploads\/2019\/12\/logomio.png\",\"contentUrl\":\"https:\/\/www.miomiorun.com\/app\/uploads\/2019\/12\/logomio.png\",\"width\":115,\"height\":82,\"caption\":\"MioMio Run\"},\"image\":{\"@id\":\"https:\/\/www.miomiorun.com\/de\/#\/schema\/logo\/image\/\"},\"sameAs\":[\"https:\/\/www.facebook.com\/miomiorun\/\",\"https:\/\/www.instagram.com\/miomiorun\/\"]}]}<\/script>\n<!-- \/ Yoast SEO plugin. -->","yoast_head_json":{"title":"Cep Sleeves Ultralight Pro herren -Laufsocken f\u00fcr Herren - MioMioRun .com","description":"Die perfekten Beinlinge f\u00fcr Trailrunning: Die Ultralight Pro Compression Sleeves f\u00fcr Herren verf\u00fcgen \u00fcber einen hochwertigen Carbon-Print.","robots":{"index":"index","follow":"follow","max-snippet":"max-snippet:-1","max-image-preview":"max-image-preview:large","max-video-preview":"max-video-preview:-1"},"canonical":"https:\/\/www.miomiorun.com\/de\/produkt\/cep-sleeves-ultralight-pro-herren\/","og_locale":"de_DE","og_type":"article","og_title":"Cep Sleeves Ultralight Pro herren -Laufsocken f\u00fcr Herren - MioMioRun .com","og_description":"Die perfekten Beinlinge f\u00fcr Trailrunning: Die Ultralight Pro Compression Sleeves f\u00fcr Herren verf\u00fcgen \u00fcber einen hochwertigen Carbon-Print.","og_url":"https:\/\/www.miomiorun.com\/de\/produkt\/cep-sleeves-ultralight-pro-herren\/","og_site_name":"MioMioRun","article_publisher":"https:\/\/www.facebook.com\/miomiorun\/","article_modified_time":"2026-02-13T18:24:07+00:00","og_image":[{"width":600,"height":600,"url":"https:\/\/www.miomiorun.com\/app\/uploads\/2021\/05\/cep-Sleeves-ultalight-Pro-WS50IQ.jpg","type":"image\/jpeg"}],"twitter_card":"summary_large_image","twitter_misc":{"Est. reading time":"1 minute"},"schema":{"@context":"https:\/\/schema.org","@graph":[{"@type":"WebPage","@id":"https:\/\/www.miomiorun.com\/de\/produkt\/cep-sleeves-ultralight-pro-herren\/","url":"https:\/\/www.miomiorun.com\/de\/produkt\/cep-sleeves-ultralight-pro-herren\/","name":"Cep Sleeves Ultralight Pro herren -Laufsocken f\u00fcr Herren - MioMioRun .com","isPartOf":{"@id":"https:\/\/www.miomiorun.com\/de\/#website"},"primaryImageOfPage":{"@id":"https:\/\/www.miomiorun.com\/de\/produkt\/cep-sleeves-ultralight-pro-herren\/#primaryimage"},"image":{"@id":"https:\/\/www.miomiorun.com\/de\/produkt\/cep-sleeves-ultralight-pro-herren\/#primaryimage"},"thumbnailUrl":"https:\/\/www.miomiorun.com\/app\/uploads\/2021\/05\/cep-Sleeves-ultalight-Pro-WS50IQ.jpg","datePublished":"2021-05-27T07:58:31+00:00","dateModified":"2026-02-13T18:24:07+00:00","description":"Die perfekten Beinlinge f\u00fcr Trailrunning: Die Ultralight Pro Compression Sleeves f\u00fcr Herren verf\u00fcgen \u00fcber einen hochwertigen Carbon-Print.","breadcrumb":{"@id":"https:\/\/www.miomiorun.com\/de\/produkt\/cep-sleeves-ultralight-pro-herren\/#breadcrumb"},"inLanguage":"de-DE","potentialAction":[{"@type":"ReadAction","target":["https:\/\/www.miomiorun.com\/de\/produkt\/cep-sleeves-ultralight-pro-herren\/"]}]},{"@type":"ImageObject","inLanguage":"de-DE","@id":"https:\/\/www.miomiorun.com\/de\/produkt\/cep-sleeves-ultralight-pro-herren\/#primaryimage","url":"https:\/\/www.miomiorun.com\/app\/uploads\/2021\/05\/cep-Sleeves-ultalight-Pro-WS50IQ.jpg","contentUrl":"https:\/\/www.miomiorun.com\/app\/uploads\/2021\/05\/cep-Sleeves-ultalight-Pro-WS50IQ.jpg","width":600,"height":600,"caption":"cep-Sleeves-ultalight-Pro-WS50IQ"},{"@type":"BreadcrumbList","@id":"https:\/\/www.miomiorun.com\/de\/produkt\/cep-sleeves-ultralight-pro-herren\/#breadcrumb","itemListElement":[{"@type":"ListItem","position":1,"name":"Home","item":"https:\/\/www.miomiorun.com\/de\/"},{"@type":"ListItem","position":2,"name":"Shop","item":"https:\/\/www.miomiorun.com\/shop\/"},{"@type":"ListItem","position":3,"name":"Sleeves Ultralight Pro herren"}]},{"@type":"WebSite","@id":"https:\/\/www.miomiorun.com\/de\/#website","url":"https:\/\/www.miomiorun.com\/de\/","name":"MioMioRun","description":"100% Lauf- und Trailshop","publisher":{"@id":"https:\/\/www.miomiorun.com\/de\/#organization"},"potentialAction":[{"@type":"SearchAction","target":{"@type":"EntryPoint","urlTemplate":"https:\/\/www.miomiorun.com\/de\/?s={search_term_string}"},"query-input":{"@type":"PropertyValueSpecification","valueRequired":true,"valueName":"search_term_string"}}],"inLanguage":"de-DE"},{"@type":"Organization","@id":"https:\/\/www.miomiorun.com\/de\/#organization","name":"MioMio Run","url":"https:\/\/www.miomiorun.com\/de\/","logo":{"@type":"ImageObject","inLanguage":"de-DE","@id":"https:\/\/www.miomiorun.com\/de\/#\/schema\/logo\/image\/","url":"https:\/\/www.miomiorun.com\/app\/uploads\/2019\/12\/logomio.png","contentUrl":"https:\/\/www.miomiorun.com\/app\/uploads\/2019\/12\/logomio.png","width":115,"height":82,"caption":"MioMio Run"},"image":{"@id":"https:\/\/www.miomiorun.com\/de\/#\/schema\/logo\/image\/"},"sameAs":["https:\/\/www.facebook.com\/miomiorun\/","https:\/\/www.instagram.com\/miomiorun\/"]}]}},"_links":{"self":[{"href":"https:\/\/www.miomiorun.com\/de\/wp-json\/wp\/v2\/product\/177267","targetHints":{"allow":["GET"]}}],"collection":[{"href":"https:\/\/www.miomiorun.com\/de\/wp-json\/wp\/v2\/product"}],"about":[{"href":"https:\/\/www.miomiorun.com\/de\/wp-json\/wp\/v2\/types\/product"}],"wp:featuredmedia":[{"embeddable":true,"href":"https:\/\/www.miomiorun.com\/de\/wp-json\/wp\/v2\/media\/55839"}],"wp:attachment":[{"href":"https:\/\/www.miomiorun.com\/de\/wp-json\/wp\/v2\/media?parent=177267"}],"wp:term":[{"taxonomy":"product_brand","embeddable":true,"href":"https:\/\/www.miomiorun.com\/de\/wp-json\/wp\/v2\/product_brand?post=177267"},{"taxonomy":"product_cat","embeddable":true,"href":"https:\/\/www.miomiorun.com\/de\/wp-json\/wp\/v2\/product_cat?post=177267"},{"taxonomy":"product_tag","embeddable":true,"href":"https:\/\/www.miomiorun.com\/de\/wp-json\/wp\/v2\/product_tag?post=177267"}],"curies":[{"name":"wp","href":"https:\/\/api.w.org\/{rel}","templated":true}]}}