{"id":177259,"date":"2021-06-08T19:13:21","date_gmt":"2021-06-08T17:13:21","guid":{"rendered":"https:\/\/miomiorun.com\/prodotto\/cep-low-cut-ultralight-pro-uomo\/"},"modified":"2026-02-20T12:12:53","modified_gmt":"2026-02-20T11:12:53","slug":"cep-low-cut-ultralight-pro-herren","status":"publish","type":"product","link":"https:\/\/www.miomiorun.com\/de\/produkt\/cep-low-cut-ultralight-pro-herren\/","title":{"rendered":"Low Cut Ultralight Pro herren"},"content":{"rendered":"<h3>Ultraleichte Materialmischung f\u00fcr Komfort bei intensiver Belastung<\/h3>\n<p>Das ultrad\u00fcnne, atmungsaktive Material sorgt f\u00fcr ein angenehmes Tragegef\u00fchl bei L\u00e4ufen bei hohen Temperaturen. Die Verwendung von <strong>Carbon<\/strong> erh\u00f6ht die Haltbarkeit und tr\u00e4gt zur Leichtigkeit bei. Die <strong>Ultralight Pro Low Cut Socks<\/strong> f\u00fcr Herren <strong>passen wie eine zweite Haut.<\/strong><\/p>\n<h3>Smart-Grip-Beschichtung f\u00fcr maximale Kontrolle<\/h3>\n<p>Die d\u00fcnne und flexible Beschichtung der Sohle <strong>verbessert den Grip<\/strong> im Inneren des Sportschuhs, der sich perfekt an deine F\u00fc\u00dfe anpasst. <strong>Nichts rutscht und du hast maximale Kontrolle<\/strong>, um deine Geschwindigkeit auf anspruchsvollen Trails zu steigern.<\/p>\n<h3>Wunderbarer Komfort bei langen L\u00e4ufen<\/h3>\n<p>Die Sommersocken sitzen dank der&nbsp;<strong>asymmetrischen Zehenpartie<\/strong> noch besser. Sie bilden keine Falten und deine F\u00fc\u00dfe f\u00fchlen sich auch nach langen Anstrengungen wohler.<\/p>\n<h3>Noch mehr mittlere Kompression f\u00fcr mehr Energie<\/h3>\n<p>Durch den Einsatz von noch mehr mittlerer Kompression verbessern die Ultralight Pro Low Cut Socks f\u00fcr Herren <strong>die N\u00e4hrstoffversorgung der Muskeln und den Abtransport von Milchs\u00e4ure.<\/strong> So kannst du l\u00e4nger H\u00f6chstleistungen bringen und dich schneller erholen. Smart Carbon erh\u00f6ht die Ausdauer und h\u00e4lt Ihre F\u00fc\u00dfe angenehm k\u00fchl. Die Sommersocken sind <strong>Ihre ideale Unterst\u00fctzung f\u00fcr intensive Trainingseinheiten.<\/strong><\/p>\n<h3>Eigenschaften<\/h3>\n<ul class=\"selling-points\">\n<li>Die ultraleichten Sommersocken stimulieren die Gelenke tiefenwirksam und sorgen f\u00fcr mehr Stabilit\u00e4t und Schutz vor Verletzungen.<\/li>\n<li>Perfekter Halt ohne Verrutschen dank anatomischer Passform und hoher Haftf\u00e4higkeit.<\/li>\n<li>Die bew\u00e4hrte Materialmischung reduziert das Auftreten von Blasen bei intensivem Training.<\/li>\n<\/ul>\n<p><span style=\"font-weight: 700 !important\">Materialien: 88 % Polyamid, 12 % Elasthan<\/span><\/p>\n","protected":false},"excerpt":{"rendered":"<p>Ultraleichte Materialmischung f\u00fcr Komfort bei intensiver Belastung Das ultrad\u00fcnne, atmungsaktive Material sorgt f\u00fcr ein angenehmes Tragegef\u00fchl bei L\u00e4ufen bei hohen Temperaturen. Die Verwendung von Carbon erh\u00f6ht die Haltbarkeit und tr\u00e4gt zur Leichtigkeit bei. Die Ultralight Pro Low Cut Socks f\u00fcr Herren passen wie eine zweite Haut. Smart-Grip-Beschichtung f\u00fcr maximale Kontrolle Die d\u00fcnne und flexible Beschichtung &hellip; <a href=\"https:\/\/www.miomiorun.com\/de\/produkt\/cep-low-cut-ultralight-pro-herren\/\">Continued<\/a><\/p>\n","protected":false},"featured_media":56049,"template":"","meta":{"_acf_changed":false,"inline_featured_image":false},"product_brand":[],"product_cat":[6515,6540,6514],"product_tag":[3408,6212],"class_list":{"0":"post-177259","1":"product","2":"type-product","3":"status-publish","4":"has-post-thumbnail","6":"product_cat-herren-de","7":"product_cat-herrenbekleidung","8":"product_cat-socken","9":"product_tag-cep-de","10":"product_tag-cep-herren-de","11":"pa_attivita-fitness-de","12":"pa_attivita-gehen","13":"pa_attivita-running-de","14":"pa_marca-cep-de","15":"pa_sesso-herren","16":"pa_size-39-42-de","18":"first","19":"instock","20":"sale","21":"taxable","22":"shipping-taxable","23":"purchasable","24":"product-type-variable","25":"wvs-archive-product-wrapper"},"acf":[],"yoast_head":"<!-- This site is optimized with the Yoast SEO plugin v26.8 - https:\/\/yoast.com\/product\/yoast-seo-wordpress\/ -->\n<title>Cep Low Cut Ultralight Pro herren - Laufsocken - MioMioRun<\/title>\n<meta name=\"description\" content=\"Das ultrad\u00fcnne und atmungsaktive Material garantiert h\u00f6chsten Komfort bei L\u00e4ufen bei hohen Temperaturen.\" \/>\n<meta name=\"robots\" content=\"index, follow, max-snippet:-1, max-image-preview:large, max-video-preview:-1\" \/>\n<link rel=\"canonical\" href=\"https:\/\/www.miomiorun.com\/de\/produkt\/cep-low-cut-ultralight-pro-herren\/\" \/>\n<meta property=\"og:locale\" content=\"de_DE\" \/>\n<meta property=\"og:type\" content=\"article\" \/>\n<meta property=\"og:title\" content=\"Cep Low Cut Ultralight Pro herren - Laufsocken - MioMioRun\" \/>\n<meta property=\"og:description\" content=\"Das ultrad\u00fcnne und atmungsaktive Material garantiert h\u00f6chsten Komfort bei L\u00e4ufen bei hohen Temperaturen.\" \/>\n<meta property=\"og:url\" content=\"https:\/\/www.miomiorun.com\/de\/produkt\/cep-low-cut-ultralight-pro-herren\/\" \/>\n<meta property=\"og:site_name\" content=\"MioMioRun\" \/>\n<meta property=\"article:publisher\" content=\"https:\/\/www.facebook.com\/miomiorun\/\" \/>\n<meta property=\"article:modified_time\" content=\"2026-02-20T11:12:53+00:00\" \/>\n<meta property=\"og:image\" content=\"https:\/\/www.miomiorun.com\/app\/uploads\/2021\/06\/cep-Low-cut-ultralight-Pro-WP5AIQ.jpg\" \/>\n\t<meta property=\"og:image:width\" content=\"600\" \/>\n\t<meta property=\"og:image:height\" content=\"600\" \/>\n\t<meta property=\"og:image:type\" content=\"image\/jpeg\" \/>\n<meta name=\"twitter:card\" content=\"summary_large_image\" \/>\n<meta name=\"twitter:label1\" content=\"Est. reading time\" \/>\n\t<meta name=\"twitter:data1\" content=\"1 minute\" \/>\n<script type=\"application\/ld+json\" class=\"yoast-schema-graph\">{\"@context\":\"https:\/\/schema.org\",\"@graph\":[{\"@type\":\"WebPage\",\"@id\":\"https:\/\/www.miomiorun.com\/de\/produkt\/cep-low-cut-ultralight-pro-herren\/\",\"url\":\"https:\/\/www.miomiorun.com\/de\/produkt\/cep-low-cut-ultralight-pro-herren\/\",\"name\":\"Cep Low Cut Ultralight Pro herren - Laufsocken - MioMioRun\",\"isPartOf\":{\"@id\":\"https:\/\/www.miomiorun.com\/de\/#website\"},\"primaryImageOfPage\":{\"@id\":\"https:\/\/www.miomiorun.com\/de\/produkt\/cep-low-cut-ultralight-pro-herren\/#primaryimage\"},\"image\":{\"@id\":\"https:\/\/www.miomiorun.com\/de\/produkt\/cep-low-cut-ultralight-pro-herren\/#primaryimage\"},\"thumbnailUrl\":\"https:\/\/www.miomiorun.com\/app\/uploads\/2021\/06\/cep-Low-cut-ultralight-Pro-WP5AIQ.jpg\",\"datePublished\":\"2021-06-08T17:13:21+00:00\",\"dateModified\":\"2026-02-20T11:12:53+00:00\",\"description\":\"Das ultrad\u00fcnne und atmungsaktive Material garantiert h\u00f6chsten Komfort bei L\u00e4ufen bei hohen Temperaturen.\",\"breadcrumb\":{\"@id\":\"https:\/\/www.miomiorun.com\/de\/produkt\/cep-low-cut-ultralight-pro-herren\/#breadcrumb\"},\"inLanguage\":\"de-DE\",\"potentialAction\":[{\"@type\":\"ReadAction\",\"target\":[\"https:\/\/www.miomiorun.com\/de\/produkt\/cep-low-cut-ultralight-pro-herren\/\"]}]},{\"@type\":\"ImageObject\",\"inLanguage\":\"de-DE\",\"@id\":\"https:\/\/www.miomiorun.com\/de\/produkt\/cep-low-cut-ultralight-pro-herren\/#primaryimage\",\"url\":\"https:\/\/www.miomiorun.com\/app\/uploads\/2021\/06\/cep-Low-cut-ultralight-Pro-WP5AIQ.jpg\",\"contentUrl\":\"https:\/\/www.miomiorun.com\/app\/uploads\/2021\/06\/cep-Low-cut-ultralight-Pro-WP5AIQ.jpg\",\"width\":600,\"height\":600,\"caption\":\"cep low cut ultralight pro\"},{\"@type\":\"BreadcrumbList\",\"@id\":\"https:\/\/www.miomiorun.com\/de\/produkt\/cep-low-cut-ultralight-pro-herren\/#breadcrumb\",\"itemListElement\":[{\"@type\":\"ListItem\",\"position\":1,\"name\":\"Home\",\"item\":\"https:\/\/www.miomiorun.com\/de\/\"},{\"@type\":\"ListItem\",\"position\":2,\"name\":\"Shop\",\"item\":\"https:\/\/www.miomiorun.com\/shop\/\"},{\"@type\":\"ListItem\",\"position\":3,\"name\":\"Low Cut Ultralight Pro herren\"}]},{\"@type\":\"WebSite\",\"@id\":\"https:\/\/www.miomiorun.com\/de\/#website\",\"url\":\"https:\/\/www.miomiorun.com\/de\/\",\"name\":\"MioMioRun\",\"description\":\"100% Lauf- und Trailshop\",\"publisher\":{\"@id\":\"https:\/\/www.miomiorun.com\/de\/#organization\"},\"potentialAction\":[{\"@type\":\"SearchAction\",\"target\":{\"@type\":\"EntryPoint\",\"urlTemplate\":\"https:\/\/www.miomiorun.com\/de\/?s={search_term_string}\"},\"query-input\":{\"@type\":\"PropertyValueSpecification\",\"valueRequired\":true,\"valueName\":\"search_term_string\"}}],\"inLanguage\":\"de-DE\"},{\"@type\":\"Organization\",\"@id\":\"https:\/\/www.miomiorun.com\/de\/#organization\",\"name\":\"MioMio Run\",\"url\":\"https:\/\/www.miomiorun.com\/de\/\",\"logo\":{\"@type\":\"ImageObject\",\"inLanguage\":\"de-DE\",\"@id\":\"https:\/\/www.miomiorun.com\/de\/#\/schema\/logo\/image\/\",\"url\":\"https:\/\/www.miomiorun.com\/app\/uploads\/2019\/12\/logomio.png\",\"contentUrl\":\"https:\/\/www.miomiorun.com\/app\/uploads\/2019\/12\/logomio.png\",\"width\":115,\"height\":82,\"caption\":\"MioMio Run\"},\"image\":{\"@id\":\"https:\/\/www.miomiorun.com\/de\/#\/schema\/logo\/image\/\"},\"sameAs\":[\"https:\/\/www.facebook.com\/miomiorun\/\",\"https:\/\/www.instagram.com\/miomiorun\/\"]}]}<\/script>\n<!-- \/ Yoast SEO plugin. -->","yoast_head_json":{"title":"Cep Low Cut Ultralight Pro herren - Laufsocken - MioMioRun","description":"Das ultrad\u00fcnne und atmungsaktive Material garantiert h\u00f6chsten Komfort bei L\u00e4ufen bei hohen Temperaturen.","robots":{"index":"index","follow":"follow","max-snippet":"max-snippet:-1","max-image-preview":"max-image-preview:large","max-video-preview":"max-video-preview:-1"},"canonical":"https:\/\/www.miomiorun.com\/de\/produkt\/cep-low-cut-ultralight-pro-herren\/","og_locale":"de_DE","og_type":"article","og_title":"Cep Low Cut Ultralight Pro herren - Laufsocken - MioMioRun","og_description":"Das ultrad\u00fcnne und atmungsaktive Material garantiert h\u00f6chsten Komfort bei L\u00e4ufen bei hohen Temperaturen.","og_url":"https:\/\/www.miomiorun.com\/de\/produkt\/cep-low-cut-ultralight-pro-herren\/","og_site_name":"MioMioRun","article_publisher":"https:\/\/www.facebook.com\/miomiorun\/","article_modified_time":"2026-02-20T11:12:53+00:00","og_image":[{"width":600,"height":600,"url":"https:\/\/www.miomiorun.com\/app\/uploads\/2021\/06\/cep-Low-cut-ultralight-Pro-WP5AIQ.jpg","type":"image\/jpeg"}],"twitter_card":"summary_large_image","twitter_misc":{"Est. reading time":"1 minute"},"schema":{"@context":"https:\/\/schema.org","@graph":[{"@type":"WebPage","@id":"https:\/\/www.miomiorun.com\/de\/produkt\/cep-low-cut-ultralight-pro-herren\/","url":"https:\/\/www.miomiorun.com\/de\/produkt\/cep-low-cut-ultralight-pro-herren\/","name":"Cep Low Cut Ultralight Pro herren - Laufsocken - MioMioRun","isPartOf":{"@id":"https:\/\/www.miomiorun.com\/de\/#website"},"primaryImageOfPage":{"@id":"https:\/\/www.miomiorun.com\/de\/produkt\/cep-low-cut-ultralight-pro-herren\/#primaryimage"},"image":{"@id":"https:\/\/www.miomiorun.com\/de\/produkt\/cep-low-cut-ultralight-pro-herren\/#primaryimage"},"thumbnailUrl":"https:\/\/www.miomiorun.com\/app\/uploads\/2021\/06\/cep-Low-cut-ultralight-Pro-WP5AIQ.jpg","datePublished":"2021-06-08T17:13:21+00:00","dateModified":"2026-02-20T11:12:53+00:00","description":"Das ultrad\u00fcnne und atmungsaktive Material garantiert h\u00f6chsten Komfort bei L\u00e4ufen bei hohen Temperaturen.","breadcrumb":{"@id":"https:\/\/www.miomiorun.com\/de\/produkt\/cep-low-cut-ultralight-pro-herren\/#breadcrumb"},"inLanguage":"de-DE","potentialAction":[{"@type":"ReadAction","target":["https:\/\/www.miomiorun.com\/de\/produkt\/cep-low-cut-ultralight-pro-herren\/"]}]},{"@type":"ImageObject","inLanguage":"de-DE","@id":"https:\/\/www.miomiorun.com\/de\/produkt\/cep-low-cut-ultralight-pro-herren\/#primaryimage","url":"https:\/\/www.miomiorun.com\/app\/uploads\/2021\/06\/cep-Low-cut-ultralight-Pro-WP5AIQ.jpg","contentUrl":"https:\/\/www.miomiorun.com\/app\/uploads\/2021\/06\/cep-Low-cut-ultralight-Pro-WP5AIQ.jpg","width":600,"height":600,"caption":"cep low cut ultralight pro"},{"@type":"BreadcrumbList","@id":"https:\/\/www.miomiorun.com\/de\/produkt\/cep-low-cut-ultralight-pro-herren\/#breadcrumb","itemListElement":[{"@type":"ListItem","position":1,"name":"Home","item":"https:\/\/www.miomiorun.com\/de\/"},{"@type":"ListItem","position":2,"name":"Shop","item":"https:\/\/www.miomiorun.com\/shop\/"},{"@type":"ListItem","position":3,"name":"Low Cut Ultralight Pro herren"}]},{"@type":"WebSite","@id":"https:\/\/www.miomiorun.com\/de\/#website","url":"https:\/\/www.miomiorun.com\/de\/","name":"MioMioRun","description":"100% Lauf- und Trailshop","publisher":{"@id":"https:\/\/www.miomiorun.com\/de\/#organization"},"potentialAction":[{"@type":"SearchAction","target":{"@type":"EntryPoint","urlTemplate":"https:\/\/www.miomiorun.com\/de\/?s={search_term_string}"},"query-input":{"@type":"PropertyValueSpecification","valueRequired":true,"valueName":"search_term_string"}}],"inLanguage":"de-DE"},{"@type":"Organization","@id":"https:\/\/www.miomiorun.com\/de\/#organization","name":"MioMio Run","url":"https:\/\/www.miomiorun.com\/de\/","logo":{"@type":"ImageObject","inLanguage":"de-DE","@id":"https:\/\/www.miomiorun.com\/de\/#\/schema\/logo\/image\/","url":"https:\/\/www.miomiorun.com\/app\/uploads\/2019\/12\/logomio.png","contentUrl":"https:\/\/www.miomiorun.com\/app\/uploads\/2019\/12\/logomio.png","width":115,"height":82,"caption":"MioMio Run"},"image":{"@id":"https:\/\/www.miomiorun.com\/de\/#\/schema\/logo\/image\/"},"sameAs":["https:\/\/www.facebook.com\/miomiorun\/","https:\/\/www.instagram.com\/miomiorun\/"]}]}},"_links":{"self":[{"href":"https:\/\/www.miomiorun.com\/de\/wp-json\/wp\/v2\/product\/177259","targetHints":{"allow":["GET"]}}],"collection":[{"href":"https:\/\/www.miomiorun.com\/de\/wp-json\/wp\/v2\/product"}],"about":[{"href":"https:\/\/www.miomiorun.com\/de\/wp-json\/wp\/v2\/types\/product"}],"wp:featuredmedia":[{"embeddable":true,"href":"https:\/\/www.miomiorun.com\/de\/wp-json\/wp\/v2\/media\/56049"}],"wp:attachment":[{"href":"https:\/\/www.miomiorun.com\/de\/wp-json\/wp\/v2\/media?parent=177259"}],"wp:term":[{"taxonomy":"product_brand","embeddable":true,"href":"https:\/\/www.miomiorun.com\/de\/wp-json\/wp\/v2\/product_brand?post=177259"},{"taxonomy":"product_cat","embeddable":true,"href":"https:\/\/www.miomiorun.com\/de\/wp-json\/wp\/v2\/product_cat?post=177259"},{"taxonomy":"product_tag","embeddable":true,"href":"https:\/\/www.miomiorun.com\/de\/wp-json\/wp\/v2\/product_tag?post=177259"}],"curies":[{"name":"wp","href":"https:\/\/api.w.org\/{rel}","templated":true}]}}