{"id":177244,"date":"2021-10-02T10:04:01","date_gmt":"2021-10-02T08:04:01","guid":{"rendered":"https:\/\/miomiorun.com\/prodotto\/cep-animal-mid-cut-uomo\/"},"modified":"2024-06-06T13:20:25","modified_gmt":"2024-06-06T11:20:25","slug":"animal-mid-cut-herren","status":"publish","type":"product","link":"https:\/\/www.miomiorun.com\/de\/produkt\/animal-mid-cut-herren\/","title":{"rendered":"Animal Mid Cut herren"},"content":{"rendered":"<p>Erreichen Sie Ihre Laufziele mit der Flexibilit\u00e4t einer Katze! Mit der modernen Technologie der <strong>Animal Compression Mid Cut<\/strong> Socks f\u00fcr Herren sind Ihre neuen pers\u00f6nlichen Bestzeiten zum Greifen nah. Die aktivierende Wirkung der Kompression wird mit einer hervorragenden Passform in jeder Situation kombiniert. Genie\u00dfen Sie ein angenehmes Tragegef\u00fchl und verbessern Sie Ihre Leistung. Die Kompressionssocken sind top dank des modischen Tigerdesigns, das nicht unbemerkt bleibt.<\/p>\n<p><strong>Unerw\u00fcnschte Pausen durch Blasen geh\u00f6ren der Vergangenheit an<\/strong><\/p>\n<p>Mussten Sie schon einmal Ihr Training wegen Blasen aufgeben? Mit diesen Kompressionssocken f\u00fcr Frauen wird Ihnen das nicht mehr passieren. Dank der eng anliegenden Passform und der bew\u00e4hrten Materialmischung haben sie einen rutschfesten Halt am Fu\u00df. Das wirkt gegen Blasen, denn diese bilden sich vor allem durch Reibung.<\/p>\n<p>&nbsp;<\/p>\n<p><strong>Geringeres Verletzungsrisiko durch Tiefenstimulation<\/strong><\/p>\n<p>Die Medi compression sorgt f\u00fcr eine Tiefenstimulation und stabilisiert die Gelenke. Gleichzeitig erh\u00f6ht sie die Propiozeption w\u00e4hrend der Bewegung. Deshalb tragen die Animal Compression Mid Cut Socks f\u00fcr Herren zu einem sichereren Training bei: Die Wahrscheinlichkeit von Verstauchungen und Verletzungen wird reduziert.<\/p>\n<p><strong>Genie\u00dfen Sie maximalen Komfort dank zus\u00e4tzlicher Polsterung<\/strong><\/p>\n<p>Die Herren Kompressionssocken optimieren die D\u00e4mpfung Ihrer Laufschuhe. Daf\u00fcr haben sie integrierte Polsterzonen im Fu\u00dfbereich und sind ph\u00e4nomenal: Sie sch\u00fctzen Ihren Bewegungsapparat und optimieren die Passform des Fu\u00dfes im Laufschuh.<\/p>\n<p>&nbsp;<\/p>\n","protected":false},"excerpt":{"rendered":"<p>Erreichen Sie Ihre Laufziele mit der Flexibilit\u00e4t einer Katze! Mit der modernen Technologie der Animal Compression Mid Cut Socks f\u00fcr Herren sind Ihre neuen pers\u00f6nlichen Bestzeiten zum Greifen nah. Die aktivierende Wirkung der Kompression wird mit einer hervorragenden Passform in jeder Situation kombiniert. Genie\u00dfen Sie ein angenehmes Tragegef\u00fchl und verbessern Sie Ihre Leistung. Die Kompressionssocken &hellip; <a href=\"https:\/\/www.miomiorun.com\/de\/produkt\/animal-mid-cut-herren\/\">Continued<\/a><\/p>\n","protected":false},"featured_media":58520,"template":"","meta":{"_acf_changed":false,"inline_featured_image":false},"product_brand":[],"product_cat":[6515,6540,6514],"product_tag":[3408,6212],"class_list":{"0":"post-177244","1":"product","2":"type-product","3":"status-publish","4":"has-post-thumbnail","6":"product_cat-herren-de","7":"product_cat-herrenbekleidung","8":"product_cat-socken","9":"product_tag-cep-de","10":"product_tag-cep-herren-de","11":"pa_attivita-gehen","12":"pa_attivita-running-de","13":"pa_colore-animal-mid-cut-socks-black-white-de","14":"pa_marca-cep-de","15":"pa_sesso-herren","16":"pa_size-45-48-de","18":"first","19":"instock","20":"sale","21":"taxable","22":"shipping-taxable","23":"purchasable","24":"product-type-variable","25":"wvs-archive-product-wrapper"},"acf":[],"yoast_head":"<!-- This site is optimized with the Yoast SEO plugin v26.8 - https:\/\/yoast.com\/product\/yoast-seo-wordpress\/ -->\n<title>CepAnimal Mid Cut herren - Laufende Socken - MioMioRun.com<\/title>\n<meta name=\"description\" content=\"Mit der modernen Technologie der Animal Compression Mid Cut Socks f\u00fcr M\u00e4nner sind Ihre neuen pers\u00f6nlichen Bestzeiten zum Greifen nah.\" \/>\n<meta name=\"robots\" content=\"index, follow, max-snippet:-1, max-image-preview:large, max-video-preview:-1\" \/>\n<link rel=\"canonical\" href=\"https:\/\/www.miomiorun.com\/de\/produkt\/animal-mid-cut-herren\/\" \/>\n<meta property=\"og:locale\" content=\"de_DE\" \/>\n<meta property=\"og:type\" content=\"article\" \/>\n<meta property=\"og:title\" content=\"CepAnimal Mid Cut herren - Laufende Socken - MioMioRun.com\" \/>\n<meta property=\"og:description\" content=\"Mit der modernen Technologie der Animal Compression Mid Cut Socks f\u00fcr M\u00e4nner sind Ihre neuen pers\u00f6nlichen Bestzeiten zum Greifen nah.\" \/>\n<meta property=\"og:url\" content=\"https:\/\/www.miomiorun.com\/de\/produkt\/animal-mid-cut-herren\/\" \/>\n<meta property=\"og:site_name\" content=\"MioMioRun\" \/>\n<meta property=\"article:publisher\" content=\"https:\/\/www.facebook.com\/miomiorun\/\" \/>\n<meta property=\"article:modified_time\" content=\"2024-06-06T11:20:25+00:00\" \/>\n<meta property=\"og:image\" content=\"https:\/\/www.miomiorun.com\/app\/uploads\/2021\/10\/cep-Animal-mid-cut-WP3CBD.jpg\" \/>\n\t<meta property=\"og:image:width\" content=\"600\" \/>\n\t<meta property=\"og:image:height\" content=\"600\" \/>\n\t<meta property=\"og:image:type\" content=\"image\/jpeg\" \/>\n<meta name=\"twitter:card\" content=\"summary_large_image\" \/>\n<meta name=\"twitter:label1\" content=\"Est. reading time\" \/>\n\t<meta name=\"twitter:data1\" content=\"1 minute\" \/>\n<script type=\"application\/ld+json\" class=\"yoast-schema-graph\">{\"@context\":\"https:\/\/schema.org\",\"@graph\":[{\"@type\":\"WebPage\",\"@id\":\"https:\/\/www.miomiorun.com\/de\/produkt\/animal-mid-cut-herren\/\",\"url\":\"https:\/\/www.miomiorun.com\/de\/produkt\/animal-mid-cut-herren\/\",\"name\":\"CepAnimal Mid Cut herren - Laufende Socken - MioMioRun.com\",\"isPartOf\":{\"@id\":\"https:\/\/www.miomiorun.com\/de\/#website\"},\"primaryImageOfPage\":{\"@id\":\"https:\/\/www.miomiorun.com\/de\/produkt\/animal-mid-cut-herren\/#primaryimage\"},\"image\":{\"@id\":\"https:\/\/www.miomiorun.com\/de\/produkt\/animal-mid-cut-herren\/#primaryimage\"},\"thumbnailUrl\":\"https:\/\/www.miomiorun.com\/app\/uploads\/2021\/10\/cep-Animal-mid-cut-WP3CBD.jpg\",\"datePublished\":\"2021-10-02T08:04:01+00:00\",\"dateModified\":\"2024-06-06T11:20:25+00:00\",\"description\":\"Mit der modernen Technologie der Animal Compression Mid Cut Socks f\u00fcr M\u00e4nner sind Ihre neuen pers\u00f6nlichen Bestzeiten zum Greifen nah.\",\"breadcrumb\":{\"@id\":\"https:\/\/www.miomiorun.com\/de\/produkt\/animal-mid-cut-herren\/#breadcrumb\"},\"inLanguage\":\"de-DE\",\"potentialAction\":[{\"@type\":\"ReadAction\",\"target\":[\"https:\/\/www.miomiorun.com\/de\/produkt\/animal-mid-cut-herren\/\"]}]},{\"@type\":\"ImageObject\",\"inLanguage\":\"de-DE\",\"@id\":\"https:\/\/www.miomiorun.com\/de\/produkt\/animal-mid-cut-herren\/#primaryimage\",\"url\":\"https:\/\/www.miomiorun.com\/app\/uploads\/2021\/10\/cep-Animal-mid-cut-WP3CBD.jpg\",\"contentUrl\":\"https:\/\/www.miomiorun.com\/app\/uploads\/2021\/10\/cep-Animal-mid-cut-WP3CBD.jpg\",\"width\":600,\"height\":600,\"caption\":\"cep-Animal-mid-cut-WP3CBD\"},{\"@type\":\"BreadcrumbList\",\"@id\":\"https:\/\/www.miomiorun.com\/de\/produkt\/animal-mid-cut-herren\/#breadcrumb\",\"itemListElement\":[{\"@type\":\"ListItem\",\"position\":1,\"name\":\"Home\",\"item\":\"https:\/\/www.miomiorun.com\/de\/\"},{\"@type\":\"ListItem\",\"position\":2,\"name\":\"Shop\",\"item\":\"https:\/\/www.miomiorun.com\/shop\/\"},{\"@type\":\"ListItem\",\"position\":3,\"name\":\"Animal Mid Cut herren\"}]},{\"@type\":\"WebSite\",\"@id\":\"https:\/\/www.miomiorun.com\/de\/#website\",\"url\":\"https:\/\/www.miomiorun.com\/de\/\",\"name\":\"MioMioRun\",\"description\":\"100% Lauf- und Trailshop\",\"publisher\":{\"@id\":\"https:\/\/www.miomiorun.com\/de\/#organization\"},\"potentialAction\":[{\"@type\":\"SearchAction\",\"target\":{\"@type\":\"EntryPoint\",\"urlTemplate\":\"https:\/\/www.miomiorun.com\/de\/?s={search_term_string}\"},\"query-input\":{\"@type\":\"PropertyValueSpecification\",\"valueRequired\":true,\"valueName\":\"search_term_string\"}}],\"inLanguage\":\"de-DE\"},{\"@type\":\"Organization\",\"@id\":\"https:\/\/www.miomiorun.com\/de\/#organization\",\"name\":\"MioMio Run\",\"url\":\"https:\/\/www.miomiorun.com\/de\/\",\"logo\":{\"@type\":\"ImageObject\",\"inLanguage\":\"de-DE\",\"@id\":\"https:\/\/www.miomiorun.com\/de\/#\/schema\/logo\/image\/\",\"url\":\"https:\/\/www.miomiorun.com\/app\/uploads\/2019\/12\/logomio.png\",\"contentUrl\":\"https:\/\/www.miomiorun.com\/app\/uploads\/2019\/12\/logomio.png\",\"width\":115,\"height\":82,\"caption\":\"MioMio Run\"},\"image\":{\"@id\":\"https:\/\/www.miomiorun.com\/de\/#\/schema\/logo\/image\/\"},\"sameAs\":[\"https:\/\/www.facebook.com\/miomiorun\/\",\"https:\/\/www.instagram.com\/miomiorun\/\"]}]}<\/script>\n<!-- \/ Yoast SEO plugin. -->","yoast_head_json":{"title":"CepAnimal Mid Cut herren - Laufende Socken - MioMioRun.com","description":"Mit der modernen Technologie der Animal Compression Mid Cut Socks f\u00fcr M\u00e4nner sind Ihre neuen pers\u00f6nlichen Bestzeiten zum Greifen nah.","robots":{"index":"index","follow":"follow","max-snippet":"max-snippet:-1","max-image-preview":"max-image-preview:large","max-video-preview":"max-video-preview:-1"},"canonical":"https:\/\/www.miomiorun.com\/de\/produkt\/animal-mid-cut-herren\/","og_locale":"de_DE","og_type":"article","og_title":"CepAnimal Mid Cut herren - Laufende Socken - MioMioRun.com","og_description":"Mit der modernen Technologie der Animal Compression Mid Cut Socks f\u00fcr M\u00e4nner sind Ihre neuen pers\u00f6nlichen Bestzeiten zum Greifen nah.","og_url":"https:\/\/www.miomiorun.com\/de\/produkt\/animal-mid-cut-herren\/","og_site_name":"MioMioRun","article_publisher":"https:\/\/www.facebook.com\/miomiorun\/","article_modified_time":"2024-06-06T11:20:25+00:00","og_image":[{"width":600,"height":600,"url":"https:\/\/www.miomiorun.com\/app\/uploads\/2021\/10\/cep-Animal-mid-cut-WP3CBD.jpg","type":"image\/jpeg"}],"twitter_card":"summary_large_image","twitter_misc":{"Est. reading time":"1 minute"},"schema":{"@context":"https:\/\/schema.org","@graph":[{"@type":"WebPage","@id":"https:\/\/www.miomiorun.com\/de\/produkt\/animal-mid-cut-herren\/","url":"https:\/\/www.miomiorun.com\/de\/produkt\/animal-mid-cut-herren\/","name":"CepAnimal Mid Cut herren - Laufende Socken - MioMioRun.com","isPartOf":{"@id":"https:\/\/www.miomiorun.com\/de\/#website"},"primaryImageOfPage":{"@id":"https:\/\/www.miomiorun.com\/de\/produkt\/animal-mid-cut-herren\/#primaryimage"},"image":{"@id":"https:\/\/www.miomiorun.com\/de\/produkt\/animal-mid-cut-herren\/#primaryimage"},"thumbnailUrl":"https:\/\/www.miomiorun.com\/app\/uploads\/2021\/10\/cep-Animal-mid-cut-WP3CBD.jpg","datePublished":"2021-10-02T08:04:01+00:00","dateModified":"2024-06-06T11:20:25+00:00","description":"Mit der modernen Technologie der Animal Compression Mid Cut Socks f\u00fcr M\u00e4nner sind Ihre neuen pers\u00f6nlichen Bestzeiten zum Greifen nah.","breadcrumb":{"@id":"https:\/\/www.miomiorun.com\/de\/produkt\/animal-mid-cut-herren\/#breadcrumb"},"inLanguage":"de-DE","potentialAction":[{"@type":"ReadAction","target":["https:\/\/www.miomiorun.com\/de\/produkt\/animal-mid-cut-herren\/"]}]},{"@type":"ImageObject","inLanguage":"de-DE","@id":"https:\/\/www.miomiorun.com\/de\/produkt\/animal-mid-cut-herren\/#primaryimage","url":"https:\/\/www.miomiorun.com\/app\/uploads\/2021\/10\/cep-Animal-mid-cut-WP3CBD.jpg","contentUrl":"https:\/\/www.miomiorun.com\/app\/uploads\/2021\/10\/cep-Animal-mid-cut-WP3CBD.jpg","width":600,"height":600,"caption":"cep-Animal-mid-cut-WP3CBD"},{"@type":"BreadcrumbList","@id":"https:\/\/www.miomiorun.com\/de\/produkt\/animal-mid-cut-herren\/#breadcrumb","itemListElement":[{"@type":"ListItem","position":1,"name":"Home","item":"https:\/\/www.miomiorun.com\/de\/"},{"@type":"ListItem","position":2,"name":"Shop","item":"https:\/\/www.miomiorun.com\/shop\/"},{"@type":"ListItem","position":3,"name":"Animal Mid Cut herren"}]},{"@type":"WebSite","@id":"https:\/\/www.miomiorun.com\/de\/#website","url":"https:\/\/www.miomiorun.com\/de\/","name":"MioMioRun","description":"100% Lauf- und Trailshop","publisher":{"@id":"https:\/\/www.miomiorun.com\/de\/#organization"},"potentialAction":[{"@type":"SearchAction","target":{"@type":"EntryPoint","urlTemplate":"https:\/\/www.miomiorun.com\/de\/?s={search_term_string}"},"query-input":{"@type":"PropertyValueSpecification","valueRequired":true,"valueName":"search_term_string"}}],"inLanguage":"de-DE"},{"@type":"Organization","@id":"https:\/\/www.miomiorun.com\/de\/#organization","name":"MioMio Run","url":"https:\/\/www.miomiorun.com\/de\/","logo":{"@type":"ImageObject","inLanguage":"de-DE","@id":"https:\/\/www.miomiorun.com\/de\/#\/schema\/logo\/image\/","url":"https:\/\/www.miomiorun.com\/app\/uploads\/2019\/12\/logomio.png","contentUrl":"https:\/\/www.miomiorun.com\/app\/uploads\/2019\/12\/logomio.png","width":115,"height":82,"caption":"MioMio Run"},"image":{"@id":"https:\/\/www.miomiorun.com\/de\/#\/schema\/logo\/image\/"},"sameAs":["https:\/\/www.facebook.com\/miomiorun\/","https:\/\/www.instagram.com\/miomiorun\/"]}]}},"_links":{"self":[{"href":"https:\/\/www.miomiorun.com\/de\/wp-json\/wp\/v2\/product\/177244","targetHints":{"allow":["GET"]}}],"collection":[{"href":"https:\/\/www.miomiorun.com\/de\/wp-json\/wp\/v2\/product"}],"about":[{"href":"https:\/\/www.miomiorun.com\/de\/wp-json\/wp\/v2\/types\/product"}],"wp:featuredmedia":[{"embeddable":true,"href":"https:\/\/www.miomiorun.com\/de\/wp-json\/wp\/v2\/media\/58520"}],"wp:attachment":[{"href":"https:\/\/www.miomiorun.com\/de\/wp-json\/wp\/v2\/media?parent=177244"}],"wp:term":[{"taxonomy":"product_brand","embeddable":true,"href":"https:\/\/www.miomiorun.com\/de\/wp-json\/wp\/v2\/product_brand?post=177244"},{"taxonomy":"product_cat","embeddable":true,"href":"https:\/\/www.miomiorun.com\/de\/wp-json\/wp\/v2\/product_cat?post=177244"},{"taxonomy":"product_tag","embeddable":true,"href":"https:\/\/www.miomiorun.com\/de\/wp-json\/wp\/v2\/product_tag?post=177244"}],"curies":[{"name":"wp","href":"https:\/\/api.w.org\/{rel}","templated":true}]}}