{"id":177242,"date":"2021-10-04T16:39:03","date_gmt":"2021-10-04T14:39:03","guid":{"rendered":"https:\/\/miomiorun.com\/prodotto\/cep-hiking-light-merino-mid-cut-uomo\/"},"modified":"2026-05-08T19:39:15","modified_gmt":"2026-05-08T17:39:15","slug":"hiking-light-merino-mid-cut-herren","status":"publish","type":"product","link":"https:\/\/www.miomiorun.com\/de\/produkt\/hiking-light-merino-mid-cut-herren\/","title":{"rendered":"Hiking Light Merino Mid Cut herren"},"content":{"rendered":"<p>Genie\u00dfen Sie Ihre Sommerwanderungen mit den<strong> Hiking Light Merino Mid Cut Socks<\/strong> von CEP Sportswear! Die Mid-Length ist ideal f\u00fcr warme Temperaturen und bietet Ihnen zahlreiche Vorteile mit anregender Wirkung. Hervorragender Komfort, den man sp\u00fcrt, aber nicht sieht: Die leichten Herren-Wandersocken \u00fcberzeugen durch hochwertige Materialien und eine optimierte Passform.<\/p>\n<p><strong>Trekking mit Motivation &#8211; die perfekte Kombination aus Merinowolle und Aktiv-Kompression<\/strong><\/p>\n<p>Merinowolle ist die perfekte Funktionskomponente f\u00fcr d\u00fcnne Trekkingsocken f\u00fcr Herren: Das nat\u00fcrliche Material sorgt f\u00fcr Frische und nimmt viel Feuchtigkeit auf, so dass die F\u00fc\u00dfe sp\u00fcrbar trockener bleiben. In Kombination mit der eng anliegenden Passform werden so Scheuerstellen und die Gefahr von Blasenbildung reduziert. Die Hiking Light Merino Mid Cut Socks sind die perfekte Basis f\u00fcr trockene, fitte und warme F\u00fc\u00dfe.<\/p>\n<p>&nbsp;<\/p>\n<p><strong>Verbesserte Gangsicherheit dank der Innovation der mittleren Kompression<\/strong><\/p>\n<p>Die Kompression aktiviert Ihre Muskeln und stabilisiert Ihre Gelenke. Die Stabilisierung ist auf eine verbesserte Propriozeption der Kn\u00f6chel zur\u00fcckzuf\u00fchren, was wiederum zu einer gr\u00f6\u00dferen Gangsicherheit f\u00fchrt, die besonders in anspruchsvollem Gel\u00e4nde n\u00fctzlich ist.<\/p>\n<p><strong>Anatomische Fu\u00dfpolsterung f\u00fcr mehr Komfort<\/strong><\/p>\n<p>Diese d\u00fcnnen Trekkingsocken f\u00fcr M\u00e4nner verf\u00fcgen \u00fcber integrierte Polsterungen an strategischen Stellen. Einerseits sorgen sie f\u00fcr eine ausreichende D\u00e4mpfung, andererseits f\u00fcr einen besseren Sitz im Schuh, indem sie genau an den richtigen Stellen Halt geben.<\/p>\n<p>Gehen Sie bei Ihrer n\u00e4chsten Wanderung keine Kompromisse ein: entscheiden Sie sich f\u00fcr den hervorragenden Komfort der Hiking Light Merino Mid Cut Socks f\u00fcr Herren!<\/p>\n<p>&nbsp;<\/p>\n","protected":false},"excerpt":{"rendered":"<p>Genie\u00dfen Sie Ihre Sommerwanderungen mit den Hiking Light Merino Mid Cut Socks von CEP Sportswear! Die Mid-Length ist ideal f\u00fcr warme Temperaturen und bietet Ihnen zahlreiche Vorteile mit anregender Wirkung. Hervorragender Komfort, den man sp\u00fcrt, aber nicht sieht: Die leichten Herren-Wandersocken \u00fcberzeugen durch hochwertige Materialien und eine optimierte Passform. Trekking mit Motivation &#8211; die perfekte &hellip; <a href=\"https:\/\/www.miomiorun.com\/de\/produkt\/hiking-light-merino-mid-cut-herren\/\">Continued<\/a><\/p>\n","protected":false},"featured_media":58568,"template":"","meta":{"_acf_changed":false,"inline_featured_image":false},"product_brand":[],"product_cat":[6540,6514],"product_tag":[3408,6212],"class_list":{"0":"post-177242","1":"product","2":"type-product","3":"status-publish","4":"has-post-thumbnail","6":"product_cat-herrenbekleidung","7":"product_cat-socken","8":"product_tag-cep-de","9":"product_tag-cep-herren-de","10":"pa_attivita-gehen","11":"pa_attivita-outdoor-de","12":"pa_colore-outd-light-mer-midcut-olive-grey-de","13":"pa_colore-outd-light-mer-midcut-stone-grey-de","14":"pa_marca-cep-de","15":"pa_sesso-herren","16":"pa_size-39-42-de","17":"pa_size-42-45-de","19":"first","20":"instock","21":"taxable","22":"shipping-taxable","23":"purchasable","24":"product-type-variable","25":"wvs-archive-product-wrapper"},"acf":[],"yoast_head":"<!-- This site is optimized with the Yoast SEO plugin v26.8 - https:\/\/yoast.com\/product\/yoast-seo-wordpress\/ -->\n<title>Cep Hiking Light Merino Mid Cut herren - Socken - MioMioRun<\/title>\n<meta name=\"description\" content=\"Hiking Light Merino Mid Cut Socken. Hervorragender, sp\u00fcrbarer Komfort, leichtes Gewicht, hochwertige Materialien und eine optimierte Passform.\" \/>\n<meta name=\"robots\" content=\"index, follow, max-snippet:-1, max-image-preview:large, max-video-preview:-1\" \/>\n<link rel=\"canonical\" href=\"https:\/\/www.miomiorun.com\/de\/produkt\/hiking-light-merino-mid-cut-herren\/\" \/>\n<meta property=\"og:locale\" content=\"de_DE\" \/>\n<meta property=\"og:type\" content=\"article\" \/>\n<meta property=\"og:title\" content=\"Cep Hiking Light Merino Mid Cut herren - Socken - MioMioRun\" \/>\n<meta property=\"og:description\" content=\"Hiking Light Merino Mid Cut Socken. Hervorragender, sp\u00fcrbarer Komfort, leichtes Gewicht, hochwertige Materialien und eine optimierte Passform.\" \/>\n<meta property=\"og:url\" content=\"https:\/\/www.miomiorun.com\/de\/produkt\/hiking-light-merino-mid-cut-herren\/\" \/>\n<meta property=\"og:site_name\" content=\"MioMioRun\" \/>\n<meta property=\"article:publisher\" content=\"https:\/\/www.facebook.com\/miomiorun\/\" \/>\n<meta property=\"article:modified_time\" content=\"2026-05-08T17:39:15+00:00\" \/>\n<meta property=\"og:image\" content=\"https:\/\/www.miomiorun.com\/app\/uploads\/2021\/10\/cep-outd-light-mer-midcut-WP3CA5.jpg\" \/>\n\t<meta property=\"og:image:width\" content=\"600\" \/>\n\t<meta property=\"og:image:height\" content=\"600\" \/>\n\t<meta property=\"og:image:type\" content=\"image\/jpeg\" \/>\n<meta name=\"twitter:card\" content=\"summary_large_image\" \/>\n<meta name=\"twitter:label1\" content=\"Est. reading time\" \/>\n\t<meta name=\"twitter:data1\" content=\"1 minute\" \/>\n<script type=\"application\/ld+json\" class=\"yoast-schema-graph\">{\"@context\":\"https:\/\/schema.org\",\"@graph\":[{\"@type\":\"WebPage\",\"@id\":\"https:\/\/www.miomiorun.com\/de\/produkt\/hiking-light-merino-mid-cut-herren\/\",\"url\":\"https:\/\/www.miomiorun.com\/de\/produkt\/hiking-light-merino-mid-cut-herren\/\",\"name\":\"Cep Hiking Light Merino Mid Cut herren - Socken - MioMioRun\",\"isPartOf\":{\"@id\":\"https:\/\/www.miomiorun.com\/de\/#website\"},\"primaryImageOfPage\":{\"@id\":\"https:\/\/www.miomiorun.com\/de\/produkt\/hiking-light-merino-mid-cut-herren\/#primaryimage\"},\"image\":{\"@id\":\"https:\/\/www.miomiorun.com\/de\/produkt\/hiking-light-merino-mid-cut-herren\/#primaryimage\"},\"thumbnailUrl\":\"https:\/\/www.miomiorun.com\/app\/uploads\/2021\/10\/cep-outd-light-mer-midcut-WP3CA5.jpg\",\"datePublished\":\"2021-10-04T14:39:03+00:00\",\"dateModified\":\"2026-05-08T17:39:15+00:00\",\"description\":\"Hiking Light Merino Mid Cut Socken. Hervorragender, sp\u00fcrbarer Komfort, leichtes Gewicht, hochwertige Materialien und eine optimierte Passform.\",\"breadcrumb\":{\"@id\":\"https:\/\/www.miomiorun.com\/de\/produkt\/hiking-light-merino-mid-cut-herren\/#breadcrumb\"},\"inLanguage\":\"de-DE\",\"potentialAction\":[{\"@type\":\"ReadAction\",\"target\":[\"https:\/\/www.miomiorun.com\/de\/produkt\/hiking-light-merino-mid-cut-herren\/\"]}]},{\"@type\":\"ImageObject\",\"inLanguage\":\"de-DE\",\"@id\":\"https:\/\/www.miomiorun.com\/de\/produkt\/hiking-light-merino-mid-cut-herren\/#primaryimage\",\"url\":\"https:\/\/www.miomiorun.com\/app\/uploads\/2021\/10\/cep-outd-light-mer-midcut-WP3CA5.jpg\",\"contentUrl\":\"https:\/\/www.miomiorun.com\/app\/uploads\/2021\/10\/cep-outd-light-mer-midcut-WP3CA5.jpg\",\"width\":600,\"height\":600,\"caption\":\"cep-outd-light-mer-midcut-WP3CA5\"},{\"@type\":\"BreadcrumbList\",\"@id\":\"https:\/\/www.miomiorun.com\/de\/produkt\/hiking-light-merino-mid-cut-herren\/#breadcrumb\",\"itemListElement\":[{\"@type\":\"ListItem\",\"position\":1,\"name\":\"Home\",\"item\":\"https:\/\/www.miomiorun.com\/de\/\"},{\"@type\":\"ListItem\",\"position\":2,\"name\":\"Shop\",\"item\":\"https:\/\/www.miomiorun.com\/shop\/\"},{\"@type\":\"ListItem\",\"position\":3,\"name\":\"Hiking Light Merino Mid Cut herren\"}]},{\"@type\":\"WebSite\",\"@id\":\"https:\/\/www.miomiorun.com\/de\/#website\",\"url\":\"https:\/\/www.miomiorun.com\/de\/\",\"name\":\"MioMioRun\",\"description\":\"100% Lauf- und Trailshop\",\"publisher\":{\"@id\":\"https:\/\/www.miomiorun.com\/de\/#organization\"},\"potentialAction\":[{\"@type\":\"SearchAction\",\"target\":{\"@type\":\"EntryPoint\",\"urlTemplate\":\"https:\/\/www.miomiorun.com\/de\/?s={search_term_string}\"},\"query-input\":{\"@type\":\"PropertyValueSpecification\",\"valueRequired\":true,\"valueName\":\"search_term_string\"}}],\"inLanguage\":\"de-DE\"},{\"@type\":\"Organization\",\"@id\":\"https:\/\/www.miomiorun.com\/de\/#organization\",\"name\":\"MioMio Run\",\"url\":\"https:\/\/www.miomiorun.com\/de\/\",\"logo\":{\"@type\":\"ImageObject\",\"inLanguage\":\"de-DE\",\"@id\":\"https:\/\/www.miomiorun.com\/de\/#\/schema\/logo\/image\/\",\"url\":\"https:\/\/www.miomiorun.com\/app\/uploads\/2019\/12\/logomio.png\",\"contentUrl\":\"https:\/\/www.miomiorun.com\/app\/uploads\/2019\/12\/logomio.png\",\"width\":115,\"height\":82,\"caption\":\"MioMio Run\"},\"image\":{\"@id\":\"https:\/\/www.miomiorun.com\/de\/#\/schema\/logo\/image\/\"},\"sameAs\":[\"https:\/\/www.facebook.com\/miomiorun\/\",\"https:\/\/www.instagram.com\/miomiorun\/\"]}]}<\/script>\n<!-- \/ Yoast SEO plugin. -->","yoast_head_json":{"title":"Cep Hiking Light Merino Mid Cut herren - Socken - MioMioRun","description":"Hiking Light Merino Mid Cut Socken. Hervorragender, sp\u00fcrbarer Komfort, leichtes Gewicht, hochwertige Materialien und eine optimierte Passform.","robots":{"index":"index","follow":"follow","max-snippet":"max-snippet:-1","max-image-preview":"max-image-preview:large","max-video-preview":"max-video-preview:-1"},"canonical":"https:\/\/www.miomiorun.com\/de\/produkt\/hiking-light-merino-mid-cut-herren\/","og_locale":"de_DE","og_type":"article","og_title":"Cep Hiking Light Merino Mid Cut herren - Socken - MioMioRun","og_description":"Hiking Light Merino Mid Cut Socken. Hervorragender, sp\u00fcrbarer Komfort, leichtes Gewicht, hochwertige Materialien und eine optimierte Passform.","og_url":"https:\/\/www.miomiorun.com\/de\/produkt\/hiking-light-merino-mid-cut-herren\/","og_site_name":"MioMioRun","article_publisher":"https:\/\/www.facebook.com\/miomiorun\/","article_modified_time":"2026-05-08T17:39:15+00:00","og_image":[{"width":600,"height":600,"url":"https:\/\/www.miomiorun.com\/app\/uploads\/2021\/10\/cep-outd-light-mer-midcut-WP3CA5.jpg","type":"image\/jpeg"}],"twitter_card":"summary_large_image","twitter_misc":{"Est. reading time":"1 minute"},"schema":{"@context":"https:\/\/schema.org","@graph":[{"@type":"WebPage","@id":"https:\/\/www.miomiorun.com\/de\/produkt\/hiking-light-merino-mid-cut-herren\/","url":"https:\/\/www.miomiorun.com\/de\/produkt\/hiking-light-merino-mid-cut-herren\/","name":"Cep Hiking Light Merino Mid Cut herren - Socken - MioMioRun","isPartOf":{"@id":"https:\/\/www.miomiorun.com\/de\/#website"},"primaryImageOfPage":{"@id":"https:\/\/www.miomiorun.com\/de\/produkt\/hiking-light-merino-mid-cut-herren\/#primaryimage"},"image":{"@id":"https:\/\/www.miomiorun.com\/de\/produkt\/hiking-light-merino-mid-cut-herren\/#primaryimage"},"thumbnailUrl":"https:\/\/www.miomiorun.com\/app\/uploads\/2021\/10\/cep-outd-light-mer-midcut-WP3CA5.jpg","datePublished":"2021-10-04T14:39:03+00:00","dateModified":"2026-05-08T17:39:15+00:00","description":"Hiking Light Merino Mid Cut Socken. Hervorragender, sp\u00fcrbarer Komfort, leichtes Gewicht, hochwertige Materialien und eine optimierte Passform.","breadcrumb":{"@id":"https:\/\/www.miomiorun.com\/de\/produkt\/hiking-light-merino-mid-cut-herren\/#breadcrumb"},"inLanguage":"de-DE","potentialAction":[{"@type":"ReadAction","target":["https:\/\/www.miomiorun.com\/de\/produkt\/hiking-light-merino-mid-cut-herren\/"]}]},{"@type":"ImageObject","inLanguage":"de-DE","@id":"https:\/\/www.miomiorun.com\/de\/produkt\/hiking-light-merino-mid-cut-herren\/#primaryimage","url":"https:\/\/www.miomiorun.com\/app\/uploads\/2021\/10\/cep-outd-light-mer-midcut-WP3CA5.jpg","contentUrl":"https:\/\/www.miomiorun.com\/app\/uploads\/2021\/10\/cep-outd-light-mer-midcut-WP3CA5.jpg","width":600,"height":600,"caption":"cep-outd-light-mer-midcut-WP3CA5"},{"@type":"BreadcrumbList","@id":"https:\/\/www.miomiorun.com\/de\/produkt\/hiking-light-merino-mid-cut-herren\/#breadcrumb","itemListElement":[{"@type":"ListItem","position":1,"name":"Home","item":"https:\/\/www.miomiorun.com\/de\/"},{"@type":"ListItem","position":2,"name":"Shop","item":"https:\/\/www.miomiorun.com\/shop\/"},{"@type":"ListItem","position":3,"name":"Hiking Light Merino Mid Cut herren"}]},{"@type":"WebSite","@id":"https:\/\/www.miomiorun.com\/de\/#website","url":"https:\/\/www.miomiorun.com\/de\/","name":"MioMioRun","description":"100% Lauf- und Trailshop","publisher":{"@id":"https:\/\/www.miomiorun.com\/de\/#organization"},"potentialAction":[{"@type":"SearchAction","target":{"@type":"EntryPoint","urlTemplate":"https:\/\/www.miomiorun.com\/de\/?s={search_term_string}"},"query-input":{"@type":"PropertyValueSpecification","valueRequired":true,"valueName":"search_term_string"}}],"inLanguage":"de-DE"},{"@type":"Organization","@id":"https:\/\/www.miomiorun.com\/de\/#organization","name":"MioMio Run","url":"https:\/\/www.miomiorun.com\/de\/","logo":{"@type":"ImageObject","inLanguage":"de-DE","@id":"https:\/\/www.miomiorun.com\/de\/#\/schema\/logo\/image\/","url":"https:\/\/www.miomiorun.com\/app\/uploads\/2019\/12\/logomio.png","contentUrl":"https:\/\/www.miomiorun.com\/app\/uploads\/2019\/12\/logomio.png","width":115,"height":82,"caption":"MioMio Run"},"image":{"@id":"https:\/\/www.miomiorun.com\/de\/#\/schema\/logo\/image\/"},"sameAs":["https:\/\/www.facebook.com\/miomiorun\/","https:\/\/www.instagram.com\/miomiorun\/"]}]}},"_links":{"self":[{"href":"https:\/\/www.miomiorun.com\/de\/wp-json\/wp\/v2\/product\/177242","targetHints":{"allow":["GET"]}}],"collection":[{"href":"https:\/\/www.miomiorun.com\/de\/wp-json\/wp\/v2\/product"}],"about":[{"href":"https:\/\/www.miomiorun.com\/de\/wp-json\/wp\/v2\/types\/product"}],"wp:featuredmedia":[{"embeddable":true,"href":"https:\/\/www.miomiorun.com\/de\/wp-json\/wp\/v2\/media\/58568"}],"wp:attachment":[{"href":"https:\/\/www.miomiorun.com\/de\/wp-json\/wp\/v2\/media?parent=177242"}],"wp:term":[{"taxonomy":"product_brand","embeddable":true,"href":"https:\/\/www.miomiorun.com\/de\/wp-json\/wp\/v2\/product_brand?post=177242"},{"taxonomy":"product_cat","embeddable":true,"href":"https:\/\/www.miomiorun.com\/de\/wp-json\/wp\/v2\/product_cat?post=177242"},{"taxonomy":"product_tag","embeddable":true,"href":"https:\/\/www.miomiorun.com\/de\/wp-json\/wp\/v2\/product_tag?post=177242"}],"curies":[{"name":"wp","href":"https:\/\/api.w.org\/{rel}","templated":true}]}}