{"id":177234,"date":"2021-10-13T12:15:59","date_gmt":"2021-10-13T10:15:59","guid":{"rendered":"https:\/\/miomiorun.com\/prodotto\/falke-ru4-short-uomo-2\/"},"modified":"2025-02-04T21:48:14","modified_gmt":"2025-02-04T20:48:14","slug":"ru4-short-herren","status":"publish","type":"product","link":"https:\/\/www.miomiorun.com\/de\/produkt\/ru4-short-herren\/","title":{"rendered":"RU4 Short herren"},"content":{"rendered":"<p><div class=\"vc-row container\"><div class=\"vc-column\"><div class=\"vc-column-text\"><\/p>\n<p>Dank seiner mittleren Polsterung ist die<strong> RU4 Short<\/strong> f\u00fcr Herren unsere vielseitige Kn\u00f6chelsocke und garantiert ausreichenden Schutz bei mittlerer Polsterung und gutem Kontakt zum Schuh. Dar\u00fcber hinaus verhindert die Polsterung die Entstehung von Blasen, da sie Druckstellen reduziert. Der effiziente Feuchtigkeitstransport und die perfekte Passform garantieren angenehme sportliche Momente beim Joggen.<\/p>\n<p><strong>Eigenschaften:<\/strong><\/p>\n<ul>\n<li>Die vielseitige Laufsocke mit mittlerer Polsterung f\u00fcr ausreichenden Schutz und direkte Energie\u00fcbertragung.<\/li>\n<li>Mittlere D\u00e4mpfung und guter Kontakt zum Schuh.<\/li>\n<li>Feuchtigkeitstransport und schnellere Trocknung durch dreischichtigen Aufbau mit Baumwolle.<\/li>\n<li>Schutz vor Blasen durch reduzierende Druckzonen.<br \/>\nPerfekte Passform durch die beidseitige Polsterung und die Formung der Finger.<\/li>\n<\/ul>\n<p><strong>Information<\/strong><\/p>\n<p><strong>RU4<\/strong> \u2013 Die vielseitige Laufsocke mit mittlerer Polsterung f\u00fcr ausreichenden Schutz und direkte Energie\u00fcbertragung.<\/p>\n<p>&nbsp;<\/p>\n<p><\/div><\/div><\/div><div class=\"vc-row container\"><div class=\"vc-column\"><div class=\"vc-column-text\"><\/p>\n<div class=\"product-functional-symbols__image-container\"><img decoding=\"async\" class=\"product-functional-symbols__image aligncenter\" src=\"https:\/\/www.falke.com\/it_it\/9dd393d722265eb755772abd698b837041098075\/assets\/base\/staticImages\/functionalsymbols\/icon_feuchtigkeitsregulierend.svg\" \/><\/div>\n<div class=\"product-functional-symbols__name\" style=\"text-align: center;\">Reguliert die Luftfeuchtigkeit<\/div>\n<p><\/div><\/div><div class=\"vc-column\"><div class=\"vc-column-text\"><\/p>\n<p>&nbsp;<\/p>\n<p><img loading=\"lazy\" decoding=\"async\" class=\"product-functional-symbols__image aligncenter\" src=\"https:\/\/www.falke.com\/it_it\/c5c163f4c436a6d5cac26cfd6ed02ad465473f2a\/assets\/base\/staticImages\/functionalsymbols\/icon_daempfende-wirkung.svg\" width=\"114\" height=\"114\" \/><\/p>\n<p style=\"text-align: center;\">\n<p style=\"text-align: center;\">D\u00e4mpfungseffekt<\/p>\n<p>&nbsp;<\/p>\n<p><\/div><\/div><div class=\"vc-column\"><div class=\"vc-column-text\"><\/p>\n<div class=\"product-functional-symbols__image-container\"><img decoding=\"async\" class=\"product-functional-symbols__image aligncenter\" src=\"https:\/\/www.falke.com\/it_it\/9dd393d722265eb755772abd698b837041098075\/assets\/base\/staticImages\/functionalsymbols\/icon_schnellste_ruecktrocknung.svg\" \/><\/div>\n<div class=\"product-functional-symbols__name\" style=\"text-align: center;\">Schnelleres Trocknen<\/div>\n<p><\/div><\/div><div class=\"vc-column\"><\/div><\/div><div class=\"vc-row container\"><div class=\"vc-column\"><div class=\"vc-column-text\"><\/p>\n<p><strong>Material :<\/strong> 56 % Lyocell, 24 % Polyester, 19 % Polyamid, 1 % Elastan<\/p>\n<p><strong>Oberl\u00e4nge:<\/strong> Kn\u00f6chel<\/p>\n<p><strong>Polsterung:<\/strong> Mittel<\/p>\n<p><strong>Passform:<\/strong> Anatomisch<\/p>\n<p><strong>Sohle:<\/strong> Thermoregulierend<\/p>\n<p><strong>Aussehen:<\/strong> Sportlich<\/p>\n<p>&nbsp;<\/p>\n<p><\/div><\/div><\/div><\/p>\n","protected":false},"excerpt":{"rendered":"","protected":false},"featured_media":59082,"template":"","meta":{"_acf_changed":false,"inline_featured_image":false},"product_brand":[],"product_cat":[6540,6514],"product_tag":[6245,6231],"class_list":{"0":"post-177234","1":"product","2":"type-product","3":"status-publish","4":"has-post-thumbnail","6":"product_cat-herrenbekleidung","7":"product_cat-socken","8":"product_tag-falke-de","9":"product_tag-falke-herren-de","10":"pa_attivita-fitness-de","11":"pa_attivita-gehen","12":"pa_attivita-lifestyle-de","13":"pa_attivita-running-de","14":"pa_colore-ru4-endur-short-m-black","15":"pa_colore-ru4-endur-short-m-sulfur","16":"pa_colore-ru4-short-lightgrey-de","17":"pa_colore-ru4-short-black-2","18":"pa_colore-ru4-short-black-de","19":"pa_colore-ru4-short-blue-de","20":"pa_colore-ru4-short-blue-orange-de","21":"pa_colore-ru4-short-sulphur-de","22":"pa_marca-falke-de","23":"pa_sesso-herren","24":"pa_size-39-41-de","25":"pa_size-42-43-de","26":"pa_size-44-45-de","27":"pa_size-46-48-de","29":"first","30":"instock","31":"sale","32":"taxable","33":"shipping-taxable","34":"purchasable","35":"product-type-variable","36":"wvs-archive-product-wrapper"},"acf":[],"yoast_head":"<!-- This site is optimized with the Yoast SEO plugin v26.8 - https:\/\/yoast.com\/product\/yoast-seo-wordpress\/ -->\n<title>Falke RU4 Short herren - Laufsocken- MioMioRun.com<\/title>\n<meta name=\"robots\" content=\"index, follow, max-snippet:-1, max-image-preview:large, max-video-preview:-1\" \/>\n<link rel=\"canonical\" href=\"https:\/\/www.miomiorun.com\/de\/produkt\/ru4-short-herren\/\" \/>\n<meta property=\"og:locale\" content=\"de_DE\" \/>\n<meta property=\"og:type\" content=\"article\" \/>\n<meta property=\"og:title\" content=\"Falke RU4 Short herren - Laufsocken- MioMioRun.com\" \/>\n<meta property=\"og:url\" content=\"https:\/\/www.miomiorun.com\/de\/produkt\/ru4-short-herren\/\" \/>\n<meta property=\"og:site_name\" content=\"MioMioRun\" \/>\n<meta property=\"article:publisher\" content=\"https:\/\/www.facebook.com\/miomiorun\/\" \/>\n<meta property=\"article:modified_time\" content=\"2025-02-04T20:48:14+00:00\" \/>\n<meta property=\"og:image\" content=\"https:\/\/www.miomiorun.com\/app\/uploads\/2021\/10\/falke-RU4-Short-16705-6451.jpg\" \/>\n\t<meta property=\"og:image:width\" content=\"600\" \/>\n\t<meta property=\"og:image:height\" content=\"600\" \/>\n\t<meta property=\"og:image:type\" content=\"image\/jpeg\" \/>\n<meta name=\"twitter:card\" content=\"summary_large_image\" \/>\n<meta name=\"twitter:label1\" content=\"Est. reading time\" \/>\n\t<meta name=\"twitter:data1\" content=\"1 minute\" \/>\n<script type=\"application\/ld+json\" class=\"yoast-schema-graph\">{\"@context\":\"https:\/\/schema.org\",\"@graph\":[{\"@type\":\"WebPage\",\"@id\":\"https:\/\/www.miomiorun.com\/de\/produkt\/ru4-short-herren\/\",\"url\":\"https:\/\/www.miomiorun.com\/de\/produkt\/ru4-short-herren\/\",\"name\":\"Falke RU4 Short herren - Laufsocken- MioMioRun.com\",\"isPartOf\":{\"@id\":\"https:\/\/www.miomiorun.com\/de\/#website\"},\"primaryImageOfPage\":{\"@id\":\"https:\/\/www.miomiorun.com\/de\/produkt\/ru4-short-herren\/#primaryimage\"},\"image\":{\"@id\":\"https:\/\/www.miomiorun.com\/de\/produkt\/ru4-short-herren\/#primaryimage\"},\"thumbnailUrl\":\"https:\/\/www.miomiorun.com\/app\/uploads\/2021\/10\/falke-RU4-Short-16705-6451.jpg\",\"datePublished\":\"2021-10-13T10:15:59+00:00\",\"dateModified\":\"2025-02-04T20:48:14+00:00\",\"breadcrumb\":{\"@id\":\"https:\/\/www.miomiorun.com\/de\/produkt\/ru4-short-herren\/#breadcrumb\"},\"inLanguage\":\"de-DE\",\"potentialAction\":[{\"@type\":\"ReadAction\",\"target\":[\"https:\/\/www.miomiorun.com\/de\/produkt\/ru4-short-herren\/\"]}]},{\"@type\":\"ImageObject\",\"inLanguage\":\"de-DE\",\"@id\":\"https:\/\/www.miomiorun.com\/de\/produkt\/ru4-short-herren\/#primaryimage\",\"url\":\"https:\/\/www.miomiorun.com\/app\/uploads\/2021\/10\/falke-RU4-Short-16705-6451.jpg\",\"contentUrl\":\"https:\/\/www.miomiorun.com\/app\/uploads\/2021\/10\/falke-RU4-Short-16705-6451.jpg\",\"width\":600,\"height\":600,\"caption\":\"falke ru4 short\"},{\"@type\":\"BreadcrumbList\",\"@id\":\"https:\/\/www.miomiorun.com\/de\/produkt\/ru4-short-herren\/#breadcrumb\",\"itemListElement\":[{\"@type\":\"ListItem\",\"position\":1,\"name\":\"Home\",\"item\":\"https:\/\/www.miomiorun.com\/de\/\"},{\"@type\":\"ListItem\",\"position\":2,\"name\":\"Shop\",\"item\":\"https:\/\/www.miomiorun.com\/shop\/\"},{\"@type\":\"ListItem\",\"position\":3,\"name\":\"RU4 Short herren\"}]},{\"@type\":\"WebSite\",\"@id\":\"https:\/\/www.miomiorun.com\/de\/#website\",\"url\":\"https:\/\/www.miomiorun.com\/de\/\",\"name\":\"MioMioRun\",\"description\":\"100% Lauf- und Trailshop\",\"publisher\":{\"@id\":\"https:\/\/www.miomiorun.com\/de\/#organization\"},\"potentialAction\":[{\"@type\":\"SearchAction\",\"target\":{\"@type\":\"EntryPoint\",\"urlTemplate\":\"https:\/\/www.miomiorun.com\/de\/?s={search_term_string}\"},\"query-input\":{\"@type\":\"PropertyValueSpecification\",\"valueRequired\":true,\"valueName\":\"search_term_string\"}}],\"inLanguage\":\"de-DE\"},{\"@type\":\"Organization\",\"@id\":\"https:\/\/www.miomiorun.com\/de\/#organization\",\"name\":\"MioMio Run\",\"url\":\"https:\/\/www.miomiorun.com\/de\/\",\"logo\":{\"@type\":\"ImageObject\",\"inLanguage\":\"de-DE\",\"@id\":\"https:\/\/www.miomiorun.com\/de\/#\/schema\/logo\/image\/\",\"url\":\"https:\/\/www.miomiorun.com\/app\/uploads\/2019\/12\/logomio.png\",\"contentUrl\":\"https:\/\/www.miomiorun.com\/app\/uploads\/2019\/12\/logomio.png\",\"width\":115,\"height\":82,\"caption\":\"MioMio Run\"},\"image\":{\"@id\":\"https:\/\/www.miomiorun.com\/de\/#\/schema\/logo\/image\/\"},\"sameAs\":[\"https:\/\/www.facebook.com\/miomiorun\/\",\"https:\/\/www.instagram.com\/miomiorun\/\"]}]}<\/script>\n<!-- \/ Yoast SEO plugin. -->","yoast_head_json":{"title":"Falke RU4 Short herren - Laufsocken- MioMioRun.com","robots":{"index":"index","follow":"follow","max-snippet":"max-snippet:-1","max-image-preview":"max-image-preview:large","max-video-preview":"max-video-preview:-1"},"canonical":"https:\/\/www.miomiorun.com\/de\/produkt\/ru4-short-herren\/","og_locale":"de_DE","og_type":"article","og_title":"Falke RU4 Short herren - Laufsocken- MioMioRun.com","og_url":"https:\/\/www.miomiorun.com\/de\/produkt\/ru4-short-herren\/","og_site_name":"MioMioRun","article_publisher":"https:\/\/www.facebook.com\/miomiorun\/","article_modified_time":"2025-02-04T20:48:14+00:00","og_image":[{"width":600,"height":600,"url":"https:\/\/www.miomiorun.com\/app\/uploads\/2021\/10\/falke-RU4-Short-16705-6451.jpg","type":"image\/jpeg"}],"twitter_card":"summary_large_image","twitter_misc":{"Est. reading time":"1 minute"},"schema":{"@context":"https:\/\/schema.org","@graph":[{"@type":"WebPage","@id":"https:\/\/www.miomiorun.com\/de\/produkt\/ru4-short-herren\/","url":"https:\/\/www.miomiorun.com\/de\/produkt\/ru4-short-herren\/","name":"Falke RU4 Short herren - Laufsocken- MioMioRun.com","isPartOf":{"@id":"https:\/\/www.miomiorun.com\/de\/#website"},"primaryImageOfPage":{"@id":"https:\/\/www.miomiorun.com\/de\/produkt\/ru4-short-herren\/#primaryimage"},"image":{"@id":"https:\/\/www.miomiorun.com\/de\/produkt\/ru4-short-herren\/#primaryimage"},"thumbnailUrl":"https:\/\/www.miomiorun.com\/app\/uploads\/2021\/10\/falke-RU4-Short-16705-6451.jpg","datePublished":"2021-10-13T10:15:59+00:00","dateModified":"2025-02-04T20:48:14+00:00","breadcrumb":{"@id":"https:\/\/www.miomiorun.com\/de\/produkt\/ru4-short-herren\/#breadcrumb"},"inLanguage":"de-DE","potentialAction":[{"@type":"ReadAction","target":["https:\/\/www.miomiorun.com\/de\/produkt\/ru4-short-herren\/"]}]},{"@type":"ImageObject","inLanguage":"de-DE","@id":"https:\/\/www.miomiorun.com\/de\/produkt\/ru4-short-herren\/#primaryimage","url":"https:\/\/www.miomiorun.com\/app\/uploads\/2021\/10\/falke-RU4-Short-16705-6451.jpg","contentUrl":"https:\/\/www.miomiorun.com\/app\/uploads\/2021\/10\/falke-RU4-Short-16705-6451.jpg","width":600,"height":600,"caption":"falke ru4 short"},{"@type":"BreadcrumbList","@id":"https:\/\/www.miomiorun.com\/de\/produkt\/ru4-short-herren\/#breadcrumb","itemListElement":[{"@type":"ListItem","position":1,"name":"Home","item":"https:\/\/www.miomiorun.com\/de\/"},{"@type":"ListItem","position":2,"name":"Shop","item":"https:\/\/www.miomiorun.com\/shop\/"},{"@type":"ListItem","position":3,"name":"RU4 Short herren"}]},{"@type":"WebSite","@id":"https:\/\/www.miomiorun.com\/de\/#website","url":"https:\/\/www.miomiorun.com\/de\/","name":"MioMioRun","description":"100% Lauf- und Trailshop","publisher":{"@id":"https:\/\/www.miomiorun.com\/de\/#organization"},"potentialAction":[{"@type":"SearchAction","target":{"@type":"EntryPoint","urlTemplate":"https:\/\/www.miomiorun.com\/de\/?s={search_term_string}"},"query-input":{"@type":"PropertyValueSpecification","valueRequired":true,"valueName":"search_term_string"}}],"inLanguage":"de-DE"},{"@type":"Organization","@id":"https:\/\/www.miomiorun.com\/de\/#organization","name":"MioMio Run","url":"https:\/\/www.miomiorun.com\/de\/","logo":{"@type":"ImageObject","inLanguage":"de-DE","@id":"https:\/\/www.miomiorun.com\/de\/#\/schema\/logo\/image\/","url":"https:\/\/www.miomiorun.com\/app\/uploads\/2019\/12\/logomio.png","contentUrl":"https:\/\/www.miomiorun.com\/app\/uploads\/2019\/12\/logomio.png","width":115,"height":82,"caption":"MioMio Run"},"image":{"@id":"https:\/\/www.miomiorun.com\/de\/#\/schema\/logo\/image\/"},"sameAs":["https:\/\/www.facebook.com\/miomiorun\/","https:\/\/www.instagram.com\/miomiorun\/"]}]}},"_links":{"self":[{"href":"https:\/\/www.miomiorun.com\/de\/wp-json\/wp\/v2\/product\/177234","targetHints":{"allow":["GET"]}}],"collection":[{"href":"https:\/\/www.miomiorun.com\/de\/wp-json\/wp\/v2\/product"}],"about":[{"href":"https:\/\/www.miomiorun.com\/de\/wp-json\/wp\/v2\/types\/product"}],"wp:featuredmedia":[{"embeddable":true,"href":"https:\/\/www.miomiorun.com\/de\/wp-json\/wp\/v2\/media\/59082"}],"wp:attachment":[{"href":"https:\/\/www.miomiorun.com\/de\/wp-json\/wp\/v2\/media?parent=177234"}],"wp:term":[{"taxonomy":"product_brand","embeddable":true,"href":"https:\/\/www.miomiorun.com\/de\/wp-json\/wp\/v2\/product_brand?post=177234"},{"taxonomy":"product_cat","embeddable":true,"href":"https:\/\/www.miomiorun.com\/de\/wp-json\/wp\/v2\/product_cat?post=177234"},{"taxonomy":"product_tag","embeddable":true,"href":"https:\/\/www.miomiorun.com\/de\/wp-json\/wp\/v2\/product_tag?post=177234"}],"curies":[{"name":"wp","href":"https:\/\/api.w.org\/{rel}","templated":true}]}}