{"id":177229,"date":"2022-03-16T12:04:25","date_gmt":"2022-03-16T11:04:25","guid":{"rendered":"https:\/\/miomiorun.com\/prodotto\/cep-run-socks-tall-4-0-uomo\/"},"modified":"2024-06-06T14:08:13","modified_gmt":"2024-06-06T12:08:13","slug":"run-socks-tall-4-0-herren","status":"publish","type":"product","link":"https:\/\/www.miomiorun.com\/de\/produkt\/run-socks-tall-4-0-herren\/","title":{"rendered":"Run Socks Tall 4.0 herren"},"content":{"rendered":"<div class=\"tab-description\">\n<p>Die CEP<strong> Run Tall 4.0<\/strong> Kompressionssocken f\u00fcr Herren bieten alle Vorteile unserer meistverkauften 3.0 Tall Kompressionssocken, aber mit noch mehr technologischen Fortschritten, die Ihnen helfen, Ihre Leistung zu verbessern. Dieses neu definierte Kompressionsprofil ist pr\u00e4ziser, um die N\u00e4hrstoffversorgung in den F\u00fc\u00dfen und Waden effektiv zu aktivieren und Ihre Beine st\u00e4rker und leichter zu machen. Die Mesh-Struktur an den Waden, die innovativen Luftkan\u00e4le im Fu\u00dfbett und die Bel\u00fcftungszonen im Zehenbereich bieten zus\u00e4tzliche Atmungsaktivit\u00e4t und h\u00f6chsten Komfort.<\/p>\n<p><strong>Eigenschaften:<\/strong><\/p>\n<ul>\n<li>Die Smart Dry Extreme Air-Technologie passt sich den Wetterbedingungen an, sodass Sie k\u00fchl und trocken bleiben, wenn es hei\u00df ist, aber warm und komfortabel, wenn es kalt ist.<\/li>\n<li>Das HEIQ-Klimamanagement erfrischt die Haut.<\/li>\n<li>Gezielte Kompression im Fu\u00dfgew\u00f6lbe und Kn\u00f6chel f\u00fcr sichere Schritte.<\/li>\n<li>Dank des beschleunigten Abtransports von Milchs\u00e4ure beginnt die Erholung bereits w\u00e4hrend der Aktivit\u00e4t.<\/li>\n<li>Das offene Strukturdesign und innovative Luftkan\u00e4le durch Wade und Fu\u00dfbett verbessern die Bel\u00fcftung f\u00fcr optimale Atmungsaktivit\u00e4t.<\/li>\n<li>Lindert Schmerzen bei Plantarfasziitis, Schienbeinen und Achillessehne.<\/li>\n<li>Mit Silber behandelt, um unangenehme Ger\u00fcche zu reduzieren und Bakterien zu beseitigen.<\/li>\n<li>Garantiert ohne Blase.<\/li>\n<\/ul>\n<p><strong>Kompressionsgrad:<\/strong> 16\u201318 mmHg am Wadenmuskel; 22-24 mmHg am Kn\u00f6chel<\/p>\n<p><strong>Material:<\/strong> 83 % Polyamid, 17 % Elasthan<\/p>\n<\/div>\n<p>&nbsp;<\/p>\n","protected":false},"excerpt":{"rendered":"<p>Die CEP Run Tall 4.0 Kompressionssocken f\u00fcr Herren bieten alle Vorteile unserer meistverkauften 3.0 Tall Kompressionssocken, aber mit noch mehr technologischen Fortschritten, die Ihnen helfen, Ihre Leistung zu verbessern. Dieses neu definierte Kompressionsprofil ist pr\u00e4ziser, um die N\u00e4hrstoffversorgung in den F\u00fc\u00dfen und Waden effektiv zu aktivieren und Ihre Beine st\u00e4rker und leichter zu machen. Die &hellip; <a href=\"https:\/\/www.miomiorun.com\/de\/produkt\/run-socks-tall-4-0-herren\/\">Continued<\/a><\/p>\n","protected":false},"featured_media":64653,"template":"","meta":{"_acf_changed":false,"inline_featured_image":false},"product_brand":[],"product_cat":[6515,6540,6514],"product_tag":[3408,6212],"class_list":{"0":"post-177229","1":"product","2":"type-product","3":"status-publish","4":"has-post-thumbnail","6":"product_cat-herren-de","7":"product_cat-herrenbekleidung","8":"product_cat-socken","9":"product_tag-cep-de","10":"product_tag-cep-herren-de","11":"pa_attivita-running-de","12":"pa_attivita-trail-de","13":"pa_circonferenza-polpaccio-45-51-de-2","14":"pa_colore-run-socks-tall-v4-ocean-petrol-de","15":"pa_marca-cep-de","16":"pa_sesso-herren","18":"first","19":"instock","20":"taxable","21":"shipping-taxable","22":"purchasable","23":"product-type-variable","24":"wvs-archive-product-wrapper"},"acf":[],"yoast_head":"<!-- This site is optimized with the Yoast SEO plugin v26.8 - https:\/\/yoast.com\/product\/yoast-seo-wordpress\/ -->\n<title>Cep Run Socks Tall 4.0 herren -Laufsocken f\u00fcr Herren - MioMioRun<\/title>\n<meta name=\"description\" content=\"CEP Herren Run Tall 4.0 Kompressionssocken bieten alle Vorteile unserer meistverkauften 3.0 Tall Kompressionssocken.\" \/>\n<meta name=\"robots\" content=\"index, follow, max-snippet:-1, max-image-preview:large, max-video-preview:-1\" \/>\n<link rel=\"canonical\" href=\"https:\/\/www.miomiorun.com\/de\/produkt\/run-socks-tall-4-0-herren\/\" \/>\n<meta property=\"og:locale\" content=\"de_DE\" \/>\n<meta property=\"og:type\" content=\"article\" \/>\n<meta property=\"og:title\" content=\"Cep Run Socks Tall 4.0 herren -Laufsocken f\u00fcr Herren - MioMioRun\" \/>\n<meta property=\"og:description\" content=\"CEP Herren Run Tall 4.0 Kompressionssocken bieten alle Vorteile unserer meistverkauften 3.0 Tall Kompressionssocken.\" \/>\n<meta property=\"og:url\" content=\"https:\/\/www.miomiorun.com\/de\/produkt\/run-socks-tall-4-0-herren\/\" \/>\n<meta property=\"og:site_name\" content=\"MioMioRun\" \/>\n<meta property=\"article:publisher\" content=\"https:\/\/www.facebook.com\/miomiorun\/\" \/>\n<meta property=\"article:modified_time\" content=\"2024-06-06T12:08:13+00:00\" \/>\n<meta property=\"og:image\" content=\"https:\/\/www.miomiorun.com\/app\/uploads\/2022\/03\/cep-run-socks-tall-v4-WP30NR.jpg\" \/>\n\t<meta property=\"og:image:width\" content=\"600\" \/>\n\t<meta property=\"og:image:height\" content=\"600\" \/>\n\t<meta property=\"og:image:type\" content=\"image\/jpeg\" \/>\n<meta name=\"twitter:card\" content=\"summary_large_image\" \/>\n<meta name=\"twitter:label1\" content=\"Est. reading time\" \/>\n\t<meta name=\"twitter:data1\" content=\"1 minute\" \/>\n<script type=\"application\/ld+json\" class=\"yoast-schema-graph\">{\"@context\":\"https:\/\/schema.org\",\"@graph\":[{\"@type\":\"WebPage\",\"@id\":\"https:\/\/www.miomiorun.com\/de\/produkt\/run-socks-tall-4-0-herren\/\",\"url\":\"https:\/\/www.miomiorun.com\/de\/produkt\/run-socks-tall-4-0-herren\/\",\"name\":\"Cep Run Socks Tall 4.0 herren -Laufsocken f\u00fcr Herren - MioMioRun\",\"isPartOf\":{\"@id\":\"https:\/\/www.miomiorun.com\/de\/#website\"},\"primaryImageOfPage\":{\"@id\":\"https:\/\/www.miomiorun.com\/de\/produkt\/run-socks-tall-4-0-herren\/#primaryimage\"},\"image\":{\"@id\":\"https:\/\/www.miomiorun.com\/de\/produkt\/run-socks-tall-4-0-herren\/#primaryimage\"},\"thumbnailUrl\":\"https:\/\/www.miomiorun.com\/app\/uploads\/2022\/03\/cep-run-socks-tall-v4-WP30NR.jpg\",\"datePublished\":\"2022-03-16T11:04:25+00:00\",\"dateModified\":\"2024-06-06T12:08:13+00:00\",\"description\":\"CEP Herren Run Tall 4.0 Kompressionssocken bieten alle Vorteile unserer meistverkauften 3.0 Tall Kompressionssocken.\",\"breadcrumb\":{\"@id\":\"https:\/\/www.miomiorun.com\/de\/produkt\/run-socks-tall-4-0-herren\/#breadcrumb\"},\"inLanguage\":\"de-DE\",\"potentialAction\":[{\"@type\":\"ReadAction\",\"target\":[\"https:\/\/www.miomiorun.com\/de\/produkt\/run-socks-tall-4-0-herren\/\"]}]},{\"@type\":\"ImageObject\",\"inLanguage\":\"de-DE\",\"@id\":\"https:\/\/www.miomiorun.com\/de\/produkt\/run-socks-tall-4-0-herren\/#primaryimage\",\"url\":\"https:\/\/www.miomiorun.com\/app\/uploads\/2022\/03\/cep-run-socks-tall-v4-WP30NR.jpg\",\"contentUrl\":\"https:\/\/www.miomiorun.com\/app\/uploads\/2022\/03\/cep-run-socks-tall-v4-WP30NR.jpg\",\"width\":600,\"height\":600,\"caption\":\"cep-run-socks-tall-v4-WP30NR\"},{\"@type\":\"BreadcrumbList\",\"@id\":\"https:\/\/www.miomiorun.com\/de\/produkt\/run-socks-tall-4-0-herren\/#breadcrumb\",\"itemListElement\":[{\"@type\":\"ListItem\",\"position\":1,\"name\":\"Home\",\"item\":\"https:\/\/www.miomiorun.com\/de\/\"},{\"@type\":\"ListItem\",\"position\":2,\"name\":\"Shop\",\"item\":\"https:\/\/www.miomiorun.com\/shop\/\"},{\"@type\":\"ListItem\",\"position\":3,\"name\":\"Run Socks Tall 4.0 herren\"}]},{\"@type\":\"WebSite\",\"@id\":\"https:\/\/www.miomiorun.com\/de\/#website\",\"url\":\"https:\/\/www.miomiorun.com\/de\/\",\"name\":\"MioMioRun\",\"description\":\"100% Lauf- und Trailshop\",\"publisher\":{\"@id\":\"https:\/\/www.miomiorun.com\/de\/#organization\"},\"potentialAction\":[{\"@type\":\"SearchAction\",\"target\":{\"@type\":\"EntryPoint\",\"urlTemplate\":\"https:\/\/www.miomiorun.com\/de\/?s={search_term_string}\"},\"query-input\":{\"@type\":\"PropertyValueSpecification\",\"valueRequired\":true,\"valueName\":\"search_term_string\"}}],\"inLanguage\":\"de-DE\"},{\"@type\":\"Organization\",\"@id\":\"https:\/\/www.miomiorun.com\/de\/#organization\",\"name\":\"MioMio Run\",\"url\":\"https:\/\/www.miomiorun.com\/de\/\",\"logo\":{\"@type\":\"ImageObject\",\"inLanguage\":\"de-DE\",\"@id\":\"https:\/\/www.miomiorun.com\/de\/#\/schema\/logo\/image\/\",\"url\":\"https:\/\/www.miomiorun.com\/app\/uploads\/2019\/12\/logomio.png\",\"contentUrl\":\"https:\/\/www.miomiorun.com\/app\/uploads\/2019\/12\/logomio.png\",\"width\":115,\"height\":82,\"caption\":\"MioMio Run\"},\"image\":{\"@id\":\"https:\/\/www.miomiorun.com\/de\/#\/schema\/logo\/image\/\"},\"sameAs\":[\"https:\/\/www.facebook.com\/miomiorun\/\",\"https:\/\/www.instagram.com\/miomiorun\/\"]}]}<\/script>\n<!-- \/ Yoast SEO plugin. -->","yoast_head_json":{"title":"Cep Run Socks Tall 4.0 herren -Laufsocken f\u00fcr Herren - MioMioRun","description":"CEP Herren Run Tall 4.0 Kompressionssocken bieten alle Vorteile unserer meistverkauften 3.0 Tall Kompressionssocken.","robots":{"index":"index","follow":"follow","max-snippet":"max-snippet:-1","max-image-preview":"max-image-preview:large","max-video-preview":"max-video-preview:-1"},"canonical":"https:\/\/www.miomiorun.com\/de\/produkt\/run-socks-tall-4-0-herren\/","og_locale":"de_DE","og_type":"article","og_title":"Cep Run Socks Tall 4.0 herren -Laufsocken f\u00fcr Herren - MioMioRun","og_description":"CEP Herren Run Tall 4.0 Kompressionssocken bieten alle Vorteile unserer meistverkauften 3.0 Tall Kompressionssocken.","og_url":"https:\/\/www.miomiorun.com\/de\/produkt\/run-socks-tall-4-0-herren\/","og_site_name":"MioMioRun","article_publisher":"https:\/\/www.facebook.com\/miomiorun\/","article_modified_time":"2024-06-06T12:08:13+00:00","og_image":[{"width":600,"height":600,"url":"https:\/\/www.miomiorun.com\/app\/uploads\/2022\/03\/cep-run-socks-tall-v4-WP30NR.jpg","type":"image\/jpeg"}],"twitter_card":"summary_large_image","twitter_misc":{"Est. reading time":"1 minute"},"schema":{"@context":"https:\/\/schema.org","@graph":[{"@type":"WebPage","@id":"https:\/\/www.miomiorun.com\/de\/produkt\/run-socks-tall-4-0-herren\/","url":"https:\/\/www.miomiorun.com\/de\/produkt\/run-socks-tall-4-0-herren\/","name":"Cep Run Socks Tall 4.0 herren -Laufsocken f\u00fcr Herren - MioMioRun","isPartOf":{"@id":"https:\/\/www.miomiorun.com\/de\/#website"},"primaryImageOfPage":{"@id":"https:\/\/www.miomiorun.com\/de\/produkt\/run-socks-tall-4-0-herren\/#primaryimage"},"image":{"@id":"https:\/\/www.miomiorun.com\/de\/produkt\/run-socks-tall-4-0-herren\/#primaryimage"},"thumbnailUrl":"https:\/\/www.miomiorun.com\/app\/uploads\/2022\/03\/cep-run-socks-tall-v4-WP30NR.jpg","datePublished":"2022-03-16T11:04:25+00:00","dateModified":"2024-06-06T12:08:13+00:00","description":"CEP Herren Run Tall 4.0 Kompressionssocken bieten alle Vorteile unserer meistverkauften 3.0 Tall Kompressionssocken.","breadcrumb":{"@id":"https:\/\/www.miomiorun.com\/de\/produkt\/run-socks-tall-4-0-herren\/#breadcrumb"},"inLanguage":"de-DE","potentialAction":[{"@type":"ReadAction","target":["https:\/\/www.miomiorun.com\/de\/produkt\/run-socks-tall-4-0-herren\/"]}]},{"@type":"ImageObject","inLanguage":"de-DE","@id":"https:\/\/www.miomiorun.com\/de\/produkt\/run-socks-tall-4-0-herren\/#primaryimage","url":"https:\/\/www.miomiorun.com\/app\/uploads\/2022\/03\/cep-run-socks-tall-v4-WP30NR.jpg","contentUrl":"https:\/\/www.miomiorun.com\/app\/uploads\/2022\/03\/cep-run-socks-tall-v4-WP30NR.jpg","width":600,"height":600,"caption":"cep-run-socks-tall-v4-WP30NR"},{"@type":"BreadcrumbList","@id":"https:\/\/www.miomiorun.com\/de\/produkt\/run-socks-tall-4-0-herren\/#breadcrumb","itemListElement":[{"@type":"ListItem","position":1,"name":"Home","item":"https:\/\/www.miomiorun.com\/de\/"},{"@type":"ListItem","position":2,"name":"Shop","item":"https:\/\/www.miomiorun.com\/shop\/"},{"@type":"ListItem","position":3,"name":"Run Socks Tall 4.0 herren"}]},{"@type":"WebSite","@id":"https:\/\/www.miomiorun.com\/de\/#website","url":"https:\/\/www.miomiorun.com\/de\/","name":"MioMioRun","description":"100% Lauf- und Trailshop","publisher":{"@id":"https:\/\/www.miomiorun.com\/de\/#organization"},"potentialAction":[{"@type":"SearchAction","target":{"@type":"EntryPoint","urlTemplate":"https:\/\/www.miomiorun.com\/de\/?s={search_term_string}"},"query-input":{"@type":"PropertyValueSpecification","valueRequired":true,"valueName":"search_term_string"}}],"inLanguage":"de-DE"},{"@type":"Organization","@id":"https:\/\/www.miomiorun.com\/de\/#organization","name":"MioMio Run","url":"https:\/\/www.miomiorun.com\/de\/","logo":{"@type":"ImageObject","inLanguage":"de-DE","@id":"https:\/\/www.miomiorun.com\/de\/#\/schema\/logo\/image\/","url":"https:\/\/www.miomiorun.com\/app\/uploads\/2019\/12\/logomio.png","contentUrl":"https:\/\/www.miomiorun.com\/app\/uploads\/2019\/12\/logomio.png","width":115,"height":82,"caption":"MioMio Run"},"image":{"@id":"https:\/\/www.miomiorun.com\/de\/#\/schema\/logo\/image\/"},"sameAs":["https:\/\/www.facebook.com\/miomiorun\/","https:\/\/www.instagram.com\/miomiorun\/"]}]}},"_links":{"self":[{"href":"https:\/\/www.miomiorun.com\/de\/wp-json\/wp\/v2\/product\/177229","targetHints":{"allow":["GET"]}}],"collection":[{"href":"https:\/\/www.miomiorun.com\/de\/wp-json\/wp\/v2\/product"}],"about":[{"href":"https:\/\/www.miomiorun.com\/de\/wp-json\/wp\/v2\/types\/product"}],"wp:featuredmedia":[{"embeddable":true,"href":"https:\/\/www.miomiorun.com\/de\/wp-json\/wp\/v2\/media\/64653"}],"wp:attachment":[{"href":"https:\/\/www.miomiorun.com\/de\/wp-json\/wp\/v2\/media?parent=177229"}],"wp:term":[{"taxonomy":"product_brand","embeddable":true,"href":"https:\/\/www.miomiorun.com\/de\/wp-json\/wp\/v2\/product_brand?post=177229"},{"taxonomy":"product_cat","embeddable":true,"href":"https:\/\/www.miomiorun.com\/de\/wp-json\/wp\/v2\/product_cat?post=177229"},{"taxonomy":"product_tag","embeddable":true,"href":"https:\/\/www.miomiorun.com\/de\/wp-json\/wp\/v2\/product_tag?post=177229"}],"curies":[{"name":"wp","href":"https:\/\/api.w.org\/{rel}","templated":true}]}}