{"id":177227,"date":"2022-03-16T12:22:56","date_gmt":"2022-03-16T11:22:56","guid":{"rendered":"https:\/\/miomiorun.com\/prodotto\/cep-no-show-socks-4-0-uomo\/"},"modified":"2026-05-08T21:22:09","modified_gmt":"2026-05-08T19:22:09","slug":"no-show-socks-4-0-herren","status":"publish","type":"product","link":"https:\/\/www.miomiorun.com\/de\/produkt\/no-show-socks-4-0-herren\/","title":{"rendered":"No Show Socks 4.0 herren"},"content":{"rendered":"<p>Die CEP Herren-<strong>Run-Compression-No-Show-Socken<\/strong> erledigen ihren Job hinter den Kulissen: Sie erhalten unsichtbare Unterst\u00fctzung und maximieren den Komfort. Dank der Passform, die einer zweiten Haut \u00e4hnelt, verrutschen die No-Show-Laufsocken nicht und der bew\u00e4hrte Materialmix beugt Blasen vor. Die gezielte Kompression im Fu\u00dfgew\u00f6lbe sorgt f\u00fcr zus\u00e4tzlichen Halt im Fu\u00dfgew\u00f6lbe und im Fu\u00dfbett, w\u00e4hrend gepolsterte Fu\u00dfzonen den Laufkomfort erh\u00f6hen und Hot Spots verhindern. Fortschrittliche Bel\u00fcftungszonen sorgen daf\u00fcr, dass die F\u00fc\u00dfe angenehm trocken bleiben. Perfekt f\u00fcr Tage, an denen Sie direkt vom B\u00fcro ins Fitnessstudio gehen!<\/p>\n<p><strong>Eigenschaften:<\/strong><\/p>\n<ul>\n<li>Atmungsaktives Material h\u00e4lt Ihre F\u00fc\u00dfe k\u00fchl.<\/li>\n<li>Anatomisches Design und Fersenlasche f\u00fcr rutschfesten Sitz.<\/li>\n<li>Innovative Luftkan\u00e4le im Fu\u00dfbett und Bel\u00fcftungszonen im Zehenbereich f\u00fcr optimale Atmungsaktivit\u00e4t und h\u00f6chsten Komfort.<\/li>\n<li>Mit Silber behandelt, um unangenehme Ger\u00fcche zu reduzieren und Bakterien zu beseitigen.<\/li>\n<li>Garantiert ohne Blase.<\/li>\n<li>Sto\u00dfd\u00e4mpfung durch anatomische, perfekt im Fu\u00df positionierte Polsterung.<\/li>\n<\/ul>\n<p><strong>Material:<\/strong> 84 % Polyamid, 16 % Elasthan<\/p>\n","protected":false},"excerpt":{"rendered":"<p>Die CEP Herren-Run-Compression-No-Show-Socken erledigen ihren Job hinter den Kulissen: Sie erhalten unsichtbare Unterst\u00fctzung und maximieren den Komfort. Dank der Passform, die einer zweiten Haut \u00e4hnelt, verrutschen die No-Show-Laufsocken nicht und der bew\u00e4hrte Materialmix beugt Blasen vor. Die gezielte Kompression im Fu\u00dfgew\u00f6lbe sorgt f\u00fcr zus\u00e4tzlichen Halt im Fu\u00dfgew\u00f6lbe und im Fu\u00dfbett, w\u00e4hrend gepolsterte Fu\u00dfzonen den Laufkomfort &hellip; <a href=\"https:\/\/www.miomiorun.com\/de\/produkt\/no-show-socks-4-0-herren\/\">Continued<\/a><\/p>\n","protected":false},"featured_media":64656,"template":"","meta":{"_acf_changed":false,"inline_featured_image":false},"product_brand":[],"product_cat":[6540,6514],"product_tag":[3408,6212],"class_list":{"0":"post-177227","1":"product","2":"type-product","3":"status-publish","4":"has-post-thumbnail","6":"product_cat-herrenbekleidung","7":"product_cat-socken","8":"product_tag-cep-de","9":"product_tag-cep-herren-de","10":"pa_attivita-fitness-de","11":"pa_attivita-gehen","12":"pa_attivita-running-de","13":"pa_colore-no-show-socks-v4-black-de","14":"pa_marca-cep-de","15":"pa_sesso-herren","16":"pa_size-45-48-de","18":"first","19":"instock","20":"sale","21":"taxable","22":"shipping-taxable","23":"purchasable","24":"product-type-variable","25":"wvs-archive-product-wrapper"},"acf":[],"yoast_head":"<!-- This site is optimized with the Yoast SEO plugin v26.8 - https:\/\/yoast.com\/product\/yoast-seo-wordpress\/ -->\n<title>CepNo Show Socks 4.0 herren - Laufsocken - MioMioRun<\/title>\n<meta name=\"description\" content=\"CEP Men&#039;s Run No Show Socken erledigen ihren Job hinter den Kulissen: Sie erhalten unsichtbaren Halt und maximieren den Komfort.\" \/>\n<meta name=\"robots\" content=\"index, follow, max-snippet:-1, max-image-preview:large, max-video-preview:-1\" \/>\n<link rel=\"canonical\" href=\"https:\/\/www.miomiorun.com\/de\/produkt\/no-show-socks-4-0-herren\/\" \/>\n<meta property=\"og:locale\" content=\"de_DE\" \/>\n<meta property=\"og:type\" content=\"article\" \/>\n<meta property=\"og:title\" content=\"CepNo Show Socks 4.0 herren - Laufsocken - MioMioRun\" \/>\n<meta property=\"og:description\" content=\"CEP Men&#039;s Run No Show Socken erledigen ihren Job hinter den Kulissen: Sie erhalten unsichtbaren Halt und maximieren den Komfort.\" \/>\n<meta property=\"og:url\" content=\"https:\/\/www.miomiorun.com\/de\/produkt\/no-show-socks-4-0-herren\/\" \/>\n<meta property=\"og:site_name\" content=\"MioMioRun\" \/>\n<meta property=\"article:publisher\" content=\"https:\/\/www.facebook.com\/miomiorun\/\" \/>\n<meta property=\"article:modified_time\" content=\"2026-05-08T19:22:09+00:00\" \/>\n<meta property=\"og:image\" content=\"https:\/\/www.miomiorun.com\/app\/uploads\/2022\/03\/cep-no-show-socks-v4-petrol-WP369R.jpg\" \/>\n\t<meta property=\"og:image:width\" content=\"600\" \/>\n\t<meta property=\"og:image:height\" content=\"600\" \/>\n\t<meta property=\"og:image:type\" content=\"image\/jpeg\" \/>\n<meta name=\"twitter:card\" content=\"summary_large_image\" \/>\n<meta name=\"twitter:label1\" content=\"Est. reading time\" \/>\n\t<meta name=\"twitter:data1\" content=\"1 minute\" \/>\n<script type=\"application\/ld+json\" class=\"yoast-schema-graph\">{\"@context\":\"https:\/\/schema.org\",\"@graph\":[{\"@type\":\"WebPage\",\"@id\":\"https:\/\/www.miomiorun.com\/de\/produkt\/no-show-socks-4-0-herren\/\",\"url\":\"https:\/\/www.miomiorun.com\/de\/produkt\/no-show-socks-4-0-herren\/\",\"name\":\"CepNo Show Socks 4.0 herren - Laufsocken - MioMioRun\",\"isPartOf\":{\"@id\":\"https:\/\/www.miomiorun.com\/de\/#website\"},\"primaryImageOfPage\":{\"@id\":\"https:\/\/www.miomiorun.com\/de\/produkt\/no-show-socks-4-0-herren\/#primaryimage\"},\"image\":{\"@id\":\"https:\/\/www.miomiorun.com\/de\/produkt\/no-show-socks-4-0-herren\/#primaryimage\"},\"thumbnailUrl\":\"https:\/\/www.miomiorun.com\/app\/uploads\/2022\/03\/cep-no-show-socks-v4-petrol-WP369R.jpg\",\"datePublished\":\"2022-03-16T11:22:56+00:00\",\"dateModified\":\"2026-05-08T19:22:09+00:00\",\"description\":\"CEP Men's Run No Show Socken erledigen ihren Job hinter den Kulissen: Sie erhalten unsichtbaren Halt und maximieren den Komfort.\",\"breadcrumb\":{\"@id\":\"https:\/\/www.miomiorun.com\/de\/produkt\/no-show-socks-4-0-herren\/#breadcrumb\"},\"inLanguage\":\"de-DE\",\"potentialAction\":[{\"@type\":\"ReadAction\",\"target\":[\"https:\/\/www.miomiorun.com\/de\/produkt\/no-show-socks-4-0-herren\/\"]}]},{\"@type\":\"ImageObject\",\"inLanguage\":\"de-DE\",\"@id\":\"https:\/\/www.miomiorun.com\/de\/produkt\/no-show-socks-4-0-herren\/#primaryimage\",\"url\":\"https:\/\/www.miomiorun.com\/app\/uploads\/2022\/03\/cep-no-show-socks-v4-petrol-WP369R.jpg\",\"contentUrl\":\"https:\/\/www.miomiorun.com\/app\/uploads\/2022\/03\/cep-no-show-socks-v4-petrol-WP369R.jpg\",\"width\":600,\"height\":600,\"caption\":\"cep-no-show-socks-v4-petrol-WP369R\"},{\"@type\":\"BreadcrumbList\",\"@id\":\"https:\/\/www.miomiorun.com\/de\/produkt\/no-show-socks-4-0-herren\/#breadcrumb\",\"itemListElement\":[{\"@type\":\"ListItem\",\"position\":1,\"name\":\"Home\",\"item\":\"https:\/\/www.miomiorun.com\/de\/home-page\/\"},{\"@type\":\"ListItem\",\"position\":2,\"name\":\"Shop\",\"item\":\"https:\/\/www.miomiorun.com\/shop\/\"},{\"@type\":\"ListItem\",\"position\":3,\"name\":\"No Show Socks 4.0 herren\"}]},{\"@type\":\"WebSite\",\"@id\":\"https:\/\/www.miomiorun.com\/de\/#website\",\"url\":\"https:\/\/www.miomiorun.com\/de\/\",\"name\":\"MioMioRun\",\"description\":\"100% Lauf- und Trailshop\",\"publisher\":{\"@id\":\"https:\/\/www.miomiorun.com\/de\/#organization\"},\"potentialAction\":[{\"@type\":\"SearchAction\",\"target\":{\"@type\":\"EntryPoint\",\"urlTemplate\":\"https:\/\/www.miomiorun.com\/de\/?s={search_term_string}\"},\"query-input\":{\"@type\":\"PropertyValueSpecification\",\"valueRequired\":true,\"valueName\":\"search_term_string\"}}],\"inLanguage\":\"de-DE\"},{\"@type\":\"Organization\",\"@id\":\"https:\/\/www.miomiorun.com\/de\/#organization\",\"name\":\"MioMio Run\",\"url\":\"https:\/\/www.miomiorun.com\/de\/\",\"logo\":{\"@type\":\"ImageObject\",\"inLanguage\":\"de-DE\",\"@id\":\"https:\/\/www.miomiorun.com\/de\/#\/schema\/logo\/image\/\",\"url\":\"https:\/\/www.miomiorun.com\/app\/uploads\/2019\/12\/logomio.png\",\"contentUrl\":\"https:\/\/www.miomiorun.com\/app\/uploads\/2019\/12\/logomio.png\",\"width\":115,\"height\":82,\"caption\":\"MioMio Run\"},\"image\":{\"@id\":\"https:\/\/www.miomiorun.com\/de\/#\/schema\/logo\/image\/\"},\"sameAs\":[\"https:\/\/www.facebook.com\/miomiorun\/\",\"https:\/\/www.instagram.com\/miomiorun\/\"]}]}<\/script>\n<!-- \/ Yoast SEO plugin. -->","yoast_head_json":{"title":"CepNo Show Socks 4.0 herren - Laufsocken - MioMioRun","description":"CEP Men's Run No Show Socken erledigen ihren Job hinter den Kulissen: Sie erhalten unsichtbaren Halt und maximieren den Komfort.","robots":{"index":"index","follow":"follow","max-snippet":"max-snippet:-1","max-image-preview":"max-image-preview:large","max-video-preview":"max-video-preview:-1"},"canonical":"https:\/\/www.miomiorun.com\/de\/produkt\/no-show-socks-4-0-herren\/","og_locale":"de_DE","og_type":"article","og_title":"CepNo Show Socks 4.0 herren - Laufsocken - MioMioRun","og_description":"CEP Men's Run No Show Socken erledigen ihren Job hinter den Kulissen: Sie erhalten unsichtbaren Halt und maximieren den Komfort.","og_url":"https:\/\/www.miomiorun.com\/de\/produkt\/no-show-socks-4-0-herren\/","og_site_name":"MioMioRun","article_publisher":"https:\/\/www.facebook.com\/miomiorun\/","article_modified_time":"2026-05-08T19:22:09+00:00","og_image":[{"width":600,"height":600,"url":"https:\/\/www.miomiorun.com\/app\/uploads\/2022\/03\/cep-no-show-socks-v4-petrol-WP369R.jpg","type":"image\/jpeg"}],"twitter_card":"summary_large_image","twitter_misc":{"Est. reading time":"1 minute"},"schema":{"@context":"https:\/\/schema.org","@graph":[{"@type":"WebPage","@id":"https:\/\/www.miomiorun.com\/de\/produkt\/no-show-socks-4-0-herren\/","url":"https:\/\/www.miomiorun.com\/de\/produkt\/no-show-socks-4-0-herren\/","name":"CepNo Show Socks 4.0 herren - Laufsocken - MioMioRun","isPartOf":{"@id":"https:\/\/www.miomiorun.com\/de\/#website"},"primaryImageOfPage":{"@id":"https:\/\/www.miomiorun.com\/de\/produkt\/no-show-socks-4-0-herren\/#primaryimage"},"image":{"@id":"https:\/\/www.miomiorun.com\/de\/produkt\/no-show-socks-4-0-herren\/#primaryimage"},"thumbnailUrl":"https:\/\/www.miomiorun.com\/app\/uploads\/2022\/03\/cep-no-show-socks-v4-petrol-WP369R.jpg","datePublished":"2022-03-16T11:22:56+00:00","dateModified":"2026-05-08T19:22:09+00:00","description":"CEP Men's Run No Show Socken erledigen ihren Job hinter den Kulissen: Sie erhalten unsichtbaren Halt und maximieren den Komfort.","breadcrumb":{"@id":"https:\/\/www.miomiorun.com\/de\/produkt\/no-show-socks-4-0-herren\/#breadcrumb"},"inLanguage":"de-DE","potentialAction":[{"@type":"ReadAction","target":["https:\/\/www.miomiorun.com\/de\/produkt\/no-show-socks-4-0-herren\/"]}]},{"@type":"ImageObject","inLanguage":"de-DE","@id":"https:\/\/www.miomiorun.com\/de\/produkt\/no-show-socks-4-0-herren\/#primaryimage","url":"https:\/\/www.miomiorun.com\/app\/uploads\/2022\/03\/cep-no-show-socks-v4-petrol-WP369R.jpg","contentUrl":"https:\/\/www.miomiorun.com\/app\/uploads\/2022\/03\/cep-no-show-socks-v4-petrol-WP369R.jpg","width":600,"height":600,"caption":"cep-no-show-socks-v4-petrol-WP369R"},{"@type":"BreadcrumbList","@id":"https:\/\/www.miomiorun.com\/de\/produkt\/no-show-socks-4-0-herren\/#breadcrumb","itemListElement":[{"@type":"ListItem","position":1,"name":"Home","item":"https:\/\/www.miomiorun.com\/de\/home-page\/"},{"@type":"ListItem","position":2,"name":"Shop","item":"https:\/\/www.miomiorun.com\/shop\/"},{"@type":"ListItem","position":3,"name":"No Show Socks 4.0 herren"}]},{"@type":"WebSite","@id":"https:\/\/www.miomiorun.com\/de\/#website","url":"https:\/\/www.miomiorun.com\/de\/","name":"MioMioRun","description":"100% Lauf- und Trailshop","publisher":{"@id":"https:\/\/www.miomiorun.com\/de\/#organization"},"potentialAction":[{"@type":"SearchAction","target":{"@type":"EntryPoint","urlTemplate":"https:\/\/www.miomiorun.com\/de\/?s={search_term_string}"},"query-input":{"@type":"PropertyValueSpecification","valueRequired":true,"valueName":"search_term_string"}}],"inLanguage":"de-DE"},{"@type":"Organization","@id":"https:\/\/www.miomiorun.com\/de\/#organization","name":"MioMio Run","url":"https:\/\/www.miomiorun.com\/de\/","logo":{"@type":"ImageObject","inLanguage":"de-DE","@id":"https:\/\/www.miomiorun.com\/de\/#\/schema\/logo\/image\/","url":"https:\/\/www.miomiorun.com\/app\/uploads\/2019\/12\/logomio.png","contentUrl":"https:\/\/www.miomiorun.com\/app\/uploads\/2019\/12\/logomio.png","width":115,"height":82,"caption":"MioMio Run"},"image":{"@id":"https:\/\/www.miomiorun.com\/de\/#\/schema\/logo\/image\/"},"sameAs":["https:\/\/www.facebook.com\/miomiorun\/","https:\/\/www.instagram.com\/miomiorun\/"]}]}},"_links":{"self":[{"href":"https:\/\/www.miomiorun.com\/de\/wp-json\/wp\/v2\/product\/177227","targetHints":{"allow":["GET"]}}],"collection":[{"href":"https:\/\/www.miomiorun.com\/de\/wp-json\/wp\/v2\/product"}],"about":[{"href":"https:\/\/www.miomiorun.com\/de\/wp-json\/wp\/v2\/types\/product"}],"wp:featuredmedia":[{"embeddable":true,"href":"https:\/\/www.miomiorun.com\/de\/wp-json\/wp\/v2\/media\/64656"}],"wp:attachment":[{"href":"https:\/\/www.miomiorun.com\/de\/wp-json\/wp\/v2\/media?parent=177227"}],"wp:term":[{"taxonomy":"product_brand","embeddable":true,"href":"https:\/\/www.miomiorun.com\/de\/wp-json\/wp\/v2\/product_brand?post=177227"},{"taxonomy":"product_cat","embeddable":true,"href":"https:\/\/www.miomiorun.com\/de\/wp-json\/wp\/v2\/product_cat?post=177227"},{"taxonomy":"product_tag","embeddable":true,"href":"https:\/\/www.miomiorun.com\/de\/wp-json\/wp\/v2\/product_tag?post=177227"}],"curies":[{"name":"wp","href":"https:\/\/api.w.org\/{rel}","templated":true}]}}