{"id":177225,"date":"2022-03-16T15:50:45","date_gmt":"2022-03-16T14:50:45","guid":{"rendered":"https:\/\/miomiorun.com\/prodotto\/cep-socks-for-recovery-uomo\/"},"modified":"2024-06-06T14:42:18","modified_gmt":"2024-06-06T12:42:18","slug":"socks-for-recovery-herren","status":"publish","type":"product","link":"https:\/\/www.miomiorun.com\/de\/produkt\/socks-for-recovery-herren\/","title":{"rendered":"Socks For Recovery herren"},"content":{"rendered":"<p>Entdecken Sie Socken, die zwei besonders innovative Technologien kombinieren, um eine schnellere Erholung als je zuvor zu gew\u00e4hrleisten. Die Erholungssocken f\u00fcr M\u00e4nner von CEP verf\u00fcgen \u00fcber <strong>SMART INFRARED<\/strong> und eine \u00e4u\u00dferst effektive Kompression, die perfekt zusammenarbeitet, um die Blutzirkulation zu verbessern, indem sie die Sauerstoffversorgung der Muskeln wiederherstellen. Diese Socken integrieren die Garne mit bioaktiven Mineralien, die Ihre K\u00f6rperw\u00e4rme nutzen, um den Regenerationsprozess anzuregen. Sie k\u00f6nnen damit rechnen, in k\u00fcrzester Zeit wieder mit H\u00f6chstleistungen zu gl\u00e4nzen.<\/p>\n<p><strong>Eigenschaften:<\/strong><\/p>\n<ul>\n<li>SMART INFRARED und Kompressionstechnologie arbeiten zusammen, um die Durchblutung und Sauerstoffversorgung der Muskeln zu verbessern.Hightech-Synthetikfasern reduzieren<\/li>\n<li>Feuchtigkeit und Geruch<\/li>\n<li>Einwandfreie Passform f\u00fcr einen unverkennbaren Wohlf\u00fchlfaktor im Alltag zwischen den Auftritten.<\/li>\n<li>Anatomisches Fu\u00dfbett und gepolsterte Polsterung f\u00fcr angenehmen Tragekomfort den ganzen Tag.<\/li>\n<li>Extrem glatt und dennoch langlebig.<\/li>\n<li>Pr\u00e4zise Kompression verspricht eine au\u00dfergew\u00f6hnliche Druckentwicklung zur Muskelvorbereitung und -regeneration<\/li>\n<\/ul>\n<p><strong>Kompressionsgrad<\/strong>: 20\u201330 mmHg<\/p>\n<p><strong>Material<\/strong>: 85 % Polyamid (Nylon), 15 % Elasthan<\/p>\n","protected":false},"excerpt":{"rendered":"<p>Entdecken Sie Socken, die zwei besonders innovative Technologien kombinieren, um eine schnellere Erholung als je zuvor zu gew\u00e4hrleisten. Die Erholungssocken f\u00fcr M\u00e4nner von CEP verf\u00fcgen \u00fcber SMART INFRARED und eine \u00e4u\u00dferst effektive Kompression, die perfekt zusammenarbeitet, um die Blutzirkulation zu verbessern, indem sie die Sauerstoffversorgung der Muskeln wiederherstellen. Diese Socken integrieren die Garne mit bioaktiven &hellip; <a href=\"https:\/\/www.miomiorun.com\/de\/produkt\/socks-for-recovery-herren\/\">Continued<\/a><\/p>\n","protected":false},"featured_media":64679,"template":"","meta":{"_acf_changed":false,"inline_featured_image":false},"product_brand":[],"product_cat":[6515,6540,6514],"product_tag":[3408,6212],"class_list":{"0":"post-177225","1":"product","2":"type-product","3":"status-publish","4":"has-post-thumbnail","6":"product_cat-herren-de","7":"product_cat-herrenbekleidung","8":"product_cat-socken","9":"product_tag-cep-de","10":"product_tag-cep-herren-de","11":"pa_attivita-lifestyle-de","12":"pa_circonferenza-polpaccio-45-51-de-2","13":"pa_colore-socks-4-recovery-black-de","14":"pa_marca-cep-de","15":"pa_sesso-herren","17":"first","18":"instock","19":"sale","20":"taxable","21":"shipping-taxable","22":"purchasable","23":"product-type-variable","24":"wvs-archive-product-wrapper"},"acf":[],"yoast_head":"<!-- This site is optimized with the Yoast SEO plugin v26.8 - https:\/\/yoast.com\/product\/yoast-seo-wordpress\/ -->\n<title>CepSocks For Recovery herren - Laufsocken - MioMioRun<\/title>\n<meta name=\"description\" content=\"Entdecken Sie Socken, die zwei besonders innovative Technologien kombinieren, um eine schnellere Erholung als je zuvor zu gew\u00e4hrleisten.\" \/>\n<meta name=\"robots\" content=\"index, follow, max-snippet:-1, max-image-preview:large, max-video-preview:-1\" \/>\n<link rel=\"canonical\" href=\"https:\/\/www.miomiorun.com\/de\/produkt\/socks-for-recovery-herren\/\" \/>\n<meta property=\"og:locale\" content=\"de_DE\" \/>\n<meta property=\"og:type\" content=\"article\" \/>\n<meta property=\"og:title\" content=\"CepSocks For Recovery herren - Laufsocken - MioMioRun\" \/>\n<meta property=\"og:description\" content=\"Entdecken Sie Socken, die zwei besonders innovative Technologien kombinieren, um eine schnellere Erholung als je zuvor zu gew\u00e4hrleisten.\" \/>\n<meta property=\"og:url\" content=\"https:\/\/www.miomiorun.com\/de\/produkt\/socks-for-recovery-herren\/\" \/>\n<meta property=\"og:site_name\" content=\"MioMioRun\" \/>\n<meta property=\"article:publisher\" content=\"https:\/\/www.facebook.com\/miomiorun\/\" \/>\n<meta property=\"article:modified_time\" content=\"2024-06-06T12:42:18+00:00\" \/>\n<meta property=\"og:image\" content=\"https:\/\/www.miomiorun.com\/app\/uploads\/2022\/03\/cep-socks-4-recovery-black-WP555R.jpg\" \/>\n\t<meta property=\"og:image:width\" content=\"600\" \/>\n\t<meta property=\"og:image:height\" content=\"600\" \/>\n\t<meta property=\"og:image:type\" content=\"image\/jpeg\" \/>\n<meta name=\"twitter:card\" content=\"summary_large_image\" \/>\n<meta name=\"twitter:label1\" content=\"Est. reading time\" \/>\n\t<meta name=\"twitter:data1\" content=\"1 minute\" \/>\n<script type=\"application\/ld+json\" class=\"yoast-schema-graph\">{\"@context\":\"https:\/\/schema.org\",\"@graph\":[{\"@type\":\"WebPage\",\"@id\":\"https:\/\/www.miomiorun.com\/de\/produkt\/socks-for-recovery-herren\/\",\"url\":\"https:\/\/www.miomiorun.com\/de\/produkt\/socks-for-recovery-herren\/\",\"name\":\"CepSocks For Recovery herren - Laufsocken - MioMioRun\",\"isPartOf\":{\"@id\":\"https:\/\/www.miomiorun.com\/de\/#website\"},\"primaryImageOfPage\":{\"@id\":\"https:\/\/www.miomiorun.com\/de\/produkt\/socks-for-recovery-herren\/#primaryimage\"},\"image\":{\"@id\":\"https:\/\/www.miomiorun.com\/de\/produkt\/socks-for-recovery-herren\/#primaryimage\"},\"thumbnailUrl\":\"https:\/\/www.miomiorun.com\/app\/uploads\/2022\/03\/cep-socks-4-recovery-black-WP555R.jpg\",\"datePublished\":\"2022-03-16T14:50:45+00:00\",\"dateModified\":\"2024-06-06T12:42:18+00:00\",\"description\":\"Entdecken Sie Socken, die zwei besonders innovative Technologien kombinieren, um eine schnellere Erholung als je zuvor zu gew\u00e4hrleisten.\",\"breadcrumb\":{\"@id\":\"https:\/\/www.miomiorun.com\/de\/produkt\/socks-for-recovery-herren\/#breadcrumb\"},\"inLanguage\":\"de-DE\",\"potentialAction\":[{\"@type\":\"ReadAction\",\"target\":[\"https:\/\/www.miomiorun.com\/de\/produkt\/socks-for-recovery-herren\/\"]}]},{\"@type\":\"ImageObject\",\"inLanguage\":\"de-DE\",\"@id\":\"https:\/\/www.miomiorun.com\/de\/produkt\/socks-for-recovery-herren\/#primaryimage\",\"url\":\"https:\/\/www.miomiorun.com\/app\/uploads\/2022\/03\/cep-socks-4-recovery-black-WP555R.jpg\",\"contentUrl\":\"https:\/\/www.miomiorun.com\/app\/uploads\/2022\/03\/cep-socks-4-recovery-black-WP555R.jpg\",\"width\":600,\"height\":600,\"caption\":\"cep-socks-4-recovery-black-WP555R\"},{\"@type\":\"BreadcrumbList\",\"@id\":\"https:\/\/www.miomiorun.com\/de\/produkt\/socks-for-recovery-herren\/#breadcrumb\",\"itemListElement\":[{\"@type\":\"ListItem\",\"position\":1,\"name\":\"Home\",\"item\":\"https:\/\/www.miomiorun.com\/de\/\"},{\"@type\":\"ListItem\",\"position\":2,\"name\":\"Shop\",\"item\":\"https:\/\/www.miomiorun.com\/shop\/\"},{\"@type\":\"ListItem\",\"position\":3,\"name\":\"Socks For Recovery herren\"}]},{\"@type\":\"WebSite\",\"@id\":\"https:\/\/www.miomiorun.com\/de\/#website\",\"url\":\"https:\/\/www.miomiorun.com\/de\/\",\"name\":\"MioMioRun\",\"description\":\"100% Lauf- und Trailshop\",\"publisher\":{\"@id\":\"https:\/\/www.miomiorun.com\/de\/#organization\"},\"potentialAction\":[{\"@type\":\"SearchAction\",\"target\":{\"@type\":\"EntryPoint\",\"urlTemplate\":\"https:\/\/www.miomiorun.com\/de\/?s={search_term_string}\"},\"query-input\":{\"@type\":\"PropertyValueSpecification\",\"valueRequired\":true,\"valueName\":\"search_term_string\"}}],\"inLanguage\":\"de-DE\"},{\"@type\":\"Organization\",\"@id\":\"https:\/\/www.miomiorun.com\/de\/#organization\",\"name\":\"MioMio Run\",\"url\":\"https:\/\/www.miomiorun.com\/de\/\",\"logo\":{\"@type\":\"ImageObject\",\"inLanguage\":\"de-DE\",\"@id\":\"https:\/\/www.miomiorun.com\/de\/#\/schema\/logo\/image\/\",\"url\":\"https:\/\/www.miomiorun.com\/app\/uploads\/2019\/12\/logomio.png\",\"contentUrl\":\"https:\/\/www.miomiorun.com\/app\/uploads\/2019\/12\/logomio.png\",\"width\":115,\"height\":82,\"caption\":\"MioMio Run\"},\"image\":{\"@id\":\"https:\/\/www.miomiorun.com\/de\/#\/schema\/logo\/image\/\"},\"sameAs\":[\"https:\/\/www.facebook.com\/miomiorun\/\",\"https:\/\/www.instagram.com\/miomiorun\/\"]}]}<\/script>\n<!-- \/ Yoast SEO plugin. -->","yoast_head_json":{"title":"CepSocks For Recovery herren - Laufsocken - MioMioRun","description":"Entdecken Sie Socken, die zwei besonders innovative Technologien kombinieren, um eine schnellere Erholung als je zuvor zu gew\u00e4hrleisten.","robots":{"index":"index","follow":"follow","max-snippet":"max-snippet:-1","max-image-preview":"max-image-preview:large","max-video-preview":"max-video-preview:-1"},"canonical":"https:\/\/www.miomiorun.com\/de\/produkt\/socks-for-recovery-herren\/","og_locale":"de_DE","og_type":"article","og_title":"CepSocks For Recovery herren - Laufsocken - MioMioRun","og_description":"Entdecken Sie Socken, die zwei besonders innovative Technologien kombinieren, um eine schnellere Erholung als je zuvor zu gew\u00e4hrleisten.","og_url":"https:\/\/www.miomiorun.com\/de\/produkt\/socks-for-recovery-herren\/","og_site_name":"MioMioRun","article_publisher":"https:\/\/www.facebook.com\/miomiorun\/","article_modified_time":"2024-06-06T12:42:18+00:00","og_image":[{"width":600,"height":600,"url":"https:\/\/www.miomiorun.com\/app\/uploads\/2022\/03\/cep-socks-4-recovery-black-WP555R.jpg","type":"image\/jpeg"}],"twitter_card":"summary_large_image","twitter_misc":{"Est. reading time":"1 minute"},"schema":{"@context":"https:\/\/schema.org","@graph":[{"@type":"WebPage","@id":"https:\/\/www.miomiorun.com\/de\/produkt\/socks-for-recovery-herren\/","url":"https:\/\/www.miomiorun.com\/de\/produkt\/socks-for-recovery-herren\/","name":"CepSocks For Recovery herren - Laufsocken - MioMioRun","isPartOf":{"@id":"https:\/\/www.miomiorun.com\/de\/#website"},"primaryImageOfPage":{"@id":"https:\/\/www.miomiorun.com\/de\/produkt\/socks-for-recovery-herren\/#primaryimage"},"image":{"@id":"https:\/\/www.miomiorun.com\/de\/produkt\/socks-for-recovery-herren\/#primaryimage"},"thumbnailUrl":"https:\/\/www.miomiorun.com\/app\/uploads\/2022\/03\/cep-socks-4-recovery-black-WP555R.jpg","datePublished":"2022-03-16T14:50:45+00:00","dateModified":"2024-06-06T12:42:18+00:00","description":"Entdecken Sie Socken, die zwei besonders innovative Technologien kombinieren, um eine schnellere Erholung als je zuvor zu gew\u00e4hrleisten.","breadcrumb":{"@id":"https:\/\/www.miomiorun.com\/de\/produkt\/socks-for-recovery-herren\/#breadcrumb"},"inLanguage":"de-DE","potentialAction":[{"@type":"ReadAction","target":["https:\/\/www.miomiorun.com\/de\/produkt\/socks-for-recovery-herren\/"]}]},{"@type":"ImageObject","inLanguage":"de-DE","@id":"https:\/\/www.miomiorun.com\/de\/produkt\/socks-for-recovery-herren\/#primaryimage","url":"https:\/\/www.miomiorun.com\/app\/uploads\/2022\/03\/cep-socks-4-recovery-black-WP555R.jpg","contentUrl":"https:\/\/www.miomiorun.com\/app\/uploads\/2022\/03\/cep-socks-4-recovery-black-WP555R.jpg","width":600,"height":600,"caption":"cep-socks-4-recovery-black-WP555R"},{"@type":"BreadcrumbList","@id":"https:\/\/www.miomiorun.com\/de\/produkt\/socks-for-recovery-herren\/#breadcrumb","itemListElement":[{"@type":"ListItem","position":1,"name":"Home","item":"https:\/\/www.miomiorun.com\/de\/"},{"@type":"ListItem","position":2,"name":"Shop","item":"https:\/\/www.miomiorun.com\/shop\/"},{"@type":"ListItem","position":3,"name":"Socks For Recovery herren"}]},{"@type":"WebSite","@id":"https:\/\/www.miomiorun.com\/de\/#website","url":"https:\/\/www.miomiorun.com\/de\/","name":"MioMioRun","description":"100% Lauf- und Trailshop","publisher":{"@id":"https:\/\/www.miomiorun.com\/de\/#organization"},"potentialAction":[{"@type":"SearchAction","target":{"@type":"EntryPoint","urlTemplate":"https:\/\/www.miomiorun.com\/de\/?s={search_term_string}"},"query-input":{"@type":"PropertyValueSpecification","valueRequired":true,"valueName":"search_term_string"}}],"inLanguage":"de-DE"},{"@type":"Organization","@id":"https:\/\/www.miomiorun.com\/de\/#organization","name":"MioMio Run","url":"https:\/\/www.miomiorun.com\/de\/","logo":{"@type":"ImageObject","inLanguage":"de-DE","@id":"https:\/\/www.miomiorun.com\/de\/#\/schema\/logo\/image\/","url":"https:\/\/www.miomiorun.com\/app\/uploads\/2019\/12\/logomio.png","contentUrl":"https:\/\/www.miomiorun.com\/app\/uploads\/2019\/12\/logomio.png","width":115,"height":82,"caption":"MioMio Run"},"image":{"@id":"https:\/\/www.miomiorun.com\/de\/#\/schema\/logo\/image\/"},"sameAs":["https:\/\/www.facebook.com\/miomiorun\/","https:\/\/www.instagram.com\/miomiorun\/"]}]}},"_links":{"self":[{"href":"https:\/\/www.miomiorun.com\/de\/wp-json\/wp\/v2\/product\/177225","targetHints":{"allow":["GET"]}}],"collection":[{"href":"https:\/\/www.miomiorun.com\/de\/wp-json\/wp\/v2\/product"}],"about":[{"href":"https:\/\/www.miomiorun.com\/de\/wp-json\/wp\/v2\/types\/product"}],"wp:featuredmedia":[{"embeddable":true,"href":"https:\/\/www.miomiorun.com\/de\/wp-json\/wp\/v2\/media\/64679"}],"wp:attachment":[{"href":"https:\/\/www.miomiorun.com\/de\/wp-json\/wp\/v2\/media?parent=177225"}],"wp:term":[{"taxonomy":"product_brand","embeddable":true,"href":"https:\/\/www.miomiorun.com\/de\/wp-json\/wp\/v2\/product_brand?post=177225"},{"taxonomy":"product_cat","embeddable":true,"href":"https:\/\/www.miomiorun.com\/de\/wp-json\/wp\/v2\/product_cat?post=177225"},{"taxonomy":"product_tag","embeddable":true,"href":"https:\/\/www.miomiorun.com\/de\/wp-json\/wp\/v2\/product_tag?post=177225"}],"curies":[{"name":"wp","href":"https:\/\/api.w.org\/{rel}","templated":true}]}}