{"id":177201,"date":"2022-10-27T11:38:00","date_gmt":"2022-10-27T09:38:00","guid":{"rendered":"https:\/\/miomiorun.com\/prodotto\/socks-infrared-recovery-uomo\/"},"modified":"2024-06-04T14:05:54","modified_gmt":"2024-06-04T12:05:54","slug":"socks-infrared-recovery-herren","status":"publish","type":"product","link":"https:\/\/www.miomiorun.com\/de\/produkt\/socks-infrared-recovery-herren\/","title":{"rendered":"Socks Infrared Recovery herren"},"content":{"rendered":"<p>Das Post-Workout, das das Training vorwegnimmt: Sie haben ein ehrgeiziges Programm vor sich und wollen nach dem Training oder Wettkampf wieder fit sein? Die Men&#8217;s Infrared Recovery <strong>Compression Socks<\/strong> helfen Ihnen, Ihre Ziele zu erreichen. Die bew\u00e4hrte Kompression in Kombination mit der SMART INFRARED-Technologie sorgt f\u00fcr eine stimulierende und durchblutungsf\u00f6rdernde Wirkung.<\/p>\n<p><strong>MERKMALE:<\/strong><\/p>\n<ul>\n<li>SMART INFRARED w\u00e4rmereflektierende Technologie und Kompression verbessern die Mikrozirkulation und die Sauerstoffversorgung der Muskeln.<\/li>\n<li>Das optimierte mittlere Kompressionsprofil bereitet Ihre Muskeln auf die k\u00f6rperliche Aktivit\u00e4t vor und sorgt f\u00fcr eine schnellere Erholung danach.<\/li>\n<li>Atmungsaktive und strapazierf\u00e4hige Lyocellfasern sorgen f\u00fcr maximalen Komfort durch optimale Feuchtigkeitsregulierung.<\/li>\n<\/ul>\n<p>&nbsp;<\/p>\n<p><strong>Anregung der Durchblutung durch Kompression<\/strong><\/p>\n<p>Das Geheimnis ist die mittlere Kompression: Ihre Beine f\u00fchlen sich sp\u00fcrbar k\u00fchler an und sind leistungsf\u00e4higer. Bei diesen Herren-Kompressionssocken steht die Technologie im Mittelpunkt der schnellen Erholung.<\/p>\n<p><strong>Perfekt kombinierte Wirkung der SMART INFRARED-Technologie<\/strong><\/p>\n<p>Bei den Infrared Recovery Compression Socks sorgt die Kombination aus Kompressionstechnologie und SMART INFRARED Technologie f\u00fcr einen noch besseren Effekt. Dar\u00fcber hinaus reflektiert die innovative Garnmischung die W\u00e4rme zur\u00fcck in die Muskeln und verbessert so die Mikrozirkulation. Das Ergebnis ist eine noch schnellere Erholung.<\/p>\n<p><strong>Die Kombination aus ausgekl\u00fcgelter Funktionalit\u00e4t und harmonischem Komfort<\/strong><\/p>\n<p>Damit nicht genug: Die Herren-Kompressionssocken unterst\u00fctzen Sie nicht nur bei Ihren sportlichen Zielen, sondern sitzen auch wie eine zweite Haut und zeichnen sich durch maximale Atmungsaktivit\u00e4t und hervorragendes Feuchtigkeitsmanagement aus.<\/p>\n<p>&nbsp;<\/p>\n","protected":false},"excerpt":{"rendered":"<ul class=\"selling-points\">\n<li>SMART INFRARED w\u00e4rmereflektierende Technologie und Kompression verbessern die Mikrozirkulation und die Sauerstoffversorgung der Muskeln.<\/li>\n<li>Das optimierte mittlere Kompressionsprofil bereitet Ihre Muskeln auf die k\u00f6rperliche Aktivit\u00e4t vor und sorgt f\u00fcr eine schnellere Erholung danach.<\/li>\n<li>Atmungsaktive, strapazierf\u00e4hige Lyocellfasern sorgen f\u00fcr maximalen Komfort durch optimale Feuchtigkeitsregulierung.<\/li>\n<\/ul>\n","protected":false},"featured_media":101765,"template":"","meta":{"_acf_changed":false,"inline_featured_image":false},"product_brand":[],"product_cat":[6515,6540,6514],"product_tag":[3408,6212],"class_list":{"0":"post-177201","1":"product","2":"type-product","3":"status-publish","4":"has-post-thumbnail","6":"product_cat-herren-de","7":"product_cat-herrenbekleidung","8":"product_cat-socken","9":"product_tag-cep-de","10":"product_tag-cep-herren-de","11":"pa_attivita-lifestyle-de","12":"pa_circonferenza-polpaccio-32-38-de","13":"pa_colore-socks-infrared-recovery-black-de","14":"pa_marca-cep-de","15":"pa_sesso-herren","17":"first","18":"instock","19":"sale","20":"taxable","21":"shipping-taxable","22":"purchasable","23":"product-type-variable","24":"wvs-archive-product-wrapper"},"acf":[],"yoast_head":"<!-- This site is optimized with the Yoast SEO plugin v26.8 - https:\/\/yoast.com\/product\/yoast-seo-wordpress\/ -->\n<title>Cep Socks Infrared Recovery herren - Laufende Socken - MioMioRun<\/title>\n<meta name=\"description\" content=\"Die Infrared Recovery Compression Socks helfen Ihnen, Ihre Ziele zu erreichen. Die bekannte Kompression wird mit der SMART INFRARED-Technologie kombiniert.\" \/>\n<meta name=\"robots\" content=\"index, follow, max-snippet:-1, max-image-preview:large, max-video-preview:-1\" \/>\n<link rel=\"canonical\" href=\"https:\/\/www.miomiorun.com\/de\/produkt\/socks-infrared-recovery-herren\/\" \/>\n<meta property=\"og:locale\" content=\"de_DE\" \/>\n<meta property=\"og:type\" content=\"article\" \/>\n<meta property=\"og:title\" content=\"Cep Socks Infrared Recovery herren - Laufende Socken - MioMioRun\" \/>\n<meta property=\"og:description\" content=\"Die Infrared Recovery Compression Socks helfen Ihnen, Ihre Ziele zu erreichen. Die bekannte Kompression wird mit der SMART INFRARED-Technologie kombiniert.\" \/>\n<meta property=\"og:url\" content=\"https:\/\/www.miomiorun.com\/de\/produkt\/socks-infrared-recovery-herren\/\" \/>\n<meta property=\"og:site_name\" content=\"MioMioRun\" \/>\n<meta property=\"article:publisher\" content=\"https:\/\/www.facebook.com\/miomiorun\/\" \/>\n<meta property=\"article:modified_time\" content=\"2024-06-04T12:05:54+00:00\" \/>\n<meta property=\"og:image\" content=\"https:\/\/www.miomiorun.com\/app\/uploads\/2022\/12\/cep-socks-infrared-recovery-black-WP305T.jpg\" \/>\n\t<meta property=\"og:image:width\" content=\"600\" \/>\n\t<meta property=\"og:image:height\" content=\"600\" \/>\n\t<meta property=\"og:image:type\" content=\"image\/jpeg\" \/>\n<meta name=\"twitter:card\" content=\"summary_large_image\" \/>\n<meta name=\"twitter:label1\" content=\"Est. reading time\" \/>\n\t<meta name=\"twitter:data1\" content=\"1 minute\" \/>\n<script type=\"application\/ld+json\" class=\"yoast-schema-graph\">{\"@context\":\"https:\/\/schema.org\",\"@graph\":[{\"@type\":\"WebPage\",\"@id\":\"https:\/\/www.miomiorun.com\/de\/produkt\/socks-infrared-recovery-herren\/\",\"url\":\"https:\/\/www.miomiorun.com\/de\/produkt\/socks-infrared-recovery-herren\/\",\"name\":\"Cep Socks Infrared Recovery herren - Laufende Socken - MioMioRun\",\"isPartOf\":{\"@id\":\"https:\/\/www.miomiorun.com\/de\/#website\"},\"primaryImageOfPage\":{\"@id\":\"https:\/\/www.miomiorun.com\/de\/produkt\/socks-infrared-recovery-herren\/#primaryimage\"},\"image\":{\"@id\":\"https:\/\/www.miomiorun.com\/de\/produkt\/socks-infrared-recovery-herren\/#primaryimage\"},\"thumbnailUrl\":\"https:\/\/www.miomiorun.com\/app\/uploads\/2022\/12\/cep-socks-infrared-recovery-black-WP305T.jpg\",\"datePublished\":\"2022-10-27T09:38:00+00:00\",\"dateModified\":\"2024-06-04T12:05:54+00:00\",\"description\":\"Die Infrared Recovery Compression Socks helfen Ihnen, Ihre Ziele zu erreichen. Die bekannte Kompression wird mit der SMART INFRARED-Technologie kombiniert.\",\"breadcrumb\":{\"@id\":\"https:\/\/www.miomiorun.com\/de\/produkt\/socks-infrared-recovery-herren\/#breadcrumb\"},\"inLanguage\":\"de-DE\",\"potentialAction\":[{\"@type\":\"ReadAction\",\"target\":[\"https:\/\/www.miomiorun.com\/de\/produkt\/socks-infrared-recovery-herren\/\"]}]},{\"@type\":\"ImageObject\",\"inLanguage\":\"de-DE\",\"@id\":\"https:\/\/www.miomiorun.com\/de\/produkt\/socks-infrared-recovery-herren\/#primaryimage\",\"url\":\"https:\/\/www.miomiorun.com\/app\/uploads\/2022\/12\/cep-socks-infrared-recovery-black-WP305T.jpg\",\"contentUrl\":\"https:\/\/www.miomiorun.com\/app\/uploads\/2022\/12\/cep-socks-infrared-recovery-black-WP305T.jpg\",\"width\":600,\"height\":600,\"caption\":\"cep-socks-infrared-recovery-black-WP305T\"},{\"@type\":\"BreadcrumbList\",\"@id\":\"https:\/\/www.miomiorun.com\/de\/produkt\/socks-infrared-recovery-herren\/#breadcrumb\",\"itemListElement\":[{\"@type\":\"ListItem\",\"position\":1,\"name\":\"Home\",\"item\":\"https:\/\/www.miomiorun.com\/de\/\"},{\"@type\":\"ListItem\",\"position\":2,\"name\":\"Shop\",\"item\":\"https:\/\/www.miomiorun.com\/shop\/\"},{\"@type\":\"ListItem\",\"position\":3,\"name\":\"Socks Infrared Recovery herren\"}]},{\"@type\":\"WebSite\",\"@id\":\"https:\/\/www.miomiorun.com\/de\/#website\",\"url\":\"https:\/\/www.miomiorun.com\/de\/\",\"name\":\"MioMioRun\",\"description\":\"100% Lauf- und Trailshop\",\"publisher\":{\"@id\":\"https:\/\/www.miomiorun.com\/de\/#organization\"},\"potentialAction\":[{\"@type\":\"SearchAction\",\"target\":{\"@type\":\"EntryPoint\",\"urlTemplate\":\"https:\/\/www.miomiorun.com\/de\/?s={search_term_string}\"},\"query-input\":{\"@type\":\"PropertyValueSpecification\",\"valueRequired\":true,\"valueName\":\"search_term_string\"}}],\"inLanguage\":\"de-DE\"},{\"@type\":\"Organization\",\"@id\":\"https:\/\/www.miomiorun.com\/de\/#organization\",\"name\":\"MioMio Run\",\"url\":\"https:\/\/www.miomiorun.com\/de\/\",\"logo\":{\"@type\":\"ImageObject\",\"inLanguage\":\"de-DE\",\"@id\":\"https:\/\/www.miomiorun.com\/de\/#\/schema\/logo\/image\/\",\"url\":\"https:\/\/www.miomiorun.com\/app\/uploads\/2019\/12\/logomio.png\",\"contentUrl\":\"https:\/\/www.miomiorun.com\/app\/uploads\/2019\/12\/logomio.png\",\"width\":115,\"height\":82,\"caption\":\"MioMio Run\"},\"image\":{\"@id\":\"https:\/\/www.miomiorun.com\/de\/#\/schema\/logo\/image\/\"},\"sameAs\":[\"https:\/\/www.facebook.com\/miomiorun\/\",\"https:\/\/www.instagram.com\/miomiorun\/\"]}]}<\/script>\n<!-- \/ Yoast SEO plugin. -->","yoast_head_json":{"title":"Cep Socks Infrared Recovery herren - Laufende Socken - MioMioRun","description":"Die Infrared Recovery Compression Socks helfen Ihnen, Ihre Ziele zu erreichen. Die bekannte Kompression wird mit der SMART INFRARED-Technologie kombiniert.","robots":{"index":"index","follow":"follow","max-snippet":"max-snippet:-1","max-image-preview":"max-image-preview:large","max-video-preview":"max-video-preview:-1"},"canonical":"https:\/\/www.miomiorun.com\/de\/produkt\/socks-infrared-recovery-herren\/","og_locale":"de_DE","og_type":"article","og_title":"Cep Socks Infrared Recovery herren - Laufende Socken - MioMioRun","og_description":"Die Infrared Recovery Compression Socks helfen Ihnen, Ihre Ziele zu erreichen. Die bekannte Kompression wird mit der SMART INFRARED-Technologie kombiniert.","og_url":"https:\/\/www.miomiorun.com\/de\/produkt\/socks-infrared-recovery-herren\/","og_site_name":"MioMioRun","article_publisher":"https:\/\/www.facebook.com\/miomiorun\/","article_modified_time":"2024-06-04T12:05:54+00:00","og_image":[{"width":600,"height":600,"url":"https:\/\/www.miomiorun.com\/app\/uploads\/2022\/12\/cep-socks-infrared-recovery-black-WP305T.jpg","type":"image\/jpeg"}],"twitter_card":"summary_large_image","twitter_misc":{"Est. reading time":"1 minute"},"schema":{"@context":"https:\/\/schema.org","@graph":[{"@type":"WebPage","@id":"https:\/\/www.miomiorun.com\/de\/produkt\/socks-infrared-recovery-herren\/","url":"https:\/\/www.miomiorun.com\/de\/produkt\/socks-infrared-recovery-herren\/","name":"Cep Socks Infrared Recovery herren - Laufende Socken - MioMioRun","isPartOf":{"@id":"https:\/\/www.miomiorun.com\/de\/#website"},"primaryImageOfPage":{"@id":"https:\/\/www.miomiorun.com\/de\/produkt\/socks-infrared-recovery-herren\/#primaryimage"},"image":{"@id":"https:\/\/www.miomiorun.com\/de\/produkt\/socks-infrared-recovery-herren\/#primaryimage"},"thumbnailUrl":"https:\/\/www.miomiorun.com\/app\/uploads\/2022\/12\/cep-socks-infrared-recovery-black-WP305T.jpg","datePublished":"2022-10-27T09:38:00+00:00","dateModified":"2024-06-04T12:05:54+00:00","description":"Die Infrared Recovery Compression Socks helfen Ihnen, Ihre Ziele zu erreichen. Die bekannte Kompression wird mit der SMART INFRARED-Technologie kombiniert.","breadcrumb":{"@id":"https:\/\/www.miomiorun.com\/de\/produkt\/socks-infrared-recovery-herren\/#breadcrumb"},"inLanguage":"de-DE","potentialAction":[{"@type":"ReadAction","target":["https:\/\/www.miomiorun.com\/de\/produkt\/socks-infrared-recovery-herren\/"]}]},{"@type":"ImageObject","inLanguage":"de-DE","@id":"https:\/\/www.miomiorun.com\/de\/produkt\/socks-infrared-recovery-herren\/#primaryimage","url":"https:\/\/www.miomiorun.com\/app\/uploads\/2022\/12\/cep-socks-infrared-recovery-black-WP305T.jpg","contentUrl":"https:\/\/www.miomiorun.com\/app\/uploads\/2022\/12\/cep-socks-infrared-recovery-black-WP305T.jpg","width":600,"height":600,"caption":"cep-socks-infrared-recovery-black-WP305T"},{"@type":"BreadcrumbList","@id":"https:\/\/www.miomiorun.com\/de\/produkt\/socks-infrared-recovery-herren\/#breadcrumb","itemListElement":[{"@type":"ListItem","position":1,"name":"Home","item":"https:\/\/www.miomiorun.com\/de\/"},{"@type":"ListItem","position":2,"name":"Shop","item":"https:\/\/www.miomiorun.com\/shop\/"},{"@type":"ListItem","position":3,"name":"Socks Infrared Recovery herren"}]},{"@type":"WebSite","@id":"https:\/\/www.miomiorun.com\/de\/#website","url":"https:\/\/www.miomiorun.com\/de\/","name":"MioMioRun","description":"100% Lauf- und Trailshop","publisher":{"@id":"https:\/\/www.miomiorun.com\/de\/#organization"},"potentialAction":[{"@type":"SearchAction","target":{"@type":"EntryPoint","urlTemplate":"https:\/\/www.miomiorun.com\/de\/?s={search_term_string}"},"query-input":{"@type":"PropertyValueSpecification","valueRequired":true,"valueName":"search_term_string"}}],"inLanguage":"de-DE"},{"@type":"Organization","@id":"https:\/\/www.miomiorun.com\/de\/#organization","name":"MioMio Run","url":"https:\/\/www.miomiorun.com\/de\/","logo":{"@type":"ImageObject","inLanguage":"de-DE","@id":"https:\/\/www.miomiorun.com\/de\/#\/schema\/logo\/image\/","url":"https:\/\/www.miomiorun.com\/app\/uploads\/2019\/12\/logomio.png","contentUrl":"https:\/\/www.miomiorun.com\/app\/uploads\/2019\/12\/logomio.png","width":115,"height":82,"caption":"MioMio Run"},"image":{"@id":"https:\/\/www.miomiorun.com\/de\/#\/schema\/logo\/image\/"},"sameAs":["https:\/\/www.facebook.com\/miomiorun\/","https:\/\/www.instagram.com\/miomiorun\/"]}]}},"_links":{"self":[{"href":"https:\/\/www.miomiorun.com\/de\/wp-json\/wp\/v2\/product\/177201","targetHints":{"allow":["GET"]}}],"collection":[{"href":"https:\/\/www.miomiorun.com\/de\/wp-json\/wp\/v2\/product"}],"about":[{"href":"https:\/\/www.miomiorun.com\/de\/wp-json\/wp\/v2\/types\/product"}],"wp:featuredmedia":[{"embeddable":true,"href":"https:\/\/www.miomiorun.com\/de\/wp-json\/wp\/v2\/media\/101765"}],"wp:attachment":[{"href":"https:\/\/www.miomiorun.com\/de\/wp-json\/wp\/v2\/media?parent=177201"}],"wp:term":[{"taxonomy":"product_brand","embeddable":true,"href":"https:\/\/www.miomiorun.com\/de\/wp-json\/wp\/v2\/product_brand?post=177201"},{"taxonomy":"product_cat","embeddable":true,"href":"https:\/\/www.miomiorun.com\/de\/wp-json\/wp\/v2\/product_cat?post=177201"},{"taxonomy":"product_tag","embeddable":true,"href":"https:\/\/www.miomiorun.com\/de\/wp-json\/wp\/v2\/product_tag?post=177201"}],"curies":[{"name":"wp","href":"https:\/\/api.w.org\/{rel}","templated":true}]}}