{"id":177182,"date":"2020-10-20T16:25:10","date_gmt":"2020-10-20T14:25:10","guid":{"rendered":"https:\/\/miomiorun.com\/prodotto\/la-sportiva-slipstream-tank-uomo\/"},"modified":"2024-06-04T14:38:29","modified_gmt":"2024-06-04T12:38:29","slug":"slipstream-tank-herren","status":"publish","type":"product","link":"https:\/\/www.miomiorun.com\/de\/produkt\/slipstream-tank-herren\/","title":{"rendered":"Slipstream Tank herren"},"content":{"rendered":"<p>Das neue <strong>Slipstream Tank<\/strong> ist eine Explosion der Energie, dank seiner neu gestalteten und auff\u00e4lligen Grafiken. Das leichte und atmungsaktive Gewebe mit antibakterieller und geruchshemmender Behandlung (Polygiene\u00ae) erm\u00f6glicht maximalen Komfort auch bei intensivsten sportlichen Aktivit\u00e4ten.<\/p>\n<div class=\"data item content\" role=\"tabpanel\" aria-labelledby=\"tab-label-techinfo\" data-role=\"content\" aria-hidden=\"false\">\n<div class=\"techinfo-container\">\n<div class=\"techinfo-icons\">\n<div class=\"techinfo-icon\"><a> <img decoding=\"async\" src=\"https:\/\/www.lasportiva.com\/media\/techinfo_icons\/L1.png\" alt=\"La Sportiva\" \/><\/a><\/div>\n<div class=\"techinfo-icon\"><strong>L1 &#8211; BASISSCHICHT<\/strong><br \/>\nSchicht in direktem Kontakt mit der Haut. F\u00f6rdert den Schwei\u00dftransport f\u00fcr besseren Klimakomfort bei k\u00f6rperlicher Aktivit\u00e4t.<\/div>\n<div class=\"techinfo-icon\"><a> <img decoding=\"async\" src=\"https:\/\/www.lasportiva.com\/media\/techinfo_icons\/regular-fit.png\" alt=\"La Sportiva\" \/><\/a><\/div>\n<div><strong>Regular Fit:<\/strong> Technischer und bequemer Schnitt.<\/div>\n<div class=\"techinfo-icon\"><a> <img decoding=\"async\" src=\"https:\/\/www.lasportiva.com\/media\/techinfo_icons\/leggerezza.png\" alt=\"La Sportiva\" \/><\/a><\/div>\n<div><strong>Leichtigkeit:<\/strong> Produkte, die das Gewicht auf ein Minimum reduzieren<\/div>\n<div class=\"techinfo-icon\"><a> <img decoding=\"async\" src=\"https:\/\/www.lasportiva.com\/media\/techinfo_icons\/traspirabilita.png\" alt=\"La Sportiva\" \/><\/a><\/div>\n<p><strong>Atmungsaktivit\u00e4t :<\/strong> Hochgradig atmungsaktive Produkte f\u00fcr optimalen Klimakomfort.<br \/>\n<strong>Material :<\/strong> Hauptteil: (PN13) 92% Polyester, 8% Elastan Einsatz: (MSH24) 100% Polyester<br \/>\n<strong>Gewicht :<\/strong> 80 g (M)<\/div>\n<\/div>\n<\/div>\n","protected":false},"excerpt":{"rendered":"<p>Das neue Slipstream Tank ist eine Explosion der Energie, dank seiner neu gestalteten und auff\u00e4lligen Grafiken. Das leichte und atmungsaktive Gewebe mit antibakterieller und geruchshemmender Behandlung (Polygiene\u00ae) erm\u00f6glicht maximalen Komfort auch bei intensivsten sportlichen Aktivit\u00e4ten. L1 &#8211; BASISSCHICHT Schicht in direktem Kontakt mit der Haut. F\u00f6rdert den Schwei\u00dftransport f\u00fcr besseren Klimakomfort bei k\u00f6rperlicher Aktivit\u00e4t. Regular &hellip; <a href=\"https:\/\/www.miomiorun.com\/de\/produkt\/slipstream-tank-herren\/\">Continued<\/a><\/p>\n","protected":false},"featured_media":53310,"template":"","meta":{"_acf_changed":false,"inline_featured_image":false},"product_brand":[],"product_cat":[6515,6540,6513],"product_tag":[6248,6218],"class_list":{"0":"post-177182","1":"product","2":"type-product","3":"status-publish","4":"has-post-thumbnail","6":"product_cat-herren-de","7":"product_cat-herrenbekleidung","8":"product_cat-tank-tops","9":"product_tag-la-sportiva-de","10":"product_tag-la-sportiva-herren-de","11":"pa_attivita-trail-de","12":"pa_colore-slipstream-tank-m-white-black-de","13":"pa_colore-slipstream-tank-m-yellow-black-de","14":"pa_colore-slipstraem-tank-black-yellow-de","15":"pa_colore-slipstream-tank-black-and-yellow-de","16":"pa_marca-la-sportiva-de","17":"pa_sesso-herren","18":"pa_size-small-de","19":"pa_size-extra-large-de","21":"first","22":"instock","23":"sale","24":"taxable","25":"shipping-taxable","26":"purchasable","27":"product-type-variable","28":"wvs-archive-product-wrapper"},"acf":[],"yoast_head":"<!-- This site is optimized with the Yoast SEO plugin v26.8 - https:\/\/yoast.com\/product\/yoast-seo-wordpress\/ -->\n<title>La Sportiva Slipstream Tank herren -Lauftank-Top - MioMioRun<\/title>\n<meta name=\"description\" content=\"Das leichte, atmungsaktive und mit Polygiene\u00ae behandelte Gewebe des Slipstream Tank erm\u00f6glicht maximalen Komfort auch bei intensivsten\" \/>\n<meta name=\"robots\" content=\"index, follow, max-snippet:-1, max-image-preview:large, max-video-preview:-1\" \/>\n<link rel=\"canonical\" href=\"https:\/\/www.miomiorun.com\/de\/produkt\/slipstream-tank-herren\/\" \/>\n<meta property=\"og:locale\" content=\"de_DE\" \/>\n<meta property=\"og:type\" content=\"article\" \/>\n<meta property=\"og:title\" content=\"La Sportiva Slipstream Tank herren -Lauftank-Top - MioMioRun\" \/>\n<meta property=\"og:description\" content=\"Das leichte, atmungsaktive und mit Polygiene\u00ae behandelte Gewebe des Slipstream Tank erm\u00f6glicht maximalen Komfort auch bei intensivsten\" \/>\n<meta property=\"og:url\" content=\"https:\/\/www.miomiorun.com\/de\/produkt\/slipstream-tank-herren\/\" \/>\n<meta property=\"og:site_name\" content=\"MioMioRun\" \/>\n<meta property=\"article:publisher\" content=\"https:\/\/www.facebook.com\/miomiorun\/\" \/>\n<meta property=\"article:modified_time\" content=\"2024-06-04T12:38:29+00:00\" \/>\n<meta property=\"og:image\" content=\"https:\/\/www.miomiorun.com\/app\/uploads\/2020\/10\/la-sportiva-Slipstream-tank-J92999100.jpg\" \/>\n\t<meta property=\"og:image:width\" content=\"600\" \/>\n\t<meta property=\"og:image:height\" content=\"600\" \/>\n\t<meta property=\"og:image:type\" content=\"image\/jpeg\" \/>\n<meta name=\"twitter:card\" content=\"summary_large_image\" \/>\n<script type=\"application\/ld+json\" class=\"yoast-schema-graph\">{\"@context\":\"https:\/\/schema.org\",\"@graph\":[{\"@type\":\"WebPage\",\"@id\":\"https:\/\/www.miomiorun.com\/de\/produkt\/slipstream-tank-herren\/\",\"url\":\"https:\/\/www.miomiorun.com\/de\/produkt\/slipstream-tank-herren\/\",\"name\":\"La Sportiva Slipstream Tank herren -Lauftank-Top - MioMioRun\",\"isPartOf\":{\"@id\":\"https:\/\/www.miomiorun.com\/de\/#website\"},\"primaryImageOfPage\":{\"@id\":\"https:\/\/www.miomiorun.com\/de\/produkt\/slipstream-tank-herren\/#primaryimage\"},\"image\":{\"@id\":\"https:\/\/www.miomiorun.com\/de\/produkt\/slipstream-tank-herren\/#primaryimage\"},\"thumbnailUrl\":\"https:\/\/www.miomiorun.com\/app\/uploads\/2020\/10\/la-sportiva-Slipstream-tank-J92999100.jpg\",\"datePublished\":\"2020-10-20T14:25:10+00:00\",\"dateModified\":\"2024-06-04T12:38:29+00:00\",\"description\":\"Das leichte, atmungsaktive und mit Polygiene\u00ae behandelte Gewebe des Slipstream Tank erm\u00f6glicht maximalen Komfort auch bei intensivsten\",\"breadcrumb\":{\"@id\":\"https:\/\/www.miomiorun.com\/de\/produkt\/slipstream-tank-herren\/#breadcrumb\"},\"inLanguage\":\"de-DE\",\"potentialAction\":[{\"@type\":\"ReadAction\",\"target\":[\"https:\/\/www.miomiorun.com\/de\/produkt\/slipstream-tank-herren\/\"]}]},{\"@type\":\"ImageObject\",\"inLanguage\":\"de-DE\",\"@id\":\"https:\/\/www.miomiorun.com\/de\/produkt\/slipstream-tank-herren\/#primaryimage\",\"url\":\"https:\/\/www.miomiorun.com\/app\/uploads\/2020\/10\/la-sportiva-Slipstream-tank-J92999100.jpg\",\"contentUrl\":\"https:\/\/www.miomiorun.com\/app\/uploads\/2020\/10\/la-sportiva-Slipstream-tank-J92999100.jpg\",\"width\":600,\"height\":600,\"caption\":\"la-sportiva-Slipstream-tank-J92999100\"},{\"@type\":\"BreadcrumbList\",\"@id\":\"https:\/\/www.miomiorun.com\/de\/produkt\/slipstream-tank-herren\/#breadcrumb\",\"itemListElement\":[{\"@type\":\"ListItem\",\"position\":1,\"name\":\"Home\",\"item\":\"https:\/\/www.miomiorun.com\/de\/\"},{\"@type\":\"ListItem\",\"position\":2,\"name\":\"Shop\",\"item\":\"https:\/\/www.miomiorun.com\/shop\/\"},{\"@type\":\"ListItem\",\"position\":3,\"name\":\"Slipstream Tank herren\"}]},{\"@type\":\"WebSite\",\"@id\":\"https:\/\/www.miomiorun.com\/de\/#website\",\"url\":\"https:\/\/www.miomiorun.com\/de\/\",\"name\":\"MioMioRun\",\"description\":\"100% Lauf- und Trailshop\",\"publisher\":{\"@id\":\"https:\/\/www.miomiorun.com\/de\/#organization\"},\"potentialAction\":[{\"@type\":\"SearchAction\",\"target\":{\"@type\":\"EntryPoint\",\"urlTemplate\":\"https:\/\/www.miomiorun.com\/de\/?s={search_term_string}\"},\"query-input\":{\"@type\":\"PropertyValueSpecification\",\"valueRequired\":true,\"valueName\":\"search_term_string\"}}],\"inLanguage\":\"de-DE\"},{\"@type\":\"Organization\",\"@id\":\"https:\/\/www.miomiorun.com\/de\/#organization\",\"name\":\"MioMio Run\",\"url\":\"https:\/\/www.miomiorun.com\/de\/\",\"logo\":{\"@type\":\"ImageObject\",\"inLanguage\":\"de-DE\",\"@id\":\"https:\/\/www.miomiorun.com\/de\/#\/schema\/logo\/image\/\",\"url\":\"https:\/\/www.miomiorun.com\/app\/uploads\/2019\/12\/logomio.png\",\"contentUrl\":\"https:\/\/www.miomiorun.com\/app\/uploads\/2019\/12\/logomio.png\",\"width\":115,\"height\":82,\"caption\":\"MioMio Run\"},\"image\":{\"@id\":\"https:\/\/www.miomiorun.com\/de\/#\/schema\/logo\/image\/\"},\"sameAs\":[\"https:\/\/www.facebook.com\/miomiorun\/\",\"https:\/\/www.instagram.com\/miomiorun\/\"]}]}<\/script>\n<!-- \/ Yoast SEO plugin. -->","yoast_head_json":{"title":"La Sportiva Slipstream Tank herren -Lauftank-Top - MioMioRun","description":"Das leichte, atmungsaktive und mit Polygiene\u00ae behandelte Gewebe des Slipstream Tank erm\u00f6glicht maximalen Komfort auch bei intensivsten","robots":{"index":"index","follow":"follow","max-snippet":"max-snippet:-1","max-image-preview":"max-image-preview:large","max-video-preview":"max-video-preview:-1"},"canonical":"https:\/\/www.miomiorun.com\/de\/produkt\/slipstream-tank-herren\/","og_locale":"de_DE","og_type":"article","og_title":"La Sportiva Slipstream Tank herren -Lauftank-Top - MioMioRun","og_description":"Das leichte, atmungsaktive und mit Polygiene\u00ae behandelte Gewebe des Slipstream Tank erm\u00f6glicht maximalen Komfort auch bei intensivsten","og_url":"https:\/\/www.miomiorun.com\/de\/produkt\/slipstream-tank-herren\/","og_site_name":"MioMioRun","article_publisher":"https:\/\/www.facebook.com\/miomiorun\/","article_modified_time":"2024-06-04T12:38:29+00:00","og_image":[{"width":600,"height":600,"url":"https:\/\/www.miomiorun.com\/app\/uploads\/2020\/10\/la-sportiva-Slipstream-tank-J92999100.jpg","type":"image\/jpeg"}],"twitter_card":"summary_large_image","schema":{"@context":"https:\/\/schema.org","@graph":[{"@type":"WebPage","@id":"https:\/\/www.miomiorun.com\/de\/produkt\/slipstream-tank-herren\/","url":"https:\/\/www.miomiorun.com\/de\/produkt\/slipstream-tank-herren\/","name":"La Sportiva Slipstream Tank herren -Lauftank-Top - MioMioRun","isPartOf":{"@id":"https:\/\/www.miomiorun.com\/de\/#website"},"primaryImageOfPage":{"@id":"https:\/\/www.miomiorun.com\/de\/produkt\/slipstream-tank-herren\/#primaryimage"},"image":{"@id":"https:\/\/www.miomiorun.com\/de\/produkt\/slipstream-tank-herren\/#primaryimage"},"thumbnailUrl":"https:\/\/www.miomiorun.com\/app\/uploads\/2020\/10\/la-sportiva-Slipstream-tank-J92999100.jpg","datePublished":"2020-10-20T14:25:10+00:00","dateModified":"2024-06-04T12:38:29+00:00","description":"Das leichte, atmungsaktive und mit Polygiene\u00ae behandelte Gewebe des Slipstream Tank erm\u00f6glicht maximalen Komfort auch bei intensivsten","breadcrumb":{"@id":"https:\/\/www.miomiorun.com\/de\/produkt\/slipstream-tank-herren\/#breadcrumb"},"inLanguage":"de-DE","potentialAction":[{"@type":"ReadAction","target":["https:\/\/www.miomiorun.com\/de\/produkt\/slipstream-tank-herren\/"]}]},{"@type":"ImageObject","inLanguage":"de-DE","@id":"https:\/\/www.miomiorun.com\/de\/produkt\/slipstream-tank-herren\/#primaryimage","url":"https:\/\/www.miomiorun.com\/app\/uploads\/2020\/10\/la-sportiva-Slipstream-tank-J92999100.jpg","contentUrl":"https:\/\/www.miomiorun.com\/app\/uploads\/2020\/10\/la-sportiva-Slipstream-tank-J92999100.jpg","width":600,"height":600,"caption":"la-sportiva-Slipstream-tank-J92999100"},{"@type":"BreadcrumbList","@id":"https:\/\/www.miomiorun.com\/de\/produkt\/slipstream-tank-herren\/#breadcrumb","itemListElement":[{"@type":"ListItem","position":1,"name":"Home","item":"https:\/\/www.miomiorun.com\/de\/"},{"@type":"ListItem","position":2,"name":"Shop","item":"https:\/\/www.miomiorun.com\/shop\/"},{"@type":"ListItem","position":3,"name":"Slipstream Tank herren"}]},{"@type":"WebSite","@id":"https:\/\/www.miomiorun.com\/de\/#website","url":"https:\/\/www.miomiorun.com\/de\/","name":"MioMioRun","description":"100% Lauf- und Trailshop","publisher":{"@id":"https:\/\/www.miomiorun.com\/de\/#organization"},"potentialAction":[{"@type":"SearchAction","target":{"@type":"EntryPoint","urlTemplate":"https:\/\/www.miomiorun.com\/de\/?s={search_term_string}"},"query-input":{"@type":"PropertyValueSpecification","valueRequired":true,"valueName":"search_term_string"}}],"inLanguage":"de-DE"},{"@type":"Organization","@id":"https:\/\/www.miomiorun.com\/de\/#organization","name":"MioMio Run","url":"https:\/\/www.miomiorun.com\/de\/","logo":{"@type":"ImageObject","inLanguage":"de-DE","@id":"https:\/\/www.miomiorun.com\/de\/#\/schema\/logo\/image\/","url":"https:\/\/www.miomiorun.com\/app\/uploads\/2019\/12\/logomio.png","contentUrl":"https:\/\/www.miomiorun.com\/app\/uploads\/2019\/12\/logomio.png","width":115,"height":82,"caption":"MioMio Run"},"image":{"@id":"https:\/\/www.miomiorun.com\/de\/#\/schema\/logo\/image\/"},"sameAs":["https:\/\/www.facebook.com\/miomiorun\/","https:\/\/www.instagram.com\/miomiorun\/"]}]}},"_links":{"self":[{"href":"https:\/\/www.miomiorun.com\/de\/wp-json\/wp\/v2\/product\/177182","targetHints":{"allow":["GET"]}}],"collection":[{"href":"https:\/\/www.miomiorun.com\/de\/wp-json\/wp\/v2\/product"}],"about":[{"href":"https:\/\/www.miomiorun.com\/de\/wp-json\/wp\/v2\/types\/product"}],"wp:featuredmedia":[{"embeddable":true,"href":"https:\/\/www.miomiorun.com\/de\/wp-json\/wp\/v2\/media\/53310"}],"wp:attachment":[{"href":"https:\/\/www.miomiorun.com\/de\/wp-json\/wp\/v2\/media?parent=177182"}],"wp:term":[{"taxonomy":"product_brand","embeddable":true,"href":"https:\/\/www.miomiorun.com\/de\/wp-json\/wp\/v2\/product_brand?post=177182"},{"taxonomy":"product_cat","embeddable":true,"href":"https:\/\/www.miomiorun.com\/de\/wp-json\/wp\/v2\/product_cat?post=177182"},{"taxonomy":"product_tag","embeddable":true,"href":"https:\/\/www.miomiorun.com\/de\/wp-json\/wp\/v2\/product_tag?post=177182"}],"curies":[{"name":"wp","href":"https:\/\/api.w.org\/{rel}","templated":true}]}}