{"id":177180,"date":"2021-04-17T17:42:52","date_gmt":"2021-04-17T15:42:52","guid":{"rendered":"https:\/\/miomiorun.com\/prodotto\/la-sportiva-vert-tank-m-uomo\/"},"modified":"2024-06-04T16:20:06","modified_gmt":"2024-06-04T14:20:06","slug":"vert-tank-m-herren","status":"publish","type":"product","link":"https:\/\/www.miomiorun.com\/de\/produkt\/vert-tank-m-herren\/","title":{"rendered":"Vert Tank M herren"},"content":{"rendered":"<p><strong>Vert Tank<\/strong> ist ein leichtes, schnell trocknendes Tank-Top, das sich ideal f\u00fcr hei\u00dfe Sommertrainingseinheiten eignet. Die geruchshemmende und antibakterielle Polygiene\u00ae-Behandlung und das Netzgewebe machen dieses Kleidungsst\u00fcck besonders atmungsaktiv.<\/p>\n<p><img decoding=\"async\" src=\"https:\/\/www.lasportiva.com\/media\/techinfo_icons\/elasticita.png\" alt=\"La Sportiva\" \/><\/p>\n<p><strong>Elastizit\u00e4t:<\/strong><br \/>\nBequeme und reaktionsschnelle Kleidungsst\u00fccke, die maximale Bewegungsfreiheit garantieren.<\/p>\n<div class=\"data item content\" role=\"tabpanel\" aria-labelledby=\"tab-label-techinfo\" data-role=\"content\" aria-hidden=\"false\">\n<div class=\"techinfo-container\">\n<div class=\"techinfo-icons\">\n<div class=\"techinfo-icon\"><a> <img decoding=\"async\" src=\"https:\/\/www.lasportiva.com\/media\/techinfo_icons\/L1.png\" alt=\"La Sportiva\" \/><\/a><\/div>\n<div class=\"techinfo-icon\"><a><strong>L1 &#8211; BASE LAYER<\/strong><br \/>\nSchicht in direktem Kontakt mit der Haut. F\u00f6rdert die Schwei\u00dfableitung f\u00fcr einen besseren Klimakomfort bei k\u00f6rperlicher Aktivit\u00e4t.<\/a><\/div>\n<div class=\"techinfo-icon\"><img decoding=\"async\" src=\"https:\/\/www.lasportiva.com\/media\/techinfo_icons\/slim-fit.png\" alt=\"La Sportiva\" \/><\/div>\n<p><strong>Schlanke Passform:<\/strong><br \/>\nSehr enge Passform f\u00fcr maximale Rennleistung<\/p>\n<div class=\"techinfo-icon\"><a> <img decoding=\"async\" src=\"https:\/\/www.lasportiva.com\/media\/techinfo_icons\/leggerezza.png\" alt=\"La Sportiva\" \/><\/a><\/div>\n<div><strong>Leichtigkeit:<\/strong> Produkte, die das Gewicht auf ein Minimum reduzieren<\/div>\n<div class=\"techinfo-icon\"><a> <img loading=\"lazy\" decoding=\"async\" class=\"\" src=\"https:\/\/www.lasportiva.com\/media\/techinfo_icons\/traspirabilita.png\" alt=\"La Sportiva\" width=\"76\" height=\"76\" \/><\/a><\/div>\n<div><strong>Atmungsaktivit\u00e4t:<\/strong> Hochgradig atmungsaktive Produkte f\u00fcr optimalen Klimakomfort.<\/div>\n<div><img loading=\"lazy\" decoding=\"async\" class=\"\" src=\"https:\/\/www.lasportiva.com\/media\/techinfo_icons\/polygiene.png\" alt=\"La Sportiva\" width=\"76\" height=\"76\" \/><\/div>\n<p>Die antibakterielle und geruchshemmende Polygiene\u00ae-Technologie ist eine dauerhafte, wirksame und nachhaltige Behandlung, die Silbersalze verwendet, um die Bildung von geruchsverursachenden Bakterien zu verhindern. Das Ergebnis? Sie k\u00f6nnen Ihre Kleidungsst\u00fccke l\u00e4nger tragen, ohne sie waschen zu m\u00fcssen.<br \/>\n<strong>Material :<\/strong>Hauptteil: (KSL-03) 50% Polyester, 50% recyceltes Polyester<br \/>\n<strong>Gewicht :<\/strong>85 g (L)<\/p>\n<\/div>\n<\/div>\n<\/div>\n","protected":false},"excerpt":{"rendered":"<p>Vert Tank ist ein leichtes, schnell trocknendes Tank-Top, das sich ideal f\u00fcr hei\u00dfe Sommertrainingseinheiten eignet. Die geruchshemmende und antibakterielle Polygiene\u00ae-Behandlung und das Netzgewebe machen dieses Kleidungsst\u00fcck besonders atmungsaktiv. Elastizit\u00e4t: Bequeme und reaktionsschnelle Kleidungsst\u00fccke, die maximale Bewegungsfreiheit garantieren. L1 &#8211; BASE LAYER Schicht in direktem Kontakt mit der Haut. F\u00f6rdert die Schwei\u00dfableitung f\u00fcr einen besseren Klimakomfort &hellip; <a href=\"https:\/\/www.miomiorun.com\/de\/produkt\/vert-tank-m-herren\/\">Continued<\/a><\/p>\n","protected":false},"featured_media":55115,"template":"","meta":{"_acf_changed":false,"inline_featured_image":false},"product_brand":[],"product_cat":[6515,6540,6513],"product_tag":[6248,6218],"class_list":{"0":"post-177180","1":"product","2":"type-product","3":"status-publish","4":"has-post-thumbnail","6":"product_cat-herren-de","7":"product_cat-herrenbekleidung","8":"product_cat-tank-tops","9":"product_tag-la-sportiva-de","10":"product_tag-la-sportiva-herren-de","11":"pa_attivita-trail-de","12":"pa_colore-vert-tank-m-topaz-space-blue-de","13":"pa_colore-vert-tank-m-yellow-carbon-de","14":"pa_marca-la-sportiva-de","15":"pa_sesso-herren","16":"pa_size-medium-de","17":"pa_size-large-de","18":"pa_size-extra-large-de","20":"first","21":"instock","22":"sale","23":"taxable","24":"shipping-taxable","25":"purchasable","26":"product-type-variable","27":"wvs-archive-product-wrapper"},"acf":[],"yoast_head":"<!-- This site is optimized with the Yoast SEO plugin v26.8 - https:\/\/yoast.com\/product\/yoast-seo-wordpress\/ -->\n<title>La SportivaVert Tank M herren - Lauftank-Top - MioMioRun<\/title>\n<meta name=\"description\" content=\"Vert Tank ist ein leichtes, schnell trocknendes Tank-Top, das sich ideal f\u00fcr hei\u00dfe Sommertrainingseinheiten eignet. Die geruchshemmende.\" \/>\n<meta name=\"robots\" content=\"index, follow, max-snippet:-1, max-image-preview:large, max-video-preview:-1\" \/>\n<link rel=\"canonical\" href=\"https:\/\/www.miomiorun.com\/de\/produkt\/vert-tank-m-herren\/\" \/>\n<meta property=\"og:locale\" content=\"de_DE\" \/>\n<meta property=\"og:type\" content=\"article\" \/>\n<meta property=\"og:title\" content=\"La SportivaVert Tank M herren - Lauftank-Top - MioMioRun\" \/>\n<meta property=\"og:description\" content=\"Vert Tank ist ein leichtes, schnell trocknendes Tank-Top, das sich ideal f\u00fcr hei\u00dfe Sommertrainingseinheiten eignet. Die geruchshemmende.\" \/>\n<meta property=\"og:url\" content=\"https:\/\/www.miomiorun.com\/de\/produkt\/vert-tank-m-herren\/\" \/>\n<meta property=\"og:site_name\" content=\"MioMioRun\" \/>\n<meta property=\"article:publisher\" content=\"https:\/\/www.facebook.com\/miomiorun\/\" \/>\n<meta property=\"article:modified_time\" content=\"2024-06-04T14:20:06+00:00\" \/>\n<meta property=\"og:image\" content=\"https:\/\/www.miomiorun.com\/app\/uploads\/2021\/04\/la-sportiva-Vert-Tank-M-P09100900.jpg\" \/>\n\t<meta property=\"og:image:width\" content=\"600\" \/>\n\t<meta property=\"og:image:height\" content=\"600\" \/>\n\t<meta property=\"og:image:type\" content=\"image\/jpeg\" \/>\n<meta name=\"twitter:card\" content=\"summary_large_image\" \/>\n<meta name=\"twitter:label1\" content=\"Est. reading time\" \/>\n\t<meta name=\"twitter:data1\" content=\"1 minute\" \/>\n<script type=\"application\/ld+json\" class=\"yoast-schema-graph\">{\"@context\":\"https:\/\/schema.org\",\"@graph\":[{\"@type\":\"WebPage\",\"@id\":\"https:\/\/www.miomiorun.com\/de\/produkt\/vert-tank-m-herren\/\",\"url\":\"https:\/\/www.miomiorun.com\/de\/produkt\/vert-tank-m-herren\/\",\"name\":\"La SportivaVert Tank M herren - Lauftank-Top - MioMioRun\",\"isPartOf\":{\"@id\":\"https:\/\/www.miomiorun.com\/de\/#website\"},\"primaryImageOfPage\":{\"@id\":\"https:\/\/www.miomiorun.com\/de\/produkt\/vert-tank-m-herren\/#primaryimage\"},\"image\":{\"@id\":\"https:\/\/www.miomiorun.com\/de\/produkt\/vert-tank-m-herren\/#primaryimage\"},\"thumbnailUrl\":\"https:\/\/www.miomiorun.com\/app\/uploads\/2021\/04\/la-sportiva-Vert-Tank-M-P09100900.jpg\",\"datePublished\":\"2021-04-17T15:42:52+00:00\",\"dateModified\":\"2024-06-04T14:20:06+00:00\",\"description\":\"Vert Tank ist ein leichtes, schnell trocknendes Tank-Top, das sich ideal f\u00fcr hei\u00dfe Sommertrainingseinheiten eignet. Die geruchshemmende.\",\"breadcrumb\":{\"@id\":\"https:\/\/www.miomiorun.com\/de\/produkt\/vert-tank-m-herren\/#breadcrumb\"},\"inLanguage\":\"de-DE\",\"potentialAction\":[{\"@type\":\"ReadAction\",\"target\":[\"https:\/\/www.miomiorun.com\/de\/produkt\/vert-tank-m-herren\/\"]}]},{\"@type\":\"ImageObject\",\"inLanguage\":\"de-DE\",\"@id\":\"https:\/\/www.miomiorun.com\/de\/produkt\/vert-tank-m-herren\/#primaryimage\",\"url\":\"https:\/\/www.miomiorun.com\/app\/uploads\/2021\/04\/la-sportiva-Vert-Tank-M-P09100900.jpg\",\"contentUrl\":\"https:\/\/www.miomiorun.com\/app\/uploads\/2021\/04\/la-sportiva-Vert-Tank-M-P09100900.jpg\",\"width\":600,\"height\":600,\"caption\":\"la sportiva vert tank m\"},{\"@type\":\"BreadcrumbList\",\"@id\":\"https:\/\/www.miomiorun.com\/de\/produkt\/vert-tank-m-herren\/#breadcrumb\",\"itemListElement\":[{\"@type\":\"ListItem\",\"position\":1,\"name\":\"Home\",\"item\":\"https:\/\/www.miomiorun.com\/de\/\"},{\"@type\":\"ListItem\",\"position\":2,\"name\":\"Shop\",\"item\":\"https:\/\/www.miomiorun.com\/shop\/\"},{\"@type\":\"ListItem\",\"position\":3,\"name\":\"Vert Tank M herren\"}]},{\"@type\":\"WebSite\",\"@id\":\"https:\/\/www.miomiorun.com\/de\/#website\",\"url\":\"https:\/\/www.miomiorun.com\/de\/\",\"name\":\"MioMioRun\",\"description\":\"100% Lauf- und Trailshop\",\"publisher\":{\"@id\":\"https:\/\/www.miomiorun.com\/de\/#organization\"},\"potentialAction\":[{\"@type\":\"SearchAction\",\"target\":{\"@type\":\"EntryPoint\",\"urlTemplate\":\"https:\/\/www.miomiorun.com\/de\/?s={search_term_string}\"},\"query-input\":{\"@type\":\"PropertyValueSpecification\",\"valueRequired\":true,\"valueName\":\"search_term_string\"}}],\"inLanguage\":\"de-DE\"},{\"@type\":\"Organization\",\"@id\":\"https:\/\/www.miomiorun.com\/de\/#organization\",\"name\":\"MioMio Run\",\"url\":\"https:\/\/www.miomiorun.com\/de\/\",\"logo\":{\"@type\":\"ImageObject\",\"inLanguage\":\"de-DE\",\"@id\":\"https:\/\/www.miomiorun.com\/de\/#\/schema\/logo\/image\/\",\"url\":\"https:\/\/www.miomiorun.com\/app\/uploads\/2019\/12\/logomio.png\",\"contentUrl\":\"https:\/\/www.miomiorun.com\/app\/uploads\/2019\/12\/logomio.png\",\"width\":115,\"height\":82,\"caption\":\"MioMio Run\"},\"image\":{\"@id\":\"https:\/\/www.miomiorun.com\/de\/#\/schema\/logo\/image\/\"},\"sameAs\":[\"https:\/\/www.facebook.com\/miomiorun\/\",\"https:\/\/www.instagram.com\/miomiorun\/\"]}]}<\/script>\n<!-- \/ Yoast SEO plugin. -->","yoast_head_json":{"title":"La SportivaVert Tank M herren - Lauftank-Top - MioMioRun","description":"Vert Tank ist ein leichtes, schnell trocknendes Tank-Top, das sich ideal f\u00fcr hei\u00dfe Sommertrainingseinheiten eignet. Die geruchshemmende.","robots":{"index":"index","follow":"follow","max-snippet":"max-snippet:-1","max-image-preview":"max-image-preview:large","max-video-preview":"max-video-preview:-1"},"canonical":"https:\/\/www.miomiorun.com\/de\/produkt\/vert-tank-m-herren\/","og_locale":"de_DE","og_type":"article","og_title":"La SportivaVert Tank M herren - Lauftank-Top - MioMioRun","og_description":"Vert Tank ist ein leichtes, schnell trocknendes Tank-Top, das sich ideal f\u00fcr hei\u00dfe Sommertrainingseinheiten eignet. Die geruchshemmende.","og_url":"https:\/\/www.miomiorun.com\/de\/produkt\/vert-tank-m-herren\/","og_site_name":"MioMioRun","article_publisher":"https:\/\/www.facebook.com\/miomiorun\/","article_modified_time":"2024-06-04T14:20:06+00:00","og_image":[{"width":600,"height":600,"url":"https:\/\/www.miomiorun.com\/app\/uploads\/2021\/04\/la-sportiva-Vert-Tank-M-P09100900.jpg","type":"image\/jpeg"}],"twitter_card":"summary_large_image","twitter_misc":{"Est. reading time":"1 minute"},"schema":{"@context":"https:\/\/schema.org","@graph":[{"@type":"WebPage","@id":"https:\/\/www.miomiorun.com\/de\/produkt\/vert-tank-m-herren\/","url":"https:\/\/www.miomiorun.com\/de\/produkt\/vert-tank-m-herren\/","name":"La SportivaVert Tank M herren - Lauftank-Top - MioMioRun","isPartOf":{"@id":"https:\/\/www.miomiorun.com\/de\/#website"},"primaryImageOfPage":{"@id":"https:\/\/www.miomiorun.com\/de\/produkt\/vert-tank-m-herren\/#primaryimage"},"image":{"@id":"https:\/\/www.miomiorun.com\/de\/produkt\/vert-tank-m-herren\/#primaryimage"},"thumbnailUrl":"https:\/\/www.miomiorun.com\/app\/uploads\/2021\/04\/la-sportiva-Vert-Tank-M-P09100900.jpg","datePublished":"2021-04-17T15:42:52+00:00","dateModified":"2024-06-04T14:20:06+00:00","description":"Vert Tank ist ein leichtes, schnell trocknendes Tank-Top, das sich ideal f\u00fcr hei\u00dfe Sommertrainingseinheiten eignet. Die geruchshemmende.","breadcrumb":{"@id":"https:\/\/www.miomiorun.com\/de\/produkt\/vert-tank-m-herren\/#breadcrumb"},"inLanguage":"de-DE","potentialAction":[{"@type":"ReadAction","target":["https:\/\/www.miomiorun.com\/de\/produkt\/vert-tank-m-herren\/"]}]},{"@type":"ImageObject","inLanguage":"de-DE","@id":"https:\/\/www.miomiorun.com\/de\/produkt\/vert-tank-m-herren\/#primaryimage","url":"https:\/\/www.miomiorun.com\/app\/uploads\/2021\/04\/la-sportiva-Vert-Tank-M-P09100900.jpg","contentUrl":"https:\/\/www.miomiorun.com\/app\/uploads\/2021\/04\/la-sportiva-Vert-Tank-M-P09100900.jpg","width":600,"height":600,"caption":"la sportiva vert tank m"},{"@type":"BreadcrumbList","@id":"https:\/\/www.miomiorun.com\/de\/produkt\/vert-tank-m-herren\/#breadcrumb","itemListElement":[{"@type":"ListItem","position":1,"name":"Home","item":"https:\/\/www.miomiorun.com\/de\/"},{"@type":"ListItem","position":2,"name":"Shop","item":"https:\/\/www.miomiorun.com\/shop\/"},{"@type":"ListItem","position":3,"name":"Vert Tank M herren"}]},{"@type":"WebSite","@id":"https:\/\/www.miomiorun.com\/de\/#website","url":"https:\/\/www.miomiorun.com\/de\/","name":"MioMioRun","description":"100% Lauf- und Trailshop","publisher":{"@id":"https:\/\/www.miomiorun.com\/de\/#organization"},"potentialAction":[{"@type":"SearchAction","target":{"@type":"EntryPoint","urlTemplate":"https:\/\/www.miomiorun.com\/de\/?s={search_term_string}"},"query-input":{"@type":"PropertyValueSpecification","valueRequired":true,"valueName":"search_term_string"}}],"inLanguage":"de-DE"},{"@type":"Organization","@id":"https:\/\/www.miomiorun.com\/de\/#organization","name":"MioMio Run","url":"https:\/\/www.miomiorun.com\/de\/","logo":{"@type":"ImageObject","inLanguage":"de-DE","@id":"https:\/\/www.miomiorun.com\/de\/#\/schema\/logo\/image\/","url":"https:\/\/www.miomiorun.com\/app\/uploads\/2019\/12\/logomio.png","contentUrl":"https:\/\/www.miomiorun.com\/app\/uploads\/2019\/12\/logomio.png","width":115,"height":82,"caption":"MioMio Run"},"image":{"@id":"https:\/\/www.miomiorun.com\/de\/#\/schema\/logo\/image\/"},"sameAs":["https:\/\/www.facebook.com\/miomiorun\/","https:\/\/www.instagram.com\/miomiorun\/"]}]}},"_links":{"self":[{"href":"https:\/\/www.miomiorun.com\/de\/wp-json\/wp\/v2\/product\/177180","targetHints":{"allow":["GET"]}}],"collection":[{"href":"https:\/\/www.miomiorun.com\/de\/wp-json\/wp\/v2\/product"}],"about":[{"href":"https:\/\/www.miomiorun.com\/de\/wp-json\/wp\/v2\/types\/product"}],"wp:featuredmedia":[{"embeddable":true,"href":"https:\/\/www.miomiorun.com\/de\/wp-json\/wp\/v2\/media\/55115"}],"wp:attachment":[{"href":"https:\/\/www.miomiorun.com\/de\/wp-json\/wp\/v2\/media?parent=177180"}],"wp:term":[{"taxonomy":"product_brand","embeddable":true,"href":"https:\/\/www.miomiorun.com\/de\/wp-json\/wp\/v2\/product_brand?post=177180"},{"taxonomy":"product_cat","embeddable":true,"href":"https:\/\/www.miomiorun.com\/de\/wp-json\/wp\/v2\/product_cat?post=177180"},{"taxonomy":"product_tag","embeddable":true,"href":"https:\/\/www.miomiorun.com\/de\/wp-json\/wp\/v2\/product_tag?post=177180"}],"curies":[{"name":"wp","href":"https:\/\/api.w.org\/{rel}","templated":true}]}}