{"id":177174,"date":"2023-03-07T15:17:56","date_gmt":"2023-03-07T14:17:56","guid":{"rendered":"https:\/\/miomiorun.com\/prodotto\/atmosphere-singlet-2-0-uomo\/"},"modified":"2026-05-08T20:20:33","modified_gmt":"2026-05-08T18:20:33","slug":"atmosphere-singlet-2-0-herren","status":"publish","type":"product","link":"https:\/\/www.miomiorun.com\/de\/produkt\/atmosphere-singlet-2-0-herren\/","title":{"rendered":"Atmosphere Singlet 2.0 herren"},"content":{"rendered":"<p>Das <strong>Atmosphere Singlet 2.0<\/strong> f\u00fcr M\u00e4nner ist ein ultraleichtes Singlet, das Sie k\u00fchl h\u00e4lt. Aus atmungsaktivem, schnell trocknendem Stretchmaterial bietet diese leichte Schicht fast unmerkliche Abdeckung f\u00fcr kilometerlangen Komfort. Die geruchshemmende Ausr\u00fcstung wird auch nach vielen W\u00e4schen nicht besch\u00e4digt.<\/p>\n<p><strong>Eigenschaften:<\/strong><\/p>\n<ul>\n<li>Atmungsaktiv<\/li>\n<li>Ideale Passform zum Laufen<\/li>\n<li>Geruchshemmend<\/li>\n<li>Atmungsaktives Stretchmaterial<\/li>\n<li>Schnell trocknend<\/li>\n<\/ul>\n<p>&nbsp;<\/p>\n<p>&nbsp;<\/p>\n","protected":false},"excerpt":{"rendered":"<ul class=\"m-long-description__features\">\n<li class=\"m-long-description__feature\">Atmungsaktiv<\/li>\n<li class=\"m-long-description__feature\">Ideale Passform zum Laufen<\/li>\n<li class=\"m-long-description__feature\">Geruchshemmend<\/li>\n<\/ul>\n","protected":false},"featured_media":110214,"template":"","meta":{"_acf_changed":false,"inline_featured_image":false},"product_brand":[],"product_cat":[6540,6513],"product_tag":[3362,6207],"class_list":{"0":"post-177174","1":"product","2":"type-product","3":"status-publish","4":"has-post-thumbnail","6":"product_cat-herrenbekleidung","7":"product_cat-tank-tops","8":"product_tag-brooks-de","9":"product_tag-brooks-herren-de","10":"pa_attivita-gehen","11":"pa_attivita-running-de","12":"pa_colore-atmosphere-singlet-2-0-navy-sring-break-de","13":"pa_marca-brooks-de","14":"pa_sesso-herren","15":"pa_size-small-de","17":"first","18":"instock","19":"sale","20":"taxable","21":"shipping-taxable","22":"purchasable","23":"product-type-variable","24":"wvs-archive-product-wrapper"},"acf":[],"yoast_head":"<!-- This site is optimized with the Yoast SEO plugin v26.8 - https:\/\/yoast.com\/product\/yoast-seo-wordpress\/ -->\n<title>Brooks Atmosphere Singlet 2.0 herren - Tanktop - MioMioRun<\/title>\n<meta name=\"description\" content=\"Das Atmosphere Singlet 2.0 f\u00fcr M\u00e4nner ist ein ultraleichtes Singlet, das Sie k\u00fchl h\u00e4lt. Hergestellt aus atmungsaktivem, schnell trocknendem Stretchmaterial\" \/>\n<meta name=\"robots\" content=\"index, follow, max-snippet:-1, max-image-preview:large, max-video-preview:-1\" \/>\n<link rel=\"canonical\" href=\"https:\/\/www.miomiorun.com\/de\/produkt\/atmosphere-singlet-2-0-herren\/\" \/>\n<meta property=\"og:locale\" content=\"de_DE\" \/>\n<meta property=\"og:type\" content=\"article\" \/>\n<meta property=\"og:title\" content=\"Brooks Atmosphere Singlet 2.0 herren - Tanktop - MioMioRun\" \/>\n<meta property=\"og:description\" content=\"Das Atmosphere Singlet 2.0 f\u00fcr M\u00e4nner ist ein ultraleichtes Singlet, das Sie k\u00fchl h\u00e4lt. Hergestellt aus atmungsaktivem, schnell trocknendem Stretchmaterial\" \/>\n<meta property=\"og:url\" content=\"https:\/\/www.miomiorun.com\/de\/produkt\/atmosphere-singlet-2-0-herren\/\" \/>\n<meta property=\"og:site_name\" content=\"MioMioRun\" \/>\n<meta property=\"article:publisher\" content=\"https:\/\/www.facebook.com\/miomiorun\/\" \/>\n<meta property=\"article:modified_time\" content=\"2026-05-08T18:20:33+00:00\" \/>\n<meta property=\"og:image\" content=\"https:\/\/www.miomiorun.com\/app\/uploads\/2023\/03\/brooks-atmosphere-singlet-2.0-navy-sring-break-211445454.jpg\" \/>\n\t<meta property=\"og:image:width\" content=\"600\" \/>\n\t<meta property=\"og:image:height\" content=\"600\" \/>\n\t<meta property=\"og:image:type\" content=\"image\/jpeg\" \/>\n<meta name=\"twitter:card\" content=\"summary_large_image\" \/>\n<script type=\"application\/ld+json\" class=\"yoast-schema-graph\">{\"@context\":\"https:\/\/schema.org\",\"@graph\":[{\"@type\":\"WebPage\",\"@id\":\"https:\/\/www.miomiorun.com\/de\/produkt\/atmosphere-singlet-2-0-herren\/\",\"url\":\"https:\/\/www.miomiorun.com\/de\/produkt\/atmosphere-singlet-2-0-herren\/\",\"name\":\"Brooks Atmosphere Singlet 2.0 herren - Tanktop - MioMioRun\",\"isPartOf\":{\"@id\":\"https:\/\/www.miomiorun.com\/de\/#website\"},\"primaryImageOfPage\":{\"@id\":\"https:\/\/www.miomiorun.com\/de\/produkt\/atmosphere-singlet-2-0-herren\/#primaryimage\"},\"image\":{\"@id\":\"https:\/\/www.miomiorun.com\/de\/produkt\/atmosphere-singlet-2-0-herren\/#primaryimage\"},\"thumbnailUrl\":\"https:\/\/www.miomiorun.com\/app\/uploads\/2023\/03\/brooks-atmosphere-singlet-2.0-navy-sring-break-211445454.jpg\",\"datePublished\":\"2023-03-07T14:17:56+00:00\",\"dateModified\":\"2026-05-08T18:20:33+00:00\",\"description\":\"Das Atmosphere Singlet 2.0 f\u00fcr M\u00e4nner ist ein ultraleichtes Singlet, das Sie k\u00fchl h\u00e4lt. Hergestellt aus atmungsaktivem, schnell trocknendem Stretchmaterial\",\"breadcrumb\":{\"@id\":\"https:\/\/www.miomiorun.com\/de\/produkt\/atmosphere-singlet-2-0-herren\/#breadcrumb\"},\"inLanguage\":\"de-DE\",\"potentialAction\":[{\"@type\":\"ReadAction\",\"target\":[\"https:\/\/www.miomiorun.com\/de\/produkt\/atmosphere-singlet-2-0-herren\/\"]}]},{\"@type\":\"ImageObject\",\"inLanguage\":\"de-DE\",\"@id\":\"https:\/\/www.miomiorun.com\/de\/produkt\/atmosphere-singlet-2-0-herren\/#primaryimage\",\"url\":\"https:\/\/www.miomiorun.com\/app\/uploads\/2023\/03\/brooks-atmosphere-singlet-2.0-navy-sring-break-211445454.jpg\",\"contentUrl\":\"https:\/\/www.miomiorun.com\/app\/uploads\/2023\/03\/brooks-atmosphere-singlet-2.0-navy-sring-break-211445454.jpg\",\"width\":600,\"height\":600,\"caption\":\"brooks-atmosphere-singlet-2.0-navy-sring-break-211445454\"},{\"@type\":\"BreadcrumbList\",\"@id\":\"https:\/\/www.miomiorun.com\/de\/produkt\/atmosphere-singlet-2-0-herren\/#breadcrumb\",\"itemListElement\":[{\"@type\":\"ListItem\",\"position\":1,\"name\":\"Home\",\"item\":\"https:\/\/www.miomiorun.com\/de\/\"},{\"@type\":\"ListItem\",\"position\":2,\"name\":\"Shop\",\"item\":\"https:\/\/www.miomiorun.com\/shop\/\"},{\"@type\":\"ListItem\",\"position\":3,\"name\":\"Atmosphere Singlet 2.0 herren\"}]},{\"@type\":\"WebSite\",\"@id\":\"https:\/\/www.miomiorun.com\/de\/#website\",\"url\":\"https:\/\/www.miomiorun.com\/de\/\",\"name\":\"MioMioRun\",\"description\":\"100% Lauf- und Trailshop\",\"publisher\":{\"@id\":\"https:\/\/www.miomiorun.com\/de\/#organization\"},\"potentialAction\":[{\"@type\":\"SearchAction\",\"target\":{\"@type\":\"EntryPoint\",\"urlTemplate\":\"https:\/\/www.miomiorun.com\/de\/?s={search_term_string}\"},\"query-input\":{\"@type\":\"PropertyValueSpecification\",\"valueRequired\":true,\"valueName\":\"search_term_string\"}}],\"inLanguage\":\"de-DE\"},{\"@type\":\"Organization\",\"@id\":\"https:\/\/www.miomiorun.com\/de\/#organization\",\"name\":\"MioMio Run\",\"url\":\"https:\/\/www.miomiorun.com\/de\/\",\"logo\":{\"@type\":\"ImageObject\",\"inLanguage\":\"de-DE\",\"@id\":\"https:\/\/www.miomiorun.com\/de\/#\/schema\/logo\/image\/\",\"url\":\"https:\/\/www.miomiorun.com\/app\/uploads\/2019\/12\/logomio.png\",\"contentUrl\":\"https:\/\/www.miomiorun.com\/app\/uploads\/2019\/12\/logomio.png\",\"width\":115,\"height\":82,\"caption\":\"MioMio Run\"},\"image\":{\"@id\":\"https:\/\/www.miomiorun.com\/de\/#\/schema\/logo\/image\/\"},\"sameAs\":[\"https:\/\/www.facebook.com\/miomiorun\/\",\"https:\/\/www.instagram.com\/miomiorun\/\"]}]}<\/script>\n<!-- \/ Yoast SEO plugin. -->","yoast_head_json":{"title":"Brooks Atmosphere Singlet 2.0 herren - Tanktop - MioMioRun","description":"Das Atmosphere Singlet 2.0 f\u00fcr M\u00e4nner ist ein ultraleichtes Singlet, das Sie k\u00fchl h\u00e4lt. Hergestellt aus atmungsaktivem, schnell trocknendem Stretchmaterial","robots":{"index":"index","follow":"follow","max-snippet":"max-snippet:-1","max-image-preview":"max-image-preview:large","max-video-preview":"max-video-preview:-1"},"canonical":"https:\/\/www.miomiorun.com\/de\/produkt\/atmosphere-singlet-2-0-herren\/","og_locale":"de_DE","og_type":"article","og_title":"Brooks Atmosphere Singlet 2.0 herren - Tanktop - MioMioRun","og_description":"Das Atmosphere Singlet 2.0 f\u00fcr M\u00e4nner ist ein ultraleichtes Singlet, das Sie k\u00fchl h\u00e4lt. Hergestellt aus atmungsaktivem, schnell trocknendem Stretchmaterial","og_url":"https:\/\/www.miomiorun.com\/de\/produkt\/atmosphere-singlet-2-0-herren\/","og_site_name":"MioMioRun","article_publisher":"https:\/\/www.facebook.com\/miomiorun\/","article_modified_time":"2026-05-08T18:20:33+00:00","og_image":[{"width":600,"height":600,"url":"https:\/\/www.miomiorun.com\/app\/uploads\/2023\/03\/brooks-atmosphere-singlet-2.0-navy-sring-break-211445454.jpg","type":"image\/jpeg"}],"twitter_card":"summary_large_image","schema":{"@context":"https:\/\/schema.org","@graph":[{"@type":"WebPage","@id":"https:\/\/www.miomiorun.com\/de\/produkt\/atmosphere-singlet-2-0-herren\/","url":"https:\/\/www.miomiorun.com\/de\/produkt\/atmosphere-singlet-2-0-herren\/","name":"Brooks Atmosphere Singlet 2.0 herren - Tanktop - MioMioRun","isPartOf":{"@id":"https:\/\/www.miomiorun.com\/de\/#website"},"primaryImageOfPage":{"@id":"https:\/\/www.miomiorun.com\/de\/produkt\/atmosphere-singlet-2-0-herren\/#primaryimage"},"image":{"@id":"https:\/\/www.miomiorun.com\/de\/produkt\/atmosphere-singlet-2-0-herren\/#primaryimage"},"thumbnailUrl":"https:\/\/www.miomiorun.com\/app\/uploads\/2023\/03\/brooks-atmosphere-singlet-2.0-navy-sring-break-211445454.jpg","datePublished":"2023-03-07T14:17:56+00:00","dateModified":"2026-05-08T18:20:33+00:00","description":"Das Atmosphere Singlet 2.0 f\u00fcr M\u00e4nner ist ein ultraleichtes Singlet, das Sie k\u00fchl h\u00e4lt. Hergestellt aus atmungsaktivem, schnell trocknendem Stretchmaterial","breadcrumb":{"@id":"https:\/\/www.miomiorun.com\/de\/produkt\/atmosphere-singlet-2-0-herren\/#breadcrumb"},"inLanguage":"de-DE","potentialAction":[{"@type":"ReadAction","target":["https:\/\/www.miomiorun.com\/de\/produkt\/atmosphere-singlet-2-0-herren\/"]}]},{"@type":"ImageObject","inLanguage":"de-DE","@id":"https:\/\/www.miomiorun.com\/de\/produkt\/atmosphere-singlet-2-0-herren\/#primaryimage","url":"https:\/\/www.miomiorun.com\/app\/uploads\/2023\/03\/brooks-atmosphere-singlet-2.0-navy-sring-break-211445454.jpg","contentUrl":"https:\/\/www.miomiorun.com\/app\/uploads\/2023\/03\/brooks-atmosphere-singlet-2.0-navy-sring-break-211445454.jpg","width":600,"height":600,"caption":"brooks-atmosphere-singlet-2.0-navy-sring-break-211445454"},{"@type":"BreadcrumbList","@id":"https:\/\/www.miomiorun.com\/de\/produkt\/atmosphere-singlet-2-0-herren\/#breadcrumb","itemListElement":[{"@type":"ListItem","position":1,"name":"Home","item":"https:\/\/www.miomiorun.com\/de\/"},{"@type":"ListItem","position":2,"name":"Shop","item":"https:\/\/www.miomiorun.com\/shop\/"},{"@type":"ListItem","position":3,"name":"Atmosphere Singlet 2.0 herren"}]},{"@type":"WebSite","@id":"https:\/\/www.miomiorun.com\/de\/#website","url":"https:\/\/www.miomiorun.com\/de\/","name":"MioMioRun","description":"100% Lauf- und Trailshop","publisher":{"@id":"https:\/\/www.miomiorun.com\/de\/#organization"},"potentialAction":[{"@type":"SearchAction","target":{"@type":"EntryPoint","urlTemplate":"https:\/\/www.miomiorun.com\/de\/?s={search_term_string}"},"query-input":{"@type":"PropertyValueSpecification","valueRequired":true,"valueName":"search_term_string"}}],"inLanguage":"de-DE"},{"@type":"Organization","@id":"https:\/\/www.miomiorun.com\/de\/#organization","name":"MioMio Run","url":"https:\/\/www.miomiorun.com\/de\/","logo":{"@type":"ImageObject","inLanguage":"de-DE","@id":"https:\/\/www.miomiorun.com\/de\/#\/schema\/logo\/image\/","url":"https:\/\/www.miomiorun.com\/app\/uploads\/2019\/12\/logomio.png","contentUrl":"https:\/\/www.miomiorun.com\/app\/uploads\/2019\/12\/logomio.png","width":115,"height":82,"caption":"MioMio Run"},"image":{"@id":"https:\/\/www.miomiorun.com\/de\/#\/schema\/logo\/image\/"},"sameAs":["https:\/\/www.facebook.com\/miomiorun\/","https:\/\/www.instagram.com\/miomiorun\/"]}]}},"_links":{"self":[{"href":"https:\/\/www.miomiorun.com\/de\/wp-json\/wp\/v2\/product\/177174","targetHints":{"allow":["GET"]}}],"collection":[{"href":"https:\/\/www.miomiorun.com\/de\/wp-json\/wp\/v2\/product"}],"about":[{"href":"https:\/\/www.miomiorun.com\/de\/wp-json\/wp\/v2\/types\/product"}],"wp:featuredmedia":[{"embeddable":true,"href":"https:\/\/www.miomiorun.com\/de\/wp-json\/wp\/v2\/media\/110214"}],"wp:attachment":[{"href":"https:\/\/www.miomiorun.com\/de\/wp-json\/wp\/v2\/media?parent=177174"}],"wp:term":[{"taxonomy":"product_brand","embeddable":true,"href":"https:\/\/www.miomiorun.com\/de\/wp-json\/wp\/v2\/product_brand?post=177174"},{"taxonomy":"product_cat","embeddable":true,"href":"https:\/\/www.miomiorun.com\/de\/wp-json\/wp\/v2\/product_cat?post=177174"},{"taxonomy":"product_tag","embeddable":true,"href":"https:\/\/www.miomiorun.com\/de\/wp-json\/wp\/v2\/product_tag?post=177174"}],"curies":[{"name":"wp","href":"https:\/\/api.w.org\/{rel}","templated":true}]}}