{"id":177170,"date":"2023-04-06T13:26:06","date_gmt":"2023-04-06T11:26:06","guid":{"rendered":"https:\/\/miomiorun.com\/prodotto\/adv-cool-intensity-sl-uomo\/"},"modified":"2024-06-04T15:51:25","modified_gmt":"2024-06-04T13:51:25","slug":"adv-cool-intensity-sl-herren","status":"publish","type":"product","link":"https:\/\/www.miomiorun.com\/de\/produkt\/adv-cool-intensity-sl-herren\/","title":{"rendered":"ADV Cool Intensity SL herren"},"content":{"rendered":"<p>Das <strong>ADV Cool Intensity SL Tee<\/strong> f\u00fcr M\u00e4nner ist ein leichtes und erfrischendes \u00e4rmelloses Shirt, das bei hochintensivem Training unter hei\u00dfen Bedingungen ein hervorragendes K\u00f6rpertemperaturmanagement bietet.<\/p>\n<p>Das \u00e4rmellose Shirt besteht aus hochfunktionellem, recyceltem Polyester und verf\u00fcgt \u00fcber eine nahtlose Konstruktion mit einer anatomischen Passform f\u00fcr eine bessere Bel\u00fcftung an hei\u00dfen Stellen. Perfekt zum Tragen unter einem Radtrikot oder allein beim Training an hei\u00dfen Sommertagen.<\/p>\n<h2>Eigenschaften:<\/h2>\n<ul>\n<li>D\u00fcnner und leichter Stoff aus recyceltem Polyester<\/li>\n<li>Eng anliegende Struktur<\/li>\n<li>Nahtloses Design<\/li>\n<li>Enge Passform<\/li>\n<\/ul>\n<p>&nbsp;<\/p>\n<p dir=\"ltr\" data-placeholder=\"Traduzione\"><img loading=\"lazy\" decoding=\"async\" class=\"\" src=\"https:\/\/www.craftsportswear.com\/static\/media\/moisture_transport.27f437d8.svg?q=70&amp;fit=clip&amp;w=72&amp;fm=jpg&amp;auto=format\" alt=\"MoistureTransport\" width=\"119\" height=\"119\" \/><\/p>\n<p>Feuchtigkeitstransport: transportiert die Feuchtigkeit von der Haut zur Au\u00dfenseite des Kleidungsst\u00fccks und h\u00e4lt es bei intensivem Training k\u00fchl und locker.<\/p>\n<p>Material: 65% recyceltes Polyester 35% Polyester<\/p>\n<p><strong>Maschinenwaschbar bei 40 Grad im Feinwaschprogramm. Auf einem B\u00fcgel trocknen lassen.<\/strong><\/p>\n<p>&nbsp;<\/p>\n","protected":false},"excerpt":{"rendered":"<ul>\n<li>D\u00fcnner und leichter Stoff aus recyceltem Polyester<\/li>\n<li>Eng anliegende Struktur<\/li>\n<li>Nahtloses Design<\/li>\n<\/ul>\n","protected":false},"featured_media":116209,"template":"","meta":{"_acf_changed":false,"inline_featured_image":false},"product_brand":[],"product_cat":[6515,6540,6513],"product_tag":[6304,6234],"class_list":{"0":"post-177170","1":"product","2":"type-product","3":"status-publish","4":"has-post-thumbnail","6":"product_cat-herren-de","7":"product_cat-herrenbekleidung","8":"product_cat-tank-tops","9":"product_tag-craft-de","10":"product_tag-craft-herren-de","11":"pa_attivita-gehen","12":"pa_attivita-outdoor-de","13":"pa_attivita-running-de","14":"pa_attivita-trail-de","15":"pa_colore-adv-cool-intensity-sl-tee-black-de","16":"pa_colore-adv-cool-intensity-sl-tee-inkl-blue-de","17":"pa_colore-adv-cool-intensity-sl-tee-white","18":"pa_marca-craft-de","19":"pa_sesso-herren","20":"pa_size-small-de","21":"pa_size-medium-de","22":"pa_size-large-de","23":"pa_size-extra-large-de","25":"first","26":"instock","27":"sale","28":"taxable","29":"shipping-taxable","30":"purchasable","31":"product-type-variable","32":"wvs-archive-product-wrapper"},"acf":[],"yoast_head":"<!-- This site is optimized with the Yoast SEO plugin v26.8 - https:\/\/yoast.com\/product\/yoast-seo-wordpress\/ -->\n<title>Craft ADV Cool Intensity SL herren - Lauftank-Top - MioMioRun<\/title>\n<meta name=\"description\" content=\"Das ADV Cool Intensity SL Tee f\u00fcr Damen ist ein leichtes und erfrischendes \u00e4rmelloses Shirt, das ein hervorragendes Temperaturmanagement bietet\" \/>\n<meta name=\"robots\" content=\"index, follow, max-snippet:-1, max-image-preview:large, max-video-preview:-1\" \/>\n<link rel=\"canonical\" href=\"https:\/\/www.miomiorun.com\/de\/produkt\/adv-cool-intensity-sl-herren\/\" \/>\n<meta property=\"og:locale\" content=\"de_DE\" \/>\n<meta property=\"og:type\" content=\"article\" \/>\n<meta property=\"og:title\" content=\"Craft ADV Cool Intensity SL herren - Lauftank-Top - MioMioRun\" \/>\n<meta property=\"og:description\" content=\"Das ADV Cool Intensity SL Tee f\u00fcr Damen ist ein leichtes und erfrischendes \u00e4rmelloses Shirt, das ein hervorragendes Temperaturmanagement bietet\" \/>\n<meta property=\"og:url\" content=\"https:\/\/www.miomiorun.com\/de\/produkt\/adv-cool-intensity-sl-herren\/\" \/>\n<meta property=\"og:site_name\" content=\"MioMioRun\" \/>\n<meta property=\"article:publisher\" content=\"https:\/\/www.facebook.com\/miomiorun\/\" \/>\n<meta property=\"article:modified_time\" content=\"2024-06-04T13:51:25+00:00\" \/>\n<meta property=\"og:image\" content=\"https:\/\/www.miomiorun.com\/app\/uploads\/2023\/04\/craft-adv-cool-intensity-sl-tee-inkl-blue-1913202-331000.jpg\" \/>\n\t<meta property=\"og:image:width\" content=\"600\" \/>\n\t<meta property=\"og:image:height\" content=\"600\" \/>\n\t<meta property=\"og:image:type\" content=\"image\/jpeg\" \/>\n<meta name=\"twitter:card\" content=\"summary_large_image\" \/>\n<meta name=\"twitter:label1\" content=\"Est. reading time\" \/>\n\t<meta name=\"twitter:data1\" content=\"1 minute\" \/>\n<script type=\"application\/ld+json\" class=\"yoast-schema-graph\">{\"@context\":\"https:\/\/schema.org\",\"@graph\":[{\"@type\":\"WebPage\",\"@id\":\"https:\/\/www.miomiorun.com\/de\/produkt\/adv-cool-intensity-sl-herren\/\",\"url\":\"https:\/\/www.miomiorun.com\/de\/produkt\/adv-cool-intensity-sl-herren\/\",\"name\":\"Craft ADV Cool Intensity SL herren - Lauftank-Top - MioMioRun\",\"isPartOf\":{\"@id\":\"https:\/\/www.miomiorun.com\/de\/#website\"},\"primaryImageOfPage\":{\"@id\":\"https:\/\/www.miomiorun.com\/de\/produkt\/adv-cool-intensity-sl-herren\/#primaryimage\"},\"image\":{\"@id\":\"https:\/\/www.miomiorun.com\/de\/produkt\/adv-cool-intensity-sl-herren\/#primaryimage\"},\"thumbnailUrl\":\"https:\/\/www.miomiorun.com\/app\/uploads\/2023\/04\/craft-adv-cool-intensity-sl-tee-inkl-blue-1913202-331000.jpg\",\"datePublished\":\"2023-04-06T11:26:06+00:00\",\"dateModified\":\"2024-06-04T13:51:25+00:00\",\"description\":\"Das ADV Cool Intensity SL Tee f\u00fcr Damen ist ein leichtes und erfrischendes \u00e4rmelloses Shirt, das ein hervorragendes Temperaturmanagement bietet\",\"breadcrumb\":{\"@id\":\"https:\/\/www.miomiorun.com\/de\/produkt\/adv-cool-intensity-sl-herren\/#breadcrumb\"},\"inLanguage\":\"de-DE\",\"potentialAction\":[{\"@type\":\"ReadAction\",\"target\":[\"https:\/\/www.miomiorun.com\/de\/produkt\/adv-cool-intensity-sl-herren\/\"]}]},{\"@type\":\"ImageObject\",\"inLanguage\":\"de-DE\",\"@id\":\"https:\/\/www.miomiorun.com\/de\/produkt\/adv-cool-intensity-sl-herren\/#primaryimage\",\"url\":\"https:\/\/www.miomiorun.com\/app\/uploads\/2023\/04\/craft-adv-cool-intensity-sl-tee-inkl-blue-1913202-331000.jpg\",\"contentUrl\":\"https:\/\/www.miomiorun.com\/app\/uploads\/2023\/04\/craft-adv-cool-intensity-sl-tee-inkl-blue-1913202-331000.jpg\",\"width\":600,\"height\":600,\"caption\":\"craft-adv-cool-intensity-sl-tee-inkl-blue-1913202-331000\"},{\"@type\":\"BreadcrumbList\",\"@id\":\"https:\/\/www.miomiorun.com\/de\/produkt\/adv-cool-intensity-sl-herren\/#breadcrumb\",\"itemListElement\":[{\"@type\":\"ListItem\",\"position\":1,\"name\":\"Home\",\"item\":\"https:\/\/www.miomiorun.com\/de\/\"},{\"@type\":\"ListItem\",\"position\":2,\"name\":\"Shop\",\"item\":\"https:\/\/www.miomiorun.com\/shop\/\"},{\"@type\":\"ListItem\",\"position\":3,\"name\":\"ADV Cool Intensity SL herren\"}]},{\"@type\":\"WebSite\",\"@id\":\"https:\/\/www.miomiorun.com\/de\/#website\",\"url\":\"https:\/\/www.miomiorun.com\/de\/\",\"name\":\"MioMioRun\",\"description\":\"100% Lauf- und Trailshop\",\"publisher\":{\"@id\":\"https:\/\/www.miomiorun.com\/de\/#organization\"},\"potentialAction\":[{\"@type\":\"SearchAction\",\"target\":{\"@type\":\"EntryPoint\",\"urlTemplate\":\"https:\/\/www.miomiorun.com\/de\/?s={search_term_string}\"},\"query-input\":{\"@type\":\"PropertyValueSpecification\",\"valueRequired\":true,\"valueName\":\"search_term_string\"}}],\"inLanguage\":\"de-DE\"},{\"@type\":\"Organization\",\"@id\":\"https:\/\/www.miomiorun.com\/de\/#organization\",\"name\":\"MioMio Run\",\"url\":\"https:\/\/www.miomiorun.com\/de\/\",\"logo\":{\"@type\":\"ImageObject\",\"inLanguage\":\"de-DE\",\"@id\":\"https:\/\/www.miomiorun.com\/de\/#\/schema\/logo\/image\/\",\"url\":\"https:\/\/www.miomiorun.com\/app\/uploads\/2019\/12\/logomio.png\",\"contentUrl\":\"https:\/\/www.miomiorun.com\/app\/uploads\/2019\/12\/logomio.png\",\"width\":115,\"height\":82,\"caption\":\"MioMio Run\"},\"image\":{\"@id\":\"https:\/\/www.miomiorun.com\/de\/#\/schema\/logo\/image\/\"},\"sameAs\":[\"https:\/\/www.facebook.com\/miomiorun\/\",\"https:\/\/www.instagram.com\/miomiorun\/\"]}]}<\/script>\n<!-- \/ Yoast SEO plugin. -->","yoast_head_json":{"title":"Craft ADV Cool Intensity SL herren - Lauftank-Top - MioMioRun","description":"Das ADV Cool Intensity SL Tee f\u00fcr Damen ist ein leichtes und erfrischendes \u00e4rmelloses Shirt, das ein hervorragendes Temperaturmanagement bietet","robots":{"index":"index","follow":"follow","max-snippet":"max-snippet:-1","max-image-preview":"max-image-preview:large","max-video-preview":"max-video-preview:-1"},"canonical":"https:\/\/www.miomiorun.com\/de\/produkt\/adv-cool-intensity-sl-herren\/","og_locale":"de_DE","og_type":"article","og_title":"Craft ADV Cool Intensity SL herren - Lauftank-Top - MioMioRun","og_description":"Das ADV Cool Intensity SL Tee f\u00fcr Damen ist ein leichtes und erfrischendes \u00e4rmelloses Shirt, das ein hervorragendes Temperaturmanagement bietet","og_url":"https:\/\/www.miomiorun.com\/de\/produkt\/adv-cool-intensity-sl-herren\/","og_site_name":"MioMioRun","article_publisher":"https:\/\/www.facebook.com\/miomiorun\/","article_modified_time":"2024-06-04T13:51:25+00:00","og_image":[{"width":600,"height":600,"url":"https:\/\/www.miomiorun.com\/app\/uploads\/2023\/04\/craft-adv-cool-intensity-sl-tee-inkl-blue-1913202-331000.jpg","type":"image\/jpeg"}],"twitter_card":"summary_large_image","twitter_misc":{"Est. reading time":"1 minute"},"schema":{"@context":"https:\/\/schema.org","@graph":[{"@type":"WebPage","@id":"https:\/\/www.miomiorun.com\/de\/produkt\/adv-cool-intensity-sl-herren\/","url":"https:\/\/www.miomiorun.com\/de\/produkt\/adv-cool-intensity-sl-herren\/","name":"Craft ADV Cool Intensity SL herren - Lauftank-Top - MioMioRun","isPartOf":{"@id":"https:\/\/www.miomiorun.com\/de\/#website"},"primaryImageOfPage":{"@id":"https:\/\/www.miomiorun.com\/de\/produkt\/adv-cool-intensity-sl-herren\/#primaryimage"},"image":{"@id":"https:\/\/www.miomiorun.com\/de\/produkt\/adv-cool-intensity-sl-herren\/#primaryimage"},"thumbnailUrl":"https:\/\/www.miomiorun.com\/app\/uploads\/2023\/04\/craft-adv-cool-intensity-sl-tee-inkl-blue-1913202-331000.jpg","datePublished":"2023-04-06T11:26:06+00:00","dateModified":"2024-06-04T13:51:25+00:00","description":"Das ADV Cool Intensity SL Tee f\u00fcr Damen ist ein leichtes und erfrischendes \u00e4rmelloses Shirt, das ein hervorragendes Temperaturmanagement bietet","breadcrumb":{"@id":"https:\/\/www.miomiorun.com\/de\/produkt\/adv-cool-intensity-sl-herren\/#breadcrumb"},"inLanguage":"de-DE","potentialAction":[{"@type":"ReadAction","target":["https:\/\/www.miomiorun.com\/de\/produkt\/adv-cool-intensity-sl-herren\/"]}]},{"@type":"ImageObject","inLanguage":"de-DE","@id":"https:\/\/www.miomiorun.com\/de\/produkt\/adv-cool-intensity-sl-herren\/#primaryimage","url":"https:\/\/www.miomiorun.com\/app\/uploads\/2023\/04\/craft-adv-cool-intensity-sl-tee-inkl-blue-1913202-331000.jpg","contentUrl":"https:\/\/www.miomiorun.com\/app\/uploads\/2023\/04\/craft-adv-cool-intensity-sl-tee-inkl-blue-1913202-331000.jpg","width":600,"height":600,"caption":"craft-adv-cool-intensity-sl-tee-inkl-blue-1913202-331000"},{"@type":"BreadcrumbList","@id":"https:\/\/www.miomiorun.com\/de\/produkt\/adv-cool-intensity-sl-herren\/#breadcrumb","itemListElement":[{"@type":"ListItem","position":1,"name":"Home","item":"https:\/\/www.miomiorun.com\/de\/"},{"@type":"ListItem","position":2,"name":"Shop","item":"https:\/\/www.miomiorun.com\/shop\/"},{"@type":"ListItem","position":3,"name":"ADV Cool Intensity SL herren"}]},{"@type":"WebSite","@id":"https:\/\/www.miomiorun.com\/de\/#website","url":"https:\/\/www.miomiorun.com\/de\/","name":"MioMioRun","description":"100% Lauf- und Trailshop","publisher":{"@id":"https:\/\/www.miomiorun.com\/de\/#organization"},"potentialAction":[{"@type":"SearchAction","target":{"@type":"EntryPoint","urlTemplate":"https:\/\/www.miomiorun.com\/de\/?s={search_term_string}"},"query-input":{"@type":"PropertyValueSpecification","valueRequired":true,"valueName":"search_term_string"}}],"inLanguage":"de-DE"},{"@type":"Organization","@id":"https:\/\/www.miomiorun.com\/de\/#organization","name":"MioMio Run","url":"https:\/\/www.miomiorun.com\/de\/","logo":{"@type":"ImageObject","inLanguage":"de-DE","@id":"https:\/\/www.miomiorun.com\/de\/#\/schema\/logo\/image\/","url":"https:\/\/www.miomiorun.com\/app\/uploads\/2019\/12\/logomio.png","contentUrl":"https:\/\/www.miomiorun.com\/app\/uploads\/2019\/12\/logomio.png","width":115,"height":82,"caption":"MioMio Run"},"image":{"@id":"https:\/\/www.miomiorun.com\/de\/#\/schema\/logo\/image\/"},"sameAs":["https:\/\/www.facebook.com\/miomiorun\/","https:\/\/www.instagram.com\/miomiorun\/"]}]}},"_links":{"self":[{"href":"https:\/\/www.miomiorun.com\/de\/wp-json\/wp\/v2\/product\/177170","targetHints":{"allow":["GET"]}}],"collection":[{"href":"https:\/\/www.miomiorun.com\/de\/wp-json\/wp\/v2\/product"}],"about":[{"href":"https:\/\/www.miomiorun.com\/de\/wp-json\/wp\/v2\/types\/product"}],"wp:featuredmedia":[{"embeddable":true,"href":"https:\/\/www.miomiorun.com\/de\/wp-json\/wp\/v2\/media\/116209"}],"wp:attachment":[{"href":"https:\/\/www.miomiorun.com\/de\/wp-json\/wp\/v2\/media?parent=177170"}],"wp:term":[{"taxonomy":"product_brand","embeddable":true,"href":"https:\/\/www.miomiorun.com\/de\/wp-json\/wp\/v2\/product_brand?post=177170"},{"taxonomy":"product_cat","embeddable":true,"href":"https:\/\/www.miomiorun.com\/de\/wp-json\/wp\/v2\/product_cat?post=177170"},{"taxonomy":"product_tag","embeddable":true,"href":"https:\/\/www.miomiorun.com\/de\/wp-json\/wp\/v2\/product_tag?post=177170"}],"curies":[{"name":"wp","href":"https:\/\/api.w.org\/{rel}","templated":true}]}}