{"id":177164,"date":"2023-11-07T14:34:14","date_gmt":"2023-11-07T13:34:14","guid":{"rendered":"https:\/\/miomiorun.com\/prodotto\/race-blu-canottiera-uomo\/"},"modified":"2024-06-04T16:06:41","modified_gmt":"2024-06-04T14:06:41","slug":"race-blau-tank-tops-herren","status":"publish","type":"product","link":"https:\/\/www.miomiorun.com\/de\/produkt\/race-blau-tank-tops-herren\/","title":{"rendered":"Race Blau Tank-Tops herren"},"content":{"rendered":"<h3>Nichts als pure Leistung. Race Collection: um Sie \u00fcber Ihre Grenzen hinaus zu bringen. Hochtechnisches, recyceltes und in Italien hergestelltes Gewebe. 3D-Gewebestruktur f\u00fcr au\u00dfergew\u00f6hnliche Schwei\u00dfableitung. Neue ergonomische Passform.<\/h3>\n<h3 class=\"description-product\"><strong>Eigenschaften<\/strong><\/h3>\n<ul>\n<li class=\"description-product\">Die Race-Kollektion enth\u00e4lt die mit Abstand technisch raffiniertesten Produkte unserer Produktion.<\/li>\n<li class=\"description-product\">Sie sind federleicht und extrem atmungsaktiv, damit Sie bei der Verfolgung Ihrer Ziele nicht \u00fcberhitzen.<\/li>\n<li class=\"description-product\">Der neue ergonomische Schnitt zur Optimierung der Bewegungsfreiheit, die eingefassten N\u00e4hte zur Vermeidung von Reibung und das neue, zu 100 % recycelte Gewebe Made in Italy heben Ihre Rennbekleidung auf ein neues Niveau.<\/li>\n<\/ul>\n<div class=\"description-product\">\n<div>\n<div class=\"istruzioni\">\n<h3>Waschanleitung<\/h3>\n<p>Die Produkte von Wild Tee sind langlebig, die Pflege ist sehr einfach: auf links waschen, in der Waschmaschine, im Programm f\u00fcr Sportbekleidung, ohne Weichsp\u00fcler, maximal 40\u00b0C, lufttrocknen.<\/p>\n<h3>Zusammensetzung<\/h3>\n<p>93% Recyceltes Polyester 7% Recyceltes Elastan<\/p>\n<div>\n<div class=\"tab-composizione \">\n<div><\/div>\n<\/div>\n<\/div>\n<\/div>\n<\/div>\n<\/div>\n","protected":false},"excerpt":{"rendered":"<p>&#8211; D\u00fcnner und leichter Stoff aus recyceltem Polyester<br \/>\n&#8211; Eng anliegende Struktur<br \/>\n&#8211; Nahtloses Design<\/p>\n","protected":false},"featured_media":151470,"template":"","meta":{"_acf_changed":false,"inline_featured_image":false},"product_brand":[],"product_cat":[6515,6540,6513],"product_tag":[3399,6294],"class_list":{"0":"post-177164","1":"product","2":"type-product","3":"status-publish","4":"has-post-thumbnail","6":"product_cat-herren-de","7":"product_cat-herrenbekleidung","8":"product_cat-tank-tops","9":"product_tag-wild-tee-de","10":"product_tag-wild-tee-herren-de","11":"pa_attivita-gehen","12":"pa_attivita-running-de","13":"pa_attivita-trail-de","14":"pa_marca-wild-tee-de","15":"pa_sesso-herren","16":"pa_size-small-de","17":"pa_size-medium-de","18":"pa_size-large-de","19":"pa_size-extra-large-de","21":"first","22":"instock","23":"sale","24":"taxable","25":"shipping-taxable","26":"purchasable","27":"product-type-variable","28":"wvs-archive-product-wrapper"},"acf":[],"yoast_head":"<!-- This site is optimized with the Yoast SEO plugin v26.8 - https:\/\/yoast.com\/product\/yoast-seo-wordpress\/ -->\n<title>Wild Tee Race Blau Tank-Tops herren - Tank-Tops herren - MioMioRun<\/title>\n<meta name=\"description\" content=\"Die Race-Kollektion umfasst die technisch anspruchsvollsten Produkte, die wir herstellen. Sie sind federleicht und extrem atmungsaktiv.\" \/>\n<meta name=\"robots\" content=\"index, follow, max-snippet:-1, max-image-preview:large, max-video-preview:-1\" \/>\n<link rel=\"canonical\" href=\"https:\/\/www.miomiorun.com\/de\/produkt\/race-blau-tank-tops-herren\/\" \/>\n<meta property=\"og:locale\" content=\"de_DE\" \/>\n<meta property=\"og:type\" content=\"article\" \/>\n<meta property=\"og:title\" content=\"Wild Tee Race Blau Tank-Tops herren - Tank-Tops herren - MioMioRun\" \/>\n<meta property=\"og:description\" content=\"Die Race-Kollektion umfasst die technisch anspruchsvollsten Produkte, die wir herstellen. Sie sind federleicht und extrem atmungsaktiv.\" \/>\n<meta property=\"og:url\" content=\"https:\/\/www.miomiorun.com\/de\/produkt\/race-blau-tank-tops-herren\/\" \/>\n<meta property=\"og:site_name\" content=\"MioMioRun\" \/>\n<meta property=\"article:publisher\" content=\"https:\/\/www.facebook.com\/miomiorun\/\" \/>\n<meta property=\"article:modified_time\" content=\"2024-06-04T14:06:41+00:00\" \/>\n<meta property=\"og:image\" content=\"https:\/\/www.miomiorun.com\/app\/uploads\/2023\/11\/wild-tee-race-blu-canotta-uomo-WT018WT153.jpg\" \/>\n\t<meta property=\"og:image:width\" content=\"600\" \/>\n\t<meta property=\"og:image:height\" content=\"600\" \/>\n\t<meta property=\"og:image:type\" content=\"image\/jpeg\" \/>\n<meta name=\"twitter:card\" content=\"summary_large_image\" \/>\n<meta name=\"twitter:label1\" content=\"Est. reading time\" \/>\n\t<meta name=\"twitter:data1\" content=\"1 minute\" \/>\n<script type=\"application\/ld+json\" class=\"yoast-schema-graph\">{\"@context\":\"https:\/\/schema.org\",\"@graph\":[{\"@type\":\"WebPage\",\"@id\":\"https:\/\/www.miomiorun.com\/de\/produkt\/race-blau-tank-tops-herren\/\",\"url\":\"https:\/\/www.miomiorun.com\/de\/produkt\/race-blau-tank-tops-herren\/\",\"name\":\"Wild Tee Race Blau Tank-Tops herren - Tank-Tops herren - MioMioRun\",\"isPartOf\":{\"@id\":\"https:\/\/www.miomiorun.com\/de\/#website\"},\"primaryImageOfPage\":{\"@id\":\"https:\/\/www.miomiorun.com\/de\/produkt\/race-blau-tank-tops-herren\/#primaryimage\"},\"image\":{\"@id\":\"https:\/\/www.miomiorun.com\/de\/produkt\/race-blau-tank-tops-herren\/#primaryimage\"},\"thumbnailUrl\":\"https:\/\/www.miomiorun.com\/app\/uploads\/2023\/11\/wild-tee-race-blu-canotta-uomo-WT018WT153.jpg\",\"datePublished\":\"2023-11-07T13:34:14+00:00\",\"dateModified\":\"2024-06-04T14:06:41+00:00\",\"description\":\"Die Race-Kollektion umfasst die technisch anspruchsvollsten Produkte, die wir herstellen. Sie sind federleicht und extrem atmungsaktiv.\",\"breadcrumb\":{\"@id\":\"https:\/\/www.miomiorun.com\/de\/produkt\/race-blau-tank-tops-herren\/#breadcrumb\"},\"inLanguage\":\"de-DE\",\"potentialAction\":[{\"@type\":\"ReadAction\",\"target\":[\"https:\/\/www.miomiorun.com\/de\/produkt\/race-blau-tank-tops-herren\/\"]}]},{\"@type\":\"ImageObject\",\"inLanguage\":\"de-DE\",\"@id\":\"https:\/\/www.miomiorun.com\/de\/produkt\/race-blau-tank-tops-herren\/#primaryimage\",\"url\":\"https:\/\/www.miomiorun.com\/app\/uploads\/2023\/11\/wild-tee-race-blu-canotta-uomo-WT018WT153.jpg\",\"contentUrl\":\"https:\/\/www.miomiorun.com\/app\/uploads\/2023\/11\/wild-tee-race-blu-canotta-uomo-WT018WT153.jpg\",\"width\":600,\"height\":600,\"caption\":\"wild-tee-race-blu-canotta-uomo-WT018WT153\"},{\"@type\":\"BreadcrumbList\",\"@id\":\"https:\/\/www.miomiorun.com\/de\/produkt\/race-blau-tank-tops-herren\/#breadcrumb\",\"itemListElement\":[{\"@type\":\"ListItem\",\"position\":1,\"name\":\"Home\",\"item\":\"https:\/\/www.miomiorun.com\/de\/\"},{\"@type\":\"ListItem\",\"position\":2,\"name\":\"Shop\",\"item\":\"https:\/\/www.miomiorun.com\/shop\/\"},{\"@type\":\"ListItem\",\"position\":3,\"name\":\"Race Blau Tank-Tops herren\"}]},{\"@type\":\"WebSite\",\"@id\":\"https:\/\/www.miomiorun.com\/de\/#website\",\"url\":\"https:\/\/www.miomiorun.com\/de\/\",\"name\":\"MioMioRun\",\"description\":\"100% Lauf- und Trailshop\",\"publisher\":{\"@id\":\"https:\/\/www.miomiorun.com\/de\/#organization\"},\"potentialAction\":[{\"@type\":\"SearchAction\",\"target\":{\"@type\":\"EntryPoint\",\"urlTemplate\":\"https:\/\/www.miomiorun.com\/de\/?s={search_term_string}\"},\"query-input\":{\"@type\":\"PropertyValueSpecification\",\"valueRequired\":true,\"valueName\":\"search_term_string\"}}],\"inLanguage\":\"de-DE\"},{\"@type\":\"Organization\",\"@id\":\"https:\/\/www.miomiorun.com\/de\/#organization\",\"name\":\"MioMio Run\",\"url\":\"https:\/\/www.miomiorun.com\/de\/\",\"logo\":{\"@type\":\"ImageObject\",\"inLanguage\":\"de-DE\",\"@id\":\"https:\/\/www.miomiorun.com\/de\/#\/schema\/logo\/image\/\",\"url\":\"https:\/\/www.miomiorun.com\/app\/uploads\/2019\/12\/logomio.png\",\"contentUrl\":\"https:\/\/www.miomiorun.com\/app\/uploads\/2019\/12\/logomio.png\",\"width\":115,\"height\":82,\"caption\":\"MioMio Run\"},\"image\":{\"@id\":\"https:\/\/www.miomiorun.com\/de\/#\/schema\/logo\/image\/\"},\"sameAs\":[\"https:\/\/www.facebook.com\/miomiorun\/\",\"https:\/\/www.instagram.com\/miomiorun\/\"]}]}<\/script>\n<!-- \/ Yoast SEO plugin. -->","yoast_head_json":{"title":"Wild Tee Race Blau Tank-Tops herren - Tank-Tops herren - MioMioRun","description":"Die Race-Kollektion umfasst die technisch anspruchsvollsten Produkte, die wir herstellen. Sie sind federleicht und extrem atmungsaktiv.","robots":{"index":"index","follow":"follow","max-snippet":"max-snippet:-1","max-image-preview":"max-image-preview:large","max-video-preview":"max-video-preview:-1"},"canonical":"https:\/\/www.miomiorun.com\/de\/produkt\/race-blau-tank-tops-herren\/","og_locale":"de_DE","og_type":"article","og_title":"Wild Tee Race Blau Tank-Tops herren - Tank-Tops herren - MioMioRun","og_description":"Die Race-Kollektion umfasst die technisch anspruchsvollsten Produkte, die wir herstellen. Sie sind federleicht und extrem atmungsaktiv.","og_url":"https:\/\/www.miomiorun.com\/de\/produkt\/race-blau-tank-tops-herren\/","og_site_name":"MioMioRun","article_publisher":"https:\/\/www.facebook.com\/miomiorun\/","article_modified_time":"2024-06-04T14:06:41+00:00","og_image":[{"width":600,"height":600,"url":"https:\/\/www.miomiorun.com\/app\/uploads\/2023\/11\/wild-tee-race-blu-canotta-uomo-WT018WT153.jpg","type":"image\/jpeg"}],"twitter_card":"summary_large_image","twitter_misc":{"Est. reading time":"1 minute"},"schema":{"@context":"https:\/\/schema.org","@graph":[{"@type":"WebPage","@id":"https:\/\/www.miomiorun.com\/de\/produkt\/race-blau-tank-tops-herren\/","url":"https:\/\/www.miomiorun.com\/de\/produkt\/race-blau-tank-tops-herren\/","name":"Wild Tee Race Blau Tank-Tops herren - Tank-Tops herren - MioMioRun","isPartOf":{"@id":"https:\/\/www.miomiorun.com\/de\/#website"},"primaryImageOfPage":{"@id":"https:\/\/www.miomiorun.com\/de\/produkt\/race-blau-tank-tops-herren\/#primaryimage"},"image":{"@id":"https:\/\/www.miomiorun.com\/de\/produkt\/race-blau-tank-tops-herren\/#primaryimage"},"thumbnailUrl":"https:\/\/www.miomiorun.com\/app\/uploads\/2023\/11\/wild-tee-race-blu-canotta-uomo-WT018WT153.jpg","datePublished":"2023-11-07T13:34:14+00:00","dateModified":"2024-06-04T14:06:41+00:00","description":"Die Race-Kollektion umfasst die technisch anspruchsvollsten Produkte, die wir herstellen. Sie sind federleicht und extrem atmungsaktiv.","breadcrumb":{"@id":"https:\/\/www.miomiorun.com\/de\/produkt\/race-blau-tank-tops-herren\/#breadcrumb"},"inLanguage":"de-DE","potentialAction":[{"@type":"ReadAction","target":["https:\/\/www.miomiorun.com\/de\/produkt\/race-blau-tank-tops-herren\/"]}]},{"@type":"ImageObject","inLanguage":"de-DE","@id":"https:\/\/www.miomiorun.com\/de\/produkt\/race-blau-tank-tops-herren\/#primaryimage","url":"https:\/\/www.miomiorun.com\/app\/uploads\/2023\/11\/wild-tee-race-blu-canotta-uomo-WT018WT153.jpg","contentUrl":"https:\/\/www.miomiorun.com\/app\/uploads\/2023\/11\/wild-tee-race-blu-canotta-uomo-WT018WT153.jpg","width":600,"height":600,"caption":"wild-tee-race-blu-canotta-uomo-WT018WT153"},{"@type":"BreadcrumbList","@id":"https:\/\/www.miomiorun.com\/de\/produkt\/race-blau-tank-tops-herren\/#breadcrumb","itemListElement":[{"@type":"ListItem","position":1,"name":"Home","item":"https:\/\/www.miomiorun.com\/de\/"},{"@type":"ListItem","position":2,"name":"Shop","item":"https:\/\/www.miomiorun.com\/shop\/"},{"@type":"ListItem","position":3,"name":"Race Blau Tank-Tops herren"}]},{"@type":"WebSite","@id":"https:\/\/www.miomiorun.com\/de\/#website","url":"https:\/\/www.miomiorun.com\/de\/","name":"MioMioRun","description":"100% Lauf- und Trailshop","publisher":{"@id":"https:\/\/www.miomiorun.com\/de\/#organization"},"potentialAction":[{"@type":"SearchAction","target":{"@type":"EntryPoint","urlTemplate":"https:\/\/www.miomiorun.com\/de\/?s={search_term_string}"},"query-input":{"@type":"PropertyValueSpecification","valueRequired":true,"valueName":"search_term_string"}}],"inLanguage":"de-DE"},{"@type":"Organization","@id":"https:\/\/www.miomiorun.com\/de\/#organization","name":"MioMio Run","url":"https:\/\/www.miomiorun.com\/de\/","logo":{"@type":"ImageObject","inLanguage":"de-DE","@id":"https:\/\/www.miomiorun.com\/de\/#\/schema\/logo\/image\/","url":"https:\/\/www.miomiorun.com\/app\/uploads\/2019\/12\/logomio.png","contentUrl":"https:\/\/www.miomiorun.com\/app\/uploads\/2019\/12\/logomio.png","width":115,"height":82,"caption":"MioMio Run"},"image":{"@id":"https:\/\/www.miomiorun.com\/de\/#\/schema\/logo\/image\/"},"sameAs":["https:\/\/www.facebook.com\/miomiorun\/","https:\/\/www.instagram.com\/miomiorun\/"]}]}},"_links":{"self":[{"href":"https:\/\/www.miomiorun.com\/de\/wp-json\/wp\/v2\/product\/177164","targetHints":{"allow":["GET"]}}],"collection":[{"href":"https:\/\/www.miomiorun.com\/de\/wp-json\/wp\/v2\/product"}],"about":[{"href":"https:\/\/www.miomiorun.com\/de\/wp-json\/wp\/v2\/types\/product"}],"wp:featuredmedia":[{"embeddable":true,"href":"https:\/\/www.miomiorun.com\/de\/wp-json\/wp\/v2\/media\/151470"}],"wp:attachment":[{"href":"https:\/\/www.miomiorun.com\/de\/wp-json\/wp\/v2\/media?parent=177164"}],"wp:term":[{"taxonomy":"product_brand","embeddable":true,"href":"https:\/\/www.miomiorun.com\/de\/wp-json\/wp\/v2\/product_brand?post=177164"},{"taxonomy":"product_cat","embeddable":true,"href":"https:\/\/www.miomiorun.com\/de\/wp-json\/wp\/v2\/product_cat?post=177164"},{"taxonomy":"product_tag","embeddable":true,"href":"https:\/\/www.miomiorun.com\/de\/wp-json\/wp\/v2\/product_tag?post=177164"}],"curies":[{"name":"wp","href":"https:\/\/api.w.org\/{rel}","templated":true}]}}