{"id":177162,"date":"2024-03-07T13:16:02","date_gmt":"2024-03-07T12:16:02","guid":{"rendered":"https:\/\/miomiorun.com\/prodotto\/pacer-tank-uomo\/"},"modified":"2024-06-04T16:13:10","modified_gmt":"2024-06-04T14:13:10","slug":"pacer-tank-herren","status":"publish","type":"product","link":"https:\/\/www.miomiorun.com\/de\/produkt\/pacer-tank-herren\/","title":{"rendered":"Pacer Tank herren"},"content":{"rendered":"<p>Mach dir keine Sorgen, ob du bei l\u00e4ngeren Trainingseinheiten und Mittelstreckenl\u00e4ufen das Tempo halten kannst. Das <strong>Pacer Tank<\/strong> f\u00fcr M\u00e4nner ist leicht, liegt weich auf der Haut und das neue Design ist dynamisch und frisch.<\/p>\n<h2>Behandelt mit Polygiene\u00ae f\u00fcr l\u00e4ngeres Tragen und weniger Waschen.<\/h2>\n<p>&nbsp;<\/p>\n<h2>Technologien<\/h2>\n<div class=\"data item content\" role=\"tabpanel\" aria-labelledby=\"tab-label-techinfo\" data-role=\"content\" aria-hidden=\"false\">\n<div class=\"techinfo-container\">\n<div class=\"techinfo-icons\">\n<div class=\"techinfo-icon\"><a> <img decoding=\"async\" src=\"https:\/\/www.lasportiva.com\/media\/techinfo_icons\/polygiene.png\" alt=\"La Sportiva\" \/>\u00a0 <\/a><\/div>\n<div class=\"techinfo-icon\">Die antibakterielle und geruchshemmende <strong>Polygiene\u00ae-Technologie<\/strong> ist eine dauerhafte, wirksame und nachhaltige Behandlung, die Silbersalze verwendet, um die Bildung von geruchsverursachenden Bakterien zu verhindern. Das Ergebnis? Sie k\u00f6nnen Ihre Kleidungsst\u00fccke l\u00e4nger tragen, ohne sie zu waschen.<\/div>\n<div><\/div>\n<div class=\"techinfo-icon\"><\/div>\n<div class=\"techinfo-icon\"><a><img decoding=\"async\" src=\"https:\/\/www.lasportiva.com\/media\/techinfo_icons\/leggerezza.png\" alt=\"La Sportiva\" \/><\/a><\/div>\n<div class=\"techinfo-icon\"><strong>Leichtigkeit:<\/strong> Produkte, die das Gewicht auf ein Minimum reduzieren<\/div>\n<div class=\"techinfo-icon\"><\/div>\n<div class=\"techinfo-icon\"><\/div>\n<div class=\"techinfo-icon\"><a><img decoding=\"async\" src=\"https:\/\/www.lasportiva.com\/media\/techinfo_icons\/traspirabilita.png\" alt=\"La Sportiva\" \/><\/a><\/div>\n<div><strong>Atmungsaktivit\u00e4t:<\/strong> Hochgradig atmungsaktive Produkte f\u00fcr optimalen Klimakomfort.<\/div>\n<div><\/div>\n<div><\/div>\n<div><img decoding=\"async\" src=\"https:\/\/www.lasportiva.com\/media\/RECYCLEDfabric_Icone_75x75_1.png\" \/><\/div>\n<div>\n<p>La Sportiva stellt seit 1928 am Fu\u00dfe der Dolomiten Produkte f\u00fcr die Berge her: daher ist die Aufmerksamkeit f\u00fcr jedes Detail, das einen Unterschied f\u00fcr die Umwelt machen kann, maximal. Die Logos RECYCLED FABRIC &amp; INSULATIONS kennzeichnen umweltvertr\u00e4gliche Produkte, die dank ihrer Produktions- und Konstruktionsweise Materialien verwenden, die aus der Wiederverwendung von Kunststoffen stammen, und die es dem Verbraucher erm\u00f6glichen, einen umweltbewussten und respektvollen Kauf zu t\u00e4tigen.<\/p>\n<\/div>\n<\/div>\n<div class=\"techinfo-description\">\n<p><strong>Merkmale:<\/strong><\/p>\n<ul>\n<li>Geruchshemmende und antibakterielle Behandlung<\/li>\n<\/ul>\n<p>Material: Hauptmaterial: KSL06 100% recyceltes Polyester<br \/>\nGewicht: 46<br \/>\nPassform: REGULAR<\/p>\n<\/div>\n<\/div>\n<\/div>\n","protected":false},"excerpt":{"rendered":"<ul>\n<li>Ideales Tank-Top f\u00fcr Ihre Bergl\u00e4ufe<\/li>\n<li>Atmungsaktiv, leicht und geruchshemmend<\/li>\n<\/ul>\n","protected":false},"featured_media":163713,"template":"","meta":{"_acf_changed":false,"inline_featured_image":false},"product_brand":[],"product_cat":[6515,6540,6513],"product_tag":[6248,6218],"class_list":{"0":"post-177162","1":"product","2":"type-product","3":"status-publish","4":"has-post-thumbnail","6":"product_cat-herren-de","7":"product_cat-herrenbekleidung","8":"product_cat-tank-tops","9":"product_tag-la-sportiva-de","10":"product_tag-la-sportiva-herren-de","11":"pa_attivita-gehen","12":"pa_attivita-trail-de","13":"pa_colore-pacer-tank-m-deep-sea-tropic-blue-de","14":"pa_marca-la-sportiva-de","15":"pa_sesso-herren","16":"pa_size-extra-large-de","18":"first","19":"instock","20":"sale","21":"taxable","22":"shipping-taxable","23":"purchasable","24":"product-type-variable","25":"wvs-archive-product-wrapper"},"acf":[],"yoast_head":"<!-- This site is optimized with the Yoast SEO plugin v26.8 - https:\/\/yoast.com\/product\/yoast-seo-wordpress\/ -->\n<title>La Sportiva Pacer Tank herren -Tank-Tops herren - MioMioRun<\/title>\n<meta name=\"description\" content=\"Machen Sie sich keine Sorgen, das Tempo bei l\u00e4ngeren Trainingseinheiten und Mittelstreckenl\u00e4ufen zu halten. Das Pacer Tank f\u00fcr M\u00e4nner ist leicht und weich.\" \/>\n<meta name=\"robots\" content=\"index, follow, max-snippet:-1, max-image-preview:large, max-video-preview:-1\" \/>\n<link rel=\"canonical\" href=\"https:\/\/www.miomiorun.com\/de\/produkt\/pacer-tank-herren\/\" \/>\n<meta property=\"og:locale\" content=\"de_DE\" \/>\n<meta property=\"og:type\" content=\"article\" \/>\n<meta property=\"og:title\" content=\"La Sportiva Pacer Tank herren -Tank-Tops herren - MioMioRun\" \/>\n<meta property=\"og:description\" content=\"Machen Sie sich keine Sorgen, das Tempo bei l\u00e4ngeren Trainingseinheiten und Mittelstreckenl\u00e4ufen zu halten. Das Pacer Tank f\u00fcr M\u00e4nner ist leicht und weich.\" \/>\n<meta property=\"og:url\" content=\"https:\/\/www.miomiorun.com\/de\/produkt\/pacer-tank-herren\/\" \/>\n<meta property=\"og:site_name\" content=\"MioMioRun\" \/>\n<meta property=\"article:publisher\" content=\"https:\/\/www.facebook.com\/miomiorun\/\" \/>\n<meta property=\"article:modified_time\" content=\"2024-06-04T14:13:10+00:00\" \/>\n<meta property=\"og:image\" content=\"https:\/\/www.miomiorun.com\/app\/uploads\/2024\/04\/La-sportiva-Pacer-tank-M-bamboo-cherry-tomato-P72735322.webp\" \/>\n\t<meta property=\"og:image:width\" content=\"600\" \/>\n\t<meta property=\"og:image:height\" content=\"600\" \/>\n\t<meta property=\"og:image:type\" content=\"image\/webp\" \/>\n<meta name=\"twitter:card\" content=\"summary_large_image\" \/>\n<meta name=\"twitter:label1\" content=\"Est. reading time\" \/>\n\t<meta name=\"twitter:data1\" content=\"1 minute\" \/>\n<script type=\"application\/ld+json\" class=\"yoast-schema-graph\">{\"@context\":\"https:\/\/schema.org\",\"@graph\":[{\"@type\":\"WebPage\",\"@id\":\"https:\/\/www.miomiorun.com\/de\/produkt\/pacer-tank-herren\/\",\"url\":\"https:\/\/www.miomiorun.com\/de\/produkt\/pacer-tank-herren\/\",\"name\":\"La Sportiva Pacer Tank herren -Tank-Tops herren - MioMioRun\",\"isPartOf\":{\"@id\":\"https:\/\/www.miomiorun.com\/de\/#website\"},\"primaryImageOfPage\":{\"@id\":\"https:\/\/www.miomiorun.com\/de\/produkt\/pacer-tank-herren\/#primaryimage\"},\"image\":{\"@id\":\"https:\/\/www.miomiorun.com\/de\/produkt\/pacer-tank-herren\/#primaryimage\"},\"thumbnailUrl\":\"https:\/\/www.miomiorun.com\/app\/uploads\/2024\/04\/La-sportiva-Pacer-tank-M-bamboo-cherry-tomato-P72735322.webp\",\"datePublished\":\"2024-03-07T12:16:02+00:00\",\"dateModified\":\"2024-06-04T14:13:10+00:00\",\"description\":\"Machen Sie sich keine Sorgen, das Tempo bei l\u00e4ngeren Trainingseinheiten und Mittelstreckenl\u00e4ufen zu halten. Das Pacer Tank f\u00fcr M\u00e4nner ist leicht und weich.\",\"breadcrumb\":{\"@id\":\"https:\/\/www.miomiorun.com\/de\/produkt\/pacer-tank-herren\/#breadcrumb\"},\"inLanguage\":\"de-DE\",\"potentialAction\":[{\"@type\":\"ReadAction\",\"target\":[\"https:\/\/www.miomiorun.com\/de\/produkt\/pacer-tank-herren\/\"]}]},{\"@type\":\"ImageObject\",\"inLanguage\":\"de-DE\",\"@id\":\"https:\/\/www.miomiorun.com\/de\/produkt\/pacer-tank-herren\/#primaryimage\",\"url\":\"https:\/\/www.miomiorun.com\/app\/uploads\/2024\/04\/La-sportiva-Pacer-tank-M-bamboo-cherry-tomato-P72735322.webp\",\"contentUrl\":\"https:\/\/www.miomiorun.com\/app\/uploads\/2024\/04\/La-sportiva-Pacer-tank-M-bamboo-cherry-tomato-P72735322.webp\",\"width\":600,\"height\":600,\"caption\":\"La sportiva Pacer tank M bamboo cherry tomato P72735322\"},{\"@type\":\"BreadcrumbList\",\"@id\":\"https:\/\/www.miomiorun.com\/de\/produkt\/pacer-tank-herren\/#breadcrumb\",\"itemListElement\":[{\"@type\":\"ListItem\",\"position\":1,\"name\":\"Home\",\"item\":\"https:\/\/www.miomiorun.com\/de\/\"},{\"@type\":\"ListItem\",\"position\":2,\"name\":\"Shop\",\"item\":\"https:\/\/www.miomiorun.com\/shop\/\"},{\"@type\":\"ListItem\",\"position\":3,\"name\":\"Pacer Tank herren\"}]},{\"@type\":\"WebSite\",\"@id\":\"https:\/\/www.miomiorun.com\/de\/#website\",\"url\":\"https:\/\/www.miomiorun.com\/de\/\",\"name\":\"MioMioRun\",\"description\":\"100% Lauf- und Trailshop\",\"publisher\":{\"@id\":\"https:\/\/www.miomiorun.com\/de\/#organization\"},\"potentialAction\":[{\"@type\":\"SearchAction\",\"target\":{\"@type\":\"EntryPoint\",\"urlTemplate\":\"https:\/\/www.miomiorun.com\/de\/?s={search_term_string}\"},\"query-input\":{\"@type\":\"PropertyValueSpecification\",\"valueRequired\":true,\"valueName\":\"search_term_string\"}}],\"inLanguage\":\"de-DE\"},{\"@type\":\"Organization\",\"@id\":\"https:\/\/www.miomiorun.com\/de\/#organization\",\"name\":\"MioMio Run\",\"url\":\"https:\/\/www.miomiorun.com\/de\/\",\"logo\":{\"@type\":\"ImageObject\",\"inLanguage\":\"de-DE\",\"@id\":\"https:\/\/www.miomiorun.com\/de\/#\/schema\/logo\/image\/\",\"url\":\"https:\/\/www.miomiorun.com\/app\/uploads\/2019\/12\/logomio.png\",\"contentUrl\":\"https:\/\/www.miomiorun.com\/app\/uploads\/2019\/12\/logomio.png\",\"width\":115,\"height\":82,\"caption\":\"MioMio Run\"},\"image\":{\"@id\":\"https:\/\/www.miomiorun.com\/de\/#\/schema\/logo\/image\/\"},\"sameAs\":[\"https:\/\/www.facebook.com\/miomiorun\/\",\"https:\/\/www.instagram.com\/miomiorun\/\"]}]}<\/script>\n<!-- \/ Yoast SEO plugin. -->","yoast_head_json":{"title":"La Sportiva Pacer Tank herren -Tank-Tops herren - MioMioRun","description":"Machen Sie sich keine Sorgen, das Tempo bei l\u00e4ngeren Trainingseinheiten und Mittelstreckenl\u00e4ufen zu halten. Das Pacer Tank f\u00fcr M\u00e4nner ist leicht und weich.","robots":{"index":"index","follow":"follow","max-snippet":"max-snippet:-1","max-image-preview":"max-image-preview:large","max-video-preview":"max-video-preview:-1"},"canonical":"https:\/\/www.miomiorun.com\/de\/produkt\/pacer-tank-herren\/","og_locale":"de_DE","og_type":"article","og_title":"La Sportiva Pacer Tank herren -Tank-Tops herren - MioMioRun","og_description":"Machen Sie sich keine Sorgen, das Tempo bei l\u00e4ngeren Trainingseinheiten und Mittelstreckenl\u00e4ufen zu halten. Das Pacer Tank f\u00fcr M\u00e4nner ist leicht und weich.","og_url":"https:\/\/www.miomiorun.com\/de\/produkt\/pacer-tank-herren\/","og_site_name":"MioMioRun","article_publisher":"https:\/\/www.facebook.com\/miomiorun\/","article_modified_time":"2024-06-04T14:13:10+00:00","og_image":[{"width":600,"height":600,"url":"https:\/\/www.miomiorun.com\/app\/uploads\/2024\/04\/La-sportiva-Pacer-tank-M-bamboo-cherry-tomato-P72735322.webp","type":"image\/webp"}],"twitter_card":"summary_large_image","twitter_misc":{"Est. reading time":"1 minute"},"schema":{"@context":"https:\/\/schema.org","@graph":[{"@type":"WebPage","@id":"https:\/\/www.miomiorun.com\/de\/produkt\/pacer-tank-herren\/","url":"https:\/\/www.miomiorun.com\/de\/produkt\/pacer-tank-herren\/","name":"La Sportiva Pacer Tank herren -Tank-Tops herren - MioMioRun","isPartOf":{"@id":"https:\/\/www.miomiorun.com\/de\/#website"},"primaryImageOfPage":{"@id":"https:\/\/www.miomiorun.com\/de\/produkt\/pacer-tank-herren\/#primaryimage"},"image":{"@id":"https:\/\/www.miomiorun.com\/de\/produkt\/pacer-tank-herren\/#primaryimage"},"thumbnailUrl":"https:\/\/www.miomiorun.com\/app\/uploads\/2024\/04\/La-sportiva-Pacer-tank-M-bamboo-cherry-tomato-P72735322.webp","datePublished":"2024-03-07T12:16:02+00:00","dateModified":"2024-06-04T14:13:10+00:00","description":"Machen Sie sich keine Sorgen, das Tempo bei l\u00e4ngeren Trainingseinheiten und Mittelstreckenl\u00e4ufen zu halten. Das Pacer Tank f\u00fcr M\u00e4nner ist leicht und weich.","breadcrumb":{"@id":"https:\/\/www.miomiorun.com\/de\/produkt\/pacer-tank-herren\/#breadcrumb"},"inLanguage":"de-DE","potentialAction":[{"@type":"ReadAction","target":["https:\/\/www.miomiorun.com\/de\/produkt\/pacer-tank-herren\/"]}]},{"@type":"ImageObject","inLanguage":"de-DE","@id":"https:\/\/www.miomiorun.com\/de\/produkt\/pacer-tank-herren\/#primaryimage","url":"https:\/\/www.miomiorun.com\/app\/uploads\/2024\/04\/La-sportiva-Pacer-tank-M-bamboo-cherry-tomato-P72735322.webp","contentUrl":"https:\/\/www.miomiorun.com\/app\/uploads\/2024\/04\/La-sportiva-Pacer-tank-M-bamboo-cherry-tomato-P72735322.webp","width":600,"height":600,"caption":"La sportiva Pacer tank M bamboo cherry tomato P72735322"},{"@type":"BreadcrumbList","@id":"https:\/\/www.miomiorun.com\/de\/produkt\/pacer-tank-herren\/#breadcrumb","itemListElement":[{"@type":"ListItem","position":1,"name":"Home","item":"https:\/\/www.miomiorun.com\/de\/"},{"@type":"ListItem","position":2,"name":"Shop","item":"https:\/\/www.miomiorun.com\/shop\/"},{"@type":"ListItem","position":3,"name":"Pacer Tank herren"}]},{"@type":"WebSite","@id":"https:\/\/www.miomiorun.com\/de\/#website","url":"https:\/\/www.miomiorun.com\/de\/","name":"MioMioRun","description":"100% Lauf- und Trailshop","publisher":{"@id":"https:\/\/www.miomiorun.com\/de\/#organization"},"potentialAction":[{"@type":"SearchAction","target":{"@type":"EntryPoint","urlTemplate":"https:\/\/www.miomiorun.com\/de\/?s={search_term_string}"},"query-input":{"@type":"PropertyValueSpecification","valueRequired":true,"valueName":"search_term_string"}}],"inLanguage":"de-DE"},{"@type":"Organization","@id":"https:\/\/www.miomiorun.com\/de\/#organization","name":"MioMio Run","url":"https:\/\/www.miomiorun.com\/de\/","logo":{"@type":"ImageObject","inLanguage":"de-DE","@id":"https:\/\/www.miomiorun.com\/de\/#\/schema\/logo\/image\/","url":"https:\/\/www.miomiorun.com\/app\/uploads\/2019\/12\/logomio.png","contentUrl":"https:\/\/www.miomiorun.com\/app\/uploads\/2019\/12\/logomio.png","width":115,"height":82,"caption":"MioMio Run"},"image":{"@id":"https:\/\/www.miomiorun.com\/de\/#\/schema\/logo\/image\/"},"sameAs":["https:\/\/www.facebook.com\/miomiorun\/","https:\/\/www.instagram.com\/miomiorun\/"]}]}},"_links":{"self":[{"href":"https:\/\/www.miomiorun.com\/de\/wp-json\/wp\/v2\/product\/177162","targetHints":{"allow":["GET"]}}],"collection":[{"href":"https:\/\/www.miomiorun.com\/de\/wp-json\/wp\/v2\/product"}],"about":[{"href":"https:\/\/www.miomiorun.com\/de\/wp-json\/wp\/v2\/types\/product"}],"wp:featuredmedia":[{"embeddable":true,"href":"https:\/\/www.miomiorun.com\/de\/wp-json\/wp\/v2\/media\/163713"}],"wp:attachment":[{"href":"https:\/\/www.miomiorun.com\/de\/wp-json\/wp\/v2\/media?parent=177162"}],"wp:term":[{"taxonomy":"product_brand","embeddable":true,"href":"https:\/\/www.miomiorun.com\/de\/wp-json\/wp\/v2\/product_brand?post=177162"},{"taxonomy":"product_cat","embeddable":true,"href":"https:\/\/www.miomiorun.com\/de\/wp-json\/wp\/v2\/product_cat?post=177162"},{"taxonomy":"product_tag","embeddable":true,"href":"https:\/\/www.miomiorun.com\/de\/wp-json\/wp\/v2\/product_tag?post=177162"}],"curies":[{"name":"wp","href":"https:\/\/api.w.org\/{rel}","templated":true}]}}