{"id":177152,"date":"2020-03-18T15:30:49","date_gmt":"2020-03-18T14:30:49","guid":{"rendered":"https:\/\/miomiorun.com\/prodotto\/brooks-canopy-jacket-uomo\/"},"modified":"2026-03-24T09:15:43","modified_gmt":"2026-03-24T08:15:43","slug":"canopy-jacket-herren","status":"publish","type":"product","link":"https:\/\/www.miomiorun.com\/de\/produkt\/canopy-jacket-herren\/","title":{"rendered":"Canopy Jacket herren"},"content":{"rendered":"<p>Begr\u00fc\u00dfen Sie schlechtes Wetter mit dieser erfolgreichen Herren-Laufjacke. Das DriLayer\u00ae-Gewebe widersteht Wind und Regen und kann zum einfachen Tragen in einer Tasche mit Rei\u00dfverschluss zusammengefaltet werden.<\/p>\n<p><strong>EIGENSCHAFTEN<\/strong><br \/>\nPassform: Entspannt<\/p>\n<p><strong>Stoff<\/strong>: DriLayer Seal 100 % Ripstop-Polyester<\/p>\n<p>UPF: 30<\/p>\n<p>&nbsp;<\/p>\n<div>\n<div class=\"m-feature__description m-feature__description col-lg-6 col-md-3 col-sm-2 show\">\n<div class=\"vertical__wrap\">\n<p><strong>Widersteht Wind und Regen<\/strong><\/p>\n<p>Bei pl\u00f6tzlichem Regen bedecken Sie sich mit dem atmungsaktiven und witterungsbest\u00e4ndigen DriLayer\u00ae Seal-Gewebe. Die reflektierenden Elemente vorne und hinten sorgen daf\u00fcr, dass Sie auch bei schlechten Lichtverh\u00e4ltnissen sichtbar sind.<\/p>\n<p>Atmungsaktiv<\/p>\n<p>Sie k\u00f6nnen rennen, aber Sie k\u00f6nnen sich nicht vor dem Wetter verstecken. Sie k\u00f6nnen jedoch eine atmungsaktive Jacke verwenden, die Sie trocken und warm h\u00e4lt, indem sie Schwei\u00df entgegenwirkt.<\/p>\n<p><strong>Faltbar und tragbar<\/strong><\/p>\n<p>Diese wetterbest\u00e4ndige Laufjacke ist so konzipiert, dass sie den Elementen unschlagbar standh\u00e4lt. Sie l\u00e4sst sich problemlos in einer Brusttasche mit Rei\u00dfverschluss verstauen, die \u00fcber ein tragbares Gummiband f\u00fcr eine schnelle und einfache Aufbewahrung verf\u00fcgt.<\/p>\n<\/div>\n<\/div>\n<p>&nbsp;<\/p>\n<\/div>\n","protected":false},"excerpt":{"rendered":"<p><span style=\"font-weight: 400;\">Begr\u00fc\u00dfen Sie schlechtes Wetter mit dieser erfolgreichen Herren-Laufjacke. Das DriLayer\u00ae-Gewebe widersteht Wind und Regen und kann zum einfachen Tragen in einer Tasche mit Rei\u00dfverschluss zusammengefaltet werden.<\/span><\/p>\n","protected":false},"featured_media":161464,"template":"","meta":{"_acf_changed":false,"inline_featured_image":false},"product_brand":[],"product_cat":[6515,6540,6512],"product_tag":[3362,6207],"class_list":{"0":"post-177152","1":"product","2":"type-product","3":"status-publish","4":"has-post-thumbnail","6":"product_cat-herren-de","7":"product_cat-herrenbekleidung","8":"product_cat-jacken","9":"product_tag-brooks-de","10":"product_tag-brooks-herren-de","11":"pa_attivita-gehen","12":"pa_attivita-running-de","13":"pa_colore-canopy-jacket-neo-green-de","14":"pa_marca-brooks-de","15":"pa_sesso-herren","16":"pa_size-medium-de","18":"first","19":"outofstock","20":"taxable","21":"shipping-taxable","22":"product-type-variable","23":"wvs-archive-product-wrapper"},"acf":[],"yoast_head":"<!-- This site is optimized with the Yoast SEO plugin v26.8 - https:\/\/yoast.com\/product\/yoast-seo-wordpress\/ -->\n<title>Brooks Canopy Jacket herren - Laufjacke - MioMioRun.com<\/title>\n<meta name=\"description\" content=\"Begr\u00fc\u00dfen Sie schlechtes Wetter mit dieser Herren-Laufjacke. DriLayer\u00ae-Gewebe widersteht Wind und Regen und kann in eine Tasche gefaltet werden.\" \/>\n<meta name=\"robots\" content=\"index, follow, max-snippet:-1, max-image-preview:large, max-video-preview:-1\" \/>\n<link rel=\"canonical\" href=\"https:\/\/www.miomiorun.com\/de\/produkt\/canopy-jacket-herren\/\" \/>\n<meta property=\"og:locale\" content=\"de_DE\" \/>\n<meta property=\"og:type\" content=\"article\" \/>\n<meta property=\"og:title\" content=\"Brooks Canopy Jacket herren - Laufjacke - MioMioRun.com\" \/>\n<meta property=\"og:description\" content=\"Begr\u00fc\u00dfen Sie schlechtes Wetter mit dieser Herren-Laufjacke. DriLayer\u00ae-Gewebe widersteht Wind und Regen und kann in eine Tasche gefaltet werden.\" \/>\n<meta property=\"og:url\" content=\"https:\/\/www.miomiorun.com\/de\/produkt\/canopy-jacket-herren\/\" \/>\n<meta property=\"og:site_name\" content=\"MioMioRun\" \/>\n<meta property=\"article:publisher\" content=\"https:\/\/www.facebook.com\/miomiorun\/\" \/>\n<meta property=\"article:modified_time\" content=\"2026-03-24T08:15:43+00:00\" \/>\n<meta property=\"og:image\" content=\"https:\/\/www.miomiorun.com\/app\/uploads\/2024\/03\/Brooks-canopy-jacket-surge-211385046.jpg\" \/>\n\t<meta property=\"og:image:width\" content=\"600\" \/>\n\t<meta property=\"og:image:height\" content=\"600\" \/>\n\t<meta property=\"og:image:type\" content=\"image\/jpeg\" \/>\n<meta name=\"twitter:card\" content=\"summary_large_image\" \/>\n<meta name=\"twitter:label1\" content=\"Est. reading time\" \/>\n\t<meta name=\"twitter:data1\" content=\"1 minute\" \/>\n<script type=\"application\/ld+json\" class=\"yoast-schema-graph\">{\"@context\":\"https:\/\/schema.org\",\"@graph\":[{\"@type\":\"WebPage\",\"@id\":\"https:\/\/www.miomiorun.com\/de\/produkt\/canopy-jacket-herren\/\",\"url\":\"https:\/\/www.miomiorun.com\/de\/produkt\/canopy-jacket-herren\/\",\"name\":\"Brooks Canopy Jacket herren - Laufjacke - MioMioRun.com\",\"isPartOf\":{\"@id\":\"https:\/\/www.miomiorun.com\/de\/#website\"},\"primaryImageOfPage\":{\"@id\":\"https:\/\/www.miomiorun.com\/de\/produkt\/canopy-jacket-herren\/#primaryimage\"},\"image\":{\"@id\":\"https:\/\/www.miomiorun.com\/de\/produkt\/canopy-jacket-herren\/#primaryimage\"},\"thumbnailUrl\":\"https:\/\/www.miomiorun.com\/app\/uploads\/2024\/03\/Brooks-canopy-jacket-surge-211385046.jpg\",\"datePublished\":\"2020-03-18T14:30:49+00:00\",\"dateModified\":\"2026-03-24T08:15:43+00:00\",\"description\":\"Begr\u00fc\u00dfen Sie schlechtes Wetter mit dieser Herren-Laufjacke. DriLayer\u00ae-Gewebe widersteht Wind und Regen und kann in eine Tasche gefaltet werden.\",\"breadcrumb\":{\"@id\":\"https:\/\/www.miomiorun.com\/de\/produkt\/canopy-jacket-herren\/#breadcrumb\"},\"inLanguage\":\"de-DE\",\"potentialAction\":[{\"@type\":\"ReadAction\",\"target\":[\"https:\/\/www.miomiorun.com\/de\/produkt\/canopy-jacket-herren\/\"]}]},{\"@type\":\"ImageObject\",\"inLanguage\":\"de-DE\",\"@id\":\"https:\/\/www.miomiorun.com\/de\/produkt\/canopy-jacket-herren\/#primaryimage\",\"url\":\"https:\/\/www.miomiorun.com\/app\/uploads\/2024\/03\/Brooks-canopy-jacket-surge-211385046.jpg\",\"contentUrl\":\"https:\/\/www.miomiorun.com\/app\/uploads\/2024\/03\/Brooks-canopy-jacket-surge-211385046.jpg\",\"width\":600,\"height\":600,\"caption\":\"Brooks-canopy-jacket-surge-211385046\"},{\"@type\":\"BreadcrumbList\",\"@id\":\"https:\/\/www.miomiorun.com\/de\/produkt\/canopy-jacket-herren\/#breadcrumb\",\"itemListElement\":[{\"@type\":\"ListItem\",\"position\":1,\"name\":\"Home\",\"item\":\"https:\/\/www.miomiorun.com\/de\/\"},{\"@type\":\"ListItem\",\"position\":2,\"name\":\"Shop\",\"item\":\"https:\/\/www.miomiorun.com\/shop\/\"},{\"@type\":\"ListItem\",\"position\":3,\"name\":\"Canopy Jacket herren\"}]},{\"@type\":\"WebSite\",\"@id\":\"https:\/\/www.miomiorun.com\/de\/#website\",\"url\":\"https:\/\/www.miomiorun.com\/de\/\",\"name\":\"MioMioRun\",\"description\":\"100% Lauf- und Trailshop\",\"publisher\":{\"@id\":\"https:\/\/www.miomiorun.com\/de\/#organization\"},\"potentialAction\":[{\"@type\":\"SearchAction\",\"target\":{\"@type\":\"EntryPoint\",\"urlTemplate\":\"https:\/\/www.miomiorun.com\/de\/?s={search_term_string}\"},\"query-input\":{\"@type\":\"PropertyValueSpecification\",\"valueRequired\":true,\"valueName\":\"search_term_string\"}}],\"inLanguage\":\"de-DE\"},{\"@type\":\"Organization\",\"@id\":\"https:\/\/www.miomiorun.com\/de\/#organization\",\"name\":\"MioMio Run\",\"url\":\"https:\/\/www.miomiorun.com\/de\/\",\"logo\":{\"@type\":\"ImageObject\",\"inLanguage\":\"de-DE\",\"@id\":\"https:\/\/www.miomiorun.com\/de\/#\/schema\/logo\/image\/\",\"url\":\"https:\/\/www.miomiorun.com\/app\/uploads\/2019\/12\/logomio.png\",\"contentUrl\":\"https:\/\/www.miomiorun.com\/app\/uploads\/2019\/12\/logomio.png\",\"width\":115,\"height\":82,\"caption\":\"MioMio Run\"},\"image\":{\"@id\":\"https:\/\/www.miomiorun.com\/de\/#\/schema\/logo\/image\/\"},\"sameAs\":[\"https:\/\/www.facebook.com\/miomiorun\/\",\"https:\/\/www.instagram.com\/miomiorun\/\"]}]}<\/script>\n<!-- \/ Yoast SEO plugin. -->","yoast_head_json":{"title":"Brooks Canopy Jacket herren - Laufjacke - MioMioRun.com","description":"Begr\u00fc\u00dfen Sie schlechtes Wetter mit dieser Herren-Laufjacke. DriLayer\u00ae-Gewebe widersteht Wind und Regen und kann in eine Tasche gefaltet werden.","robots":{"index":"index","follow":"follow","max-snippet":"max-snippet:-1","max-image-preview":"max-image-preview:large","max-video-preview":"max-video-preview:-1"},"canonical":"https:\/\/www.miomiorun.com\/de\/produkt\/canopy-jacket-herren\/","og_locale":"de_DE","og_type":"article","og_title":"Brooks Canopy Jacket herren - Laufjacke - MioMioRun.com","og_description":"Begr\u00fc\u00dfen Sie schlechtes Wetter mit dieser Herren-Laufjacke. DriLayer\u00ae-Gewebe widersteht Wind und Regen und kann in eine Tasche gefaltet werden.","og_url":"https:\/\/www.miomiorun.com\/de\/produkt\/canopy-jacket-herren\/","og_site_name":"MioMioRun","article_publisher":"https:\/\/www.facebook.com\/miomiorun\/","article_modified_time":"2026-03-24T08:15:43+00:00","og_image":[{"width":600,"height":600,"url":"https:\/\/www.miomiorun.com\/app\/uploads\/2024\/03\/Brooks-canopy-jacket-surge-211385046.jpg","type":"image\/jpeg"}],"twitter_card":"summary_large_image","twitter_misc":{"Est. reading time":"1 minute"},"schema":{"@context":"https:\/\/schema.org","@graph":[{"@type":"WebPage","@id":"https:\/\/www.miomiorun.com\/de\/produkt\/canopy-jacket-herren\/","url":"https:\/\/www.miomiorun.com\/de\/produkt\/canopy-jacket-herren\/","name":"Brooks Canopy Jacket herren - Laufjacke - MioMioRun.com","isPartOf":{"@id":"https:\/\/www.miomiorun.com\/de\/#website"},"primaryImageOfPage":{"@id":"https:\/\/www.miomiorun.com\/de\/produkt\/canopy-jacket-herren\/#primaryimage"},"image":{"@id":"https:\/\/www.miomiorun.com\/de\/produkt\/canopy-jacket-herren\/#primaryimage"},"thumbnailUrl":"https:\/\/www.miomiorun.com\/app\/uploads\/2024\/03\/Brooks-canopy-jacket-surge-211385046.jpg","datePublished":"2020-03-18T14:30:49+00:00","dateModified":"2026-03-24T08:15:43+00:00","description":"Begr\u00fc\u00dfen Sie schlechtes Wetter mit dieser Herren-Laufjacke. DriLayer\u00ae-Gewebe widersteht Wind und Regen und kann in eine Tasche gefaltet werden.","breadcrumb":{"@id":"https:\/\/www.miomiorun.com\/de\/produkt\/canopy-jacket-herren\/#breadcrumb"},"inLanguage":"de-DE","potentialAction":[{"@type":"ReadAction","target":["https:\/\/www.miomiorun.com\/de\/produkt\/canopy-jacket-herren\/"]}]},{"@type":"ImageObject","inLanguage":"de-DE","@id":"https:\/\/www.miomiorun.com\/de\/produkt\/canopy-jacket-herren\/#primaryimage","url":"https:\/\/www.miomiorun.com\/app\/uploads\/2024\/03\/Brooks-canopy-jacket-surge-211385046.jpg","contentUrl":"https:\/\/www.miomiorun.com\/app\/uploads\/2024\/03\/Brooks-canopy-jacket-surge-211385046.jpg","width":600,"height":600,"caption":"Brooks-canopy-jacket-surge-211385046"},{"@type":"BreadcrumbList","@id":"https:\/\/www.miomiorun.com\/de\/produkt\/canopy-jacket-herren\/#breadcrumb","itemListElement":[{"@type":"ListItem","position":1,"name":"Home","item":"https:\/\/www.miomiorun.com\/de\/"},{"@type":"ListItem","position":2,"name":"Shop","item":"https:\/\/www.miomiorun.com\/shop\/"},{"@type":"ListItem","position":3,"name":"Canopy Jacket herren"}]},{"@type":"WebSite","@id":"https:\/\/www.miomiorun.com\/de\/#website","url":"https:\/\/www.miomiorun.com\/de\/","name":"MioMioRun","description":"100% Lauf- und Trailshop","publisher":{"@id":"https:\/\/www.miomiorun.com\/de\/#organization"},"potentialAction":[{"@type":"SearchAction","target":{"@type":"EntryPoint","urlTemplate":"https:\/\/www.miomiorun.com\/de\/?s={search_term_string}"},"query-input":{"@type":"PropertyValueSpecification","valueRequired":true,"valueName":"search_term_string"}}],"inLanguage":"de-DE"},{"@type":"Organization","@id":"https:\/\/www.miomiorun.com\/de\/#organization","name":"MioMio Run","url":"https:\/\/www.miomiorun.com\/de\/","logo":{"@type":"ImageObject","inLanguage":"de-DE","@id":"https:\/\/www.miomiorun.com\/de\/#\/schema\/logo\/image\/","url":"https:\/\/www.miomiorun.com\/app\/uploads\/2019\/12\/logomio.png","contentUrl":"https:\/\/www.miomiorun.com\/app\/uploads\/2019\/12\/logomio.png","width":115,"height":82,"caption":"MioMio Run"},"image":{"@id":"https:\/\/www.miomiorun.com\/de\/#\/schema\/logo\/image\/"},"sameAs":["https:\/\/www.facebook.com\/miomiorun\/","https:\/\/www.instagram.com\/miomiorun\/"]}]}},"_links":{"self":[{"href":"https:\/\/www.miomiorun.com\/de\/wp-json\/wp\/v2\/product\/177152","targetHints":{"allow":["GET"]}}],"collection":[{"href":"https:\/\/www.miomiorun.com\/de\/wp-json\/wp\/v2\/product"}],"about":[{"href":"https:\/\/www.miomiorun.com\/de\/wp-json\/wp\/v2\/types\/product"}],"wp:featuredmedia":[{"embeddable":true,"href":"https:\/\/www.miomiorun.com\/de\/wp-json\/wp\/v2\/media\/161464"}],"wp:attachment":[{"href":"https:\/\/www.miomiorun.com\/de\/wp-json\/wp\/v2\/media?parent=177152"}],"wp:term":[{"taxonomy":"product_brand","embeddable":true,"href":"https:\/\/www.miomiorun.com\/de\/wp-json\/wp\/v2\/product_brand?post=177152"},{"taxonomy":"product_cat","embeddable":true,"href":"https:\/\/www.miomiorun.com\/de\/wp-json\/wp\/v2\/product_cat?post=177152"},{"taxonomy":"product_tag","embeddable":true,"href":"https:\/\/www.miomiorun.com\/de\/wp-json\/wp\/v2\/product_tag?post=177152"}],"curies":[{"name":"wp","href":"https:\/\/api.w.org\/{rel}","templated":true}]}}