{"id":177145,"date":"2020-09-02T10:22:12","date_gmt":"2020-09-02T08:22:12","guid":{"rendered":"https:\/\/miomiorun.com\/prodotto\/craft-lithe-vest-uomo\/"},"modified":"2024-06-04T13:50:31","modified_gmt":"2024-06-04T11:50:31","slug":"lithe-vest-herren","status":"publish","type":"product","link":"https:\/\/www.miomiorun.com\/de\/produkt\/lithe-vest-herren\/","title":{"rendered":"Lithe Vest herren"},"content":{"rendered":"<p>Ultraleichte Weste mit winddichter Vorderseite und elastischem Netzgewebe auf der R\u00fcckseite.<\/p>\n<p>Mit der ultraleichten <strong>Lithe-Weste<\/strong> (37 g\/m\u00b2) in der R\u00fcckentasche sind Sie immer bereit, sich schnell an wechselnde Wetterbedingungen anzupassen. Die Weste hat eine winddichte Vorderseite und ein elastisches Netzgewebe auf der R\u00fcckseite f\u00fcr optimale Bel\u00fcftung. Reflektierender Aufdruck auf Vorder- und R\u00fcckseite. L\u00e4sst sich leicht in der R\u00fcckentasche des Trikots verstauen.<\/p>\n<ul>\n<li>Ultraleichtes Gewebe, 37 g\/m\u00b2<\/li>\n<li>Winddichtes und DWR-behandeltes Material<\/li>\n<li>Geb\u00fcrstetes Fleece im Nacken<\/li>\n<li>Gummizug am unteren Saum<\/li>\n<\/ul>\n<p>&nbsp;<\/p>\n<h3>Eigenschaften des Produkts<\/h3>\n<p><strong>Stoff<\/strong><\/p>\n<p>Stoff 1: 100% Polyester Stoff 2: 90% Polyamid 10% Elastan<\/p>\n<p><strong>Windschutz<\/strong><\/p>\n<p>Winddichtes Material, das Sie bei k\u00fchlen und windigen Bedingungen warm h\u00e4lt.<\/p>\n<p><strong>Wasserabweisend<\/strong><\/p>\n<p>Wasserabweisendes Material, das Sie bei leichtem Regen und nassen Bedingungen trocken h\u00e4lt.<\/p>\n<p><strong>Packbar<\/strong><\/p>\n<p>L\u00e4sst sich auf Reisen leicht verpacken und in kleinen Taschen verstauen.<\/p>\n<p>&nbsp;<\/p>\n","protected":false},"excerpt":{"rendered":"<p>Ultraleichte Weste mit winddichter Vorderseite und elastischem Netzgewebe auf der R\u00fcckseite. Mit der ultraleichten Lithe-Weste (37 g\/m\u00b2) in der R\u00fcckentasche sind Sie immer bereit, sich schnell an wechselnde Wetterbedingungen anzupassen. Die Weste hat eine winddichte Vorderseite und ein elastisches Netzgewebe auf der R\u00fcckseite f\u00fcr optimale Bel\u00fcftung. Reflektierender Aufdruck auf Vorder- und R\u00fcckseite. L\u00e4sst sich leicht &hellip; <a href=\"https:\/\/www.miomiorun.com\/de\/produkt\/lithe-vest-herren\/\">Continued<\/a><\/p>\n","protected":false},"featured_media":52812,"template":"","meta":{"_acf_changed":false,"inline_featured_image":false},"product_brand":[],"product_cat":[6515,6540,6512],"product_tag":[6304,6234],"class_list":{"0":"post-177145","1":"product","2":"type-product","3":"status-publish","4":"has-post-thumbnail","6":"product_cat-herren-de","7":"product_cat-herrenbekleidung","8":"product_cat-jacken","9":"product_tag-craft-de","10":"product_tag-craft-herren-de","11":"pa_attivita-gehen","12":"pa_attivita-running-de","13":"pa_marca-craft-de","14":"pa_sesso-herren","15":"pa_size-medium-de","17":"first","18":"instock","19":"taxable","20":"shipping-taxable","21":"purchasable","22":"product-type-variable","23":"wvs-archive-product-wrapper"},"acf":[],"yoast_head":"<!-- This site is optimized with the Yoast SEO plugin v26.8 - https:\/\/yoast.com\/product\/yoast-seo-wordpress\/ -->\n<title>CraftLithe Vest herren - Laufjacke - MioMioRun.com<\/title>\n<meta name=\"description\" content=\"Mit der ultraleichten Lithe-Weste in der R\u00fcckentasche sind Sie immer bereit, sich schnell an wechselnde Wetterbedingungen anzupassen.\" \/>\n<meta name=\"robots\" content=\"index, follow, max-snippet:-1, max-image-preview:large, max-video-preview:-1\" \/>\n<link rel=\"canonical\" href=\"https:\/\/www.miomiorun.com\/de\/produkt\/lithe-vest-herren\/\" \/>\n<meta property=\"og:locale\" content=\"de_DE\" \/>\n<meta property=\"og:type\" content=\"article\" \/>\n<meta property=\"og:title\" content=\"CraftLithe Vest herren - Laufjacke - MioMioRun.com\" \/>\n<meta property=\"og:description\" content=\"Mit der ultraleichten Lithe-Weste in der R\u00fcckentasche sind Sie immer bereit, sich schnell an wechselnde Wetterbedingungen anzupassen.\" \/>\n<meta property=\"og:url\" content=\"https:\/\/www.miomiorun.com\/de\/produkt\/lithe-vest-herren\/\" \/>\n<meta property=\"og:site_name\" content=\"MioMioRun\" \/>\n<meta property=\"article:publisher\" content=\"https:\/\/www.facebook.com\/miomiorun\/\" \/>\n<meta property=\"article:modified_time\" content=\"2024-06-04T11:50:31+00:00\" \/>\n<meta property=\"og:image\" content=\"https:\/\/www.miomiorun.com\/app\/uploads\/2020\/09\/Lithe-vest-flumino-1906087-851999.jpg\" \/>\n\t<meta property=\"og:image:width\" content=\"600\" \/>\n\t<meta property=\"og:image:height\" content=\"600\" \/>\n\t<meta property=\"og:image:type\" content=\"image\/jpeg\" \/>\n<meta name=\"twitter:card\" content=\"summary_large_image\" \/>\n<meta name=\"twitter:label1\" content=\"Est. reading time\" \/>\n\t<meta name=\"twitter:data1\" content=\"1 minute\" \/>\n<script type=\"application\/ld+json\" class=\"yoast-schema-graph\">{\"@context\":\"https:\/\/schema.org\",\"@graph\":[{\"@type\":\"WebPage\",\"@id\":\"https:\/\/www.miomiorun.com\/de\/produkt\/lithe-vest-herren\/\",\"url\":\"https:\/\/www.miomiorun.com\/de\/produkt\/lithe-vest-herren\/\",\"name\":\"CraftLithe Vest herren - Laufjacke - MioMioRun.com\",\"isPartOf\":{\"@id\":\"https:\/\/www.miomiorun.com\/de\/#website\"},\"primaryImageOfPage\":{\"@id\":\"https:\/\/www.miomiorun.com\/de\/produkt\/lithe-vest-herren\/#primaryimage\"},\"image\":{\"@id\":\"https:\/\/www.miomiorun.com\/de\/produkt\/lithe-vest-herren\/#primaryimage\"},\"thumbnailUrl\":\"https:\/\/www.miomiorun.com\/app\/uploads\/2020\/09\/Lithe-vest-flumino-1906087-851999.jpg\",\"datePublished\":\"2020-09-02T08:22:12+00:00\",\"dateModified\":\"2024-06-04T11:50:31+00:00\",\"description\":\"Mit der ultraleichten Lithe-Weste in der R\u00fcckentasche sind Sie immer bereit, sich schnell an wechselnde Wetterbedingungen anzupassen.\",\"breadcrumb\":{\"@id\":\"https:\/\/www.miomiorun.com\/de\/produkt\/lithe-vest-herren\/#breadcrumb\"},\"inLanguage\":\"de-DE\",\"potentialAction\":[{\"@type\":\"ReadAction\",\"target\":[\"https:\/\/www.miomiorun.com\/de\/produkt\/lithe-vest-herren\/\"]}]},{\"@type\":\"ImageObject\",\"inLanguage\":\"de-DE\",\"@id\":\"https:\/\/www.miomiorun.com\/de\/produkt\/lithe-vest-herren\/#primaryimage\",\"url\":\"https:\/\/www.miomiorun.com\/app\/uploads\/2020\/09\/Lithe-vest-flumino-1906087-851999.jpg\",\"contentUrl\":\"https:\/\/www.miomiorun.com\/app\/uploads\/2020\/09\/Lithe-vest-flumino-1906087-851999.jpg\",\"width\":600,\"height\":600,\"caption\":\"Lithe-vest-flumino-1906087-851999\"},{\"@type\":\"BreadcrumbList\",\"@id\":\"https:\/\/www.miomiorun.com\/de\/produkt\/lithe-vest-herren\/#breadcrumb\",\"itemListElement\":[{\"@type\":\"ListItem\",\"position\":1,\"name\":\"Home\",\"item\":\"https:\/\/www.miomiorun.com\/de\/\"},{\"@type\":\"ListItem\",\"position\":2,\"name\":\"Shop\",\"item\":\"https:\/\/www.miomiorun.com\/shop\/\"},{\"@type\":\"ListItem\",\"position\":3,\"name\":\"Lithe Vest herren\"}]},{\"@type\":\"WebSite\",\"@id\":\"https:\/\/www.miomiorun.com\/de\/#website\",\"url\":\"https:\/\/www.miomiorun.com\/de\/\",\"name\":\"MioMioRun\",\"description\":\"100% Lauf- und Trailshop\",\"publisher\":{\"@id\":\"https:\/\/www.miomiorun.com\/de\/#organization\"},\"potentialAction\":[{\"@type\":\"SearchAction\",\"target\":{\"@type\":\"EntryPoint\",\"urlTemplate\":\"https:\/\/www.miomiorun.com\/de\/?s={search_term_string}\"},\"query-input\":{\"@type\":\"PropertyValueSpecification\",\"valueRequired\":true,\"valueName\":\"search_term_string\"}}],\"inLanguage\":\"de-DE\"},{\"@type\":\"Organization\",\"@id\":\"https:\/\/www.miomiorun.com\/de\/#organization\",\"name\":\"MioMio Run\",\"url\":\"https:\/\/www.miomiorun.com\/de\/\",\"logo\":{\"@type\":\"ImageObject\",\"inLanguage\":\"de-DE\",\"@id\":\"https:\/\/www.miomiorun.com\/de\/#\/schema\/logo\/image\/\",\"url\":\"https:\/\/www.miomiorun.com\/app\/uploads\/2019\/12\/logomio.png\",\"contentUrl\":\"https:\/\/www.miomiorun.com\/app\/uploads\/2019\/12\/logomio.png\",\"width\":115,\"height\":82,\"caption\":\"MioMio Run\"},\"image\":{\"@id\":\"https:\/\/www.miomiorun.com\/de\/#\/schema\/logo\/image\/\"},\"sameAs\":[\"https:\/\/www.facebook.com\/miomiorun\/\",\"https:\/\/www.instagram.com\/miomiorun\/\"]}]}<\/script>\n<!-- \/ Yoast SEO plugin. -->","yoast_head_json":{"title":"CraftLithe Vest herren - Laufjacke - MioMioRun.com","description":"Mit der ultraleichten Lithe-Weste in der R\u00fcckentasche sind Sie immer bereit, sich schnell an wechselnde Wetterbedingungen anzupassen.","robots":{"index":"index","follow":"follow","max-snippet":"max-snippet:-1","max-image-preview":"max-image-preview:large","max-video-preview":"max-video-preview:-1"},"canonical":"https:\/\/www.miomiorun.com\/de\/produkt\/lithe-vest-herren\/","og_locale":"de_DE","og_type":"article","og_title":"CraftLithe Vest herren - Laufjacke - MioMioRun.com","og_description":"Mit der ultraleichten Lithe-Weste in der R\u00fcckentasche sind Sie immer bereit, sich schnell an wechselnde Wetterbedingungen anzupassen.","og_url":"https:\/\/www.miomiorun.com\/de\/produkt\/lithe-vest-herren\/","og_site_name":"MioMioRun","article_publisher":"https:\/\/www.facebook.com\/miomiorun\/","article_modified_time":"2024-06-04T11:50:31+00:00","og_image":[{"width":600,"height":600,"url":"https:\/\/www.miomiorun.com\/app\/uploads\/2020\/09\/Lithe-vest-flumino-1906087-851999.jpg","type":"image\/jpeg"}],"twitter_card":"summary_large_image","twitter_misc":{"Est. reading time":"1 minute"},"schema":{"@context":"https:\/\/schema.org","@graph":[{"@type":"WebPage","@id":"https:\/\/www.miomiorun.com\/de\/produkt\/lithe-vest-herren\/","url":"https:\/\/www.miomiorun.com\/de\/produkt\/lithe-vest-herren\/","name":"CraftLithe Vest herren - Laufjacke - MioMioRun.com","isPartOf":{"@id":"https:\/\/www.miomiorun.com\/de\/#website"},"primaryImageOfPage":{"@id":"https:\/\/www.miomiorun.com\/de\/produkt\/lithe-vest-herren\/#primaryimage"},"image":{"@id":"https:\/\/www.miomiorun.com\/de\/produkt\/lithe-vest-herren\/#primaryimage"},"thumbnailUrl":"https:\/\/www.miomiorun.com\/app\/uploads\/2020\/09\/Lithe-vest-flumino-1906087-851999.jpg","datePublished":"2020-09-02T08:22:12+00:00","dateModified":"2024-06-04T11:50:31+00:00","description":"Mit der ultraleichten Lithe-Weste in der R\u00fcckentasche sind Sie immer bereit, sich schnell an wechselnde Wetterbedingungen anzupassen.","breadcrumb":{"@id":"https:\/\/www.miomiorun.com\/de\/produkt\/lithe-vest-herren\/#breadcrumb"},"inLanguage":"de-DE","potentialAction":[{"@type":"ReadAction","target":["https:\/\/www.miomiorun.com\/de\/produkt\/lithe-vest-herren\/"]}]},{"@type":"ImageObject","inLanguage":"de-DE","@id":"https:\/\/www.miomiorun.com\/de\/produkt\/lithe-vest-herren\/#primaryimage","url":"https:\/\/www.miomiorun.com\/app\/uploads\/2020\/09\/Lithe-vest-flumino-1906087-851999.jpg","contentUrl":"https:\/\/www.miomiorun.com\/app\/uploads\/2020\/09\/Lithe-vest-flumino-1906087-851999.jpg","width":600,"height":600,"caption":"Lithe-vest-flumino-1906087-851999"},{"@type":"BreadcrumbList","@id":"https:\/\/www.miomiorun.com\/de\/produkt\/lithe-vest-herren\/#breadcrumb","itemListElement":[{"@type":"ListItem","position":1,"name":"Home","item":"https:\/\/www.miomiorun.com\/de\/"},{"@type":"ListItem","position":2,"name":"Shop","item":"https:\/\/www.miomiorun.com\/shop\/"},{"@type":"ListItem","position":3,"name":"Lithe Vest herren"}]},{"@type":"WebSite","@id":"https:\/\/www.miomiorun.com\/de\/#website","url":"https:\/\/www.miomiorun.com\/de\/","name":"MioMioRun","description":"100% Lauf- und Trailshop","publisher":{"@id":"https:\/\/www.miomiorun.com\/de\/#organization"},"potentialAction":[{"@type":"SearchAction","target":{"@type":"EntryPoint","urlTemplate":"https:\/\/www.miomiorun.com\/de\/?s={search_term_string}"},"query-input":{"@type":"PropertyValueSpecification","valueRequired":true,"valueName":"search_term_string"}}],"inLanguage":"de-DE"},{"@type":"Organization","@id":"https:\/\/www.miomiorun.com\/de\/#organization","name":"MioMio Run","url":"https:\/\/www.miomiorun.com\/de\/","logo":{"@type":"ImageObject","inLanguage":"de-DE","@id":"https:\/\/www.miomiorun.com\/de\/#\/schema\/logo\/image\/","url":"https:\/\/www.miomiorun.com\/app\/uploads\/2019\/12\/logomio.png","contentUrl":"https:\/\/www.miomiorun.com\/app\/uploads\/2019\/12\/logomio.png","width":115,"height":82,"caption":"MioMio Run"},"image":{"@id":"https:\/\/www.miomiorun.com\/de\/#\/schema\/logo\/image\/"},"sameAs":["https:\/\/www.facebook.com\/miomiorun\/","https:\/\/www.instagram.com\/miomiorun\/"]}]}},"_links":{"self":[{"href":"https:\/\/www.miomiorun.com\/de\/wp-json\/wp\/v2\/product\/177145","targetHints":{"allow":["GET"]}}],"collection":[{"href":"https:\/\/www.miomiorun.com\/de\/wp-json\/wp\/v2\/product"}],"about":[{"href":"https:\/\/www.miomiorun.com\/de\/wp-json\/wp\/v2\/types\/product"}],"wp:featuredmedia":[{"embeddable":true,"href":"https:\/\/www.miomiorun.com\/de\/wp-json\/wp\/v2\/media\/52812"}],"wp:attachment":[{"href":"https:\/\/www.miomiorun.com\/de\/wp-json\/wp\/v2\/media?parent=177145"}],"wp:term":[{"taxonomy":"product_brand","embeddable":true,"href":"https:\/\/www.miomiorun.com\/de\/wp-json\/wp\/v2\/product_brand?post=177145"},{"taxonomy":"product_cat","embeddable":true,"href":"https:\/\/www.miomiorun.com\/de\/wp-json\/wp\/v2\/product_cat?post=177145"},{"taxonomy":"product_tag","embeddable":true,"href":"https:\/\/www.miomiorun.com\/de\/wp-json\/wp\/v2\/product_tag?post=177145"}],"curies":[{"name":"wp","href":"https:\/\/api.w.org\/{rel}","templated":true}]}}